{"id":41546,"date":"2021-02-22T17:05:18","date_gmt":"2023-06-05T14:56:16","guid":{"rendered":"https:\/\/cardinal.pixel-tal.de\/klebebaender\/sin categor\u00eda\/sistema-de-cinta-adhesiva-relink-1300\/"},"modified":"2023-06-05T16:56:16","modified_gmt":"2023-06-05T14:56:16","slug":"sistema-de-cinta-adhesiva-relink-1300","status":"publish","type":"product","link":"https:\/\/cardinal-tapes.com\/es\/cintas-adhesivas\/cintas-adhesivas-de-doble-cara\/sistema-de-cinta-adhesiva-relink-1300\/","title":{"rendered":"Sistema de cinta adhesiva ReLink 1300"},"content":{"rendered":"<p><strong><span style=\"color: #0000ff;\"><span style=\"color: #000080;\">ReLink 1300 es un sistema de cinta con dos caras adhesivas diferentes.<\/span><\/span><\/strong><\/p>\n<div>\n<div class=\"page\" title=\"P\u00e1gina 1\">\n<div class=\"section\">\n<div class=\"layoutArea\">\n<div class=\"column\">\n<div class=\"page\" title=\"P\u00e1gina 1\">\n<div class=\"section\">\n<div class=\"layoutArea\">\n<div class=\"column\">\n<p>Incluso para un pegado de larga duraci\u00f3n, la cara d\u00e9bilmente adhesiva garantiza una eliminaci\u00f3n sin residuos, mientras que la cara fuertemente adhesiva garantiza una adhesi\u00f3n \u00f3ptima en superficies lisas.<\/p>\n<\/div>\n<\/div>\n<\/div>\n<\/div>\n<\/div>\n<\/div>\n<\/div>\n<\/div>\n<\/div>\n","protected":false},"excerpt":{"rendered":"<p>ReLink 1300 es un sistema de cinta con dos caras adhesivas diferentes. Incluso para un pegado de larga duraci\u00f3n, la cara d\u00e9bilmente adhesiva garantiza una eliminaci\u00f3n sin residuos, mientras que la cara fuertemente adhesiva garantiza una adhesi\u00f3n \u00f3ptima en superficies lisas.<\/p>\n","protected":false},"featured_media":0,"template":"","meta":{"_acf_changed":false},"pwb-brand":[2592,2485],"product_brand":[],"product_cat":[1804],"product_tag":[],"class_list":{"0":"post-41546","1":"product","2":"type-product","3":"status-publish","5":"pwb-brand-biolink-es","6":"pwb-brand-saint-gobain-es","7":"product_cat-cintas-adhesivas-de-doble-cara","9":"first","10":"instock","11":"taxable","12":"shipping-taxable","13":"product-type-variable"},"acf":[],"yoast_head":"<!-- This site is optimized with the Yoast SEO plugin v27.3 - https:\/\/yoast.com\/product\/yoast-seo-wordpress\/ -->\n<title>Sistema de cinta ReLink 1300 | Cardinal TAPES<\/title>\n<meta name=\"description\" content=\"Incluso para un pegado de larga duraci\u00f3n, la cara d\u00e9bilmente adhesiva garantiza una eliminaci\u00f3n sin residuos, mientras que la cara fuertemente adhesiva garantiza una adhesi\u00f3n \u00f3ptima en superficies lisas.\" \/>\n<meta name=\"robots\" content=\"index, follow, max-snippet:-1, max-image-preview:large, max-video-preview:-1\" \/>\n<link rel=\"canonical\" href=\"https:\/\/cardinal-tapes.com\/es\/cintas-adhesivas\/cintas-adhesivas-de-doble-cara\/sistema-de-cinta-adhesiva-relink-1300\/\" \/>\n<meta property=\"og:locale\" content=\"es_ES\" \/>\n<meta property=\"og:type\" content=\"article\" \/>\n<meta property=\"og:title\" content=\"Sistema de cinta ReLink 1300 | Cardinal TAPES\" \/>\n<meta property=\"og:description\" content=\"Incluso para un pegado de larga duraci\u00f3n, la cara d\u00e9bilmente adhesiva garantiza una eliminaci\u00f3n sin residuos, mientras que la cara fuertemente adhesiva garantiza una adhesi\u00f3n \u00f3ptima en superficies lisas.\" \/>\n<meta property=\"og:url\" content=\"https:\/\/cardinal-tapes.com\/es\/cintas-adhesivas\/cintas-adhesivas-de-doble-cara\/sistema-de-cinta-adhesiva-relink-1300\/\" \/>\n<meta property=\"og:site_name\" content=\"cardinal TAPES\" \/>\n<meta name=\"twitter:card\" content=\"summary_large_image\" \/>\n<script type=\"application\/ld+json\" class=\"yoast-schema-graph\">{\"@context\":\"https:\\\/\\\/schema.org\",\"@graph\":[{\"@type\":\"WebPage\",\"@id\":\"https:\\\/\\\/cardinal-tapes.com\\\/es\\\/cintas-adhesivas\\\/cintas-adhesivas-de-doble-cara\\\/sistema-de-cinta-adhesiva-relink-1300\\\/\",\"url\":\"https:\\\/\\\/cardinal-tapes.com\\\/es\\\/cintas-adhesivas\\\/cintas-adhesivas-de-doble-cara\\\/sistema-de-cinta-adhesiva-relink-1300\\\/\",\"name\":\"Sistema de cinta ReLink 1300 | Cardinal TAPES\",\"isPartOf\":{\"@id\":\"https:\\\/\\\/cardinal-tapes.com\\\/#website\"},\"datePublished\":\"2023-06-05T14:56:16+00:00\",\"description\":\"Incluso para un pegado de larga duraci\u00f3n, la cara d\u00e9bilmente adhesiva garantiza una eliminaci\u00f3n sin residuos, mientras que la cara fuertemente adhesiva garantiza una adhesi\u00f3n \u00f3ptima en superficies lisas.\",\"breadcrumb\":{\"@id\":\"https:\\\/\\\/cardinal-tapes.com\\\/es\\\/cintas-adhesivas\\\/cintas-adhesivas-de-doble-cara\\\/sistema-de-cinta-adhesiva-relink-1300\\\/#breadcrumb\"},\"inLanguage\":\"es\",\"potentialAction\":[{\"@type\":\"ReadAction\",\"target\":[\"https:\\\/\\\/cardinal-tapes.com\\\/es\\\/cintas-adhesivas\\\/cintas-adhesivas-de-doble-cara\\\/sistema-de-cinta-adhesiva-relink-1300\\\/\"]}]},{\"@type\":\"BreadcrumbList\",\"@id\":\"https:\\\/\\\/cardinal-tapes.com\\\/es\\\/cintas-adhesivas\\\/cintas-adhesivas-de-doble-cara\\\/sistema-de-cinta-adhesiva-relink-1300\\\/#breadcrumb\",\"itemListElement\":[{\"@type\":\"ListItem\",\"position\":1,\"name\":\"Startseite\",\"item\":\"https:\\\/\\\/cardinal-tapes.com\\\/es\\\/\"},{\"@type\":\"ListItem\",\"position\":2,\"name\":\"Cintas adhesivas\",\"item\":\"https:\\\/\\\/cardinal-tapes.com\\\/es\\\/cintas-adhesivas-es\\\/\"},{\"@type\":\"ListItem\",\"position\":3,\"name\":\"Cintas adhesivas de doble cara\",\"item\":\"https:\\\/\\\/cardinal-tapes.com\\\/es\\\/categora\\\/cintas-adhesivas-de-doble-cara\\\/\"},{\"@type\":\"ListItem\",\"position\":4,\"name\":\"Sistema de cinta adhesiva ReLink 1300\"}]},{\"@type\":\"WebSite\",\"@id\":\"https:\\\/\\\/cardinal-tapes.com\\\/#website\",\"url\":\"https:\\\/\\\/cardinal-tapes.com\\\/\",\"name\":\"cardinal TAPES\",\"description\":\"Klebetechnik aus Wuppertal\",\"potentialAction\":[{\"@type\":\"SearchAction\",\"target\":{\"@type\":\"EntryPoint\",\"urlTemplate\":\"https:\\\/\\\/cardinal-tapes.com\\\/?s={search_term_string}\"},\"query-input\":{\"@type\":\"PropertyValueSpecification\",\"valueRequired\":true,\"valueName\":\"search_term_string\"}}],\"inLanguage\":\"es\"}]}<\/script>\n<!-- \/ Yoast SEO plugin. -->","yoast_head_json":{"title":"Sistema de cinta ReLink 1300 | Cardinal TAPES","description":"Incluso para un pegado de larga duraci\u00f3n, la cara d\u00e9bilmente adhesiva garantiza una eliminaci\u00f3n sin residuos, mientras que la cara fuertemente adhesiva garantiza una adhesi\u00f3n \u00f3ptima en superficies lisas.","robots":{"index":"index","follow":"follow","max-snippet":"max-snippet:-1","max-image-preview":"max-image-preview:large","max-video-preview":"max-video-preview:-1"},"canonical":"https:\/\/cardinal-tapes.com\/es\/cintas-adhesivas\/cintas-adhesivas-de-doble-cara\/sistema-de-cinta-adhesiva-relink-1300\/","og_locale":"es_ES","og_type":"article","og_title":"Sistema de cinta ReLink 1300 | Cardinal TAPES","og_description":"Incluso para un pegado de larga duraci\u00f3n, la cara d\u00e9bilmente adhesiva garantiza una eliminaci\u00f3n sin residuos, mientras que la cara fuertemente adhesiva garantiza una adhesi\u00f3n \u00f3ptima en superficies lisas.","og_url":"https:\/\/cardinal-tapes.com\/es\/cintas-adhesivas\/cintas-adhesivas-de-doble-cara\/sistema-de-cinta-adhesiva-relink-1300\/","og_site_name":"cardinal TAPES","twitter_card":"summary_large_image","schema":{"@context":"https:\/\/schema.org","@graph":[{"@type":"WebPage","@id":"https:\/\/cardinal-tapes.com\/es\/cintas-adhesivas\/cintas-adhesivas-de-doble-cara\/sistema-de-cinta-adhesiva-relink-1300\/","url":"https:\/\/cardinal-tapes.com\/es\/cintas-adhesivas\/cintas-adhesivas-de-doble-cara\/sistema-de-cinta-adhesiva-relink-1300\/","name":"Sistema de cinta ReLink 1300 | Cardinal TAPES","isPartOf":{"@id":"https:\/\/cardinal-tapes.com\/#website"},"datePublished":"2023-06-05T14:56:16+00:00","description":"Incluso para un pegado de larga duraci\u00f3n, la cara d\u00e9bilmente adhesiva garantiza una eliminaci\u00f3n sin residuos, mientras que la cara fuertemente adhesiva garantiza una adhesi\u00f3n \u00f3ptima en superficies lisas.","breadcrumb":{"@id":"https:\/\/cardinal-tapes.com\/es\/cintas-adhesivas\/cintas-adhesivas-de-doble-cara\/sistema-de-cinta-adhesiva-relink-1300\/#breadcrumb"},"inLanguage":"es","potentialAction":[{"@type":"ReadAction","target":["https:\/\/cardinal-tapes.com\/es\/cintas-adhesivas\/cintas-adhesivas-de-doble-cara\/sistema-de-cinta-adhesiva-relink-1300\/"]}]},{"@type":"BreadcrumbList","@id":"https:\/\/cardinal-tapes.com\/es\/cintas-adhesivas\/cintas-adhesivas-de-doble-cara\/sistema-de-cinta-adhesiva-relink-1300\/#breadcrumb","itemListElement":[{"@type":"ListItem","position":1,"name":"Startseite","item":"https:\/\/cardinal-tapes.com\/es\/"},{"@type":"ListItem","position":2,"name":"Cintas adhesivas","item":"https:\/\/cardinal-tapes.com\/es\/cintas-adhesivas-es\/"},{"@type":"ListItem","position":3,"name":"Cintas adhesivas de doble cara","item":"https:\/\/cardinal-tapes.com\/es\/categora\/cintas-adhesivas-de-doble-cara\/"},{"@type":"ListItem","position":4,"name":"Sistema de cinta adhesiva ReLink 1300"}]},{"@type":"WebSite","@id":"https:\/\/cardinal-tapes.com\/#website","url":"https:\/\/cardinal-tapes.com\/","name":"cardinal TAPES","description":"Klebetechnik aus Wuppertal","potentialAction":[{"@type":"SearchAction","target":{"@type":"EntryPoint","urlTemplate":"https:\/\/cardinal-tapes.com\/?s={search_term_string}"},"query-input":{"@type":"PropertyValueSpecification","valueRequired":true,"valueName":"search_term_string"}}],"inLanguage":"es"}]}},"brands":[{"id":2592,"name":"Saint-Gobain Biolink","slug":"biolink-es"},{"id":2485,"name":"Saint-Gobain Performance Plastics","slug":"saint-gobain-es"}],"_links":{"self":[{"href":"https:\/\/cardinal-tapes.com\/es\/wp-json\/wp\/v2\/product\/41546","targetHints":{"allow":["GET"]}}],"collection":[{"href":"https:\/\/cardinal-tapes.com\/es\/wp-json\/wp\/v2\/product"}],"about":[{"href":"https:\/\/cardinal-tapes.com\/es\/wp-json\/wp\/v2\/types\/product"}],"wp:attachment":[{"href":"https:\/\/cardinal-tapes.com\/es\/wp-json\/wp\/v2\/media?parent=41546"}],"wp:term":[{"taxonomy":"pwb-brand","embeddable":true,"href":"https:\/\/cardinal-tapes.com\/es\/wp-json\/wp\/v2\/pwb-brand?post=41546"},{"taxonomy":"product_brand","embeddable":true,"href":"https:\/\/cardinal-tapes.com\/es\/wp-json\/wp\/v2\/product_brand?post=41546"},{"taxonomy":"product_cat","embeddable":true,"href":"https:\/\/cardinal-tapes.com\/es\/wp-json\/wp\/v2\/product_cat?post=41546"},{"taxonomy":"product_tag","embeddable":true,"href":"https:\/\/cardinal-tapes.com\/es\/wp-json\/wp\/v2\/product_tag?post=41546"}],"curies":[{"name":"wp","href":"https:\/\/api.w.org\/{rel}","templated":true}]}}