{"id":41509,"date":"2021-06-16T11:11:05","date_gmt":"2023-06-05T14:56:15","guid":{"rendered":"https:\/\/cardinal.pixel-tal.de\/klebebaender\/sin%20categor\u00eda\/proteccion-de-superficies-tesa-4414-pe\/"},"modified":"2025-07-02T12:56:42","modified_gmt":"2025-07-02T10:56:42","slug":"tesa-4414-pe-proteccion-superficie","status":"publish","type":"product","link":"https:\/\/cardinal-tapes.com\/es\/cintas-adhesivas\/ambitos-de-aplicacion\/produccion-transformacion-del-aluminio\/tesa-4414-pe-proteccion-superficie\/","title":{"rendered":"Protecci\u00f3n de superficies tesa\u00ae 4414 PE"},"content":{"rendered":"<p><sup>tesa\u00ae<\/sup> 4414 est\u00e1 formado por un soporte de PE estabilizado a los rayos UV y un compuesto acr\u00edlico fuertemente adhesivo y removible. El color azul transl\u00facido proporciona un buen contraste con las superficies y facilita el reconocimiento de la cinta. La excelente estabilidad a largo plazo en el exterior, de hasta 6 meses, tambi\u00e9n permite una retirada limpia.<\/p>\n<p><strong>Propiedades<\/strong><br \/>\n&#8211; Alta adhesi\u00f3n inicial<br \/>\n&#8211; Se puede retirar sin dejar residuos hasta 6 meses en exteriores<br \/>\n&#8211; Alta resistencia a la abrasi\u00f3n y protecci\u00f3n frente a esfuerzos mec\u00e1nicos<br \/>\n&#8211; Buena visibilidad de la cinta adhesiva gracias al color azul transl\u00facido del soporte<br \/>\n&#8211; Resistencia a la temperatura de hasta 70\u00b0C \/ 1 hora<br \/>\n&#8211; F\u00e1cil manipulaci\u00f3n<\/p>\n<p><b>Aplicaciones<\/b><br \/>\n&#8211; Para cubrir y proteger temporalmente superficies revestidas como aluminio, metal, vidrio y otros sustratos<br \/>\ndurante el montaje, almacenamiento y transporte.<br \/>\n&#8211; Adecuado para aplicaciones de pintura con secado posterior en horno hasta 70\u00b0C.<\/p>\n<div style=\"width: 1280px;\" class=\"wp-video\"><video class=\"wp-video-shortcode\" id=\"video-41509-1\" width=\"1280\" height=\"720\" preload=\"metadata\" controls=\"controls\"><source type=\"video\/mp4\" src=\"https:\/\/cardinal-tapes.com\/wp-content\/uploads\/video-4414-final-1920x1080-210421-high-resolution_9024193_73690178.mp4?_=1\" \/><a href=\"https:\/\/cardinal-tapes.com\/wp-content\/uploads\/video-4414-final-1920x1080-210421-high-resolution_9024193_73690178.mp4\">https:\/\/cardinal-tapes.com\/wp-content\/uploads\/video-4414-final-1920x1080-210421-high-resolution_9024193_73690178.mp4<\/a><\/video><\/div>\n","protected":false},"excerpt":{"rendered":"<p>tesa\u00ae 4414 est\u00e1 formado por un soporte de PE estabilizado a los rayos UV y un compuesto acr\u00edlico fuertemente adhesivo y removible. El color azul transl\u00facido proporciona un buen contraste con las superficies y facilita el reconocimiento de la cinta. La excelente estabilidad a largo plazo en el exterior, de hasta 6 meses, tambi\u00e9n permite [&hellip;]<\/p>\n","protected":false},"featured_media":28691,"template":"","meta":{"_acf_changed":false},"pwb-brand":[2163],"product_brand":[],"product_cat":[1695,1806],"product_tag":[],"class_list":{"0":"post-41509","1":"product","2":"type-product","3":"status-publish","4":"has-post-thumbnail","6":"pwb-brand-tesa-es","7":"product_cat-produccion-transformacion-del-aluminio","8":"product_cat-cintas-adhesivas-de-una-cara","10":"first","11":"instock","12":"taxable","13":"shipping-taxable","14":"purchasable","15":"product-type-variable"},"acf":[],"yoast_head":"<!-- This site is optimized with the Yoast SEO plugin v27.3 - https:\/\/yoast.com\/product\/yoast-seo-wordpress\/ -->\n<title>tesa\u00ae 4414 PE Protecci\u00f3n de superficies| CINTAS Cardinales<\/title>\n<meta name=\"description\" content=\"tesa\u00ae 4414 est\u00e1 formado por un soporte de PE estabilizado a los rayos UV y un compuesto acr\u00edlico altamente adhesivo y removible.\" \/>\n<meta name=\"robots\" content=\"index, follow, max-snippet:-1, max-image-preview:large, max-video-preview:-1\" \/>\n<link rel=\"canonical\" href=\"https:\/\/cardinal-tapes.com\/es\/cintas-adhesivas\/ambitos-de-aplicacion\/produccion-transformacion-del-aluminio\/tesa-4414-pe-proteccion-superficie\/\" \/>\n<meta property=\"og:locale\" content=\"es_ES\" \/>\n<meta property=\"og:type\" content=\"article\" \/>\n<meta property=\"og:title\" content=\"tesa\u00ae 4414 PE Protecci\u00f3n de superficies| CINTAS Cardinales\" \/>\n<meta property=\"og:description\" content=\"tesa\u00ae 4414 est\u00e1 formado por un soporte de PE estabilizado a los rayos UV y un compuesto acr\u00edlico altamente adhesivo y removible.\" \/>\n<meta property=\"og:url\" content=\"https:\/\/cardinal-tapes.com\/es\/cintas-adhesivas\/ambitos-de-aplicacion\/produccion-transformacion-del-aluminio\/tesa-4414-pe-proteccion-superficie\/\" \/>\n<meta property=\"og:site_name\" content=\"cardinal TAPES\" \/>\n<meta property=\"article:modified_time\" content=\"2025-07-02T10:56:42+00:00\" \/>\n<meta property=\"og:image\" content=\"https:\/\/cardinal-tapes.com\/wp-content\/uploads\/4414.jpg\" \/>\n\t<meta property=\"og:image:width\" content=\"582\" \/>\n\t<meta property=\"og:image:height\" content=\"582\" \/>\n\t<meta property=\"og:image:type\" content=\"image\/jpeg\" \/>\n<meta name=\"twitter:card\" content=\"summary_large_image\" \/>\n<meta name=\"twitter:label1\" content=\"Tiempo de lectura\" \/>\n\t<meta name=\"twitter:data1\" content=\"1 minuto\" \/>\n<script type=\"application\/ld+json\" class=\"yoast-schema-graph\">{\"@context\":\"https:\\\/\\\/schema.org\",\"@graph\":[{\"@type\":\"WebPage\",\"@id\":\"https:\\\/\\\/cardinal-tapes.com\\\/es\\\/cintas-adhesivas\\\/ambitos-de-aplicacion\\\/produccion-transformacion-del-aluminio\\\/tesa-4414-pe-proteccion-superficie\\\/\",\"url\":\"https:\\\/\\\/cardinal-tapes.com\\\/es\\\/cintas-adhesivas\\\/ambitos-de-aplicacion\\\/produccion-transformacion-del-aluminio\\\/tesa-4414-pe-proteccion-superficie\\\/\",\"name\":\"tesa\u00ae 4414 PE Protecci\u00f3n de superficies| CINTAS Cardinales\",\"isPartOf\":{\"@id\":\"https:\\\/\\\/cardinal-tapes.com\\\/#website\"},\"primaryImageOfPage\":{\"@id\":\"https:\\\/\\\/cardinal-tapes.com\\\/es\\\/cintas-adhesivas\\\/ambitos-de-aplicacion\\\/produccion-transformacion-del-aluminio\\\/tesa-4414-pe-proteccion-superficie\\\/#primaryimage\"},\"image\":{\"@id\":\"https:\\\/\\\/cardinal-tapes.com\\\/es\\\/cintas-adhesivas\\\/ambitos-de-aplicacion\\\/produccion-transformacion-del-aluminio\\\/tesa-4414-pe-proteccion-superficie\\\/#primaryimage\"},\"thumbnailUrl\":\"https:\\\/\\\/cardinal-tapes.com\\\/wp-content\\\/uploads\\\/4414.jpg\",\"datePublished\":\"2023-06-05T14:56:15+00:00\",\"dateModified\":\"2025-07-02T10:56:42+00:00\",\"description\":\"tesa\u00ae 4414 est\u00e1 formado por un soporte de PE estabilizado a los rayos UV y un compuesto acr\u00edlico altamente adhesivo y removible.\",\"breadcrumb\":{\"@id\":\"https:\\\/\\\/cardinal-tapes.com\\\/es\\\/cintas-adhesivas\\\/ambitos-de-aplicacion\\\/produccion-transformacion-del-aluminio\\\/tesa-4414-pe-proteccion-superficie\\\/#breadcrumb\"},\"inLanguage\":\"es\",\"potentialAction\":[{\"@type\":\"ReadAction\",\"target\":[\"https:\\\/\\\/cardinal-tapes.com\\\/es\\\/cintas-adhesivas\\\/ambitos-de-aplicacion\\\/produccion-transformacion-del-aluminio\\\/tesa-4414-pe-proteccion-superficie\\\/\"]}]},{\"@type\":\"ImageObject\",\"inLanguage\":\"es\",\"@id\":\"https:\\\/\\\/cardinal-tapes.com\\\/es\\\/cintas-adhesivas\\\/ambitos-de-aplicacion\\\/produccion-transformacion-del-aluminio\\\/tesa-4414-pe-proteccion-superficie\\\/#primaryimage\",\"url\":\"https:\\\/\\\/cardinal-tapes.com\\\/wp-content\\\/uploads\\\/4414.jpg\",\"contentUrl\":\"https:\\\/\\\/cardinal-tapes.com\\\/wp-content\\\/uploads\\\/4414.jpg\",\"width\":582,\"height\":582},{\"@type\":\"BreadcrumbList\",\"@id\":\"https:\\\/\\\/cardinal-tapes.com\\\/es\\\/cintas-adhesivas\\\/ambitos-de-aplicacion\\\/produccion-transformacion-del-aluminio\\\/tesa-4414-pe-proteccion-superficie\\\/#breadcrumb\",\"itemListElement\":[{\"@type\":\"ListItem\",\"position\":1,\"name\":\"Startseite\",\"item\":\"https:\\\/\\\/cardinal-tapes.com\\\/es\\\/\"},{\"@type\":\"ListItem\",\"position\":2,\"name\":\"Cintas adhesivas\",\"item\":\"https:\\\/\\\/cardinal-tapes.com\\\/es\\\/cintas-adhesivas-es\\\/\"},{\"@type\":\"ListItem\",\"position\":3,\"name\":\"\u00c1mbitos de aplicaci\u00f3n\",\"item\":\"https:\\\/\\\/cardinal-tapes.com\\\/es\\\/categora\\\/ambitos-de-aplicacion\\\/\"},{\"@type\":\"ListItem\",\"position\":4,\"name\":\"Producci\u00f3n \\\/ transformaci\u00f3n del aluminio\",\"item\":\"https:\\\/\\\/cardinal-tapes.com\\\/es\\\/categora\\\/produccion-transformacion-del-aluminio\\\/\"},{\"@type\":\"ListItem\",\"position\":5,\"name\":\"Protecci\u00f3n de superficies tesa\u00ae 4414 PE\"}]},{\"@type\":\"WebSite\",\"@id\":\"https:\\\/\\\/cardinal-tapes.com\\\/#website\",\"url\":\"https:\\\/\\\/cardinal-tapes.com\\\/\",\"name\":\"cardinal TAPES\",\"description\":\"Klebetechnik aus Wuppertal\",\"potentialAction\":[{\"@type\":\"SearchAction\",\"target\":{\"@type\":\"EntryPoint\",\"urlTemplate\":\"https:\\\/\\\/cardinal-tapes.com\\\/?s={search_term_string}\"},\"query-input\":{\"@type\":\"PropertyValueSpecification\",\"valueRequired\":true,\"valueName\":\"search_term_string\"}}],\"inLanguage\":\"es\"}]}<\/script>\n<!-- \/ Yoast SEO plugin. -->","yoast_head_json":{"title":"tesa\u00ae 4414 PE Protecci\u00f3n de superficies| CINTAS Cardinales","description":"tesa\u00ae 4414 est\u00e1 formado por un soporte de PE estabilizado a los rayos UV y un compuesto acr\u00edlico altamente adhesivo y removible.","robots":{"index":"index","follow":"follow","max-snippet":"max-snippet:-1","max-image-preview":"max-image-preview:large","max-video-preview":"max-video-preview:-1"},"canonical":"https:\/\/cardinal-tapes.com\/es\/cintas-adhesivas\/ambitos-de-aplicacion\/produccion-transformacion-del-aluminio\/tesa-4414-pe-proteccion-superficie\/","og_locale":"es_ES","og_type":"article","og_title":"tesa\u00ae 4414 PE Protecci\u00f3n de superficies| CINTAS Cardinales","og_description":"tesa\u00ae 4414 est\u00e1 formado por un soporte de PE estabilizado a los rayos UV y un compuesto acr\u00edlico altamente adhesivo y removible.","og_url":"https:\/\/cardinal-tapes.com\/es\/cintas-adhesivas\/ambitos-de-aplicacion\/produccion-transformacion-del-aluminio\/tesa-4414-pe-proteccion-superficie\/","og_site_name":"cardinal TAPES","article_modified_time":"2025-07-02T10:56:42+00:00","og_image":[{"width":582,"height":582,"url":"https:\/\/cardinal-tapes.com\/wp-content\/uploads\/4414.jpg","type":"image\/jpeg"}],"twitter_card":"summary_large_image","twitter_misc":{"Tiempo de lectura":"1 minuto"},"schema":{"@context":"https:\/\/schema.org","@graph":[{"@type":"WebPage","@id":"https:\/\/cardinal-tapes.com\/es\/cintas-adhesivas\/ambitos-de-aplicacion\/produccion-transformacion-del-aluminio\/tesa-4414-pe-proteccion-superficie\/","url":"https:\/\/cardinal-tapes.com\/es\/cintas-adhesivas\/ambitos-de-aplicacion\/produccion-transformacion-del-aluminio\/tesa-4414-pe-proteccion-superficie\/","name":"tesa\u00ae 4414 PE Protecci\u00f3n de superficies| CINTAS Cardinales","isPartOf":{"@id":"https:\/\/cardinal-tapes.com\/#website"},"primaryImageOfPage":{"@id":"https:\/\/cardinal-tapes.com\/es\/cintas-adhesivas\/ambitos-de-aplicacion\/produccion-transformacion-del-aluminio\/tesa-4414-pe-proteccion-superficie\/#primaryimage"},"image":{"@id":"https:\/\/cardinal-tapes.com\/es\/cintas-adhesivas\/ambitos-de-aplicacion\/produccion-transformacion-del-aluminio\/tesa-4414-pe-proteccion-superficie\/#primaryimage"},"thumbnailUrl":"https:\/\/cardinal-tapes.com\/wp-content\/uploads\/4414.jpg","datePublished":"2023-06-05T14:56:15+00:00","dateModified":"2025-07-02T10:56:42+00:00","description":"tesa\u00ae 4414 est\u00e1 formado por un soporte de PE estabilizado a los rayos UV y un compuesto acr\u00edlico altamente adhesivo y removible.","breadcrumb":{"@id":"https:\/\/cardinal-tapes.com\/es\/cintas-adhesivas\/ambitos-de-aplicacion\/produccion-transformacion-del-aluminio\/tesa-4414-pe-proteccion-superficie\/#breadcrumb"},"inLanguage":"es","potentialAction":[{"@type":"ReadAction","target":["https:\/\/cardinal-tapes.com\/es\/cintas-adhesivas\/ambitos-de-aplicacion\/produccion-transformacion-del-aluminio\/tesa-4414-pe-proteccion-superficie\/"]}]},{"@type":"ImageObject","inLanguage":"es","@id":"https:\/\/cardinal-tapes.com\/es\/cintas-adhesivas\/ambitos-de-aplicacion\/produccion-transformacion-del-aluminio\/tesa-4414-pe-proteccion-superficie\/#primaryimage","url":"https:\/\/cardinal-tapes.com\/wp-content\/uploads\/4414.jpg","contentUrl":"https:\/\/cardinal-tapes.com\/wp-content\/uploads\/4414.jpg","width":582,"height":582},{"@type":"BreadcrumbList","@id":"https:\/\/cardinal-tapes.com\/es\/cintas-adhesivas\/ambitos-de-aplicacion\/produccion-transformacion-del-aluminio\/tesa-4414-pe-proteccion-superficie\/#breadcrumb","itemListElement":[{"@type":"ListItem","position":1,"name":"Startseite","item":"https:\/\/cardinal-tapes.com\/es\/"},{"@type":"ListItem","position":2,"name":"Cintas adhesivas","item":"https:\/\/cardinal-tapes.com\/es\/cintas-adhesivas-es\/"},{"@type":"ListItem","position":3,"name":"\u00c1mbitos de aplicaci\u00f3n","item":"https:\/\/cardinal-tapes.com\/es\/categora\/ambitos-de-aplicacion\/"},{"@type":"ListItem","position":4,"name":"Producci\u00f3n \/ transformaci\u00f3n del aluminio","item":"https:\/\/cardinal-tapes.com\/es\/categora\/produccion-transformacion-del-aluminio\/"},{"@type":"ListItem","position":5,"name":"Protecci\u00f3n de superficies tesa\u00ae 4414 PE"}]},{"@type":"WebSite","@id":"https:\/\/cardinal-tapes.com\/#website","url":"https:\/\/cardinal-tapes.com\/","name":"cardinal TAPES","description":"Klebetechnik aus Wuppertal","potentialAction":[{"@type":"SearchAction","target":{"@type":"EntryPoint","urlTemplate":"https:\/\/cardinal-tapes.com\/?s={search_term_string}"},"query-input":{"@type":"PropertyValueSpecification","valueRequired":true,"valueName":"search_term_string"}}],"inLanguage":"es"}]}},"brands":[{"id":2163,"name":"tesa","slug":"tesa-es"}],"_links":{"self":[{"href":"https:\/\/cardinal-tapes.com\/es\/wp-json\/wp\/v2\/product\/41509","targetHints":{"allow":["GET"]}}],"collection":[{"href":"https:\/\/cardinal-tapes.com\/es\/wp-json\/wp\/v2\/product"}],"about":[{"href":"https:\/\/cardinal-tapes.com\/es\/wp-json\/wp\/v2\/types\/product"}],"wp:featuredmedia":[{"embeddable":true,"href":"https:\/\/cardinal-tapes.com\/es\/wp-json\/wp\/v2\/media\/28691"}],"wp:attachment":[{"href":"https:\/\/cardinal-tapes.com\/es\/wp-json\/wp\/v2\/media?parent=41509"}],"wp:term":[{"taxonomy":"pwb-brand","embeddable":true,"href":"https:\/\/cardinal-tapes.com\/es\/wp-json\/wp\/v2\/pwb-brand?post=41509"},{"taxonomy":"product_brand","embeddable":true,"href":"https:\/\/cardinal-tapes.com\/es\/wp-json\/wp\/v2\/product_brand?post=41509"},{"taxonomy":"product_cat","embeddable":true,"href":"https:\/\/cardinal-tapes.com\/es\/wp-json\/wp\/v2\/product_cat?post=41509"},{"taxonomy":"product_tag","embeddable":true,"href":"https:\/\/cardinal-tapes.com\/es\/wp-json\/wp\/v2\/product_tag?post=41509"}],"curies":[{"name":"wp","href":"https:\/\/api.w.org\/{rel}","templated":true}]}}