{"id":40682,"date":"2021-09-06T12:04:17","date_gmt":"2023-06-05T14:55:50","guid":{"rendered":"https:\/\/cardinal.pixel-tal.de\/klebebaender\/sin categor\u00eda\/cinta-de-tejido-ignifugo-at2002\/"},"modified":"2023-06-05T16:55:50","modified_gmt":"2023-06-05T14:55:50","slug":"at2002-cinta-de-tejido-ignifugo","status":"publish","type":"product","link":"https:\/\/cardinal-tapes.com\/es\/cintas-adhesivas\/ambitos-de-aplicacion\/cinta-de-tela\/at2002-cinta-de-tejido-ignifugo\/","title":{"rendered":"Cinta de tejido ign\u00edfugo AT2002"},"content":{"rendered":"<div class=\"first_para_desc\">\n<div class=\"first_para_desc\">\n<div class=\"first_para_desc\">\n<div class=\"first_para_desc\">\n<p>AT2002 es una cinta de tejido laminado ign\u00edfugo con propiedades autoextinguibles. Est\u00e1 recubierto de un adhesivo de caucho especial sensible a la presi\u00f3n y sin disolventes. El producto es ideal para su uso en aviaci\u00f3n y aplicaciones marinas. La cinta se adapta bien a superficies lisas e irregulares, y tambi\u00e9n cumple la normativa federal de aviaci\u00f3n FAR 25.853 (a) sobre retardancia de llama. Esta especificaci\u00f3n est\u00e1 impresa en la cinta para que pueda identificarse f\u00e1cilmente.<\/p>\n<\/div>\n<p><strong>Aplicaciones<\/strong><\/p>\n<ul>\n<li>Protecci\u00f3n y conexi\u00f3n en la construcci\u00f3n y\/o mantenimiento de aviones, barcos, submarinos y trenes<\/li>\n<li>Juntas entre paneles ign\u00edfugos<\/li>\n<li>Pegado de paredes de cart\u00f3n duro en bodegas de carga, conocido como &#8220;Cargo Tape&#8221;.<\/li>\n<\/ul>\n<p><strong>Propiedades<\/strong><\/p>\n<ul>\n<li>Especificado seg\u00fan FAR 25.853<\/li>\n<li>Puede eliminarse sin dejar residuos a 50\u00b0C durante un m\u00e1ximo de 4 d\u00edas<\/li>\n<li>Impermeable<\/li>\n<li>Buena resistencia a la abrasi\u00f3n<\/li>\n<li>Excelente adherencia<\/li>\n<\/ul>\n<\/div>\n<\/div>\n<\/div>\n","protected":false},"excerpt":{"rendered":"<p>AT2002 es una cinta de tejido laminado ign\u00edfugo con propiedades autoextinguibles. Est\u00e1 recubierto de un adhesivo de caucho especial sensible a la presi\u00f3n y sin disolventes. El producto es ideal para su uso en aviaci\u00f3n y aplicaciones marinas. La cinta se adapta bien a superficies lisas e irregulares, y tambi\u00e9n cumple la normativa federal de [&hellip;]<\/p>\n","protected":false},"featured_media":28795,"template":"","meta":{"_acf_changed":false},"pwb-brand":[2502],"product_brand":[],"product_cat":[1707,1806,1705],"product_tag":[],"class_list":{"0":"post-40682","1":"product","2":"type-product","3":"status-publish","4":"has-post-thumbnail","6":"pwb-brand-advance-tapes-es","7":"product_cat-cinta-plastificada","8":"product_cat-cintas-adhesivas-de-una-cara","9":"product_cat-cinta-de-tela","11":"first","12":"instock","13":"taxable","14":"shipping-taxable","15":"purchasable","16":"product-type-variable"},"acf":[],"yoast_head":"<!-- This site is optimized with the Yoast SEO plugin v27.3 - https:\/\/yoast.com\/product\/yoast-seo-wordpress\/ -->\n<title>Cinta de tejido ign\u00edfugo AT2002 | Cardinal TAPES<\/title>\n<meta name=\"description\" content=\"AT2002 es una cinta de tejido laminado ign\u00edfugo con propiedades autoextinguibles.\" \/>\n<meta name=\"robots\" content=\"index, follow, max-snippet:-1, max-image-preview:large, max-video-preview:-1\" \/>\n<link rel=\"canonical\" href=\"https:\/\/cardinal-tapes.com\/es\/cintas-adhesivas\/cinta-de-tela\/at2002-cinta-de-tejido-ignifugo\/\" \/>\n<meta property=\"og:locale\" content=\"es_ES\" \/>\n<meta property=\"og:type\" content=\"article\" \/>\n<meta property=\"og:title\" content=\"Cinta de tejido ign\u00edfugo AT2002 | Cardinal TAPES\" \/>\n<meta property=\"og:description\" content=\"AT2002 es una cinta de tejido laminado ign\u00edfugo con propiedades autoextinguibles.\" \/>\n<meta property=\"og:url\" content=\"https:\/\/cardinal-tapes.com\/es\/cintas-adhesivas\/cinta-de-tela\/at2002-cinta-de-tejido-ignifugo\/\" \/>\n<meta property=\"og:site_name\" content=\"cardinal TAPES\" \/>\n<meta property=\"og:image\" content=\"https:\/\/cardinal-tapes.com\/wp-content\/uploads\/AT2002_6-scaled.jpg\" \/>\n\t<meta property=\"og:image:width\" content=\"2560\" \/>\n\t<meta property=\"og:image:height\" content=\"1707\" \/>\n\t<meta property=\"og:image:type\" content=\"image\/jpeg\" \/>\n<meta name=\"twitter:card\" content=\"summary_large_image\" \/>\n<meta name=\"twitter:label1\" content=\"Tiempo de lectura\" \/>\n\t<meta name=\"twitter:data1\" content=\"1 minuto\" \/>\n<script type=\"application\/ld+json\" class=\"yoast-schema-graph\">{\"@context\":\"https:\\\/\\\/schema.org\",\"@graph\":[{\"@type\":\"WebPage\",\"@id\":\"https:\\\/\\\/cardinal-tapes.com\\\/es\\\/cintas-adhesivas\\\/cinta-de-tela\\\/at2002-cinta-de-tejido-ignifugo\\\/\",\"url\":\"https:\\\/\\\/cardinal-tapes.com\\\/es\\\/cintas-adhesivas\\\/cinta-de-tela\\\/at2002-cinta-de-tejido-ignifugo\\\/\",\"name\":\"Cinta de tejido ign\u00edfugo AT2002 | Cardinal TAPES\",\"isPartOf\":{\"@id\":\"https:\\\/\\\/cardinal-tapes.com\\\/#website\"},\"primaryImageOfPage\":{\"@id\":\"https:\\\/\\\/cardinal-tapes.com\\\/es\\\/cintas-adhesivas\\\/cinta-de-tela\\\/at2002-cinta-de-tejido-ignifugo\\\/#primaryimage\"},\"image\":{\"@id\":\"https:\\\/\\\/cardinal-tapes.com\\\/es\\\/cintas-adhesivas\\\/cinta-de-tela\\\/at2002-cinta-de-tejido-ignifugo\\\/#primaryimage\"},\"thumbnailUrl\":\"https:\\\/\\\/cardinal-tapes.com\\\/wp-content\\\/uploads\\\/AT2002_6-scaled.jpg\",\"datePublished\":\"2023-06-05T14:55:50+00:00\",\"description\":\"AT2002 es una cinta de tejido laminado ign\u00edfugo con propiedades autoextinguibles.\",\"breadcrumb\":{\"@id\":\"https:\\\/\\\/cardinal-tapes.com\\\/es\\\/cintas-adhesivas\\\/cinta-de-tela\\\/at2002-cinta-de-tejido-ignifugo\\\/#breadcrumb\"},\"inLanguage\":\"es\",\"potentialAction\":[{\"@type\":\"ReadAction\",\"target\":[\"https:\\\/\\\/cardinal-tapes.com\\\/es\\\/cintas-adhesivas\\\/cinta-de-tela\\\/at2002-cinta-de-tejido-ignifugo\\\/\"]}]},{\"@type\":\"ImageObject\",\"inLanguage\":\"es\",\"@id\":\"https:\\\/\\\/cardinal-tapes.com\\\/es\\\/cintas-adhesivas\\\/cinta-de-tela\\\/at2002-cinta-de-tejido-ignifugo\\\/#primaryimage\",\"url\":\"https:\\\/\\\/cardinal-tapes.com\\\/wp-content\\\/uploads\\\/AT2002_6-scaled.jpg\",\"contentUrl\":\"https:\\\/\\\/cardinal-tapes.com\\\/wp-content\\\/uploads\\\/AT2002_6-scaled.jpg\",\"width\":2560,\"height\":1707},{\"@type\":\"BreadcrumbList\",\"@id\":\"https:\\\/\\\/cardinal-tapes.com\\\/es\\\/cintas-adhesivas\\\/cinta-de-tela\\\/at2002-cinta-de-tejido-ignifugo\\\/#breadcrumb\",\"itemListElement\":[{\"@type\":\"ListItem\",\"position\":1,\"name\":\"Startseite\",\"item\":\"https:\\\/\\\/cardinal-tapes.com\\\/es\\\/\"},{\"@type\":\"ListItem\",\"position\":2,\"name\":\"Cintas adhesivas\",\"item\":\"https:\\\/\\\/cardinal-tapes.com\\\/es\\\/cintas-adhesivas-es\\\/\"},{\"@type\":\"ListItem\",\"position\":3,\"name\":\"Cinta de tela\",\"item\":\"https:\\\/\\\/cardinal-tapes.com\\\/es\\\/categora\\\/cinta-de-tela\\\/\"},{\"@type\":\"ListItem\",\"position\":4,\"name\":\"Cinta de tejido ign\u00edfugo AT2002\"}]},{\"@type\":\"WebSite\",\"@id\":\"https:\\\/\\\/cardinal-tapes.com\\\/#website\",\"url\":\"https:\\\/\\\/cardinal-tapes.com\\\/\",\"name\":\"cardinal TAPES\",\"description\":\"Klebetechnik aus Wuppertal\",\"potentialAction\":[{\"@type\":\"SearchAction\",\"target\":{\"@type\":\"EntryPoint\",\"urlTemplate\":\"https:\\\/\\\/cardinal-tapes.com\\\/?s={search_term_string}\"},\"query-input\":{\"@type\":\"PropertyValueSpecification\",\"valueRequired\":true,\"valueName\":\"search_term_string\"}}],\"inLanguage\":\"es\"}]}<\/script>\n<!-- \/ Yoast SEO plugin. -->","yoast_head_json":{"title":"Cinta de tejido ign\u00edfugo AT2002 | Cardinal TAPES","description":"AT2002 es una cinta de tejido laminado ign\u00edfugo con propiedades autoextinguibles.","robots":{"index":"index","follow":"follow","max-snippet":"max-snippet:-1","max-image-preview":"max-image-preview:large","max-video-preview":"max-video-preview:-1"},"canonical":"https:\/\/cardinal-tapes.com\/es\/cintas-adhesivas\/cinta-de-tela\/at2002-cinta-de-tejido-ignifugo\/","og_locale":"es_ES","og_type":"article","og_title":"Cinta de tejido ign\u00edfugo AT2002 | Cardinal TAPES","og_description":"AT2002 es una cinta de tejido laminado ign\u00edfugo con propiedades autoextinguibles.","og_url":"https:\/\/cardinal-tapes.com\/es\/cintas-adhesivas\/cinta-de-tela\/at2002-cinta-de-tejido-ignifugo\/","og_site_name":"cardinal TAPES","og_image":[{"width":2560,"height":1707,"url":"https:\/\/cardinal-tapes.com\/wp-content\/uploads\/AT2002_6-scaled.jpg","type":"image\/jpeg"}],"twitter_card":"summary_large_image","twitter_misc":{"Tiempo de lectura":"1 minuto"},"schema":{"@context":"https:\/\/schema.org","@graph":[{"@type":"WebPage","@id":"https:\/\/cardinal-tapes.com\/es\/cintas-adhesivas\/cinta-de-tela\/at2002-cinta-de-tejido-ignifugo\/","url":"https:\/\/cardinal-tapes.com\/es\/cintas-adhesivas\/cinta-de-tela\/at2002-cinta-de-tejido-ignifugo\/","name":"Cinta de tejido ign\u00edfugo AT2002 | Cardinal TAPES","isPartOf":{"@id":"https:\/\/cardinal-tapes.com\/#website"},"primaryImageOfPage":{"@id":"https:\/\/cardinal-tapes.com\/es\/cintas-adhesivas\/cinta-de-tela\/at2002-cinta-de-tejido-ignifugo\/#primaryimage"},"image":{"@id":"https:\/\/cardinal-tapes.com\/es\/cintas-adhesivas\/cinta-de-tela\/at2002-cinta-de-tejido-ignifugo\/#primaryimage"},"thumbnailUrl":"https:\/\/cardinal-tapes.com\/wp-content\/uploads\/AT2002_6-scaled.jpg","datePublished":"2023-06-05T14:55:50+00:00","description":"AT2002 es una cinta de tejido laminado ign\u00edfugo con propiedades autoextinguibles.","breadcrumb":{"@id":"https:\/\/cardinal-tapes.com\/es\/cintas-adhesivas\/cinta-de-tela\/at2002-cinta-de-tejido-ignifugo\/#breadcrumb"},"inLanguage":"es","potentialAction":[{"@type":"ReadAction","target":["https:\/\/cardinal-tapes.com\/es\/cintas-adhesivas\/cinta-de-tela\/at2002-cinta-de-tejido-ignifugo\/"]}]},{"@type":"ImageObject","inLanguage":"es","@id":"https:\/\/cardinal-tapes.com\/es\/cintas-adhesivas\/cinta-de-tela\/at2002-cinta-de-tejido-ignifugo\/#primaryimage","url":"https:\/\/cardinal-tapes.com\/wp-content\/uploads\/AT2002_6-scaled.jpg","contentUrl":"https:\/\/cardinal-tapes.com\/wp-content\/uploads\/AT2002_6-scaled.jpg","width":2560,"height":1707},{"@type":"BreadcrumbList","@id":"https:\/\/cardinal-tapes.com\/es\/cintas-adhesivas\/cinta-de-tela\/at2002-cinta-de-tejido-ignifugo\/#breadcrumb","itemListElement":[{"@type":"ListItem","position":1,"name":"Startseite","item":"https:\/\/cardinal-tapes.com\/es\/"},{"@type":"ListItem","position":2,"name":"Cintas adhesivas","item":"https:\/\/cardinal-tapes.com\/es\/cintas-adhesivas-es\/"},{"@type":"ListItem","position":3,"name":"Cinta de tela","item":"https:\/\/cardinal-tapes.com\/es\/categora\/cinta-de-tela\/"},{"@type":"ListItem","position":4,"name":"Cinta de tejido ign\u00edfugo AT2002"}]},{"@type":"WebSite","@id":"https:\/\/cardinal-tapes.com\/#website","url":"https:\/\/cardinal-tapes.com\/","name":"cardinal TAPES","description":"Klebetechnik aus Wuppertal","potentialAction":[{"@type":"SearchAction","target":{"@type":"EntryPoint","urlTemplate":"https:\/\/cardinal-tapes.com\/?s={search_term_string}"},"query-input":{"@type":"PropertyValueSpecification","valueRequired":true,"valueName":"search_term_string"}}],"inLanguage":"es"}]}},"brands":[{"id":2502,"name":"Advance Tapes","slug":"advance-tapes-es"}],"_links":{"self":[{"href":"https:\/\/cardinal-tapes.com\/es\/wp-json\/wp\/v2\/product\/40682","targetHints":{"allow":["GET"]}}],"collection":[{"href":"https:\/\/cardinal-tapes.com\/es\/wp-json\/wp\/v2\/product"}],"about":[{"href":"https:\/\/cardinal-tapes.com\/es\/wp-json\/wp\/v2\/types\/product"}],"wp:featuredmedia":[{"embeddable":true,"href":"https:\/\/cardinal-tapes.com\/es\/wp-json\/wp\/v2\/media\/28795"}],"wp:attachment":[{"href":"https:\/\/cardinal-tapes.com\/es\/wp-json\/wp\/v2\/media?parent=40682"}],"wp:term":[{"taxonomy":"pwb-brand","embeddable":true,"href":"https:\/\/cardinal-tapes.com\/es\/wp-json\/wp\/v2\/pwb-brand?post=40682"},{"taxonomy":"product_brand","embeddable":true,"href":"https:\/\/cardinal-tapes.com\/es\/wp-json\/wp\/v2\/product_brand?post=40682"},{"taxonomy":"product_cat","embeddable":true,"href":"https:\/\/cardinal-tapes.com\/es\/wp-json\/wp\/v2\/product_cat?post=40682"},{"taxonomy":"product_tag","embeddable":true,"href":"https:\/\/cardinal-tapes.com\/es\/wp-json\/wp\/v2\/product_tag?post=40682"}],"curies":[{"name":"wp","href":"https:\/\/api.w.org\/{rel}","templated":true}]}}