{"id":40680,"date":"2021-08-25T11:57:06","date_gmt":"2023-06-05T14:55:50","guid":{"rendered":"https:\/\/cardinal.pixel-tal.de\/klebebaender\/sin categor\u00eda\/at6190-cinta-para-piedra-con-adhesion-instantanea-extremadamente-fuerte\/"},"modified":"2023-06-05T16:55:50","modified_gmt":"2023-06-05T14:55:50","slug":"at6190-piedra-cinta-con-extrema-fuerte-adherencia-inmediata","status":"publish","type":"product","link":"https:\/\/cardinal-tapes.com\/es\/cintas-adhesivas\/cintas-adhesivas-de-una-cara\/at6190-piedra-cinta-con-extrema-fuerte-adherencia-inmediata\/","title":{"rendered":"AT6190 Cinta para piedra con adhesi\u00f3n instant\u00e1nea extremadamente fuerte"},"content":{"rendered":"<div class=\"first_para_desc\">\n<div class=\"first_para_desc\">\n<div class=\"first_para_desc\">\n<div class=\"first_para_desc\">\n<p>AT6190 es una cinta de piedra superfuerte y resistente al agua recubierta de un agresivo adhesivo de caucho sin disolventes. Especialmente dise\u00f1ado para adherirse a superficies rugosas, sucias y h\u00famedas como piedra, yeso, puertas y ventanas de pl\u00e1stico, cemento y hormig\u00f3n. La AT6190 es f\u00e1cil de arrancar, pero tiene una gran desenrollabilidad, lo que es importante cuando se trabaja en altura. La cinta puede retirarse de la mayor\u00eda de las superficies sin dejar residuos durante un m\u00e1ximo de 4 d\u00edas. El color naranja garantiza una buena visibilidad en cualquier obra.<\/p>\n<\/div>\n<p><strong>Aplicaciones<\/strong><\/p>\n<ul>\n<li>Para el mantenimiento, reparaci\u00f3n, sellado, pegado, recubrimiento y protecci\u00f3n de numerosas superficies y materiales.<\/li>\n<li>Para fijar l\u00e1minas de PE en paredes de hormig\u00f3n y piedra, superficies de cemento, yeso<\/li>\n<\/ul>\n<p><strong>Propiedades<\/strong><\/p>\n<ul>\n<li>Adherencia instant\u00e1nea extrema<\/li>\n<li>F\u00e1cil de arrancar<\/li>\n<li>Uniformemente desenrollable<\/li>\n<li>Resistente al agua y a los rayos UV<\/li>\n<li>Resistente a la abrasi\u00f3n<\/li>\n<li>Se puede retirar sin dejar residuos hasta 4 d\u00edas<\/li>\n<\/ul>\n<\/div>\n<\/div>\n<\/div>\n","protected":false},"excerpt":{"rendered":"<p>AT6190 es una cinta de piedra superfuerte y resistente al agua recubierta de un agresivo adhesivo de caucho sin disolventes. Especialmente dise\u00f1ado para adherirse a superficies rugosas, sucias y h\u00famedas como piedra, yeso, puertas y ventanas de pl\u00e1stico, cemento y hormig\u00f3n. La AT6190 es f\u00e1cil de arrancar, pero tiene una gran desenrollabilidad, lo que es [&hellip;]<\/p>\n","protected":false},"featured_media":28779,"template":"","meta":{"_acf_changed":false},"pwb-brand":[2502],"product_brand":[],"product_cat":[1806],"product_tag":[],"class_list":{"0":"post-40680","1":"product","2":"type-product","3":"status-publish","4":"has-post-thumbnail","6":"pwb-brand-advance-tapes-es","7":"product_cat-cintas-adhesivas-de-una-cara","9":"first","10":"instock","11":"taxable","12":"shipping-taxable","13":"purchasable","14":"product-type-variable"},"acf":[],"yoast_head":"<!-- This site is optimized with the Yoast SEO plugin v27.3 - https:\/\/yoast.com\/product\/yoast-seo-wordpress\/ -->\n<title>AT6190 Cinta de Piedra | Cardinal TAPES<\/title>\n<meta name=\"description\" content=\"AT6190 es una cinta de piedra superfuerte y resistente al agua recubierta de un agresivo adhesivo de caucho sin disolventes.\" \/>\n<meta name=\"robots\" content=\"index, follow, max-snippet:-1, max-image-preview:large, max-video-preview:-1\" \/>\n<link rel=\"canonical\" href=\"https:\/\/cardinal-tapes.com\/es\/cintas-adhesivas\/cintas-adhesivas-de-una-cara\/at6190-piedra-cinta-con-extrema-fuerte-adherencia-inmediata\/\" \/>\n<meta property=\"og:locale\" content=\"es_ES\" \/>\n<meta property=\"og:type\" content=\"article\" \/>\n<meta property=\"og:title\" content=\"AT6190 Cinta de Piedra | Cardinal TAPES\" \/>\n<meta property=\"og:description\" content=\"AT6190 es una cinta de piedra superfuerte y resistente al agua recubierta de un agresivo adhesivo de caucho sin disolventes.\" \/>\n<meta property=\"og:url\" content=\"https:\/\/cardinal-tapes.com\/es\/cintas-adhesivas\/cintas-adhesivas-de-una-cara\/at6190-piedra-cinta-con-extrema-fuerte-adherencia-inmediata\/\" \/>\n<meta property=\"og:site_name\" content=\"cardinal TAPES\" \/>\n<meta property=\"og:image\" content=\"https:\/\/cardinal-tapes.com\/wp-content\/uploads\/AT6190-1.jpg\" \/>\n\t<meta property=\"og:image:width\" content=\"2000\" \/>\n\t<meta property=\"og:image:height\" content=\"2000\" \/>\n\t<meta property=\"og:image:type\" content=\"image\/jpeg\" \/>\n<meta name=\"twitter:card\" content=\"summary_large_image\" \/>\n<meta name=\"twitter:label1\" content=\"Tiempo de lectura\" \/>\n\t<meta name=\"twitter:data1\" content=\"1 minuto\" \/>\n<script type=\"application\/ld+json\" class=\"yoast-schema-graph\">{\"@context\":\"https:\\\/\\\/schema.org\",\"@graph\":[{\"@type\":\"WebPage\",\"@id\":\"https:\\\/\\\/cardinal-tapes.com\\\/es\\\/cintas-adhesivas\\\/cintas-adhesivas-de-una-cara\\\/at6190-piedra-cinta-con-extrema-fuerte-adherencia-inmediata\\\/\",\"url\":\"https:\\\/\\\/cardinal-tapes.com\\\/es\\\/cintas-adhesivas\\\/cintas-adhesivas-de-una-cara\\\/at6190-piedra-cinta-con-extrema-fuerte-adherencia-inmediata\\\/\",\"name\":\"AT6190 Cinta de Piedra | Cardinal TAPES\",\"isPartOf\":{\"@id\":\"https:\\\/\\\/cardinal-tapes.com\\\/#website\"},\"primaryImageOfPage\":{\"@id\":\"https:\\\/\\\/cardinal-tapes.com\\\/es\\\/cintas-adhesivas\\\/cintas-adhesivas-de-una-cara\\\/at6190-piedra-cinta-con-extrema-fuerte-adherencia-inmediata\\\/#primaryimage\"},\"image\":{\"@id\":\"https:\\\/\\\/cardinal-tapes.com\\\/es\\\/cintas-adhesivas\\\/cintas-adhesivas-de-una-cara\\\/at6190-piedra-cinta-con-extrema-fuerte-adherencia-inmediata\\\/#primaryimage\"},\"thumbnailUrl\":\"https:\\\/\\\/cardinal-tapes.com\\\/wp-content\\\/uploads\\\/AT6190-1.jpg\",\"datePublished\":\"2023-06-05T14:55:50+00:00\",\"description\":\"AT6190 es una cinta de piedra superfuerte y resistente al agua recubierta de un agresivo adhesivo de caucho sin disolventes.\",\"breadcrumb\":{\"@id\":\"https:\\\/\\\/cardinal-tapes.com\\\/es\\\/cintas-adhesivas\\\/cintas-adhesivas-de-una-cara\\\/at6190-piedra-cinta-con-extrema-fuerte-adherencia-inmediata\\\/#breadcrumb\"},\"inLanguage\":\"es\",\"potentialAction\":[{\"@type\":\"ReadAction\",\"target\":[\"https:\\\/\\\/cardinal-tapes.com\\\/es\\\/cintas-adhesivas\\\/cintas-adhesivas-de-una-cara\\\/at6190-piedra-cinta-con-extrema-fuerte-adherencia-inmediata\\\/\"]}]},{\"@type\":\"ImageObject\",\"inLanguage\":\"es\",\"@id\":\"https:\\\/\\\/cardinal-tapes.com\\\/es\\\/cintas-adhesivas\\\/cintas-adhesivas-de-una-cara\\\/at6190-piedra-cinta-con-extrema-fuerte-adherencia-inmediata\\\/#primaryimage\",\"url\":\"https:\\\/\\\/cardinal-tapes.com\\\/wp-content\\\/uploads\\\/AT6190-1.jpg\",\"contentUrl\":\"https:\\\/\\\/cardinal-tapes.com\\\/wp-content\\\/uploads\\\/AT6190-1.jpg\",\"width\":2000,\"height\":2000},{\"@type\":\"BreadcrumbList\",\"@id\":\"https:\\\/\\\/cardinal-tapes.com\\\/es\\\/cintas-adhesivas\\\/cintas-adhesivas-de-una-cara\\\/at6190-piedra-cinta-con-extrema-fuerte-adherencia-inmediata\\\/#breadcrumb\",\"itemListElement\":[{\"@type\":\"ListItem\",\"position\":1,\"name\":\"Startseite\",\"item\":\"https:\\\/\\\/cardinal-tapes.com\\\/es\\\/\"},{\"@type\":\"ListItem\",\"position\":2,\"name\":\"Cintas adhesivas\",\"item\":\"https:\\\/\\\/cardinal-tapes.com\\\/es\\\/cintas-adhesivas-es\\\/\"},{\"@type\":\"ListItem\",\"position\":3,\"name\":\"Cintas adhesivas de una cara\",\"item\":\"https:\\\/\\\/cardinal-tapes.com\\\/es\\\/categora\\\/cintas-adhesivas-de-una-cara\\\/\"},{\"@type\":\"ListItem\",\"position\":4,\"name\":\"AT6190 Cinta para piedra con adhesi\u00f3n instant\u00e1nea extremadamente fuerte\"}]},{\"@type\":\"WebSite\",\"@id\":\"https:\\\/\\\/cardinal-tapes.com\\\/#website\",\"url\":\"https:\\\/\\\/cardinal-tapes.com\\\/\",\"name\":\"cardinal TAPES\",\"description\":\"Klebetechnik aus Wuppertal\",\"potentialAction\":[{\"@type\":\"SearchAction\",\"target\":{\"@type\":\"EntryPoint\",\"urlTemplate\":\"https:\\\/\\\/cardinal-tapes.com\\\/?s={search_term_string}\"},\"query-input\":{\"@type\":\"PropertyValueSpecification\",\"valueRequired\":true,\"valueName\":\"search_term_string\"}}],\"inLanguage\":\"es\"}]}<\/script>\n<!-- \/ Yoast SEO plugin. -->","yoast_head_json":{"title":"AT6190 Cinta de Piedra | Cardinal TAPES","description":"AT6190 es una cinta de piedra superfuerte y resistente al agua recubierta de un agresivo adhesivo de caucho sin disolventes.","robots":{"index":"index","follow":"follow","max-snippet":"max-snippet:-1","max-image-preview":"max-image-preview:large","max-video-preview":"max-video-preview:-1"},"canonical":"https:\/\/cardinal-tapes.com\/es\/cintas-adhesivas\/cintas-adhesivas-de-una-cara\/at6190-piedra-cinta-con-extrema-fuerte-adherencia-inmediata\/","og_locale":"es_ES","og_type":"article","og_title":"AT6190 Cinta de Piedra | Cardinal TAPES","og_description":"AT6190 es una cinta de piedra superfuerte y resistente al agua recubierta de un agresivo adhesivo de caucho sin disolventes.","og_url":"https:\/\/cardinal-tapes.com\/es\/cintas-adhesivas\/cintas-adhesivas-de-una-cara\/at6190-piedra-cinta-con-extrema-fuerte-adherencia-inmediata\/","og_site_name":"cardinal TAPES","og_image":[{"width":2000,"height":2000,"url":"https:\/\/cardinal-tapes.com\/wp-content\/uploads\/AT6190-1.jpg","type":"image\/jpeg"}],"twitter_card":"summary_large_image","twitter_misc":{"Tiempo de lectura":"1 minuto"},"schema":{"@context":"https:\/\/schema.org","@graph":[{"@type":"WebPage","@id":"https:\/\/cardinal-tapes.com\/es\/cintas-adhesivas\/cintas-adhesivas-de-una-cara\/at6190-piedra-cinta-con-extrema-fuerte-adherencia-inmediata\/","url":"https:\/\/cardinal-tapes.com\/es\/cintas-adhesivas\/cintas-adhesivas-de-una-cara\/at6190-piedra-cinta-con-extrema-fuerte-adherencia-inmediata\/","name":"AT6190 Cinta de Piedra | Cardinal TAPES","isPartOf":{"@id":"https:\/\/cardinal-tapes.com\/#website"},"primaryImageOfPage":{"@id":"https:\/\/cardinal-tapes.com\/es\/cintas-adhesivas\/cintas-adhesivas-de-una-cara\/at6190-piedra-cinta-con-extrema-fuerte-adherencia-inmediata\/#primaryimage"},"image":{"@id":"https:\/\/cardinal-tapes.com\/es\/cintas-adhesivas\/cintas-adhesivas-de-una-cara\/at6190-piedra-cinta-con-extrema-fuerte-adherencia-inmediata\/#primaryimage"},"thumbnailUrl":"https:\/\/cardinal-tapes.com\/wp-content\/uploads\/AT6190-1.jpg","datePublished":"2023-06-05T14:55:50+00:00","description":"AT6190 es una cinta de piedra superfuerte y resistente al agua recubierta de un agresivo adhesivo de caucho sin disolventes.","breadcrumb":{"@id":"https:\/\/cardinal-tapes.com\/es\/cintas-adhesivas\/cintas-adhesivas-de-una-cara\/at6190-piedra-cinta-con-extrema-fuerte-adherencia-inmediata\/#breadcrumb"},"inLanguage":"es","potentialAction":[{"@type":"ReadAction","target":["https:\/\/cardinal-tapes.com\/es\/cintas-adhesivas\/cintas-adhesivas-de-una-cara\/at6190-piedra-cinta-con-extrema-fuerte-adherencia-inmediata\/"]}]},{"@type":"ImageObject","inLanguage":"es","@id":"https:\/\/cardinal-tapes.com\/es\/cintas-adhesivas\/cintas-adhesivas-de-una-cara\/at6190-piedra-cinta-con-extrema-fuerte-adherencia-inmediata\/#primaryimage","url":"https:\/\/cardinal-tapes.com\/wp-content\/uploads\/AT6190-1.jpg","contentUrl":"https:\/\/cardinal-tapes.com\/wp-content\/uploads\/AT6190-1.jpg","width":2000,"height":2000},{"@type":"BreadcrumbList","@id":"https:\/\/cardinal-tapes.com\/es\/cintas-adhesivas\/cintas-adhesivas-de-una-cara\/at6190-piedra-cinta-con-extrema-fuerte-adherencia-inmediata\/#breadcrumb","itemListElement":[{"@type":"ListItem","position":1,"name":"Startseite","item":"https:\/\/cardinal-tapes.com\/es\/"},{"@type":"ListItem","position":2,"name":"Cintas adhesivas","item":"https:\/\/cardinal-tapes.com\/es\/cintas-adhesivas-es\/"},{"@type":"ListItem","position":3,"name":"Cintas adhesivas de una cara","item":"https:\/\/cardinal-tapes.com\/es\/categora\/cintas-adhesivas-de-una-cara\/"},{"@type":"ListItem","position":4,"name":"AT6190 Cinta para piedra con adhesi\u00f3n instant\u00e1nea extremadamente fuerte"}]},{"@type":"WebSite","@id":"https:\/\/cardinal-tapes.com\/#website","url":"https:\/\/cardinal-tapes.com\/","name":"cardinal TAPES","description":"Klebetechnik aus Wuppertal","potentialAction":[{"@type":"SearchAction","target":{"@type":"EntryPoint","urlTemplate":"https:\/\/cardinal-tapes.com\/?s={search_term_string}"},"query-input":{"@type":"PropertyValueSpecification","valueRequired":true,"valueName":"search_term_string"}}],"inLanguage":"es"}]}},"brands":[{"id":2502,"name":"Advance Tapes","slug":"advance-tapes-es"}],"_links":{"self":[{"href":"https:\/\/cardinal-tapes.com\/es\/wp-json\/wp\/v2\/product\/40680","targetHints":{"allow":["GET"]}}],"collection":[{"href":"https:\/\/cardinal-tapes.com\/es\/wp-json\/wp\/v2\/product"}],"about":[{"href":"https:\/\/cardinal-tapes.com\/es\/wp-json\/wp\/v2\/types\/product"}],"wp:featuredmedia":[{"embeddable":true,"href":"https:\/\/cardinal-tapes.com\/es\/wp-json\/wp\/v2\/media\/28779"}],"wp:attachment":[{"href":"https:\/\/cardinal-tapes.com\/es\/wp-json\/wp\/v2\/media?parent=40680"}],"wp:term":[{"taxonomy":"pwb-brand","embeddable":true,"href":"https:\/\/cardinal-tapes.com\/es\/wp-json\/wp\/v2\/pwb-brand?post=40680"},{"taxonomy":"product_brand","embeddable":true,"href":"https:\/\/cardinal-tapes.com\/es\/wp-json\/wp\/v2\/product_brand?post=40680"},{"taxonomy":"product_cat","embeddable":true,"href":"https:\/\/cardinal-tapes.com\/es\/wp-json\/wp\/v2\/product_cat?post=40680"},{"taxonomy":"product_tag","embeddable":true,"href":"https:\/\/cardinal-tapes.com\/es\/wp-json\/wp\/v2\/product_tag?post=40680"}],"curies":[{"name":"wp","href":"https:\/\/api.w.org\/{rel}","templated":true}]}}