{"id":40678,"date":"2021-08-25T09:48:52","date_gmt":"2023-06-05T14:55:50","guid":{"rendered":"https:\/\/cardinal.pixel-tal.de\/klebebaender\/sin%20categor\u00eda\/at6102-cinta-de-proteccion-de-edificios-de-pe\/"},"modified":"2025-07-02T12:34:43","modified_gmt":"2025-07-02T10:34:43","slug":"at6102-pe-cinta-de-proteccion-de-edificios","status":"publish","type":"product","link":"https:\/\/cardinal-tapes.com\/es\/cintas-adhesivas\/ambitos-de-aplicacion\/cinta-de-tela\/at6102-pe-cinta-de-proteccion-de-edificios\/","title":{"rendered":"AT6102 Cinta de protecci\u00f3n de edificios de PE"},"content":{"rendered":"<div class=\"first_para_desc\">\n<div class=\"first_para_desc\">\n<div class=\"first_para_desc\">\n<div class=\"first_para_desc\">\n<p>AT6102 es una cinta de protecci\u00f3n de edificios de polietileno especialmente adecuada para aplicaciones en el sector de la construcci\u00f3n. Es f\u00e1cil de arrancar y puede despegarse de la mayor\u00eda de las superficies sin dejar residuos. La cinta tambi\u00e9n es resistente a los rayos UV y al agua y soporta temperaturas fr\u00edas y heladas. Ideal para uso en interiores y exteriores para proteger superficies delicadas. Disponible en blanco como producto est\u00e1ndar, y tambi\u00e9n en negro y naranja.<\/p>\n<\/div>\n<p><strong>Aplicaciones<\/strong><\/p>\n<p>Protecci\u00f3n y recubrimiento de superficies sensibles durante las obras de construcci\u00f3n y reconversi\u00f3n. Especialmente indicado para la protecci\u00f3n de ventanas y puertas de pl\u00e1stico.<\/p>\n<p><strong>Propiedades<\/strong><\/p>\n<ul>\n<li>F\u00e1cil de arrancar<\/li>\n<li>Se retira sin dejar residuos<\/li>\n<li>Alternativa m\u00e1s ecol\u00f3gica a las cintas de protecci\u00f3n de edificios de PVC<\/li>\n<li>Resistente a heladas y temperaturas extremas<\/li>\n<\/ul>\n<\/div>\n<\/div>\n<\/div>\n","protected":false},"excerpt":{"rendered":"<p>AT6102 es una cinta de protecci\u00f3n de edificios de polietileno especialmente adecuada para aplicaciones en el sector de la construcci\u00f3n. Es f\u00e1cil de arrancar y puede despegarse de la mayor\u00eda de las superficies sin dejar residuos. La cinta tambi\u00e9n es resistente a los rayos UV y al agua y soporta temperaturas fr\u00edas y heladas. Ideal [&hellip;]<\/p>\n","protected":false},"featured_media":28771,"template":"","meta":{"_acf_changed":false},"pwb-brand":[2502],"product_brand":[],"product_cat":[1705,1707,1806],"product_tag":[],"class_list":{"0":"post-40678","1":"product","2":"type-product","3":"status-publish","4":"has-post-thumbnail","6":"pwb-brand-advance-tapes-es","7":"product_cat-cinta-de-tela","8":"product_cat-cinta-plastificada","9":"product_cat-cintas-adhesivas-de-una-cara","11":"first","12":"instock","13":"taxable","14":"shipping-taxable","15":"purchasable","16":"product-type-variable"},"acf":[],"yoast_head":"<!-- This site is optimized with the Yoast SEO plugin v27.3 - https:\/\/yoast.com\/product\/yoast-seo-wordpress\/ -->\n<title>AT6102 Cinta de protecci\u00f3n de edificios PE | Cardinal TAPES<\/title>\n<meta name=\"description\" content=\"AT6102 es una cinta de protecci\u00f3n de edificios de polietileno especialmente adecuada para aplicaciones en el sector de la construcci\u00f3n.\" \/>\n<meta name=\"robots\" content=\"index, follow, max-snippet:-1, max-image-preview:large, max-video-preview:-1\" \/>\n<link rel=\"canonical\" href=\"https:\/\/cardinal-tapes.com\/es\/cintas-adhesivas\/ambitos-de-aplicacion\/cinta-de-tela\/at6102-pe-cinta-de-proteccion-de-edificios\/\" \/>\n<meta property=\"og:locale\" content=\"es_ES\" \/>\n<meta property=\"og:type\" content=\"article\" \/>\n<meta property=\"og:title\" content=\"AT6102 Cinta de protecci\u00f3n de edificios PE | Cardinal TAPES\" \/>\n<meta property=\"og:description\" content=\"AT6102 es una cinta de protecci\u00f3n de edificios de polietileno especialmente adecuada para aplicaciones en el sector de la construcci\u00f3n.\" \/>\n<meta property=\"og:url\" content=\"https:\/\/cardinal-tapes.com\/es\/cintas-adhesivas\/ambitos-de-aplicacion\/cinta-de-tela\/at6102-pe-cinta-de-proteccion-de-edificios\/\" \/>\n<meta property=\"og:site_name\" content=\"cardinal TAPES\" \/>\n<meta property=\"article:modified_time\" content=\"2025-07-02T10:34:43+00:00\" \/>\n<meta property=\"og:image\" content=\"https:\/\/cardinal-tapes.com\/wp-content\/uploads\/AT6102-White-scaled.jpg\" \/>\n\t<meta property=\"og:image:width\" content=\"2560\" \/>\n\t<meta property=\"og:image:height\" content=\"2560\" \/>\n\t<meta property=\"og:image:type\" content=\"image\/jpeg\" \/>\n<meta name=\"twitter:card\" content=\"summary_large_image\" \/>\n<meta name=\"twitter:label1\" content=\"Tiempo de lectura\" \/>\n\t<meta name=\"twitter:data1\" content=\"1 minuto\" \/>\n<script type=\"application\/ld+json\" class=\"yoast-schema-graph\">{\"@context\":\"https:\\\/\\\/schema.org\",\"@graph\":[{\"@type\":\"WebPage\",\"@id\":\"https:\\\/\\\/cardinal-tapes.com\\\/es\\\/cintas-adhesivas\\\/ambitos-de-aplicacion\\\/cinta-de-tela\\\/at6102-pe-cinta-de-proteccion-de-edificios\\\/\",\"url\":\"https:\\\/\\\/cardinal-tapes.com\\\/es\\\/cintas-adhesivas\\\/ambitos-de-aplicacion\\\/cinta-de-tela\\\/at6102-pe-cinta-de-proteccion-de-edificios\\\/\",\"name\":\"AT6102 Cinta de protecci\u00f3n de edificios PE | Cardinal TAPES\",\"isPartOf\":{\"@id\":\"https:\\\/\\\/cardinal-tapes.com\\\/#website\"},\"primaryImageOfPage\":{\"@id\":\"https:\\\/\\\/cardinal-tapes.com\\\/es\\\/cintas-adhesivas\\\/ambitos-de-aplicacion\\\/cinta-de-tela\\\/at6102-pe-cinta-de-proteccion-de-edificios\\\/#primaryimage\"},\"image\":{\"@id\":\"https:\\\/\\\/cardinal-tapes.com\\\/es\\\/cintas-adhesivas\\\/ambitos-de-aplicacion\\\/cinta-de-tela\\\/at6102-pe-cinta-de-proteccion-de-edificios\\\/#primaryimage\"},\"thumbnailUrl\":\"https:\\\/\\\/cardinal-tapes.com\\\/wp-content\\\/uploads\\\/AT6102-White-scaled.jpg\",\"datePublished\":\"2023-06-05T14:55:50+00:00\",\"dateModified\":\"2025-07-02T10:34:43+00:00\",\"description\":\"AT6102 es una cinta de protecci\u00f3n de edificios de polietileno especialmente adecuada para aplicaciones en el sector de la construcci\u00f3n.\",\"breadcrumb\":{\"@id\":\"https:\\\/\\\/cardinal-tapes.com\\\/es\\\/cintas-adhesivas\\\/ambitos-de-aplicacion\\\/cinta-de-tela\\\/at6102-pe-cinta-de-proteccion-de-edificios\\\/#breadcrumb\"},\"inLanguage\":\"es\",\"potentialAction\":[{\"@type\":\"ReadAction\",\"target\":[\"https:\\\/\\\/cardinal-tapes.com\\\/es\\\/cintas-adhesivas\\\/ambitos-de-aplicacion\\\/cinta-de-tela\\\/at6102-pe-cinta-de-proteccion-de-edificios\\\/\"]}]},{\"@type\":\"ImageObject\",\"inLanguage\":\"es\",\"@id\":\"https:\\\/\\\/cardinal-tapes.com\\\/es\\\/cintas-adhesivas\\\/ambitos-de-aplicacion\\\/cinta-de-tela\\\/at6102-pe-cinta-de-proteccion-de-edificios\\\/#primaryimage\",\"url\":\"https:\\\/\\\/cardinal-tapes.com\\\/wp-content\\\/uploads\\\/AT6102-White-scaled.jpg\",\"contentUrl\":\"https:\\\/\\\/cardinal-tapes.com\\\/wp-content\\\/uploads\\\/AT6102-White-scaled.jpg\",\"width\":2560,\"height\":2560},{\"@type\":\"BreadcrumbList\",\"@id\":\"https:\\\/\\\/cardinal-tapes.com\\\/es\\\/cintas-adhesivas\\\/ambitos-de-aplicacion\\\/cinta-de-tela\\\/at6102-pe-cinta-de-proteccion-de-edificios\\\/#breadcrumb\",\"itemListElement\":[{\"@type\":\"ListItem\",\"position\":1,\"name\":\"Startseite\",\"item\":\"https:\\\/\\\/cardinal-tapes.com\\\/es\\\/\"},{\"@type\":\"ListItem\",\"position\":2,\"name\":\"Cintas adhesivas\",\"item\":\"https:\\\/\\\/cardinal-tapes.com\\\/es\\\/cintas-adhesivas-es\\\/\"},{\"@type\":\"ListItem\",\"position\":3,\"name\":\"\u00c1mbitos de aplicaci\u00f3n\",\"item\":\"https:\\\/\\\/cardinal-tapes.com\\\/es\\\/categora\\\/ambitos-de-aplicacion\\\/\"},{\"@type\":\"ListItem\",\"position\":4,\"name\":\"Cinta de tela\",\"item\":\"https:\\\/\\\/cardinal-tapes.com\\\/es\\\/categora\\\/cinta-de-tela\\\/\"},{\"@type\":\"ListItem\",\"position\":5,\"name\":\"AT6102 Cinta de protecci\u00f3n de edificios de PE\"}]},{\"@type\":\"WebSite\",\"@id\":\"https:\\\/\\\/cardinal-tapes.com\\\/#website\",\"url\":\"https:\\\/\\\/cardinal-tapes.com\\\/\",\"name\":\"cardinal TAPES\",\"description\":\"Klebetechnik aus Wuppertal\",\"potentialAction\":[{\"@type\":\"SearchAction\",\"target\":{\"@type\":\"EntryPoint\",\"urlTemplate\":\"https:\\\/\\\/cardinal-tapes.com\\\/?s={search_term_string}\"},\"query-input\":{\"@type\":\"PropertyValueSpecification\",\"valueRequired\":true,\"valueName\":\"search_term_string\"}}],\"inLanguage\":\"es\"}]}<\/script>\n<!-- \/ Yoast SEO plugin. -->","yoast_head_json":{"title":"AT6102 Cinta de protecci\u00f3n de edificios PE | Cardinal TAPES","description":"AT6102 es una cinta de protecci\u00f3n de edificios de polietileno especialmente adecuada para aplicaciones en el sector de la construcci\u00f3n.","robots":{"index":"index","follow":"follow","max-snippet":"max-snippet:-1","max-image-preview":"max-image-preview:large","max-video-preview":"max-video-preview:-1"},"canonical":"https:\/\/cardinal-tapes.com\/es\/cintas-adhesivas\/ambitos-de-aplicacion\/cinta-de-tela\/at6102-pe-cinta-de-proteccion-de-edificios\/","og_locale":"es_ES","og_type":"article","og_title":"AT6102 Cinta de protecci\u00f3n de edificios PE | Cardinal TAPES","og_description":"AT6102 es una cinta de protecci\u00f3n de edificios de polietileno especialmente adecuada para aplicaciones en el sector de la construcci\u00f3n.","og_url":"https:\/\/cardinal-tapes.com\/es\/cintas-adhesivas\/ambitos-de-aplicacion\/cinta-de-tela\/at6102-pe-cinta-de-proteccion-de-edificios\/","og_site_name":"cardinal TAPES","article_modified_time":"2025-07-02T10:34:43+00:00","og_image":[{"width":2560,"height":2560,"url":"https:\/\/cardinal-tapes.com\/wp-content\/uploads\/AT6102-White-scaled.jpg","type":"image\/jpeg"}],"twitter_card":"summary_large_image","twitter_misc":{"Tiempo de lectura":"1 minuto"},"schema":{"@context":"https:\/\/schema.org","@graph":[{"@type":"WebPage","@id":"https:\/\/cardinal-tapes.com\/es\/cintas-adhesivas\/ambitos-de-aplicacion\/cinta-de-tela\/at6102-pe-cinta-de-proteccion-de-edificios\/","url":"https:\/\/cardinal-tapes.com\/es\/cintas-adhesivas\/ambitos-de-aplicacion\/cinta-de-tela\/at6102-pe-cinta-de-proteccion-de-edificios\/","name":"AT6102 Cinta de protecci\u00f3n de edificios PE | Cardinal TAPES","isPartOf":{"@id":"https:\/\/cardinal-tapes.com\/#website"},"primaryImageOfPage":{"@id":"https:\/\/cardinal-tapes.com\/es\/cintas-adhesivas\/ambitos-de-aplicacion\/cinta-de-tela\/at6102-pe-cinta-de-proteccion-de-edificios\/#primaryimage"},"image":{"@id":"https:\/\/cardinal-tapes.com\/es\/cintas-adhesivas\/ambitos-de-aplicacion\/cinta-de-tela\/at6102-pe-cinta-de-proteccion-de-edificios\/#primaryimage"},"thumbnailUrl":"https:\/\/cardinal-tapes.com\/wp-content\/uploads\/AT6102-White-scaled.jpg","datePublished":"2023-06-05T14:55:50+00:00","dateModified":"2025-07-02T10:34:43+00:00","description":"AT6102 es una cinta de protecci\u00f3n de edificios de polietileno especialmente adecuada para aplicaciones en el sector de la construcci\u00f3n.","breadcrumb":{"@id":"https:\/\/cardinal-tapes.com\/es\/cintas-adhesivas\/ambitos-de-aplicacion\/cinta-de-tela\/at6102-pe-cinta-de-proteccion-de-edificios\/#breadcrumb"},"inLanguage":"es","potentialAction":[{"@type":"ReadAction","target":["https:\/\/cardinal-tapes.com\/es\/cintas-adhesivas\/ambitos-de-aplicacion\/cinta-de-tela\/at6102-pe-cinta-de-proteccion-de-edificios\/"]}]},{"@type":"ImageObject","inLanguage":"es","@id":"https:\/\/cardinal-tapes.com\/es\/cintas-adhesivas\/ambitos-de-aplicacion\/cinta-de-tela\/at6102-pe-cinta-de-proteccion-de-edificios\/#primaryimage","url":"https:\/\/cardinal-tapes.com\/wp-content\/uploads\/AT6102-White-scaled.jpg","contentUrl":"https:\/\/cardinal-tapes.com\/wp-content\/uploads\/AT6102-White-scaled.jpg","width":2560,"height":2560},{"@type":"BreadcrumbList","@id":"https:\/\/cardinal-tapes.com\/es\/cintas-adhesivas\/ambitos-de-aplicacion\/cinta-de-tela\/at6102-pe-cinta-de-proteccion-de-edificios\/#breadcrumb","itemListElement":[{"@type":"ListItem","position":1,"name":"Startseite","item":"https:\/\/cardinal-tapes.com\/es\/"},{"@type":"ListItem","position":2,"name":"Cintas adhesivas","item":"https:\/\/cardinal-tapes.com\/es\/cintas-adhesivas-es\/"},{"@type":"ListItem","position":3,"name":"\u00c1mbitos de aplicaci\u00f3n","item":"https:\/\/cardinal-tapes.com\/es\/categora\/ambitos-de-aplicacion\/"},{"@type":"ListItem","position":4,"name":"Cinta de tela","item":"https:\/\/cardinal-tapes.com\/es\/categora\/cinta-de-tela\/"},{"@type":"ListItem","position":5,"name":"AT6102 Cinta de protecci\u00f3n de edificios de PE"}]},{"@type":"WebSite","@id":"https:\/\/cardinal-tapes.com\/#website","url":"https:\/\/cardinal-tapes.com\/","name":"cardinal TAPES","description":"Klebetechnik aus Wuppertal","potentialAction":[{"@type":"SearchAction","target":{"@type":"EntryPoint","urlTemplate":"https:\/\/cardinal-tapes.com\/?s={search_term_string}"},"query-input":{"@type":"PropertyValueSpecification","valueRequired":true,"valueName":"search_term_string"}}],"inLanguage":"es"}]}},"brands":[{"id":2502,"name":"Advance Tapes","slug":"advance-tapes-es"}],"_links":{"self":[{"href":"https:\/\/cardinal-tapes.com\/es\/wp-json\/wp\/v2\/product\/40678","targetHints":{"allow":["GET"]}}],"collection":[{"href":"https:\/\/cardinal-tapes.com\/es\/wp-json\/wp\/v2\/product"}],"about":[{"href":"https:\/\/cardinal-tapes.com\/es\/wp-json\/wp\/v2\/types\/product"}],"wp:featuredmedia":[{"embeddable":true,"href":"https:\/\/cardinal-tapes.com\/es\/wp-json\/wp\/v2\/media\/28771"}],"wp:attachment":[{"href":"https:\/\/cardinal-tapes.com\/es\/wp-json\/wp\/v2\/media?parent=40678"}],"wp:term":[{"taxonomy":"pwb-brand","embeddable":true,"href":"https:\/\/cardinal-tapes.com\/es\/wp-json\/wp\/v2\/pwb-brand?post=40678"},{"taxonomy":"product_brand","embeddable":true,"href":"https:\/\/cardinal-tapes.com\/es\/wp-json\/wp\/v2\/product_brand?post=40678"},{"taxonomy":"product_cat","embeddable":true,"href":"https:\/\/cardinal-tapes.com\/es\/wp-json\/wp\/v2\/product_cat?post=40678"},{"taxonomy":"product_tag","embeddable":true,"href":"https:\/\/cardinal-tapes.com\/es\/wp-json\/wp\/v2\/product_tag?post=40678"}],"curies":[{"name":"wp","href":"https:\/\/api.w.org\/{rel}","templated":true}]}}