{"id":40676,"date":"2021-08-25T10:14:01","date_gmt":"2023-06-05T14:55:50","guid":{"rendered":"https:\/\/cardinal.pixel-tal.de\/klebebaender\/sin categor\u00eda\/cinta-de-sellado-termoendurecible-at163\/"},"modified":"2023-06-05T16:55:50","modified_gmt":"2023-06-05T14:55:50","slug":"at163-cinta-de-sellado-aislante","status":"publish","type":"product","link":"https:\/\/cardinal-tapes.com\/es\/cintas-adhesivas\/ambitos-de-aplicacion\/cinta-de-tela\/at163-cinta-de-sellado-aislante\/","title":{"rendered":"Cinta de sellado termoendurecible AT163"},"content":{"rendered":"<div class=\"first_para_desc\">\n<div class=\"first_para_desc\">\n<div class=\"first_para_desc\">\n<div class=\"first_para_desc\">\n<p>AT163 es una cinta de tejido de polietileno brillante de alta calidad recubierta con un adhesivo de caucho termoendurecible sin disolventes. Por ello, es muy resistente al calor y puede despegarse de la mayor\u00eda de las superficies hasta 110\u00b0C sin dejar residuos. La cinta tiene una gran fuerza adhesiva, buena resistencia a la abrasi\u00f3n y es extremadamente flexible. El AT163 es especialmente resistente al agua y al agua salada y es adecuado para su uso en aplicaciones marinas y en la tecnolog\u00eda de calefacci\u00f3n, ventilaci\u00f3n y aire acondicionado.<\/p>\n<\/div>\n<p><strong>Aplicaciones<\/strong><\/p>\n<ul>\n<li>  Sellado a tope para tubos de ventilaci\u00f3n de metal o pl\u00e1stico<\/li>\n<li>Sellado de materiales aislantes con superficie blanda o fibrosa<\/li>\n<li>Protecci\u00f3n de plataformas marinas<\/li>\n<li>Adecuado para peque\u00f1os trabajos de chorreado<\/li>\n<\/ul>\n<p><strong>Propiedades<\/strong><\/p>\n<ul>\n<li>Fuerte adherencia inmediata<\/li>\n<li>Buena resistencia a la abrasi\u00f3n<\/li>\n<li>Desmontable hasta 110\u00b0C sin dejar residuos<\/li>\n<li>Adaptable a la forma<\/li>\n<li>Resistente al agua y al agua salada<\/li>\n<\/ul>\n<\/div>\n<\/div>\n<\/div>\n","protected":false},"excerpt":{"rendered":"<p>AT163 es una cinta de tejido de polietileno brillante de alta calidad recubierta con un adhesivo de caucho termoendurecible sin disolventes. Por ello, es muy resistente al calor y puede despegarse de la mayor\u00eda de las superficies hasta 110\u00b0C sin dejar residuos. La cinta tiene una gran fuerza adhesiva, buena resistencia a la abrasi\u00f3n y [&hellip;]<\/p>\n","protected":false},"featured_media":28775,"template":"","meta":{"_acf_changed":false},"pwb-brand":[2502],"product_brand":[],"product_cat":[1705,1806],"product_tag":[],"class_list":{"0":"post-40676","1":"product","2":"type-product","3":"status-publish","4":"has-post-thumbnail","6":"pwb-brand-advance-tapes-es","7":"product_cat-cinta-de-tela","8":"product_cat-cintas-adhesivas-de-una-cara","10":"first","11":"instock","12":"taxable","13":"shipping-taxable","14":"purchasable","15":"product-type-variable"},"acf":[],"yoast_head":"<!-- This site is optimized with the Yoast SEO plugin v27.3 - https:\/\/yoast.com\/product\/yoast-seo-wordpress\/ -->\n<title>AT163 Cinta de sellado termoendurecible | Cardinal TAPES<\/title>\n<meta name=\"description\" content=\"AT163 es una cinta selladora termoendurecible para conductos de aire y tuber\u00edas.\" \/>\n<meta name=\"robots\" content=\"index, follow, max-snippet:-1, max-image-preview:large, max-video-preview:-1\" \/>\n<link rel=\"canonical\" href=\"https:\/\/cardinal-tapes.com\/es\/cintas-adhesivas\/cinta-de-tela\/at163-cinta-de-sellado-aislante\/\" \/>\n<meta property=\"og:locale\" content=\"es_ES\" \/>\n<meta property=\"og:type\" content=\"article\" \/>\n<meta property=\"og:title\" content=\"AT163 Cinta de sellado termoendurecible | Cardinal TAPES\" \/>\n<meta property=\"og:description\" content=\"AT163 es una cinta selladora termoendurecible para conductos de aire y tuber\u00edas.\" \/>\n<meta property=\"og:url\" content=\"https:\/\/cardinal-tapes.com\/es\/cintas-adhesivas\/cinta-de-tela\/at163-cinta-de-sellado-aislante\/\" \/>\n<meta property=\"og:site_name\" content=\"cardinal TAPES\" \/>\n<meta property=\"og:image\" content=\"https:\/\/cardinal-tapes.com\/wp-content\/uploads\/AT163-Silver-50mm-scaled.jpg\" \/>\n\t<meta property=\"og:image:width\" content=\"2560\" \/>\n\t<meta property=\"og:image:height\" content=\"2560\" \/>\n\t<meta property=\"og:image:type\" content=\"image\/jpeg\" \/>\n<meta name=\"twitter:card\" content=\"summary_large_image\" \/>\n<meta name=\"twitter:label1\" content=\"Tiempo de lectura\" \/>\n\t<meta name=\"twitter:data1\" content=\"1 minuto\" \/>\n<script type=\"application\/ld+json\" class=\"yoast-schema-graph\">{\"@context\":\"https:\\\/\\\/schema.org\",\"@graph\":[{\"@type\":\"WebPage\",\"@id\":\"https:\\\/\\\/cardinal-tapes.com\\\/es\\\/cintas-adhesivas\\\/cinta-de-tela\\\/at163-cinta-de-sellado-aislante\\\/\",\"url\":\"https:\\\/\\\/cardinal-tapes.com\\\/es\\\/cintas-adhesivas\\\/cinta-de-tela\\\/at163-cinta-de-sellado-aislante\\\/\",\"name\":\"AT163 Cinta de sellado termoendurecible | Cardinal TAPES\",\"isPartOf\":{\"@id\":\"https:\\\/\\\/cardinal-tapes.com\\\/#website\"},\"primaryImageOfPage\":{\"@id\":\"https:\\\/\\\/cardinal-tapes.com\\\/es\\\/cintas-adhesivas\\\/cinta-de-tela\\\/at163-cinta-de-sellado-aislante\\\/#primaryimage\"},\"image\":{\"@id\":\"https:\\\/\\\/cardinal-tapes.com\\\/es\\\/cintas-adhesivas\\\/cinta-de-tela\\\/at163-cinta-de-sellado-aislante\\\/#primaryimage\"},\"thumbnailUrl\":\"https:\\\/\\\/cardinal-tapes.com\\\/wp-content\\\/uploads\\\/AT163-Silver-50mm-scaled.jpg\",\"datePublished\":\"2023-06-05T14:55:50+00:00\",\"description\":\"AT163 es una cinta selladora termoendurecible para conductos de aire y tuber\u00edas.\",\"breadcrumb\":{\"@id\":\"https:\\\/\\\/cardinal-tapes.com\\\/es\\\/cintas-adhesivas\\\/cinta-de-tela\\\/at163-cinta-de-sellado-aislante\\\/#breadcrumb\"},\"inLanguage\":\"es\",\"potentialAction\":[{\"@type\":\"ReadAction\",\"target\":[\"https:\\\/\\\/cardinal-tapes.com\\\/es\\\/cintas-adhesivas\\\/cinta-de-tela\\\/at163-cinta-de-sellado-aislante\\\/\"]}]},{\"@type\":\"ImageObject\",\"inLanguage\":\"es\",\"@id\":\"https:\\\/\\\/cardinal-tapes.com\\\/es\\\/cintas-adhesivas\\\/cinta-de-tela\\\/at163-cinta-de-sellado-aislante\\\/#primaryimage\",\"url\":\"https:\\\/\\\/cardinal-tapes.com\\\/wp-content\\\/uploads\\\/AT163-Silver-50mm-scaled.jpg\",\"contentUrl\":\"https:\\\/\\\/cardinal-tapes.com\\\/wp-content\\\/uploads\\\/AT163-Silver-50mm-scaled.jpg\",\"width\":2560,\"height\":2560},{\"@type\":\"BreadcrumbList\",\"@id\":\"https:\\\/\\\/cardinal-tapes.com\\\/es\\\/cintas-adhesivas\\\/cinta-de-tela\\\/at163-cinta-de-sellado-aislante\\\/#breadcrumb\",\"itemListElement\":[{\"@type\":\"ListItem\",\"position\":1,\"name\":\"Startseite\",\"item\":\"https:\\\/\\\/cardinal-tapes.com\\\/es\\\/\"},{\"@type\":\"ListItem\",\"position\":2,\"name\":\"Cintas adhesivas\",\"item\":\"https:\\\/\\\/cardinal-tapes.com\\\/es\\\/cintas-adhesivas-es\\\/\"},{\"@type\":\"ListItem\",\"position\":3,\"name\":\"Cinta de tela\",\"item\":\"https:\\\/\\\/cardinal-tapes.com\\\/es\\\/categora\\\/cinta-de-tela\\\/\"},{\"@type\":\"ListItem\",\"position\":4,\"name\":\"Cinta de sellado termoendurecible AT163\"}]},{\"@type\":\"WebSite\",\"@id\":\"https:\\\/\\\/cardinal-tapes.com\\\/#website\",\"url\":\"https:\\\/\\\/cardinal-tapes.com\\\/\",\"name\":\"cardinal TAPES\",\"description\":\"Klebetechnik aus Wuppertal\",\"potentialAction\":[{\"@type\":\"SearchAction\",\"target\":{\"@type\":\"EntryPoint\",\"urlTemplate\":\"https:\\\/\\\/cardinal-tapes.com\\\/?s={search_term_string}\"},\"query-input\":{\"@type\":\"PropertyValueSpecification\",\"valueRequired\":true,\"valueName\":\"search_term_string\"}}],\"inLanguage\":\"es\"}]}<\/script>\n<!-- \/ Yoast SEO plugin. -->","yoast_head_json":{"title":"AT163 Cinta de sellado termoendurecible | Cardinal TAPES","description":"AT163 es una cinta selladora termoendurecible para conductos de aire y tuber\u00edas.","robots":{"index":"index","follow":"follow","max-snippet":"max-snippet:-1","max-image-preview":"max-image-preview:large","max-video-preview":"max-video-preview:-1"},"canonical":"https:\/\/cardinal-tapes.com\/es\/cintas-adhesivas\/cinta-de-tela\/at163-cinta-de-sellado-aislante\/","og_locale":"es_ES","og_type":"article","og_title":"AT163 Cinta de sellado termoendurecible | Cardinal TAPES","og_description":"AT163 es una cinta selladora termoendurecible para conductos de aire y tuber\u00edas.","og_url":"https:\/\/cardinal-tapes.com\/es\/cintas-adhesivas\/cinta-de-tela\/at163-cinta-de-sellado-aislante\/","og_site_name":"cardinal TAPES","og_image":[{"width":2560,"height":2560,"url":"https:\/\/cardinal-tapes.com\/wp-content\/uploads\/AT163-Silver-50mm-scaled.jpg","type":"image\/jpeg"}],"twitter_card":"summary_large_image","twitter_misc":{"Tiempo de lectura":"1 minuto"},"schema":{"@context":"https:\/\/schema.org","@graph":[{"@type":"WebPage","@id":"https:\/\/cardinal-tapes.com\/es\/cintas-adhesivas\/cinta-de-tela\/at163-cinta-de-sellado-aislante\/","url":"https:\/\/cardinal-tapes.com\/es\/cintas-adhesivas\/cinta-de-tela\/at163-cinta-de-sellado-aislante\/","name":"AT163 Cinta de sellado termoendurecible | Cardinal TAPES","isPartOf":{"@id":"https:\/\/cardinal-tapes.com\/#website"},"primaryImageOfPage":{"@id":"https:\/\/cardinal-tapes.com\/es\/cintas-adhesivas\/cinta-de-tela\/at163-cinta-de-sellado-aislante\/#primaryimage"},"image":{"@id":"https:\/\/cardinal-tapes.com\/es\/cintas-adhesivas\/cinta-de-tela\/at163-cinta-de-sellado-aislante\/#primaryimage"},"thumbnailUrl":"https:\/\/cardinal-tapes.com\/wp-content\/uploads\/AT163-Silver-50mm-scaled.jpg","datePublished":"2023-06-05T14:55:50+00:00","description":"AT163 es una cinta selladora termoendurecible para conductos de aire y tuber\u00edas.","breadcrumb":{"@id":"https:\/\/cardinal-tapes.com\/es\/cintas-adhesivas\/cinta-de-tela\/at163-cinta-de-sellado-aislante\/#breadcrumb"},"inLanguage":"es","potentialAction":[{"@type":"ReadAction","target":["https:\/\/cardinal-tapes.com\/es\/cintas-adhesivas\/cinta-de-tela\/at163-cinta-de-sellado-aislante\/"]}]},{"@type":"ImageObject","inLanguage":"es","@id":"https:\/\/cardinal-tapes.com\/es\/cintas-adhesivas\/cinta-de-tela\/at163-cinta-de-sellado-aislante\/#primaryimage","url":"https:\/\/cardinal-tapes.com\/wp-content\/uploads\/AT163-Silver-50mm-scaled.jpg","contentUrl":"https:\/\/cardinal-tapes.com\/wp-content\/uploads\/AT163-Silver-50mm-scaled.jpg","width":2560,"height":2560},{"@type":"BreadcrumbList","@id":"https:\/\/cardinal-tapes.com\/es\/cintas-adhesivas\/cinta-de-tela\/at163-cinta-de-sellado-aislante\/#breadcrumb","itemListElement":[{"@type":"ListItem","position":1,"name":"Startseite","item":"https:\/\/cardinal-tapes.com\/es\/"},{"@type":"ListItem","position":2,"name":"Cintas adhesivas","item":"https:\/\/cardinal-tapes.com\/es\/cintas-adhesivas-es\/"},{"@type":"ListItem","position":3,"name":"Cinta de tela","item":"https:\/\/cardinal-tapes.com\/es\/categora\/cinta-de-tela\/"},{"@type":"ListItem","position":4,"name":"Cinta de sellado termoendurecible AT163"}]},{"@type":"WebSite","@id":"https:\/\/cardinal-tapes.com\/#website","url":"https:\/\/cardinal-tapes.com\/","name":"cardinal TAPES","description":"Klebetechnik aus Wuppertal","potentialAction":[{"@type":"SearchAction","target":{"@type":"EntryPoint","urlTemplate":"https:\/\/cardinal-tapes.com\/?s={search_term_string}"},"query-input":{"@type":"PropertyValueSpecification","valueRequired":true,"valueName":"search_term_string"}}],"inLanguage":"es"}]}},"brands":[{"id":2502,"name":"Advance Tapes","slug":"advance-tapes-es"}],"_links":{"self":[{"href":"https:\/\/cardinal-tapes.com\/es\/wp-json\/wp\/v2\/product\/40676","targetHints":{"allow":["GET"]}}],"collection":[{"href":"https:\/\/cardinal-tapes.com\/es\/wp-json\/wp\/v2\/product"}],"about":[{"href":"https:\/\/cardinal-tapes.com\/es\/wp-json\/wp\/v2\/types\/product"}],"wp:featuredmedia":[{"embeddable":true,"href":"https:\/\/cardinal-tapes.com\/es\/wp-json\/wp\/v2\/media\/28775"}],"wp:attachment":[{"href":"https:\/\/cardinal-tapes.com\/es\/wp-json\/wp\/v2\/media?parent=40676"}],"wp:term":[{"taxonomy":"pwb-brand","embeddable":true,"href":"https:\/\/cardinal-tapes.com\/es\/wp-json\/wp\/v2\/pwb-brand?post=40676"},{"taxonomy":"product_brand","embeddable":true,"href":"https:\/\/cardinal-tapes.com\/es\/wp-json\/wp\/v2\/product_brand?post=40676"},{"taxonomy":"product_cat","embeddable":true,"href":"https:\/\/cardinal-tapes.com\/es\/wp-json\/wp\/v2\/product_cat?post=40676"},{"taxonomy":"product_tag","embeddable":true,"href":"https:\/\/cardinal-tapes.com\/es\/wp-json\/wp\/v2\/product_tag?post=40676"}],"curies":[{"name":"wp","href":"https:\/\/api.w.org\/{rel}","templated":true}]}}