{"id":40644,"date":"2022-01-05T11:07:29","date_gmt":"2023-06-05T14:55:44","guid":{"rendered":"https:\/\/cardinal.pixel-tal.de\/klebebaender\/sin%20categor\u00eda\/h-old-4010-cinta-adhesiva-de-aluminio\/"},"modified":"2025-07-02T12:29:23","modified_gmt":"2025-07-02T10:29:23","slug":"h-old-4010-cinta-adhesiva-de-aluminio","status":"publish","type":"product","link":"https:\/\/cardinal-tapes.com\/es\/cintas-adhesivas\/cintas-adhesivas-de-una-cara\/cinta-pet\/h-old-4010-cinta-adhesiva-de-aluminio\/","title":{"rendered":"h-old\u00ae 4010 cinta adhesiva de aluminio"},"content":{"rendered":"<p>La cinta adhesiva de aluminio h-old\u00ae 4010 est\u00e1 <span id=\"[77,97]\" class=\"word\"><span id=\"[33,43]\" class=\"word\">recubierta con<\/span> un sistema adhesivo acr\u00edlico<\/span> <span id=\"[54,76]\" class=\"word\">con base de disolvente<\/span>. Es <span id=\"[110,113]\" class=\"word\">adecuada<\/span> <span id=\"[126,129]\" class=\"word\">para<\/span> <span id=\"[114,125]\" class=\"word\">fijar<\/span> <span id=\"[145,156]\" class=\"word\">tubos de<\/span> <span id=\"[130,139]\" class=\"word\">aluminio<\/span><br \/>\n<span id=\"[142,144]\" class=\"word\">y<\/span> cobre.  <span id=\"[165,176]\" class=\"word\">en la fabricaci\u00f3n<\/span> <span id=\"[177,180]\" class=\"word\">de<\/span> <span id=\"[181,188]\" class=\"word\">congeladores<\/span> <span id=\"[191,193]\" class=\"word\">y<\/span> <span id=\"[194,207]\" class=\"word\">frigor\u00edficos<\/span>, <span id=\"[209,219]\" class=\"word\">sellado<\/span> <span id=\"[220,223]\" class=\"word\">de<\/span> <span id=\"[224,244]\" class=\"word\">paneles de policarbonato<\/span>, <span id=\"[246,259]\" class=\"word\">sellado<\/span> <span id=\"[260,263]\" class=\"word\">de<\/span> <span id=\"[264,275]\" class=\"word\">conductos de aire<\/span><br \/>\n<span id=\"[277,287]\" class=\"word\">Aislamiento<\/span> <span id=\"[288,290]\" class=\"word\">en<\/span> <span id=\"[291,302]\" class=\"word\">el sector de la climatizaci\u00f3n<\/span>, <span id=\"[304,313]\" class=\"word\">empalme<\/span> <span id=\"[314,317]\" class=\"word\">de<\/span> <span id=\"[318,324]\" class=\"word\">l\u00e1minas<\/span><span id=\"[326,328]\" class=\"word\">y<\/span> <span id=\"[329,335]\" class=\"word\">pel\u00edculas<\/span>, <span id=\"[337,348]\" class=\"word\">envoltura<\/span><span id=\"[350,352]\" class=\"word\">y<\/span> <span id=\"[353,362]\" class=\"word\">empaquetado<span id=\"[99,109]\" class=\"word\">.<\/span><\/span><\/p>\n","protected":false},"excerpt":{"rendered":"<p>La cinta adhesiva de aluminio h-old\u00ae 4010 est\u00e1 recubierta con un sistema adhesivo acr\u00edlico con base de disolvente. Es adecuada para fijar tubos de aluminio y cobre. en la fabricaci\u00f3n de congeladores y frigor\u00edficos, sellado de paneles de policarbonato, sellado de conductos de aire Aislamiento en el sector de la climatizaci\u00f3n, empalme de l\u00e1minasy pel\u00edculas, [&hellip;]<\/p>\n","protected":false},"featured_media":29031,"template":"","meta":{"_acf_changed":false},"pwb-brand":[2480,2485],"product_brand":[],"product_cat":[1806,1809],"product_tag":[],"class_list":{"0":"post-40644","1":"product","2":"type-product","3":"status-publish","4":"has-post-thumbnail","6":"pwb-brand-h-old-es","7":"pwb-brand-saint-gobain-es","8":"product_cat-cintas-adhesivas-de-una-cara","9":"product_cat-cinta-pet","11":"first","12":"instock","13":"taxable","14":"shipping-taxable","15":"product-type-simple"},"acf":[],"yoast_head":"<!-- This site is optimized with the Yoast SEO plugin v27.3 - https:\/\/yoast.com\/product\/yoast-seo-wordpress\/ -->\n<title>h-old-4010-cinta adhesiva de aluminio | cintas cardinales<\/title>\n<meta name=\"description\" content=\"La cinta adhesiva de poli\u00e9ster h-old P.40 es una cinta adhesiva de 0,06 mm de grosor, que consta de un soporte de pel\u00edcula de poli\u00e9ster y est\u00e1 recubierta de adhesivo de silicona de alta calidad.\" \/>\n<meta name=\"robots\" content=\"index, follow, max-snippet:-1, max-image-preview:large, max-video-preview:-1\" \/>\n<link rel=\"canonical\" href=\"https:\/\/cardinal-tapes.com\/es\/cintas-adhesivas\/cintas-adhesivas-de-una-cara\/cinta-pet\/h-old-4010-cinta-adhesiva-de-aluminio\/\" \/>\n<meta property=\"og:locale\" content=\"es_ES\" \/>\n<meta property=\"og:type\" content=\"article\" \/>\n<meta property=\"og:title\" content=\"h-old-4010-cinta adhesiva de aluminio | cintas cardinales\" \/>\n<meta property=\"og:description\" content=\"La cinta adhesiva de poli\u00e9ster h-old P.40 es una cinta adhesiva de 0,06 mm de grosor, que consta de un soporte de pel\u00edcula de poli\u00e9ster y est\u00e1 recubierta de adhesivo de silicona de alta calidad.\" \/>\n<meta property=\"og:url\" content=\"https:\/\/cardinal-tapes.com\/es\/cintas-adhesivas\/cintas-adhesivas-de-una-cara\/cinta-pet\/h-old-4010-cinta-adhesiva-de-aluminio\/\" \/>\n<meta property=\"og:site_name\" content=\"cardinal TAPES\" \/>\n<meta property=\"article:modified_time\" content=\"2025-07-02T10:29:23+00:00\" \/>\n<meta property=\"og:image\" content=\"https:\/\/cardinal-tapes.com\/wp-content\/uploads\/H-Old-Aluminum-AL-50-A_53.jpg\" \/>\n\t<meta property=\"og:image:width\" content=\"380\" \/>\n\t<meta property=\"og:image:height\" content=\"380\" \/>\n\t<meta property=\"og:image:type\" content=\"image\/jpeg\" \/>\n<meta name=\"twitter:card\" content=\"summary_large_image\" \/>\n<script type=\"application\/ld+json\" class=\"yoast-schema-graph\">{\"@context\":\"https:\\\/\\\/schema.org\",\"@graph\":[{\"@type\":\"WebPage\",\"@id\":\"https:\\\/\\\/cardinal-tapes.com\\\/es\\\/cintas-adhesivas\\\/cintas-adhesivas-de-una-cara\\\/cinta-pet\\\/h-old-4010-cinta-adhesiva-de-aluminio\\\/\",\"url\":\"https:\\\/\\\/cardinal-tapes.com\\\/es\\\/cintas-adhesivas\\\/cintas-adhesivas-de-una-cara\\\/cinta-pet\\\/h-old-4010-cinta-adhesiva-de-aluminio\\\/\",\"name\":\"h-old-4010-cinta adhesiva de aluminio | cintas cardinales\",\"isPartOf\":{\"@id\":\"https:\\\/\\\/cardinal-tapes.com\\\/#website\"},\"primaryImageOfPage\":{\"@id\":\"https:\\\/\\\/cardinal-tapes.com\\\/es\\\/cintas-adhesivas\\\/cintas-adhesivas-de-una-cara\\\/cinta-pet\\\/h-old-4010-cinta-adhesiva-de-aluminio\\\/#primaryimage\"},\"image\":{\"@id\":\"https:\\\/\\\/cardinal-tapes.com\\\/es\\\/cintas-adhesivas\\\/cintas-adhesivas-de-una-cara\\\/cinta-pet\\\/h-old-4010-cinta-adhesiva-de-aluminio\\\/#primaryimage\"},\"thumbnailUrl\":\"https:\\\/\\\/cardinal-tapes.com\\\/wp-content\\\/uploads\\\/H-Old-Aluminum-AL-50-A_53.jpg\",\"datePublished\":\"2023-06-05T14:55:44+00:00\",\"dateModified\":\"2025-07-02T10:29:23+00:00\",\"description\":\"La cinta adhesiva de poli\u00e9ster h-old P.40 es una cinta adhesiva de 0,06 mm de grosor, que consta de un soporte de pel\u00edcula de poli\u00e9ster y est\u00e1 recubierta de adhesivo de silicona de alta calidad.\",\"breadcrumb\":{\"@id\":\"https:\\\/\\\/cardinal-tapes.com\\\/es\\\/cintas-adhesivas\\\/cintas-adhesivas-de-una-cara\\\/cinta-pet\\\/h-old-4010-cinta-adhesiva-de-aluminio\\\/#breadcrumb\"},\"inLanguage\":\"es\",\"potentialAction\":[{\"@type\":\"ReadAction\",\"target\":[\"https:\\\/\\\/cardinal-tapes.com\\\/es\\\/cintas-adhesivas\\\/cintas-adhesivas-de-una-cara\\\/cinta-pet\\\/h-old-4010-cinta-adhesiva-de-aluminio\\\/\"]}]},{\"@type\":\"ImageObject\",\"inLanguage\":\"es\",\"@id\":\"https:\\\/\\\/cardinal-tapes.com\\\/es\\\/cintas-adhesivas\\\/cintas-adhesivas-de-una-cara\\\/cinta-pet\\\/h-old-4010-cinta-adhesiva-de-aluminio\\\/#primaryimage\",\"url\":\"https:\\\/\\\/cardinal-tapes.com\\\/wp-content\\\/uploads\\\/H-Old-Aluminum-AL-50-A_53.jpg\",\"contentUrl\":\"https:\\\/\\\/cardinal-tapes.com\\\/wp-content\\\/uploads\\\/H-Old-Aluminum-AL-50-A_53.jpg\",\"width\":380,\"height\":380},{\"@type\":\"BreadcrumbList\",\"@id\":\"https:\\\/\\\/cardinal-tapes.com\\\/es\\\/cintas-adhesivas\\\/cintas-adhesivas-de-una-cara\\\/cinta-pet\\\/h-old-4010-cinta-adhesiva-de-aluminio\\\/#breadcrumb\",\"itemListElement\":[{\"@type\":\"ListItem\",\"position\":1,\"name\":\"Startseite\",\"item\":\"https:\\\/\\\/cardinal-tapes.com\\\/es\\\/\"},{\"@type\":\"ListItem\",\"position\":2,\"name\":\"Cintas adhesivas\",\"item\":\"https:\\\/\\\/cardinal-tapes.com\\\/es\\\/cintas-adhesivas-es\\\/\"},{\"@type\":\"ListItem\",\"position\":3,\"name\":\"Cintas adhesivas de una cara\",\"item\":\"https:\\\/\\\/cardinal-tapes.com\\\/es\\\/categora\\\/cintas-adhesivas-de-una-cara\\\/\"},{\"@type\":\"ListItem\",\"position\":4,\"name\":\"Cinta PET\",\"item\":\"https:\\\/\\\/cardinal-tapes.com\\\/es\\\/categora\\\/cinta-pet\\\/\"},{\"@type\":\"ListItem\",\"position\":5,\"name\":\"h-old\u00ae 4010 cinta adhesiva de aluminio\"}]},{\"@type\":\"WebSite\",\"@id\":\"https:\\\/\\\/cardinal-tapes.com\\\/#website\",\"url\":\"https:\\\/\\\/cardinal-tapes.com\\\/\",\"name\":\"cardinal TAPES\",\"description\":\"Klebetechnik aus Wuppertal\",\"potentialAction\":[{\"@type\":\"SearchAction\",\"target\":{\"@type\":\"EntryPoint\",\"urlTemplate\":\"https:\\\/\\\/cardinal-tapes.com\\\/?s={search_term_string}\"},\"query-input\":{\"@type\":\"PropertyValueSpecification\",\"valueRequired\":true,\"valueName\":\"search_term_string\"}}],\"inLanguage\":\"es\"}]}<\/script>\n<!-- \/ Yoast SEO plugin. -->","yoast_head_json":{"title":"h-old-4010-cinta adhesiva de aluminio | cintas cardinales","description":"La cinta adhesiva de poli\u00e9ster h-old P.40 es una cinta adhesiva de 0,06 mm de grosor, que consta de un soporte de pel\u00edcula de poli\u00e9ster y est\u00e1 recubierta de adhesivo de silicona de alta calidad.","robots":{"index":"index","follow":"follow","max-snippet":"max-snippet:-1","max-image-preview":"max-image-preview:large","max-video-preview":"max-video-preview:-1"},"canonical":"https:\/\/cardinal-tapes.com\/es\/cintas-adhesivas\/cintas-adhesivas-de-una-cara\/cinta-pet\/h-old-4010-cinta-adhesiva-de-aluminio\/","og_locale":"es_ES","og_type":"article","og_title":"h-old-4010-cinta adhesiva de aluminio | cintas cardinales","og_description":"La cinta adhesiva de poli\u00e9ster h-old P.40 es una cinta adhesiva de 0,06 mm de grosor, que consta de un soporte de pel\u00edcula de poli\u00e9ster y est\u00e1 recubierta de adhesivo de silicona de alta calidad.","og_url":"https:\/\/cardinal-tapes.com\/es\/cintas-adhesivas\/cintas-adhesivas-de-una-cara\/cinta-pet\/h-old-4010-cinta-adhesiva-de-aluminio\/","og_site_name":"cardinal TAPES","article_modified_time":"2025-07-02T10:29:23+00:00","og_image":[{"width":380,"height":380,"url":"https:\/\/cardinal-tapes.com\/wp-content\/uploads\/H-Old-Aluminum-AL-50-A_53.jpg","type":"image\/jpeg"}],"twitter_card":"summary_large_image","schema":{"@context":"https:\/\/schema.org","@graph":[{"@type":"WebPage","@id":"https:\/\/cardinal-tapes.com\/es\/cintas-adhesivas\/cintas-adhesivas-de-una-cara\/cinta-pet\/h-old-4010-cinta-adhesiva-de-aluminio\/","url":"https:\/\/cardinal-tapes.com\/es\/cintas-adhesivas\/cintas-adhesivas-de-una-cara\/cinta-pet\/h-old-4010-cinta-adhesiva-de-aluminio\/","name":"h-old-4010-cinta adhesiva de aluminio | cintas cardinales","isPartOf":{"@id":"https:\/\/cardinal-tapes.com\/#website"},"primaryImageOfPage":{"@id":"https:\/\/cardinal-tapes.com\/es\/cintas-adhesivas\/cintas-adhesivas-de-una-cara\/cinta-pet\/h-old-4010-cinta-adhesiva-de-aluminio\/#primaryimage"},"image":{"@id":"https:\/\/cardinal-tapes.com\/es\/cintas-adhesivas\/cintas-adhesivas-de-una-cara\/cinta-pet\/h-old-4010-cinta-adhesiva-de-aluminio\/#primaryimage"},"thumbnailUrl":"https:\/\/cardinal-tapes.com\/wp-content\/uploads\/H-Old-Aluminum-AL-50-A_53.jpg","datePublished":"2023-06-05T14:55:44+00:00","dateModified":"2025-07-02T10:29:23+00:00","description":"La cinta adhesiva de poli\u00e9ster h-old P.40 es una cinta adhesiva de 0,06 mm de grosor, que consta de un soporte de pel\u00edcula de poli\u00e9ster y est\u00e1 recubierta de adhesivo de silicona de alta calidad.","breadcrumb":{"@id":"https:\/\/cardinal-tapes.com\/es\/cintas-adhesivas\/cintas-adhesivas-de-una-cara\/cinta-pet\/h-old-4010-cinta-adhesiva-de-aluminio\/#breadcrumb"},"inLanguage":"es","potentialAction":[{"@type":"ReadAction","target":["https:\/\/cardinal-tapes.com\/es\/cintas-adhesivas\/cintas-adhesivas-de-una-cara\/cinta-pet\/h-old-4010-cinta-adhesiva-de-aluminio\/"]}]},{"@type":"ImageObject","inLanguage":"es","@id":"https:\/\/cardinal-tapes.com\/es\/cintas-adhesivas\/cintas-adhesivas-de-una-cara\/cinta-pet\/h-old-4010-cinta-adhesiva-de-aluminio\/#primaryimage","url":"https:\/\/cardinal-tapes.com\/wp-content\/uploads\/H-Old-Aluminum-AL-50-A_53.jpg","contentUrl":"https:\/\/cardinal-tapes.com\/wp-content\/uploads\/H-Old-Aluminum-AL-50-A_53.jpg","width":380,"height":380},{"@type":"BreadcrumbList","@id":"https:\/\/cardinal-tapes.com\/es\/cintas-adhesivas\/cintas-adhesivas-de-una-cara\/cinta-pet\/h-old-4010-cinta-adhesiva-de-aluminio\/#breadcrumb","itemListElement":[{"@type":"ListItem","position":1,"name":"Startseite","item":"https:\/\/cardinal-tapes.com\/es\/"},{"@type":"ListItem","position":2,"name":"Cintas adhesivas","item":"https:\/\/cardinal-tapes.com\/es\/cintas-adhesivas-es\/"},{"@type":"ListItem","position":3,"name":"Cintas adhesivas de una cara","item":"https:\/\/cardinal-tapes.com\/es\/categora\/cintas-adhesivas-de-una-cara\/"},{"@type":"ListItem","position":4,"name":"Cinta PET","item":"https:\/\/cardinal-tapes.com\/es\/categora\/cinta-pet\/"},{"@type":"ListItem","position":5,"name":"h-old\u00ae 4010 cinta adhesiva de aluminio"}]},{"@type":"WebSite","@id":"https:\/\/cardinal-tapes.com\/#website","url":"https:\/\/cardinal-tapes.com\/","name":"cardinal TAPES","description":"Klebetechnik aus Wuppertal","potentialAction":[{"@type":"SearchAction","target":{"@type":"EntryPoint","urlTemplate":"https:\/\/cardinal-tapes.com\/?s={search_term_string}"},"query-input":{"@type":"PropertyValueSpecification","valueRequired":true,"valueName":"search_term_string"}}],"inLanguage":"es"}]}},"brands":[{"id":2480,"name":"Saint-Gobain h-old","slug":"h-old-es"},{"id":2485,"name":"Saint-Gobain Performance Plastics","slug":"saint-gobain-es"}],"_links":{"self":[{"href":"https:\/\/cardinal-tapes.com\/es\/wp-json\/wp\/v2\/product\/40644","targetHints":{"allow":["GET"]}}],"collection":[{"href":"https:\/\/cardinal-tapes.com\/es\/wp-json\/wp\/v2\/product"}],"about":[{"href":"https:\/\/cardinal-tapes.com\/es\/wp-json\/wp\/v2\/types\/product"}],"wp:featuredmedia":[{"embeddable":true,"href":"https:\/\/cardinal-tapes.com\/es\/wp-json\/wp\/v2\/media\/29031"}],"wp:attachment":[{"href":"https:\/\/cardinal-tapes.com\/es\/wp-json\/wp\/v2\/media?parent=40644"}],"wp:term":[{"taxonomy":"pwb-brand","embeddable":true,"href":"https:\/\/cardinal-tapes.com\/es\/wp-json\/wp\/v2\/pwb-brand?post=40644"},{"taxonomy":"product_brand","embeddable":true,"href":"https:\/\/cardinal-tapes.com\/es\/wp-json\/wp\/v2\/product_brand?post=40644"},{"taxonomy":"product_cat","embeddable":true,"href":"https:\/\/cardinal-tapes.com\/es\/wp-json\/wp\/v2\/product_cat?post=40644"},{"taxonomy":"product_tag","embeddable":true,"href":"https:\/\/cardinal-tapes.com\/es\/wp-json\/wp\/v2\/product_tag?post=40644"}],"curies":[{"name":"wp","href":"https:\/\/api.w.org\/{rel}","templated":true}]}}