{"id":40642,"date":"2022-01-05T11:15:10","date_gmt":"2023-06-05T14:55:44","guid":{"rendered":"https:\/\/cardinal.pixel-tal.de\/klebebaender\/sin%20categor\u00eda\/h-old-4440-cinta-adhesiva-de-aluminio\/"},"modified":"2025-07-02T12:29:23","modified_gmt":"2025-07-02T10:29:23","slug":"h-old-4440-cinta-adhesiva-de-aluminio","status":"publish","type":"product","link":"https:\/\/cardinal-tapes.com\/es\/cintas-adhesivas\/cintas-adhesivas-de-una-cara\/cinta-pet\/h-old-4440-cinta-adhesiva-de-aluminio\/","title":{"rendered":"h-old\u00ae 4440 cinta adhesiva de aluminio"},"content":{"rendered":"<p>La cinta adhesiva de aluminio h-old\u00ae 4040 est\u00e1 <g id=\"gid_3\"><g id=\"gid_4\">recubierta con<\/g> un sistema adhesivo acr\u00edlico<\/g> <g id=\"gid_2\">con base de disolvente<\/g> y <g id=\"gid_6\">protegida por un papel blanco <g id=\"gid_5\">siliconado<\/g>.<\/g> Se <span id=\"[11,14]\" class=\"word\">utiliza<\/span> <span id=\"[30,33]\" class=\"word\">para<\/span> <span id=\"[19,29]\" class=\"word\">sellar<\/span> <span id=\"[34,45]\" class=\"word\">conductos de humos<\/span> <span id=\"[61,64]\" class=\"word\">,<\/span> <span id=\"[47,60]\" class=\"word\">sellar<\/span> <span id=\"[77,87]\" class=\"word\">el aislamiento<\/span> <span id=\"[88,90]\" class=\"word\">de<\/span> <span id=\"[65,76]\" class=\"word\">conductos de aire<\/span> en <span id=\"[91,94]\" class=\"word\">HVAC y como aislamiento t\u00e9rmico k<span id=\"[0,10]\" class=\"word\">oncipado. Adem\u00e1s, puede ser un<\/span><\/span><span id=\"[110,114]\" class=\"word\">Tambi\u00e9n se<\/span> <span id=\"[115,117]\" class=\"word\">utiliza en<\/span> <span id=\"[122,144]\" class=\"word\">la industria del espect\u00e1culo<\/span> <span id=\"[145,148]\" class=\"word\">para<\/span> <span id=\"[149,161]\" class=\"word\">evitar que<\/span> <span id=\"[166,179]\" class=\"word\">se escape la luz<\/span> <span id=\"[180,183]\" class=\"word\">de<\/span> <span id=\"[184,194]\" class=\"word\">las cajas de suelo<\/span>,  <span id=\"[196,199]\" class=\"word\">a<\/span> <span id=\"[200,211]\" class=\"word\">Fijaci\u00f3n<\/span> <span id=\"[212,216]\" class=\"word\">o<\/span> <span id=\"[217,220]\" class=\"word\">para<\/span> <span id=\"[221,227]\" class=\"word\">dar forma a<\/span> <span id=\"[228,231]\" class=\"word\">de<\/span> <span id=\"[232,245]\" class=\"word\">puertas de granero<\/span> <span id=\"[246,255]\" class=\"word\">ser utilizado.<\/span><\/p>\n<p>&nbsp;<\/p>\n","protected":false},"excerpt":{"rendered":"<p>La cinta adhesiva de aluminio h-old\u00ae 4040 est\u00e1 recubierta con un sistema adhesivo acr\u00edlico con base de disolvente y protegida por un papel blanco siliconado. Se utiliza para sellar conductos de humos , sellar el aislamiento de conductos de aire en HVAC y como aislamiento t\u00e9rmico koncipado. Adem\u00e1s, puede ser unTambi\u00e9n se utiliza en la [&hellip;]<\/p>\n","protected":false},"featured_media":29035,"template":"","meta":{"_acf_changed":false},"pwb-brand":[2480,2485],"product_brand":[],"product_cat":[1806,1809],"product_tag":[],"class_list":{"0":"post-40642","1":"product","2":"type-product","3":"status-publish","4":"has-post-thumbnail","6":"pwb-brand-h-old-es","7":"pwb-brand-saint-gobain-es","8":"product_cat-cintas-adhesivas-de-una-cara","9":"product_cat-cinta-pet","11":"first","12":"instock","13":"taxable","14":"shipping-taxable","15":"product-type-simple"},"acf":[],"yoast_head":"<!-- This site is optimized with the Yoast SEO plugin v27.3 - https:\/\/yoast.com\/product\/yoast-seo-wordpress\/ -->\n<title>cinta adhesiva de aluminio h-old\u00ae 4440 | CINTAS Cardinal<\/title>\n<meta name=\"description\" content=\"La cinta adhesiva de poli\u00e9ster h-old P.40 es una cinta adhesiva de 0,06 mm de grosor, que consta de un soporte de pel\u00edcula de poli\u00e9ster y est\u00e1 recubierta de adhesivo de silicona de alta calidad.\" \/>\n<meta name=\"robots\" content=\"index, follow, max-snippet:-1, max-image-preview:large, max-video-preview:-1\" \/>\n<link rel=\"canonical\" href=\"https:\/\/cardinal-tapes.com\/es\/cintas-adhesivas\/cintas-adhesivas-de-una-cara\/cinta-pet\/h-old-4440-cinta-adhesiva-de-aluminio\/\" \/>\n<meta property=\"og:locale\" content=\"es_ES\" \/>\n<meta property=\"og:type\" content=\"article\" \/>\n<meta property=\"og:title\" content=\"cinta adhesiva de aluminio h-old\u00ae 4440 | CINTAS Cardinal\" \/>\n<meta property=\"og:description\" content=\"La cinta adhesiva de poli\u00e9ster h-old P.40 es una cinta adhesiva de 0,06 mm de grosor, que consta de un soporte de pel\u00edcula de poli\u00e9ster y est\u00e1 recubierta de adhesivo de silicona de alta calidad.\" \/>\n<meta property=\"og:url\" content=\"https:\/\/cardinal-tapes.com\/es\/cintas-adhesivas\/cintas-adhesivas-de-una-cara\/cinta-pet\/h-old-4440-cinta-adhesiva-de-aluminio\/\" \/>\n<meta property=\"og:site_name\" content=\"cardinal TAPES\" \/>\n<meta property=\"article:modified_time\" content=\"2025-07-02T10:29:23+00:00\" \/>\n<meta property=\"og:image\" content=\"https:\/\/cardinal-tapes.com\/wp-content\/uploads\/hold.png\" \/>\n\t<meta property=\"og:image:width\" content=\"437\" \/>\n\t<meta property=\"og:image:height\" content=\"426\" \/>\n\t<meta property=\"og:image:type\" content=\"image\/png\" \/>\n<meta name=\"twitter:card\" content=\"summary_large_image\" \/>\n<script type=\"application\/ld+json\" class=\"yoast-schema-graph\">{\"@context\":\"https:\\\/\\\/schema.org\",\"@graph\":[{\"@type\":\"WebPage\",\"@id\":\"https:\\\/\\\/cardinal-tapes.com\\\/es\\\/cintas-adhesivas\\\/cintas-adhesivas-de-una-cara\\\/cinta-pet\\\/h-old-4440-cinta-adhesiva-de-aluminio\\\/\",\"url\":\"https:\\\/\\\/cardinal-tapes.com\\\/es\\\/cintas-adhesivas\\\/cintas-adhesivas-de-una-cara\\\/cinta-pet\\\/h-old-4440-cinta-adhesiva-de-aluminio\\\/\",\"name\":\"cinta adhesiva de aluminio h-old\u00ae 4440 | CINTAS Cardinal\",\"isPartOf\":{\"@id\":\"https:\\\/\\\/cardinal-tapes.com\\\/#website\"},\"primaryImageOfPage\":{\"@id\":\"https:\\\/\\\/cardinal-tapes.com\\\/es\\\/cintas-adhesivas\\\/cintas-adhesivas-de-una-cara\\\/cinta-pet\\\/h-old-4440-cinta-adhesiva-de-aluminio\\\/#primaryimage\"},\"image\":{\"@id\":\"https:\\\/\\\/cardinal-tapes.com\\\/es\\\/cintas-adhesivas\\\/cintas-adhesivas-de-una-cara\\\/cinta-pet\\\/h-old-4440-cinta-adhesiva-de-aluminio\\\/#primaryimage\"},\"thumbnailUrl\":\"https:\\\/\\\/cardinal-tapes.com\\\/wp-content\\\/uploads\\\/hold.png\",\"datePublished\":\"2023-06-05T14:55:44+00:00\",\"dateModified\":\"2025-07-02T10:29:23+00:00\",\"description\":\"La cinta adhesiva de poli\u00e9ster h-old P.40 es una cinta adhesiva de 0,06 mm de grosor, que consta de un soporte de pel\u00edcula de poli\u00e9ster y est\u00e1 recubierta de adhesivo de silicona de alta calidad.\",\"breadcrumb\":{\"@id\":\"https:\\\/\\\/cardinal-tapes.com\\\/es\\\/cintas-adhesivas\\\/cintas-adhesivas-de-una-cara\\\/cinta-pet\\\/h-old-4440-cinta-adhesiva-de-aluminio\\\/#breadcrumb\"},\"inLanguage\":\"es\",\"potentialAction\":[{\"@type\":\"ReadAction\",\"target\":[\"https:\\\/\\\/cardinal-tapes.com\\\/es\\\/cintas-adhesivas\\\/cintas-adhesivas-de-una-cara\\\/cinta-pet\\\/h-old-4440-cinta-adhesiva-de-aluminio\\\/\"]}]},{\"@type\":\"ImageObject\",\"inLanguage\":\"es\",\"@id\":\"https:\\\/\\\/cardinal-tapes.com\\\/es\\\/cintas-adhesivas\\\/cintas-adhesivas-de-una-cara\\\/cinta-pet\\\/h-old-4440-cinta-adhesiva-de-aluminio\\\/#primaryimage\",\"url\":\"https:\\\/\\\/cardinal-tapes.com\\\/wp-content\\\/uploads\\\/hold.png\",\"contentUrl\":\"https:\\\/\\\/cardinal-tapes.com\\\/wp-content\\\/uploads\\\/hold.png\",\"width\":437,\"height\":426},{\"@type\":\"BreadcrumbList\",\"@id\":\"https:\\\/\\\/cardinal-tapes.com\\\/es\\\/cintas-adhesivas\\\/cintas-adhesivas-de-una-cara\\\/cinta-pet\\\/h-old-4440-cinta-adhesiva-de-aluminio\\\/#breadcrumb\",\"itemListElement\":[{\"@type\":\"ListItem\",\"position\":1,\"name\":\"Startseite\",\"item\":\"https:\\\/\\\/cardinal-tapes.com\\\/es\\\/\"},{\"@type\":\"ListItem\",\"position\":2,\"name\":\"Cintas adhesivas\",\"item\":\"https:\\\/\\\/cardinal-tapes.com\\\/es\\\/cintas-adhesivas-es\\\/\"},{\"@type\":\"ListItem\",\"position\":3,\"name\":\"Cintas adhesivas de una cara\",\"item\":\"https:\\\/\\\/cardinal-tapes.com\\\/es\\\/categora\\\/cintas-adhesivas-de-una-cara\\\/\"},{\"@type\":\"ListItem\",\"position\":4,\"name\":\"Cinta PET\",\"item\":\"https:\\\/\\\/cardinal-tapes.com\\\/es\\\/categora\\\/cinta-pet\\\/\"},{\"@type\":\"ListItem\",\"position\":5,\"name\":\"h-old\u00ae 4440 cinta adhesiva de aluminio\"}]},{\"@type\":\"WebSite\",\"@id\":\"https:\\\/\\\/cardinal-tapes.com\\\/#website\",\"url\":\"https:\\\/\\\/cardinal-tapes.com\\\/\",\"name\":\"cardinal TAPES\",\"description\":\"Klebetechnik aus Wuppertal\",\"potentialAction\":[{\"@type\":\"SearchAction\",\"target\":{\"@type\":\"EntryPoint\",\"urlTemplate\":\"https:\\\/\\\/cardinal-tapes.com\\\/?s={search_term_string}\"},\"query-input\":{\"@type\":\"PropertyValueSpecification\",\"valueRequired\":true,\"valueName\":\"search_term_string\"}}],\"inLanguage\":\"es\"}]}<\/script>\n<!-- \/ Yoast SEO plugin. -->","yoast_head_json":{"title":"cinta adhesiva de aluminio h-old\u00ae 4440 | CINTAS Cardinal","description":"La cinta adhesiva de poli\u00e9ster h-old P.40 es una cinta adhesiva de 0,06 mm de grosor, que consta de un soporte de pel\u00edcula de poli\u00e9ster y est\u00e1 recubierta de adhesivo de silicona de alta calidad.","robots":{"index":"index","follow":"follow","max-snippet":"max-snippet:-1","max-image-preview":"max-image-preview:large","max-video-preview":"max-video-preview:-1"},"canonical":"https:\/\/cardinal-tapes.com\/es\/cintas-adhesivas\/cintas-adhesivas-de-una-cara\/cinta-pet\/h-old-4440-cinta-adhesiva-de-aluminio\/","og_locale":"es_ES","og_type":"article","og_title":"cinta adhesiva de aluminio h-old\u00ae 4440 | CINTAS Cardinal","og_description":"La cinta adhesiva de poli\u00e9ster h-old P.40 es una cinta adhesiva de 0,06 mm de grosor, que consta de un soporte de pel\u00edcula de poli\u00e9ster y est\u00e1 recubierta de adhesivo de silicona de alta calidad.","og_url":"https:\/\/cardinal-tapes.com\/es\/cintas-adhesivas\/cintas-adhesivas-de-una-cara\/cinta-pet\/h-old-4440-cinta-adhesiva-de-aluminio\/","og_site_name":"cardinal TAPES","article_modified_time":"2025-07-02T10:29:23+00:00","og_image":[{"width":437,"height":426,"url":"https:\/\/cardinal-tapes.com\/wp-content\/uploads\/hold.png","type":"image\/png"}],"twitter_card":"summary_large_image","schema":{"@context":"https:\/\/schema.org","@graph":[{"@type":"WebPage","@id":"https:\/\/cardinal-tapes.com\/es\/cintas-adhesivas\/cintas-adhesivas-de-una-cara\/cinta-pet\/h-old-4440-cinta-adhesiva-de-aluminio\/","url":"https:\/\/cardinal-tapes.com\/es\/cintas-adhesivas\/cintas-adhesivas-de-una-cara\/cinta-pet\/h-old-4440-cinta-adhesiva-de-aluminio\/","name":"cinta adhesiva de aluminio h-old\u00ae 4440 | CINTAS Cardinal","isPartOf":{"@id":"https:\/\/cardinal-tapes.com\/#website"},"primaryImageOfPage":{"@id":"https:\/\/cardinal-tapes.com\/es\/cintas-adhesivas\/cintas-adhesivas-de-una-cara\/cinta-pet\/h-old-4440-cinta-adhesiva-de-aluminio\/#primaryimage"},"image":{"@id":"https:\/\/cardinal-tapes.com\/es\/cintas-adhesivas\/cintas-adhesivas-de-una-cara\/cinta-pet\/h-old-4440-cinta-adhesiva-de-aluminio\/#primaryimage"},"thumbnailUrl":"https:\/\/cardinal-tapes.com\/wp-content\/uploads\/hold.png","datePublished":"2023-06-05T14:55:44+00:00","dateModified":"2025-07-02T10:29:23+00:00","description":"La cinta adhesiva de poli\u00e9ster h-old P.40 es una cinta adhesiva de 0,06 mm de grosor, que consta de un soporte de pel\u00edcula de poli\u00e9ster y est\u00e1 recubierta de adhesivo de silicona de alta calidad.","breadcrumb":{"@id":"https:\/\/cardinal-tapes.com\/es\/cintas-adhesivas\/cintas-adhesivas-de-una-cara\/cinta-pet\/h-old-4440-cinta-adhesiva-de-aluminio\/#breadcrumb"},"inLanguage":"es","potentialAction":[{"@type":"ReadAction","target":["https:\/\/cardinal-tapes.com\/es\/cintas-adhesivas\/cintas-adhesivas-de-una-cara\/cinta-pet\/h-old-4440-cinta-adhesiva-de-aluminio\/"]}]},{"@type":"ImageObject","inLanguage":"es","@id":"https:\/\/cardinal-tapes.com\/es\/cintas-adhesivas\/cintas-adhesivas-de-una-cara\/cinta-pet\/h-old-4440-cinta-adhesiva-de-aluminio\/#primaryimage","url":"https:\/\/cardinal-tapes.com\/wp-content\/uploads\/hold.png","contentUrl":"https:\/\/cardinal-tapes.com\/wp-content\/uploads\/hold.png","width":437,"height":426},{"@type":"BreadcrumbList","@id":"https:\/\/cardinal-tapes.com\/es\/cintas-adhesivas\/cintas-adhesivas-de-una-cara\/cinta-pet\/h-old-4440-cinta-adhesiva-de-aluminio\/#breadcrumb","itemListElement":[{"@type":"ListItem","position":1,"name":"Startseite","item":"https:\/\/cardinal-tapes.com\/es\/"},{"@type":"ListItem","position":2,"name":"Cintas adhesivas","item":"https:\/\/cardinal-tapes.com\/es\/cintas-adhesivas-es\/"},{"@type":"ListItem","position":3,"name":"Cintas adhesivas de una cara","item":"https:\/\/cardinal-tapes.com\/es\/categora\/cintas-adhesivas-de-una-cara\/"},{"@type":"ListItem","position":4,"name":"Cinta PET","item":"https:\/\/cardinal-tapes.com\/es\/categora\/cinta-pet\/"},{"@type":"ListItem","position":5,"name":"h-old\u00ae 4440 cinta adhesiva de aluminio"}]},{"@type":"WebSite","@id":"https:\/\/cardinal-tapes.com\/#website","url":"https:\/\/cardinal-tapes.com\/","name":"cardinal TAPES","description":"Klebetechnik aus Wuppertal","potentialAction":[{"@type":"SearchAction","target":{"@type":"EntryPoint","urlTemplate":"https:\/\/cardinal-tapes.com\/?s={search_term_string}"},"query-input":{"@type":"PropertyValueSpecification","valueRequired":true,"valueName":"search_term_string"}}],"inLanguage":"es"}]}},"brands":[{"id":2480,"name":"Saint-Gobain h-old","slug":"h-old-es"},{"id":2485,"name":"Saint-Gobain Performance Plastics","slug":"saint-gobain-es"}],"_links":{"self":[{"href":"https:\/\/cardinal-tapes.com\/es\/wp-json\/wp\/v2\/product\/40642","targetHints":{"allow":["GET"]}}],"collection":[{"href":"https:\/\/cardinal-tapes.com\/es\/wp-json\/wp\/v2\/product"}],"about":[{"href":"https:\/\/cardinal-tapes.com\/es\/wp-json\/wp\/v2\/types\/product"}],"wp:featuredmedia":[{"embeddable":true,"href":"https:\/\/cardinal-tapes.com\/es\/wp-json\/wp\/v2\/media\/29035"}],"wp:attachment":[{"href":"https:\/\/cardinal-tapes.com\/es\/wp-json\/wp\/v2\/media?parent=40642"}],"wp:term":[{"taxonomy":"pwb-brand","embeddable":true,"href":"https:\/\/cardinal-tapes.com\/es\/wp-json\/wp\/v2\/pwb-brand?post=40642"},{"taxonomy":"product_brand","embeddable":true,"href":"https:\/\/cardinal-tapes.com\/es\/wp-json\/wp\/v2\/product_brand?post=40642"},{"taxonomy":"product_cat","embeddable":true,"href":"https:\/\/cardinal-tapes.com\/es\/wp-json\/wp\/v2\/product_cat?post=40642"},{"taxonomy":"product_tag","embeddable":true,"href":"https:\/\/cardinal-tapes.com\/es\/wp-json\/wp\/v2\/product_tag?post=40642"}],"curies":[{"name":"wp","href":"https:\/\/api.w.org\/{rel}","templated":true}]}}