{"id":40639,"date":"2022-01-05T12:26:59","date_gmt":"2023-06-05T14:55:44","guid":{"rendered":"https:\/\/cardinal.pixel-tal.de\/klebebaender\/sin%20categor\u00eda\/h-old-pe-091-cinta-adhesiva-de-polietileno\/"},"modified":"2025-07-02T12:32:53","modified_gmt":"2025-07-02T10:32:53","slug":"h-old-pe-091-cinta-adhesiva-de-polietileno","status":"publish","type":"product","link":"https:\/\/cardinal-tapes.com\/es\/cintas-adhesivas\/cintas-adhesivas-de-una-cara\/cinta-pet\/h-old-pe-091-cinta-adhesiva-de-polietileno\/","title":{"rendered":"h-old\u00ae PE.091 Cinta adhesiva de polietileno"},"content":{"rendered":"<p><span id=\"[10,16]\" class=\"word\">El h-old\u00ae PE.091 consiste en una<\/span> <span id=\"[17,33]\" class=\"word\">l\u00e1mina de polietileno<\/span> blanco, que se  <span id=\"[115,121]\" class=\"word\">est\u00e1<\/span><span id=\"[103,113]\" class=\"word\">recubierto <\/span><span id=\"[35,44]\" class=\"word\">por una cara<\/span> <span id=\"[45,48]\" class=\"word\">con<\/span> <span id=\"[49,54]\" class=\"word\">un<\/span> <span id=\"[86,101]\" class=\"word\">adhesivo de caucho<\/span> <span id=\"[55,66]\" class=\"word\">removible<\/span> <span id=\"[67,85]\" class=\"word\">sensible a la presi\u00f3n<\/span>.  <span id=\"[123,133]\" class=\"word\">Dise\u00f1ado<\/span> <span id=\"[134,137]\" class=\"word\">para<\/span> <span id=\"[138,149]\" class=\"word\">enmascarar<\/span> y<span id=\"[152,154]\" class=\"word\">y<\/span> <span id=\"[155,172]\" class=\"word\">operaciones de protecci\u00f3n<\/span> <span id=\"[173,175]\" class=\"word\">en<\/span> <span id=\"[191,194]\" class=\"word\">diversas<\/span> <span id=\"[195,203]\" class=\"word\">industrias<\/span><span id=\"[241,243]\" class=\"word\">, como<\/span> <span id=\"[208,217]\" class=\"word\">la automovil\u00edstica<\/span>, la de<span id=\"[229,239]\" class=\"word\">la construcci\u00f3n, la de la edificaci\u00f3n<\/span>, etc.<\/p>\n","protected":false},"excerpt":{"rendered":"<p>El h-old\u00ae PE.091 consiste en una l\u00e1mina de polietileno blanco, que se est\u00e1recubierto por una cara con un adhesivo de caucho removible sensible a la presi\u00f3n. Dise\u00f1ado para enmascarar yy operaciones de protecci\u00f3n en diversas industrias, como la automovil\u00edstica, la dela construcci\u00f3n, la de la edificaci\u00f3n, etc.<\/p>\n","protected":false},"featured_media":29047,"template":"","meta":{"_acf_changed":false},"pwb-brand":[2480,2485],"product_brand":[],"product_cat":[1806,1809],"product_tag":[],"class_list":{"0":"post-40639","1":"product","2":"type-product","3":"status-publish","4":"has-post-thumbnail","6":"pwb-brand-h-old-es","7":"pwb-brand-saint-gobain-es","8":"product_cat-cintas-adhesivas-de-una-cara","9":"product_cat-cinta-pet","11":"first","12":"instock","13":"taxable","14":"shipping-taxable","15":"product-type-simple"},"acf":[],"yoast_head":"<!-- This site is optimized with the Yoast SEO plugin v27.4 - https:\/\/yoast.com\/product\/yoast-seo-wordpress\/ -->\n<title>h-old\u00ae PE.091 Cinta adhesiva de polietileno| Cardinal TAPES<\/title>\n<meta name=\"description\" content=\"La cinta adhesiva de poli\u00e9ster h-old P.40 es una cinta adhesiva de 0,06 mm de grosor, que consta de un soporte de pel\u00edcula de poli\u00e9ster y est\u00e1 recubierta de adhesivo de silicona de alta calidad.\" \/>\n<meta name=\"robots\" content=\"index, follow, max-snippet:-1, max-image-preview:large, max-video-preview:-1\" \/>\n<link rel=\"canonical\" href=\"https:\/\/cardinal-tapes.com\/es\/cintas-adhesivas\/cintas-adhesivas-de-una-cara\/cinta-pet\/h-old-pe-091-cinta-adhesiva-de-polietileno\/\" \/>\n<meta property=\"og:locale\" content=\"es_ES\" \/>\n<meta property=\"og:type\" content=\"article\" \/>\n<meta property=\"og:title\" content=\"h-old\u00ae PE.091 Cinta adhesiva de polietileno| Cardinal TAPES\" \/>\n<meta property=\"og:description\" content=\"La cinta adhesiva de poli\u00e9ster h-old P.40 es una cinta adhesiva de 0,06 mm de grosor, que consta de un soporte de pel\u00edcula de poli\u00e9ster y est\u00e1 recubierta de adhesivo de silicona de alta calidad.\" \/>\n<meta property=\"og:url\" content=\"https:\/\/cardinal-tapes.com\/es\/cintas-adhesivas\/cintas-adhesivas-de-una-cara\/cinta-pet\/h-old-pe-091-cinta-adhesiva-de-polietileno\/\" \/>\n<meta property=\"og:site_name\" content=\"cardinal TAPES\" \/>\n<meta property=\"article:modified_time\" content=\"2025-07-02T10:32:53+00:00\" \/>\n<meta property=\"og:image\" content=\"https:\/\/cardinal-tapes.com\/wp-content\/uploads\/hold-2.png\" \/>\n\t<meta property=\"og:image:width\" content=\"519\" \/>\n\t<meta property=\"og:image:height\" content=\"514\" \/>\n\t<meta property=\"og:image:type\" content=\"image\/png\" \/>\n<meta name=\"twitter:card\" content=\"summary_large_image\" \/>\n<script type=\"application\/ld+json\" class=\"yoast-schema-graph\">{\"@context\":\"https:\\\/\\\/schema.org\",\"@graph\":[{\"@type\":\"WebPage\",\"@id\":\"https:\\\/\\\/cardinal-tapes.com\\\/es\\\/cintas-adhesivas\\\/cintas-adhesivas-de-una-cara\\\/cinta-pet\\\/h-old-pe-091-cinta-adhesiva-de-polietileno\\\/\",\"url\":\"https:\\\/\\\/cardinal-tapes.com\\\/es\\\/cintas-adhesivas\\\/cintas-adhesivas-de-una-cara\\\/cinta-pet\\\/h-old-pe-091-cinta-adhesiva-de-polietileno\\\/\",\"name\":\"h-old\u00ae PE.091 Cinta adhesiva de polietileno| Cardinal TAPES\",\"isPartOf\":{\"@id\":\"https:\\\/\\\/cardinal-tapes.com\\\/#website\"},\"primaryImageOfPage\":{\"@id\":\"https:\\\/\\\/cardinal-tapes.com\\\/es\\\/cintas-adhesivas\\\/cintas-adhesivas-de-una-cara\\\/cinta-pet\\\/h-old-pe-091-cinta-adhesiva-de-polietileno\\\/#primaryimage\"},\"image\":{\"@id\":\"https:\\\/\\\/cardinal-tapes.com\\\/es\\\/cintas-adhesivas\\\/cintas-adhesivas-de-una-cara\\\/cinta-pet\\\/h-old-pe-091-cinta-adhesiva-de-polietileno\\\/#primaryimage\"},\"thumbnailUrl\":\"https:\\\/\\\/cardinal-tapes.com\\\/wp-content\\\/uploads\\\/hold-2.png\",\"datePublished\":\"2023-06-05T14:55:44+00:00\",\"dateModified\":\"2025-07-02T10:32:53+00:00\",\"description\":\"La cinta adhesiva de poli\u00e9ster h-old P.40 es una cinta adhesiva de 0,06 mm de grosor, que consta de un soporte de pel\u00edcula de poli\u00e9ster y est\u00e1 recubierta de adhesivo de silicona de alta calidad.\",\"breadcrumb\":{\"@id\":\"https:\\\/\\\/cardinal-tapes.com\\\/es\\\/cintas-adhesivas\\\/cintas-adhesivas-de-una-cara\\\/cinta-pet\\\/h-old-pe-091-cinta-adhesiva-de-polietileno\\\/#breadcrumb\"},\"inLanguage\":\"es\",\"potentialAction\":[{\"@type\":\"ReadAction\",\"target\":[\"https:\\\/\\\/cardinal-tapes.com\\\/es\\\/cintas-adhesivas\\\/cintas-adhesivas-de-una-cara\\\/cinta-pet\\\/h-old-pe-091-cinta-adhesiva-de-polietileno\\\/\"]}]},{\"@type\":\"ImageObject\",\"inLanguage\":\"es\",\"@id\":\"https:\\\/\\\/cardinal-tapes.com\\\/es\\\/cintas-adhesivas\\\/cintas-adhesivas-de-una-cara\\\/cinta-pet\\\/h-old-pe-091-cinta-adhesiva-de-polietileno\\\/#primaryimage\",\"url\":\"https:\\\/\\\/cardinal-tapes.com\\\/wp-content\\\/uploads\\\/hold-2.png\",\"contentUrl\":\"https:\\\/\\\/cardinal-tapes.com\\\/wp-content\\\/uploads\\\/hold-2.png\",\"width\":519,\"height\":514},{\"@type\":\"BreadcrumbList\",\"@id\":\"https:\\\/\\\/cardinal-tapes.com\\\/es\\\/cintas-adhesivas\\\/cintas-adhesivas-de-una-cara\\\/cinta-pet\\\/h-old-pe-091-cinta-adhesiva-de-polietileno\\\/#breadcrumb\",\"itemListElement\":[{\"@type\":\"ListItem\",\"position\":1,\"name\":\"Startseite\",\"item\":\"https:\\\/\\\/cardinal-tapes.com\\\/es\\\/\"},{\"@type\":\"ListItem\",\"position\":2,\"name\":\"Cintas adhesivas\",\"item\":\"https:\\\/\\\/cardinal-tapes.com\\\/es\\\/cintas-adhesivas-es\\\/\"},{\"@type\":\"ListItem\",\"position\":3,\"name\":\"Cintas adhesivas de una cara\",\"item\":\"https:\\\/\\\/cardinal-tapes.com\\\/es\\\/categora\\\/cintas-adhesivas-de-una-cara\\\/\"},{\"@type\":\"ListItem\",\"position\":4,\"name\":\"Cinta PET\",\"item\":\"https:\\\/\\\/cardinal-tapes.com\\\/es\\\/categora\\\/cinta-pet\\\/\"},{\"@type\":\"ListItem\",\"position\":5,\"name\":\"h-old\u00ae PE.091 Cinta adhesiva de polietileno\"}]},{\"@type\":\"WebSite\",\"@id\":\"https:\\\/\\\/cardinal-tapes.com\\\/#website\",\"url\":\"https:\\\/\\\/cardinal-tapes.com\\\/\",\"name\":\"cardinal TAPES\",\"description\":\"Klebetechnik aus Wuppertal\",\"potentialAction\":[{\"@type\":\"SearchAction\",\"target\":{\"@type\":\"EntryPoint\",\"urlTemplate\":\"https:\\\/\\\/cardinal-tapes.com\\\/?s={search_term_string}\"},\"query-input\":{\"@type\":\"PropertyValueSpecification\",\"valueRequired\":true,\"valueName\":\"search_term_string\"}}],\"inLanguage\":\"es\"}]}<\/script>\n<!-- \/ Yoast SEO plugin. -->","yoast_head_json":{"title":"h-old\u00ae PE.091 Cinta adhesiva de polietileno| Cardinal TAPES","description":"La cinta adhesiva de poli\u00e9ster h-old P.40 es una cinta adhesiva de 0,06 mm de grosor, que consta de un soporte de pel\u00edcula de poli\u00e9ster y est\u00e1 recubierta de adhesivo de silicona de alta calidad.","robots":{"index":"index","follow":"follow","max-snippet":"max-snippet:-1","max-image-preview":"max-image-preview:large","max-video-preview":"max-video-preview:-1"},"canonical":"https:\/\/cardinal-tapes.com\/es\/cintas-adhesivas\/cintas-adhesivas-de-una-cara\/cinta-pet\/h-old-pe-091-cinta-adhesiva-de-polietileno\/","og_locale":"es_ES","og_type":"article","og_title":"h-old\u00ae PE.091 Cinta adhesiva de polietileno| Cardinal TAPES","og_description":"La cinta adhesiva de poli\u00e9ster h-old P.40 es una cinta adhesiva de 0,06 mm de grosor, que consta de un soporte de pel\u00edcula de poli\u00e9ster y est\u00e1 recubierta de adhesivo de silicona de alta calidad.","og_url":"https:\/\/cardinal-tapes.com\/es\/cintas-adhesivas\/cintas-adhesivas-de-una-cara\/cinta-pet\/h-old-pe-091-cinta-adhesiva-de-polietileno\/","og_site_name":"cardinal TAPES","article_modified_time":"2025-07-02T10:32:53+00:00","og_image":[{"width":519,"height":514,"url":"https:\/\/cardinal-tapes.com\/wp-content\/uploads\/hold-2.png","type":"image\/png"}],"twitter_card":"summary_large_image","schema":{"@context":"https:\/\/schema.org","@graph":[{"@type":"WebPage","@id":"https:\/\/cardinal-tapes.com\/es\/cintas-adhesivas\/cintas-adhesivas-de-una-cara\/cinta-pet\/h-old-pe-091-cinta-adhesiva-de-polietileno\/","url":"https:\/\/cardinal-tapes.com\/es\/cintas-adhesivas\/cintas-adhesivas-de-una-cara\/cinta-pet\/h-old-pe-091-cinta-adhesiva-de-polietileno\/","name":"h-old\u00ae PE.091 Cinta adhesiva de polietileno| Cardinal TAPES","isPartOf":{"@id":"https:\/\/cardinal-tapes.com\/#website"},"primaryImageOfPage":{"@id":"https:\/\/cardinal-tapes.com\/es\/cintas-adhesivas\/cintas-adhesivas-de-una-cara\/cinta-pet\/h-old-pe-091-cinta-adhesiva-de-polietileno\/#primaryimage"},"image":{"@id":"https:\/\/cardinal-tapes.com\/es\/cintas-adhesivas\/cintas-adhesivas-de-una-cara\/cinta-pet\/h-old-pe-091-cinta-adhesiva-de-polietileno\/#primaryimage"},"thumbnailUrl":"https:\/\/cardinal-tapes.com\/wp-content\/uploads\/hold-2.png","datePublished":"2023-06-05T14:55:44+00:00","dateModified":"2025-07-02T10:32:53+00:00","description":"La cinta adhesiva de poli\u00e9ster h-old P.40 es una cinta adhesiva de 0,06 mm de grosor, que consta de un soporte de pel\u00edcula de poli\u00e9ster y est\u00e1 recubierta de adhesivo de silicona de alta calidad.","breadcrumb":{"@id":"https:\/\/cardinal-tapes.com\/es\/cintas-adhesivas\/cintas-adhesivas-de-una-cara\/cinta-pet\/h-old-pe-091-cinta-adhesiva-de-polietileno\/#breadcrumb"},"inLanguage":"es","potentialAction":[{"@type":"ReadAction","target":["https:\/\/cardinal-tapes.com\/es\/cintas-adhesivas\/cintas-adhesivas-de-una-cara\/cinta-pet\/h-old-pe-091-cinta-adhesiva-de-polietileno\/"]}]},{"@type":"ImageObject","inLanguage":"es","@id":"https:\/\/cardinal-tapes.com\/es\/cintas-adhesivas\/cintas-adhesivas-de-una-cara\/cinta-pet\/h-old-pe-091-cinta-adhesiva-de-polietileno\/#primaryimage","url":"https:\/\/cardinal-tapes.com\/wp-content\/uploads\/hold-2.png","contentUrl":"https:\/\/cardinal-tapes.com\/wp-content\/uploads\/hold-2.png","width":519,"height":514},{"@type":"BreadcrumbList","@id":"https:\/\/cardinal-tapes.com\/es\/cintas-adhesivas\/cintas-adhesivas-de-una-cara\/cinta-pet\/h-old-pe-091-cinta-adhesiva-de-polietileno\/#breadcrumb","itemListElement":[{"@type":"ListItem","position":1,"name":"Startseite","item":"https:\/\/cardinal-tapes.com\/es\/"},{"@type":"ListItem","position":2,"name":"Cintas adhesivas","item":"https:\/\/cardinal-tapes.com\/es\/cintas-adhesivas-es\/"},{"@type":"ListItem","position":3,"name":"Cintas adhesivas de una cara","item":"https:\/\/cardinal-tapes.com\/es\/categora\/cintas-adhesivas-de-una-cara\/"},{"@type":"ListItem","position":4,"name":"Cinta PET","item":"https:\/\/cardinal-tapes.com\/es\/categora\/cinta-pet\/"},{"@type":"ListItem","position":5,"name":"h-old\u00ae PE.091 Cinta adhesiva de polietileno"}]},{"@type":"WebSite","@id":"https:\/\/cardinal-tapes.com\/#website","url":"https:\/\/cardinal-tapes.com\/","name":"cardinal TAPES","description":"Klebetechnik aus Wuppertal","potentialAction":[{"@type":"SearchAction","target":{"@type":"EntryPoint","urlTemplate":"https:\/\/cardinal-tapes.com\/?s={search_term_string}"},"query-input":{"@type":"PropertyValueSpecification","valueRequired":true,"valueName":"search_term_string"}}],"inLanguage":"es"}]}},"brands":[{"id":2480,"name":"Saint-Gobain h-old","slug":"h-old-es"},{"id":2485,"name":"Saint-Gobain Performance Plastics","slug":"saint-gobain-es"}],"_links":{"self":[{"href":"https:\/\/cardinal-tapes.com\/es\/wp-json\/wp\/v2\/product\/40639","targetHints":{"allow":["GET"]}}],"collection":[{"href":"https:\/\/cardinal-tapes.com\/es\/wp-json\/wp\/v2\/product"}],"about":[{"href":"https:\/\/cardinal-tapes.com\/es\/wp-json\/wp\/v2\/types\/product"}],"wp:featuredmedia":[{"embeddable":true,"href":"https:\/\/cardinal-tapes.com\/es\/wp-json\/wp\/v2\/media\/29047"}],"wp:attachment":[{"href":"https:\/\/cardinal-tapes.com\/es\/wp-json\/wp\/v2\/media?parent=40639"}],"wp:term":[{"taxonomy":"pwb-brand","embeddable":true,"href":"https:\/\/cardinal-tapes.com\/es\/wp-json\/wp\/v2\/pwb-brand?post=40639"},{"taxonomy":"product_brand","embeddable":true,"href":"https:\/\/cardinal-tapes.com\/es\/wp-json\/wp\/v2\/product_brand?post=40639"},{"taxonomy":"product_cat","embeddable":true,"href":"https:\/\/cardinal-tapes.com\/es\/wp-json\/wp\/v2\/product_cat?post=40639"},{"taxonomy":"product_tag","embeddable":true,"href":"https:\/\/cardinal-tapes.com\/es\/wp-json\/wp\/v2\/product_tag?post=40639"}],"curies":[{"name":"wp","href":"https:\/\/api.w.org\/{rel}","templated":true}]}}