{"id":40638,"date":"2022-01-05T12:38:37","date_gmt":"2023-06-05T14:55:44","guid":{"rendered":"https:\/\/cardinal.pixel-tal.de\/klebebaender\/sin%20categor\u00eda\/h-old-sp-110-cinta-adhesiva-de-papel\/"},"modified":"2025-07-02T12:32:53","modified_gmt":"2025-07-02T10:32:53","slug":"h-old-sp-110-paper-cover-tape","status":"publish","type":"product","link":"https:\/\/cardinal-tapes.com\/es\/cintas-adhesivas\/cintas-adhesivas-de-una-cara\/h-old-sp-110-paper-cover-tape\/","title":{"rendered":"h-old\u00ae SP.110 Cinta adhesiva de papel"},"content":{"rendered":"<p>El h-old\u00ae SP.110 consta de un  <span id=\"[25,36]\" class=\"word\">papel crep\u00e9<\/span><span id=\"[11,24]\" class=\"word\">impregnado<\/span>, que  <span id=\"[101,111]\" class=\"word\">recubierta<\/span> por <span id=\"[38,47]\" class=\"word\">una cara<\/span> <span id=\"[48,51]\" class=\"word\">con<\/span> <span id=\"[52,57]\" class=\"word\">un<\/span> <span id=\"[77,99]\" class=\"word\">sistema adhesivo de silicona<\/span> <span id=\"[58,76]\" class=\"word\">sensible a la presi\u00f3n<\/span>.  <span id=\"[114,124]\" class=\"word\">Dise\u00f1ado<\/span> <span id=\"[125,128]\" class=\"word\">para<\/span> <span id=\"[129,166]\" class=\"word\">aplicaciones de marcado a alta temperatura<\/span>, b<span id=\"[169,171]\" class=\"word\">e<\/span> <span id=\"[172,177]\" class=\"word\">donde<\/span> la <span id=\"[178,182]\" class=\"word\">alta<\/span> <span id=\"[194,207]\" class=\"word\">resistencia<\/span> <span id=\"[183,193]\" class=\"word\">t\u00e9rmica<\/span> y<span id=\"[209,211]\" class=\"word\">nd<\/span> <span id=\"[212,216]\" class=\"word\">buena<\/span> <span id=\"[217,228]\" class=\"word\">Conformidad <\/span><span id=\"[230,242]\" class=\"word\">son necesarios.<\/span><\/p>\n","protected":false},"excerpt":{"rendered":"<p>El h-old\u00ae SP.110 consta de un papel crep\u00e9impregnado, que recubierta por una cara con un sistema adhesivo de silicona sensible a la presi\u00f3n. Dise\u00f1ado para aplicaciones de marcado a alta temperatura, be donde la alta resistencia t\u00e9rmica ynd buena Conformidad son necesarios.<\/p>\n","protected":false},"featured_media":0,"template":"","meta":{"_acf_changed":false},"pwb-brand":[2480,2485],"product_brand":[],"product_cat":[1806],"product_tag":[],"class_list":{"0":"post-40638","1":"product","2":"type-product","3":"status-publish","5":"pwb-brand-h-old-es","6":"pwb-brand-saint-gobain-es","7":"product_cat-cintas-adhesivas-de-una-cara","9":"first","10":"instock","11":"taxable","12":"shipping-taxable","13":"product-type-simple"},"acf":[],"yoast_head":"<!-- This site is optimized with the Yoast SEO plugin v27.3 - https:\/\/yoast.com\/product\/yoast-seo-wordpress\/ -->\n<title>h-old\u00ae SP.110 Cinta adhesiva de papel | Cardinal TAPES<\/title>\n<meta name=\"description\" content=\"La cinta adhesiva de poli\u00e9ster h-old P.40 es una cinta adhesiva de 0,06 mm de grosor, que consta de un soporte de pel\u00edcula de poli\u00e9ster y est\u00e1 recubierta de adhesivo de silicona de alta calidad.\" \/>\n<meta name=\"robots\" content=\"index, follow, max-snippet:-1, max-image-preview:large, max-video-preview:-1\" \/>\n<link rel=\"canonical\" href=\"https:\/\/cardinal-tapes.com\/es\/cintas-adhesivas\/cintas-adhesivas-de-una-cara\/h-old-sp-110-paper-cover-tape\/\" \/>\n<meta property=\"og:locale\" content=\"es_ES\" \/>\n<meta property=\"og:type\" content=\"article\" \/>\n<meta property=\"og:title\" content=\"h-old\u00ae SP.110 Cinta adhesiva de papel | Cardinal TAPES\" \/>\n<meta property=\"og:description\" content=\"La cinta adhesiva de poli\u00e9ster h-old P.40 es una cinta adhesiva de 0,06 mm de grosor, que consta de un soporte de pel\u00edcula de poli\u00e9ster y est\u00e1 recubierta de adhesivo de silicona de alta calidad.\" \/>\n<meta property=\"og:url\" content=\"https:\/\/cardinal-tapes.com\/es\/cintas-adhesivas\/cintas-adhesivas-de-una-cara\/h-old-sp-110-paper-cover-tape\/\" \/>\n<meta property=\"og:site_name\" content=\"cardinal TAPES\" \/>\n<meta property=\"article:modified_time\" content=\"2025-07-02T10:32:53+00:00\" \/>\n<meta name=\"twitter:card\" content=\"summary_large_image\" \/>\n<script type=\"application\/ld+json\" class=\"yoast-schema-graph\">{\"@context\":\"https:\\\/\\\/schema.org\",\"@graph\":[{\"@type\":\"WebPage\",\"@id\":\"https:\\\/\\\/cardinal-tapes.com\\\/es\\\/cintas-adhesivas\\\/cintas-adhesivas-de-una-cara\\\/h-old-sp-110-paper-cover-tape\\\/\",\"url\":\"https:\\\/\\\/cardinal-tapes.com\\\/es\\\/cintas-adhesivas\\\/cintas-adhesivas-de-una-cara\\\/h-old-sp-110-paper-cover-tape\\\/\",\"name\":\"h-old\u00ae SP.110 Cinta adhesiva de papel | Cardinal TAPES\",\"isPartOf\":{\"@id\":\"https:\\\/\\\/cardinal-tapes.com\\\/#website\"},\"datePublished\":\"2023-06-05T14:55:44+00:00\",\"dateModified\":\"2025-07-02T10:32:53+00:00\",\"description\":\"La cinta adhesiva de poli\u00e9ster h-old P.40 es una cinta adhesiva de 0,06 mm de grosor, que consta de un soporte de pel\u00edcula de poli\u00e9ster y est\u00e1 recubierta de adhesivo de silicona de alta calidad.\",\"breadcrumb\":{\"@id\":\"https:\\\/\\\/cardinal-tapes.com\\\/es\\\/cintas-adhesivas\\\/cintas-adhesivas-de-una-cara\\\/h-old-sp-110-paper-cover-tape\\\/#breadcrumb\"},\"inLanguage\":\"es\",\"potentialAction\":[{\"@type\":\"ReadAction\",\"target\":[\"https:\\\/\\\/cardinal-tapes.com\\\/es\\\/cintas-adhesivas\\\/cintas-adhesivas-de-una-cara\\\/h-old-sp-110-paper-cover-tape\\\/\"]}]},{\"@type\":\"BreadcrumbList\",\"@id\":\"https:\\\/\\\/cardinal-tapes.com\\\/es\\\/cintas-adhesivas\\\/cintas-adhesivas-de-una-cara\\\/h-old-sp-110-paper-cover-tape\\\/#breadcrumb\",\"itemListElement\":[{\"@type\":\"ListItem\",\"position\":1,\"name\":\"Startseite\",\"item\":\"https:\\\/\\\/cardinal-tapes.com\\\/es\\\/\"},{\"@type\":\"ListItem\",\"position\":2,\"name\":\"Cintas adhesivas\",\"item\":\"https:\\\/\\\/cardinal-tapes.com\\\/es\\\/cintas-adhesivas-es\\\/\"},{\"@type\":\"ListItem\",\"position\":3,\"name\":\"Cintas adhesivas de una cara\",\"item\":\"https:\\\/\\\/cardinal-tapes.com\\\/es\\\/categora\\\/cintas-adhesivas-de-una-cara\\\/\"},{\"@type\":\"ListItem\",\"position\":4,\"name\":\"h-old\u00ae SP.110 Cinta adhesiva de papel\"}]},{\"@type\":\"WebSite\",\"@id\":\"https:\\\/\\\/cardinal-tapes.com\\\/#website\",\"url\":\"https:\\\/\\\/cardinal-tapes.com\\\/\",\"name\":\"cardinal TAPES\",\"description\":\"Klebetechnik aus Wuppertal\",\"potentialAction\":[{\"@type\":\"SearchAction\",\"target\":{\"@type\":\"EntryPoint\",\"urlTemplate\":\"https:\\\/\\\/cardinal-tapes.com\\\/?s={search_term_string}\"},\"query-input\":{\"@type\":\"PropertyValueSpecification\",\"valueRequired\":true,\"valueName\":\"search_term_string\"}}],\"inLanguage\":\"es\"}]}<\/script>\n<!-- \/ Yoast SEO plugin. -->","yoast_head_json":{"title":"h-old\u00ae SP.110 Cinta adhesiva de papel | Cardinal TAPES","description":"La cinta adhesiva de poli\u00e9ster h-old P.40 es una cinta adhesiva de 0,06 mm de grosor, que consta de un soporte de pel\u00edcula de poli\u00e9ster y est\u00e1 recubierta de adhesivo de silicona de alta calidad.","robots":{"index":"index","follow":"follow","max-snippet":"max-snippet:-1","max-image-preview":"max-image-preview:large","max-video-preview":"max-video-preview:-1"},"canonical":"https:\/\/cardinal-tapes.com\/es\/cintas-adhesivas\/cintas-adhesivas-de-una-cara\/h-old-sp-110-paper-cover-tape\/","og_locale":"es_ES","og_type":"article","og_title":"h-old\u00ae SP.110 Cinta adhesiva de papel | Cardinal TAPES","og_description":"La cinta adhesiva de poli\u00e9ster h-old P.40 es una cinta adhesiva de 0,06 mm de grosor, que consta de un soporte de pel\u00edcula de poli\u00e9ster y est\u00e1 recubierta de adhesivo de silicona de alta calidad.","og_url":"https:\/\/cardinal-tapes.com\/es\/cintas-adhesivas\/cintas-adhesivas-de-una-cara\/h-old-sp-110-paper-cover-tape\/","og_site_name":"cardinal TAPES","article_modified_time":"2025-07-02T10:32:53+00:00","twitter_card":"summary_large_image","schema":{"@context":"https:\/\/schema.org","@graph":[{"@type":"WebPage","@id":"https:\/\/cardinal-tapes.com\/es\/cintas-adhesivas\/cintas-adhesivas-de-una-cara\/h-old-sp-110-paper-cover-tape\/","url":"https:\/\/cardinal-tapes.com\/es\/cintas-adhesivas\/cintas-adhesivas-de-una-cara\/h-old-sp-110-paper-cover-tape\/","name":"h-old\u00ae SP.110 Cinta adhesiva de papel | Cardinal TAPES","isPartOf":{"@id":"https:\/\/cardinal-tapes.com\/#website"},"datePublished":"2023-06-05T14:55:44+00:00","dateModified":"2025-07-02T10:32:53+00:00","description":"La cinta adhesiva de poli\u00e9ster h-old P.40 es una cinta adhesiva de 0,06 mm de grosor, que consta de un soporte de pel\u00edcula de poli\u00e9ster y est\u00e1 recubierta de adhesivo de silicona de alta calidad.","breadcrumb":{"@id":"https:\/\/cardinal-tapes.com\/es\/cintas-adhesivas\/cintas-adhesivas-de-una-cara\/h-old-sp-110-paper-cover-tape\/#breadcrumb"},"inLanguage":"es","potentialAction":[{"@type":"ReadAction","target":["https:\/\/cardinal-tapes.com\/es\/cintas-adhesivas\/cintas-adhesivas-de-una-cara\/h-old-sp-110-paper-cover-tape\/"]}]},{"@type":"BreadcrumbList","@id":"https:\/\/cardinal-tapes.com\/es\/cintas-adhesivas\/cintas-adhesivas-de-una-cara\/h-old-sp-110-paper-cover-tape\/#breadcrumb","itemListElement":[{"@type":"ListItem","position":1,"name":"Startseite","item":"https:\/\/cardinal-tapes.com\/es\/"},{"@type":"ListItem","position":2,"name":"Cintas adhesivas","item":"https:\/\/cardinal-tapes.com\/es\/cintas-adhesivas-es\/"},{"@type":"ListItem","position":3,"name":"Cintas adhesivas de una cara","item":"https:\/\/cardinal-tapes.com\/es\/categora\/cintas-adhesivas-de-una-cara\/"},{"@type":"ListItem","position":4,"name":"h-old\u00ae SP.110 Cinta adhesiva de papel"}]},{"@type":"WebSite","@id":"https:\/\/cardinal-tapes.com\/#website","url":"https:\/\/cardinal-tapes.com\/","name":"cardinal TAPES","description":"Klebetechnik aus Wuppertal","potentialAction":[{"@type":"SearchAction","target":{"@type":"EntryPoint","urlTemplate":"https:\/\/cardinal-tapes.com\/?s={search_term_string}"},"query-input":{"@type":"PropertyValueSpecification","valueRequired":true,"valueName":"search_term_string"}}],"inLanguage":"es"}]}},"brands":[{"id":2480,"name":"Saint-Gobain h-old","slug":"h-old-es"},{"id":2485,"name":"Saint-Gobain Performance Plastics","slug":"saint-gobain-es"}],"_links":{"self":[{"href":"https:\/\/cardinal-tapes.com\/es\/wp-json\/wp\/v2\/product\/40638","targetHints":{"allow":["GET"]}}],"collection":[{"href":"https:\/\/cardinal-tapes.com\/es\/wp-json\/wp\/v2\/product"}],"about":[{"href":"https:\/\/cardinal-tapes.com\/es\/wp-json\/wp\/v2\/types\/product"}],"wp:attachment":[{"href":"https:\/\/cardinal-tapes.com\/es\/wp-json\/wp\/v2\/media?parent=40638"}],"wp:term":[{"taxonomy":"pwb-brand","embeddable":true,"href":"https:\/\/cardinal-tapes.com\/es\/wp-json\/wp\/v2\/pwb-brand?post=40638"},{"taxonomy":"product_brand","embeddable":true,"href":"https:\/\/cardinal-tapes.com\/es\/wp-json\/wp\/v2\/product_brand?post=40638"},{"taxonomy":"product_cat","embeddable":true,"href":"https:\/\/cardinal-tapes.com\/es\/wp-json\/wp\/v2\/product_cat?post=40638"},{"taxonomy":"product_tag","embeddable":true,"href":"https:\/\/cardinal-tapes.com\/es\/wp-json\/wp\/v2\/product_tag?post=40638"}],"curies":[{"name":"wp","href":"https:\/\/api.w.org\/{rel}","templated":true}]}}