{"id":40536,"date":"2022-07-08T08:57:01","date_gmt":"2022-07-08T06:57:01","guid":{"rendered":"https:\/\/cardinal.pixel-tal.de\/klebebaender\/sin%20categor\u00eda\/tesa-4713-cinta-de-papel-cinta-de-embalaje\/"},"modified":"2025-07-02T12:33:45","modified_gmt":"2025-07-02T10:33:45","slug":"tesa-4713-cinta-adhesiva-de-papel","status":"publish","type":"product","link":"https:\/\/cardinal-tapes.com\/es\/cintas-adhesivas\/ambitos-de-aplicacion\/cinta-de-papel\/tesa-4713-cinta-adhesiva-de-papel\/","title":{"rendered":"tesa\u00ae 4713 Cinta de papel \/ Cinta de embalaje"},"content":{"rendered":"<p><span class=\"lowercase\">tesa\u00ae<\/span>4713 es una cinta de embalaje de aplicaci\u00f3n universal basada en un soporte de papel crep\u00e9 fino y un adhesivo de caucho natural.<br \/>\nEl soporte de <span class=\"lowercase\">tesa\u00ae<\/span>4713 est\u00e1 hecho de papel obtenido de bosques bien gestionados con certificaci\u00f3n FSC\u00ae y otras fuentes controladas.<br \/>\nEl sistema adhesivo de caucho natural sin disolventes se caracteriza por una buena adhesi\u00f3n a una amplia variedad de superficies y una buena pegajosidad inicial.<\/p>\n<p>La cinta de embalaje est\u00e1 dise\u00f1ada para embalajes ligeros de cart\u00f3n de hasta 10 kg y es ideal tanto para aplicaci\u00f3n manual como autom\u00e1tica.<br \/>\nLa gran fuerza adhesiva, incluso en calidades de cart\u00f3n reciclado, as\u00ed como la imprimibilidad del soporte, hacen del producto una soluci\u00f3n de cinta adhesiva fiable en el sector del embalaje.<\/p>\n<p><strong>Aplicaciones<\/strong><\/p>\n<ul>\n<li>Cierre del envase<\/li>\n<li>Adecuado para cajas ligeras<\/li>\n<li>Buena fuerza adhesiva en diferentes calidades de cart\u00f3n<\/li>\n<li>Adecuado para aplicaci\u00f3n manual y autom\u00e1tica<\/li>\n<li>Cinta adhesiva respetuosa con el medio ambiente, probada seg\u00fan el m\u00e9todo INGEDE<\/li>\n<\/ul>\n<p><a href=\"https:\/\/www.tesa.com\/de-de\/industrie\/allgemeine-anwendungen-produkte\/technologie-trends\/jetzt-neu-tesa-4713-papierklebeband-eine-umweltfreundliche-verpackungsloesung.html\" target=\"_blank\" rel=\"noopener nofollow\">Para m\u00e1s informaci\u00f3n.<\/a><\/p>\n","protected":false},"excerpt":{"rendered":"<p>tesa\u00ae4713 es una cinta de embalaje de aplicaci\u00f3n universal basada en un soporte de papel crep\u00e9 fino y un adhesivo de caucho natural. El soporte de tesa\u00ae4713 est\u00e1 hecho de papel obtenido de bosques bien gestionados con certificaci\u00f3n FSC\u00ae y otras fuentes controladas. El sistema adhesivo de caucho natural sin disolventes se caracteriza por una [&hellip;]<\/p>\n","protected":false},"featured_media":28899,"template":"","meta":{"_acf_changed":false},"pwb-brand":[2163],"product_brand":[],"product_cat":[1796,1806,1871],"product_tag":[],"class_list":{"0":"post-40536","1":"product","2":"type-product","3":"status-publish","4":"has-post-thumbnail","6":"pwb-brand-tesa-es","7":"product_cat-cinta-de-papel","8":"product_cat-cintas-adhesivas-de-una-cara","9":"product_cat-sistemas-de-envasado","11":"first","12":"instock","13":"featured","14":"taxable","15":"shipping-taxable","16":"purchasable","17":"product-type-variable"},"acf":[],"yoast_head":"<!-- This site is optimized with the Yoast SEO plugin v27.3 - https:\/\/yoast.com\/product\/yoast-seo-wordpress\/ -->\n<title>tesa\u00ae 4713 Cinta de Papel \/ Cinta de Embalaje | Cardinal TAPES<\/title>\n<meta name=\"description\" content=\"La cinta de embalaje tesa\u00ae 4713 con papel procedente de fuentes sostenibles es respetuosa con el medio ambiente, fiable y competitiva.\" \/>\n<meta name=\"robots\" content=\"index, follow, max-snippet:-1, max-image-preview:large, max-video-preview:-1\" \/>\n<link rel=\"canonical\" href=\"https:\/\/cardinal-tapes.com\/es\/cintas-adhesivas\/ambitos-de-aplicacion\/cinta-de-papel\/tesa-4713-cinta-adhesiva-de-papel\/\" \/>\n<meta property=\"og:locale\" content=\"es_ES\" \/>\n<meta property=\"og:type\" content=\"article\" \/>\n<meta property=\"og:title\" content=\"tesa\u00ae 4713 Cinta de Papel \/ Cinta de Embalaje | Cardinal TAPES\" \/>\n<meta property=\"og:description\" content=\"La cinta de embalaje tesa\u00ae 4713 con papel procedente de fuentes sostenibles es respetuosa con el medio ambiente, fiable y competitiva.\" \/>\n<meta property=\"og:url\" content=\"https:\/\/cardinal-tapes.com\/es\/cintas-adhesivas\/ambitos-de-aplicacion\/cinta-de-papel\/tesa-4713-cinta-adhesiva-de-papel\/\" \/>\n<meta property=\"og:site_name\" content=\"cardinal TAPES\" \/>\n<meta property=\"article:modified_time\" content=\"2025-07-02T10:33:45+00:00\" \/>\n<meta property=\"og:image\" content=\"https:\/\/cardinal-tapes.com\/wp-content\/uploads\/tesa-4713.webp\" \/>\n\t<meta property=\"og:image:width\" content=\"608\" \/>\n\t<meta property=\"og:image:height\" content=\"608\" \/>\n\t<meta property=\"og:image:type\" content=\"image\/webp\" \/>\n<meta name=\"twitter:card\" content=\"summary_large_image\" \/>\n<meta name=\"twitter:label1\" content=\"Tiempo de lectura\" \/>\n\t<meta name=\"twitter:data1\" content=\"1 minuto\" \/>\n<script type=\"application\/ld+json\" class=\"yoast-schema-graph\">{\"@context\":\"https:\\\/\\\/schema.org\",\"@graph\":[{\"@type\":\"WebPage\",\"@id\":\"https:\\\/\\\/cardinal-tapes.com\\\/es\\\/cintas-adhesivas\\\/ambitos-de-aplicacion\\\/cinta-de-papel\\\/tesa-4713-cinta-adhesiva-de-papel\\\/\",\"url\":\"https:\\\/\\\/cardinal-tapes.com\\\/es\\\/cintas-adhesivas\\\/ambitos-de-aplicacion\\\/cinta-de-papel\\\/tesa-4713-cinta-adhesiva-de-papel\\\/\",\"name\":\"tesa\u00ae 4713 Cinta de Papel \\\/ Cinta de Embalaje | Cardinal TAPES\",\"isPartOf\":{\"@id\":\"https:\\\/\\\/cardinal-tapes.com\\\/#website\"},\"primaryImageOfPage\":{\"@id\":\"https:\\\/\\\/cardinal-tapes.com\\\/es\\\/cintas-adhesivas\\\/ambitos-de-aplicacion\\\/cinta-de-papel\\\/tesa-4713-cinta-adhesiva-de-papel\\\/#primaryimage\"},\"image\":{\"@id\":\"https:\\\/\\\/cardinal-tapes.com\\\/es\\\/cintas-adhesivas\\\/ambitos-de-aplicacion\\\/cinta-de-papel\\\/tesa-4713-cinta-adhesiva-de-papel\\\/#primaryimage\"},\"thumbnailUrl\":\"https:\\\/\\\/cardinal-tapes.com\\\/wp-content\\\/uploads\\\/tesa-4713.webp\",\"datePublished\":\"2022-07-08T06:57:01+00:00\",\"dateModified\":\"2025-07-02T10:33:45+00:00\",\"description\":\"La cinta de embalaje tesa\u00ae 4713 con papel procedente de fuentes sostenibles es respetuosa con el medio ambiente, fiable y competitiva.\",\"breadcrumb\":{\"@id\":\"https:\\\/\\\/cardinal-tapes.com\\\/es\\\/cintas-adhesivas\\\/ambitos-de-aplicacion\\\/cinta-de-papel\\\/tesa-4713-cinta-adhesiva-de-papel\\\/#breadcrumb\"},\"inLanguage\":\"es\",\"potentialAction\":[{\"@type\":\"ReadAction\",\"target\":[\"https:\\\/\\\/cardinal-tapes.com\\\/es\\\/cintas-adhesivas\\\/ambitos-de-aplicacion\\\/cinta-de-papel\\\/tesa-4713-cinta-adhesiva-de-papel\\\/\"]}]},{\"@type\":\"ImageObject\",\"inLanguage\":\"es\",\"@id\":\"https:\\\/\\\/cardinal-tapes.com\\\/es\\\/cintas-adhesivas\\\/ambitos-de-aplicacion\\\/cinta-de-papel\\\/tesa-4713-cinta-adhesiva-de-papel\\\/#primaryimage\",\"url\":\"https:\\\/\\\/cardinal-tapes.com\\\/wp-content\\\/uploads\\\/tesa-4713.webp\",\"contentUrl\":\"https:\\\/\\\/cardinal-tapes.com\\\/wp-content\\\/uploads\\\/tesa-4713.webp\",\"width\":608,\"height\":608},{\"@type\":\"BreadcrumbList\",\"@id\":\"https:\\\/\\\/cardinal-tapes.com\\\/es\\\/cintas-adhesivas\\\/ambitos-de-aplicacion\\\/cinta-de-papel\\\/tesa-4713-cinta-adhesiva-de-papel\\\/#breadcrumb\",\"itemListElement\":[{\"@type\":\"ListItem\",\"position\":1,\"name\":\"Startseite\",\"item\":\"https:\\\/\\\/cardinal-tapes.com\\\/es\\\/\"},{\"@type\":\"ListItem\",\"position\":2,\"name\":\"Cintas adhesivas\",\"item\":\"https:\\\/\\\/cardinal-tapes.com\\\/es\\\/cintas-adhesivas-es\\\/\"},{\"@type\":\"ListItem\",\"position\":3,\"name\":\"\u00c1mbitos de aplicaci\u00f3n\",\"item\":\"https:\\\/\\\/cardinal-tapes.com\\\/es\\\/categora\\\/ambitos-de-aplicacion\\\/\"},{\"@type\":\"ListItem\",\"position\":4,\"name\":\"Cinta de papel\",\"item\":\"https:\\\/\\\/cardinal-tapes.com\\\/es\\\/categora\\\/cinta-de-papel\\\/\"},{\"@type\":\"ListItem\",\"position\":5,\"name\":\"tesa\u00ae 4713 Cinta de papel \\\/ Cinta de embalaje\"}]},{\"@type\":\"WebSite\",\"@id\":\"https:\\\/\\\/cardinal-tapes.com\\\/#website\",\"url\":\"https:\\\/\\\/cardinal-tapes.com\\\/\",\"name\":\"cardinal TAPES\",\"description\":\"Klebetechnik aus Wuppertal\",\"potentialAction\":[{\"@type\":\"SearchAction\",\"target\":{\"@type\":\"EntryPoint\",\"urlTemplate\":\"https:\\\/\\\/cardinal-tapes.com\\\/?s={search_term_string}\"},\"query-input\":{\"@type\":\"PropertyValueSpecification\",\"valueRequired\":true,\"valueName\":\"search_term_string\"}}],\"inLanguage\":\"es\"}]}<\/script>\n<!-- \/ Yoast SEO plugin. -->","yoast_head_json":{"title":"tesa\u00ae 4713 Cinta de Papel \/ Cinta de Embalaje | Cardinal TAPES","description":"La cinta de embalaje tesa\u00ae 4713 con papel procedente de fuentes sostenibles es respetuosa con el medio ambiente, fiable y competitiva.","robots":{"index":"index","follow":"follow","max-snippet":"max-snippet:-1","max-image-preview":"max-image-preview:large","max-video-preview":"max-video-preview:-1"},"canonical":"https:\/\/cardinal-tapes.com\/es\/cintas-adhesivas\/ambitos-de-aplicacion\/cinta-de-papel\/tesa-4713-cinta-adhesiva-de-papel\/","og_locale":"es_ES","og_type":"article","og_title":"tesa\u00ae 4713 Cinta de Papel \/ Cinta de Embalaje | Cardinal TAPES","og_description":"La cinta de embalaje tesa\u00ae 4713 con papel procedente de fuentes sostenibles es respetuosa con el medio ambiente, fiable y competitiva.","og_url":"https:\/\/cardinal-tapes.com\/es\/cintas-adhesivas\/ambitos-de-aplicacion\/cinta-de-papel\/tesa-4713-cinta-adhesiva-de-papel\/","og_site_name":"cardinal TAPES","article_modified_time":"2025-07-02T10:33:45+00:00","og_image":[{"width":608,"height":608,"url":"https:\/\/cardinal-tapes.com\/wp-content\/uploads\/tesa-4713.webp","type":"image\/webp"}],"twitter_card":"summary_large_image","twitter_misc":{"Tiempo de lectura":"1 minuto"},"schema":{"@context":"https:\/\/schema.org","@graph":[{"@type":"WebPage","@id":"https:\/\/cardinal-tapes.com\/es\/cintas-adhesivas\/ambitos-de-aplicacion\/cinta-de-papel\/tesa-4713-cinta-adhesiva-de-papel\/","url":"https:\/\/cardinal-tapes.com\/es\/cintas-adhesivas\/ambitos-de-aplicacion\/cinta-de-papel\/tesa-4713-cinta-adhesiva-de-papel\/","name":"tesa\u00ae 4713 Cinta de Papel \/ Cinta de Embalaje | Cardinal TAPES","isPartOf":{"@id":"https:\/\/cardinal-tapes.com\/#website"},"primaryImageOfPage":{"@id":"https:\/\/cardinal-tapes.com\/es\/cintas-adhesivas\/ambitos-de-aplicacion\/cinta-de-papel\/tesa-4713-cinta-adhesiva-de-papel\/#primaryimage"},"image":{"@id":"https:\/\/cardinal-tapes.com\/es\/cintas-adhesivas\/ambitos-de-aplicacion\/cinta-de-papel\/tesa-4713-cinta-adhesiva-de-papel\/#primaryimage"},"thumbnailUrl":"https:\/\/cardinal-tapes.com\/wp-content\/uploads\/tesa-4713.webp","datePublished":"2022-07-08T06:57:01+00:00","dateModified":"2025-07-02T10:33:45+00:00","description":"La cinta de embalaje tesa\u00ae 4713 con papel procedente de fuentes sostenibles es respetuosa con el medio ambiente, fiable y competitiva.","breadcrumb":{"@id":"https:\/\/cardinal-tapes.com\/es\/cintas-adhesivas\/ambitos-de-aplicacion\/cinta-de-papel\/tesa-4713-cinta-adhesiva-de-papel\/#breadcrumb"},"inLanguage":"es","potentialAction":[{"@type":"ReadAction","target":["https:\/\/cardinal-tapes.com\/es\/cintas-adhesivas\/ambitos-de-aplicacion\/cinta-de-papel\/tesa-4713-cinta-adhesiva-de-papel\/"]}]},{"@type":"ImageObject","inLanguage":"es","@id":"https:\/\/cardinal-tapes.com\/es\/cintas-adhesivas\/ambitos-de-aplicacion\/cinta-de-papel\/tesa-4713-cinta-adhesiva-de-papel\/#primaryimage","url":"https:\/\/cardinal-tapes.com\/wp-content\/uploads\/tesa-4713.webp","contentUrl":"https:\/\/cardinal-tapes.com\/wp-content\/uploads\/tesa-4713.webp","width":608,"height":608},{"@type":"BreadcrumbList","@id":"https:\/\/cardinal-tapes.com\/es\/cintas-adhesivas\/ambitos-de-aplicacion\/cinta-de-papel\/tesa-4713-cinta-adhesiva-de-papel\/#breadcrumb","itemListElement":[{"@type":"ListItem","position":1,"name":"Startseite","item":"https:\/\/cardinal-tapes.com\/es\/"},{"@type":"ListItem","position":2,"name":"Cintas adhesivas","item":"https:\/\/cardinal-tapes.com\/es\/cintas-adhesivas-es\/"},{"@type":"ListItem","position":3,"name":"\u00c1mbitos de aplicaci\u00f3n","item":"https:\/\/cardinal-tapes.com\/es\/categora\/ambitos-de-aplicacion\/"},{"@type":"ListItem","position":4,"name":"Cinta de papel","item":"https:\/\/cardinal-tapes.com\/es\/categora\/cinta-de-papel\/"},{"@type":"ListItem","position":5,"name":"tesa\u00ae 4713 Cinta de papel \/ Cinta de embalaje"}]},{"@type":"WebSite","@id":"https:\/\/cardinal-tapes.com\/#website","url":"https:\/\/cardinal-tapes.com\/","name":"cardinal TAPES","description":"Klebetechnik aus Wuppertal","potentialAction":[{"@type":"SearchAction","target":{"@type":"EntryPoint","urlTemplate":"https:\/\/cardinal-tapes.com\/?s={search_term_string}"},"query-input":{"@type":"PropertyValueSpecification","valueRequired":true,"valueName":"search_term_string"}}],"inLanguage":"es"}]}},"brands":[{"id":2163,"name":"tesa","slug":"tesa-es"}],"_links":{"self":[{"href":"https:\/\/cardinal-tapes.com\/es\/wp-json\/wp\/v2\/product\/40536","targetHints":{"allow":["GET"]}}],"collection":[{"href":"https:\/\/cardinal-tapes.com\/es\/wp-json\/wp\/v2\/product"}],"about":[{"href":"https:\/\/cardinal-tapes.com\/es\/wp-json\/wp\/v2\/types\/product"}],"wp:featuredmedia":[{"embeddable":true,"href":"https:\/\/cardinal-tapes.com\/es\/wp-json\/wp\/v2\/media\/28899"}],"wp:attachment":[{"href":"https:\/\/cardinal-tapes.com\/es\/wp-json\/wp\/v2\/media?parent=40536"}],"wp:term":[{"taxonomy":"pwb-brand","embeddable":true,"href":"https:\/\/cardinal-tapes.com\/es\/wp-json\/wp\/v2\/pwb-brand?post=40536"},{"taxonomy":"product_brand","embeddable":true,"href":"https:\/\/cardinal-tapes.com\/es\/wp-json\/wp\/v2\/product_brand?post=40536"},{"taxonomy":"product_cat","embeddable":true,"href":"https:\/\/cardinal-tapes.com\/es\/wp-json\/wp\/v2\/product_cat?post=40536"},{"taxonomy":"product_tag","embeddable":true,"href":"https:\/\/cardinal-tapes.com\/es\/wp-json\/wp\/v2\/product_tag?post=40536"}],"curies":[{"name":"wp","href":"https:\/\/api.w.org\/{rel}","templated":true}]}}