{"id":40472,"date":"2022-08-15T09:47:11","date_gmt":"2022-08-15T07:47:11","guid":{"rendered":"https:\/\/cardinal.pixel-tal.de\/klebebaender\/sin%20categor\u00eda\/3m-cinta-vhb-4945\/"},"modified":"2025-07-02T12:25:02","modified_gmt":"2025-07-02T10:25:02","slug":"3m-vhb-klebeband-4945","status":"publish","type":"product","link":"https:\/\/cardinal-tapes.com\/es\/cintas-adhesivas\/cintas-adhesivas-de-doble-cara\/3m-vhb-klebeband-4945\/","title":{"rendered":"3M\u2122 Cinta VHB\u2122 4945"},"content":{"rendered":"<p>Las cintas 3M\u2122 VHB\u2122 de alto rendimiento son cintas de doble cara fabricadas con adhesivo acr\u00edlico de c\u00e9lula cerrada como la 3M\u2122 4945. Ofrecen una gran adaptabilidad a las superficies a pegar. Las superficies lisas o estructuradas pueden adherirse en toda la superficie sin tensi\u00f3n.<\/p>\n<p><strong>Propiedades<\/strong><br \/>\nLa gran absorci\u00f3n de carga din\u00e1mica de la cinta adhesiva reduce las vibraciones y los choques. Al hacerlo, crea un sello permanente contra el agua y la humedad. Adem\u00e1s, la cinta 4945 tiene una excelente resistencia a la temperatura cuando se adhieren piezas met\u00e1licas antes de pintarlas.<\/p>\n<p><strong>Aplicaciones<br \/>\n<\/strong>&#8211; para materiales decorativos y molduras, placas de identificaci\u00f3n y logotipos, expositores, fijaciones de paneles y refuerzos<br \/>\n&#8211; las aplicaciones abarcan una amplia gama de industrias, como el transporte, la fabricaci\u00f3n de electrodom\u00e9sticos, la electr\u00f3nica, las soluciones de exposici\u00f3n y la industria general<\/p>\n","protected":false},"excerpt":{"rendered":"<p>Las cintas 3M\u2122 VHB\u2122 de alto rendimiento son cintas de doble cara fabricadas con adhesivo acr\u00edlico de c\u00e9lula cerrada como la 3M\u2122 4945. Ofrecen una gran adaptabilidad a las superficies a pegar. Las superficies lisas o estructuradas pueden adherirse en toda la superficie sin tensi\u00f3n. Propiedades La gran absorci\u00f3n de carga din\u00e1mica de la cinta [&hellip;]<\/p>\n","protected":false},"featured_media":29023,"template":"","meta":{"_acf_changed":false},"pwb-brand":[2169],"product_brand":[],"product_cat":[1804],"product_tag":[],"class_list":{"0":"post-40472","1":"product","2":"type-product","3":"status-publish","4":"has-post-thumbnail","6":"pwb-brand-3m-es","7":"product_cat-cintas-adhesivas-de-doble-cara","9":"first","10":"outofstock","11":"taxable","12":"shipping-taxable","13":"purchasable","14":"product-type-variable"},"acf":[],"yoast_head":"<!-- This site is optimized with the Yoast SEO plugin v27.3 - https:\/\/yoast.com\/product\/yoast-seo-wordpress\/ -->\n<title>3M\u2122 VHB\u2122 Cinta 4945 | Cardinal TAPES<\/title>\n<meta name=\"description\" content=\"Las cintas 3M\u2122 VHB\u2122 de alto rendimiento son cintas de doble cara fabricadas con adhesivo acr\u00edlico de c\u00e9lula cerrada.\" \/>\n<meta name=\"robots\" content=\"index, follow, max-snippet:-1, max-image-preview:large, max-video-preview:-1\" \/>\n<link rel=\"canonical\" href=\"https:\/\/cardinal-tapes.com\/es\/cintas-adhesivas\/cintas-adhesivas-de-doble-cara\/3m-vhb-klebeband-4945\/\" \/>\n<meta property=\"og:locale\" content=\"es_ES\" \/>\n<meta property=\"og:type\" content=\"article\" \/>\n<meta property=\"og:title\" content=\"3M\u2122 VHB\u2122 Cinta 4945 | Cardinal TAPES\" \/>\n<meta property=\"og:description\" content=\"Las cintas 3M\u2122 VHB\u2122 de alto rendimiento son cintas de doble cara fabricadas con adhesivo acr\u00edlico de c\u00e9lula cerrada.\" \/>\n<meta property=\"og:url\" content=\"https:\/\/cardinal-tapes.com\/es\/cintas-adhesivas\/cintas-adhesivas-de-doble-cara\/3m-vhb-klebeband-4945\/\" \/>\n<meta property=\"og:site_name\" content=\"cardinal TAPES\" \/>\n<meta property=\"article:modified_time\" content=\"2025-07-02T10:25:02+00:00\" \/>\n<meta property=\"og:image\" content=\"https:\/\/cardinal-tapes.com\/wp-content\/uploads\/3m-vhb-tape-4945-white-1-in-x-36-yd-45-0-mil-9-per-case.webp\" \/>\n\t<meta property=\"og:image:width\" content=\"400\" \/>\n\t<meta property=\"og:image:height\" content=\"400\" \/>\n\t<meta property=\"og:image:type\" content=\"image\/webp\" \/>\n<meta name=\"twitter:card\" content=\"summary_large_image\" \/>\n<meta name=\"twitter:label1\" content=\"Tiempo de lectura\" \/>\n\t<meta name=\"twitter:data1\" content=\"1 minuto\" \/>\n<script type=\"application\/ld+json\" class=\"yoast-schema-graph\">{\"@context\":\"https:\\\/\\\/schema.org\",\"@graph\":[{\"@type\":\"WebPage\",\"@id\":\"https:\\\/\\\/cardinal-tapes.com\\\/es\\\/cintas-adhesivas\\\/cintas-adhesivas-de-doble-cara\\\/3m-vhb-klebeband-4945\\\/\",\"url\":\"https:\\\/\\\/cardinal-tapes.com\\\/es\\\/cintas-adhesivas\\\/cintas-adhesivas-de-doble-cara\\\/3m-vhb-klebeband-4945\\\/\",\"name\":\"3M\u2122 VHB\u2122 Cinta 4945 | Cardinal TAPES\",\"isPartOf\":{\"@id\":\"https:\\\/\\\/cardinal-tapes.com\\\/#website\"},\"primaryImageOfPage\":{\"@id\":\"https:\\\/\\\/cardinal-tapes.com\\\/es\\\/cintas-adhesivas\\\/cintas-adhesivas-de-doble-cara\\\/3m-vhb-klebeband-4945\\\/#primaryimage\"},\"image\":{\"@id\":\"https:\\\/\\\/cardinal-tapes.com\\\/es\\\/cintas-adhesivas\\\/cintas-adhesivas-de-doble-cara\\\/3m-vhb-klebeband-4945\\\/#primaryimage\"},\"thumbnailUrl\":\"https:\\\/\\\/cardinal-tapes.com\\\/wp-content\\\/uploads\\\/3m-vhb-tape-4945-white-1-in-x-36-yd-45-0-mil-9-per-case.webp\",\"datePublished\":\"2022-08-15T07:47:11+00:00\",\"dateModified\":\"2025-07-02T10:25:02+00:00\",\"description\":\"Las cintas 3M\u2122 VHB\u2122 de alto rendimiento son cintas de doble cara fabricadas con adhesivo acr\u00edlico de c\u00e9lula cerrada.\",\"breadcrumb\":{\"@id\":\"https:\\\/\\\/cardinal-tapes.com\\\/es\\\/cintas-adhesivas\\\/cintas-adhesivas-de-doble-cara\\\/3m-vhb-klebeband-4945\\\/#breadcrumb\"},\"inLanguage\":\"es\",\"potentialAction\":[{\"@type\":\"ReadAction\",\"target\":[\"https:\\\/\\\/cardinal-tapes.com\\\/es\\\/cintas-adhesivas\\\/cintas-adhesivas-de-doble-cara\\\/3m-vhb-klebeband-4945\\\/\"]}]},{\"@type\":\"ImageObject\",\"inLanguage\":\"es\",\"@id\":\"https:\\\/\\\/cardinal-tapes.com\\\/es\\\/cintas-adhesivas\\\/cintas-adhesivas-de-doble-cara\\\/3m-vhb-klebeband-4945\\\/#primaryimage\",\"url\":\"https:\\\/\\\/cardinal-tapes.com\\\/wp-content\\\/uploads\\\/3m-vhb-tape-4945-white-1-in-x-36-yd-45-0-mil-9-per-case.webp\",\"contentUrl\":\"https:\\\/\\\/cardinal-tapes.com\\\/wp-content\\\/uploads\\\/3m-vhb-tape-4945-white-1-in-x-36-yd-45-0-mil-9-per-case.webp\",\"width\":400,\"height\":400},{\"@type\":\"BreadcrumbList\",\"@id\":\"https:\\\/\\\/cardinal-tapes.com\\\/es\\\/cintas-adhesivas\\\/cintas-adhesivas-de-doble-cara\\\/3m-vhb-klebeband-4945\\\/#breadcrumb\",\"itemListElement\":[{\"@type\":\"ListItem\",\"position\":1,\"name\":\"Startseite\",\"item\":\"https:\\\/\\\/cardinal-tapes.com\\\/es\\\/\"},{\"@type\":\"ListItem\",\"position\":2,\"name\":\"Cintas adhesivas\",\"item\":\"https:\\\/\\\/cardinal-tapes.com\\\/es\\\/cintas-adhesivas-es\\\/\"},{\"@type\":\"ListItem\",\"position\":3,\"name\":\"Cintas adhesivas de doble cara\",\"item\":\"https:\\\/\\\/cardinal-tapes.com\\\/es\\\/categora\\\/cintas-adhesivas-de-doble-cara\\\/\"},{\"@type\":\"ListItem\",\"position\":4,\"name\":\"3M\u2122 Cinta VHB\u2122 4945\"}]},{\"@type\":\"WebSite\",\"@id\":\"https:\\\/\\\/cardinal-tapes.com\\\/#website\",\"url\":\"https:\\\/\\\/cardinal-tapes.com\\\/\",\"name\":\"cardinal TAPES\",\"description\":\"Klebetechnik aus Wuppertal\",\"potentialAction\":[{\"@type\":\"SearchAction\",\"target\":{\"@type\":\"EntryPoint\",\"urlTemplate\":\"https:\\\/\\\/cardinal-tapes.com\\\/?s={search_term_string}\"},\"query-input\":{\"@type\":\"PropertyValueSpecification\",\"valueRequired\":true,\"valueName\":\"search_term_string\"}}],\"inLanguage\":\"es\"}]}<\/script>\n<!-- \/ Yoast SEO plugin. -->","yoast_head_json":{"title":"3M\u2122 VHB\u2122 Cinta 4945 | Cardinal TAPES","description":"Las cintas 3M\u2122 VHB\u2122 de alto rendimiento son cintas de doble cara fabricadas con adhesivo acr\u00edlico de c\u00e9lula cerrada.","robots":{"index":"index","follow":"follow","max-snippet":"max-snippet:-1","max-image-preview":"max-image-preview:large","max-video-preview":"max-video-preview:-1"},"canonical":"https:\/\/cardinal-tapes.com\/es\/cintas-adhesivas\/cintas-adhesivas-de-doble-cara\/3m-vhb-klebeband-4945\/","og_locale":"es_ES","og_type":"article","og_title":"3M\u2122 VHB\u2122 Cinta 4945 | Cardinal TAPES","og_description":"Las cintas 3M\u2122 VHB\u2122 de alto rendimiento son cintas de doble cara fabricadas con adhesivo acr\u00edlico de c\u00e9lula cerrada.","og_url":"https:\/\/cardinal-tapes.com\/es\/cintas-adhesivas\/cintas-adhesivas-de-doble-cara\/3m-vhb-klebeband-4945\/","og_site_name":"cardinal TAPES","article_modified_time":"2025-07-02T10:25:02+00:00","og_image":[{"width":400,"height":400,"url":"https:\/\/cardinal-tapes.com\/wp-content\/uploads\/3m-vhb-tape-4945-white-1-in-x-36-yd-45-0-mil-9-per-case.webp","type":"image\/webp"}],"twitter_card":"summary_large_image","twitter_misc":{"Tiempo de lectura":"1 minuto"},"schema":{"@context":"https:\/\/schema.org","@graph":[{"@type":"WebPage","@id":"https:\/\/cardinal-tapes.com\/es\/cintas-adhesivas\/cintas-adhesivas-de-doble-cara\/3m-vhb-klebeband-4945\/","url":"https:\/\/cardinal-tapes.com\/es\/cintas-adhesivas\/cintas-adhesivas-de-doble-cara\/3m-vhb-klebeband-4945\/","name":"3M\u2122 VHB\u2122 Cinta 4945 | Cardinal TAPES","isPartOf":{"@id":"https:\/\/cardinal-tapes.com\/#website"},"primaryImageOfPage":{"@id":"https:\/\/cardinal-tapes.com\/es\/cintas-adhesivas\/cintas-adhesivas-de-doble-cara\/3m-vhb-klebeband-4945\/#primaryimage"},"image":{"@id":"https:\/\/cardinal-tapes.com\/es\/cintas-adhesivas\/cintas-adhesivas-de-doble-cara\/3m-vhb-klebeband-4945\/#primaryimage"},"thumbnailUrl":"https:\/\/cardinal-tapes.com\/wp-content\/uploads\/3m-vhb-tape-4945-white-1-in-x-36-yd-45-0-mil-9-per-case.webp","datePublished":"2022-08-15T07:47:11+00:00","dateModified":"2025-07-02T10:25:02+00:00","description":"Las cintas 3M\u2122 VHB\u2122 de alto rendimiento son cintas de doble cara fabricadas con adhesivo acr\u00edlico de c\u00e9lula cerrada.","breadcrumb":{"@id":"https:\/\/cardinal-tapes.com\/es\/cintas-adhesivas\/cintas-adhesivas-de-doble-cara\/3m-vhb-klebeband-4945\/#breadcrumb"},"inLanguage":"es","potentialAction":[{"@type":"ReadAction","target":["https:\/\/cardinal-tapes.com\/es\/cintas-adhesivas\/cintas-adhesivas-de-doble-cara\/3m-vhb-klebeband-4945\/"]}]},{"@type":"ImageObject","inLanguage":"es","@id":"https:\/\/cardinal-tapes.com\/es\/cintas-adhesivas\/cintas-adhesivas-de-doble-cara\/3m-vhb-klebeband-4945\/#primaryimage","url":"https:\/\/cardinal-tapes.com\/wp-content\/uploads\/3m-vhb-tape-4945-white-1-in-x-36-yd-45-0-mil-9-per-case.webp","contentUrl":"https:\/\/cardinal-tapes.com\/wp-content\/uploads\/3m-vhb-tape-4945-white-1-in-x-36-yd-45-0-mil-9-per-case.webp","width":400,"height":400},{"@type":"BreadcrumbList","@id":"https:\/\/cardinal-tapes.com\/es\/cintas-adhesivas\/cintas-adhesivas-de-doble-cara\/3m-vhb-klebeband-4945\/#breadcrumb","itemListElement":[{"@type":"ListItem","position":1,"name":"Startseite","item":"https:\/\/cardinal-tapes.com\/es\/"},{"@type":"ListItem","position":2,"name":"Cintas adhesivas","item":"https:\/\/cardinal-tapes.com\/es\/cintas-adhesivas-es\/"},{"@type":"ListItem","position":3,"name":"Cintas adhesivas de doble cara","item":"https:\/\/cardinal-tapes.com\/es\/categora\/cintas-adhesivas-de-doble-cara\/"},{"@type":"ListItem","position":4,"name":"3M\u2122 Cinta VHB\u2122 4945"}]},{"@type":"WebSite","@id":"https:\/\/cardinal-tapes.com\/#website","url":"https:\/\/cardinal-tapes.com\/","name":"cardinal TAPES","description":"Klebetechnik aus Wuppertal","potentialAction":[{"@type":"SearchAction","target":{"@type":"EntryPoint","urlTemplate":"https:\/\/cardinal-tapes.com\/?s={search_term_string}"},"query-input":{"@type":"PropertyValueSpecification","valueRequired":true,"valueName":"search_term_string"}}],"inLanguage":"es"}]}},"brands":[{"id":2169,"name":"3M","slug":"3m-es"}],"_links":{"self":[{"href":"https:\/\/cardinal-tapes.com\/es\/wp-json\/wp\/v2\/product\/40472","targetHints":{"allow":["GET"]}}],"collection":[{"href":"https:\/\/cardinal-tapes.com\/es\/wp-json\/wp\/v2\/product"}],"about":[{"href":"https:\/\/cardinal-tapes.com\/es\/wp-json\/wp\/v2\/types\/product"}],"wp:featuredmedia":[{"embeddable":true,"href":"https:\/\/cardinal-tapes.com\/es\/wp-json\/wp\/v2\/media\/29023"}],"wp:attachment":[{"href":"https:\/\/cardinal-tapes.com\/es\/wp-json\/wp\/v2\/media?parent=40472"}],"wp:term":[{"taxonomy":"pwb-brand","embeddable":true,"href":"https:\/\/cardinal-tapes.com\/es\/wp-json\/wp\/v2\/pwb-brand?post=40472"},{"taxonomy":"product_brand","embeddable":true,"href":"https:\/\/cardinal-tapes.com\/es\/wp-json\/wp\/v2\/product_brand?post=40472"},{"taxonomy":"product_cat","embeddable":true,"href":"https:\/\/cardinal-tapes.com\/es\/wp-json\/wp\/v2\/product_cat?post=40472"},{"taxonomy":"product_tag","embeddable":true,"href":"https:\/\/cardinal-tapes.com\/es\/wp-json\/wp\/v2\/product_tag?post=40472"}],"curies":[{"name":"wp","href":"https:\/\/api.w.org\/{rel}","templated":true}]}}