{"id":40401,"date":"2022-07-08T09:15:13","date_gmt":"2023-06-05T14:55:29","guid":{"rendered":"https:\/\/cardinal.pixel-tal.de\/klebebaender\/sin%20categor\u00eda\/ca-113-pv1-cinta-de-papel-cinta-de-embalaje\/"},"modified":"2023-06-05T16:59:39","modified_gmt":"2023-06-05T14:59:39","slug":"ca-113-pv1-cinta-de-papel-cinta-de-embalaje","status":"publish","type":"product","link":"https:\/\/cardinal-tapes.com\/es\/cintas-adhesivas\/cintas-adhesivas-de-una-cara\/ca-113-pv1-cinta-de-papel-cinta-de-embalaje\/","title":{"rendered":"CA-113 PV1 Cinta de papel \/ Cinta de embalaje"},"content":{"rendered":"<p>CA-113 PV1 es una cinta de papel para cierres de cart\u00f3n.<br \/>\nLa cinta de embalaje es adecuada tanto para dispensadores manuales como para m\u00e1quinas autom\u00e1ticas de embalaje.<\/p>\n<p><strong>Propiedades:<\/strong><br \/>\n&#8211; Alta resistencia al desgarro y a la adherencia<br \/>\n&#8211; Buena resistencia a la temperatura y al envejecimiento<br \/>\n&#8211; silenciosamente desenrollable<br \/>\n&#8211; Respetuoso con el medio ambiente, reciclable con cart\u00f3n<\/p>\n<p>CA-113 PV1 tambi\u00e9n est\u00e1 disponible como cinta de embalaje impresa.<\/p>\n","protected":false},"excerpt":{"rendered":"<p>CA-113 PV1 es una cinta de papel para cierres de cart\u00f3n. La cinta de embalaje es adecuada tanto para dispensadores manuales como para m\u00e1quinas autom\u00e1ticas de embalaje. Propiedades: &#8211; Alta resistencia al desgarro y a la adherencia &#8211; Buena resistencia a la temperatura y al envejecimiento &#8211; silenciosamente desenrollable &#8211; Respetuoso con el medio ambiente, [&hellip;]<\/p>\n","protected":false},"featured_media":28927,"template":"","meta":{"_acf_changed":false},"pwb-brand":[2175],"product_brand":[],"product_cat":[1806,1871],"product_tag":[],"class_list":{"0":"post-40401","1":"product","2":"type-product","3":"status-publish","4":"has-post-thumbnail","6":"pwb-brand-cardinal-gmbh-es","7":"product_cat-cintas-adhesivas-de-una-cara","8":"product_cat-sistemas-de-envasado","10":"first","11":"instock","12":"taxable","13":"shipping-taxable","14":"purchasable","15":"product-type-variable"},"acf":[],"yoast_head":"<!-- This site is optimized with the Yoast SEO plugin v27.3 - https:\/\/yoast.com\/product\/yoast-seo-wordpress\/ -->\n<title>CA-113 PV1 Cinta de papel | Cardinal TAPES<\/title>\n<meta name=\"description\" content=\"CA-113 PV1 es una cinta de papel para cierres de cart\u00f3n. La cinta de embalaje es adecuada tanto para dispensadores manuales como para m\u00e1quinas autom\u00e1ticas de embalaje.\" \/>\n<meta name=\"robots\" content=\"index, follow, max-snippet:-1, max-image-preview:large, max-video-preview:-1\" \/>\n<link rel=\"canonical\" href=\"https:\/\/cardinal-tapes.com\/es\/cintas-adhesivas\/cintas-adhesivas-de-una-cara\/ca-113-pv1-cinta-de-papel-cinta-de-embalaje\/\" \/>\n<meta property=\"og:locale\" content=\"es_ES\" \/>\n<meta property=\"og:type\" content=\"article\" \/>\n<meta property=\"og:title\" content=\"CA-113 PV1 Cinta de papel | Cardinal TAPES\" \/>\n<meta property=\"og:description\" content=\"CA-113 PV1 es una cinta de papel para cierres de cart\u00f3n. La cinta de embalaje es adecuada tanto para dispensadores manuales como para m\u00e1quinas autom\u00e1ticas de embalaje.\" \/>\n<meta property=\"og:url\" content=\"https:\/\/cardinal-tapes.com\/es\/cintas-adhesivas\/cintas-adhesivas-de-una-cara\/ca-113-pv1-cinta-de-papel-cinta-de-embalaje\/\" \/>\n<meta property=\"og:site_name\" content=\"cardinal TAPES\" \/>\n<meta property=\"article:modified_time\" content=\"2023-06-05T14:59:39+00:00\" \/>\n<meta property=\"og:image\" content=\"https:\/\/cardinal-tapes.com\/wp-content\/uploads\/cardinal_papierklebeband_10.jpg\" \/>\n\t<meta property=\"og:image:width\" content=\"2501\" \/>\n\t<meta property=\"og:image:height\" content=\"2444\" \/>\n\t<meta property=\"og:image:type\" content=\"image\/jpeg\" \/>\n<meta name=\"twitter:card\" content=\"summary_large_image\" \/>\n<script type=\"application\/ld+json\" class=\"yoast-schema-graph\">{\"@context\":\"https:\\\/\\\/schema.org\",\"@graph\":[{\"@type\":\"WebPage\",\"@id\":\"https:\\\/\\\/cardinal-tapes.com\\\/es\\\/cintas-adhesivas\\\/cintas-adhesivas-de-una-cara\\\/ca-113-pv1-cinta-de-papel-cinta-de-embalaje\\\/\",\"url\":\"https:\\\/\\\/cardinal-tapes.com\\\/es\\\/cintas-adhesivas\\\/cintas-adhesivas-de-una-cara\\\/ca-113-pv1-cinta-de-papel-cinta-de-embalaje\\\/\",\"name\":\"CA-113 PV1 Cinta de papel | Cardinal TAPES\",\"isPartOf\":{\"@id\":\"https:\\\/\\\/cardinal-tapes.com\\\/#website\"},\"primaryImageOfPage\":{\"@id\":\"https:\\\/\\\/cardinal-tapes.com\\\/es\\\/cintas-adhesivas\\\/cintas-adhesivas-de-una-cara\\\/ca-113-pv1-cinta-de-papel-cinta-de-embalaje\\\/#primaryimage\"},\"image\":{\"@id\":\"https:\\\/\\\/cardinal-tapes.com\\\/es\\\/cintas-adhesivas\\\/cintas-adhesivas-de-una-cara\\\/ca-113-pv1-cinta-de-papel-cinta-de-embalaje\\\/#primaryimage\"},\"thumbnailUrl\":\"https:\\\/\\\/cardinal-tapes.com\\\/wp-content\\\/uploads\\\/cardinal_papierklebeband_10.jpg\",\"datePublished\":\"2023-06-05T14:55:29+00:00\",\"dateModified\":\"2023-06-05T14:59:39+00:00\",\"description\":\"CA-113 PV1 es una cinta de papel para cierres de cart\u00f3n. La cinta de embalaje es adecuada tanto para dispensadores manuales como para m\u00e1quinas autom\u00e1ticas de embalaje.\",\"breadcrumb\":{\"@id\":\"https:\\\/\\\/cardinal-tapes.com\\\/es\\\/cintas-adhesivas\\\/cintas-adhesivas-de-una-cara\\\/ca-113-pv1-cinta-de-papel-cinta-de-embalaje\\\/#breadcrumb\"},\"inLanguage\":\"es\",\"potentialAction\":[{\"@type\":\"ReadAction\",\"target\":[\"https:\\\/\\\/cardinal-tapes.com\\\/es\\\/cintas-adhesivas\\\/cintas-adhesivas-de-una-cara\\\/ca-113-pv1-cinta-de-papel-cinta-de-embalaje\\\/\"]}]},{\"@type\":\"ImageObject\",\"inLanguage\":\"es\",\"@id\":\"https:\\\/\\\/cardinal-tapes.com\\\/es\\\/cintas-adhesivas\\\/cintas-adhesivas-de-una-cara\\\/ca-113-pv1-cinta-de-papel-cinta-de-embalaje\\\/#primaryimage\",\"url\":\"https:\\\/\\\/cardinal-tapes.com\\\/wp-content\\\/uploads\\\/cardinal_papierklebeband_10.jpg\",\"contentUrl\":\"https:\\\/\\\/cardinal-tapes.com\\\/wp-content\\\/uploads\\\/cardinal_papierklebeband_10.jpg\",\"width\":2501,\"height\":2444},{\"@type\":\"BreadcrumbList\",\"@id\":\"https:\\\/\\\/cardinal-tapes.com\\\/es\\\/cintas-adhesivas\\\/cintas-adhesivas-de-una-cara\\\/ca-113-pv1-cinta-de-papel-cinta-de-embalaje\\\/#breadcrumb\",\"itemListElement\":[{\"@type\":\"ListItem\",\"position\":1,\"name\":\"Startseite\",\"item\":\"https:\\\/\\\/cardinal-tapes.com\\\/es\\\/\"},{\"@type\":\"ListItem\",\"position\":2,\"name\":\"Cintas adhesivas\",\"item\":\"https:\\\/\\\/cardinal-tapes.com\\\/es\\\/cintas-adhesivas-es\\\/\"},{\"@type\":\"ListItem\",\"position\":3,\"name\":\"Cintas adhesivas de una cara\",\"item\":\"https:\\\/\\\/cardinal-tapes.com\\\/es\\\/categora\\\/cintas-adhesivas-de-una-cara\\\/\"},{\"@type\":\"ListItem\",\"position\":4,\"name\":\"CA-113 PV1 Cinta de papel \\\/ Cinta de embalaje\"}]},{\"@type\":\"WebSite\",\"@id\":\"https:\\\/\\\/cardinal-tapes.com\\\/#website\",\"url\":\"https:\\\/\\\/cardinal-tapes.com\\\/\",\"name\":\"cardinal TAPES\",\"description\":\"Klebetechnik aus Wuppertal\",\"potentialAction\":[{\"@type\":\"SearchAction\",\"target\":{\"@type\":\"EntryPoint\",\"urlTemplate\":\"https:\\\/\\\/cardinal-tapes.com\\\/?s={search_term_string}\"},\"query-input\":{\"@type\":\"PropertyValueSpecification\",\"valueRequired\":true,\"valueName\":\"search_term_string\"}}],\"inLanguage\":\"es\"}]}<\/script>\n<!-- \/ Yoast SEO plugin. -->","yoast_head_json":{"title":"CA-113 PV1 Cinta de papel | Cardinal TAPES","description":"CA-113 PV1 es una cinta de papel para cierres de cart\u00f3n. La cinta de embalaje es adecuada tanto para dispensadores manuales como para m\u00e1quinas autom\u00e1ticas de embalaje.","robots":{"index":"index","follow":"follow","max-snippet":"max-snippet:-1","max-image-preview":"max-image-preview:large","max-video-preview":"max-video-preview:-1"},"canonical":"https:\/\/cardinal-tapes.com\/es\/cintas-adhesivas\/cintas-adhesivas-de-una-cara\/ca-113-pv1-cinta-de-papel-cinta-de-embalaje\/","og_locale":"es_ES","og_type":"article","og_title":"CA-113 PV1 Cinta de papel | Cardinal TAPES","og_description":"CA-113 PV1 es una cinta de papel para cierres de cart\u00f3n. La cinta de embalaje es adecuada tanto para dispensadores manuales como para m\u00e1quinas autom\u00e1ticas de embalaje.","og_url":"https:\/\/cardinal-tapes.com\/es\/cintas-adhesivas\/cintas-adhesivas-de-una-cara\/ca-113-pv1-cinta-de-papel-cinta-de-embalaje\/","og_site_name":"cardinal TAPES","article_modified_time":"2023-06-05T14:59:39+00:00","og_image":[{"width":2501,"height":2444,"url":"https:\/\/cardinal-tapes.com\/wp-content\/uploads\/cardinal_papierklebeband_10.jpg","type":"image\/jpeg"}],"twitter_card":"summary_large_image","schema":{"@context":"https:\/\/schema.org","@graph":[{"@type":"WebPage","@id":"https:\/\/cardinal-tapes.com\/es\/cintas-adhesivas\/cintas-adhesivas-de-una-cara\/ca-113-pv1-cinta-de-papel-cinta-de-embalaje\/","url":"https:\/\/cardinal-tapes.com\/es\/cintas-adhesivas\/cintas-adhesivas-de-una-cara\/ca-113-pv1-cinta-de-papel-cinta-de-embalaje\/","name":"CA-113 PV1 Cinta de papel | Cardinal TAPES","isPartOf":{"@id":"https:\/\/cardinal-tapes.com\/#website"},"primaryImageOfPage":{"@id":"https:\/\/cardinal-tapes.com\/es\/cintas-adhesivas\/cintas-adhesivas-de-una-cara\/ca-113-pv1-cinta-de-papel-cinta-de-embalaje\/#primaryimage"},"image":{"@id":"https:\/\/cardinal-tapes.com\/es\/cintas-adhesivas\/cintas-adhesivas-de-una-cara\/ca-113-pv1-cinta-de-papel-cinta-de-embalaje\/#primaryimage"},"thumbnailUrl":"https:\/\/cardinal-tapes.com\/wp-content\/uploads\/cardinal_papierklebeband_10.jpg","datePublished":"2023-06-05T14:55:29+00:00","dateModified":"2023-06-05T14:59:39+00:00","description":"CA-113 PV1 es una cinta de papel para cierres de cart\u00f3n. La cinta de embalaje es adecuada tanto para dispensadores manuales como para m\u00e1quinas autom\u00e1ticas de embalaje.","breadcrumb":{"@id":"https:\/\/cardinal-tapes.com\/es\/cintas-adhesivas\/cintas-adhesivas-de-una-cara\/ca-113-pv1-cinta-de-papel-cinta-de-embalaje\/#breadcrumb"},"inLanguage":"es","potentialAction":[{"@type":"ReadAction","target":["https:\/\/cardinal-tapes.com\/es\/cintas-adhesivas\/cintas-adhesivas-de-una-cara\/ca-113-pv1-cinta-de-papel-cinta-de-embalaje\/"]}]},{"@type":"ImageObject","inLanguage":"es","@id":"https:\/\/cardinal-tapes.com\/es\/cintas-adhesivas\/cintas-adhesivas-de-una-cara\/ca-113-pv1-cinta-de-papel-cinta-de-embalaje\/#primaryimage","url":"https:\/\/cardinal-tapes.com\/wp-content\/uploads\/cardinal_papierklebeband_10.jpg","contentUrl":"https:\/\/cardinal-tapes.com\/wp-content\/uploads\/cardinal_papierklebeband_10.jpg","width":2501,"height":2444},{"@type":"BreadcrumbList","@id":"https:\/\/cardinal-tapes.com\/es\/cintas-adhesivas\/cintas-adhesivas-de-una-cara\/ca-113-pv1-cinta-de-papel-cinta-de-embalaje\/#breadcrumb","itemListElement":[{"@type":"ListItem","position":1,"name":"Startseite","item":"https:\/\/cardinal-tapes.com\/es\/"},{"@type":"ListItem","position":2,"name":"Cintas adhesivas","item":"https:\/\/cardinal-tapes.com\/es\/cintas-adhesivas-es\/"},{"@type":"ListItem","position":3,"name":"Cintas adhesivas de una cara","item":"https:\/\/cardinal-tapes.com\/es\/categora\/cintas-adhesivas-de-una-cara\/"},{"@type":"ListItem","position":4,"name":"CA-113 PV1 Cinta de papel \/ Cinta de embalaje"}]},{"@type":"WebSite","@id":"https:\/\/cardinal-tapes.com\/#website","url":"https:\/\/cardinal-tapes.com\/","name":"cardinal TAPES","description":"Klebetechnik aus Wuppertal","potentialAction":[{"@type":"SearchAction","target":{"@type":"EntryPoint","urlTemplate":"https:\/\/cardinal-tapes.com\/?s={search_term_string}"},"query-input":{"@type":"PropertyValueSpecification","valueRequired":true,"valueName":"search_term_string"}}],"inLanguage":"es"}]}},"brands":[{"id":2175,"name":"cardinal GmbH","slug":"cardinal-gmbh-es"}],"_links":{"self":[{"href":"https:\/\/cardinal-tapes.com\/es\/wp-json\/wp\/v2\/product\/40401","targetHints":{"allow":["GET"]}}],"collection":[{"href":"https:\/\/cardinal-tapes.com\/es\/wp-json\/wp\/v2\/product"}],"about":[{"href":"https:\/\/cardinal-tapes.com\/es\/wp-json\/wp\/v2\/types\/product"}],"wp:featuredmedia":[{"embeddable":true,"href":"https:\/\/cardinal-tapes.com\/es\/wp-json\/wp\/v2\/media\/28927"}],"wp:attachment":[{"href":"https:\/\/cardinal-tapes.com\/es\/wp-json\/wp\/v2\/media?parent=40401"}],"wp:term":[{"taxonomy":"pwb-brand","embeddable":true,"href":"https:\/\/cardinal-tapes.com\/es\/wp-json\/wp\/v2\/pwb-brand?post=40401"},{"taxonomy":"product_brand","embeddable":true,"href":"https:\/\/cardinal-tapes.com\/es\/wp-json\/wp\/v2\/product_brand?post=40401"},{"taxonomy":"product_cat","embeddable":true,"href":"https:\/\/cardinal-tapes.com\/es\/wp-json\/wp\/v2\/product_cat?post=40401"},{"taxonomy":"product_tag","embeddable":true,"href":"https:\/\/cardinal-tapes.com\/es\/wp-json\/wp\/v2\/product_tag?post=40401"}],"curies":[{"name":"wp","href":"https:\/\/api.w.org\/{rel}","templated":true}]}}