{"id":40395,"date":"2022-07-12T08:32:53","date_gmt":"2022-07-12T06:32:53","guid":{"rendered":"https:\/\/cardinal.pixel-tal.de\/klebebaender\/sin%20categor\u00eda\/tesa-60960-cinta-antirrayas-para-senalizacion-de-suelos\/"},"modified":"2023-06-05T16:59:13","modified_gmt":"2023-06-05T14:59:13","slug":"tesa-60960-cinta-anti-aranazos-para-marcar-suelos","status":"publish","type":"product","link":"https:\/\/cardinal-tapes.com\/es\/cintas-adhesivas\/ambitos-de-aplicacion\/cinta-de-marcaje-de-suelos\/tesa-60960-cinta-anti-aranazos-para-marcar-suelos\/","title":{"rendered":"tesa\u00ae 60960 Cinta antirrayas para se\u00f1alizaci\u00f3n de suelos"},"content":{"rendered":"<p class=\"default\">tesa\u00ae 60960 es una cinta de marcaje de suelos antiara\u00f1azos, duradera y muy visible, recubierta de un agresivo adhesivo de caucho sint\u00e9tico,<br \/>\npara lograr una adherencia segura a diversas superficies lisas.<\/p>\n<p class=\"default\">El soporte consiste en una pel\u00edcula de PP y una capa superior protectora de PET.<br \/>\nLa robusta capa superior de PET garantiza una larga vida \u00fatil y unos colores permanentemente brillantes que no pierden intensidad con el paso del tiempo.<\/p>\n","protected":false},"excerpt":{"rendered":"<p>tesa\u00ae 60960 es una cinta de marcaje de suelos antiara\u00f1azos, duradera y muy visible, recubierta de un agresivo adhesivo de caucho sint\u00e9tico, para lograr una adherencia segura a diversas superficies lisas. El soporte consiste en una pel\u00edcula de PP y una capa superior protectora de PET. La robusta capa superior de PET garantiza una larga [&hellip;]<\/p>\n","protected":false},"featured_media":28923,"template":"","meta":{"_acf_changed":false},"pwb-brand":[2163],"product_brand":[],"product_cat":[1701,1806],"product_tag":[],"class_list":{"0":"post-40395","1":"product","2":"type-product","3":"status-publish","4":"has-post-thumbnail","6":"pwb-brand-tesa-es","7":"product_cat-cinta-de-marcaje-de-suelos","8":"product_cat-cintas-adhesivas-de-una-cara","10":"first","11":"instock","12":"taxable","13":"shipping-taxable","14":"purchasable","15":"product-type-variable"},"acf":[],"yoast_head":"<!-- This site is optimized with the Yoast SEO plugin v27.3 - https:\/\/yoast.com\/product\/yoast-seo-wordpress\/ -->\n<title>tesa\u00ae 60960 Cinta anti-rayado para marcaje de suelos | CINTAS Cardinal<\/title>\n<meta name=\"description\" content=\"tesa\u00ae 60960 es una cinta de marcaje de suelos antiara\u00f1azos, duradera y muy visible, recubierta de un agresivo adhesivo de caucho sint\u00e9tico.\" \/>\n<meta name=\"robots\" content=\"index, follow, max-snippet:-1, max-image-preview:large, max-video-preview:-1\" \/>\n<link rel=\"canonical\" href=\"https:\/\/cardinal-tapes.com\/es\/cintas-adhesivas\/ambitos-de-aplicacion\/cinta-de-marcaje-de-suelos\/tesa-60960-cinta-anti-aranazos-para-marcar-suelos\/\" \/>\n<meta property=\"og:locale\" content=\"es_ES\" \/>\n<meta property=\"og:type\" content=\"article\" \/>\n<meta property=\"og:title\" content=\"tesa\u00ae 60960 Cinta anti-rayado para marcaje de suelos | CINTAS Cardinal\" \/>\n<meta property=\"og:description\" content=\"tesa\u00ae 60960 es una cinta de marcaje de suelos antiara\u00f1azos, duradera y muy visible, recubierta de un agresivo adhesivo de caucho sint\u00e9tico.\" \/>\n<meta property=\"og:url\" content=\"https:\/\/cardinal-tapes.com\/es\/cintas-adhesivas\/ambitos-de-aplicacion\/cinta-de-marcaje-de-suelos\/tesa-60960-cinta-anti-aranazos-para-marcar-suelos\/\" \/>\n<meta property=\"og:site_name\" content=\"cardinal TAPES\" \/>\n<meta property=\"article:modified_time\" content=\"2023-06-05T14:59:13+00:00\" \/>\n<meta property=\"og:image\" content=\"https:\/\/cardinal-tapes.com\/wp-content\/uploads\/tesa-60960-anti-scratch-pet-floor-marking-tape-as9842083_padded1x1_6.webp\" \/>\n\t<meta property=\"og:image:width\" content=\"608\" \/>\n\t<meta property=\"og:image:height\" content=\"608\" \/>\n\t<meta property=\"og:image:type\" content=\"image\/webp\" \/>\n<meta name=\"twitter:card\" content=\"summary_large_image\" \/>\n<script type=\"application\/ld+json\" class=\"yoast-schema-graph\">{\"@context\":\"https:\\\/\\\/schema.org\",\"@graph\":[{\"@type\":\"WebPage\",\"@id\":\"https:\\\/\\\/cardinal-tapes.com\\\/es\\\/cintas-adhesivas\\\/ambitos-de-aplicacion\\\/cinta-de-marcaje-de-suelos\\\/tesa-60960-cinta-anti-aranazos-para-marcar-suelos\\\/\",\"url\":\"https:\\\/\\\/cardinal-tapes.com\\\/es\\\/cintas-adhesivas\\\/ambitos-de-aplicacion\\\/cinta-de-marcaje-de-suelos\\\/tesa-60960-cinta-anti-aranazos-para-marcar-suelos\\\/\",\"name\":\"tesa\u00ae 60960 Cinta anti-rayado para marcaje de suelos | CINTAS Cardinal\",\"isPartOf\":{\"@id\":\"https:\\\/\\\/cardinal-tapes.com\\\/#website\"},\"primaryImageOfPage\":{\"@id\":\"https:\\\/\\\/cardinal-tapes.com\\\/es\\\/cintas-adhesivas\\\/ambitos-de-aplicacion\\\/cinta-de-marcaje-de-suelos\\\/tesa-60960-cinta-anti-aranazos-para-marcar-suelos\\\/#primaryimage\"},\"image\":{\"@id\":\"https:\\\/\\\/cardinal-tapes.com\\\/es\\\/cintas-adhesivas\\\/ambitos-de-aplicacion\\\/cinta-de-marcaje-de-suelos\\\/tesa-60960-cinta-anti-aranazos-para-marcar-suelos\\\/#primaryimage\"},\"thumbnailUrl\":\"https:\\\/\\\/cardinal-tapes.com\\\/wp-content\\\/uploads\\\/tesa-60960-anti-scratch-pet-floor-marking-tape-as9842083_padded1x1_6.webp\",\"datePublished\":\"2022-07-12T06:32:53+00:00\",\"dateModified\":\"2023-06-05T14:59:13+00:00\",\"description\":\"tesa\u00ae 60960 es una cinta de marcaje de suelos antiara\u00f1azos, duradera y muy visible, recubierta de un agresivo adhesivo de caucho sint\u00e9tico.\",\"breadcrumb\":{\"@id\":\"https:\\\/\\\/cardinal-tapes.com\\\/es\\\/cintas-adhesivas\\\/ambitos-de-aplicacion\\\/cinta-de-marcaje-de-suelos\\\/tesa-60960-cinta-anti-aranazos-para-marcar-suelos\\\/#breadcrumb\"},\"inLanguage\":\"es\",\"potentialAction\":[{\"@type\":\"ReadAction\",\"target\":[\"https:\\\/\\\/cardinal-tapes.com\\\/es\\\/cintas-adhesivas\\\/ambitos-de-aplicacion\\\/cinta-de-marcaje-de-suelos\\\/tesa-60960-cinta-anti-aranazos-para-marcar-suelos\\\/\"]}]},{\"@type\":\"ImageObject\",\"inLanguage\":\"es\",\"@id\":\"https:\\\/\\\/cardinal-tapes.com\\\/es\\\/cintas-adhesivas\\\/ambitos-de-aplicacion\\\/cinta-de-marcaje-de-suelos\\\/tesa-60960-cinta-anti-aranazos-para-marcar-suelos\\\/#primaryimage\",\"url\":\"https:\\\/\\\/cardinal-tapes.com\\\/wp-content\\\/uploads\\\/tesa-60960-anti-scratch-pet-floor-marking-tape-as9842083_padded1x1_6.webp\",\"contentUrl\":\"https:\\\/\\\/cardinal-tapes.com\\\/wp-content\\\/uploads\\\/tesa-60960-anti-scratch-pet-floor-marking-tape-as9842083_padded1x1_6.webp\",\"width\":608,\"height\":608},{\"@type\":\"BreadcrumbList\",\"@id\":\"https:\\\/\\\/cardinal-tapes.com\\\/es\\\/cintas-adhesivas\\\/ambitos-de-aplicacion\\\/cinta-de-marcaje-de-suelos\\\/tesa-60960-cinta-anti-aranazos-para-marcar-suelos\\\/#breadcrumb\",\"itemListElement\":[{\"@type\":\"ListItem\",\"position\":1,\"name\":\"Startseite\",\"item\":\"https:\\\/\\\/cardinal-tapes.com\\\/es\\\/\"},{\"@type\":\"ListItem\",\"position\":2,\"name\":\"Cintas adhesivas\",\"item\":\"https:\\\/\\\/cardinal-tapes.com\\\/es\\\/cintas-adhesivas-es\\\/\"},{\"@type\":\"ListItem\",\"position\":3,\"name\":\"Einseitige Klebeb\u00e4nder\",\"item\":\"https:\\\/\\\/cardinal-tapes.com\\\/kategorie\\\/einseitige-klebebaender\\\/\"},{\"@type\":\"ListItem\",\"position\":4,\"name\":\"tesa\u00ae 60960 Cinta antirrayas para se\u00f1alizaci\u00f3n de suelos\"}]},{\"@type\":\"WebSite\",\"@id\":\"https:\\\/\\\/cardinal-tapes.com\\\/#website\",\"url\":\"https:\\\/\\\/cardinal-tapes.com\\\/\",\"name\":\"cardinal TAPES\",\"description\":\"Klebetechnik aus Wuppertal\",\"potentialAction\":[{\"@type\":\"SearchAction\",\"target\":{\"@type\":\"EntryPoint\",\"urlTemplate\":\"https:\\\/\\\/cardinal-tapes.com\\\/?s={search_term_string}\"},\"query-input\":{\"@type\":\"PropertyValueSpecification\",\"valueRequired\":true,\"valueName\":\"search_term_string\"}}],\"inLanguage\":\"es\"}]}<\/script>\n<!-- \/ Yoast SEO plugin. -->","yoast_head_json":{"title":"tesa\u00ae 60960 Cinta anti-rayado para marcaje de suelos | CINTAS Cardinal","description":"tesa\u00ae 60960 es una cinta de marcaje de suelos antiara\u00f1azos, duradera y muy visible, recubierta de un agresivo adhesivo de caucho sint\u00e9tico.","robots":{"index":"index","follow":"follow","max-snippet":"max-snippet:-1","max-image-preview":"max-image-preview:large","max-video-preview":"max-video-preview:-1"},"canonical":"https:\/\/cardinal-tapes.com\/es\/cintas-adhesivas\/ambitos-de-aplicacion\/cinta-de-marcaje-de-suelos\/tesa-60960-cinta-anti-aranazos-para-marcar-suelos\/","og_locale":"es_ES","og_type":"article","og_title":"tesa\u00ae 60960 Cinta anti-rayado para marcaje de suelos | CINTAS Cardinal","og_description":"tesa\u00ae 60960 es una cinta de marcaje de suelos antiara\u00f1azos, duradera y muy visible, recubierta de un agresivo adhesivo de caucho sint\u00e9tico.","og_url":"https:\/\/cardinal-tapes.com\/es\/cintas-adhesivas\/ambitos-de-aplicacion\/cinta-de-marcaje-de-suelos\/tesa-60960-cinta-anti-aranazos-para-marcar-suelos\/","og_site_name":"cardinal TAPES","article_modified_time":"2023-06-05T14:59:13+00:00","og_image":[{"width":608,"height":608,"url":"https:\/\/cardinal-tapes.com\/wp-content\/uploads\/tesa-60960-anti-scratch-pet-floor-marking-tape-as9842083_padded1x1_6.webp","type":"image\/webp"}],"twitter_card":"summary_large_image","schema":{"@context":"https:\/\/schema.org","@graph":[{"@type":"WebPage","@id":"https:\/\/cardinal-tapes.com\/es\/cintas-adhesivas\/ambitos-de-aplicacion\/cinta-de-marcaje-de-suelos\/tesa-60960-cinta-anti-aranazos-para-marcar-suelos\/","url":"https:\/\/cardinal-tapes.com\/es\/cintas-adhesivas\/ambitos-de-aplicacion\/cinta-de-marcaje-de-suelos\/tesa-60960-cinta-anti-aranazos-para-marcar-suelos\/","name":"tesa\u00ae 60960 Cinta anti-rayado para marcaje de suelos | CINTAS Cardinal","isPartOf":{"@id":"https:\/\/cardinal-tapes.com\/#website"},"primaryImageOfPage":{"@id":"https:\/\/cardinal-tapes.com\/es\/cintas-adhesivas\/ambitos-de-aplicacion\/cinta-de-marcaje-de-suelos\/tesa-60960-cinta-anti-aranazos-para-marcar-suelos\/#primaryimage"},"image":{"@id":"https:\/\/cardinal-tapes.com\/es\/cintas-adhesivas\/ambitos-de-aplicacion\/cinta-de-marcaje-de-suelos\/tesa-60960-cinta-anti-aranazos-para-marcar-suelos\/#primaryimage"},"thumbnailUrl":"https:\/\/cardinal-tapes.com\/wp-content\/uploads\/tesa-60960-anti-scratch-pet-floor-marking-tape-as9842083_padded1x1_6.webp","datePublished":"2022-07-12T06:32:53+00:00","dateModified":"2023-06-05T14:59:13+00:00","description":"tesa\u00ae 60960 es una cinta de marcaje de suelos antiara\u00f1azos, duradera y muy visible, recubierta de un agresivo adhesivo de caucho sint\u00e9tico.","breadcrumb":{"@id":"https:\/\/cardinal-tapes.com\/es\/cintas-adhesivas\/ambitos-de-aplicacion\/cinta-de-marcaje-de-suelos\/tesa-60960-cinta-anti-aranazos-para-marcar-suelos\/#breadcrumb"},"inLanguage":"es","potentialAction":[{"@type":"ReadAction","target":["https:\/\/cardinal-tapes.com\/es\/cintas-adhesivas\/ambitos-de-aplicacion\/cinta-de-marcaje-de-suelos\/tesa-60960-cinta-anti-aranazos-para-marcar-suelos\/"]}]},{"@type":"ImageObject","inLanguage":"es","@id":"https:\/\/cardinal-tapes.com\/es\/cintas-adhesivas\/ambitos-de-aplicacion\/cinta-de-marcaje-de-suelos\/tesa-60960-cinta-anti-aranazos-para-marcar-suelos\/#primaryimage","url":"https:\/\/cardinal-tapes.com\/wp-content\/uploads\/tesa-60960-anti-scratch-pet-floor-marking-tape-as9842083_padded1x1_6.webp","contentUrl":"https:\/\/cardinal-tapes.com\/wp-content\/uploads\/tesa-60960-anti-scratch-pet-floor-marking-tape-as9842083_padded1x1_6.webp","width":608,"height":608},{"@type":"BreadcrumbList","@id":"https:\/\/cardinal-tapes.com\/es\/cintas-adhesivas\/ambitos-de-aplicacion\/cinta-de-marcaje-de-suelos\/tesa-60960-cinta-anti-aranazos-para-marcar-suelos\/#breadcrumb","itemListElement":[{"@type":"ListItem","position":1,"name":"Startseite","item":"https:\/\/cardinal-tapes.com\/es\/"},{"@type":"ListItem","position":2,"name":"Cintas adhesivas","item":"https:\/\/cardinal-tapes.com\/es\/cintas-adhesivas-es\/"},{"@type":"ListItem","position":3,"name":"Einseitige Klebeb\u00e4nder","item":"https:\/\/cardinal-tapes.com\/kategorie\/einseitige-klebebaender\/"},{"@type":"ListItem","position":4,"name":"tesa\u00ae 60960 Cinta antirrayas para se\u00f1alizaci\u00f3n de suelos"}]},{"@type":"WebSite","@id":"https:\/\/cardinal-tapes.com\/#website","url":"https:\/\/cardinal-tapes.com\/","name":"cardinal TAPES","description":"Klebetechnik aus Wuppertal","potentialAction":[{"@type":"SearchAction","target":{"@type":"EntryPoint","urlTemplate":"https:\/\/cardinal-tapes.com\/?s={search_term_string}"},"query-input":{"@type":"PropertyValueSpecification","valueRequired":true,"valueName":"search_term_string"}}],"inLanguage":"es"}]}},"brands":[{"id":2163,"name":"tesa","slug":"tesa-es"}],"_links":{"self":[{"href":"https:\/\/cardinal-tapes.com\/es\/wp-json\/wp\/v2\/product\/40395","targetHints":{"allow":["GET"]}}],"collection":[{"href":"https:\/\/cardinal-tapes.com\/es\/wp-json\/wp\/v2\/product"}],"about":[{"href":"https:\/\/cardinal-tapes.com\/es\/wp-json\/wp\/v2\/types\/product"}],"wp:featuredmedia":[{"embeddable":true,"href":"https:\/\/cardinal-tapes.com\/es\/wp-json\/wp\/v2\/media\/28923"}],"wp:attachment":[{"href":"https:\/\/cardinal-tapes.com\/es\/wp-json\/wp\/v2\/media?parent=40395"}],"wp:term":[{"taxonomy":"pwb-brand","embeddable":true,"href":"https:\/\/cardinal-tapes.com\/es\/wp-json\/wp\/v2\/pwb-brand?post=40395"},{"taxonomy":"product_brand","embeddable":true,"href":"https:\/\/cardinal-tapes.com\/es\/wp-json\/wp\/v2\/product_brand?post=40395"},{"taxonomy":"product_cat","embeddable":true,"href":"https:\/\/cardinal-tapes.com\/es\/wp-json\/wp\/v2\/product_cat?post=40395"},{"taxonomy":"product_tag","embeddable":true,"href":"https:\/\/cardinal-tapes.com\/es\/wp-json\/wp\/v2\/product_tag?post=40395"}],"curies":[{"name":"wp","href":"https:\/\/api.w.org\/{rel}","templated":true}]}}