{"id":40383,"date":"2022-07-11T12:31:46","date_gmt":"2022-07-11T10:31:46","guid":{"rendered":"https:\/\/cardinal.pixel-tal.de\/klebebaender\/sin%20categor\u00eda\/cinta-de-embalaje-tesa-60412-70-pcr-pet\/"},"modified":"2025-07-02T12:30:49","modified_gmt":"2025-07-02T10:30:49","slug":"tesa-60412-70-pcr-pet-packaging-tape","status":"publish","type":"product","link":"https:\/\/cardinal-tapes.com\/es\/cintas-adhesivas\/cintas-adhesivas-de-una-cara\/cinta-pet\/tesa-60412-70-pcr-pet-packaging-tape\/","title":{"rendered":"Cinta de embalaje tesa\u00ae 60412 70% PCR PET"},"content":{"rendered":"<p>tesa\u00ae 60412 es una cinta de embalaje universal compuesta por un soporte de PET reciclado al 70% (PCR) y un sistema adhesivo acr\u00edlico de base acuosa<br \/>\n. tesa\u00ae 60412 tiene un soporte fuerte y resistente a la abrasi\u00f3n con excelentes propiedades de adhesi\u00f3n<br \/>\n. El adhesivo acr\u00edlico s\u00f3lido hace de este producto la soluci\u00f3n perfecta para aplicaciones de envasado ligeras y<br \/>\nde peso medio (m\u00e1x. 30 kg). La combinaci\u00f3n de materiales garantiza un desenrollado silencioso<br \/>\ny una excelente imprimibilidad con todo tipo de sistemas de color. Adem\u00e1s, tesa\u00ae 60412 tiene una adhesi\u00f3n muy buena<br \/>\nal cart\u00f3n reciclado.    <\/p>\n<p><strong>Aspectos sostenibles<\/strong><br \/>\n&#8211; El material de soporte est\u00e1 hecho de PET reciclado postconsumo (70% de contenido reciclado).<br \/>\n&#8211; Proceso de producci\u00f3n sin disolventes<br \/>\n&#8211; El adhesivo reciclable no obstaculiza el proceso de reciclaje del papel<\/p>\n<p><strong>Caracter\u00edsticas del producto<\/strong><br \/>\n&#8211; El material de soporte est\u00e1 hecho de PET reciclado postconsumo (70% de contenido reciclado).<br \/>\n&#8211; Soporte de PET fuerte y resistente al desgarro<br \/>\n&#8211; Adhesivo acr\u00edlico vers\u00e1til de base acuosa<br \/>\n&#8211; Desenrollado silencioso<br \/>\n&#8211; Disponible en marr\u00f3n, blanco y transparente<\/p>\n<p><strong>Aplicaci\u00f3n<\/strong><br \/>\n&#8211; Cierre de envases de cart\u00f3n<br \/>\n&#8211; Adecuado para envases de peso ligero y medio (m\u00e1x. 30 kg)<br \/>\n&#8211; Excelente adherencia sobre cart\u00f3n reciclado<br \/>\n&#8211; Adecuado para dispensadores manuales y autom\u00e1ticos<br \/>\n&#8211; Presentaci\u00f3n de marca y fines publicitarios<\/p>\n","protected":false},"excerpt":{"rendered":"<p>tesa\u00ae 60412 es una cinta de embalaje universal compuesta por un soporte de PET reciclado al 70% (PCR) y un sistema adhesivo acr\u00edlico de base acuosa . tesa\u00ae 60412 tiene un soporte fuerte y resistente a la abrasi\u00f3n con excelentes propiedades de adhesi\u00f3n . El adhesivo acr\u00edlico s\u00f3lido hace de este producto la soluci\u00f3n perfecta [&hellip;]<\/p>\n","protected":false},"featured_media":28911,"template":"","meta":{"_acf_changed":false},"pwb-brand":[2163],"product_brand":[],"product_cat":[1806,1809,1871,7721],"product_tag":[],"class_list":{"0":"post-40383","1":"product","2":"type-product","3":"status-publish","4":"has-post-thumbnail","6":"pwb-brand-tesa-es","7":"product_cat-cintas-adhesivas-de-una-cara","8":"product_cat-cinta-pet","9":"product_cat-sistemas-de-envasado","10":"product_cat-noticias_tesa","12":"first","13":"instock","14":"featured","15":"taxable","16":"shipping-taxable","17":"purchasable","18":"product-type-variable"},"acf":[],"yoast_head":"<!-- This site is optimized with the Yoast SEO plugin v27.3 - https:\/\/yoast.com\/product\/yoast-seo-wordpress\/ -->\n<title>tesa\u00ae 60412 70% PCR PET Cinta de embalaje | Cardinal TAPES<\/title>\n<meta name=\"description\" content=\"tesa\u00ae 60412 es una cinta de embalaje universal fabricada con un soporte de PET reciclado al 70% (PCR) y un sistema adhesivo acr\u00edlico de base acuosa.\" \/>\n<meta name=\"robots\" content=\"index, follow, max-snippet:-1, max-image-preview:large, max-video-preview:-1\" \/>\n<link rel=\"canonical\" href=\"https:\/\/cardinal-tapes.com\/es\/cintas-adhesivas\/cintas-adhesivas-de-una-cara\/cinta-pet\/tesa-60412-70-pcr-pet-packaging-tape\/\" \/>\n<meta property=\"og:locale\" content=\"es_ES\" \/>\n<meta property=\"og:type\" content=\"article\" \/>\n<meta property=\"og:title\" content=\"tesa\u00ae 60412 70% PCR PET Cinta de embalaje | Cardinal TAPES\" \/>\n<meta property=\"og:description\" content=\"tesa\u00ae 60412 es una cinta de embalaje universal fabricada con un soporte de PET reciclado al 70% (PCR) y un sistema adhesivo acr\u00edlico de base acuosa.\" \/>\n<meta property=\"og:url\" content=\"https:\/\/cardinal-tapes.com\/es\/cintas-adhesivas\/cintas-adhesivas-de-una-cara\/cinta-pet\/tesa-60412-70-pcr-pet-packaging-tape\/\" \/>\n<meta property=\"og:site_name\" content=\"cardinal TAPES\" \/>\n<meta property=\"article:modified_time\" content=\"2025-07-02T10:30:49+00:00\" \/>\n<meta property=\"og:image\" content=\"https:\/\/cardinal-tapes.com\/wp-content\/uploads\/60412.webp\" \/>\n\t<meta property=\"og:image:width\" content=\"608\" \/>\n\t<meta property=\"og:image:height\" content=\"608\" \/>\n\t<meta property=\"og:image:type\" content=\"image\/webp\" \/>\n<meta name=\"twitter:card\" content=\"summary_large_image\" \/>\n<meta name=\"twitter:label1\" content=\"Tiempo de lectura\" \/>\n\t<meta name=\"twitter:data1\" content=\"1 minuto\" \/>\n<script type=\"application\/ld+json\" class=\"yoast-schema-graph\">{\"@context\":\"https:\\\/\\\/schema.org\",\"@graph\":[{\"@type\":\"WebPage\",\"@id\":\"https:\\\/\\\/cardinal-tapes.com\\\/es\\\/cintas-adhesivas\\\/cintas-adhesivas-de-una-cara\\\/cinta-pet\\\/tesa-60412-70-pcr-pet-packaging-tape\\\/\",\"url\":\"https:\\\/\\\/cardinal-tapes.com\\\/es\\\/cintas-adhesivas\\\/cintas-adhesivas-de-una-cara\\\/cinta-pet\\\/tesa-60412-70-pcr-pet-packaging-tape\\\/\",\"name\":\"tesa\u00ae 60412 70% PCR PET Cinta de embalaje | Cardinal TAPES\",\"isPartOf\":{\"@id\":\"https:\\\/\\\/cardinal-tapes.com\\\/#website\"},\"primaryImageOfPage\":{\"@id\":\"https:\\\/\\\/cardinal-tapes.com\\\/es\\\/cintas-adhesivas\\\/cintas-adhesivas-de-una-cara\\\/cinta-pet\\\/tesa-60412-70-pcr-pet-packaging-tape\\\/#primaryimage\"},\"image\":{\"@id\":\"https:\\\/\\\/cardinal-tapes.com\\\/es\\\/cintas-adhesivas\\\/cintas-adhesivas-de-una-cara\\\/cinta-pet\\\/tesa-60412-70-pcr-pet-packaging-tape\\\/#primaryimage\"},\"thumbnailUrl\":\"https:\\\/\\\/cardinal-tapes.com\\\/wp-content\\\/uploads\\\/60412.webp\",\"datePublished\":\"2022-07-11T10:31:46+00:00\",\"dateModified\":\"2025-07-02T10:30:49+00:00\",\"description\":\"tesa\u00ae 60412 es una cinta de embalaje universal fabricada con un soporte de PET reciclado al 70% (PCR) y un sistema adhesivo acr\u00edlico de base acuosa.\",\"breadcrumb\":{\"@id\":\"https:\\\/\\\/cardinal-tapes.com\\\/es\\\/cintas-adhesivas\\\/cintas-adhesivas-de-una-cara\\\/cinta-pet\\\/tesa-60412-70-pcr-pet-packaging-tape\\\/#breadcrumb\"},\"inLanguage\":\"es\",\"potentialAction\":[{\"@type\":\"ReadAction\",\"target\":[\"https:\\\/\\\/cardinal-tapes.com\\\/es\\\/cintas-adhesivas\\\/cintas-adhesivas-de-una-cara\\\/cinta-pet\\\/tesa-60412-70-pcr-pet-packaging-tape\\\/\"]}]},{\"@type\":\"ImageObject\",\"inLanguage\":\"es\",\"@id\":\"https:\\\/\\\/cardinal-tapes.com\\\/es\\\/cintas-adhesivas\\\/cintas-adhesivas-de-una-cara\\\/cinta-pet\\\/tesa-60412-70-pcr-pet-packaging-tape\\\/#primaryimage\",\"url\":\"https:\\\/\\\/cardinal-tapes.com\\\/wp-content\\\/uploads\\\/60412.webp\",\"contentUrl\":\"https:\\\/\\\/cardinal-tapes.com\\\/wp-content\\\/uploads\\\/60412.webp\",\"width\":608,\"height\":608},{\"@type\":\"BreadcrumbList\",\"@id\":\"https:\\\/\\\/cardinal-tapes.com\\\/es\\\/cintas-adhesivas\\\/cintas-adhesivas-de-una-cara\\\/cinta-pet\\\/tesa-60412-70-pcr-pet-packaging-tape\\\/#breadcrumb\",\"itemListElement\":[{\"@type\":\"ListItem\",\"position\":1,\"name\":\"Startseite\",\"item\":\"https:\\\/\\\/cardinal-tapes.com\\\/es\\\/\"},{\"@type\":\"ListItem\",\"position\":2,\"name\":\"Cintas adhesivas\",\"item\":\"https:\\\/\\\/cardinal-tapes.com\\\/es\\\/cintas-adhesivas-es\\\/\"},{\"@type\":\"ListItem\",\"position\":3,\"name\":\"Cintas adhesivas de una cara\",\"item\":\"https:\\\/\\\/cardinal-tapes.com\\\/es\\\/categora\\\/cintas-adhesivas-de-una-cara\\\/\"},{\"@type\":\"ListItem\",\"position\":4,\"name\":\"Cinta PET\",\"item\":\"https:\\\/\\\/cardinal-tapes.com\\\/es\\\/categora\\\/cinta-pet\\\/\"},{\"@type\":\"ListItem\",\"position\":5,\"name\":\"Cinta de embalaje tesa\u00ae 60412 70% PCR PET\"}]},{\"@type\":\"WebSite\",\"@id\":\"https:\\\/\\\/cardinal-tapes.com\\\/#website\",\"url\":\"https:\\\/\\\/cardinal-tapes.com\\\/\",\"name\":\"cardinal TAPES\",\"description\":\"Klebetechnik aus Wuppertal\",\"potentialAction\":[{\"@type\":\"SearchAction\",\"target\":{\"@type\":\"EntryPoint\",\"urlTemplate\":\"https:\\\/\\\/cardinal-tapes.com\\\/?s={search_term_string}\"},\"query-input\":{\"@type\":\"PropertyValueSpecification\",\"valueRequired\":true,\"valueName\":\"search_term_string\"}}],\"inLanguage\":\"es\"}]}<\/script>\n<!-- \/ Yoast SEO plugin. -->","yoast_head_json":{"title":"tesa\u00ae 60412 70% PCR PET Cinta de embalaje | Cardinal TAPES","description":"tesa\u00ae 60412 es una cinta de embalaje universal fabricada con un soporte de PET reciclado al 70% (PCR) y un sistema adhesivo acr\u00edlico de base acuosa.","robots":{"index":"index","follow":"follow","max-snippet":"max-snippet:-1","max-image-preview":"max-image-preview:large","max-video-preview":"max-video-preview:-1"},"canonical":"https:\/\/cardinal-tapes.com\/es\/cintas-adhesivas\/cintas-adhesivas-de-una-cara\/cinta-pet\/tesa-60412-70-pcr-pet-packaging-tape\/","og_locale":"es_ES","og_type":"article","og_title":"tesa\u00ae 60412 70% PCR PET Cinta de embalaje | Cardinal TAPES","og_description":"tesa\u00ae 60412 es una cinta de embalaje universal fabricada con un soporte de PET reciclado al 70% (PCR) y un sistema adhesivo acr\u00edlico de base acuosa.","og_url":"https:\/\/cardinal-tapes.com\/es\/cintas-adhesivas\/cintas-adhesivas-de-una-cara\/cinta-pet\/tesa-60412-70-pcr-pet-packaging-tape\/","og_site_name":"cardinal TAPES","article_modified_time":"2025-07-02T10:30:49+00:00","og_image":[{"width":608,"height":608,"url":"https:\/\/cardinal-tapes.com\/wp-content\/uploads\/60412.webp","type":"image\/webp"}],"twitter_card":"summary_large_image","twitter_misc":{"Tiempo de lectura":"1 minuto"},"schema":{"@context":"https:\/\/schema.org","@graph":[{"@type":"WebPage","@id":"https:\/\/cardinal-tapes.com\/es\/cintas-adhesivas\/cintas-adhesivas-de-una-cara\/cinta-pet\/tesa-60412-70-pcr-pet-packaging-tape\/","url":"https:\/\/cardinal-tapes.com\/es\/cintas-adhesivas\/cintas-adhesivas-de-una-cara\/cinta-pet\/tesa-60412-70-pcr-pet-packaging-tape\/","name":"tesa\u00ae 60412 70% PCR PET Cinta de embalaje | Cardinal TAPES","isPartOf":{"@id":"https:\/\/cardinal-tapes.com\/#website"},"primaryImageOfPage":{"@id":"https:\/\/cardinal-tapes.com\/es\/cintas-adhesivas\/cintas-adhesivas-de-una-cara\/cinta-pet\/tesa-60412-70-pcr-pet-packaging-tape\/#primaryimage"},"image":{"@id":"https:\/\/cardinal-tapes.com\/es\/cintas-adhesivas\/cintas-adhesivas-de-una-cara\/cinta-pet\/tesa-60412-70-pcr-pet-packaging-tape\/#primaryimage"},"thumbnailUrl":"https:\/\/cardinal-tapes.com\/wp-content\/uploads\/60412.webp","datePublished":"2022-07-11T10:31:46+00:00","dateModified":"2025-07-02T10:30:49+00:00","description":"tesa\u00ae 60412 es una cinta de embalaje universal fabricada con un soporte de PET reciclado al 70% (PCR) y un sistema adhesivo acr\u00edlico de base acuosa.","breadcrumb":{"@id":"https:\/\/cardinal-tapes.com\/es\/cintas-adhesivas\/cintas-adhesivas-de-una-cara\/cinta-pet\/tesa-60412-70-pcr-pet-packaging-tape\/#breadcrumb"},"inLanguage":"es","potentialAction":[{"@type":"ReadAction","target":["https:\/\/cardinal-tapes.com\/es\/cintas-adhesivas\/cintas-adhesivas-de-una-cara\/cinta-pet\/tesa-60412-70-pcr-pet-packaging-tape\/"]}]},{"@type":"ImageObject","inLanguage":"es","@id":"https:\/\/cardinal-tapes.com\/es\/cintas-adhesivas\/cintas-adhesivas-de-una-cara\/cinta-pet\/tesa-60412-70-pcr-pet-packaging-tape\/#primaryimage","url":"https:\/\/cardinal-tapes.com\/wp-content\/uploads\/60412.webp","contentUrl":"https:\/\/cardinal-tapes.com\/wp-content\/uploads\/60412.webp","width":608,"height":608},{"@type":"BreadcrumbList","@id":"https:\/\/cardinal-tapes.com\/es\/cintas-adhesivas\/cintas-adhesivas-de-una-cara\/cinta-pet\/tesa-60412-70-pcr-pet-packaging-tape\/#breadcrumb","itemListElement":[{"@type":"ListItem","position":1,"name":"Startseite","item":"https:\/\/cardinal-tapes.com\/es\/"},{"@type":"ListItem","position":2,"name":"Cintas adhesivas","item":"https:\/\/cardinal-tapes.com\/es\/cintas-adhesivas-es\/"},{"@type":"ListItem","position":3,"name":"Cintas adhesivas de una cara","item":"https:\/\/cardinal-tapes.com\/es\/categora\/cintas-adhesivas-de-una-cara\/"},{"@type":"ListItem","position":4,"name":"Cinta PET","item":"https:\/\/cardinal-tapes.com\/es\/categora\/cinta-pet\/"},{"@type":"ListItem","position":5,"name":"Cinta de embalaje tesa\u00ae 60412 70% PCR PET"}]},{"@type":"WebSite","@id":"https:\/\/cardinal-tapes.com\/#website","url":"https:\/\/cardinal-tapes.com\/","name":"cardinal TAPES","description":"Klebetechnik aus Wuppertal","potentialAction":[{"@type":"SearchAction","target":{"@type":"EntryPoint","urlTemplate":"https:\/\/cardinal-tapes.com\/?s={search_term_string}"},"query-input":{"@type":"PropertyValueSpecification","valueRequired":true,"valueName":"search_term_string"}}],"inLanguage":"es"}]}},"brands":[{"id":2163,"name":"tesa","slug":"tesa-es"}],"_links":{"self":[{"href":"https:\/\/cardinal-tapes.com\/es\/wp-json\/wp\/v2\/product\/40383","targetHints":{"allow":["GET"]}}],"collection":[{"href":"https:\/\/cardinal-tapes.com\/es\/wp-json\/wp\/v2\/product"}],"about":[{"href":"https:\/\/cardinal-tapes.com\/es\/wp-json\/wp\/v2\/types\/product"}],"wp:featuredmedia":[{"embeddable":true,"href":"https:\/\/cardinal-tapes.com\/es\/wp-json\/wp\/v2\/media\/28911"}],"wp:attachment":[{"href":"https:\/\/cardinal-tapes.com\/es\/wp-json\/wp\/v2\/media?parent=40383"}],"wp:term":[{"taxonomy":"pwb-brand","embeddable":true,"href":"https:\/\/cardinal-tapes.com\/es\/wp-json\/wp\/v2\/pwb-brand?post=40383"},{"taxonomy":"product_brand","embeddable":true,"href":"https:\/\/cardinal-tapes.com\/es\/wp-json\/wp\/v2\/product_brand?post=40383"},{"taxonomy":"product_cat","embeddable":true,"href":"https:\/\/cardinal-tapes.com\/es\/wp-json\/wp\/v2\/product_cat?post=40383"},{"taxonomy":"product_tag","embeddable":true,"href":"https:\/\/cardinal-tapes.com\/es\/wp-json\/wp\/v2\/product_tag?post=40383"}],"curies":[{"name":"wp","href":"https:\/\/api.w.org\/{rel}","templated":true}]}}