{"id":39914,"date":"2022-08-15T10:16:07","date_gmt":"2022-08-15T08:16:07","guid":{"rendered":"https:\/\/cardinal.pixel-tal.de\/klebebaender\/sin%20categor\u00eda\/3m-cinta-adhesiva-vhb-gph-160g\/"},"modified":"2025-07-02T12:18:29","modified_gmt":"2025-07-02T10:18:29","slug":"3m-vhb-klebeband-gph-160g","status":"publish","type":"product","link":"https:\/\/cardinal-tapes.com\/es\/cintas-adhesivas\/ambitos-de-aplicacion\/industria-del-automovil\/3m-vhb-klebeband-gph-160g\/","title":{"rendered":"3M\u2122 VHB\u2122 Cinta adhesiva GPH-160GF"},"content":{"rendered":"<p>Las cintas de alto rendimiento 3M\u2122 VHB\u2122 son cintas de doble cara fabricadas con adhesivo acr\u00edlico de c\u00e9lula cerrada. Ofrecen una gran adaptabilidad a las superficies a pegar. Las superficies lisas o estructuradas pueden adherirse en toda la superficie sin tensi\u00f3n. Ideal para diversos materiales con energ\u00eda superficial alta y media, como metales, pl\u00e1sticos, lacas o vidrio.<\/p>\n<p><strong>Propiedades<\/strong><br \/>\nEl n\u00facleo adhesivo acr\u00edlico de c\u00e9lula cerrada de la cinta adhesiva forma una unidad casi inseparable con las dos superficies adhesivas funcionales. El adhesivo viscoel\u00e1stico forma una uni\u00f3n permanente sin tensi\u00f3n, a diferencia de las cintas adhesivas de espuma convencionales. Adem\u00e1s, los sistemas de juntas de alto rendimiento 3M\u2122 VHB\u2122 amortiguan las vibraciones y sellan gracias a su estructura de c\u00e9lula cerrada.<\/p>\n<p><strong>Aplicaciones<br \/>\n<\/strong>&#8211; Para ensamblar componentes antes de la aplicaci\u00f3n de pintura mediante curado por calor como en el recubrimiento en polvo o la pintura l\u00edquida<br \/>\n&#8211; Para aplicaciones con altas temperaturas de trabajo de hasta 150 \u00b0C durante largos periodos (semanas)<br \/>\n&#8211; Para pegar paneles a bastidores<br \/>\n&#8211; Para pegar elementos de refuerzo a paneles<br \/>\n&#8211; Para pegar material decorativo, molduras o piezas complementarias<\/p>\n","protected":false},"excerpt":{"rendered":"<p>Las cintas de alto rendimiento 3M\u2122 VHB\u2122 son cintas de doble cara fabricadas con adhesivo acr\u00edlico de c\u00e9lula cerrada. Ofrecen una gran adaptabilidad a las superficies a pegar. Las superficies lisas o estructuradas pueden adherirse en toda la superficie sin tensi\u00f3n. Ideal para diversos materiales con energ\u00eda superficial alta y media, como metales, pl\u00e1sticos, lacas [&hellip;]<\/p>\n","protected":false},"featured_media":29011,"template":"","meta":{"_acf_changed":false},"pwb-brand":[2169],"product_brand":[],"product_cat":[7589,1697,1804],"product_tag":[],"class_list":{"0":"post-39914","1":"product","2":"type-product","3":"status-publish","4":"has-post-thumbnail","6":"pwb-brand-3m-es","7":"product_cat-presentacion-de-la-contribucion","8":"product_cat-industria-del-automovil","9":"product_cat-cintas-adhesivas-de-doble-cara","11":"first","12":"instock","13":"taxable","14":"shipping-taxable","15":"purchasable","16":"product-type-variable"},"acf":[],"yoast_head":"<!-- This site is optimized with the Yoast SEO plugin v27.3 - https:\/\/yoast.com\/product\/yoast-seo-wordpress\/ -->\n<title>3M\u2122 VHB\u2122 Cinta adhesiva GPH-160GF | CINTAS Cardinales<\/title>\n<meta name=\"description\" content=\"Las cintas adhesivas de alto rendimiento 3M\u2122 VHB\u2122 son cintas adhesivas de doble cara fabricadas con un adhesivo de acrilato de c\u00e9lula cerrada de gran fuerza adhesiva.\" \/>\n<meta name=\"robots\" content=\"index, follow, max-snippet:-1, max-image-preview:large, max-video-preview:-1\" \/>\n<link rel=\"canonical\" href=\"https:\/\/cardinal-tapes.com\/es\/cintas-adhesivas\/ambitos-de-aplicacion\/industria-del-automovil\/3m-vhb-klebeband-gph-160g\/\" \/>\n<meta property=\"og:locale\" content=\"es_ES\" \/>\n<meta property=\"og:type\" content=\"article\" \/>\n<meta property=\"og:title\" content=\"3M\u2122 VHB\u2122 Cinta adhesiva GPH-160GF | CINTAS Cardinales\" \/>\n<meta property=\"og:description\" content=\"Las cintas adhesivas de alto rendimiento 3M\u2122 VHB\u2122 son cintas adhesivas de doble cara fabricadas con un adhesivo de acrilato de c\u00e9lula cerrada de gran fuerza adhesiva.\" \/>\n<meta property=\"og:url\" content=\"https:\/\/cardinal-tapes.com\/es\/cintas-adhesivas\/ambitos-de-aplicacion\/industria-del-automovil\/3m-vhb-klebeband-gph-160g\/\" \/>\n<meta property=\"og:site_name\" content=\"cardinal TAPES\" \/>\n<meta property=\"article:modified_time\" content=\"2025-07-02T10:18:29+00:00\" \/>\n<meta property=\"og:image\" content=\"https:\/\/cardinal-tapes.com\/wp-content\/uploads\/3m-vhb-general-purpose-high-tempurature-tape-gph-160gf-grey.webp\" \/>\n\t<meta property=\"og:image:width\" content=\"400\" \/>\n\t<meta property=\"og:image:height\" content=\"400\" \/>\n\t<meta property=\"og:image:type\" content=\"image\/webp\" \/>\n<meta name=\"twitter:card\" content=\"summary_large_image\" \/>\n<meta name=\"twitter:label1\" content=\"Tiempo de lectura\" \/>\n\t<meta name=\"twitter:data1\" content=\"1 minuto\" \/>\n<script type=\"application\/ld+json\" class=\"yoast-schema-graph\">{\"@context\":\"https:\\\/\\\/schema.org\",\"@graph\":[{\"@type\":\"WebPage\",\"@id\":\"https:\\\/\\\/cardinal-tapes.com\\\/es\\\/cintas-adhesivas\\\/ambitos-de-aplicacion\\\/industria-del-automovil\\\/3m-vhb-klebeband-gph-160g\\\/\",\"url\":\"https:\\\/\\\/cardinal-tapes.com\\\/es\\\/cintas-adhesivas\\\/ambitos-de-aplicacion\\\/industria-del-automovil\\\/3m-vhb-klebeband-gph-160g\\\/\",\"name\":\"3M\u2122 VHB\u2122 Cinta adhesiva GPH-160GF | CINTAS Cardinales\",\"isPartOf\":{\"@id\":\"https:\\\/\\\/cardinal-tapes.com\\\/#website\"},\"primaryImageOfPage\":{\"@id\":\"https:\\\/\\\/cardinal-tapes.com\\\/es\\\/cintas-adhesivas\\\/ambitos-de-aplicacion\\\/industria-del-automovil\\\/3m-vhb-klebeband-gph-160g\\\/#primaryimage\"},\"image\":{\"@id\":\"https:\\\/\\\/cardinal-tapes.com\\\/es\\\/cintas-adhesivas\\\/ambitos-de-aplicacion\\\/industria-del-automovil\\\/3m-vhb-klebeband-gph-160g\\\/#primaryimage\"},\"thumbnailUrl\":\"https:\\\/\\\/cardinal-tapes.com\\\/wp-content\\\/uploads\\\/3m-vhb-general-purpose-high-tempurature-tape-gph-160gf-grey.webp\",\"datePublished\":\"2022-08-15T08:16:07+00:00\",\"dateModified\":\"2025-07-02T10:18:29+00:00\",\"description\":\"Las cintas adhesivas de alto rendimiento 3M\u2122 VHB\u2122 son cintas adhesivas de doble cara fabricadas con un adhesivo de acrilato de c\u00e9lula cerrada de gran fuerza adhesiva.\",\"breadcrumb\":{\"@id\":\"https:\\\/\\\/cardinal-tapes.com\\\/es\\\/cintas-adhesivas\\\/ambitos-de-aplicacion\\\/industria-del-automovil\\\/3m-vhb-klebeband-gph-160g\\\/#breadcrumb\"},\"inLanguage\":\"es\",\"potentialAction\":[{\"@type\":\"ReadAction\",\"target\":[\"https:\\\/\\\/cardinal-tapes.com\\\/es\\\/cintas-adhesivas\\\/ambitos-de-aplicacion\\\/industria-del-automovil\\\/3m-vhb-klebeband-gph-160g\\\/\"]}]},{\"@type\":\"ImageObject\",\"inLanguage\":\"es\",\"@id\":\"https:\\\/\\\/cardinal-tapes.com\\\/es\\\/cintas-adhesivas\\\/ambitos-de-aplicacion\\\/industria-del-automovil\\\/3m-vhb-klebeband-gph-160g\\\/#primaryimage\",\"url\":\"https:\\\/\\\/cardinal-tapes.com\\\/wp-content\\\/uploads\\\/3m-vhb-general-purpose-high-tempurature-tape-gph-160gf-grey.webp\",\"contentUrl\":\"https:\\\/\\\/cardinal-tapes.com\\\/wp-content\\\/uploads\\\/3m-vhb-general-purpose-high-tempurature-tape-gph-160gf-grey.webp\",\"width\":400,\"height\":400},{\"@type\":\"BreadcrumbList\",\"@id\":\"https:\\\/\\\/cardinal-tapes.com\\\/es\\\/cintas-adhesivas\\\/ambitos-de-aplicacion\\\/industria-del-automovil\\\/3m-vhb-klebeband-gph-160g\\\/#breadcrumb\",\"itemListElement\":[{\"@type\":\"ListItem\",\"position\":1,\"name\":\"Startseite\",\"item\":\"https:\\\/\\\/cardinal-tapes.com\\\/es\\\/\"},{\"@type\":\"ListItem\",\"position\":2,\"name\":\"Cintas adhesivas\",\"item\":\"https:\\\/\\\/cardinal-tapes.com\\\/es\\\/cintas-adhesivas-es\\\/\"},{\"@type\":\"ListItem\",\"position\":3,\"name\":\"Beitrag-Vorstellung\",\"item\":\"https:\\\/\\\/cardinal-tapes.com\\\/kategorie\\\/beitrag-vorstellung\\\/\"},{\"@type\":\"ListItem\",\"position\":4,\"name\":\"3M\u2122 VHB\u2122 Cinta adhesiva GPH-160GF\"}]},{\"@type\":\"WebSite\",\"@id\":\"https:\\\/\\\/cardinal-tapes.com\\\/#website\",\"url\":\"https:\\\/\\\/cardinal-tapes.com\\\/\",\"name\":\"cardinal TAPES\",\"description\":\"Klebetechnik aus Wuppertal\",\"potentialAction\":[{\"@type\":\"SearchAction\",\"target\":{\"@type\":\"EntryPoint\",\"urlTemplate\":\"https:\\\/\\\/cardinal-tapes.com\\\/?s={search_term_string}\"},\"query-input\":{\"@type\":\"PropertyValueSpecification\",\"valueRequired\":true,\"valueName\":\"search_term_string\"}}],\"inLanguage\":\"es\"}]}<\/script>\n<!-- \/ Yoast SEO plugin. -->","yoast_head_json":{"title":"3M\u2122 VHB\u2122 Cinta adhesiva GPH-160GF | CINTAS Cardinales","description":"Las cintas adhesivas de alto rendimiento 3M\u2122 VHB\u2122 son cintas adhesivas de doble cara fabricadas con un adhesivo de acrilato de c\u00e9lula cerrada de gran fuerza adhesiva.","robots":{"index":"index","follow":"follow","max-snippet":"max-snippet:-1","max-image-preview":"max-image-preview:large","max-video-preview":"max-video-preview:-1"},"canonical":"https:\/\/cardinal-tapes.com\/es\/cintas-adhesivas\/ambitos-de-aplicacion\/industria-del-automovil\/3m-vhb-klebeband-gph-160g\/","og_locale":"es_ES","og_type":"article","og_title":"3M\u2122 VHB\u2122 Cinta adhesiva GPH-160GF | CINTAS Cardinales","og_description":"Las cintas adhesivas de alto rendimiento 3M\u2122 VHB\u2122 son cintas adhesivas de doble cara fabricadas con un adhesivo de acrilato de c\u00e9lula cerrada de gran fuerza adhesiva.","og_url":"https:\/\/cardinal-tapes.com\/es\/cintas-adhesivas\/ambitos-de-aplicacion\/industria-del-automovil\/3m-vhb-klebeband-gph-160g\/","og_site_name":"cardinal TAPES","article_modified_time":"2025-07-02T10:18:29+00:00","og_image":[{"width":400,"height":400,"url":"https:\/\/cardinal-tapes.com\/wp-content\/uploads\/3m-vhb-general-purpose-high-tempurature-tape-gph-160gf-grey.webp","type":"image\/webp"}],"twitter_card":"summary_large_image","twitter_misc":{"Tiempo de lectura":"1 minuto"},"schema":{"@context":"https:\/\/schema.org","@graph":[{"@type":"WebPage","@id":"https:\/\/cardinal-tapes.com\/es\/cintas-adhesivas\/ambitos-de-aplicacion\/industria-del-automovil\/3m-vhb-klebeband-gph-160g\/","url":"https:\/\/cardinal-tapes.com\/es\/cintas-adhesivas\/ambitos-de-aplicacion\/industria-del-automovil\/3m-vhb-klebeband-gph-160g\/","name":"3M\u2122 VHB\u2122 Cinta adhesiva GPH-160GF | CINTAS Cardinales","isPartOf":{"@id":"https:\/\/cardinal-tapes.com\/#website"},"primaryImageOfPage":{"@id":"https:\/\/cardinal-tapes.com\/es\/cintas-adhesivas\/ambitos-de-aplicacion\/industria-del-automovil\/3m-vhb-klebeband-gph-160g\/#primaryimage"},"image":{"@id":"https:\/\/cardinal-tapes.com\/es\/cintas-adhesivas\/ambitos-de-aplicacion\/industria-del-automovil\/3m-vhb-klebeband-gph-160g\/#primaryimage"},"thumbnailUrl":"https:\/\/cardinal-tapes.com\/wp-content\/uploads\/3m-vhb-general-purpose-high-tempurature-tape-gph-160gf-grey.webp","datePublished":"2022-08-15T08:16:07+00:00","dateModified":"2025-07-02T10:18:29+00:00","description":"Las cintas adhesivas de alto rendimiento 3M\u2122 VHB\u2122 son cintas adhesivas de doble cara fabricadas con un adhesivo de acrilato de c\u00e9lula cerrada de gran fuerza adhesiva.","breadcrumb":{"@id":"https:\/\/cardinal-tapes.com\/es\/cintas-adhesivas\/ambitos-de-aplicacion\/industria-del-automovil\/3m-vhb-klebeband-gph-160g\/#breadcrumb"},"inLanguage":"es","potentialAction":[{"@type":"ReadAction","target":["https:\/\/cardinal-tapes.com\/es\/cintas-adhesivas\/ambitos-de-aplicacion\/industria-del-automovil\/3m-vhb-klebeband-gph-160g\/"]}]},{"@type":"ImageObject","inLanguage":"es","@id":"https:\/\/cardinal-tapes.com\/es\/cintas-adhesivas\/ambitos-de-aplicacion\/industria-del-automovil\/3m-vhb-klebeband-gph-160g\/#primaryimage","url":"https:\/\/cardinal-tapes.com\/wp-content\/uploads\/3m-vhb-general-purpose-high-tempurature-tape-gph-160gf-grey.webp","contentUrl":"https:\/\/cardinal-tapes.com\/wp-content\/uploads\/3m-vhb-general-purpose-high-tempurature-tape-gph-160gf-grey.webp","width":400,"height":400},{"@type":"BreadcrumbList","@id":"https:\/\/cardinal-tapes.com\/es\/cintas-adhesivas\/ambitos-de-aplicacion\/industria-del-automovil\/3m-vhb-klebeband-gph-160g\/#breadcrumb","itemListElement":[{"@type":"ListItem","position":1,"name":"Startseite","item":"https:\/\/cardinal-tapes.com\/es\/"},{"@type":"ListItem","position":2,"name":"Cintas adhesivas","item":"https:\/\/cardinal-tapes.com\/es\/cintas-adhesivas-es\/"},{"@type":"ListItem","position":3,"name":"Beitrag-Vorstellung","item":"https:\/\/cardinal-tapes.com\/kategorie\/beitrag-vorstellung\/"},{"@type":"ListItem","position":4,"name":"3M\u2122 VHB\u2122 Cinta adhesiva GPH-160GF"}]},{"@type":"WebSite","@id":"https:\/\/cardinal-tapes.com\/#website","url":"https:\/\/cardinal-tapes.com\/","name":"cardinal TAPES","description":"Klebetechnik aus Wuppertal","potentialAction":[{"@type":"SearchAction","target":{"@type":"EntryPoint","urlTemplate":"https:\/\/cardinal-tapes.com\/?s={search_term_string}"},"query-input":{"@type":"PropertyValueSpecification","valueRequired":true,"valueName":"search_term_string"}}],"inLanguage":"es"}]}},"brands":[{"id":2169,"name":"3M","slug":"3m-es"}],"_links":{"self":[{"href":"https:\/\/cardinal-tapes.com\/es\/wp-json\/wp\/v2\/product\/39914","targetHints":{"allow":["GET"]}}],"collection":[{"href":"https:\/\/cardinal-tapes.com\/es\/wp-json\/wp\/v2\/product"}],"about":[{"href":"https:\/\/cardinal-tapes.com\/es\/wp-json\/wp\/v2\/types\/product"}],"wp:featuredmedia":[{"embeddable":true,"href":"https:\/\/cardinal-tapes.com\/es\/wp-json\/wp\/v2\/media\/29011"}],"wp:attachment":[{"href":"https:\/\/cardinal-tapes.com\/es\/wp-json\/wp\/v2\/media?parent=39914"}],"wp:term":[{"taxonomy":"pwb-brand","embeddable":true,"href":"https:\/\/cardinal-tapes.com\/es\/wp-json\/wp\/v2\/pwb-brand?post=39914"},{"taxonomy":"product_brand","embeddable":true,"href":"https:\/\/cardinal-tapes.com\/es\/wp-json\/wp\/v2\/product_brand?post=39914"},{"taxonomy":"product_cat","embeddable":true,"href":"https:\/\/cardinal-tapes.com\/es\/wp-json\/wp\/v2\/product_cat?post=39914"},{"taxonomy":"product_tag","embeddable":true,"href":"https:\/\/cardinal-tapes.com\/es\/wp-json\/wp\/v2\/product_tag?post=39914"}],"curies":[{"name":"wp","href":"https:\/\/api.w.org\/{rel}","templated":true}]}}