{"id":39913,"date":"2022-08-15T10:21:08","date_gmt":"2022-08-15T08:21:08","guid":{"rendered":"https:\/\/cardinal.pixel-tal.de\/klebebaender\/sin%20categor\u00eda\/3m-cinta-adhesiva-gpt-020f\/"},"modified":"2025-07-02T12:17:33","modified_gmt":"2025-07-02T10:17:33","slug":"3m-klebeband-gpt-020f","status":"publish","type":"product","link":"https:\/\/cardinal-tapes.com\/es\/cintas-adhesivas\/cintas-adhesivas-de-doble-cara\/3m-klebeband-gpt-020f\/","title":{"rendered":"3M\u2122 Cinta adhesiva GPT-020F"},"content":{"rendered":"<p>La GPT-020F de 3M es una cinta adhesiva de doble cara, transparente, de 202 \u00b5m de grosor, con soporte de poli\u00e9ster. Se caracteriza por un adhesivo de acrilato modificado, sin disolventes, y est\u00e1 equipada con una cubierta protectora de pel\u00edcula de PP blanco. La cubierta protectora de pel\u00edcula de polipropileno garantiza una buena manipulaci\u00f3n y procesabilidad, ya sea manual o automatizada.<\/p>\n<p><strong>Aplicaciones<\/strong><\/p>\n<ul>\n<li>Vers\u00e1til y adecuado para pegar numerosas superficies con energ\u00eda superficial alta y baja<\/li>\n<li>Alta adherencia instant\u00e1nea y resistencia a la humedad<\/li>\n<li>La cubierta de pel\u00edcula protectora permite una f\u00e1cil manipulaci\u00f3n y una buena trabajabilidad<\/li>\n<li>Resistencia a altas temperaturas con plena fuerza adhesiva a: hasta +190 \u00b0C (minutos) y hasta +90 \u00b0C (d\u00edas, semanas)<\/li>\n<\/ul>\n","protected":false},"excerpt":{"rendered":"<p>La GPT-020F de 3M es una cinta adhesiva de doble cara, transparente, de 202 \u00b5m de grosor, con soporte de poli\u00e9ster. Se caracteriza por un adhesivo de acrilato modificado, sin disolventes, y est\u00e1 equipada con una cubierta protectora de pel\u00edcula de PP blanco. La cubierta protectora de pel\u00edcula de polipropileno garantiza una buena manipulaci\u00f3n y [&hellip;]<\/p>\n","protected":false},"featured_media":29007,"template":"","meta":{"_acf_changed":false},"pwb-brand":[2169],"product_brand":[],"product_cat":[1804],"product_tag":[],"class_list":{"0":"post-39913","1":"product","2":"type-product","3":"status-publish","4":"has-post-thumbnail","6":"pwb-brand-3m-es","7":"product_cat-cintas-adhesivas-de-doble-cara","9":"first","10":"instock","11":"taxable","12":"shipping-taxable","13":"purchasable","14":"product-type-variable"},"acf":[],"yoast_head":"<!-- This site is optimized with the Yoast SEO plugin v27.4 - https:\/\/yoast.com\/product\/yoast-seo-wordpress\/ -->\n<title>3M\u2122 Cinta adhesiva GPT-020F | Cardinal TAPES<\/title>\n<meta name=\"description\" content=\"La 3M GPT-020F es una vers\u00e1til cinta adhesiva de doble cara adecuada para una amplia gama de superficies con energ\u00eda superficial alta y baja.\" \/>\n<meta name=\"robots\" content=\"index, follow, max-snippet:-1, max-image-preview:large, max-video-preview:-1\" \/>\n<link rel=\"canonical\" href=\"https:\/\/cardinal-tapes.com\/es\/cintas-adhesivas\/cintas-adhesivas-de-doble-cara\/3m-klebeband-gpt-020f\/\" \/>\n<meta property=\"og:locale\" content=\"es_ES\" \/>\n<meta property=\"og:type\" content=\"article\" \/>\n<meta property=\"og:title\" content=\"3M\u2122 Cinta adhesiva GPT-020F | Cardinal TAPES\" \/>\n<meta property=\"og:description\" content=\"La 3M GPT-020F es una vers\u00e1til cinta adhesiva de doble cara adecuada para una amplia gama de superficies con energ\u00eda superficial alta y baja.\" \/>\n<meta property=\"og:url\" content=\"https:\/\/cardinal-tapes.com\/es\/cintas-adhesivas\/cintas-adhesivas-de-doble-cara\/3m-klebeband-gpt-020f\/\" \/>\n<meta property=\"og:site_name\" content=\"cardinal TAPES\" \/>\n<meta property=\"article:modified_time\" content=\"2025-07-02T10:17:33+00:00\" \/>\n<meta property=\"og:image\" content=\"https:\/\/cardinal-tapes.com\/wp-content\/uploads\/3m-double-coated-tape-gpt-020f-100mm-x-50m-clop.webp\" \/>\n\t<meta property=\"og:image:width\" content=\"400\" \/>\n\t<meta property=\"og:image:height\" content=\"400\" \/>\n\t<meta property=\"og:image:type\" content=\"image\/webp\" \/>\n<meta name=\"twitter:card\" content=\"summary_large_image\" \/>\n<meta name=\"twitter:label1\" content=\"Tiempo de lectura\" \/>\n\t<meta name=\"twitter:data1\" content=\"1 minuto\" \/>\n<script type=\"application\/ld+json\" class=\"yoast-schema-graph\">{\"@context\":\"https:\\\/\\\/schema.org\",\"@graph\":[{\"@type\":\"WebPage\",\"@id\":\"https:\\\/\\\/cardinal-tapes.com\\\/es\\\/cintas-adhesivas\\\/cintas-adhesivas-de-doble-cara\\\/3m-klebeband-gpt-020f\\\/\",\"url\":\"https:\\\/\\\/cardinal-tapes.com\\\/es\\\/cintas-adhesivas\\\/cintas-adhesivas-de-doble-cara\\\/3m-klebeband-gpt-020f\\\/\",\"name\":\"3M\u2122 Cinta adhesiva GPT-020F | Cardinal TAPES\",\"isPartOf\":{\"@id\":\"https:\\\/\\\/cardinal-tapes.com\\\/#website\"},\"primaryImageOfPage\":{\"@id\":\"https:\\\/\\\/cardinal-tapes.com\\\/es\\\/cintas-adhesivas\\\/cintas-adhesivas-de-doble-cara\\\/3m-klebeband-gpt-020f\\\/#primaryimage\"},\"image\":{\"@id\":\"https:\\\/\\\/cardinal-tapes.com\\\/es\\\/cintas-adhesivas\\\/cintas-adhesivas-de-doble-cara\\\/3m-klebeband-gpt-020f\\\/#primaryimage\"},\"thumbnailUrl\":\"https:\\\/\\\/cardinal-tapes.com\\\/wp-content\\\/uploads\\\/3m-double-coated-tape-gpt-020f-100mm-x-50m-clop.webp\",\"datePublished\":\"2022-08-15T08:21:08+00:00\",\"dateModified\":\"2025-07-02T10:17:33+00:00\",\"description\":\"La 3M GPT-020F es una vers\u00e1til cinta adhesiva de doble cara adecuada para una amplia gama de superficies con energ\u00eda superficial alta y baja.\",\"breadcrumb\":{\"@id\":\"https:\\\/\\\/cardinal-tapes.com\\\/es\\\/cintas-adhesivas\\\/cintas-adhesivas-de-doble-cara\\\/3m-klebeband-gpt-020f\\\/#breadcrumb\"},\"inLanguage\":\"es\",\"potentialAction\":[{\"@type\":\"ReadAction\",\"target\":[\"https:\\\/\\\/cardinal-tapes.com\\\/es\\\/cintas-adhesivas\\\/cintas-adhesivas-de-doble-cara\\\/3m-klebeband-gpt-020f\\\/\"]}]},{\"@type\":\"ImageObject\",\"inLanguage\":\"es\",\"@id\":\"https:\\\/\\\/cardinal-tapes.com\\\/es\\\/cintas-adhesivas\\\/cintas-adhesivas-de-doble-cara\\\/3m-klebeband-gpt-020f\\\/#primaryimage\",\"url\":\"https:\\\/\\\/cardinal-tapes.com\\\/wp-content\\\/uploads\\\/3m-double-coated-tape-gpt-020f-100mm-x-50m-clop.webp\",\"contentUrl\":\"https:\\\/\\\/cardinal-tapes.com\\\/wp-content\\\/uploads\\\/3m-double-coated-tape-gpt-020f-100mm-x-50m-clop.webp\",\"width\":400,\"height\":400},{\"@type\":\"BreadcrumbList\",\"@id\":\"https:\\\/\\\/cardinal-tapes.com\\\/es\\\/cintas-adhesivas\\\/cintas-adhesivas-de-doble-cara\\\/3m-klebeband-gpt-020f\\\/#breadcrumb\",\"itemListElement\":[{\"@type\":\"ListItem\",\"position\":1,\"name\":\"Startseite\",\"item\":\"https:\\\/\\\/cardinal-tapes.com\\\/es\\\/\"},{\"@type\":\"ListItem\",\"position\":2,\"name\":\"Cintas adhesivas\",\"item\":\"https:\\\/\\\/cardinal-tapes.com\\\/es\\\/cintas-adhesivas-es\\\/\"},{\"@type\":\"ListItem\",\"position\":3,\"name\":\"Cintas adhesivas de doble cara\",\"item\":\"https:\\\/\\\/cardinal-tapes.com\\\/es\\\/categora\\\/cintas-adhesivas-de-doble-cara\\\/\"},{\"@type\":\"ListItem\",\"position\":4,\"name\":\"3M\u2122 Cinta adhesiva GPT-020F\"}]},{\"@type\":\"WebSite\",\"@id\":\"https:\\\/\\\/cardinal-tapes.com\\\/#website\",\"url\":\"https:\\\/\\\/cardinal-tapes.com\\\/\",\"name\":\"cardinal TAPES\",\"description\":\"Klebetechnik aus Wuppertal\",\"potentialAction\":[{\"@type\":\"SearchAction\",\"target\":{\"@type\":\"EntryPoint\",\"urlTemplate\":\"https:\\\/\\\/cardinal-tapes.com\\\/?s={search_term_string}\"},\"query-input\":{\"@type\":\"PropertyValueSpecification\",\"valueRequired\":true,\"valueName\":\"search_term_string\"}}],\"inLanguage\":\"es\"}]}<\/script>\n<!-- \/ Yoast SEO plugin. -->","yoast_head_json":{"title":"3M\u2122 Cinta adhesiva GPT-020F | Cardinal TAPES","description":"La 3M GPT-020F es una vers\u00e1til cinta adhesiva de doble cara adecuada para una amplia gama de superficies con energ\u00eda superficial alta y baja.","robots":{"index":"index","follow":"follow","max-snippet":"max-snippet:-1","max-image-preview":"max-image-preview:large","max-video-preview":"max-video-preview:-1"},"canonical":"https:\/\/cardinal-tapes.com\/es\/cintas-adhesivas\/cintas-adhesivas-de-doble-cara\/3m-klebeband-gpt-020f\/","og_locale":"es_ES","og_type":"article","og_title":"3M\u2122 Cinta adhesiva GPT-020F | Cardinal TAPES","og_description":"La 3M GPT-020F es una vers\u00e1til cinta adhesiva de doble cara adecuada para una amplia gama de superficies con energ\u00eda superficial alta y baja.","og_url":"https:\/\/cardinal-tapes.com\/es\/cintas-adhesivas\/cintas-adhesivas-de-doble-cara\/3m-klebeband-gpt-020f\/","og_site_name":"cardinal TAPES","article_modified_time":"2025-07-02T10:17:33+00:00","og_image":[{"width":400,"height":400,"url":"https:\/\/cardinal-tapes.com\/wp-content\/uploads\/3m-double-coated-tape-gpt-020f-100mm-x-50m-clop.webp","type":"image\/webp"}],"twitter_card":"summary_large_image","twitter_misc":{"Tiempo de lectura":"1 minuto"},"schema":{"@context":"https:\/\/schema.org","@graph":[{"@type":"WebPage","@id":"https:\/\/cardinal-tapes.com\/es\/cintas-adhesivas\/cintas-adhesivas-de-doble-cara\/3m-klebeband-gpt-020f\/","url":"https:\/\/cardinal-tapes.com\/es\/cintas-adhesivas\/cintas-adhesivas-de-doble-cara\/3m-klebeband-gpt-020f\/","name":"3M\u2122 Cinta adhesiva GPT-020F | Cardinal TAPES","isPartOf":{"@id":"https:\/\/cardinal-tapes.com\/#website"},"primaryImageOfPage":{"@id":"https:\/\/cardinal-tapes.com\/es\/cintas-adhesivas\/cintas-adhesivas-de-doble-cara\/3m-klebeband-gpt-020f\/#primaryimage"},"image":{"@id":"https:\/\/cardinal-tapes.com\/es\/cintas-adhesivas\/cintas-adhesivas-de-doble-cara\/3m-klebeband-gpt-020f\/#primaryimage"},"thumbnailUrl":"https:\/\/cardinal-tapes.com\/wp-content\/uploads\/3m-double-coated-tape-gpt-020f-100mm-x-50m-clop.webp","datePublished":"2022-08-15T08:21:08+00:00","dateModified":"2025-07-02T10:17:33+00:00","description":"La 3M GPT-020F es una vers\u00e1til cinta adhesiva de doble cara adecuada para una amplia gama de superficies con energ\u00eda superficial alta y baja.","breadcrumb":{"@id":"https:\/\/cardinal-tapes.com\/es\/cintas-adhesivas\/cintas-adhesivas-de-doble-cara\/3m-klebeband-gpt-020f\/#breadcrumb"},"inLanguage":"es","potentialAction":[{"@type":"ReadAction","target":["https:\/\/cardinal-tapes.com\/es\/cintas-adhesivas\/cintas-adhesivas-de-doble-cara\/3m-klebeband-gpt-020f\/"]}]},{"@type":"ImageObject","inLanguage":"es","@id":"https:\/\/cardinal-tapes.com\/es\/cintas-adhesivas\/cintas-adhesivas-de-doble-cara\/3m-klebeband-gpt-020f\/#primaryimage","url":"https:\/\/cardinal-tapes.com\/wp-content\/uploads\/3m-double-coated-tape-gpt-020f-100mm-x-50m-clop.webp","contentUrl":"https:\/\/cardinal-tapes.com\/wp-content\/uploads\/3m-double-coated-tape-gpt-020f-100mm-x-50m-clop.webp","width":400,"height":400},{"@type":"BreadcrumbList","@id":"https:\/\/cardinal-tapes.com\/es\/cintas-adhesivas\/cintas-adhesivas-de-doble-cara\/3m-klebeband-gpt-020f\/#breadcrumb","itemListElement":[{"@type":"ListItem","position":1,"name":"Startseite","item":"https:\/\/cardinal-tapes.com\/es\/"},{"@type":"ListItem","position":2,"name":"Cintas adhesivas","item":"https:\/\/cardinal-tapes.com\/es\/cintas-adhesivas-es\/"},{"@type":"ListItem","position":3,"name":"Cintas adhesivas de doble cara","item":"https:\/\/cardinal-tapes.com\/es\/categora\/cintas-adhesivas-de-doble-cara\/"},{"@type":"ListItem","position":4,"name":"3M\u2122 Cinta adhesiva GPT-020F"}]},{"@type":"WebSite","@id":"https:\/\/cardinal-tapes.com\/#website","url":"https:\/\/cardinal-tapes.com\/","name":"cardinal TAPES","description":"Klebetechnik aus Wuppertal","potentialAction":[{"@type":"SearchAction","target":{"@type":"EntryPoint","urlTemplate":"https:\/\/cardinal-tapes.com\/?s={search_term_string}"},"query-input":{"@type":"PropertyValueSpecification","valueRequired":true,"valueName":"search_term_string"}}],"inLanguage":"es"}]}},"brands":[{"id":2169,"name":"3M","slug":"3m-es"}],"_links":{"self":[{"href":"https:\/\/cardinal-tapes.com\/es\/wp-json\/wp\/v2\/product\/39913","targetHints":{"allow":["GET"]}}],"collection":[{"href":"https:\/\/cardinal-tapes.com\/es\/wp-json\/wp\/v2\/product"}],"about":[{"href":"https:\/\/cardinal-tapes.com\/es\/wp-json\/wp\/v2\/types\/product"}],"wp:featuredmedia":[{"embeddable":true,"href":"https:\/\/cardinal-tapes.com\/es\/wp-json\/wp\/v2\/media\/29007"}],"wp:attachment":[{"href":"https:\/\/cardinal-tapes.com\/es\/wp-json\/wp\/v2\/media?parent=39913"}],"wp:term":[{"taxonomy":"pwb-brand","embeddable":true,"href":"https:\/\/cardinal-tapes.com\/es\/wp-json\/wp\/v2\/pwb-brand?post=39913"},{"taxonomy":"product_brand","embeddable":true,"href":"https:\/\/cardinal-tapes.com\/es\/wp-json\/wp\/v2\/product_brand?post=39913"},{"taxonomy":"product_cat","embeddable":true,"href":"https:\/\/cardinal-tapes.com\/es\/wp-json\/wp\/v2\/product_cat?post=39913"},{"taxonomy":"product_tag","embeddable":true,"href":"https:\/\/cardinal-tapes.com\/es\/wp-json\/wp\/v2\/product_tag?post=39913"}],"curies":[{"name":"wp","href":"https:\/\/api.w.org\/{rel}","templated":true}]}}