{"id":39910,"date":"2022-08-15T10:39:04","date_gmt":"2023-06-05T14:48:31","guid":{"rendered":"https:\/\/cardinal.pixel-tal.de\/klebebaender\/sin%20categor\u00eda\/3m-px5015-espuma-acrilica\/"},"modified":"2025-07-02T12:18:30","modified_gmt":"2025-07-02T10:18:30","slug":"3m-cinta-adhesiva-px5015","status":"publish","type":"product","link":"https:\/\/cardinal-tapes.com\/es\/cintas-adhesivas\/cintas-adhesivas-de-doble-cara\/3m-cinta-adhesiva-px5015\/","title":{"rendered":"3M\u2122 PX5015 Espuma acr\u00edlica"},"content":{"rendered":"<p>La cinta de espuma acr\u00edlica 3M\u2122 serie PX5000 est\u00e1 fabricada con espuma acr\u00edlica y es especialmente adecuada para fijar piezas de automoci\u00f3n. Se caracteriza por una gran adherencia a superficies dif\u00edciles. En muchos casos, la PX5000 permite pegar los aditamentos sin necesidad de un tratamiento previo adicional.<\/p>\n<p><strong>Propiedades<br \/>\n<\/strong>La cinta adhesiva se caracteriza por su excelente adherencia a pl\u00e1sticos de baja energ\u00eda (LSE) y a muchas pinturas de automoci\u00f3n. Resistencia a altas temperaturas, a la intemperie, a los rayos UV y a los disolventes.<\/p>\n<p><strong>Aplicaciones<\/strong><br \/>\n&#8211; Permite diferenciar sin complicaciones los modelos de veh\u00edculos mediante piezas complementarias modificadas sin realizar cambios en la carrocer\u00eda<br \/>\n&#8211; Muy adecuado para todos los procesos de aplicaci\u00f3n manuales y autom\u00e1ticos.<\/p>\n","protected":false},"excerpt":{"rendered":"<p>La cinta de espuma acr\u00edlica 3M\u2122 serie PX5000 est\u00e1 fabricada con espuma acr\u00edlica y es especialmente adecuada para fijar piezas de automoci\u00f3n. Se caracteriza por una gran adherencia a superficies dif\u00edciles. En muchos casos, la PX5000 permite pegar los aditamentos sin necesidad de un tratamiento previo adicional. Propiedades La cinta adhesiva se caracteriza por su [&hellip;]<\/p>\n","protected":false},"featured_media":28999,"template":"","meta":{"_acf_changed":false},"pwb-brand":[2169],"product_brand":[],"product_cat":[1804],"product_tag":[],"class_list":{"0":"post-39910","1":"product","2":"type-product","3":"status-publish","4":"has-post-thumbnail","6":"pwb-brand-3m-es","7":"product_cat-cintas-adhesivas-de-doble-cara","9":"first","10":"instock","11":"taxable","12":"shipping-taxable","13":"purchasable","14":"product-type-variable"},"acf":[],"yoast_head":"<!-- This site is optimized with the Yoast SEO plugin v27.3 - https:\/\/yoast.com\/product\/yoast-seo-wordpress\/ -->\n<title>3M\u2122 PX5015 Espuma Acr\u00edlica | CINTAS Cardinales<\/title>\n<meta name=\"description\" content=\"La cinta 3M\u2122 Acrylic Foam Tape de la serie PX5000 est\u00e1 fabricada con espuma acr\u00edlica y es especialmente adecuada para la fijaci\u00f3n de piezas complementarias en el sector de la automoci\u00f3n.\" \/>\n<meta name=\"robots\" content=\"index, follow, max-snippet:-1, max-image-preview:large, max-video-preview:-1\" \/>\n<link rel=\"canonical\" href=\"https:\/\/cardinal-tapes.com\/es\/cintas-adhesivas\/cintas-adhesivas-de-doble-cara\/3m-cinta-adhesiva-px5015\/\" \/>\n<meta property=\"og:locale\" content=\"es_ES\" \/>\n<meta property=\"og:type\" content=\"article\" \/>\n<meta property=\"og:title\" content=\"3M\u2122 PX5015 Espuma Acr\u00edlica | CINTAS Cardinales\" \/>\n<meta property=\"og:description\" content=\"La cinta 3M\u2122 Acrylic Foam Tape de la serie PX5000 est\u00e1 fabricada con espuma acr\u00edlica y es especialmente adecuada para la fijaci\u00f3n de piezas complementarias en el sector de la automoci\u00f3n.\" \/>\n<meta property=\"og:url\" content=\"https:\/\/cardinal-tapes.com\/es\/cintas-adhesivas\/cintas-adhesivas-de-doble-cara\/3m-cinta-adhesiva-px5015\/\" \/>\n<meta property=\"og:site_name\" content=\"cardinal TAPES\" \/>\n<meta property=\"article:modified_time\" content=\"2025-07-02T10:18:30+00:00\" \/>\n<meta property=\"og:image\" content=\"https:\/\/cardinal-tapes.com\/wp-content\/uploads\/3m-acrylic-foam-tape-px500-series-2.webp\" \/>\n\t<meta property=\"og:image:width\" content=\"395\" \/>\n\t<meta property=\"og:image:height\" content=\"400\" \/>\n\t<meta property=\"og:image:type\" content=\"image\/webp\" \/>\n<meta name=\"twitter:card\" content=\"summary_large_image\" \/>\n<meta name=\"twitter:label1\" content=\"Tiempo de lectura\" \/>\n\t<meta name=\"twitter:data1\" content=\"1 minuto\" \/>\n<script type=\"application\/ld+json\" class=\"yoast-schema-graph\">{\"@context\":\"https:\\\/\\\/schema.org\",\"@graph\":[{\"@type\":\"WebPage\",\"@id\":\"https:\\\/\\\/cardinal-tapes.com\\\/es\\\/cintas-adhesivas\\\/cintas-adhesivas-de-doble-cara\\\/3m-cinta-adhesiva-px5015\\\/\",\"url\":\"https:\\\/\\\/cardinal-tapes.com\\\/es\\\/cintas-adhesivas\\\/cintas-adhesivas-de-doble-cara\\\/3m-cinta-adhesiva-px5015\\\/\",\"name\":\"3M\u2122 PX5015 Espuma Acr\u00edlica | CINTAS Cardinales\",\"isPartOf\":{\"@id\":\"https:\\\/\\\/cardinal-tapes.com\\\/#website\"},\"primaryImageOfPage\":{\"@id\":\"https:\\\/\\\/cardinal-tapes.com\\\/es\\\/cintas-adhesivas\\\/cintas-adhesivas-de-doble-cara\\\/3m-cinta-adhesiva-px5015\\\/#primaryimage\"},\"image\":{\"@id\":\"https:\\\/\\\/cardinal-tapes.com\\\/es\\\/cintas-adhesivas\\\/cintas-adhesivas-de-doble-cara\\\/3m-cinta-adhesiva-px5015\\\/#primaryimage\"},\"thumbnailUrl\":\"https:\\\/\\\/cardinal-tapes.com\\\/wp-content\\\/uploads\\\/3m-acrylic-foam-tape-px500-series-2.webp\",\"datePublished\":\"2023-06-05T14:48:31+00:00\",\"dateModified\":\"2025-07-02T10:18:30+00:00\",\"description\":\"La cinta 3M\u2122 Acrylic Foam Tape de la serie PX5000 est\u00e1 fabricada con espuma acr\u00edlica y es especialmente adecuada para la fijaci\u00f3n de piezas complementarias en el sector de la automoci\u00f3n.\",\"breadcrumb\":{\"@id\":\"https:\\\/\\\/cardinal-tapes.com\\\/es\\\/cintas-adhesivas\\\/cintas-adhesivas-de-doble-cara\\\/3m-cinta-adhesiva-px5015\\\/#breadcrumb\"},\"inLanguage\":\"es\",\"potentialAction\":[{\"@type\":\"ReadAction\",\"target\":[\"https:\\\/\\\/cardinal-tapes.com\\\/es\\\/cintas-adhesivas\\\/cintas-adhesivas-de-doble-cara\\\/3m-cinta-adhesiva-px5015\\\/\"]}]},{\"@type\":\"ImageObject\",\"inLanguage\":\"es\",\"@id\":\"https:\\\/\\\/cardinal-tapes.com\\\/es\\\/cintas-adhesivas\\\/cintas-adhesivas-de-doble-cara\\\/3m-cinta-adhesiva-px5015\\\/#primaryimage\",\"url\":\"https:\\\/\\\/cardinal-tapes.com\\\/wp-content\\\/uploads\\\/3m-acrylic-foam-tape-px500-series-2.webp\",\"contentUrl\":\"https:\\\/\\\/cardinal-tapes.com\\\/wp-content\\\/uploads\\\/3m-acrylic-foam-tape-px500-series-2.webp\",\"width\":395,\"height\":400},{\"@type\":\"BreadcrumbList\",\"@id\":\"https:\\\/\\\/cardinal-tapes.com\\\/es\\\/cintas-adhesivas\\\/cintas-adhesivas-de-doble-cara\\\/3m-cinta-adhesiva-px5015\\\/#breadcrumb\",\"itemListElement\":[{\"@type\":\"ListItem\",\"position\":1,\"name\":\"Startseite\",\"item\":\"https:\\\/\\\/cardinal-tapes.com\\\/es\\\/\"},{\"@type\":\"ListItem\",\"position\":2,\"name\":\"Cintas adhesivas\",\"item\":\"https:\\\/\\\/cardinal-tapes.com\\\/es\\\/cintas-adhesivas-es\\\/\"},{\"@type\":\"ListItem\",\"position\":3,\"name\":\"Cintas adhesivas de doble cara\",\"item\":\"https:\\\/\\\/cardinal-tapes.com\\\/es\\\/categora\\\/cintas-adhesivas-de-doble-cara\\\/\"},{\"@type\":\"ListItem\",\"position\":4,\"name\":\"3M\u2122 PX5015 Espuma acr\u00edlica\"}]},{\"@type\":\"WebSite\",\"@id\":\"https:\\\/\\\/cardinal-tapes.com\\\/#website\",\"url\":\"https:\\\/\\\/cardinal-tapes.com\\\/\",\"name\":\"cardinal TAPES\",\"description\":\"Klebetechnik aus Wuppertal\",\"potentialAction\":[{\"@type\":\"SearchAction\",\"target\":{\"@type\":\"EntryPoint\",\"urlTemplate\":\"https:\\\/\\\/cardinal-tapes.com\\\/?s={search_term_string}\"},\"query-input\":{\"@type\":\"PropertyValueSpecification\",\"valueRequired\":true,\"valueName\":\"search_term_string\"}}],\"inLanguage\":\"es\"}]}<\/script>\n<!-- \/ Yoast SEO plugin. -->","yoast_head_json":{"title":"3M\u2122 PX5015 Espuma Acr\u00edlica | CINTAS Cardinales","description":"La cinta 3M\u2122 Acrylic Foam Tape de la serie PX5000 est\u00e1 fabricada con espuma acr\u00edlica y es especialmente adecuada para la fijaci\u00f3n de piezas complementarias en el sector de la automoci\u00f3n.","robots":{"index":"index","follow":"follow","max-snippet":"max-snippet:-1","max-image-preview":"max-image-preview:large","max-video-preview":"max-video-preview:-1"},"canonical":"https:\/\/cardinal-tapes.com\/es\/cintas-adhesivas\/cintas-adhesivas-de-doble-cara\/3m-cinta-adhesiva-px5015\/","og_locale":"es_ES","og_type":"article","og_title":"3M\u2122 PX5015 Espuma Acr\u00edlica | CINTAS Cardinales","og_description":"La cinta 3M\u2122 Acrylic Foam Tape de la serie PX5000 est\u00e1 fabricada con espuma acr\u00edlica y es especialmente adecuada para la fijaci\u00f3n de piezas complementarias en el sector de la automoci\u00f3n.","og_url":"https:\/\/cardinal-tapes.com\/es\/cintas-adhesivas\/cintas-adhesivas-de-doble-cara\/3m-cinta-adhesiva-px5015\/","og_site_name":"cardinal TAPES","article_modified_time":"2025-07-02T10:18:30+00:00","og_image":[{"width":395,"height":400,"url":"https:\/\/cardinal-tapes.com\/wp-content\/uploads\/3m-acrylic-foam-tape-px500-series-2.webp","type":"image\/webp"}],"twitter_card":"summary_large_image","twitter_misc":{"Tiempo de lectura":"1 minuto"},"schema":{"@context":"https:\/\/schema.org","@graph":[{"@type":"WebPage","@id":"https:\/\/cardinal-tapes.com\/es\/cintas-adhesivas\/cintas-adhesivas-de-doble-cara\/3m-cinta-adhesiva-px5015\/","url":"https:\/\/cardinal-tapes.com\/es\/cintas-adhesivas\/cintas-adhesivas-de-doble-cara\/3m-cinta-adhesiva-px5015\/","name":"3M\u2122 PX5015 Espuma Acr\u00edlica | CINTAS Cardinales","isPartOf":{"@id":"https:\/\/cardinal-tapes.com\/#website"},"primaryImageOfPage":{"@id":"https:\/\/cardinal-tapes.com\/es\/cintas-adhesivas\/cintas-adhesivas-de-doble-cara\/3m-cinta-adhesiva-px5015\/#primaryimage"},"image":{"@id":"https:\/\/cardinal-tapes.com\/es\/cintas-adhesivas\/cintas-adhesivas-de-doble-cara\/3m-cinta-adhesiva-px5015\/#primaryimage"},"thumbnailUrl":"https:\/\/cardinal-tapes.com\/wp-content\/uploads\/3m-acrylic-foam-tape-px500-series-2.webp","datePublished":"2023-06-05T14:48:31+00:00","dateModified":"2025-07-02T10:18:30+00:00","description":"La cinta 3M\u2122 Acrylic Foam Tape de la serie PX5000 est\u00e1 fabricada con espuma acr\u00edlica y es especialmente adecuada para la fijaci\u00f3n de piezas complementarias en el sector de la automoci\u00f3n.","breadcrumb":{"@id":"https:\/\/cardinal-tapes.com\/es\/cintas-adhesivas\/cintas-adhesivas-de-doble-cara\/3m-cinta-adhesiva-px5015\/#breadcrumb"},"inLanguage":"es","potentialAction":[{"@type":"ReadAction","target":["https:\/\/cardinal-tapes.com\/es\/cintas-adhesivas\/cintas-adhesivas-de-doble-cara\/3m-cinta-adhesiva-px5015\/"]}]},{"@type":"ImageObject","inLanguage":"es","@id":"https:\/\/cardinal-tapes.com\/es\/cintas-adhesivas\/cintas-adhesivas-de-doble-cara\/3m-cinta-adhesiva-px5015\/#primaryimage","url":"https:\/\/cardinal-tapes.com\/wp-content\/uploads\/3m-acrylic-foam-tape-px500-series-2.webp","contentUrl":"https:\/\/cardinal-tapes.com\/wp-content\/uploads\/3m-acrylic-foam-tape-px500-series-2.webp","width":395,"height":400},{"@type":"BreadcrumbList","@id":"https:\/\/cardinal-tapes.com\/es\/cintas-adhesivas\/cintas-adhesivas-de-doble-cara\/3m-cinta-adhesiva-px5015\/#breadcrumb","itemListElement":[{"@type":"ListItem","position":1,"name":"Startseite","item":"https:\/\/cardinal-tapes.com\/es\/"},{"@type":"ListItem","position":2,"name":"Cintas adhesivas","item":"https:\/\/cardinal-tapes.com\/es\/cintas-adhesivas-es\/"},{"@type":"ListItem","position":3,"name":"Cintas adhesivas de doble cara","item":"https:\/\/cardinal-tapes.com\/es\/categora\/cintas-adhesivas-de-doble-cara\/"},{"@type":"ListItem","position":4,"name":"3M\u2122 PX5015 Espuma acr\u00edlica"}]},{"@type":"WebSite","@id":"https:\/\/cardinal-tapes.com\/#website","url":"https:\/\/cardinal-tapes.com\/","name":"cardinal TAPES","description":"Klebetechnik aus Wuppertal","potentialAction":[{"@type":"SearchAction","target":{"@type":"EntryPoint","urlTemplate":"https:\/\/cardinal-tapes.com\/?s={search_term_string}"},"query-input":{"@type":"PropertyValueSpecification","valueRequired":true,"valueName":"search_term_string"}}],"inLanguage":"es"}]}},"brands":[{"id":2169,"name":"3M","slug":"3m-es"}],"_links":{"self":[{"href":"https:\/\/cardinal-tapes.com\/es\/wp-json\/wp\/v2\/product\/39910","targetHints":{"allow":["GET"]}}],"collection":[{"href":"https:\/\/cardinal-tapes.com\/es\/wp-json\/wp\/v2\/product"}],"about":[{"href":"https:\/\/cardinal-tapes.com\/es\/wp-json\/wp\/v2\/types\/product"}],"wp:featuredmedia":[{"embeddable":true,"href":"https:\/\/cardinal-tapes.com\/es\/wp-json\/wp\/v2\/media\/28999"}],"wp:attachment":[{"href":"https:\/\/cardinal-tapes.com\/es\/wp-json\/wp\/v2\/media?parent=39910"}],"wp:term":[{"taxonomy":"pwb-brand","embeddable":true,"href":"https:\/\/cardinal-tapes.com\/es\/wp-json\/wp\/v2\/pwb-brand?post=39910"},{"taxonomy":"product_brand","embeddable":true,"href":"https:\/\/cardinal-tapes.com\/es\/wp-json\/wp\/v2\/product_brand?post=39910"},{"taxonomy":"product_cat","embeddable":true,"href":"https:\/\/cardinal-tapes.com\/es\/wp-json\/wp\/v2\/product_cat?post=39910"},{"taxonomy":"product_tag","embeddable":true,"href":"https:\/\/cardinal-tapes.com\/es\/wp-json\/wp\/v2\/product_tag?post=39910"}],"curies":[{"name":"wp","href":"https:\/\/api.w.org\/{rel}","templated":true}]}}