{"id":39907,"date":"2022-08-15T10:43:35","date_gmt":"2023-06-05T14:48:31","guid":{"rendered":"https:\/\/cardinal.pixel-tal.de\/klebebaender\/sin%20categor\u00eda\/3m-pt1100-cinta-adhesiva-acrilica\/"},"modified":"2025-07-02T12:05:14","modified_gmt":"2025-07-02T10:05:14","slug":"3m-cinta-adhesiva-pt1100","status":"publish","type":"product","link":"https:\/\/cardinal-tapes.com\/es\/cintas-adhesivas\/cintas-adhesivas-de-doble-cara\/3m-cinta-adhesiva-pt1100\/","title":{"rendered":"3M\u2122 PT1100 Cinta adhesiva acr\u00edlica"},"content":{"rendered":"<p>La cinta 3M\u2122 Acrylic Plus Tape PT1100 se utiliza normalmente para fijar fijaciones r\u00edgidas en las que se desea un borde est\u00e9tico visible.<\/p>\n<p><strong>Propiedades<br \/>\n<\/strong>La cinta adhesiva de doble cara est\u00e1 hecha de espuma acr\u00edlica negra con adhesivo acr\u00edlico adicional en ambas caras. Las aplicaciones t\u00edpicas de la cinta adhesiva son la fijaci\u00f3n de piezas complementarias r\u00edgidas como alerones, carcasas de antenas, barras de techo y extensiones de pasos de rueda en las que se desea un borde est\u00e9tico visible. La cinta adhesiva de doble cara tiene una excelente estabilidad a largo plazo, as\u00ed como una muy buena adaptabilidad a las superficies a pegar. La propiedad viscoel\u00e1stica \u00fanica del PT1000 es excelente para aliviar las tensiones en la uni\u00f3n adhesiva, lo que da como resultado una uni\u00f3n extremadamente duradera.<\/p>\n<p><strong>Aplicaciones<\/strong><br \/>\n&#8211; Las cintas adhesivas de espuma acr\u00edlica 3M\u2122 pueden aliviar la tensi\u00f3n de forma reversible gracias a su viscoelasticidad \u00fanica<br \/>\n&#8211; La adhesi\u00f3n inicial permite un procesamiento posterior inmediato, a menudo sin medidas de apoyo temporales.<\/p>\n","protected":false},"excerpt":{"rendered":"<p>La cinta 3M\u2122 Acrylic Plus Tape PT1100 se utiliza normalmente para fijar fijaciones r\u00edgidas en las que se desea un borde est\u00e9tico visible. Propiedades La cinta adhesiva de doble cara est\u00e1 hecha de espuma acr\u00edlica negra con adhesivo acr\u00edlico adicional en ambas caras. Las aplicaciones t\u00edpicas de la cinta adhesiva son la fijaci\u00f3n de piezas [&hellip;]<\/p>\n","protected":false},"featured_media":28987,"template":"","meta":{"_acf_changed":false},"pwb-brand":[2169],"product_brand":[],"product_cat":[1804],"product_tag":[],"class_list":{"0":"post-39907","1":"product","2":"type-product","3":"status-publish","4":"has-post-thumbnail","6":"pwb-brand-3m-es","7":"product_cat-cintas-adhesivas-de-doble-cara","9":"first","10":"instock","11":"taxable","12":"shipping-taxable","13":"purchasable","14":"product-type-variable"},"acf":[],"yoast_head":"<!-- This site is optimized with the Yoast SEO plugin v27.3 - https:\/\/yoast.com\/product\/yoast-seo-wordpress\/ -->\n<title>3M\u2122 PT1100 Cinta acr\u00edlica | Cardinal TAPES<\/title>\n<meta name=\"description\" content=\"La cinta 3M\u2122 Acrylic Plus Tape PT1100 se utiliza normalmente para fijar fijaciones r\u00edgidas en las que se desea un borde est\u00e9tico visible.\" \/>\n<meta name=\"robots\" content=\"index, follow, max-snippet:-1, max-image-preview:large, max-video-preview:-1\" \/>\n<link rel=\"canonical\" href=\"https:\/\/cardinal-tapes.com\/es\/cintas-adhesivas\/cintas-adhesivas-de-doble-cara\/3m-cinta-adhesiva-pt1100\/\" \/>\n<meta property=\"og:locale\" content=\"es_ES\" \/>\n<meta property=\"og:type\" content=\"article\" \/>\n<meta property=\"og:title\" content=\"3M\u2122 PT1100 Cinta acr\u00edlica | Cardinal TAPES\" \/>\n<meta property=\"og:description\" content=\"La cinta 3M\u2122 Acrylic Plus Tape PT1100 se utiliza normalmente para fijar fijaciones r\u00edgidas en las que se desea un borde est\u00e9tico visible.\" \/>\n<meta property=\"og:url\" content=\"https:\/\/cardinal-tapes.com\/es\/cintas-adhesivas\/cintas-adhesivas-de-doble-cara\/3m-cinta-adhesiva-pt1100\/\" \/>\n<meta property=\"og:site_name\" content=\"cardinal TAPES\" \/>\n<meta property=\"article:modified_time\" content=\"2025-07-02T10:05:14+00:00\" \/>\n<meta property=\"og:image\" content=\"https:\/\/cardinal-tapes.com\/wp-content\/uploads\/photo-3mtm-acrylic-foam-tape-ex4015.jpg\" \/>\n\t<meta property=\"og:image:width\" content=\"400\" \/>\n\t<meta property=\"og:image:height\" content=\"398\" \/>\n\t<meta property=\"og:image:type\" content=\"image\/jpeg\" \/>\n<meta name=\"twitter:card\" content=\"summary_large_image\" \/>\n<meta name=\"twitter:label1\" content=\"Tiempo de lectura\" \/>\n\t<meta name=\"twitter:data1\" content=\"1 minuto\" \/>\n<script type=\"application\/ld+json\" class=\"yoast-schema-graph\">{\"@context\":\"https:\\\/\\\/schema.org\",\"@graph\":[{\"@type\":\"WebPage\",\"@id\":\"https:\\\/\\\/cardinal-tapes.com\\\/es\\\/cintas-adhesivas\\\/cintas-adhesivas-de-doble-cara\\\/3m-cinta-adhesiva-pt1100\\\/\",\"url\":\"https:\\\/\\\/cardinal-tapes.com\\\/es\\\/cintas-adhesivas\\\/cintas-adhesivas-de-doble-cara\\\/3m-cinta-adhesiva-pt1100\\\/\",\"name\":\"3M\u2122 PT1100 Cinta acr\u00edlica | Cardinal TAPES\",\"isPartOf\":{\"@id\":\"https:\\\/\\\/cardinal-tapes.com\\\/#website\"},\"primaryImageOfPage\":{\"@id\":\"https:\\\/\\\/cardinal-tapes.com\\\/es\\\/cintas-adhesivas\\\/cintas-adhesivas-de-doble-cara\\\/3m-cinta-adhesiva-pt1100\\\/#primaryimage\"},\"image\":{\"@id\":\"https:\\\/\\\/cardinal-tapes.com\\\/es\\\/cintas-adhesivas\\\/cintas-adhesivas-de-doble-cara\\\/3m-cinta-adhesiva-pt1100\\\/#primaryimage\"},\"thumbnailUrl\":\"https:\\\/\\\/cardinal-tapes.com\\\/wp-content\\\/uploads\\\/photo-3mtm-acrylic-foam-tape-ex4015.jpg\",\"datePublished\":\"2023-06-05T14:48:31+00:00\",\"dateModified\":\"2025-07-02T10:05:14+00:00\",\"description\":\"La cinta 3M\u2122 Acrylic Plus Tape PT1100 se utiliza normalmente para fijar fijaciones r\u00edgidas en las que se desea un borde est\u00e9tico visible.\",\"breadcrumb\":{\"@id\":\"https:\\\/\\\/cardinal-tapes.com\\\/es\\\/cintas-adhesivas\\\/cintas-adhesivas-de-doble-cara\\\/3m-cinta-adhesiva-pt1100\\\/#breadcrumb\"},\"inLanguage\":\"es\",\"potentialAction\":[{\"@type\":\"ReadAction\",\"target\":[\"https:\\\/\\\/cardinal-tapes.com\\\/es\\\/cintas-adhesivas\\\/cintas-adhesivas-de-doble-cara\\\/3m-cinta-adhesiva-pt1100\\\/\"]}]},{\"@type\":\"ImageObject\",\"inLanguage\":\"es\",\"@id\":\"https:\\\/\\\/cardinal-tapes.com\\\/es\\\/cintas-adhesivas\\\/cintas-adhesivas-de-doble-cara\\\/3m-cinta-adhesiva-pt1100\\\/#primaryimage\",\"url\":\"https:\\\/\\\/cardinal-tapes.com\\\/wp-content\\\/uploads\\\/photo-3mtm-acrylic-foam-tape-ex4015.jpg\",\"contentUrl\":\"https:\\\/\\\/cardinal-tapes.com\\\/wp-content\\\/uploads\\\/photo-3mtm-acrylic-foam-tape-ex4015.jpg\",\"width\":400,\"height\":398},{\"@type\":\"BreadcrumbList\",\"@id\":\"https:\\\/\\\/cardinal-tapes.com\\\/es\\\/cintas-adhesivas\\\/cintas-adhesivas-de-doble-cara\\\/3m-cinta-adhesiva-pt1100\\\/#breadcrumb\",\"itemListElement\":[{\"@type\":\"ListItem\",\"position\":1,\"name\":\"Startseite\",\"item\":\"https:\\\/\\\/cardinal-tapes.com\\\/es\\\/\"},{\"@type\":\"ListItem\",\"position\":2,\"name\":\"Cintas adhesivas\",\"item\":\"https:\\\/\\\/cardinal-tapes.com\\\/es\\\/cintas-adhesivas-es\\\/\"},{\"@type\":\"ListItem\",\"position\":3,\"name\":\"Cintas adhesivas de doble cara\",\"item\":\"https:\\\/\\\/cardinal-tapes.com\\\/es\\\/categora\\\/cintas-adhesivas-de-doble-cara\\\/\"},{\"@type\":\"ListItem\",\"position\":4,\"name\":\"3M\u2122 PT1100 Cinta adhesiva acr\u00edlica\"}]},{\"@type\":\"WebSite\",\"@id\":\"https:\\\/\\\/cardinal-tapes.com\\\/#website\",\"url\":\"https:\\\/\\\/cardinal-tapes.com\\\/\",\"name\":\"cardinal TAPES\",\"description\":\"Klebetechnik aus Wuppertal\",\"potentialAction\":[{\"@type\":\"SearchAction\",\"target\":{\"@type\":\"EntryPoint\",\"urlTemplate\":\"https:\\\/\\\/cardinal-tapes.com\\\/?s={search_term_string}\"},\"query-input\":{\"@type\":\"PropertyValueSpecification\",\"valueRequired\":true,\"valueName\":\"search_term_string\"}}],\"inLanguage\":\"es\"}]}<\/script>\n<!-- \/ Yoast SEO plugin. -->","yoast_head_json":{"title":"3M\u2122 PT1100 Cinta acr\u00edlica | Cardinal TAPES","description":"La cinta 3M\u2122 Acrylic Plus Tape PT1100 se utiliza normalmente para fijar fijaciones r\u00edgidas en las que se desea un borde est\u00e9tico visible.","robots":{"index":"index","follow":"follow","max-snippet":"max-snippet:-1","max-image-preview":"max-image-preview:large","max-video-preview":"max-video-preview:-1"},"canonical":"https:\/\/cardinal-tapes.com\/es\/cintas-adhesivas\/cintas-adhesivas-de-doble-cara\/3m-cinta-adhesiva-pt1100\/","og_locale":"es_ES","og_type":"article","og_title":"3M\u2122 PT1100 Cinta acr\u00edlica | Cardinal TAPES","og_description":"La cinta 3M\u2122 Acrylic Plus Tape PT1100 se utiliza normalmente para fijar fijaciones r\u00edgidas en las que se desea un borde est\u00e9tico visible.","og_url":"https:\/\/cardinal-tapes.com\/es\/cintas-adhesivas\/cintas-adhesivas-de-doble-cara\/3m-cinta-adhesiva-pt1100\/","og_site_name":"cardinal TAPES","article_modified_time":"2025-07-02T10:05:14+00:00","og_image":[{"width":400,"height":398,"url":"https:\/\/cardinal-tapes.com\/wp-content\/uploads\/photo-3mtm-acrylic-foam-tape-ex4015.jpg","type":"image\/jpeg"}],"twitter_card":"summary_large_image","twitter_misc":{"Tiempo de lectura":"1 minuto"},"schema":{"@context":"https:\/\/schema.org","@graph":[{"@type":"WebPage","@id":"https:\/\/cardinal-tapes.com\/es\/cintas-adhesivas\/cintas-adhesivas-de-doble-cara\/3m-cinta-adhesiva-pt1100\/","url":"https:\/\/cardinal-tapes.com\/es\/cintas-adhesivas\/cintas-adhesivas-de-doble-cara\/3m-cinta-adhesiva-pt1100\/","name":"3M\u2122 PT1100 Cinta acr\u00edlica | Cardinal TAPES","isPartOf":{"@id":"https:\/\/cardinal-tapes.com\/#website"},"primaryImageOfPage":{"@id":"https:\/\/cardinal-tapes.com\/es\/cintas-adhesivas\/cintas-adhesivas-de-doble-cara\/3m-cinta-adhesiva-pt1100\/#primaryimage"},"image":{"@id":"https:\/\/cardinal-tapes.com\/es\/cintas-adhesivas\/cintas-adhesivas-de-doble-cara\/3m-cinta-adhesiva-pt1100\/#primaryimage"},"thumbnailUrl":"https:\/\/cardinal-tapes.com\/wp-content\/uploads\/photo-3mtm-acrylic-foam-tape-ex4015.jpg","datePublished":"2023-06-05T14:48:31+00:00","dateModified":"2025-07-02T10:05:14+00:00","description":"La cinta 3M\u2122 Acrylic Plus Tape PT1100 se utiliza normalmente para fijar fijaciones r\u00edgidas en las que se desea un borde est\u00e9tico visible.","breadcrumb":{"@id":"https:\/\/cardinal-tapes.com\/es\/cintas-adhesivas\/cintas-adhesivas-de-doble-cara\/3m-cinta-adhesiva-pt1100\/#breadcrumb"},"inLanguage":"es","potentialAction":[{"@type":"ReadAction","target":["https:\/\/cardinal-tapes.com\/es\/cintas-adhesivas\/cintas-adhesivas-de-doble-cara\/3m-cinta-adhesiva-pt1100\/"]}]},{"@type":"ImageObject","inLanguage":"es","@id":"https:\/\/cardinal-tapes.com\/es\/cintas-adhesivas\/cintas-adhesivas-de-doble-cara\/3m-cinta-adhesiva-pt1100\/#primaryimage","url":"https:\/\/cardinal-tapes.com\/wp-content\/uploads\/photo-3mtm-acrylic-foam-tape-ex4015.jpg","contentUrl":"https:\/\/cardinal-tapes.com\/wp-content\/uploads\/photo-3mtm-acrylic-foam-tape-ex4015.jpg","width":400,"height":398},{"@type":"BreadcrumbList","@id":"https:\/\/cardinal-tapes.com\/es\/cintas-adhesivas\/cintas-adhesivas-de-doble-cara\/3m-cinta-adhesiva-pt1100\/#breadcrumb","itemListElement":[{"@type":"ListItem","position":1,"name":"Startseite","item":"https:\/\/cardinal-tapes.com\/es\/"},{"@type":"ListItem","position":2,"name":"Cintas adhesivas","item":"https:\/\/cardinal-tapes.com\/es\/cintas-adhesivas-es\/"},{"@type":"ListItem","position":3,"name":"Cintas adhesivas de doble cara","item":"https:\/\/cardinal-tapes.com\/es\/categora\/cintas-adhesivas-de-doble-cara\/"},{"@type":"ListItem","position":4,"name":"3M\u2122 PT1100 Cinta adhesiva acr\u00edlica"}]},{"@type":"WebSite","@id":"https:\/\/cardinal-tapes.com\/#website","url":"https:\/\/cardinal-tapes.com\/","name":"cardinal TAPES","description":"Klebetechnik aus Wuppertal","potentialAction":[{"@type":"SearchAction","target":{"@type":"EntryPoint","urlTemplate":"https:\/\/cardinal-tapes.com\/?s={search_term_string}"},"query-input":{"@type":"PropertyValueSpecification","valueRequired":true,"valueName":"search_term_string"}}],"inLanguage":"es"}]}},"brands":[{"id":2169,"name":"3M","slug":"3m-es"}],"_links":{"self":[{"href":"https:\/\/cardinal-tapes.com\/es\/wp-json\/wp\/v2\/product\/39907","targetHints":{"allow":["GET"]}}],"collection":[{"href":"https:\/\/cardinal-tapes.com\/es\/wp-json\/wp\/v2\/product"}],"about":[{"href":"https:\/\/cardinal-tapes.com\/es\/wp-json\/wp\/v2\/types\/product"}],"wp:featuredmedia":[{"embeddable":true,"href":"https:\/\/cardinal-tapes.com\/es\/wp-json\/wp\/v2\/media\/28987"}],"wp:attachment":[{"href":"https:\/\/cardinal-tapes.com\/es\/wp-json\/wp\/v2\/media?parent=39907"}],"wp:term":[{"taxonomy":"pwb-brand","embeddable":true,"href":"https:\/\/cardinal-tapes.com\/es\/wp-json\/wp\/v2\/pwb-brand?post=39907"},{"taxonomy":"product_brand","embeddable":true,"href":"https:\/\/cardinal-tapes.com\/es\/wp-json\/wp\/v2\/product_brand?post=39907"},{"taxonomy":"product_cat","embeddable":true,"href":"https:\/\/cardinal-tapes.com\/es\/wp-json\/wp\/v2\/product_cat?post=39907"},{"taxonomy":"product_tag","embeddable":true,"href":"https:\/\/cardinal-tapes.com\/es\/wp-json\/wp\/v2\/product_tag?post=39907"}],"curies":[{"name":"wp","href":"https:\/\/api.w.org\/{rel}","templated":true}]}}