{"id":38963,"date":"2022-08-15T11:35:01","date_gmt":"2023-06-05T14:47:29","guid":{"rendered":"https:\/\/cardinal.pixel-tal.de\/klebebaender\/sin%20categor\u00eda\/tesa-acxplus-7078-cinta-adhesiva-acrilica-de-doble-cara\/"},"modified":"2025-07-01T15:29:57","modified_gmt":"2025-07-01T13:29:57","slug":"tesa-acxplus-7078-cinta-adhesiva-de-acrilato-de-doble-cara","status":"publish","type":"product","link":"https:\/\/cardinal-tapes.com\/es\/cintas-adhesivas\/cintas-adhesivas-de-doble-cara\/tesa-acxplus-7078-cinta-adhesiva-de-acrilato-de-doble-cara\/","title":{"rendered":"tesa\u00ae ACXplus 7078 cinta adhesiva acr\u00edlica de doble cara"},"content":{"rendered":"<p><sup>tesa\u00ae<\/sup> <sup class=\"lowercase\">ACXplus<\/sup> 7078 es una cinta adhesiva de espuma acr\u00edlica. Debido a su composici\u00f3n \u00fanica, la cinta tiene una muy buena resistencia a la temperatura combinada con una excelente resistencia al choque por fr\u00edo. El producto es especialmente adecuado para el pegado estructural en exteriores, sobre todo en combinaci\u00f3n con el Promotor de Adherencia <span class=\"lowercase\">tesa<\/span>.<br \/>\nUn n\u00facleo de acrilato viscoel\u00e1stico espumado permite que la cinta adhesiva compense la diferente dilataci\u00f3n t\u00e9rmica de materiales distintos.<\/p>\n<p><strong>Propiedades<\/strong><br \/>\n&#8211; Igualaci\u00f3n de la dilataci\u00f3n t\u00e9rmica de materiales distintos<br \/>\n&#8211; Muy buena resistencia al cizallamiento y resistencia adhesiva final<\/p>\n<p><strong>Aplicaciones<\/strong><br \/>\n&#8211; Pegado de paneles y perfiles rigidizadores, por ejemplo, en la fabricaci\u00f3n y montaje de ascensores, paneles solares, elementos de fachada o veh\u00edculos especiales.<\/p>\n","protected":false},"excerpt":{"rendered":"<p>tesa\u00ae ACXplus 7078 es una cinta adhesiva de espuma acr\u00edlica. Debido a su composici\u00f3n \u00fanica, la cinta tiene una muy buena resistencia a la temperatura combinada con una excelente resistencia al choque por fr\u00edo. El producto es especialmente adecuado para el pegado estructural en exteriores, sobre todo en combinaci\u00f3n con el Promotor de Adherencia tesa. [&hellip;]<\/p>\n","protected":false},"featured_media":28979,"template":"","meta":{"_acf_changed":false},"pwb-brand":[2163],"product_brand":[],"product_cat":[1804],"product_tag":[],"class_list":{"0":"post-38963","1":"product","2":"type-product","3":"status-publish","4":"has-post-thumbnail","6":"pwb-brand-tesa-es","7":"product_cat-cintas-adhesivas-de-doble-cara","9":"first","10":"instock","11":"taxable","12":"shipping-taxable","13":"purchasable","14":"product-type-variable"},"acf":[],"yoast_head":"<!-- This site is optimized with the Yoast SEO plugin v27.3 - https:\/\/yoast.com\/product\/yoast-seo-wordpress\/ -->\n<title>tesa\u00ae ACXplus 7078 cinta adhesiva acr\u00edlica de doble cara | Cardinal TAPES<\/title>\n<meta name=\"description\" content=\"La tesa\u00ae ACXplus 7078 es una cinta adhesiva de espuma acr\u00edlica. Debido a su composici\u00f3n, la cinta adhesiva tiene una muy buena resistencia a la temperatura.\" \/>\n<meta name=\"robots\" content=\"index, follow, max-snippet:-1, max-image-preview:large, max-video-preview:-1\" \/>\n<link rel=\"canonical\" href=\"https:\/\/cardinal-tapes.com\/es\/cintas-adhesivas\/cintas-adhesivas-de-doble-cara\/tesa-acxplus-7078-cinta-adhesiva-de-acrilato-de-doble-cara\/\" \/>\n<meta property=\"og:locale\" content=\"es_ES\" \/>\n<meta property=\"og:type\" content=\"article\" \/>\n<meta property=\"og:title\" content=\"tesa\u00ae ACXplus 7078 cinta adhesiva acr\u00edlica de doble cara | Cardinal TAPES\" \/>\n<meta property=\"og:description\" content=\"La tesa\u00ae ACXplus 7078 es una cinta adhesiva de espuma acr\u00edlica. Debido a su composici\u00f3n, la cinta adhesiva tiene una muy buena resistencia a la temperatura.\" \/>\n<meta property=\"og:url\" content=\"https:\/\/cardinal-tapes.com\/es\/cintas-adhesivas\/cintas-adhesivas-de-doble-cara\/tesa-acxplus-7078-cinta-adhesiva-de-acrilato-de-doble-cara\/\" \/>\n<meta property=\"og:site_name\" content=\"cardinal TAPES\" \/>\n<meta property=\"article:modified_time\" content=\"2025-07-01T13:29:57+00:00\" \/>\n<meta property=\"og:image\" content=\"https:\/\/cardinal-tapes.com\/wp-content\/uploads\/tesa-acxplus-7078-2000-double-sided-acrylic-foam-tape-black-070780001222-pr1768995_canvas1x1_5.webp\" \/>\n\t<meta property=\"og:image:width\" content=\"501\" \/>\n\t<meta property=\"og:image:height\" content=\"501\" \/>\n\t<meta property=\"og:image:type\" content=\"image\/webp\" \/>\n<meta name=\"twitter:card\" content=\"summary_large_image\" \/>\n<meta name=\"twitter:label1\" content=\"Tiempo de lectura\" \/>\n\t<meta name=\"twitter:data1\" content=\"1 minuto\" \/>\n<script type=\"application\/ld+json\" class=\"yoast-schema-graph\">{\"@context\":\"https:\\\/\\\/schema.org\",\"@graph\":[{\"@type\":\"WebPage\",\"@id\":\"https:\\\/\\\/cardinal-tapes.com\\\/es\\\/cintas-adhesivas\\\/cintas-adhesivas-de-doble-cara\\\/tesa-acxplus-7078-cinta-adhesiva-de-acrilato-de-doble-cara\\\/\",\"url\":\"https:\\\/\\\/cardinal-tapes.com\\\/es\\\/cintas-adhesivas\\\/cintas-adhesivas-de-doble-cara\\\/tesa-acxplus-7078-cinta-adhesiva-de-acrilato-de-doble-cara\\\/\",\"name\":\"tesa\u00ae ACXplus 7078 cinta adhesiva acr\u00edlica de doble cara | Cardinal TAPES\",\"isPartOf\":{\"@id\":\"https:\\\/\\\/cardinal-tapes.com\\\/#website\"},\"primaryImageOfPage\":{\"@id\":\"https:\\\/\\\/cardinal-tapes.com\\\/es\\\/cintas-adhesivas\\\/cintas-adhesivas-de-doble-cara\\\/tesa-acxplus-7078-cinta-adhesiva-de-acrilato-de-doble-cara\\\/#primaryimage\"},\"image\":{\"@id\":\"https:\\\/\\\/cardinal-tapes.com\\\/es\\\/cintas-adhesivas\\\/cintas-adhesivas-de-doble-cara\\\/tesa-acxplus-7078-cinta-adhesiva-de-acrilato-de-doble-cara\\\/#primaryimage\"},\"thumbnailUrl\":\"https:\\\/\\\/cardinal-tapes.com\\\/wp-content\\\/uploads\\\/tesa-acxplus-7078-2000-double-sided-acrylic-foam-tape-black-070780001222-pr1768995_canvas1x1_5.webp\",\"datePublished\":\"2023-06-05T14:47:29+00:00\",\"dateModified\":\"2025-07-01T13:29:57+00:00\",\"description\":\"La tesa\u00ae ACXplus 7078 es una cinta adhesiva de espuma acr\u00edlica. Debido a su composici\u00f3n, la cinta adhesiva tiene una muy buena resistencia a la temperatura.\",\"breadcrumb\":{\"@id\":\"https:\\\/\\\/cardinal-tapes.com\\\/es\\\/cintas-adhesivas\\\/cintas-adhesivas-de-doble-cara\\\/tesa-acxplus-7078-cinta-adhesiva-de-acrilato-de-doble-cara\\\/#breadcrumb\"},\"inLanguage\":\"es\",\"potentialAction\":[{\"@type\":\"ReadAction\",\"target\":[\"https:\\\/\\\/cardinal-tapes.com\\\/es\\\/cintas-adhesivas\\\/cintas-adhesivas-de-doble-cara\\\/tesa-acxplus-7078-cinta-adhesiva-de-acrilato-de-doble-cara\\\/\"]}]},{\"@type\":\"ImageObject\",\"inLanguage\":\"es\",\"@id\":\"https:\\\/\\\/cardinal-tapes.com\\\/es\\\/cintas-adhesivas\\\/cintas-adhesivas-de-doble-cara\\\/tesa-acxplus-7078-cinta-adhesiva-de-acrilato-de-doble-cara\\\/#primaryimage\",\"url\":\"https:\\\/\\\/cardinal-tapes.com\\\/wp-content\\\/uploads\\\/tesa-acxplus-7078-2000-double-sided-acrylic-foam-tape-black-070780001222-pr1768995_canvas1x1_5.webp\",\"contentUrl\":\"https:\\\/\\\/cardinal-tapes.com\\\/wp-content\\\/uploads\\\/tesa-acxplus-7078-2000-double-sided-acrylic-foam-tape-black-070780001222-pr1768995_canvas1x1_5.webp\",\"width\":501,\"height\":501},{\"@type\":\"BreadcrumbList\",\"@id\":\"https:\\\/\\\/cardinal-tapes.com\\\/es\\\/cintas-adhesivas\\\/cintas-adhesivas-de-doble-cara\\\/tesa-acxplus-7078-cinta-adhesiva-de-acrilato-de-doble-cara\\\/#breadcrumb\",\"itemListElement\":[{\"@type\":\"ListItem\",\"position\":1,\"name\":\"Startseite\",\"item\":\"https:\\\/\\\/cardinal-tapes.com\\\/es\\\/\"},{\"@type\":\"ListItem\",\"position\":2,\"name\":\"Cintas adhesivas\",\"item\":\"https:\\\/\\\/cardinal-tapes.com\\\/es\\\/cintas-adhesivas-es\\\/\"},{\"@type\":\"ListItem\",\"position\":3,\"name\":\"Doppelseitige Klebeb\u00e4nder\",\"item\":\"https:\\\/\\\/cardinal-tapes.com\\\/kategorie\\\/doppelseitige-klebebaender\\\/\"},{\"@type\":\"ListItem\",\"position\":4,\"name\":\"tesa\u00ae ACXplus 7078 cinta adhesiva acr\u00edlica de doble cara\"}]},{\"@type\":\"WebSite\",\"@id\":\"https:\\\/\\\/cardinal-tapes.com\\\/#website\",\"url\":\"https:\\\/\\\/cardinal-tapes.com\\\/\",\"name\":\"cardinal TAPES\",\"description\":\"Klebetechnik aus Wuppertal\",\"potentialAction\":[{\"@type\":\"SearchAction\",\"target\":{\"@type\":\"EntryPoint\",\"urlTemplate\":\"https:\\\/\\\/cardinal-tapes.com\\\/?s={search_term_string}\"},\"query-input\":{\"@type\":\"PropertyValueSpecification\",\"valueRequired\":true,\"valueName\":\"search_term_string\"}}],\"inLanguage\":\"es\"}]}<\/script>\n<!-- \/ Yoast SEO plugin. -->","yoast_head_json":{"title":"tesa\u00ae ACXplus 7078 cinta adhesiva acr\u00edlica de doble cara | Cardinal TAPES","description":"La tesa\u00ae ACXplus 7078 es una cinta adhesiva de espuma acr\u00edlica. Debido a su composici\u00f3n, la cinta adhesiva tiene una muy buena resistencia a la temperatura.","robots":{"index":"index","follow":"follow","max-snippet":"max-snippet:-1","max-image-preview":"max-image-preview:large","max-video-preview":"max-video-preview:-1"},"canonical":"https:\/\/cardinal-tapes.com\/es\/cintas-adhesivas\/cintas-adhesivas-de-doble-cara\/tesa-acxplus-7078-cinta-adhesiva-de-acrilato-de-doble-cara\/","og_locale":"es_ES","og_type":"article","og_title":"tesa\u00ae ACXplus 7078 cinta adhesiva acr\u00edlica de doble cara | Cardinal TAPES","og_description":"La tesa\u00ae ACXplus 7078 es una cinta adhesiva de espuma acr\u00edlica. Debido a su composici\u00f3n, la cinta adhesiva tiene una muy buena resistencia a la temperatura.","og_url":"https:\/\/cardinal-tapes.com\/es\/cintas-adhesivas\/cintas-adhesivas-de-doble-cara\/tesa-acxplus-7078-cinta-adhesiva-de-acrilato-de-doble-cara\/","og_site_name":"cardinal TAPES","article_modified_time":"2025-07-01T13:29:57+00:00","og_image":[{"width":501,"height":501,"url":"https:\/\/cardinal-tapes.com\/wp-content\/uploads\/tesa-acxplus-7078-2000-double-sided-acrylic-foam-tape-black-070780001222-pr1768995_canvas1x1_5.webp","type":"image\/webp"}],"twitter_card":"summary_large_image","twitter_misc":{"Tiempo de lectura":"1 minuto"},"schema":{"@context":"https:\/\/schema.org","@graph":[{"@type":"WebPage","@id":"https:\/\/cardinal-tapes.com\/es\/cintas-adhesivas\/cintas-adhesivas-de-doble-cara\/tesa-acxplus-7078-cinta-adhesiva-de-acrilato-de-doble-cara\/","url":"https:\/\/cardinal-tapes.com\/es\/cintas-adhesivas\/cintas-adhesivas-de-doble-cara\/tesa-acxplus-7078-cinta-adhesiva-de-acrilato-de-doble-cara\/","name":"tesa\u00ae ACXplus 7078 cinta adhesiva acr\u00edlica de doble cara | Cardinal TAPES","isPartOf":{"@id":"https:\/\/cardinal-tapes.com\/#website"},"primaryImageOfPage":{"@id":"https:\/\/cardinal-tapes.com\/es\/cintas-adhesivas\/cintas-adhesivas-de-doble-cara\/tesa-acxplus-7078-cinta-adhesiva-de-acrilato-de-doble-cara\/#primaryimage"},"image":{"@id":"https:\/\/cardinal-tapes.com\/es\/cintas-adhesivas\/cintas-adhesivas-de-doble-cara\/tesa-acxplus-7078-cinta-adhesiva-de-acrilato-de-doble-cara\/#primaryimage"},"thumbnailUrl":"https:\/\/cardinal-tapes.com\/wp-content\/uploads\/tesa-acxplus-7078-2000-double-sided-acrylic-foam-tape-black-070780001222-pr1768995_canvas1x1_5.webp","datePublished":"2023-06-05T14:47:29+00:00","dateModified":"2025-07-01T13:29:57+00:00","description":"La tesa\u00ae ACXplus 7078 es una cinta adhesiva de espuma acr\u00edlica. Debido a su composici\u00f3n, la cinta adhesiva tiene una muy buena resistencia a la temperatura.","breadcrumb":{"@id":"https:\/\/cardinal-tapes.com\/es\/cintas-adhesivas\/cintas-adhesivas-de-doble-cara\/tesa-acxplus-7078-cinta-adhesiva-de-acrilato-de-doble-cara\/#breadcrumb"},"inLanguage":"es","potentialAction":[{"@type":"ReadAction","target":["https:\/\/cardinal-tapes.com\/es\/cintas-adhesivas\/cintas-adhesivas-de-doble-cara\/tesa-acxplus-7078-cinta-adhesiva-de-acrilato-de-doble-cara\/"]}]},{"@type":"ImageObject","inLanguage":"es","@id":"https:\/\/cardinal-tapes.com\/es\/cintas-adhesivas\/cintas-adhesivas-de-doble-cara\/tesa-acxplus-7078-cinta-adhesiva-de-acrilato-de-doble-cara\/#primaryimage","url":"https:\/\/cardinal-tapes.com\/wp-content\/uploads\/tesa-acxplus-7078-2000-double-sided-acrylic-foam-tape-black-070780001222-pr1768995_canvas1x1_5.webp","contentUrl":"https:\/\/cardinal-tapes.com\/wp-content\/uploads\/tesa-acxplus-7078-2000-double-sided-acrylic-foam-tape-black-070780001222-pr1768995_canvas1x1_5.webp","width":501,"height":501},{"@type":"BreadcrumbList","@id":"https:\/\/cardinal-tapes.com\/es\/cintas-adhesivas\/cintas-adhesivas-de-doble-cara\/tesa-acxplus-7078-cinta-adhesiva-de-acrilato-de-doble-cara\/#breadcrumb","itemListElement":[{"@type":"ListItem","position":1,"name":"Startseite","item":"https:\/\/cardinal-tapes.com\/es\/"},{"@type":"ListItem","position":2,"name":"Cintas adhesivas","item":"https:\/\/cardinal-tapes.com\/es\/cintas-adhesivas-es\/"},{"@type":"ListItem","position":3,"name":"Doppelseitige Klebeb\u00e4nder","item":"https:\/\/cardinal-tapes.com\/kategorie\/doppelseitige-klebebaender\/"},{"@type":"ListItem","position":4,"name":"tesa\u00ae ACXplus 7078 cinta adhesiva acr\u00edlica de doble cara"}]},{"@type":"WebSite","@id":"https:\/\/cardinal-tapes.com\/#website","url":"https:\/\/cardinal-tapes.com\/","name":"cardinal TAPES","description":"Klebetechnik aus Wuppertal","potentialAction":[{"@type":"SearchAction","target":{"@type":"EntryPoint","urlTemplate":"https:\/\/cardinal-tapes.com\/?s={search_term_string}"},"query-input":{"@type":"PropertyValueSpecification","valueRequired":true,"valueName":"search_term_string"}}],"inLanguage":"es"}]}},"brands":[{"id":2163,"name":"tesa","slug":"tesa-es"}],"_links":{"self":[{"href":"https:\/\/cardinal-tapes.com\/es\/wp-json\/wp\/v2\/product\/38963","targetHints":{"allow":["GET"]}}],"collection":[{"href":"https:\/\/cardinal-tapes.com\/es\/wp-json\/wp\/v2\/product"}],"about":[{"href":"https:\/\/cardinal-tapes.com\/es\/wp-json\/wp\/v2\/types\/product"}],"wp:featuredmedia":[{"embeddable":true,"href":"https:\/\/cardinal-tapes.com\/es\/wp-json\/wp\/v2\/media\/28979"}],"wp:attachment":[{"href":"https:\/\/cardinal-tapes.com\/es\/wp-json\/wp\/v2\/media?parent=38963"}],"wp:term":[{"taxonomy":"pwb-brand","embeddable":true,"href":"https:\/\/cardinal-tapes.com\/es\/wp-json\/wp\/v2\/pwb-brand?post=38963"},{"taxonomy":"product_brand","embeddable":true,"href":"https:\/\/cardinal-tapes.com\/es\/wp-json\/wp\/v2\/product_brand?post=38963"},{"taxonomy":"product_cat","embeddable":true,"href":"https:\/\/cardinal-tapes.com\/es\/wp-json\/wp\/v2\/product_cat?post=38963"},{"taxonomy":"product_tag","embeddable":true,"href":"https:\/\/cardinal-tapes.com\/es\/wp-json\/wp\/v2\/product_tag?post=38963"}],"curies":[{"name":"wp","href":"https:\/\/api.w.org\/{rel}","templated":true}]}}