{"id":38960,"date":"2022-08-18T11:55:03","date_gmt":"2023-06-05T14:47:29","guid":{"rendered":"https:\/\/cardinal.pixel-tal.de\/klebebaender\/sin%20categor\u00eda\/tesa-acxplus-7805-cinta-adhesiva-acrilica-black-line\/"},"modified":"2025-07-01T15:41:47","modified_gmt":"2025-07-01T13:41:47","slug":"tesa-acxplus-7805-cinta-adhesiva-de-acrilato-de-linea-negra","status":"publish","type":"product","link":"https:\/\/cardinal-tapes.com\/es\/cintas-adhesivas\/cintas-adhesivas-de-doble-cara\/tesa-acxplus-7805-cinta-adhesiva-de-acrilato-de-linea-negra\/","title":{"rendered":"tesa\u00ae ACXplus 7805 Cinta adhesiva acr\u00edlica Black Line"},"content":{"rendered":"<p>La tesa\u00ae ACXplus 7805 Black Line es una cinta adhesiva de espuma acr\u00edlica negra que se utiliza para pegar fijaciones en exteriores. La excepcional resistencia al impacto en fr\u00edo se basa en un n\u00facleo de espuma acr\u00edlica y garantiza una uni\u00f3n fiable incluso a temperaturas extremadamente bajas.<\/p>\n<p><strong>Propiedades<\/strong><br \/>\n&#8211; Muy buena resistencia a los rayos UV y a la temperatura<br \/>\n&#8211; Buena resistencia a la intemperie<\/p>\n<p><strong>Aplicaciones<\/strong><br \/>\n&#8211; Para la instalaci\u00f3n de molduras de ventanas, antenas, paneles, alf\u00e9izares, etc.<br \/>\n&#8211; Para uso en la industria del autom\u00f3vil<\/p>\n","protected":false},"excerpt":{"rendered":"<p>La tesa\u00ae ACXplus 7805 Black Line es una cinta adhesiva de espuma acr\u00edlica negra que se utiliza para pegar fijaciones en exteriores. La excepcional resistencia al impacto en fr\u00edo se basa en un n\u00facleo de espuma acr\u00edlica y garantiza una uni\u00f3n fiable incluso a temperaturas extremadamente bajas. Propiedades &#8211; Muy buena resistencia a los rayos [&hellip;]<\/p>\n","protected":false},"featured_media":29059,"template":"","meta":{"_acf_changed":false},"pwb-brand":[2163],"product_brand":[],"product_cat":[1804],"product_tag":[],"class_list":{"0":"post-38960","1":"product","2":"type-product","3":"status-publish","4":"has-post-thumbnail","6":"pwb-brand-tesa-es","7":"product_cat-cintas-adhesivas-de-doble-cara","9":"first","10":"instock","11":"taxable","12":"shipping-taxable","13":"purchasable","14":"product-type-variable"},"acf":[],"yoast_head":"<!-- This site is optimized with the Yoast SEO plugin v27.3 - https:\/\/yoast.com\/product\/yoast-seo-wordpress\/ -->\n<title>tesa\u00ae ACXplus 7805 L\u00ednea Negra | CINTAS Cardinales<\/title>\n<meta name=\"description\" content=\"La tesa\u00ae ACXplus 7805 Black Line es una cinta adhesiva de espuma acr\u00edlica negra que se utiliza para pegar fijaciones en exteriores.\" \/>\n<meta name=\"robots\" content=\"index, follow, max-snippet:-1, max-image-preview:large, max-video-preview:-1\" \/>\n<link rel=\"canonical\" href=\"https:\/\/cardinal-tapes.com\/es\/cintas-adhesivas\/cintas-adhesivas-de-doble-cara\/tesa-acxplus-7805-cinta-adhesiva-de-acrilato-de-linea-negra\/\" \/>\n<meta property=\"og:locale\" content=\"es_ES\" \/>\n<meta property=\"og:type\" content=\"article\" \/>\n<meta property=\"og:title\" content=\"tesa\u00ae ACXplus 7805 L\u00ednea Negra | CINTAS Cardinales\" \/>\n<meta property=\"og:description\" content=\"La tesa\u00ae ACXplus 7805 Black Line es una cinta adhesiva de espuma acr\u00edlica negra que se utiliza para pegar fijaciones en exteriores.\" \/>\n<meta property=\"og:url\" content=\"https:\/\/cardinal-tapes.com\/es\/cintas-adhesivas\/cintas-adhesivas-de-doble-cara\/tesa-acxplus-7805-cinta-adhesiva-de-acrilato-de-linea-negra\/\" \/>\n<meta property=\"og:site_name\" content=\"cardinal TAPES\" \/>\n<meta property=\"article:modified_time\" content=\"2025-07-01T13:41:47+00:00\" \/>\n<meta property=\"og:image\" content=\"https:\/\/cardinal-tapes.com\/wp-content\/uploads\/tesa-acxplus-078xx-pv29-pr-0019063050_canvas16x9_18.webp\" \/>\n\t<meta property=\"og:image:width\" content=\"1062\" \/>\n\t<meta property=\"og:image:height\" content=\"1062\" \/>\n\t<meta property=\"og:image:type\" content=\"image\/webp\" \/>\n<meta name=\"twitter:card\" content=\"summary_large_image\" \/>\n<script type=\"application\/ld+json\" class=\"yoast-schema-graph\">{\"@context\":\"https:\\\/\\\/schema.org\",\"@graph\":[{\"@type\":\"WebPage\",\"@id\":\"https:\\\/\\\/cardinal-tapes.com\\\/es\\\/cintas-adhesivas\\\/cintas-adhesivas-de-doble-cara\\\/tesa-acxplus-7805-cinta-adhesiva-de-acrilato-de-linea-negra\\\/\",\"url\":\"https:\\\/\\\/cardinal-tapes.com\\\/es\\\/cintas-adhesivas\\\/cintas-adhesivas-de-doble-cara\\\/tesa-acxplus-7805-cinta-adhesiva-de-acrilato-de-linea-negra\\\/\",\"name\":\"tesa\u00ae ACXplus 7805 L\u00ednea Negra | CINTAS Cardinales\",\"isPartOf\":{\"@id\":\"https:\\\/\\\/cardinal-tapes.com\\\/#website\"},\"primaryImageOfPage\":{\"@id\":\"https:\\\/\\\/cardinal-tapes.com\\\/es\\\/cintas-adhesivas\\\/cintas-adhesivas-de-doble-cara\\\/tesa-acxplus-7805-cinta-adhesiva-de-acrilato-de-linea-negra\\\/#primaryimage\"},\"image\":{\"@id\":\"https:\\\/\\\/cardinal-tapes.com\\\/es\\\/cintas-adhesivas\\\/cintas-adhesivas-de-doble-cara\\\/tesa-acxplus-7805-cinta-adhesiva-de-acrilato-de-linea-negra\\\/#primaryimage\"},\"thumbnailUrl\":\"https:\\\/\\\/cardinal-tapes.com\\\/wp-content\\\/uploads\\\/tesa-acxplus-078xx-pv29-pr-0019063050_canvas16x9_18.webp\",\"datePublished\":\"2023-06-05T14:47:29+00:00\",\"dateModified\":\"2025-07-01T13:41:47+00:00\",\"description\":\"La tesa\u00ae ACXplus 7805 Black Line es una cinta adhesiva de espuma acr\u00edlica negra que se utiliza para pegar fijaciones en exteriores.\",\"breadcrumb\":{\"@id\":\"https:\\\/\\\/cardinal-tapes.com\\\/es\\\/cintas-adhesivas\\\/cintas-adhesivas-de-doble-cara\\\/tesa-acxplus-7805-cinta-adhesiva-de-acrilato-de-linea-negra\\\/#breadcrumb\"},\"inLanguage\":\"es\",\"potentialAction\":[{\"@type\":\"ReadAction\",\"target\":[\"https:\\\/\\\/cardinal-tapes.com\\\/es\\\/cintas-adhesivas\\\/cintas-adhesivas-de-doble-cara\\\/tesa-acxplus-7805-cinta-adhesiva-de-acrilato-de-linea-negra\\\/\"]}]},{\"@type\":\"ImageObject\",\"inLanguage\":\"es\",\"@id\":\"https:\\\/\\\/cardinal-tapes.com\\\/es\\\/cintas-adhesivas\\\/cintas-adhesivas-de-doble-cara\\\/tesa-acxplus-7805-cinta-adhesiva-de-acrilato-de-linea-negra\\\/#primaryimage\",\"url\":\"https:\\\/\\\/cardinal-tapes.com\\\/wp-content\\\/uploads\\\/tesa-acxplus-078xx-pv29-pr-0019063050_canvas16x9_18.webp\",\"contentUrl\":\"https:\\\/\\\/cardinal-tapes.com\\\/wp-content\\\/uploads\\\/tesa-acxplus-078xx-pv29-pr-0019063050_canvas16x9_18.webp\",\"width\":1062,\"height\":1062},{\"@type\":\"BreadcrumbList\",\"@id\":\"https:\\\/\\\/cardinal-tapes.com\\\/es\\\/cintas-adhesivas\\\/cintas-adhesivas-de-doble-cara\\\/tesa-acxplus-7805-cinta-adhesiva-de-acrilato-de-linea-negra\\\/#breadcrumb\",\"itemListElement\":[{\"@type\":\"ListItem\",\"position\":1,\"name\":\"Startseite\",\"item\":\"https:\\\/\\\/cardinal-tapes.com\\\/es\\\/\"},{\"@type\":\"ListItem\",\"position\":2,\"name\":\"Cintas adhesivas\",\"item\":\"https:\\\/\\\/cardinal-tapes.com\\\/es\\\/cintas-adhesivas-es\\\/\"},{\"@type\":\"ListItem\",\"position\":3,\"name\":\"Doppelseitige Klebeb\u00e4nder\",\"item\":\"https:\\\/\\\/cardinal-tapes.com\\\/kategorie\\\/doppelseitige-klebebaender\\\/\"},{\"@type\":\"ListItem\",\"position\":4,\"name\":\"tesa\u00ae ACXplus 7805 Cinta adhesiva acr\u00edlica Black Line\"}]},{\"@type\":\"WebSite\",\"@id\":\"https:\\\/\\\/cardinal-tapes.com\\\/#website\",\"url\":\"https:\\\/\\\/cardinal-tapes.com\\\/\",\"name\":\"cardinal TAPES\",\"description\":\"Klebetechnik aus Wuppertal\",\"potentialAction\":[{\"@type\":\"SearchAction\",\"target\":{\"@type\":\"EntryPoint\",\"urlTemplate\":\"https:\\\/\\\/cardinal-tapes.com\\\/?s={search_term_string}\"},\"query-input\":{\"@type\":\"PropertyValueSpecification\",\"valueRequired\":true,\"valueName\":\"search_term_string\"}}],\"inLanguage\":\"es\"}]}<\/script>\n<!-- \/ Yoast SEO plugin. -->","yoast_head_json":{"title":"tesa\u00ae ACXplus 7805 L\u00ednea Negra | CINTAS Cardinales","description":"La tesa\u00ae ACXplus 7805 Black Line es una cinta adhesiva de espuma acr\u00edlica negra que se utiliza para pegar fijaciones en exteriores.","robots":{"index":"index","follow":"follow","max-snippet":"max-snippet:-1","max-image-preview":"max-image-preview:large","max-video-preview":"max-video-preview:-1"},"canonical":"https:\/\/cardinal-tapes.com\/es\/cintas-adhesivas\/cintas-adhesivas-de-doble-cara\/tesa-acxplus-7805-cinta-adhesiva-de-acrilato-de-linea-negra\/","og_locale":"es_ES","og_type":"article","og_title":"tesa\u00ae ACXplus 7805 L\u00ednea Negra | CINTAS Cardinales","og_description":"La tesa\u00ae ACXplus 7805 Black Line es una cinta adhesiva de espuma acr\u00edlica negra que se utiliza para pegar fijaciones en exteriores.","og_url":"https:\/\/cardinal-tapes.com\/es\/cintas-adhesivas\/cintas-adhesivas-de-doble-cara\/tesa-acxplus-7805-cinta-adhesiva-de-acrilato-de-linea-negra\/","og_site_name":"cardinal TAPES","article_modified_time":"2025-07-01T13:41:47+00:00","og_image":[{"width":1062,"height":1062,"url":"https:\/\/cardinal-tapes.com\/wp-content\/uploads\/tesa-acxplus-078xx-pv29-pr-0019063050_canvas16x9_18.webp","type":"image\/webp"}],"twitter_card":"summary_large_image","schema":{"@context":"https:\/\/schema.org","@graph":[{"@type":"WebPage","@id":"https:\/\/cardinal-tapes.com\/es\/cintas-adhesivas\/cintas-adhesivas-de-doble-cara\/tesa-acxplus-7805-cinta-adhesiva-de-acrilato-de-linea-negra\/","url":"https:\/\/cardinal-tapes.com\/es\/cintas-adhesivas\/cintas-adhesivas-de-doble-cara\/tesa-acxplus-7805-cinta-adhesiva-de-acrilato-de-linea-negra\/","name":"tesa\u00ae ACXplus 7805 L\u00ednea Negra | CINTAS Cardinales","isPartOf":{"@id":"https:\/\/cardinal-tapes.com\/#website"},"primaryImageOfPage":{"@id":"https:\/\/cardinal-tapes.com\/es\/cintas-adhesivas\/cintas-adhesivas-de-doble-cara\/tesa-acxplus-7805-cinta-adhesiva-de-acrilato-de-linea-negra\/#primaryimage"},"image":{"@id":"https:\/\/cardinal-tapes.com\/es\/cintas-adhesivas\/cintas-adhesivas-de-doble-cara\/tesa-acxplus-7805-cinta-adhesiva-de-acrilato-de-linea-negra\/#primaryimage"},"thumbnailUrl":"https:\/\/cardinal-tapes.com\/wp-content\/uploads\/tesa-acxplus-078xx-pv29-pr-0019063050_canvas16x9_18.webp","datePublished":"2023-06-05T14:47:29+00:00","dateModified":"2025-07-01T13:41:47+00:00","description":"La tesa\u00ae ACXplus 7805 Black Line es una cinta adhesiva de espuma acr\u00edlica negra que se utiliza para pegar fijaciones en exteriores.","breadcrumb":{"@id":"https:\/\/cardinal-tapes.com\/es\/cintas-adhesivas\/cintas-adhesivas-de-doble-cara\/tesa-acxplus-7805-cinta-adhesiva-de-acrilato-de-linea-negra\/#breadcrumb"},"inLanguage":"es","potentialAction":[{"@type":"ReadAction","target":["https:\/\/cardinal-tapes.com\/es\/cintas-adhesivas\/cintas-adhesivas-de-doble-cara\/tesa-acxplus-7805-cinta-adhesiva-de-acrilato-de-linea-negra\/"]}]},{"@type":"ImageObject","inLanguage":"es","@id":"https:\/\/cardinal-tapes.com\/es\/cintas-adhesivas\/cintas-adhesivas-de-doble-cara\/tesa-acxplus-7805-cinta-adhesiva-de-acrilato-de-linea-negra\/#primaryimage","url":"https:\/\/cardinal-tapes.com\/wp-content\/uploads\/tesa-acxplus-078xx-pv29-pr-0019063050_canvas16x9_18.webp","contentUrl":"https:\/\/cardinal-tapes.com\/wp-content\/uploads\/tesa-acxplus-078xx-pv29-pr-0019063050_canvas16x9_18.webp","width":1062,"height":1062},{"@type":"BreadcrumbList","@id":"https:\/\/cardinal-tapes.com\/es\/cintas-adhesivas\/cintas-adhesivas-de-doble-cara\/tesa-acxplus-7805-cinta-adhesiva-de-acrilato-de-linea-negra\/#breadcrumb","itemListElement":[{"@type":"ListItem","position":1,"name":"Startseite","item":"https:\/\/cardinal-tapes.com\/es\/"},{"@type":"ListItem","position":2,"name":"Cintas adhesivas","item":"https:\/\/cardinal-tapes.com\/es\/cintas-adhesivas-es\/"},{"@type":"ListItem","position":3,"name":"Doppelseitige Klebeb\u00e4nder","item":"https:\/\/cardinal-tapes.com\/kategorie\/doppelseitige-klebebaender\/"},{"@type":"ListItem","position":4,"name":"tesa\u00ae ACXplus 7805 Cinta adhesiva acr\u00edlica Black Line"}]},{"@type":"WebSite","@id":"https:\/\/cardinal-tapes.com\/#website","url":"https:\/\/cardinal-tapes.com\/","name":"cardinal TAPES","description":"Klebetechnik aus Wuppertal","potentialAction":[{"@type":"SearchAction","target":{"@type":"EntryPoint","urlTemplate":"https:\/\/cardinal-tapes.com\/?s={search_term_string}"},"query-input":{"@type":"PropertyValueSpecification","valueRequired":true,"valueName":"search_term_string"}}],"inLanguage":"es"}]}},"brands":[{"id":2163,"name":"tesa","slug":"tesa-es"}],"_links":{"self":[{"href":"https:\/\/cardinal-tapes.com\/es\/wp-json\/wp\/v2\/product\/38960","targetHints":{"allow":["GET"]}}],"collection":[{"href":"https:\/\/cardinal-tapes.com\/es\/wp-json\/wp\/v2\/product"}],"about":[{"href":"https:\/\/cardinal-tapes.com\/es\/wp-json\/wp\/v2\/types\/product"}],"wp:featuredmedia":[{"embeddable":true,"href":"https:\/\/cardinal-tapes.com\/es\/wp-json\/wp\/v2\/media\/29059"}],"wp:attachment":[{"href":"https:\/\/cardinal-tapes.com\/es\/wp-json\/wp\/v2\/media?parent=38960"}],"wp:term":[{"taxonomy":"pwb-brand","embeddable":true,"href":"https:\/\/cardinal-tapes.com\/es\/wp-json\/wp\/v2\/pwb-brand?post=38960"},{"taxonomy":"product_brand","embeddable":true,"href":"https:\/\/cardinal-tapes.com\/es\/wp-json\/wp\/v2\/product_brand?post=38960"},{"taxonomy":"product_cat","embeddable":true,"href":"https:\/\/cardinal-tapes.com\/es\/wp-json\/wp\/v2\/product_cat?post=38960"},{"taxonomy":"product_tag","embeddable":true,"href":"https:\/\/cardinal-tapes.com\/es\/wp-json\/wp\/v2\/product_tag?post=38960"}],"curies":[{"name":"wp","href":"https:\/\/api.w.org\/{rel}","templated":true}]}}