{"id":38959,"date":"2022-08-18T11:00:10","date_gmt":"2023-06-05T14:47:29","guid":{"rendered":"https:\/\/cardinal.pixel-tal.de\/klebebaender\/sin%20categor\u00eda\/tesa-acxplus-7062-cinta-adhesiva-acrilica-de-doble-cara\/"},"modified":"2025-07-01T15:40:05","modified_gmt":"2025-07-01T13:40:05","slug":"tesa-acxplus-7062-cinta-adhesiva-de-acrilato-de-doble-cara","status":"publish","type":"product","link":"https:\/\/cardinal-tapes.com\/es\/cintas-adhesivas\/cintas-adhesivas-de-doble-cara\/tesa-acxplus-7062-cinta-adhesiva-de-acrilato-de-doble-cara\/","title":{"rendered":"tesa\u00ae ACXplus 7062 cinta adhesiva acr\u00edlica de doble cara"},"content":{"rendered":"<p><span class=\"lowercase\">tesa\u00ae<\/span><sup class=\"lowercase\">ACXplus<\/sup> 7062 es una<span id=\"[267,296]\" class=\"word\">cinta de espuma acr\u00edlica negrade alto rendimiento<\/span> <span id=\"[305,315]\" class=\"word\">para<\/span> <span id=\"[316,328]\" class=\"word\">instalaci\u00f3n permanente en interiores<\/span>. Especialmente en la combinaci\u00f3n compuesta de materiales pl\u00e1sticos con superficies met\u00e1licas o en la uni\u00f3n metal\/metal, el producto se caracteriza por una elevada fuerza de uni\u00f3n.<\/p>\n<p><strong>Propiedades<\/strong><br \/>\n&#8211; muy buena resistencia a los rayos UV y a la temperatura<br \/>\n&#8211; alta fuerza adhesiva inicial y final<\/p>\n<p><strong>Aplicaciones<\/strong><br \/>\n&#8211; Molduras y perfiles de pl\u00e1stico<br \/>\n&#8211; Superficies con recubrimiento de polvo<\/p>\n","protected":false},"excerpt":{"rendered":"<p>tesa\u00aeACXplus 7062 es unacinta de espuma acr\u00edlica negrade alto rendimiento para instalaci\u00f3n permanente en interiores. Especialmente en la combinaci\u00f3n compuesta de materiales pl\u00e1sticos con superficies met\u00e1licas o en la uni\u00f3n metal\/metal, el producto se caracteriza por una elevada fuerza de uni\u00f3n. Propiedades &#8211; muy buena resistencia a los rayos UV y a la temperatura &#8211; [&hellip;]<\/p>\n","protected":false},"featured_media":28971,"template":"","meta":{"_acf_changed":false},"pwb-brand":[2163],"product_brand":[],"product_cat":[1804],"product_tag":[],"class_list":{"0":"post-38959","1":"product","2":"type-product","3":"status-publish","4":"has-post-thumbnail","6":"pwb-brand-tesa-es","7":"product_cat-cintas-adhesivas-de-doble-cara","9":"first","10":"instock","11":"taxable","12":"shipping-taxable","13":"purchasable","14":"product-type-variable"},"acf":[],"yoast_head":"<!-- This site is optimized with the Yoast SEO plugin v27.3 - https:\/\/yoast.com\/product\/yoast-seo-wordpress\/ -->\n<title>tesa\u00ae ACXplus 7062 Cinta adhesiva acr\u00edlica | Cardinal TAPES<\/title>\n<meta name=\"description\" content=\"tesa\u00ae ACXplus 7062 es una cinta de espuma acr\u00edlica negra de alto rendimiento\" \/>\n<meta name=\"robots\" content=\"index, follow, max-snippet:-1, max-image-preview:large, max-video-preview:-1\" \/>\n<link rel=\"canonical\" href=\"https:\/\/cardinal-tapes.com\/es\/cintas-adhesivas\/cintas-adhesivas-de-doble-cara\/tesa-acxplus-7062-cinta-adhesiva-de-acrilato-de-doble-cara\/\" \/>\n<meta property=\"og:locale\" content=\"es_ES\" \/>\n<meta property=\"og:type\" content=\"article\" \/>\n<meta property=\"og:title\" content=\"tesa\u00ae ACXplus 7062 Cinta adhesiva acr\u00edlica | Cardinal TAPES\" \/>\n<meta property=\"og:description\" content=\"tesa\u00ae ACXplus 7062 es una cinta de espuma acr\u00edlica negra de alto rendimiento\" \/>\n<meta property=\"og:url\" content=\"https:\/\/cardinal-tapes.com\/es\/cintas-adhesivas\/cintas-adhesivas-de-doble-cara\/tesa-acxplus-7062-cinta-adhesiva-de-acrilato-de-doble-cara\/\" \/>\n<meta property=\"og:site_name\" content=\"cardinal TAPES\" \/>\n<meta property=\"article:modified_time\" content=\"2025-07-01T13:40:05+00:00\" \/>\n<meta property=\"og:image\" content=\"https:\/\/cardinal-tapes.com\/wp-content\/uploads\/tesa-acxplus-0705x-pv32-pr-0019354078_canvas1x1_5-1.webp\" \/>\n\t<meta property=\"og:image:width\" content=\"501\" \/>\n\t<meta property=\"og:image:height\" content=\"501\" \/>\n\t<meta property=\"og:image:type\" content=\"image\/webp\" \/>\n<meta name=\"twitter:card\" content=\"summary_large_image\" \/>\n<script type=\"application\/ld+json\" class=\"yoast-schema-graph\">{\"@context\":\"https:\\\/\\\/schema.org\",\"@graph\":[{\"@type\":\"WebPage\",\"@id\":\"https:\\\/\\\/cardinal-tapes.com\\\/es\\\/cintas-adhesivas\\\/cintas-adhesivas-de-doble-cara\\\/tesa-acxplus-7062-cinta-adhesiva-de-acrilato-de-doble-cara\\\/\",\"url\":\"https:\\\/\\\/cardinal-tapes.com\\\/es\\\/cintas-adhesivas\\\/cintas-adhesivas-de-doble-cara\\\/tesa-acxplus-7062-cinta-adhesiva-de-acrilato-de-doble-cara\\\/\",\"name\":\"tesa\u00ae ACXplus 7062 Cinta adhesiva acr\u00edlica | Cardinal TAPES\",\"isPartOf\":{\"@id\":\"https:\\\/\\\/cardinal-tapes.com\\\/#website\"},\"primaryImageOfPage\":{\"@id\":\"https:\\\/\\\/cardinal-tapes.com\\\/es\\\/cintas-adhesivas\\\/cintas-adhesivas-de-doble-cara\\\/tesa-acxplus-7062-cinta-adhesiva-de-acrilato-de-doble-cara\\\/#primaryimage\"},\"image\":{\"@id\":\"https:\\\/\\\/cardinal-tapes.com\\\/es\\\/cintas-adhesivas\\\/cintas-adhesivas-de-doble-cara\\\/tesa-acxplus-7062-cinta-adhesiva-de-acrilato-de-doble-cara\\\/#primaryimage\"},\"thumbnailUrl\":\"https:\\\/\\\/cardinal-tapes.com\\\/wp-content\\\/uploads\\\/tesa-acxplus-0705x-pv32-pr-0019354078_canvas1x1_5-1.webp\",\"datePublished\":\"2023-06-05T14:47:29+00:00\",\"dateModified\":\"2025-07-01T13:40:05+00:00\",\"description\":\"tesa\u00ae ACXplus 7062 es una cinta de espuma acr\u00edlica negra de alto rendimiento\",\"breadcrumb\":{\"@id\":\"https:\\\/\\\/cardinal-tapes.com\\\/es\\\/cintas-adhesivas\\\/cintas-adhesivas-de-doble-cara\\\/tesa-acxplus-7062-cinta-adhesiva-de-acrilato-de-doble-cara\\\/#breadcrumb\"},\"inLanguage\":\"es\",\"potentialAction\":[{\"@type\":\"ReadAction\",\"target\":[\"https:\\\/\\\/cardinal-tapes.com\\\/es\\\/cintas-adhesivas\\\/cintas-adhesivas-de-doble-cara\\\/tesa-acxplus-7062-cinta-adhesiva-de-acrilato-de-doble-cara\\\/\"]}]},{\"@type\":\"ImageObject\",\"inLanguage\":\"es\",\"@id\":\"https:\\\/\\\/cardinal-tapes.com\\\/es\\\/cintas-adhesivas\\\/cintas-adhesivas-de-doble-cara\\\/tesa-acxplus-7062-cinta-adhesiva-de-acrilato-de-doble-cara\\\/#primaryimage\",\"url\":\"https:\\\/\\\/cardinal-tapes.com\\\/wp-content\\\/uploads\\\/tesa-acxplus-0705x-pv32-pr-0019354078_canvas1x1_5-1.webp\",\"contentUrl\":\"https:\\\/\\\/cardinal-tapes.com\\\/wp-content\\\/uploads\\\/tesa-acxplus-0705x-pv32-pr-0019354078_canvas1x1_5-1.webp\",\"width\":501,\"height\":501},{\"@type\":\"BreadcrumbList\",\"@id\":\"https:\\\/\\\/cardinal-tapes.com\\\/es\\\/cintas-adhesivas\\\/cintas-adhesivas-de-doble-cara\\\/tesa-acxplus-7062-cinta-adhesiva-de-acrilato-de-doble-cara\\\/#breadcrumb\",\"itemListElement\":[{\"@type\":\"ListItem\",\"position\":1,\"name\":\"Startseite\",\"item\":\"https:\\\/\\\/cardinal-tapes.com\\\/es\\\/\"},{\"@type\":\"ListItem\",\"position\":2,\"name\":\"Cintas adhesivas\",\"item\":\"https:\\\/\\\/cardinal-tapes.com\\\/es\\\/cintas-adhesivas-es\\\/\"},{\"@type\":\"ListItem\",\"position\":3,\"name\":\"Doppelseitige Klebeb\u00e4nder\",\"item\":\"https:\\\/\\\/cardinal-tapes.com\\\/kategorie\\\/doppelseitige-klebebaender\\\/\"},{\"@type\":\"ListItem\",\"position\":4,\"name\":\"tesa\u00ae ACXplus 7062 cinta adhesiva acr\u00edlica de doble cara\"}]},{\"@type\":\"WebSite\",\"@id\":\"https:\\\/\\\/cardinal-tapes.com\\\/#website\",\"url\":\"https:\\\/\\\/cardinal-tapes.com\\\/\",\"name\":\"cardinal TAPES\",\"description\":\"Klebetechnik aus Wuppertal\",\"potentialAction\":[{\"@type\":\"SearchAction\",\"target\":{\"@type\":\"EntryPoint\",\"urlTemplate\":\"https:\\\/\\\/cardinal-tapes.com\\\/?s={search_term_string}\"},\"query-input\":{\"@type\":\"PropertyValueSpecification\",\"valueRequired\":true,\"valueName\":\"search_term_string\"}}],\"inLanguage\":\"es\"}]}<\/script>\n<!-- \/ Yoast SEO plugin. -->","yoast_head_json":{"title":"tesa\u00ae ACXplus 7062 Cinta adhesiva acr\u00edlica | Cardinal TAPES","description":"tesa\u00ae ACXplus 7062 es una cinta de espuma acr\u00edlica negra de alto rendimiento","robots":{"index":"index","follow":"follow","max-snippet":"max-snippet:-1","max-image-preview":"max-image-preview:large","max-video-preview":"max-video-preview:-1"},"canonical":"https:\/\/cardinal-tapes.com\/es\/cintas-adhesivas\/cintas-adhesivas-de-doble-cara\/tesa-acxplus-7062-cinta-adhesiva-de-acrilato-de-doble-cara\/","og_locale":"es_ES","og_type":"article","og_title":"tesa\u00ae ACXplus 7062 Cinta adhesiva acr\u00edlica | Cardinal TAPES","og_description":"tesa\u00ae ACXplus 7062 es una cinta de espuma acr\u00edlica negra de alto rendimiento","og_url":"https:\/\/cardinal-tapes.com\/es\/cintas-adhesivas\/cintas-adhesivas-de-doble-cara\/tesa-acxplus-7062-cinta-adhesiva-de-acrilato-de-doble-cara\/","og_site_name":"cardinal TAPES","article_modified_time":"2025-07-01T13:40:05+00:00","og_image":[{"width":501,"height":501,"url":"https:\/\/cardinal-tapes.com\/wp-content\/uploads\/tesa-acxplus-0705x-pv32-pr-0019354078_canvas1x1_5-1.webp","type":"image\/webp"}],"twitter_card":"summary_large_image","schema":{"@context":"https:\/\/schema.org","@graph":[{"@type":"WebPage","@id":"https:\/\/cardinal-tapes.com\/es\/cintas-adhesivas\/cintas-adhesivas-de-doble-cara\/tesa-acxplus-7062-cinta-adhesiva-de-acrilato-de-doble-cara\/","url":"https:\/\/cardinal-tapes.com\/es\/cintas-adhesivas\/cintas-adhesivas-de-doble-cara\/tesa-acxplus-7062-cinta-adhesiva-de-acrilato-de-doble-cara\/","name":"tesa\u00ae ACXplus 7062 Cinta adhesiva acr\u00edlica | Cardinal TAPES","isPartOf":{"@id":"https:\/\/cardinal-tapes.com\/#website"},"primaryImageOfPage":{"@id":"https:\/\/cardinal-tapes.com\/es\/cintas-adhesivas\/cintas-adhesivas-de-doble-cara\/tesa-acxplus-7062-cinta-adhesiva-de-acrilato-de-doble-cara\/#primaryimage"},"image":{"@id":"https:\/\/cardinal-tapes.com\/es\/cintas-adhesivas\/cintas-adhesivas-de-doble-cara\/tesa-acxplus-7062-cinta-adhesiva-de-acrilato-de-doble-cara\/#primaryimage"},"thumbnailUrl":"https:\/\/cardinal-tapes.com\/wp-content\/uploads\/tesa-acxplus-0705x-pv32-pr-0019354078_canvas1x1_5-1.webp","datePublished":"2023-06-05T14:47:29+00:00","dateModified":"2025-07-01T13:40:05+00:00","description":"tesa\u00ae ACXplus 7062 es una cinta de espuma acr\u00edlica negra de alto rendimiento","breadcrumb":{"@id":"https:\/\/cardinal-tapes.com\/es\/cintas-adhesivas\/cintas-adhesivas-de-doble-cara\/tesa-acxplus-7062-cinta-adhesiva-de-acrilato-de-doble-cara\/#breadcrumb"},"inLanguage":"es","potentialAction":[{"@type":"ReadAction","target":["https:\/\/cardinal-tapes.com\/es\/cintas-adhesivas\/cintas-adhesivas-de-doble-cara\/tesa-acxplus-7062-cinta-adhesiva-de-acrilato-de-doble-cara\/"]}]},{"@type":"ImageObject","inLanguage":"es","@id":"https:\/\/cardinal-tapes.com\/es\/cintas-adhesivas\/cintas-adhesivas-de-doble-cara\/tesa-acxplus-7062-cinta-adhesiva-de-acrilato-de-doble-cara\/#primaryimage","url":"https:\/\/cardinal-tapes.com\/wp-content\/uploads\/tesa-acxplus-0705x-pv32-pr-0019354078_canvas1x1_5-1.webp","contentUrl":"https:\/\/cardinal-tapes.com\/wp-content\/uploads\/tesa-acxplus-0705x-pv32-pr-0019354078_canvas1x1_5-1.webp","width":501,"height":501},{"@type":"BreadcrumbList","@id":"https:\/\/cardinal-tapes.com\/es\/cintas-adhesivas\/cintas-adhesivas-de-doble-cara\/tesa-acxplus-7062-cinta-adhesiva-de-acrilato-de-doble-cara\/#breadcrumb","itemListElement":[{"@type":"ListItem","position":1,"name":"Startseite","item":"https:\/\/cardinal-tapes.com\/es\/"},{"@type":"ListItem","position":2,"name":"Cintas adhesivas","item":"https:\/\/cardinal-tapes.com\/es\/cintas-adhesivas-es\/"},{"@type":"ListItem","position":3,"name":"Doppelseitige Klebeb\u00e4nder","item":"https:\/\/cardinal-tapes.com\/kategorie\/doppelseitige-klebebaender\/"},{"@type":"ListItem","position":4,"name":"tesa\u00ae ACXplus 7062 cinta adhesiva acr\u00edlica de doble cara"}]},{"@type":"WebSite","@id":"https:\/\/cardinal-tapes.com\/#website","url":"https:\/\/cardinal-tapes.com\/","name":"cardinal TAPES","description":"Klebetechnik aus Wuppertal","potentialAction":[{"@type":"SearchAction","target":{"@type":"EntryPoint","urlTemplate":"https:\/\/cardinal-tapes.com\/?s={search_term_string}"},"query-input":{"@type":"PropertyValueSpecification","valueRequired":true,"valueName":"search_term_string"}}],"inLanguage":"es"}]}},"brands":[{"id":2163,"name":"tesa","slug":"tesa-es"}],"_links":{"self":[{"href":"https:\/\/cardinal-tapes.com\/es\/wp-json\/wp\/v2\/product\/38959","targetHints":{"allow":["GET"]}}],"collection":[{"href":"https:\/\/cardinal-tapes.com\/es\/wp-json\/wp\/v2\/product"}],"about":[{"href":"https:\/\/cardinal-tapes.com\/es\/wp-json\/wp\/v2\/types\/product"}],"wp:featuredmedia":[{"embeddable":true,"href":"https:\/\/cardinal-tapes.com\/es\/wp-json\/wp\/v2\/media\/28971"}],"wp:attachment":[{"href":"https:\/\/cardinal-tapes.com\/es\/wp-json\/wp\/v2\/media?parent=38959"}],"wp:term":[{"taxonomy":"pwb-brand","embeddable":true,"href":"https:\/\/cardinal-tapes.com\/es\/wp-json\/wp\/v2\/pwb-brand?post=38959"},{"taxonomy":"product_brand","embeddable":true,"href":"https:\/\/cardinal-tapes.com\/es\/wp-json\/wp\/v2\/product_brand?post=38959"},{"taxonomy":"product_cat","embeddable":true,"href":"https:\/\/cardinal-tapes.com\/es\/wp-json\/wp\/v2\/product_cat?post=38959"},{"taxonomy":"product_tag","embeddable":true,"href":"https:\/\/cardinal-tapes.com\/es\/wp-json\/wp\/v2\/product_tag?post=38959"}],"curies":[{"name":"wp","href":"https:\/\/api.w.org\/{rel}","templated":true}]}}