{"id":38861,"date":"2022-11-21T09:07:08","date_gmt":"2022-11-21T08:07:08","guid":{"rendered":"https:\/\/cardinal.pixel-tal.de\/klebebaender\/sin%20categor\u00eda\/cinta-de-tejido-ignifugo-scapa-t3601\/"},"modified":"2025-07-01T15:50:43","modified_gmt":"2025-07-01T13:50:43","slug":"scapa-t3601-cinta-de-tejido-ignifugo-e-impermeable","status":"publish","type":"product","link":"https:\/\/cardinal-tapes.com\/es\/cintas-adhesivas\/cintas-adhesivas-de-una-cara\/cinta-gaffer\/scapa-t3601-cinta-de-tejido-ignifugo-e-impermeable\/","title":{"rendered":"Cinta de tejido ign\u00edfugo Scapa T3601"},"content":{"rendered":"<p>Scapa T3601 es una cinta de tejido recubierta de polietileno y revestida con un adhesivo de caucho ign\u00edfugo sensible a la presi\u00f3n.<br \/>\nEl producto cumple los requisitos de FAR 25.853(a) y M1 de ignifugaci\u00f3n. Scapa T3601 est\u00e1 disponible en blanco e impreso con FAR 25.853(a).<\/p>\n<p>&nbsp;<\/p>\n","protected":false},"excerpt":{"rendered":"<p>Scapa T3601 es una cinta de tejido recubierta de polietileno y revestida con un adhesivo de caucho ign\u00edfugo sensible a la presi\u00f3n. El producto cumple los requisitos de FAR 25.853(a) y M1 de ignifugaci\u00f3n. Scapa T3601 est\u00e1 disponible en blanco e impreso con FAR 25.853(a). &nbsp;<\/p>\n","protected":false},"featured_media":29095,"template":"","meta":{"_acf_changed":false},"pwb-brand":[3117],"product_brand":[],"product_cat":[1705,1707,1708,1711,1806,1807],"product_tag":[],"class_list":{"0":"post-38861","1":"product","2":"type-product","3":"status-publish","4":"has-post-thumbnail","6":"pwb-brand-scapa-es","7":"product_cat-cinta-de-tela","8":"product_cat-cinta-plastificada","9":"product_cat-industria-del-plastico","10":"product_cat-ingenieria-mecanica","11":"product_cat-cintas-adhesivas-de-una-cara","12":"product_cat-cinta-gaffer","14":"first","15":"instock","16":"featured","17":"taxable","18":"shipping-taxable","19":"purchasable","20":"product-type-variable"},"acf":[],"yoast_head":"<!-- This site is optimized with the Yoast SEO plugin v27.3 - https:\/\/yoast.com\/product\/yoast-seo-wordpress\/ -->\n<title>Scapa T3601 Cinta de tejido | Cardinal TAPES<\/title>\n<meta name=\"description\" content=\"Scapa T3601 es una cinta de tejido recubierta de polietileno y revestida con un adhesivo de caucho ign\u00edfugo sensible a la presi\u00f3n.\" \/>\n<meta name=\"robots\" content=\"index, follow, max-snippet:-1, max-image-preview:large, max-video-preview:-1\" \/>\n<link rel=\"canonical\" href=\"https:\/\/cardinal-tapes.com\/es\/cintas-adhesivas\/cintas-adhesivas-de-una-cara\/cinta-gaffer\/scapa-t3601-cinta-de-tejido-ignifugo-e-impermeable\/\" \/>\n<meta property=\"og:locale\" content=\"es_ES\" \/>\n<meta property=\"og:type\" content=\"article\" \/>\n<meta property=\"og:title\" content=\"Scapa T3601 Cinta de tejido | Cardinal TAPES\" \/>\n<meta property=\"og:description\" content=\"Scapa T3601 es una cinta de tejido recubierta de polietileno y revestida con un adhesivo de caucho ign\u00edfugo sensible a la presi\u00f3n.\" \/>\n<meta property=\"og:url\" content=\"https:\/\/cardinal-tapes.com\/es\/cintas-adhesivas\/cintas-adhesivas-de-una-cara\/cinta-gaffer\/scapa-t3601-cinta-de-tejido-ignifugo-e-impermeable\/\" \/>\n<meta property=\"og:site_name\" content=\"cardinal TAPES\" \/>\n<meta property=\"article:modified_time\" content=\"2025-07-01T13:50:43+00:00\" \/>\n<meta property=\"og:image\" content=\"https:\/\/cardinal-tapes.com\/wp-content\/uploads\/UVX10-2.png\" \/>\n\t<meta property=\"og:image:width\" content=\"800\" \/>\n\t<meta property=\"og:image:height\" content=\"714\" \/>\n\t<meta property=\"og:image:type\" content=\"image\/png\" \/>\n<meta name=\"twitter:card\" content=\"summary_large_image\" \/>\n<script type=\"application\/ld+json\" class=\"yoast-schema-graph\">{\"@context\":\"https:\\\/\\\/schema.org\",\"@graph\":[{\"@type\":\"WebPage\",\"@id\":\"https:\\\/\\\/cardinal-tapes.com\\\/es\\\/cintas-adhesivas\\\/cintas-adhesivas-de-una-cara\\\/cinta-gaffer\\\/scapa-t3601-cinta-de-tejido-ignifugo-e-impermeable\\\/\",\"url\":\"https:\\\/\\\/cardinal-tapes.com\\\/es\\\/cintas-adhesivas\\\/cintas-adhesivas-de-una-cara\\\/cinta-gaffer\\\/scapa-t3601-cinta-de-tejido-ignifugo-e-impermeable\\\/\",\"name\":\"Scapa T3601 Cinta de tejido | Cardinal TAPES\",\"isPartOf\":{\"@id\":\"https:\\\/\\\/cardinal-tapes.com\\\/#website\"},\"primaryImageOfPage\":{\"@id\":\"https:\\\/\\\/cardinal-tapes.com\\\/es\\\/cintas-adhesivas\\\/cintas-adhesivas-de-una-cara\\\/cinta-gaffer\\\/scapa-t3601-cinta-de-tejido-ignifugo-e-impermeable\\\/#primaryimage\"},\"image\":{\"@id\":\"https:\\\/\\\/cardinal-tapes.com\\\/es\\\/cintas-adhesivas\\\/cintas-adhesivas-de-una-cara\\\/cinta-gaffer\\\/scapa-t3601-cinta-de-tejido-ignifugo-e-impermeable\\\/#primaryimage\"},\"thumbnailUrl\":\"https:\\\/\\\/cardinal-tapes.com\\\/wp-content\\\/uploads\\\/T3601.jpg\",\"datePublished\":\"2022-11-21T08:07:08+00:00\",\"dateModified\":\"2025-07-01T13:50:43+00:00\",\"description\":\"Scapa T3601 es una cinta de tejido recubierta de polietileno y revestida con un adhesivo de caucho ign\u00edfugo sensible a la presi\u00f3n.\",\"breadcrumb\":{\"@id\":\"https:\\\/\\\/cardinal-tapes.com\\\/es\\\/cintas-adhesivas\\\/cintas-adhesivas-de-una-cara\\\/cinta-gaffer\\\/scapa-t3601-cinta-de-tejido-ignifugo-e-impermeable\\\/#breadcrumb\"},\"inLanguage\":\"es\",\"potentialAction\":[{\"@type\":\"ReadAction\",\"target\":[\"https:\\\/\\\/cardinal-tapes.com\\\/es\\\/cintas-adhesivas\\\/cintas-adhesivas-de-una-cara\\\/cinta-gaffer\\\/scapa-t3601-cinta-de-tejido-ignifugo-e-impermeable\\\/\"]}]},{\"@type\":\"ImageObject\",\"inLanguage\":\"es\",\"@id\":\"https:\\\/\\\/cardinal-tapes.com\\\/es\\\/cintas-adhesivas\\\/cintas-adhesivas-de-una-cara\\\/cinta-gaffer\\\/scapa-t3601-cinta-de-tejido-ignifugo-e-impermeable\\\/#primaryimage\",\"url\":\"https:\\\/\\\/cardinal-tapes.com\\\/wp-content\\\/uploads\\\/T3601.jpg\",\"contentUrl\":\"https:\\\/\\\/cardinal-tapes.com\\\/wp-content\\\/uploads\\\/T3601.jpg\",\"width\":2047,\"height\":2047},{\"@type\":\"BreadcrumbList\",\"@id\":\"https:\\\/\\\/cardinal-tapes.com\\\/es\\\/cintas-adhesivas\\\/cintas-adhesivas-de-una-cara\\\/cinta-gaffer\\\/scapa-t3601-cinta-de-tejido-ignifugo-e-impermeable\\\/#breadcrumb\",\"itemListElement\":[{\"@type\":\"ListItem\",\"position\":1,\"name\":\"Startseite\",\"item\":\"https:\\\/\\\/cardinal-tapes.com\\\/es\\\/\"},{\"@type\":\"ListItem\",\"position\":2,\"name\":\"Cintas adhesivas\",\"item\":\"https:\\\/\\\/cardinal-tapes.com\\\/es\\\/cintas-adhesivas-es\\\/\"},{\"@type\":\"ListItem\",\"position\":3,\"name\":\"\u00c1mbitos de aplicaci\u00f3n\",\"item\":\"https:\\\/\\\/cardinal-tapes.com\\\/es\\\/categora\\\/ambitos-de-aplicacion\\\/\"},{\"@type\":\"ListItem\",\"position\":4,\"name\":\"Cinta de tela\",\"item\":\"https:\\\/\\\/cardinal-tapes.com\\\/es\\\/categora\\\/cinta-de-tela\\\/\"},{\"@type\":\"ListItem\",\"position\":5,\"name\":\"Cinta de tejido ign\u00edfugo Scapa T3601\"}]},{\"@type\":\"WebSite\",\"@id\":\"https:\\\/\\\/cardinal-tapes.com\\\/#website\",\"url\":\"https:\\\/\\\/cardinal-tapes.com\\\/\",\"name\":\"cardinal TAPES\",\"description\":\"Klebetechnik aus Wuppertal\",\"potentialAction\":[{\"@type\":\"SearchAction\",\"target\":{\"@type\":\"EntryPoint\",\"urlTemplate\":\"https:\\\/\\\/cardinal-tapes.com\\\/?s={search_term_string}\"},\"query-input\":{\"@type\":\"PropertyValueSpecification\",\"valueRequired\":true,\"valueName\":\"search_term_string\"}}],\"inLanguage\":\"es\"}]}<\/script>\n<!-- \/ Yoast SEO plugin. -->","yoast_head_json":{"title":"Scapa T3601 Cinta de tejido | Cardinal TAPES","description":"Scapa T3601 es una cinta de tejido recubierta de polietileno y revestida con un adhesivo de caucho ign\u00edfugo sensible a la presi\u00f3n.","robots":{"index":"index","follow":"follow","max-snippet":"max-snippet:-1","max-image-preview":"max-image-preview:large","max-video-preview":"max-video-preview:-1"},"canonical":"https:\/\/cardinal-tapes.com\/es\/cintas-adhesivas\/cintas-adhesivas-de-una-cara\/cinta-gaffer\/scapa-t3601-cinta-de-tejido-ignifugo-e-impermeable\/","og_locale":"es_ES","og_type":"article","og_title":"Scapa T3601 Cinta de tejido | Cardinal TAPES","og_description":"Scapa T3601 es una cinta de tejido recubierta de polietileno y revestida con un adhesivo de caucho ign\u00edfugo sensible a la presi\u00f3n.","og_url":"https:\/\/cardinal-tapes.com\/es\/cintas-adhesivas\/cintas-adhesivas-de-una-cara\/cinta-gaffer\/scapa-t3601-cinta-de-tejido-ignifugo-e-impermeable\/","og_site_name":"cardinal TAPES","article_modified_time":"2025-07-01T13:50:43+00:00","og_image":[{"width":800,"height":714,"url":"https:\/\/cardinal-tapes.com\/wp-content\/uploads\/UVX10-2.png","type":"image\/png"}],"twitter_card":"summary_large_image","schema":{"@context":"https:\/\/schema.org","@graph":[{"@type":"WebPage","@id":"https:\/\/cardinal-tapes.com\/es\/cintas-adhesivas\/cintas-adhesivas-de-una-cara\/cinta-gaffer\/scapa-t3601-cinta-de-tejido-ignifugo-e-impermeable\/","url":"https:\/\/cardinal-tapes.com\/es\/cintas-adhesivas\/cintas-adhesivas-de-una-cara\/cinta-gaffer\/scapa-t3601-cinta-de-tejido-ignifugo-e-impermeable\/","name":"Scapa T3601 Cinta de tejido | Cardinal TAPES","isPartOf":{"@id":"https:\/\/cardinal-tapes.com\/#website"},"primaryImageOfPage":{"@id":"https:\/\/cardinal-tapes.com\/es\/cintas-adhesivas\/cintas-adhesivas-de-una-cara\/cinta-gaffer\/scapa-t3601-cinta-de-tejido-ignifugo-e-impermeable\/#primaryimage"},"image":{"@id":"https:\/\/cardinal-tapes.com\/es\/cintas-adhesivas\/cintas-adhesivas-de-una-cara\/cinta-gaffer\/scapa-t3601-cinta-de-tejido-ignifugo-e-impermeable\/#primaryimage"},"thumbnailUrl":"https:\/\/cardinal-tapes.com\/wp-content\/uploads\/T3601.jpg","datePublished":"2022-11-21T08:07:08+00:00","dateModified":"2025-07-01T13:50:43+00:00","description":"Scapa T3601 es una cinta de tejido recubierta de polietileno y revestida con un adhesivo de caucho ign\u00edfugo sensible a la presi\u00f3n.","breadcrumb":{"@id":"https:\/\/cardinal-tapes.com\/es\/cintas-adhesivas\/cintas-adhesivas-de-una-cara\/cinta-gaffer\/scapa-t3601-cinta-de-tejido-ignifugo-e-impermeable\/#breadcrumb"},"inLanguage":"es","potentialAction":[{"@type":"ReadAction","target":["https:\/\/cardinal-tapes.com\/es\/cintas-adhesivas\/cintas-adhesivas-de-una-cara\/cinta-gaffer\/scapa-t3601-cinta-de-tejido-ignifugo-e-impermeable\/"]}]},{"@type":"ImageObject","inLanguage":"es","@id":"https:\/\/cardinal-tapes.com\/es\/cintas-adhesivas\/cintas-adhesivas-de-una-cara\/cinta-gaffer\/scapa-t3601-cinta-de-tejido-ignifugo-e-impermeable\/#primaryimage","url":"https:\/\/cardinal-tapes.com\/wp-content\/uploads\/T3601.jpg","contentUrl":"https:\/\/cardinal-tapes.com\/wp-content\/uploads\/T3601.jpg","width":2047,"height":2047},{"@type":"BreadcrumbList","@id":"https:\/\/cardinal-tapes.com\/es\/cintas-adhesivas\/cintas-adhesivas-de-una-cara\/cinta-gaffer\/scapa-t3601-cinta-de-tejido-ignifugo-e-impermeable\/#breadcrumb","itemListElement":[{"@type":"ListItem","position":1,"name":"Startseite","item":"https:\/\/cardinal-tapes.com\/es\/"},{"@type":"ListItem","position":2,"name":"Cintas adhesivas","item":"https:\/\/cardinal-tapes.com\/es\/cintas-adhesivas-es\/"},{"@type":"ListItem","position":3,"name":"\u00c1mbitos de aplicaci\u00f3n","item":"https:\/\/cardinal-tapes.com\/es\/categora\/ambitos-de-aplicacion\/"},{"@type":"ListItem","position":4,"name":"Cinta de tela","item":"https:\/\/cardinal-tapes.com\/es\/categora\/cinta-de-tela\/"},{"@type":"ListItem","position":5,"name":"Cinta de tejido ign\u00edfugo Scapa T3601"}]},{"@type":"WebSite","@id":"https:\/\/cardinal-tapes.com\/#website","url":"https:\/\/cardinal-tapes.com\/","name":"cardinal TAPES","description":"Klebetechnik aus Wuppertal","potentialAction":[{"@type":"SearchAction","target":{"@type":"EntryPoint","urlTemplate":"https:\/\/cardinal-tapes.com\/?s={search_term_string}"},"query-input":{"@type":"PropertyValueSpecification","valueRequired":true,"valueName":"search_term_string"}}],"inLanguage":"es"}]}},"brands":[{"id":3117,"name":"Scapa","slug":"scapa-es"}],"_links":{"self":[{"href":"https:\/\/cardinal-tapes.com\/es\/wp-json\/wp\/v2\/product\/38861","targetHints":{"allow":["GET"]}}],"collection":[{"href":"https:\/\/cardinal-tapes.com\/es\/wp-json\/wp\/v2\/product"}],"about":[{"href":"https:\/\/cardinal-tapes.com\/es\/wp-json\/wp\/v2\/types\/product"}],"wp:featuredmedia":[{"embeddable":true,"href":"https:\/\/cardinal-tapes.com\/es\/wp-json\/wp\/v2\/media\/29095"}],"wp:attachment":[{"href":"https:\/\/cardinal-tapes.com\/es\/wp-json\/wp\/v2\/media?parent=38861"}],"wp:term":[{"taxonomy":"pwb-brand","embeddable":true,"href":"https:\/\/cardinal-tapes.com\/es\/wp-json\/wp\/v2\/pwb-brand?post=38861"},{"taxonomy":"product_brand","embeddable":true,"href":"https:\/\/cardinal-tapes.com\/es\/wp-json\/wp\/v2\/product_brand?post=38861"},{"taxonomy":"product_cat","embeddable":true,"href":"https:\/\/cardinal-tapes.com\/es\/wp-json\/wp\/v2\/product_cat?post=38861"},{"taxonomy":"product_tag","embeddable":true,"href":"https:\/\/cardinal-tapes.com\/es\/wp-json\/wp\/v2\/product_tag?post=38861"}],"curies":[{"name":"wp","href":"https:\/\/api.w.org\/{rel}","templated":true}]}}