{"id":38508,"date":"2023-02-07T10:31:41","date_gmt":"2023-06-05T14:47:10","guid":{"rendered":"https:\/\/cardinal.pixel-tal.de\/klebebaender\/sin categor\u00eda\/cinta-adhesiva-orabond-1397-pp-pet\/"},"modified":"2023-06-05T16:47:10","modified_gmt":"2023-06-05T14:47:10","slug":"orabond-1397-pp-pet-tape","status":"publish","type":"product","link":"https:\/\/cardinal-tapes.com\/es\/cintas-adhesivas\/ambitos-de-aplicacion\/produccion-transformacion-del-aluminio\/orabond-1397-pp-pet-tape\/","title":{"rendered":"Cinta adhesiva ORABOND\u00ae 1397 PP PET"},"content":{"rendered":"<p>La cinta adhesiva de doble cara consiste en un soporte de pel\u00edcula de poli\u00e9ster transparente, que est\u00e1 recubierto por ambas caras con una pel\u00edcula adhesiva modificada.<br \/>\nadhesivo de acrilato sensible a la presi\u00f3n, que tiene muy buena resistencia a la radiaci\u00f3n UV, al estr\u00e9s t\u00e9rmico, a los productos qu\u00edmicos<br \/>\ny disolventes, as\u00ed como la humedad. El adhesivo sensible a la presi\u00f3n resistente al cizallamiento tambi\u00e9n tiene una excelente<br \/>\nAdherencia permanente a metal, laca y otras superficies pl\u00e1sticas de alta energ\u00eda, as\u00ed como buena fuerza de adherencia permanente<br \/>\nen superficies de baja energ\u00eda. Debido a la capa adhesiva m\u00e1s gruesa tambi\u00e9n para superficies rugosas o estructuradas<br \/>\nadecuado.<\/p>\n<p><strong>\u00c1mbitos de aplicaci\u00f3n<\/strong><\/p>\n<p>Para el pegado industrial\/comercial de retrovisores exteriores de autom\u00f3viles y camiones en carcasas de pl\u00e1stico con<br \/>\nProtecci\u00f3n contra astillas. Acabado autoadhesivo de molduras, embellecedores y conductos de cables. Corte a medida y empalme de papel,<br \/>\nPel\u00edculas textiles, pl\u00e1sticas y met\u00e1licas en las que se requiere una resistencia al cizallamiento y una adherencia muy elevadas.<br \/>\nEl adhesivo sensible a la presi\u00f3n utilizado cumple con el C\u00f3digo de Reglamentos Federales, Alimentos y Medicamentos (FDA), 21 CFR Ch. I<br \/>\n(Edici\u00f3n del 1 de abril de 2008), \u00a7 175.105.<\/p>\n","protected":false},"excerpt":{"rendered":"<p>La cinta adhesiva de doble cara consiste en un soporte de pel\u00edcula de poli\u00e9ster transparente, que est\u00e1 recubierto por ambas caras con una pel\u00edcula adhesiva modificada. adhesivo de acrilato sensible a la presi\u00f3n, que tiene muy buena resistencia a la radiaci\u00f3n UV, al estr\u00e9s t\u00e9rmico, a los productos qu\u00edmicos y disolventes, as\u00ed como la humedad. [&hellip;]<\/p>\n","protected":false},"featured_media":29191,"template":"","meta":{"_acf_changed":false},"pwb-brand":[2910],"product_brand":[],"product_cat":[1804,1695,1703,1704,1708,1711,1800],"product_tag":[],"class_list":{"0":"post-38508","1":"product","2":"type-product","3":"status-publish","4":"has-post-thumbnail","6":"pwb-brand-orafol-es","7":"product_cat-cintas-adhesivas-de-doble-cara","8":"product_cat-produccion-transformacion-del-aluminio","9":"product_cat-industria-electrica","10":"product_cat-produccion-de-peliculas","11":"product_cat-industria-del-plastico","12":"product_cat-ingenieria-mecanica","13":"product_cat-industria-textil","15":"first","16":"instock","17":"taxable","18":"shipping-taxable","19":"purchasable","20":"product-type-variable"},"acf":[],"yoast_head":"<!-- This site is optimized with the Yoast SEO plugin v27.3 - https:\/\/yoast.com\/product\/yoast-seo-wordpress\/ -->\n<title>Cinta adhesiva ORABOND\u00ae 1397 PP PET | Cardinal TAPES<\/title>\n<meta name=\"description\" content=\"La cinta adhesiva de doble cara consiste en un soporte de pel\u00edcula de poli\u00e9ster recubierto por ambas caras con un adhesivo acr\u00edlico modificado sensible a la presi\u00f3n.\" \/>\n<meta name=\"robots\" content=\"index, follow, max-snippet:-1, max-image-preview:large, max-video-preview:-1\" \/>\n<link rel=\"canonical\" href=\"https:\/\/cardinal-tapes.com\/es\/cintas-adhesivas\/produccion-transformacion-del-aluminio\/orabond-1397-pp-pet-tape\/\" \/>\n<meta property=\"og:locale\" content=\"es_ES\" \/>\n<meta property=\"og:type\" content=\"article\" \/>\n<meta property=\"og:title\" content=\"Cinta adhesiva ORABOND\u00ae 1397 PP PET | Cardinal TAPES\" \/>\n<meta property=\"og:description\" content=\"La cinta adhesiva de doble cara consiste en un soporte de pel\u00edcula de poli\u00e9ster recubierto por ambas caras con un adhesivo acr\u00edlico modificado sensible a la presi\u00f3n.\" \/>\n<meta property=\"og:url\" content=\"https:\/\/cardinal-tapes.com\/es\/cintas-adhesivas\/produccion-transformacion-del-aluminio\/orabond-1397-pp-pet-tape\/\" \/>\n<meta property=\"og:site_name\" content=\"cardinal TAPES\" \/>\n<meta property=\"og:image\" content=\"https:\/\/cardinal-tapes.com\/wp-content\/uploads\/1397PPd-scaled.jpg\" \/>\n\t<meta property=\"og:image:width\" content=\"2560\" \/>\n\t<meta property=\"og:image:height\" content=\"1707\" \/>\n\t<meta property=\"og:image:type\" content=\"image\/jpeg\" \/>\n<meta name=\"twitter:card\" content=\"summary_large_image\" \/>\n<meta name=\"twitter:label1\" content=\"Tiempo de lectura\" \/>\n\t<meta name=\"twitter:data1\" content=\"1 minuto\" \/>\n<script type=\"application\/ld+json\" class=\"yoast-schema-graph\">{\"@context\":\"https:\\\/\\\/schema.org\",\"@graph\":[{\"@type\":\"WebPage\",\"@id\":\"https:\\\/\\\/cardinal-tapes.com\\\/es\\\/cintas-adhesivas\\\/produccion-transformacion-del-aluminio\\\/orabond-1397-pp-pet-tape\\\/\",\"url\":\"https:\\\/\\\/cardinal-tapes.com\\\/es\\\/cintas-adhesivas\\\/produccion-transformacion-del-aluminio\\\/orabond-1397-pp-pet-tape\\\/\",\"name\":\"Cinta adhesiva ORABOND\u00ae 1397 PP PET | Cardinal TAPES\",\"isPartOf\":{\"@id\":\"https:\\\/\\\/cardinal-tapes.com\\\/#website\"},\"primaryImageOfPage\":{\"@id\":\"https:\\\/\\\/cardinal-tapes.com\\\/es\\\/cintas-adhesivas\\\/produccion-transformacion-del-aluminio\\\/orabond-1397-pp-pet-tape\\\/#primaryimage\"},\"image\":{\"@id\":\"https:\\\/\\\/cardinal-tapes.com\\\/es\\\/cintas-adhesivas\\\/produccion-transformacion-del-aluminio\\\/orabond-1397-pp-pet-tape\\\/#primaryimage\"},\"thumbnailUrl\":\"https:\\\/\\\/cardinal-tapes.com\\\/wp-content\\\/uploads\\\/1397PPd-scaled.jpg\",\"datePublished\":\"2023-06-05T14:47:10+00:00\",\"description\":\"La cinta adhesiva de doble cara consiste en un soporte de pel\u00edcula de poli\u00e9ster recubierto por ambas caras con un adhesivo acr\u00edlico modificado sensible a la presi\u00f3n.\",\"breadcrumb\":{\"@id\":\"https:\\\/\\\/cardinal-tapes.com\\\/es\\\/cintas-adhesivas\\\/produccion-transformacion-del-aluminio\\\/orabond-1397-pp-pet-tape\\\/#breadcrumb\"},\"inLanguage\":\"es\",\"potentialAction\":[{\"@type\":\"ReadAction\",\"target\":[\"https:\\\/\\\/cardinal-tapes.com\\\/es\\\/cintas-adhesivas\\\/produccion-transformacion-del-aluminio\\\/orabond-1397-pp-pet-tape\\\/\"]}]},{\"@type\":\"ImageObject\",\"inLanguage\":\"es\",\"@id\":\"https:\\\/\\\/cardinal-tapes.com\\\/es\\\/cintas-adhesivas\\\/produccion-transformacion-del-aluminio\\\/orabond-1397-pp-pet-tape\\\/#primaryimage\",\"url\":\"https:\\\/\\\/cardinal-tapes.com\\\/wp-content\\\/uploads\\\/1397PPd-scaled.jpg\",\"contentUrl\":\"https:\\\/\\\/cardinal-tapes.com\\\/wp-content\\\/uploads\\\/1397PPd-scaled.jpg\",\"width\":2560,\"height\":1707},{\"@type\":\"BreadcrumbList\",\"@id\":\"https:\\\/\\\/cardinal-tapes.com\\\/es\\\/cintas-adhesivas\\\/produccion-transformacion-del-aluminio\\\/orabond-1397-pp-pet-tape\\\/#breadcrumb\",\"itemListElement\":[{\"@type\":\"ListItem\",\"position\":1,\"name\":\"Startseite\",\"item\":\"https:\\\/\\\/cardinal-tapes.com\\\/es\\\/\"},{\"@type\":\"ListItem\",\"position\":2,\"name\":\"Cintas adhesivas\",\"item\":\"https:\\\/\\\/cardinal-tapes.com\\\/es\\\/cintas-adhesivas-es\\\/\"},{\"@type\":\"ListItem\",\"position\":3,\"name\":\"Ingenier\u00eda mec\u00e1nica\",\"item\":\"https:\\\/\\\/cardinal-tapes.com\\\/es\\\/categora\\\/ingenieria-mecanica\\\/\"},{\"@type\":\"ListItem\",\"position\":4,\"name\":\"Cinta adhesiva ORABOND\u00ae 1397 PP PET\"}]},{\"@type\":\"WebSite\",\"@id\":\"https:\\\/\\\/cardinal-tapes.com\\\/#website\",\"url\":\"https:\\\/\\\/cardinal-tapes.com\\\/\",\"name\":\"cardinal TAPES\",\"description\":\"Klebetechnik aus Wuppertal\",\"potentialAction\":[{\"@type\":\"SearchAction\",\"target\":{\"@type\":\"EntryPoint\",\"urlTemplate\":\"https:\\\/\\\/cardinal-tapes.com\\\/?s={search_term_string}\"},\"query-input\":{\"@type\":\"PropertyValueSpecification\",\"valueRequired\":true,\"valueName\":\"search_term_string\"}}],\"inLanguage\":\"es\"}]}<\/script>\n<!-- \/ Yoast SEO plugin. -->","yoast_head_json":{"title":"Cinta adhesiva ORABOND\u00ae 1397 PP PET | Cardinal TAPES","description":"La cinta adhesiva de doble cara consiste en un soporte de pel\u00edcula de poli\u00e9ster recubierto por ambas caras con un adhesivo acr\u00edlico modificado sensible a la presi\u00f3n.","robots":{"index":"index","follow":"follow","max-snippet":"max-snippet:-1","max-image-preview":"max-image-preview:large","max-video-preview":"max-video-preview:-1"},"canonical":"https:\/\/cardinal-tapes.com\/es\/cintas-adhesivas\/produccion-transformacion-del-aluminio\/orabond-1397-pp-pet-tape\/","og_locale":"es_ES","og_type":"article","og_title":"Cinta adhesiva ORABOND\u00ae 1397 PP PET | Cardinal TAPES","og_description":"La cinta adhesiva de doble cara consiste en un soporte de pel\u00edcula de poli\u00e9ster recubierto por ambas caras con un adhesivo acr\u00edlico modificado sensible a la presi\u00f3n.","og_url":"https:\/\/cardinal-tapes.com\/es\/cintas-adhesivas\/produccion-transformacion-del-aluminio\/orabond-1397-pp-pet-tape\/","og_site_name":"cardinal TAPES","og_image":[{"width":2560,"height":1707,"url":"https:\/\/cardinal-tapes.com\/wp-content\/uploads\/1397PPd-scaled.jpg","type":"image\/jpeg"}],"twitter_card":"summary_large_image","twitter_misc":{"Tiempo de lectura":"1 minuto"},"schema":{"@context":"https:\/\/schema.org","@graph":[{"@type":"WebPage","@id":"https:\/\/cardinal-tapes.com\/es\/cintas-adhesivas\/produccion-transformacion-del-aluminio\/orabond-1397-pp-pet-tape\/","url":"https:\/\/cardinal-tapes.com\/es\/cintas-adhesivas\/produccion-transformacion-del-aluminio\/orabond-1397-pp-pet-tape\/","name":"Cinta adhesiva ORABOND\u00ae 1397 PP PET | Cardinal TAPES","isPartOf":{"@id":"https:\/\/cardinal-tapes.com\/#website"},"primaryImageOfPage":{"@id":"https:\/\/cardinal-tapes.com\/es\/cintas-adhesivas\/produccion-transformacion-del-aluminio\/orabond-1397-pp-pet-tape\/#primaryimage"},"image":{"@id":"https:\/\/cardinal-tapes.com\/es\/cintas-adhesivas\/produccion-transformacion-del-aluminio\/orabond-1397-pp-pet-tape\/#primaryimage"},"thumbnailUrl":"https:\/\/cardinal-tapes.com\/wp-content\/uploads\/1397PPd-scaled.jpg","datePublished":"2023-06-05T14:47:10+00:00","description":"La cinta adhesiva de doble cara consiste en un soporte de pel\u00edcula de poli\u00e9ster recubierto por ambas caras con un adhesivo acr\u00edlico modificado sensible a la presi\u00f3n.","breadcrumb":{"@id":"https:\/\/cardinal-tapes.com\/es\/cintas-adhesivas\/produccion-transformacion-del-aluminio\/orabond-1397-pp-pet-tape\/#breadcrumb"},"inLanguage":"es","potentialAction":[{"@type":"ReadAction","target":["https:\/\/cardinal-tapes.com\/es\/cintas-adhesivas\/produccion-transformacion-del-aluminio\/orabond-1397-pp-pet-tape\/"]}]},{"@type":"ImageObject","inLanguage":"es","@id":"https:\/\/cardinal-tapes.com\/es\/cintas-adhesivas\/produccion-transformacion-del-aluminio\/orabond-1397-pp-pet-tape\/#primaryimage","url":"https:\/\/cardinal-tapes.com\/wp-content\/uploads\/1397PPd-scaled.jpg","contentUrl":"https:\/\/cardinal-tapes.com\/wp-content\/uploads\/1397PPd-scaled.jpg","width":2560,"height":1707},{"@type":"BreadcrumbList","@id":"https:\/\/cardinal-tapes.com\/es\/cintas-adhesivas\/produccion-transformacion-del-aluminio\/orabond-1397-pp-pet-tape\/#breadcrumb","itemListElement":[{"@type":"ListItem","position":1,"name":"Startseite","item":"https:\/\/cardinal-tapes.com\/es\/"},{"@type":"ListItem","position":2,"name":"Cintas adhesivas","item":"https:\/\/cardinal-tapes.com\/es\/cintas-adhesivas-es\/"},{"@type":"ListItem","position":3,"name":"Ingenier\u00eda mec\u00e1nica","item":"https:\/\/cardinal-tapes.com\/es\/categora\/ingenieria-mecanica\/"},{"@type":"ListItem","position":4,"name":"Cinta adhesiva ORABOND\u00ae 1397 PP PET"}]},{"@type":"WebSite","@id":"https:\/\/cardinal-tapes.com\/#website","url":"https:\/\/cardinal-tapes.com\/","name":"cardinal TAPES","description":"Klebetechnik aus Wuppertal","potentialAction":[{"@type":"SearchAction","target":{"@type":"EntryPoint","urlTemplate":"https:\/\/cardinal-tapes.com\/?s={search_term_string}"},"query-input":{"@type":"PropertyValueSpecification","valueRequired":true,"valueName":"search_term_string"}}],"inLanguage":"es"}]}},"brands":[{"id":2910,"name":"ORAFOL","slug":"orafol-es"}],"_links":{"self":[{"href":"https:\/\/cardinal-tapes.com\/es\/wp-json\/wp\/v2\/product\/38508","targetHints":{"allow":["GET"]}}],"collection":[{"href":"https:\/\/cardinal-tapes.com\/es\/wp-json\/wp\/v2\/product"}],"about":[{"href":"https:\/\/cardinal-tapes.com\/es\/wp-json\/wp\/v2\/types\/product"}],"wp:featuredmedia":[{"embeddable":true,"href":"https:\/\/cardinal-tapes.com\/es\/wp-json\/wp\/v2\/media\/29191"}],"wp:attachment":[{"href":"https:\/\/cardinal-tapes.com\/es\/wp-json\/wp\/v2\/media?parent=38508"}],"wp:term":[{"taxonomy":"pwb-brand","embeddable":true,"href":"https:\/\/cardinal-tapes.com\/es\/wp-json\/wp\/v2\/pwb-brand?post=38508"},{"taxonomy":"product_brand","embeddable":true,"href":"https:\/\/cardinal-tapes.com\/es\/wp-json\/wp\/v2\/product_brand?post=38508"},{"taxonomy":"product_cat","embeddable":true,"href":"https:\/\/cardinal-tapes.com\/es\/wp-json\/wp\/v2\/product_cat?post=38508"},{"taxonomy":"product_tag","embeddable":true,"href":"https:\/\/cardinal-tapes.com\/es\/wp-json\/wp\/v2\/product_tag?post=38508"}],"curies":[{"name":"wp","href":"https:\/\/api.w.org\/{rel}","templated":true}]}}