{"id":38506,"date":"2023-02-24T12:42:23","date_gmt":"2023-06-05T14:47:10","guid":{"rendered":"https:\/\/cardinal.pixel-tal.de\/klebebaender\/sin categor\u00eda\/cinta-adhesiva-de-pvc-orabond-3331\/"},"modified":"2023-06-05T16:47:10","modified_gmt":"2023-06-05T14:47:10","slug":"orabond-3331-pvc-tape","status":"publish","type":"product","link":"https:\/\/cardinal-tapes.com\/es\/cintas-adhesivas\/ambitos-de-aplicacion\/produccion-transformacion-del-aluminio\/orabond-3331-pvc-tape\/","title":{"rendered":"Cinta adhesiva de PVC ORABOND\u00ae 3331"},"content":{"rendered":"<p>La cinta adhesiva de doble cara est\u00e1 formada por un soporte de pel\u00edcula de PVC r\u00edgido recubierto por ambas caras con un adhesivo de acrilato sensible a la presi\u00f3n que tiene muy buena resistencia a la radiaci\u00f3n UV, la tensi\u00f3n t\u00e9rmica, los productos qu\u00edmicos y los disolventes, as\u00ed como a la humedad. El adhesivo sensible a la presi\u00f3n, altamente resistente al cizallamiento, presenta una excelente adhesi\u00f3n permanente a superficies met\u00e1licas, lacadas y pl\u00e1sticas de alta energ\u00eda, as\u00ed como una buena adhesi\u00f3n permanente a superficies de baja energ\u00eda. Tambi\u00e9n es adecuado para superficies rugosas o estructuradas gracias a su aplicaci\u00f3n en grandes masas.<\/p>\n<p><strong>\u00c1mbitos de aplicaci\u00f3n<\/strong><\/p>\n<p>Pegado de retrovisores exteriores de autom\u00f3viles y camiones en carcasas de pl\u00e1stico con protecci\u00f3n simult\u00e1nea contra astillas. Acabado autoadhesivo de se\u00f1ales de tipo, rendimiento e informaci\u00f3n, as\u00ed como perfiles de revestimiento de pl\u00e1stico extruido para montaje final permanente en la industria del mueble, montaje de piezas decorativas, doblados y barras de acristalamiento en una amplia variedad de superficies. Fijaci\u00f3n de biseles y soportes en la industria telef\u00f3nica, de electrodom\u00e9sticos y el\u00e9ctrica.<\/p>\n","protected":false},"excerpt":{"rendered":"<p>La cinta adhesiva de doble cara est\u00e1 formada por un soporte de pel\u00edcula de PVC r\u00edgido recubierto por ambas caras con un adhesivo de acrilato sensible a la presi\u00f3n que tiene muy buena resistencia a la radiaci\u00f3n UV, la tensi\u00f3n t\u00e9rmica, los productos qu\u00edmicos y los disolventes, as\u00ed como a la humedad. El adhesivo sensible [&hellip;]<\/p>\n","protected":false},"featured_media":29211,"template":"","meta":{"_acf_changed":false},"pwb-brand":[2910],"product_brand":[],"product_cat":[1704,1708,1711,1800,1804,1695,1703],"product_tag":[],"class_list":{"0":"post-38506","1":"product","2":"type-product","3":"status-publish","4":"has-post-thumbnail","6":"pwb-brand-orafol-es","7":"product_cat-produccion-de-peliculas","8":"product_cat-industria-del-plastico","9":"product_cat-ingenieria-mecanica","10":"product_cat-industria-textil","11":"product_cat-cintas-adhesivas-de-doble-cara","12":"product_cat-produccion-transformacion-del-aluminio","13":"product_cat-industria-electrica","15":"first","16":"instock","17":"taxable","18":"shipping-taxable","19":"purchasable","20":"product-type-variable"},"acf":[],"yoast_head":"<!-- This site is optimized with the Yoast SEO plugin v27.3 - https:\/\/yoast.com\/product\/yoast-seo-wordpress\/ -->\n<title>Cinta adhesiva de PVC ORABOND\u00ae 3331 | Cardinal TAPES<\/title>\n<meta name=\"description\" content=\"Orabond 3331 consiste en un soporte de pel\u00edcula de PVC r\u00edgido recubierto por ambas caras con un adhesivo de acrilato sensible a la presi\u00f3n y tiene muy buena resistencia a la radiaci\u00f3n UV.\" \/>\n<meta name=\"robots\" content=\"index, follow, max-snippet:-1, max-image-preview:large, max-video-preview:-1\" \/>\n<link rel=\"canonical\" href=\"https:\/\/cardinal-tapes.com\/es\/cintas-adhesivas\/produccion-transformacion-del-aluminio\/orabond-3331-pvc-tape\/\" \/>\n<meta property=\"og:locale\" content=\"es_ES\" \/>\n<meta property=\"og:type\" content=\"article\" \/>\n<meta property=\"og:title\" content=\"Cinta adhesiva de PVC ORABOND\u00ae 3331 | Cardinal TAPES\" \/>\n<meta property=\"og:description\" content=\"Orabond 3331 consiste en un soporte de pel\u00edcula de PVC r\u00edgido recubierto por ambas caras con un adhesivo de acrilato sensible a la presi\u00f3n y tiene muy buena resistencia a la radiaci\u00f3n UV.\" \/>\n<meta property=\"og:url\" content=\"https:\/\/cardinal-tapes.com\/es\/cintas-adhesivas\/produccion-transformacion-del-aluminio\/orabond-3331-pvc-tape\/\" \/>\n<meta property=\"og:site_name\" content=\"cardinal TAPES\" \/>\n<meta property=\"og:image\" content=\"https:\/\/cardinal-tapes.com\/wp-content\/uploads\/3331TG-scaled.jpg\" \/>\n\t<meta property=\"og:image:width\" content=\"2560\" \/>\n\t<meta property=\"og:image:height\" content=\"1707\" \/>\n\t<meta property=\"og:image:type\" content=\"image\/jpeg\" \/>\n<meta name=\"twitter:card\" content=\"summary_large_image\" \/>\n<meta name=\"twitter:label1\" content=\"Tiempo de lectura\" \/>\n\t<meta name=\"twitter:data1\" content=\"1 minuto\" \/>\n<script type=\"application\/ld+json\" class=\"yoast-schema-graph\">{\"@context\":\"https:\\\/\\\/schema.org\",\"@graph\":[{\"@type\":\"WebPage\",\"@id\":\"https:\\\/\\\/cardinal-tapes.com\\\/es\\\/cintas-adhesivas\\\/produccion-transformacion-del-aluminio\\\/orabond-3331-pvc-tape\\\/\",\"url\":\"https:\\\/\\\/cardinal-tapes.com\\\/es\\\/cintas-adhesivas\\\/produccion-transformacion-del-aluminio\\\/orabond-3331-pvc-tape\\\/\",\"name\":\"Cinta adhesiva de PVC ORABOND\u00ae 3331 | Cardinal TAPES\",\"isPartOf\":{\"@id\":\"https:\\\/\\\/cardinal-tapes.com\\\/#website\"},\"primaryImageOfPage\":{\"@id\":\"https:\\\/\\\/cardinal-tapes.com\\\/es\\\/cintas-adhesivas\\\/produccion-transformacion-del-aluminio\\\/orabond-3331-pvc-tape\\\/#primaryimage\"},\"image\":{\"@id\":\"https:\\\/\\\/cardinal-tapes.com\\\/es\\\/cintas-adhesivas\\\/produccion-transformacion-del-aluminio\\\/orabond-3331-pvc-tape\\\/#primaryimage\"},\"thumbnailUrl\":\"https:\\\/\\\/cardinal-tapes.com\\\/wp-content\\\/uploads\\\/3331TG-scaled.jpg\",\"datePublished\":\"2023-06-05T14:47:10+00:00\",\"description\":\"Orabond 3331 consiste en un soporte de pel\u00edcula de PVC r\u00edgido recubierto por ambas caras con un adhesivo de acrilato sensible a la presi\u00f3n y tiene muy buena resistencia a la radiaci\u00f3n UV.\",\"breadcrumb\":{\"@id\":\"https:\\\/\\\/cardinal-tapes.com\\\/es\\\/cintas-adhesivas\\\/produccion-transformacion-del-aluminio\\\/orabond-3331-pvc-tape\\\/#breadcrumb\"},\"inLanguage\":\"es\",\"potentialAction\":[{\"@type\":\"ReadAction\",\"target\":[\"https:\\\/\\\/cardinal-tapes.com\\\/es\\\/cintas-adhesivas\\\/produccion-transformacion-del-aluminio\\\/orabond-3331-pvc-tape\\\/\"]}]},{\"@type\":\"ImageObject\",\"inLanguage\":\"es\",\"@id\":\"https:\\\/\\\/cardinal-tapes.com\\\/es\\\/cintas-adhesivas\\\/produccion-transformacion-del-aluminio\\\/orabond-3331-pvc-tape\\\/#primaryimage\",\"url\":\"https:\\\/\\\/cardinal-tapes.com\\\/wp-content\\\/uploads\\\/3331TG-scaled.jpg\",\"contentUrl\":\"https:\\\/\\\/cardinal-tapes.com\\\/wp-content\\\/uploads\\\/3331TG-scaled.jpg\",\"width\":2560,\"height\":1707},{\"@type\":\"BreadcrumbList\",\"@id\":\"https:\\\/\\\/cardinal-tapes.com\\\/es\\\/cintas-adhesivas\\\/produccion-transformacion-del-aluminio\\\/orabond-3331-pvc-tape\\\/#breadcrumb\",\"itemListElement\":[{\"@type\":\"ListItem\",\"position\":1,\"name\":\"Startseite\",\"item\":\"https:\\\/\\\/cardinal-tapes.com\\\/es\\\/\"},{\"@type\":\"ListItem\",\"position\":2,\"name\":\"Cintas adhesivas\",\"item\":\"https:\\\/\\\/cardinal-tapes.com\\\/es\\\/cintas-adhesivas-es\\\/\"},{\"@type\":\"ListItem\",\"position\":3,\"name\":\"Producci\u00f3n \\\/ transformaci\u00f3n del aluminio\",\"item\":\"https:\\\/\\\/cardinal-tapes.com\\\/es\\\/categora\\\/produccion-transformacion-del-aluminio\\\/\"},{\"@type\":\"ListItem\",\"position\":4,\"name\":\"Cinta adhesiva de PVC ORABOND\u00ae 3331\"}]},{\"@type\":\"WebSite\",\"@id\":\"https:\\\/\\\/cardinal-tapes.com\\\/#website\",\"url\":\"https:\\\/\\\/cardinal-tapes.com\\\/\",\"name\":\"cardinal TAPES\",\"description\":\"Klebetechnik aus Wuppertal\",\"potentialAction\":[{\"@type\":\"SearchAction\",\"target\":{\"@type\":\"EntryPoint\",\"urlTemplate\":\"https:\\\/\\\/cardinal-tapes.com\\\/?s={search_term_string}\"},\"query-input\":{\"@type\":\"PropertyValueSpecification\",\"valueRequired\":true,\"valueName\":\"search_term_string\"}}],\"inLanguage\":\"es\"}]}<\/script>\n<!-- \/ Yoast SEO plugin. -->","yoast_head_json":{"title":"Cinta adhesiva de PVC ORABOND\u00ae 3331 | Cardinal TAPES","description":"Orabond 3331 consiste en un soporte de pel\u00edcula de PVC r\u00edgido recubierto por ambas caras con un adhesivo de acrilato sensible a la presi\u00f3n y tiene muy buena resistencia a la radiaci\u00f3n UV.","robots":{"index":"index","follow":"follow","max-snippet":"max-snippet:-1","max-image-preview":"max-image-preview:large","max-video-preview":"max-video-preview:-1"},"canonical":"https:\/\/cardinal-tapes.com\/es\/cintas-adhesivas\/produccion-transformacion-del-aluminio\/orabond-3331-pvc-tape\/","og_locale":"es_ES","og_type":"article","og_title":"Cinta adhesiva de PVC ORABOND\u00ae 3331 | Cardinal TAPES","og_description":"Orabond 3331 consiste en un soporte de pel\u00edcula de PVC r\u00edgido recubierto por ambas caras con un adhesivo de acrilato sensible a la presi\u00f3n y tiene muy buena resistencia a la radiaci\u00f3n UV.","og_url":"https:\/\/cardinal-tapes.com\/es\/cintas-adhesivas\/produccion-transformacion-del-aluminio\/orabond-3331-pvc-tape\/","og_site_name":"cardinal TAPES","og_image":[{"width":2560,"height":1707,"url":"https:\/\/cardinal-tapes.com\/wp-content\/uploads\/3331TG-scaled.jpg","type":"image\/jpeg"}],"twitter_card":"summary_large_image","twitter_misc":{"Tiempo de lectura":"1 minuto"},"schema":{"@context":"https:\/\/schema.org","@graph":[{"@type":"WebPage","@id":"https:\/\/cardinal-tapes.com\/es\/cintas-adhesivas\/produccion-transformacion-del-aluminio\/orabond-3331-pvc-tape\/","url":"https:\/\/cardinal-tapes.com\/es\/cintas-adhesivas\/produccion-transformacion-del-aluminio\/orabond-3331-pvc-tape\/","name":"Cinta adhesiva de PVC ORABOND\u00ae 3331 | Cardinal TAPES","isPartOf":{"@id":"https:\/\/cardinal-tapes.com\/#website"},"primaryImageOfPage":{"@id":"https:\/\/cardinal-tapes.com\/es\/cintas-adhesivas\/produccion-transformacion-del-aluminio\/orabond-3331-pvc-tape\/#primaryimage"},"image":{"@id":"https:\/\/cardinal-tapes.com\/es\/cintas-adhesivas\/produccion-transformacion-del-aluminio\/orabond-3331-pvc-tape\/#primaryimage"},"thumbnailUrl":"https:\/\/cardinal-tapes.com\/wp-content\/uploads\/3331TG-scaled.jpg","datePublished":"2023-06-05T14:47:10+00:00","description":"Orabond 3331 consiste en un soporte de pel\u00edcula de PVC r\u00edgido recubierto por ambas caras con un adhesivo de acrilato sensible a la presi\u00f3n y tiene muy buena resistencia a la radiaci\u00f3n UV.","breadcrumb":{"@id":"https:\/\/cardinal-tapes.com\/es\/cintas-adhesivas\/produccion-transformacion-del-aluminio\/orabond-3331-pvc-tape\/#breadcrumb"},"inLanguage":"es","potentialAction":[{"@type":"ReadAction","target":["https:\/\/cardinal-tapes.com\/es\/cintas-adhesivas\/produccion-transformacion-del-aluminio\/orabond-3331-pvc-tape\/"]}]},{"@type":"ImageObject","inLanguage":"es","@id":"https:\/\/cardinal-tapes.com\/es\/cintas-adhesivas\/produccion-transformacion-del-aluminio\/orabond-3331-pvc-tape\/#primaryimage","url":"https:\/\/cardinal-tapes.com\/wp-content\/uploads\/3331TG-scaled.jpg","contentUrl":"https:\/\/cardinal-tapes.com\/wp-content\/uploads\/3331TG-scaled.jpg","width":2560,"height":1707},{"@type":"BreadcrumbList","@id":"https:\/\/cardinal-tapes.com\/es\/cintas-adhesivas\/produccion-transformacion-del-aluminio\/orabond-3331-pvc-tape\/#breadcrumb","itemListElement":[{"@type":"ListItem","position":1,"name":"Startseite","item":"https:\/\/cardinal-tapes.com\/es\/"},{"@type":"ListItem","position":2,"name":"Cintas adhesivas","item":"https:\/\/cardinal-tapes.com\/es\/cintas-adhesivas-es\/"},{"@type":"ListItem","position":3,"name":"Producci\u00f3n \/ transformaci\u00f3n del aluminio","item":"https:\/\/cardinal-tapes.com\/es\/categora\/produccion-transformacion-del-aluminio\/"},{"@type":"ListItem","position":4,"name":"Cinta adhesiva de PVC ORABOND\u00ae 3331"}]},{"@type":"WebSite","@id":"https:\/\/cardinal-tapes.com\/#website","url":"https:\/\/cardinal-tapes.com\/","name":"cardinal TAPES","description":"Klebetechnik aus Wuppertal","potentialAction":[{"@type":"SearchAction","target":{"@type":"EntryPoint","urlTemplate":"https:\/\/cardinal-tapes.com\/?s={search_term_string}"},"query-input":{"@type":"PropertyValueSpecification","valueRequired":true,"valueName":"search_term_string"}}],"inLanguage":"es"}]}},"brands":[{"id":2910,"name":"ORAFOL","slug":"orafol-es"}],"_links":{"self":[{"href":"https:\/\/cardinal-tapes.com\/es\/wp-json\/wp\/v2\/product\/38506","targetHints":{"allow":["GET"]}}],"collection":[{"href":"https:\/\/cardinal-tapes.com\/es\/wp-json\/wp\/v2\/product"}],"about":[{"href":"https:\/\/cardinal-tapes.com\/es\/wp-json\/wp\/v2\/types\/product"}],"wp:featuredmedia":[{"embeddable":true,"href":"https:\/\/cardinal-tapes.com\/es\/wp-json\/wp\/v2\/media\/29211"}],"wp:attachment":[{"href":"https:\/\/cardinal-tapes.com\/es\/wp-json\/wp\/v2\/media?parent=38506"}],"wp:term":[{"taxonomy":"pwb-brand","embeddable":true,"href":"https:\/\/cardinal-tapes.com\/es\/wp-json\/wp\/v2\/pwb-brand?post=38506"},{"taxonomy":"product_brand","embeddable":true,"href":"https:\/\/cardinal-tapes.com\/es\/wp-json\/wp\/v2\/product_brand?post=38506"},{"taxonomy":"product_cat","embeddable":true,"href":"https:\/\/cardinal-tapes.com\/es\/wp-json\/wp\/v2\/product_cat?post=38506"},{"taxonomy":"product_tag","embeddable":true,"href":"https:\/\/cardinal-tapes.com\/es\/wp-json\/wp\/v2\/product_tag?post=38506"}],"curies":[{"name":"wp","href":"https:\/\/api.w.org\/{rel}","templated":true}]}}