{"id":38481,"date":"2023-03-09T15:33:53","date_gmt":"2023-06-05T14:47:09","guid":{"rendered":"https:\/\/cardinal.pixel-tal.de\/klebebaender\/sin categor\u00eda\/tesa-4831-cinta-de-enmascarar-sin-silicona\/"},"modified":"2023-06-05T16:47:09","modified_gmt":"2023-06-05T14:47:09","slug":"tesa-4831-cinta-de-enmascarar-sin-silicona","status":"publish","type":"product","link":"https:\/\/cardinal-tapes.com\/es\/cintas-adhesivas\/cintas-adhesivas-de-una-cara\/cinta-pet\/tesa-4831-cinta-de-enmascarar-sin-silicona\/","title":{"rendered":"tesa\u00ae 4831 cinta de enmascarar sin silicona"},"content":{"rendered":"<p>La cinta de enmascarar sin silicona <span class=\"lowercase\">tesa\u00ae<\/span>4831 soporta altas presiones y temperaturas de hasta 180 \u00b0C. El robusto sustrato es un laminado de pel\u00edcula PET y tela no tejida que soporta f\u00e1cilmente estas temperaturas y produce bordes de color precisos. Tambi\u00e9n se garantiza una manipulaci\u00f3n segura, ya que la cinta se caracteriza por su alta resistencia al desgarro y su facilidad de manipulaci\u00f3n. El adhesivo sin silicona proporciona una excelente adherencia a superficies rugosas. No provoca efectos fantasma ni decoloraci\u00f3n en distintas superficies y le ayuda a conseguir resultados satisfactorios.<\/p>\n<p>La contaminaci\u00f3n cruzada en las zonas de producci\u00f3n significa que los procesos posteriores no pueden llevarse a cabo sin un tratamiento adicional. Sin embargo, puede evitarse el laborioso trabajo de limpieza a lo largo de la producci\u00f3n. La vers\u00e1til cinta de enmascarar <span class=\"lowercase\">tesa\u00ae<\/span>4831 reduce eficazmente la necesidad de retrabajo o el n\u00famero de productos defectuosos, ahorrando tiempo y dinero. Est\u00e1 100% libre de siliconas org\u00e1nicas. Una vez finalizada la fase de trabajo, nuestra cinta adhesiva puede retirarse sin dejar residuos, garantizando as\u00ed la m\u00e1xima fiabilidad de la producci\u00f3n. Puede continuar, \u00a1sin trabajo extra!<\/p>\n","protected":false},"excerpt":{"rendered":"<p>La cinta de enmascarar sin silicona tesa\u00ae4831 soporta altas presiones y temperaturas de hasta 180 \u00b0C. El robusto sustrato es un laminado de pel\u00edcula PET y tela no tejida que soporta f\u00e1cilmente estas temperaturas y produce bordes de color precisos. Tambi\u00e9n se garantiza una manipulaci\u00f3n segura, ya que la cinta se caracteriza por su alta [&hellip;]<\/p>\n","protected":false},"featured_media":29215,"template":"","meta":{"_acf_changed":false},"pwb-brand":[2163],"product_brand":[],"product_cat":[1809,1871,1806],"product_tag":[],"class_list":{"0":"post-38481","1":"product","2":"type-product","3":"status-publish","4":"has-post-thumbnail","6":"pwb-brand-tesa-es","7":"product_cat-cinta-pet","8":"product_cat-sistemas-de-envasado","9":"product_cat-cintas-adhesivas-de-una-cara","11":"first","12":"instock","13":"featured","14":"taxable","15":"shipping-taxable","16":"purchasable","17":"product-type-variable"},"acf":[],"yoast_head":"<!-- This site is optimized with the Yoast SEO plugin v27.3 - https:\/\/yoast.com\/product\/yoast-seo-wordpress\/ -->\n<title>tesa\u00ae 4831 cinta de enmascarar sin silicona | Cardinal TAPES<\/title>\n<meta name=\"description\" content=\"La cinta de enmascarar sin silicona tesa\u00ae 4831 es un laminado de pel\u00edcula de PET y tela no tejida y puede soportar altas presiones y temperaturas de hasta 180 \u00b0C.\" \/>\n<meta name=\"robots\" content=\"index, follow, max-snippet:-1, max-image-preview:large, max-video-preview:-1\" \/>\n<link rel=\"canonical\" href=\"https:\/\/cardinal-tapes.com\/es\/cintas-adhesivas\/cintas-adhesivas-de-una-cara\/tesa-4831-cinta-de-enmascarar-sin-silicona\/\" \/>\n<meta property=\"og:locale\" content=\"es_ES\" \/>\n<meta property=\"og:type\" content=\"article\" \/>\n<meta property=\"og:title\" content=\"tesa\u00ae 4831 cinta de enmascarar sin silicona | Cardinal TAPES\" \/>\n<meta property=\"og:description\" content=\"La cinta de enmascarar sin silicona tesa\u00ae 4831 es un laminado de pel\u00edcula de PET y tela no tejida y puede soportar altas presiones y temperaturas de hasta 180 \u00b0C.\" \/>\n<meta property=\"og:url\" content=\"https:\/\/cardinal-tapes.com\/es\/cintas-adhesivas\/cintas-adhesivas-de-una-cara\/tesa-4831-cinta-de-enmascarar-sin-silicona\/\" \/>\n<meta property=\"og:site_name\" content=\"cardinal TAPES\" \/>\n<meta property=\"og:image\" content=\"https:\/\/cardinal-tapes.com\/wp-content\/uploads\/tesa-4831-048310000000-pr10795894_padded1x1_9.webp\" \/>\n\t<meta property=\"og:image:width\" content=\"928\" \/>\n\t<meta property=\"og:image:height\" content=\"928\" \/>\n\t<meta property=\"og:image:type\" content=\"image\/webp\" \/>\n<meta name=\"twitter:card\" content=\"summary_large_image\" \/>\n<meta name=\"twitter:label1\" content=\"Tiempo de lectura\" \/>\n\t<meta name=\"twitter:data1\" content=\"1 minuto\" \/>\n<script type=\"application\/ld+json\" class=\"yoast-schema-graph\">{\"@context\":\"https:\\\/\\\/schema.org\",\"@graph\":[{\"@type\":\"WebPage\",\"@id\":\"https:\\\/\\\/cardinal-tapes.com\\\/es\\\/cintas-adhesivas\\\/cintas-adhesivas-de-una-cara\\\/tesa-4831-cinta-de-enmascarar-sin-silicona\\\/\",\"url\":\"https:\\\/\\\/cardinal-tapes.com\\\/es\\\/cintas-adhesivas\\\/cintas-adhesivas-de-una-cara\\\/tesa-4831-cinta-de-enmascarar-sin-silicona\\\/\",\"name\":\"tesa\u00ae 4831 cinta de enmascarar sin silicona | Cardinal TAPES\",\"isPartOf\":{\"@id\":\"https:\\\/\\\/cardinal-tapes.com\\\/#website\"},\"primaryImageOfPage\":{\"@id\":\"https:\\\/\\\/cardinal-tapes.com\\\/es\\\/cintas-adhesivas\\\/cintas-adhesivas-de-una-cara\\\/tesa-4831-cinta-de-enmascarar-sin-silicona\\\/#primaryimage\"},\"image\":{\"@id\":\"https:\\\/\\\/cardinal-tapes.com\\\/es\\\/cintas-adhesivas\\\/cintas-adhesivas-de-una-cara\\\/tesa-4831-cinta-de-enmascarar-sin-silicona\\\/#primaryimage\"},\"thumbnailUrl\":\"https:\\\/\\\/cardinal-tapes.com\\\/wp-content\\\/uploads\\\/tesa-4831-048310000000-pr10795894_padded1x1_9.webp\",\"datePublished\":\"2023-06-05T14:47:09+00:00\",\"description\":\"La cinta de enmascarar sin silicona tesa\u00ae 4831 es un laminado de pel\u00edcula de PET y tela no tejida y puede soportar altas presiones y temperaturas de hasta 180 \u00b0C.\",\"breadcrumb\":{\"@id\":\"https:\\\/\\\/cardinal-tapes.com\\\/es\\\/cintas-adhesivas\\\/cintas-adhesivas-de-una-cara\\\/tesa-4831-cinta-de-enmascarar-sin-silicona\\\/#breadcrumb\"},\"inLanguage\":\"es\",\"potentialAction\":[{\"@type\":\"ReadAction\",\"target\":[\"https:\\\/\\\/cardinal-tapes.com\\\/es\\\/cintas-adhesivas\\\/cintas-adhesivas-de-una-cara\\\/tesa-4831-cinta-de-enmascarar-sin-silicona\\\/\"]}]},{\"@type\":\"ImageObject\",\"inLanguage\":\"es\",\"@id\":\"https:\\\/\\\/cardinal-tapes.com\\\/es\\\/cintas-adhesivas\\\/cintas-adhesivas-de-una-cara\\\/tesa-4831-cinta-de-enmascarar-sin-silicona\\\/#primaryimage\",\"url\":\"https:\\\/\\\/cardinal-tapes.com\\\/wp-content\\\/uploads\\\/tesa-4831-048310000000-pr10795894_padded1x1_9.webp\",\"contentUrl\":\"https:\\\/\\\/cardinal-tapes.com\\\/wp-content\\\/uploads\\\/tesa-4831-048310000000-pr10795894_padded1x1_9.webp\",\"width\":928,\"height\":928},{\"@type\":\"BreadcrumbList\",\"@id\":\"https:\\\/\\\/cardinal-tapes.com\\\/es\\\/cintas-adhesivas\\\/cintas-adhesivas-de-una-cara\\\/tesa-4831-cinta-de-enmascarar-sin-silicona\\\/#breadcrumb\",\"itemListElement\":[{\"@type\":\"ListItem\",\"position\":1,\"name\":\"Startseite\",\"item\":\"https:\\\/\\\/cardinal-tapes.com\\\/es\\\/\"},{\"@type\":\"ListItem\",\"position\":2,\"name\":\"Cintas adhesivas\",\"item\":\"https:\\\/\\\/cardinal-tapes.com\\\/es\\\/cintas-adhesivas-es\\\/\"},{\"@type\":\"ListItem\",\"position\":3,\"name\":\"Cintas adhesivas de una cara\",\"item\":\"https:\\\/\\\/cardinal-tapes.com\\\/es\\\/categora\\\/cintas-adhesivas-de-una-cara\\\/\"},{\"@type\":\"ListItem\",\"position\":4,\"name\":\"tesa\u00ae 4831 cinta de enmascarar sin silicona\"}]},{\"@type\":\"WebSite\",\"@id\":\"https:\\\/\\\/cardinal-tapes.com\\\/#website\",\"url\":\"https:\\\/\\\/cardinal-tapes.com\\\/\",\"name\":\"cardinal TAPES\",\"description\":\"Klebetechnik aus Wuppertal\",\"potentialAction\":[{\"@type\":\"SearchAction\",\"target\":{\"@type\":\"EntryPoint\",\"urlTemplate\":\"https:\\\/\\\/cardinal-tapes.com\\\/?s={search_term_string}\"},\"query-input\":{\"@type\":\"PropertyValueSpecification\",\"valueRequired\":true,\"valueName\":\"search_term_string\"}}],\"inLanguage\":\"es\"}]}<\/script>\n<!-- \/ Yoast SEO plugin. -->","yoast_head_json":{"title":"tesa\u00ae 4831 cinta de enmascarar sin silicona | Cardinal TAPES","description":"La cinta de enmascarar sin silicona tesa\u00ae 4831 es un laminado de pel\u00edcula de PET y tela no tejida y puede soportar altas presiones y temperaturas de hasta 180 \u00b0C.","robots":{"index":"index","follow":"follow","max-snippet":"max-snippet:-1","max-image-preview":"max-image-preview:large","max-video-preview":"max-video-preview:-1"},"canonical":"https:\/\/cardinal-tapes.com\/es\/cintas-adhesivas\/cintas-adhesivas-de-una-cara\/tesa-4831-cinta-de-enmascarar-sin-silicona\/","og_locale":"es_ES","og_type":"article","og_title":"tesa\u00ae 4831 cinta de enmascarar sin silicona | Cardinal TAPES","og_description":"La cinta de enmascarar sin silicona tesa\u00ae 4831 es un laminado de pel\u00edcula de PET y tela no tejida y puede soportar altas presiones y temperaturas de hasta 180 \u00b0C.","og_url":"https:\/\/cardinal-tapes.com\/es\/cintas-adhesivas\/cintas-adhesivas-de-una-cara\/tesa-4831-cinta-de-enmascarar-sin-silicona\/","og_site_name":"cardinal TAPES","og_image":[{"width":928,"height":928,"url":"https:\/\/cardinal-tapes.com\/wp-content\/uploads\/tesa-4831-048310000000-pr10795894_padded1x1_9.webp","type":"image\/webp"}],"twitter_card":"summary_large_image","twitter_misc":{"Tiempo de lectura":"1 minuto"},"schema":{"@context":"https:\/\/schema.org","@graph":[{"@type":"WebPage","@id":"https:\/\/cardinal-tapes.com\/es\/cintas-adhesivas\/cintas-adhesivas-de-una-cara\/tesa-4831-cinta-de-enmascarar-sin-silicona\/","url":"https:\/\/cardinal-tapes.com\/es\/cintas-adhesivas\/cintas-adhesivas-de-una-cara\/tesa-4831-cinta-de-enmascarar-sin-silicona\/","name":"tesa\u00ae 4831 cinta de enmascarar sin silicona | Cardinal TAPES","isPartOf":{"@id":"https:\/\/cardinal-tapes.com\/#website"},"primaryImageOfPage":{"@id":"https:\/\/cardinal-tapes.com\/es\/cintas-adhesivas\/cintas-adhesivas-de-una-cara\/tesa-4831-cinta-de-enmascarar-sin-silicona\/#primaryimage"},"image":{"@id":"https:\/\/cardinal-tapes.com\/es\/cintas-adhesivas\/cintas-adhesivas-de-una-cara\/tesa-4831-cinta-de-enmascarar-sin-silicona\/#primaryimage"},"thumbnailUrl":"https:\/\/cardinal-tapes.com\/wp-content\/uploads\/tesa-4831-048310000000-pr10795894_padded1x1_9.webp","datePublished":"2023-06-05T14:47:09+00:00","description":"La cinta de enmascarar sin silicona tesa\u00ae 4831 es un laminado de pel\u00edcula de PET y tela no tejida y puede soportar altas presiones y temperaturas de hasta 180 \u00b0C.","breadcrumb":{"@id":"https:\/\/cardinal-tapes.com\/es\/cintas-adhesivas\/cintas-adhesivas-de-una-cara\/tesa-4831-cinta-de-enmascarar-sin-silicona\/#breadcrumb"},"inLanguage":"es","potentialAction":[{"@type":"ReadAction","target":["https:\/\/cardinal-tapes.com\/es\/cintas-adhesivas\/cintas-adhesivas-de-una-cara\/tesa-4831-cinta-de-enmascarar-sin-silicona\/"]}]},{"@type":"ImageObject","inLanguage":"es","@id":"https:\/\/cardinal-tapes.com\/es\/cintas-adhesivas\/cintas-adhesivas-de-una-cara\/tesa-4831-cinta-de-enmascarar-sin-silicona\/#primaryimage","url":"https:\/\/cardinal-tapes.com\/wp-content\/uploads\/tesa-4831-048310000000-pr10795894_padded1x1_9.webp","contentUrl":"https:\/\/cardinal-tapes.com\/wp-content\/uploads\/tesa-4831-048310000000-pr10795894_padded1x1_9.webp","width":928,"height":928},{"@type":"BreadcrumbList","@id":"https:\/\/cardinal-tapes.com\/es\/cintas-adhesivas\/cintas-adhesivas-de-una-cara\/tesa-4831-cinta-de-enmascarar-sin-silicona\/#breadcrumb","itemListElement":[{"@type":"ListItem","position":1,"name":"Startseite","item":"https:\/\/cardinal-tapes.com\/es\/"},{"@type":"ListItem","position":2,"name":"Cintas adhesivas","item":"https:\/\/cardinal-tapes.com\/es\/cintas-adhesivas-es\/"},{"@type":"ListItem","position":3,"name":"Cintas adhesivas de una cara","item":"https:\/\/cardinal-tapes.com\/es\/categora\/cintas-adhesivas-de-una-cara\/"},{"@type":"ListItem","position":4,"name":"tesa\u00ae 4831 cinta de enmascarar sin silicona"}]},{"@type":"WebSite","@id":"https:\/\/cardinal-tapes.com\/#website","url":"https:\/\/cardinal-tapes.com\/","name":"cardinal TAPES","description":"Klebetechnik aus Wuppertal","potentialAction":[{"@type":"SearchAction","target":{"@type":"EntryPoint","urlTemplate":"https:\/\/cardinal-tapes.com\/?s={search_term_string}"},"query-input":{"@type":"PropertyValueSpecification","valueRequired":true,"valueName":"search_term_string"}}],"inLanguage":"es"}]}},"brands":[{"id":2163,"name":"tesa","slug":"tesa-es"}],"_links":{"self":[{"href":"https:\/\/cardinal-tapes.com\/es\/wp-json\/wp\/v2\/product\/38481","targetHints":{"allow":["GET"]}}],"collection":[{"href":"https:\/\/cardinal-tapes.com\/es\/wp-json\/wp\/v2\/product"}],"about":[{"href":"https:\/\/cardinal-tapes.com\/es\/wp-json\/wp\/v2\/types\/product"}],"wp:featuredmedia":[{"embeddable":true,"href":"https:\/\/cardinal-tapes.com\/es\/wp-json\/wp\/v2\/media\/29215"}],"wp:attachment":[{"href":"https:\/\/cardinal-tapes.com\/es\/wp-json\/wp\/v2\/media?parent=38481"}],"wp:term":[{"taxonomy":"pwb-brand","embeddable":true,"href":"https:\/\/cardinal-tapes.com\/es\/wp-json\/wp\/v2\/pwb-brand?post=38481"},{"taxonomy":"product_brand","embeddable":true,"href":"https:\/\/cardinal-tapes.com\/es\/wp-json\/wp\/v2\/product_brand?post=38481"},{"taxonomy":"product_cat","embeddable":true,"href":"https:\/\/cardinal-tapes.com\/es\/wp-json\/wp\/v2\/product_cat?post=38481"},{"taxonomy":"product_tag","embeddable":true,"href":"https:\/\/cardinal-tapes.com\/es\/wp-json\/wp\/v2\/product_tag?post=38481"}],"curies":[{"name":"wp","href":"https:\/\/api.w.org\/{rel}","templated":true}]}}