{"id":38288,"date":"2023-03-17T12:16:57","date_gmt":"2023-06-05T14:42:59","guid":{"rendered":"https:\/\/cardinal.pixel-tal.de\/klebebaender\/sin categor\u00eda\/cinta-adhesiva-de-espuma-de-pe-orabond-1831\/"},"modified":"2023-06-05T16:42:59","modified_gmt":"2023-06-05T14:42:59","slug":"orabond-1831-pe-espuma-cinta-adhesiva","status":"publish","type":"product","link":"https:\/\/cardinal-tapes.com\/es\/cintas-adhesivas\/ambitos-de-aplicacion\/cinta-de-espuma-de-pe\/orabond-1831-pe-espuma-cinta-adhesiva\/","title":{"rendered":"Cinta adhesiva de espuma de PE ORABOND\u00ae 1831"},"content":{"rendered":"<p>La cinta adhesiva de doble cara consiste en una espuma blanca de poliolefina de c\u00e9lula cerrada recubierta por ambas caras con<br \/>\nrecubierto con un adhesivo de caucho. El adhesivo sensible a la presi\u00f3n se caracteriza, entre otras cosas, por una buena adhesi\u00f3n a<br \/>\nsustratos apolares de<\/p>\n<p><strong>\u00c1mbitos de aplicaci\u00f3n<\/strong><\/p>\n<p>Para la fijaci\u00f3n comercial de paneles, expositores y accesorios dom\u00e9sticos. Un producto universal y econ\u00f3mico.<br \/>\nTambi\u00e9n se adhiere a superficies rugosas.<\/p>\n","protected":false},"excerpt":{"rendered":"<p>La cinta adhesiva de doble cara consiste en una espuma blanca de poliolefina de c\u00e9lula cerrada recubierta por ambas caras con recubierto con un adhesivo de caucho. El adhesivo sensible a la presi\u00f3n se caracteriza, entre otras cosas, por una buena adhesi\u00f3n a sustratos apolares de \u00c1mbitos de aplicaci\u00f3n Para la fijaci\u00f3n comercial de paneles, [&hellip;]<\/p>\n","protected":false},"featured_media":29259,"template":"","meta":{"_acf_changed":false},"pwb-brand":[2910],"product_brand":[],"product_cat":[1793,1804],"product_tag":[],"class_list":{"0":"post-38288","1":"product","2":"type-product","3":"status-publish","4":"has-post-thumbnail","6":"pwb-brand-orafol-es","7":"product_cat-cinta-de-espuma-de-pe","8":"product_cat-cintas-adhesivas-de-doble-cara","10":"first","11":"instock","12":"taxable","13":"shipping-taxable","14":"purchasable","15":"product-type-variable"},"acf":[],"yoast_head":"<!-- This site is optimized with the Yoast SEO plugin v27.3 - https:\/\/yoast.com\/product\/yoast-seo-wordpress\/ -->\n<title>Cinta adhesiva de espuma ORABOND\u00ae 1831 PE | Cardinal TAPES<\/title>\n<meta name=\"description\" content=\"La cinta de doble cara consiste en una espuma blanca de poliolefina de c\u00e9lula cerrada recubierta de un adhesivo de caucho sensible a la presi\u00f3n.\" \/>\n<meta name=\"robots\" content=\"index, follow, max-snippet:-1, max-image-preview:large, max-video-preview:-1\" \/>\n<link rel=\"canonical\" href=\"https:\/\/cardinal-tapes.com\/es\/cintas-adhesivas\/cinta-de-espuma-de-pe\/orabond-1831-pe-espuma-cinta-adhesiva\/\" \/>\n<meta property=\"og:locale\" content=\"es_ES\" \/>\n<meta property=\"og:type\" content=\"article\" \/>\n<meta property=\"og:title\" content=\"Cinta adhesiva de espuma ORABOND\u00ae 1831 PE | Cardinal TAPES\" \/>\n<meta property=\"og:description\" content=\"La cinta de doble cara consiste en una espuma blanca de poliolefina de c\u00e9lula cerrada recubierta de un adhesivo de caucho sensible a la presi\u00f3n.\" \/>\n<meta property=\"og:url\" content=\"https:\/\/cardinal-tapes.com\/es\/cintas-adhesivas\/cinta-de-espuma-de-pe\/orabond-1831-pe-espuma-cinta-adhesiva\/\" \/>\n<meta property=\"og:site_name\" content=\"cardinal TAPES\" \/>\n<meta property=\"og:image\" content=\"https:\/\/cardinal-tapes.com\/wp-content\/uploads\/1831c-scaled.jpg\" \/>\n\t<meta property=\"og:image:width\" content=\"2560\" \/>\n\t<meta property=\"og:image:height\" content=\"1707\" \/>\n\t<meta property=\"og:image:type\" content=\"image\/jpeg\" \/>\n<meta name=\"twitter:card\" content=\"summary_large_image\" \/>\n<script type=\"application\/ld+json\" class=\"yoast-schema-graph\">{\"@context\":\"https:\\\/\\\/schema.org\",\"@graph\":[{\"@type\":\"WebPage\",\"@id\":\"https:\\\/\\\/cardinal-tapes.com\\\/es\\\/cintas-adhesivas\\\/cinta-de-espuma-de-pe\\\/orabond-1831-pe-espuma-cinta-adhesiva\\\/\",\"url\":\"https:\\\/\\\/cardinal-tapes.com\\\/es\\\/cintas-adhesivas\\\/cinta-de-espuma-de-pe\\\/orabond-1831-pe-espuma-cinta-adhesiva\\\/\",\"name\":\"Cinta adhesiva de espuma ORABOND\u00ae 1831 PE | Cardinal TAPES\",\"isPartOf\":{\"@id\":\"https:\\\/\\\/cardinal-tapes.com\\\/#website\"},\"primaryImageOfPage\":{\"@id\":\"https:\\\/\\\/cardinal-tapes.com\\\/es\\\/cintas-adhesivas\\\/cinta-de-espuma-de-pe\\\/orabond-1831-pe-espuma-cinta-adhesiva\\\/#primaryimage\"},\"image\":{\"@id\":\"https:\\\/\\\/cardinal-tapes.com\\\/es\\\/cintas-adhesivas\\\/cinta-de-espuma-de-pe\\\/orabond-1831-pe-espuma-cinta-adhesiva\\\/#primaryimage\"},\"thumbnailUrl\":\"https:\\\/\\\/cardinal-tapes.com\\\/wp-content\\\/uploads\\\/1831c-scaled.jpg\",\"datePublished\":\"2023-06-05T14:42:59+00:00\",\"description\":\"La cinta de doble cara consiste en una espuma blanca de poliolefina de c\u00e9lula cerrada recubierta de un adhesivo de caucho sensible a la presi\u00f3n.\",\"breadcrumb\":{\"@id\":\"https:\\\/\\\/cardinal-tapes.com\\\/es\\\/cintas-adhesivas\\\/cinta-de-espuma-de-pe\\\/orabond-1831-pe-espuma-cinta-adhesiva\\\/#breadcrumb\"},\"inLanguage\":\"es\",\"potentialAction\":[{\"@type\":\"ReadAction\",\"target\":[\"https:\\\/\\\/cardinal-tapes.com\\\/es\\\/cintas-adhesivas\\\/cinta-de-espuma-de-pe\\\/orabond-1831-pe-espuma-cinta-adhesiva\\\/\"]}]},{\"@type\":\"ImageObject\",\"inLanguage\":\"es\",\"@id\":\"https:\\\/\\\/cardinal-tapes.com\\\/es\\\/cintas-adhesivas\\\/cinta-de-espuma-de-pe\\\/orabond-1831-pe-espuma-cinta-adhesiva\\\/#primaryimage\",\"url\":\"https:\\\/\\\/cardinal-tapes.com\\\/wp-content\\\/uploads\\\/1831c-scaled.jpg\",\"contentUrl\":\"https:\\\/\\\/cardinal-tapes.com\\\/wp-content\\\/uploads\\\/1831c-scaled.jpg\",\"width\":2560,\"height\":1707},{\"@type\":\"BreadcrumbList\",\"@id\":\"https:\\\/\\\/cardinal-tapes.com\\\/es\\\/cintas-adhesivas\\\/cinta-de-espuma-de-pe\\\/orabond-1831-pe-espuma-cinta-adhesiva\\\/#breadcrumb\",\"itemListElement\":[{\"@type\":\"ListItem\",\"position\":1,\"name\":\"Startseite\",\"item\":\"https:\\\/\\\/cardinal-tapes.com\\\/es\\\/\"},{\"@type\":\"ListItem\",\"position\":2,\"name\":\"Cintas adhesivas\",\"item\":\"https:\\\/\\\/cardinal-tapes.com\\\/es\\\/cintas-adhesivas-es\\\/\"},{\"@type\":\"ListItem\",\"position\":3,\"name\":\"Cinta de espuma de PE\",\"item\":\"https:\\\/\\\/cardinal-tapes.com\\\/es\\\/categora\\\/cinta-de-espuma-de-pe\\\/\"},{\"@type\":\"ListItem\",\"position\":4,\"name\":\"Cinta adhesiva de espuma de PE ORABOND\u00ae 1831\"}]},{\"@type\":\"WebSite\",\"@id\":\"https:\\\/\\\/cardinal-tapes.com\\\/#website\",\"url\":\"https:\\\/\\\/cardinal-tapes.com\\\/\",\"name\":\"cardinal TAPES\",\"description\":\"Klebetechnik aus Wuppertal\",\"potentialAction\":[{\"@type\":\"SearchAction\",\"target\":{\"@type\":\"EntryPoint\",\"urlTemplate\":\"https:\\\/\\\/cardinal-tapes.com\\\/?s={search_term_string}\"},\"query-input\":{\"@type\":\"PropertyValueSpecification\",\"valueRequired\":true,\"valueName\":\"search_term_string\"}}],\"inLanguage\":\"es\"}]}<\/script>\n<!-- \/ Yoast SEO plugin. -->","yoast_head_json":{"title":"Cinta adhesiva de espuma ORABOND\u00ae 1831 PE | Cardinal TAPES","description":"La cinta de doble cara consiste en una espuma blanca de poliolefina de c\u00e9lula cerrada recubierta de un adhesivo de caucho sensible a la presi\u00f3n.","robots":{"index":"index","follow":"follow","max-snippet":"max-snippet:-1","max-image-preview":"max-image-preview:large","max-video-preview":"max-video-preview:-1"},"canonical":"https:\/\/cardinal-tapes.com\/es\/cintas-adhesivas\/cinta-de-espuma-de-pe\/orabond-1831-pe-espuma-cinta-adhesiva\/","og_locale":"es_ES","og_type":"article","og_title":"Cinta adhesiva de espuma ORABOND\u00ae 1831 PE | Cardinal TAPES","og_description":"La cinta de doble cara consiste en una espuma blanca de poliolefina de c\u00e9lula cerrada recubierta de un adhesivo de caucho sensible a la presi\u00f3n.","og_url":"https:\/\/cardinal-tapes.com\/es\/cintas-adhesivas\/cinta-de-espuma-de-pe\/orabond-1831-pe-espuma-cinta-adhesiva\/","og_site_name":"cardinal TAPES","og_image":[{"width":2560,"height":1707,"url":"https:\/\/cardinal-tapes.com\/wp-content\/uploads\/1831c-scaled.jpg","type":"image\/jpeg"}],"twitter_card":"summary_large_image","schema":{"@context":"https:\/\/schema.org","@graph":[{"@type":"WebPage","@id":"https:\/\/cardinal-tapes.com\/es\/cintas-adhesivas\/cinta-de-espuma-de-pe\/orabond-1831-pe-espuma-cinta-adhesiva\/","url":"https:\/\/cardinal-tapes.com\/es\/cintas-adhesivas\/cinta-de-espuma-de-pe\/orabond-1831-pe-espuma-cinta-adhesiva\/","name":"Cinta adhesiva de espuma ORABOND\u00ae 1831 PE | Cardinal TAPES","isPartOf":{"@id":"https:\/\/cardinal-tapes.com\/#website"},"primaryImageOfPage":{"@id":"https:\/\/cardinal-tapes.com\/es\/cintas-adhesivas\/cinta-de-espuma-de-pe\/orabond-1831-pe-espuma-cinta-adhesiva\/#primaryimage"},"image":{"@id":"https:\/\/cardinal-tapes.com\/es\/cintas-adhesivas\/cinta-de-espuma-de-pe\/orabond-1831-pe-espuma-cinta-adhesiva\/#primaryimage"},"thumbnailUrl":"https:\/\/cardinal-tapes.com\/wp-content\/uploads\/1831c-scaled.jpg","datePublished":"2023-06-05T14:42:59+00:00","description":"La cinta de doble cara consiste en una espuma blanca de poliolefina de c\u00e9lula cerrada recubierta de un adhesivo de caucho sensible a la presi\u00f3n.","breadcrumb":{"@id":"https:\/\/cardinal-tapes.com\/es\/cintas-adhesivas\/cinta-de-espuma-de-pe\/orabond-1831-pe-espuma-cinta-adhesiva\/#breadcrumb"},"inLanguage":"es","potentialAction":[{"@type":"ReadAction","target":["https:\/\/cardinal-tapes.com\/es\/cintas-adhesivas\/cinta-de-espuma-de-pe\/orabond-1831-pe-espuma-cinta-adhesiva\/"]}]},{"@type":"ImageObject","inLanguage":"es","@id":"https:\/\/cardinal-tapes.com\/es\/cintas-adhesivas\/cinta-de-espuma-de-pe\/orabond-1831-pe-espuma-cinta-adhesiva\/#primaryimage","url":"https:\/\/cardinal-tapes.com\/wp-content\/uploads\/1831c-scaled.jpg","contentUrl":"https:\/\/cardinal-tapes.com\/wp-content\/uploads\/1831c-scaled.jpg","width":2560,"height":1707},{"@type":"BreadcrumbList","@id":"https:\/\/cardinal-tapes.com\/es\/cintas-adhesivas\/cinta-de-espuma-de-pe\/orabond-1831-pe-espuma-cinta-adhesiva\/#breadcrumb","itemListElement":[{"@type":"ListItem","position":1,"name":"Startseite","item":"https:\/\/cardinal-tapes.com\/es\/"},{"@type":"ListItem","position":2,"name":"Cintas adhesivas","item":"https:\/\/cardinal-tapes.com\/es\/cintas-adhesivas-es\/"},{"@type":"ListItem","position":3,"name":"Cinta de espuma de PE","item":"https:\/\/cardinal-tapes.com\/es\/categora\/cinta-de-espuma-de-pe\/"},{"@type":"ListItem","position":4,"name":"Cinta adhesiva de espuma de PE ORABOND\u00ae 1831"}]},{"@type":"WebSite","@id":"https:\/\/cardinal-tapes.com\/#website","url":"https:\/\/cardinal-tapes.com\/","name":"cardinal TAPES","description":"Klebetechnik aus Wuppertal","potentialAction":[{"@type":"SearchAction","target":{"@type":"EntryPoint","urlTemplate":"https:\/\/cardinal-tapes.com\/?s={search_term_string}"},"query-input":{"@type":"PropertyValueSpecification","valueRequired":true,"valueName":"search_term_string"}}],"inLanguage":"es"}]}},"brands":[{"id":2910,"name":"ORAFOL","slug":"orafol-es"}],"_links":{"self":[{"href":"https:\/\/cardinal-tapes.com\/es\/wp-json\/wp\/v2\/product\/38288","targetHints":{"allow":["GET"]}}],"collection":[{"href":"https:\/\/cardinal-tapes.com\/es\/wp-json\/wp\/v2\/product"}],"about":[{"href":"https:\/\/cardinal-tapes.com\/es\/wp-json\/wp\/v2\/types\/product"}],"wp:featuredmedia":[{"embeddable":true,"href":"https:\/\/cardinal-tapes.com\/es\/wp-json\/wp\/v2\/media\/29259"}],"wp:attachment":[{"href":"https:\/\/cardinal-tapes.com\/es\/wp-json\/wp\/v2\/media?parent=38288"}],"wp:term":[{"taxonomy":"pwb-brand","embeddable":true,"href":"https:\/\/cardinal-tapes.com\/es\/wp-json\/wp\/v2\/pwb-brand?post=38288"},{"taxonomy":"product_brand","embeddable":true,"href":"https:\/\/cardinal-tapes.com\/es\/wp-json\/wp\/v2\/product_brand?post=38288"},{"taxonomy":"product_cat","embeddable":true,"href":"https:\/\/cardinal-tapes.com\/es\/wp-json\/wp\/v2\/product_cat?post=38288"},{"taxonomy":"product_tag","embeddable":true,"href":"https:\/\/cardinal-tapes.com\/es\/wp-json\/wp\/v2\/product_tag?post=38288"}],"curies":[{"name":"wp","href":"https:\/\/api.w.org\/{rel}","templated":true}]}}