{"id":38287,"date":"2023-03-16T09:39:55","date_gmt":"2023-06-05T14:42:59","guid":{"rendered":"https:\/\/cardinal.pixel-tal.de\/klebebaender\/sin categor\u00eda\/cinta-adhesiva-de-vellon-de-papel-orabond-1399\/"},"modified":"2023-06-05T16:42:59","modified_gmt":"2023-06-05T14:42:59","slug":"orabond-1399-cinta-adhesiva-papel-fleece","status":"publish","type":"product","link":"https:\/\/cardinal-tapes.com\/es\/cintas-adhesivas\/ambitos-de-aplicacion\/produccion-de-peliculas\/orabond-1399-cinta-adhesiva-papel-fleece\/","title":{"rendered":"Cinta adhesiva de vell\u00f3n de papel ORABOND\u00ae 1399"},"content":{"rendered":"<p>La cinta adhesiva de doble cara est\u00e1 formada por un soporte de vell\u00f3n de papel recubierto por ambas caras con un adhesivo de acrilato modificado sensible a la presi\u00f3n.<br \/>\nque presenta una excelente resistencia a los rayos UV, las tensiones t\u00e9rmicas, los productos qu\u00edmicos y los disolventes.<br \/>\ny la humedad. El adhesivo sensible a la presi\u00f3n, resistente al cizallamiento, tambi\u00e9n tiene una excelente adhesi\u00f3n permanente al metal,<br \/>\nPintura y otras superficies pl\u00e1sticas de alta energ\u00eda, as\u00ed como una buena adherencia permanente a superficies pl\u00e1sticas de baja energ\u00eda.<br \/>\nSuperficies. Tambi\u00e9n es adecuado para superficies rugosas o estructuradas gracias a su aplicaci\u00f3n en grandes masas.<\/p>\n<p><strong>\u00c1mbitos de aplicaci\u00f3n<\/strong><\/p>\n<p>Para el acabado autoadhesivo industrial \/ comercial de espumas de polietileno, poli\u00e9ster y poli\u00e9ter, as\u00ed como de<br \/>\nCorte a medida y empalme de papel, textil, pl\u00e1stico y l\u00e1minas met\u00e1licas, en los que se requiere un cizallamiento muy elevado y<br \/>\nfuerza de adherencia y resistencia a la temperatura.<\/p>\n","protected":false},"excerpt":{"rendered":"<p>La cinta adhesiva de doble cara est\u00e1 formada por un soporte de vell\u00f3n de papel recubierto por ambas caras con un adhesivo de acrilato modificado sensible a la presi\u00f3n. que presenta una excelente resistencia a los rayos UV, las tensiones t\u00e9rmicas, los productos qu\u00edmicos y los disolventes. y la humedad. El adhesivo sensible a la [&hellip;]<\/p>\n","protected":false},"featured_media":29255,"template":"","meta":{"_acf_changed":false},"pwb-brand":[2910],"product_brand":[],"product_cat":[1704,1711,1800,1804],"product_tag":[],"class_list":{"0":"post-38287","1":"product","2":"type-product","3":"status-publish","4":"has-post-thumbnail","6":"pwb-brand-orafol-es","7":"product_cat-produccion-de-peliculas","8":"product_cat-ingenieria-mecanica","9":"product_cat-industria-textil","10":"product_cat-cintas-adhesivas-de-doble-cara","12":"first","13":"instock","14":"taxable","15":"shipping-taxable","16":"purchasable","17":"product-type-variable"},"acf":[],"yoast_head":"<!-- This site is optimized with the Yoast SEO plugin v27.3 - https:\/\/yoast.com\/product\/yoast-seo-wordpress\/ -->\n<title>Cinta adhesiva de vell\u00f3n de papel ORABOND\u00ae 1399| Cardinal TAPES<\/title>\n<meta name=\"description\" content=\"La cinta adhesiva de doble cara consiste en un soporte de papel no tejido recubierto por ambas caras con un adhesivo acr\u00edlico modificado sensible a la presi\u00f3n.\" \/>\n<meta name=\"robots\" content=\"index, follow, max-snippet:-1, max-image-preview:large, max-video-preview:-1\" \/>\n<link rel=\"canonical\" href=\"https:\/\/cardinal-tapes.com\/es\/cintas-adhesivas\/produccion-de-peliculas\/orabond-1399-cinta-adhesiva-papel-fleece\/\" \/>\n<meta property=\"og:locale\" content=\"es_ES\" \/>\n<meta property=\"og:type\" content=\"article\" \/>\n<meta property=\"og:title\" content=\"Cinta adhesiva de vell\u00f3n de papel ORABOND\u00ae 1399| Cardinal TAPES\" \/>\n<meta property=\"og:description\" content=\"La cinta adhesiva de doble cara consiste en un soporte de papel no tejido recubierto por ambas caras con un adhesivo acr\u00edlico modificado sensible a la presi\u00f3n.\" \/>\n<meta property=\"og:url\" content=\"https:\/\/cardinal-tapes.com\/es\/cintas-adhesivas\/produccion-de-peliculas\/orabond-1399-cinta-adhesiva-papel-fleece\/\" \/>\n<meta property=\"og:site_name\" content=\"cardinal TAPES\" \/>\n<meta property=\"og:image\" content=\"https:\/\/cardinal-tapes.com\/wp-content\/uploads\/1399b-scaled.jpg\" \/>\n\t<meta property=\"og:image:width\" content=\"2560\" \/>\n\t<meta property=\"og:image:height\" content=\"1707\" \/>\n\t<meta property=\"og:image:type\" content=\"image\/jpeg\" \/>\n<meta name=\"twitter:card\" content=\"summary_large_image\" \/>\n<meta name=\"twitter:label1\" content=\"Tiempo de lectura\" \/>\n\t<meta name=\"twitter:data1\" content=\"1 minuto\" \/>\n<script type=\"application\/ld+json\" class=\"yoast-schema-graph\">{\"@context\":\"https:\\\/\\\/schema.org\",\"@graph\":[{\"@type\":\"WebPage\",\"@id\":\"https:\\\/\\\/cardinal-tapes.com\\\/es\\\/cintas-adhesivas\\\/produccion-de-peliculas\\\/orabond-1399-cinta-adhesiva-papel-fleece\\\/\",\"url\":\"https:\\\/\\\/cardinal-tapes.com\\\/es\\\/cintas-adhesivas\\\/produccion-de-peliculas\\\/orabond-1399-cinta-adhesiva-papel-fleece\\\/\",\"name\":\"Cinta adhesiva de vell\u00f3n de papel ORABOND\u00ae 1399| Cardinal TAPES\",\"isPartOf\":{\"@id\":\"https:\\\/\\\/cardinal-tapes.com\\\/#website\"},\"primaryImageOfPage\":{\"@id\":\"https:\\\/\\\/cardinal-tapes.com\\\/es\\\/cintas-adhesivas\\\/produccion-de-peliculas\\\/orabond-1399-cinta-adhesiva-papel-fleece\\\/#primaryimage\"},\"image\":{\"@id\":\"https:\\\/\\\/cardinal-tapes.com\\\/es\\\/cintas-adhesivas\\\/produccion-de-peliculas\\\/orabond-1399-cinta-adhesiva-papel-fleece\\\/#primaryimage\"},\"thumbnailUrl\":\"https:\\\/\\\/cardinal-tapes.com\\\/wp-content\\\/uploads\\\/1399b-scaled.jpg\",\"datePublished\":\"2023-06-05T14:42:59+00:00\",\"description\":\"La cinta adhesiva de doble cara consiste en un soporte de papel no tejido recubierto por ambas caras con un adhesivo acr\u00edlico modificado sensible a la presi\u00f3n.\",\"breadcrumb\":{\"@id\":\"https:\\\/\\\/cardinal-tapes.com\\\/es\\\/cintas-adhesivas\\\/produccion-de-peliculas\\\/orabond-1399-cinta-adhesiva-papel-fleece\\\/#breadcrumb\"},\"inLanguage\":\"es\",\"potentialAction\":[{\"@type\":\"ReadAction\",\"target\":[\"https:\\\/\\\/cardinal-tapes.com\\\/es\\\/cintas-adhesivas\\\/produccion-de-peliculas\\\/orabond-1399-cinta-adhesiva-papel-fleece\\\/\"]}]},{\"@type\":\"ImageObject\",\"inLanguage\":\"es\",\"@id\":\"https:\\\/\\\/cardinal-tapes.com\\\/es\\\/cintas-adhesivas\\\/produccion-de-peliculas\\\/orabond-1399-cinta-adhesiva-papel-fleece\\\/#primaryimage\",\"url\":\"https:\\\/\\\/cardinal-tapes.com\\\/wp-content\\\/uploads\\\/1399b-scaled.jpg\",\"contentUrl\":\"https:\\\/\\\/cardinal-tapes.com\\\/wp-content\\\/uploads\\\/1399b-scaled.jpg\",\"width\":2560,\"height\":1707},{\"@type\":\"BreadcrumbList\",\"@id\":\"https:\\\/\\\/cardinal-tapes.com\\\/es\\\/cintas-adhesivas\\\/produccion-de-peliculas\\\/orabond-1399-cinta-adhesiva-papel-fleece\\\/#breadcrumb\",\"itemListElement\":[{\"@type\":\"ListItem\",\"position\":1,\"name\":\"Startseite\",\"item\":\"https:\\\/\\\/cardinal-tapes.com\\\/es\\\/\"},{\"@type\":\"ListItem\",\"position\":2,\"name\":\"Cintas adhesivas\",\"item\":\"https:\\\/\\\/cardinal-tapes.com\\\/es\\\/cintas-adhesivas-es\\\/\"},{\"@type\":\"ListItem\",\"position\":3,\"name\":\"producci\u00f3n de pel\u00edculas\",\"item\":\"https:\\\/\\\/cardinal-tapes.com\\\/es\\\/categora\\\/produccion-de-peliculas\\\/\"},{\"@type\":\"ListItem\",\"position\":4,\"name\":\"Cinta adhesiva de vell\u00f3n de papel ORABOND\u00ae 1399\"}]},{\"@type\":\"WebSite\",\"@id\":\"https:\\\/\\\/cardinal-tapes.com\\\/#website\",\"url\":\"https:\\\/\\\/cardinal-tapes.com\\\/\",\"name\":\"cardinal TAPES\",\"description\":\"Klebetechnik aus Wuppertal\",\"potentialAction\":[{\"@type\":\"SearchAction\",\"target\":{\"@type\":\"EntryPoint\",\"urlTemplate\":\"https:\\\/\\\/cardinal-tapes.com\\\/?s={search_term_string}\"},\"query-input\":{\"@type\":\"PropertyValueSpecification\",\"valueRequired\":true,\"valueName\":\"search_term_string\"}}],\"inLanguage\":\"es\"}]}<\/script>\n<!-- \/ Yoast SEO plugin. -->","yoast_head_json":{"title":"Cinta adhesiva de vell\u00f3n de papel ORABOND\u00ae 1399| Cardinal TAPES","description":"La cinta adhesiva de doble cara consiste en un soporte de papel no tejido recubierto por ambas caras con un adhesivo acr\u00edlico modificado sensible a la presi\u00f3n.","robots":{"index":"index","follow":"follow","max-snippet":"max-snippet:-1","max-image-preview":"max-image-preview:large","max-video-preview":"max-video-preview:-1"},"canonical":"https:\/\/cardinal-tapes.com\/es\/cintas-adhesivas\/produccion-de-peliculas\/orabond-1399-cinta-adhesiva-papel-fleece\/","og_locale":"es_ES","og_type":"article","og_title":"Cinta adhesiva de vell\u00f3n de papel ORABOND\u00ae 1399| Cardinal TAPES","og_description":"La cinta adhesiva de doble cara consiste en un soporte de papel no tejido recubierto por ambas caras con un adhesivo acr\u00edlico modificado sensible a la presi\u00f3n.","og_url":"https:\/\/cardinal-tapes.com\/es\/cintas-adhesivas\/produccion-de-peliculas\/orabond-1399-cinta-adhesiva-papel-fleece\/","og_site_name":"cardinal TAPES","og_image":[{"width":2560,"height":1707,"url":"https:\/\/cardinal-tapes.com\/wp-content\/uploads\/1399b-scaled.jpg","type":"image\/jpeg"}],"twitter_card":"summary_large_image","twitter_misc":{"Tiempo de lectura":"1 minuto"},"schema":{"@context":"https:\/\/schema.org","@graph":[{"@type":"WebPage","@id":"https:\/\/cardinal-tapes.com\/es\/cintas-adhesivas\/produccion-de-peliculas\/orabond-1399-cinta-adhesiva-papel-fleece\/","url":"https:\/\/cardinal-tapes.com\/es\/cintas-adhesivas\/produccion-de-peliculas\/orabond-1399-cinta-adhesiva-papel-fleece\/","name":"Cinta adhesiva de vell\u00f3n de papel ORABOND\u00ae 1399| Cardinal TAPES","isPartOf":{"@id":"https:\/\/cardinal-tapes.com\/#website"},"primaryImageOfPage":{"@id":"https:\/\/cardinal-tapes.com\/es\/cintas-adhesivas\/produccion-de-peliculas\/orabond-1399-cinta-adhesiva-papel-fleece\/#primaryimage"},"image":{"@id":"https:\/\/cardinal-tapes.com\/es\/cintas-adhesivas\/produccion-de-peliculas\/orabond-1399-cinta-adhesiva-papel-fleece\/#primaryimage"},"thumbnailUrl":"https:\/\/cardinal-tapes.com\/wp-content\/uploads\/1399b-scaled.jpg","datePublished":"2023-06-05T14:42:59+00:00","description":"La cinta adhesiva de doble cara consiste en un soporte de papel no tejido recubierto por ambas caras con un adhesivo acr\u00edlico modificado sensible a la presi\u00f3n.","breadcrumb":{"@id":"https:\/\/cardinal-tapes.com\/es\/cintas-adhesivas\/produccion-de-peliculas\/orabond-1399-cinta-adhesiva-papel-fleece\/#breadcrumb"},"inLanguage":"es","potentialAction":[{"@type":"ReadAction","target":["https:\/\/cardinal-tapes.com\/es\/cintas-adhesivas\/produccion-de-peliculas\/orabond-1399-cinta-adhesiva-papel-fleece\/"]}]},{"@type":"ImageObject","inLanguage":"es","@id":"https:\/\/cardinal-tapes.com\/es\/cintas-adhesivas\/produccion-de-peliculas\/orabond-1399-cinta-adhesiva-papel-fleece\/#primaryimage","url":"https:\/\/cardinal-tapes.com\/wp-content\/uploads\/1399b-scaled.jpg","contentUrl":"https:\/\/cardinal-tapes.com\/wp-content\/uploads\/1399b-scaled.jpg","width":2560,"height":1707},{"@type":"BreadcrumbList","@id":"https:\/\/cardinal-tapes.com\/es\/cintas-adhesivas\/produccion-de-peliculas\/orabond-1399-cinta-adhesiva-papel-fleece\/#breadcrumb","itemListElement":[{"@type":"ListItem","position":1,"name":"Startseite","item":"https:\/\/cardinal-tapes.com\/es\/"},{"@type":"ListItem","position":2,"name":"Cintas adhesivas","item":"https:\/\/cardinal-tapes.com\/es\/cintas-adhesivas-es\/"},{"@type":"ListItem","position":3,"name":"producci\u00f3n de pel\u00edculas","item":"https:\/\/cardinal-tapes.com\/es\/categora\/produccion-de-peliculas\/"},{"@type":"ListItem","position":4,"name":"Cinta adhesiva de vell\u00f3n de papel ORABOND\u00ae 1399"}]},{"@type":"WebSite","@id":"https:\/\/cardinal-tapes.com\/#website","url":"https:\/\/cardinal-tapes.com\/","name":"cardinal TAPES","description":"Klebetechnik aus Wuppertal","potentialAction":[{"@type":"SearchAction","target":{"@type":"EntryPoint","urlTemplate":"https:\/\/cardinal-tapes.com\/?s={search_term_string}"},"query-input":{"@type":"PropertyValueSpecification","valueRequired":true,"valueName":"search_term_string"}}],"inLanguage":"es"}]}},"brands":[{"id":2910,"name":"ORAFOL","slug":"orafol-es"}],"_links":{"self":[{"href":"https:\/\/cardinal-tapes.com\/es\/wp-json\/wp\/v2\/product\/38287","targetHints":{"allow":["GET"]}}],"collection":[{"href":"https:\/\/cardinal-tapes.com\/es\/wp-json\/wp\/v2\/product"}],"about":[{"href":"https:\/\/cardinal-tapes.com\/es\/wp-json\/wp\/v2\/types\/product"}],"wp:featuredmedia":[{"embeddable":true,"href":"https:\/\/cardinal-tapes.com\/es\/wp-json\/wp\/v2\/media\/29255"}],"wp:attachment":[{"href":"https:\/\/cardinal-tapes.com\/es\/wp-json\/wp\/v2\/media?parent=38287"}],"wp:term":[{"taxonomy":"pwb-brand","embeddable":true,"href":"https:\/\/cardinal-tapes.com\/es\/wp-json\/wp\/v2\/pwb-brand?post=38287"},{"taxonomy":"product_brand","embeddable":true,"href":"https:\/\/cardinal-tapes.com\/es\/wp-json\/wp\/v2\/product_brand?post=38287"},{"taxonomy":"product_cat","embeddable":true,"href":"https:\/\/cardinal-tapes.com\/es\/wp-json\/wp\/v2\/product_cat?post=38287"},{"taxonomy":"product_tag","embeddable":true,"href":"https:\/\/cardinal-tapes.com\/es\/wp-json\/wp\/v2\/product_tag?post=38287"}],"curies":[{"name":"wp","href":"https:\/\/api.w.org\/{rel}","templated":true}]}}