{"id":38286,"date":"2023-03-10T13:18:35","date_gmt":"2023-06-05T14:42:59","guid":{"rendered":"https:\/\/cardinal.pixel-tal.de\/klebebaender\/sin categor\u00eda\/cinta-adhesiva-de-transferencia-orabond-1377\/"},"modified":"2023-06-05T16:42:59","modified_gmt":"2023-06-05T14:42:59","slug":"orabond-1377-cinta-de-transferencia","status":"publish","type":"product","link":"https:\/\/cardinal-tapes.com\/es\/cintas-adhesivas\/ambitos-de-aplicacion\/produccion-transformacion-del-aluminio\/orabond-1377-cinta-de-transferencia\/","title":{"rendered":"Cinta adhesiva de transferencia ORABOND\u00ae 1377"},"content":{"rendered":"<p>La cinta de transferencia consiste en un adhesivo acr\u00edlico puro sensible a la presi\u00f3n altamente transparente, que proporciona una excelente<br \/>\nResistencia a la radiaci\u00f3n UV, al estr\u00e9s t\u00e9rmico, a los productos qu\u00edmicos y disolventes, as\u00ed como a la humedad.<br \/>\nEl adhesivo de transferencia altamente resistente al cizallamiento se caracteriza por su excelente adhesi\u00f3n permanente a metal, laca y<br \/>\nsuperficies de pl\u00e1stico de alta energ\u00eda. La cinta de transferencia est\u00e1 certificada conforme a la norma UL 969.<\/p>\n<p><strong>\u00c1mbito de aplicaci\u00f3n<\/strong><br \/>\nEste producto es adecuado para el encolado industrial\/comercial de superficies rugosas, texturadas o con relieve.<br \/>\nsustratos. Acabado autoadhesivo de r\u00f3tulos de todo tipo, decoraciones, paneles frontales y expositores donde se necesite<br \/>\nson importantes una resistencia al cizallamiento y una adherencia muy elevadas, as\u00ed como la resistencia a la temperatura.<br \/>\nAl desenrollar el rollo de material, el adhesivo de transferencia debe despegarse con el menor \u00e1ngulo posible.<\/p>\n","protected":false},"excerpt":{"rendered":"<p>La cinta de transferencia consiste en un adhesivo acr\u00edlico puro sensible a la presi\u00f3n altamente transparente, que proporciona una excelente Resistencia a la radiaci\u00f3n UV, al estr\u00e9s t\u00e9rmico, a los productos qu\u00edmicos y disolventes, as\u00ed como a la humedad. El adhesivo de transferencia altamente resistente al cizallamiento se caracteriza por su excelente adhesi\u00f3n permanente a [&hellip;]<\/p>\n","protected":false},"featured_media":29203,"template":"","meta":{"_acf_changed":false},"pwb-brand":[2910],"product_brand":[],"product_cat":[1801,1804,1695,1703,1704,1708,1711,1800],"product_tag":[],"class_list":{"0":"post-38286","1":"product","2":"type-product","3":"status-publish","4":"has-post-thumbnail","6":"pwb-brand-orafol-es","7":"product_cat-cinta-adhesiva-de-transferencia","8":"product_cat-cintas-adhesivas-de-doble-cara","9":"product_cat-produccion-transformacion-del-aluminio","10":"product_cat-industria-electrica","11":"product_cat-produccion-de-peliculas","12":"product_cat-industria-del-plastico","13":"product_cat-ingenieria-mecanica","14":"product_cat-industria-textil","16":"first","17":"instock","18":"taxable","19":"shipping-taxable","20":"purchasable","21":"product-type-variable"},"acf":[],"yoast_head":"<!-- This site is optimized with the Yoast SEO plugin v27.3 - https:\/\/yoast.com\/product\/yoast-seo-wordpress\/ -->\n<title>Cinta de transferencia ORABOND\u00ae 1377 | Cardinal TAPES<\/title>\n<meta name=\"description\" content=\"Orabond 1377 consiste en un adhesivo acr\u00edlico puro que tiene muy buena resistencia a la radiaci\u00f3n UV, a los productos qu\u00edmicos y a la humedad.\" \/>\n<meta name=\"robots\" content=\"index, follow, max-snippet:-1, max-image-preview:large, max-video-preview:-1\" \/>\n<link rel=\"canonical\" href=\"https:\/\/cardinal-tapes.com\/es\/cintas-adhesivas\/produccion-transformacion-del-aluminio\/orabond-1377-cinta-de-transferencia\/\" \/>\n<meta property=\"og:locale\" content=\"es_ES\" \/>\n<meta property=\"og:type\" content=\"article\" \/>\n<meta property=\"og:title\" content=\"Cinta de transferencia ORABOND\u00ae 1377 | Cardinal TAPES\" \/>\n<meta property=\"og:description\" content=\"Orabond 1377 consiste en un adhesivo acr\u00edlico puro que tiene muy buena resistencia a la radiaci\u00f3n UV, a los productos qu\u00edmicos y a la humedad.\" \/>\n<meta property=\"og:url\" content=\"https:\/\/cardinal-tapes.com\/es\/cintas-adhesivas\/produccion-transformacion-del-aluminio\/orabond-1377-cinta-de-transferencia\/\" \/>\n<meta property=\"og:site_name\" content=\"cardinal TAPES\" \/>\n<meta property=\"og:image\" content=\"https:\/\/cardinal-tapes.com\/wp-content\/uploads\/1375_1377-scaled.jpg\" \/>\n\t<meta property=\"og:image:width\" content=\"2560\" \/>\n\t<meta property=\"og:image:height\" content=\"1707\" \/>\n\t<meta property=\"og:image:type\" content=\"image\/jpeg\" \/>\n<meta name=\"twitter:card\" content=\"summary_large_image\" \/>\n<meta name=\"twitter:label1\" content=\"Tiempo de lectura\" \/>\n\t<meta name=\"twitter:data1\" content=\"1 minuto\" \/>\n<script type=\"application\/ld+json\" class=\"yoast-schema-graph\">{\"@context\":\"https:\\\/\\\/schema.org\",\"@graph\":[{\"@type\":\"WebPage\",\"@id\":\"https:\\\/\\\/cardinal-tapes.com\\\/es\\\/cintas-adhesivas\\\/produccion-transformacion-del-aluminio\\\/orabond-1377-cinta-de-transferencia\\\/\",\"url\":\"https:\\\/\\\/cardinal-tapes.com\\\/es\\\/cintas-adhesivas\\\/produccion-transformacion-del-aluminio\\\/orabond-1377-cinta-de-transferencia\\\/\",\"name\":\"Cinta de transferencia ORABOND\u00ae 1377 | Cardinal TAPES\",\"isPartOf\":{\"@id\":\"https:\\\/\\\/cardinal-tapes.com\\\/#website\"},\"primaryImageOfPage\":{\"@id\":\"https:\\\/\\\/cardinal-tapes.com\\\/es\\\/cintas-adhesivas\\\/produccion-transformacion-del-aluminio\\\/orabond-1377-cinta-de-transferencia\\\/#primaryimage\"},\"image\":{\"@id\":\"https:\\\/\\\/cardinal-tapes.com\\\/es\\\/cintas-adhesivas\\\/produccion-transformacion-del-aluminio\\\/orabond-1377-cinta-de-transferencia\\\/#primaryimage\"},\"thumbnailUrl\":\"https:\\\/\\\/cardinal-tapes.com\\\/wp-content\\\/uploads\\\/1375_1377-scaled.jpg\",\"datePublished\":\"2023-06-05T14:42:59+00:00\",\"description\":\"Orabond 1377 consiste en un adhesivo acr\u00edlico puro que tiene muy buena resistencia a la radiaci\u00f3n UV, a los productos qu\u00edmicos y a la humedad.\",\"breadcrumb\":{\"@id\":\"https:\\\/\\\/cardinal-tapes.com\\\/es\\\/cintas-adhesivas\\\/produccion-transformacion-del-aluminio\\\/orabond-1377-cinta-de-transferencia\\\/#breadcrumb\"},\"inLanguage\":\"es\",\"potentialAction\":[{\"@type\":\"ReadAction\",\"target\":[\"https:\\\/\\\/cardinal-tapes.com\\\/es\\\/cintas-adhesivas\\\/produccion-transformacion-del-aluminio\\\/orabond-1377-cinta-de-transferencia\\\/\"]}]},{\"@type\":\"ImageObject\",\"inLanguage\":\"es\",\"@id\":\"https:\\\/\\\/cardinal-tapes.com\\\/es\\\/cintas-adhesivas\\\/produccion-transformacion-del-aluminio\\\/orabond-1377-cinta-de-transferencia\\\/#primaryimage\",\"url\":\"https:\\\/\\\/cardinal-tapes.com\\\/wp-content\\\/uploads\\\/1375_1377-scaled.jpg\",\"contentUrl\":\"https:\\\/\\\/cardinal-tapes.com\\\/wp-content\\\/uploads\\\/1375_1377-scaled.jpg\",\"width\":2560,\"height\":1707},{\"@type\":\"BreadcrumbList\",\"@id\":\"https:\\\/\\\/cardinal-tapes.com\\\/es\\\/cintas-adhesivas\\\/produccion-transformacion-del-aluminio\\\/orabond-1377-cinta-de-transferencia\\\/#breadcrumb\",\"itemListElement\":[{\"@type\":\"ListItem\",\"position\":1,\"name\":\"Startseite\",\"item\":\"https:\\\/\\\/cardinal-tapes.com\\\/es\\\/\"},{\"@type\":\"ListItem\",\"position\":2,\"name\":\"Cintas adhesivas\",\"item\":\"https:\\\/\\\/cardinal-tapes.com\\\/es\\\/cintas-adhesivas-es\\\/\"},{\"@type\":\"ListItem\",\"position\":3,\"name\":\"Industria el\u00e9ctrica\",\"item\":\"https:\\\/\\\/cardinal-tapes.com\\\/es\\\/categora\\\/industria-electrica\\\/\"},{\"@type\":\"ListItem\",\"position\":4,\"name\":\"Cinta adhesiva de transferencia ORABOND\u00ae 1377\"}]},{\"@type\":\"WebSite\",\"@id\":\"https:\\\/\\\/cardinal-tapes.com\\\/#website\",\"url\":\"https:\\\/\\\/cardinal-tapes.com\\\/\",\"name\":\"cardinal TAPES\",\"description\":\"Klebetechnik aus Wuppertal\",\"potentialAction\":[{\"@type\":\"SearchAction\",\"target\":{\"@type\":\"EntryPoint\",\"urlTemplate\":\"https:\\\/\\\/cardinal-tapes.com\\\/?s={search_term_string}\"},\"query-input\":{\"@type\":\"PropertyValueSpecification\",\"valueRequired\":true,\"valueName\":\"search_term_string\"}}],\"inLanguage\":\"es\"}]}<\/script>\n<!-- \/ Yoast SEO plugin. -->","yoast_head_json":{"title":"Cinta de transferencia ORABOND\u00ae 1377 | Cardinal TAPES","description":"Orabond 1377 consiste en un adhesivo acr\u00edlico puro que tiene muy buena resistencia a la radiaci\u00f3n UV, a los productos qu\u00edmicos y a la humedad.","robots":{"index":"index","follow":"follow","max-snippet":"max-snippet:-1","max-image-preview":"max-image-preview:large","max-video-preview":"max-video-preview:-1"},"canonical":"https:\/\/cardinal-tapes.com\/es\/cintas-adhesivas\/produccion-transformacion-del-aluminio\/orabond-1377-cinta-de-transferencia\/","og_locale":"es_ES","og_type":"article","og_title":"Cinta de transferencia ORABOND\u00ae 1377 | Cardinal TAPES","og_description":"Orabond 1377 consiste en un adhesivo acr\u00edlico puro que tiene muy buena resistencia a la radiaci\u00f3n UV, a los productos qu\u00edmicos y a la humedad.","og_url":"https:\/\/cardinal-tapes.com\/es\/cintas-adhesivas\/produccion-transformacion-del-aluminio\/orabond-1377-cinta-de-transferencia\/","og_site_name":"cardinal TAPES","og_image":[{"width":2560,"height":1707,"url":"https:\/\/cardinal-tapes.com\/wp-content\/uploads\/1375_1377-scaled.jpg","type":"image\/jpeg"}],"twitter_card":"summary_large_image","twitter_misc":{"Tiempo de lectura":"1 minuto"},"schema":{"@context":"https:\/\/schema.org","@graph":[{"@type":"WebPage","@id":"https:\/\/cardinal-tapes.com\/es\/cintas-adhesivas\/produccion-transformacion-del-aluminio\/orabond-1377-cinta-de-transferencia\/","url":"https:\/\/cardinal-tapes.com\/es\/cintas-adhesivas\/produccion-transformacion-del-aluminio\/orabond-1377-cinta-de-transferencia\/","name":"Cinta de transferencia ORABOND\u00ae 1377 | Cardinal TAPES","isPartOf":{"@id":"https:\/\/cardinal-tapes.com\/#website"},"primaryImageOfPage":{"@id":"https:\/\/cardinal-tapes.com\/es\/cintas-adhesivas\/produccion-transformacion-del-aluminio\/orabond-1377-cinta-de-transferencia\/#primaryimage"},"image":{"@id":"https:\/\/cardinal-tapes.com\/es\/cintas-adhesivas\/produccion-transformacion-del-aluminio\/orabond-1377-cinta-de-transferencia\/#primaryimage"},"thumbnailUrl":"https:\/\/cardinal-tapes.com\/wp-content\/uploads\/1375_1377-scaled.jpg","datePublished":"2023-06-05T14:42:59+00:00","description":"Orabond 1377 consiste en un adhesivo acr\u00edlico puro que tiene muy buena resistencia a la radiaci\u00f3n UV, a los productos qu\u00edmicos y a la humedad.","breadcrumb":{"@id":"https:\/\/cardinal-tapes.com\/es\/cintas-adhesivas\/produccion-transformacion-del-aluminio\/orabond-1377-cinta-de-transferencia\/#breadcrumb"},"inLanguage":"es","potentialAction":[{"@type":"ReadAction","target":["https:\/\/cardinal-tapes.com\/es\/cintas-adhesivas\/produccion-transformacion-del-aluminio\/orabond-1377-cinta-de-transferencia\/"]}]},{"@type":"ImageObject","inLanguage":"es","@id":"https:\/\/cardinal-tapes.com\/es\/cintas-adhesivas\/produccion-transformacion-del-aluminio\/orabond-1377-cinta-de-transferencia\/#primaryimage","url":"https:\/\/cardinal-tapes.com\/wp-content\/uploads\/1375_1377-scaled.jpg","contentUrl":"https:\/\/cardinal-tapes.com\/wp-content\/uploads\/1375_1377-scaled.jpg","width":2560,"height":1707},{"@type":"BreadcrumbList","@id":"https:\/\/cardinal-tapes.com\/es\/cintas-adhesivas\/produccion-transformacion-del-aluminio\/orabond-1377-cinta-de-transferencia\/#breadcrumb","itemListElement":[{"@type":"ListItem","position":1,"name":"Startseite","item":"https:\/\/cardinal-tapes.com\/es\/"},{"@type":"ListItem","position":2,"name":"Cintas adhesivas","item":"https:\/\/cardinal-tapes.com\/es\/cintas-adhesivas-es\/"},{"@type":"ListItem","position":3,"name":"Industria el\u00e9ctrica","item":"https:\/\/cardinal-tapes.com\/es\/categora\/industria-electrica\/"},{"@type":"ListItem","position":4,"name":"Cinta adhesiva de transferencia ORABOND\u00ae 1377"}]},{"@type":"WebSite","@id":"https:\/\/cardinal-tapes.com\/#website","url":"https:\/\/cardinal-tapes.com\/","name":"cardinal TAPES","description":"Klebetechnik aus Wuppertal","potentialAction":[{"@type":"SearchAction","target":{"@type":"EntryPoint","urlTemplate":"https:\/\/cardinal-tapes.com\/?s={search_term_string}"},"query-input":{"@type":"PropertyValueSpecification","valueRequired":true,"valueName":"search_term_string"}}],"inLanguage":"es"}]}},"brands":[{"id":2910,"name":"ORAFOL","slug":"orafol-es"}],"_links":{"self":[{"href":"https:\/\/cardinal-tapes.com\/es\/wp-json\/wp\/v2\/product\/38286","targetHints":{"allow":["GET"]}}],"collection":[{"href":"https:\/\/cardinal-tapes.com\/es\/wp-json\/wp\/v2\/product"}],"about":[{"href":"https:\/\/cardinal-tapes.com\/es\/wp-json\/wp\/v2\/types\/product"}],"wp:featuredmedia":[{"embeddable":true,"href":"https:\/\/cardinal-tapes.com\/es\/wp-json\/wp\/v2\/media\/29203"}],"wp:attachment":[{"href":"https:\/\/cardinal-tapes.com\/es\/wp-json\/wp\/v2\/media?parent=38286"}],"wp:term":[{"taxonomy":"pwb-brand","embeddable":true,"href":"https:\/\/cardinal-tapes.com\/es\/wp-json\/wp\/v2\/pwb-brand?post=38286"},{"taxonomy":"product_brand","embeddable":true,"href":"https:\/\/cardinal-tapes.com\/es\/wp-json\/wp\/v2\/product_brand?post=38286"},{"taxonomy":"product_cat","embeddable":true,"href":"https:\/\/cardinal-tapes.com\/es\/wp-json\/wp\/v2\/product_cat?post=38286"},{"taxonomy":"product_tag","embeddable":true,"href":"https:\/\/cardinal-tapes.com\/es\/wp-json\/wp\/v2\/product_tag?post=38286"}],"curies":[{"name":"wp","href":"https:\/\/api.w.org\/{rel}","templated":true}]}}