{"id":38284,"date":"2023-03-27T15:16:40","date_gmt":"2023-03-27T13:16:40","guid":{"rendered":"https:\/\/cardinal.pixel-tal.de\/klebebaender\/sin%20categor\u00eda\/cinta-adhesiva-de-pet-siliconado-orafix-1305\/"},"modified":"2025-07-01T16:20:02","modified_gmt":"2025-07-01T14:20:02","slug":"orafix-1305-cinta-adhesiva-siliconada-para-mascotas","status":"publish","type":"product","link":"https:\/\/cardinal-tapes.com\/es\/cintas-adhesivas\/ambitos-de-aplicacion\/industria-papelera\/orafix-1305-cinta-adhesiva-siliconada-para-mascotas\/","title":{"rendered":"Cinta adhesiva de PET siliconado ORAFIX\u00ae 1305"},"content":{"rendered":"<p>La cinta adhesiva consta de un soporte de pel\u00edcula de poli\u00e9ster siliconado por una cara, que est\u00e1 recubierto de un adhesivo de caucho de silicona<br \/>\n. El adhesivo sensible a la presi\u00f3n se caracteriza por una alta resistencia al cizallamiento y a la temperatura, as\u00ed como por una alta<br \/>\nresistencia al envejecimiento y una amplia resistencia a los plastificantes. El adhesivo sensible a la presi\u00f3n muestra una buena adhesi\u00f3n a<br \/>\nmateriales repelentes al adhesivo.  <\/p>\n<p><strong>\u00c1mbito<\/strong> de <strong>aplicaci\u00f3n<\/strong><br \/>\nPara el encolado comercial e industrial de papeles y pel\u00edculas siliconados y como cinta de empalme para el encolado de inicio de n\u00facleo<br \/>\ny el sellado de rollos de materiales siliconados. La silicona del reverso permite utilizar<br \/>\ncomo cinta de empalme en procesos de recubrimiento y transformaci\u00f3n. <\/p>\n","protected":false},"excerpt":{"rendered":"<p>La cinta adhesiva consta de un soporte de pel\u00edcula de poli\u00e9ster siliconado por una cara, que est\u00e1 recubierto de un adhesivo de caucho de silicona . El adhesivo sensible a la presi\u00f3n se caracteriza por una alta resistencia al cizallamiento y a la temperatura, as\u00ed como por una alta resistencia al envejecimiento y una amplia [&hellip;]<\/p>\n","protected":false},"featured_media":29275,"template":"","meta":{"_acf_changed":false},"pwb-brand":[2910],"product_brand":[],"product_cat":[1795,1804],"product_tag":[],"class_list":{"0":"post-38284","1":"product","2":"type-product","3":"status-publish","4":"has-post-thumbnail","6":"pwb-brand-orafol-es","7":"product_cat-industria-papelera","8":"product_cat-cintas-adhesivas-de-doble-cara","10":"first","11":"instock","12":"taxable","13":"shipping-taxable","14":"purchasable","15":"product-type-variable"},"acf":[],"yoast_head":"<!-- This site is optimized with the Yoast SEO plugin v27.4 - https:\/\/yoast.com\/product\/yoast-seo-wordpress\/ -->\n<title>Cinta adhesiva PET siliconado ORAFIX\u00ae 1305 | Cardinal TAPES<\/title>\n<meta name=\"description\" content=\"Orafix 1305 es una cinta de empalme para el empalme inicial del n\u00facleo, as\u00ed como para el cierre de rollos de materiales siliconados como cintas adhesivas.\" \/>\n<meta name=\"robots\" content=\"index, follow, max-snippet:-1, max-image-preview:large, max-video-preview:-1\" \/>\n<link rel=\"canonical\" href=\"https:\/\/cardinal-tapes.com\/es\/cintas-adhesivas\/ambitos-de-aplicacion\/industria-papelera\/orafix-1305-cinta-adhesiva-siliconada-para-mascotas\/\" \/>\n<meta property=\"og:locale\" content=\"es_ES\" \/>\n<meta property=\"og:type\" content=\"article\" \/>\n<meta property=\"og:title\" content=\"Cinta adhesiva PET siliconado ORAFIX\u00ae 1305 | Cardinal TAPES\" \/>\n<meta property=\"og:description\" content=\"Orafix 1305 es una cinta de empalme para el empalme inicial del n\u00facleo, as\u00ed como para el cierre de rollos de materiales siliconados como cintas adhesivas.\" \/>\n<meta property=\"og:url\" content=\"https:\/\/cardinal-tapes.com\/es\/cintas-adhesivas\/ambitos-de-aplicacion\/industria-papelera\/orafix-1305-cinta-adhesiva-siliconada-para-mascotas\/\" \/>\n<meta property=\"og:site_name\" content=\"cardinal TAPES\" \/>\n<meta property=\"article:modified_time\" content=\"2025-07-01T14:20:02+00:00\" \/>\n<meta property=\"og:image\" content=\"https:\/\/cardinal-tapes.com\/wp-content\/uploads\/1305a-scaled.jpg\" \/>\n\t<meta property=\"og:image:width\" content=\"2560\" \/>\n\t<meta property=\"og:image:height\" content=\"1707\" \/>\n\t<meta property=\"og:image:type\" content=\"image\/jpeg\" \/>\n<meta name=\"twitter:card\" content=\"summary_large_image\" \/>\n<meta name=\"twitter:label1\" content=\"Tiempo de lectura\" \/>\n\t<meta name=\"twitter:data1\" content=\"1 minuto\" \/>\n<script type=\"application\/ld+json\" class=\"yoast-schema-graph\">{\"@context\":\"https:\\\/\\\/schema.org\",\"@graph\":[{\"@type\":\"WebPage\",\"@id\":\"https:\\\/\\\/cardinal-tapes.com\\\/es\\\/cintas-adhesivas\\\/ambitos-de-aplicacion\\\/industria-papelera\\\/orafix-1305-cinta-adhesiva-siliconada-para-mascotas\\\/\",\"url\":\"https:\\\/\\\/cardinal-tapes.com\\\/es\\\/cintas-adhesivas\\\/ambitos-de-aplicacion\\\/industria-papelera\\\/orafix-1305-cinta-adhesiva-siliconada-para-mascotas\\\/\",\"name\":\"Cinta adhesiva PET siliconado ORAFIX\u00ae 1305 | Cardinal TAPES\",\"isPartOf\":{\"@id\":\"https:\\\/\\\/cardinal-tapes.com\\\/#website\"},\"primaryImageOfPage\":{\"@id\":\"https:\\\/\\\/cardinal-tapes.com\\\/es\\\/cintas-adhesivas\\\/ambitos-de-aplicacion\\\/industria-papelera\\\/orafix-1305-cinta-adhesiva-siliconada-para-mascotas\\\/#primaryimage\"},\"image\":{\"@id\":\"https:\\\/\\\/cardinal-tapes.com\\\/es\\\/cintas-adhesivas\\\/ambitos-de-aplicacion\\\/industria-papelera\\\/orafix-1305-cinta-adhesiva-siliconada-para-mascotas\\\/#primaryimage\"},\"thumbnailUrl\":\"https:\\\/\\\/cardinal-tapes.com\\\/wp-content\\\/uploads\\\/1305a-scaled.jpg\",\"datePublished\":\"2023-03-27T13:16:40+00:00\",\"dateModified\":\"2025-07-01T14:20:02+00:00\",\"description\":\"Orafix 1305 es una cinta de empalme para el empalme inicial del n\u00facleo, as\u00ed como para el cierre de rollos de materiales siliconados como cintas adhesivas.\",\"breadcrumb\":{\"@id\":\"https:\\\/\\\/cardinal-tapes.com\\\/es\\\/cintas-adhesivas\\\/ambitos-de-aplicacion\\\/industria-papelera\\\/orafix-1305-cinta-adhesiva-siliconada-para-mascotas\\\/#breadcrumb\"},\"inLanguage\":\"es\",\"potentialAction\":[{\"@type\":\"ReadAction\",\"target\":[\"https:\\\/\\\/cardinal-tapes.com\\\/es\\\/cintas-adhesivas\\\/ambitos-de-aplicacion\\\/industria-papelera\\\/orafix-1305-cinta-adhesiva-siliconada-para-mascotas\\\/\"]}]},{\"@type\":\"ImageObject\",\"inLanguage\":\"es\",\"@id\":\"https:\\\/\\\/cardinal-tapes.com\\\/es\\\/cintas-adhesivas\\\/ambitos-de-aplicacion\\\/industria-papelera\\\/orafix-1305-cinta-adhesiva-siliconada-para-mascotas\\\/#primaryimage\",\"url\":\"https:\\\/\\\/cardinal-tapes.com\\\/wp-content\\\/uploads\\\/1305a-scaled.jpg\",\"contentUrl\":\"https:\\\/\\\/cardinal-tapes.com\\\/wp-content\\\/uploads\\\/1305a-scaled.jpg\",\"width\":2560,\"height\":1707},{\"@type\":\"BreadcrumbList\",\"@id\":\"https:\\\/\\\/cardinal-tapes.com\\\/es\\\/cintas-adhesivas\\\/ambitos-de-aplicacion\\\/industria-papelera\\\/orafix-1305-cinta-adhesiva-siliconada-para-mascotas\\\/#breadcrumb\",\"itemListElement\":[{\"@type\":\"ListItem\",\"position\":1,\"name\":\"Startseite\",\"item\":\"https:\\\/\\\/cardinal-tapes.com\\\/es\\\/\"},{\"@type\":\"ListItem\",\"position\":2,\"name\":\"Cintas adhesivas\",\"item\":\"https:\\\/\\\/cardinal-tapes.com\\\/es\\\/cintas-adhesivas-es\\\/\"},{\"@type\":\"ListItem\",\"position\":3,\"name\":\"\u00c1mbitos de aplicaci\u00f3n\",\"item\":\"https:\\\/\\\/cardinal-tapes.com\\\/es\\\/categora\\\/ambitos-de-aplicacion\\\/\"},{\"@type\":\"ListItem\",\"position\":4,\"name\":\"Industria papelera\",\"item\":\"https:\\\/\\\/cardinal-tapes.com\\\/es\\\/categora\\\/industria-papelera\\\/\"},{\"@type\":\"ListItem\",\"position\":5,\"name\":\"Cinta adhesiva de PET siliconado ORAFIX\u00ae 1305\"}]},{\"@type\":\"WebSite\",\"@id\":\"https:\\\/\\\/cardinal-tapes.com\\\/#website\",\"url\":\"https:\\\/\\\/cardinal-tapes.com\\\/\",\"name\":\"cardinal TAPES\",\"description\":\"Klebetechnik aus Wuppertal\",\"potentialAction\":[{\"@type\":\"SearchAction\",\"target\":{\"@type\":\"EntryPoint\",\"urlTemplate\":\"https:\\\/\\\/cardinal-tapes.com\\\/?s={search_term_string}\"},\"query-input\":{\"@type\":\"PropertyValueSpecification\",\"valueRequired\":true,\"valueName\":\"search_term_string\"}}],\"inLanguage\":\"es\"}]}<\/script>\n<!-- \/ Yoast SEO plugin. -->","yoast_head_json":{"title":"Cinta adhesiva PET siliconado ORAFIX\u00ae 1305 | Cardinal TAPES","description":"Orafix 1305 es una cinta de empalme para el empalme inicial del n\u00facleo, as\u00ed como para el cierre de rollos de materiales siliconados como cintas adhesivas.","robots":{"index":"index","follow":"follow","max-snippet":"max-snippet:-1","max-image-preview":"max-image-preview:large","max-video-preview":"max-video-preview:-1"},"canonical":"https:\/\/cardinal-tapes.com\/es\/cintas-adhesivas\/ambitos-de-aplicacion\/industria-papelera\/orafix-1305-cinta-adhesiva-siliconada-para-mascotas\/","og_locale":"es_ES","og_type":"article","og_title":"Cinta adhesiva PET siliconado ORAFIX\u00ae 1305 | Cardinal TAPES","og_description":"Orafix 1305 es una cinta de empalme para el empalme inicial del n\u00facleo, as\u00ed como para el cierre de rollos de materiales siliconados como cintas adhesivas.","og_url":"https:\/\/cardinal-tapes.com\/es\/cintas-adhesivas\/ambitos-de-aplicacion\/industria-papelera\/orafix-1305-cinta-adhesiva-siliconada-para-mascotas\/","og_site_name":"cardinal TAPES","article_modified_time":"2025-07-01T14:20:02+00:00","og_image":[{"width":2560,"height":1707,"url":"https:\/\/cardinal-tapes.com\/wp-content\/uploads\/1305a-scaled.jpg","type":"image\/jpeg"}],"twitter_card":"summary_large_image","twitter_misc":{"Tiempo de lectura":"1 minuto"},"schema":{"@context":"https:\/\/schema.org","@graph":[{"@type":"WebPage","@id":"https:\/\/cardinal-tapes.com\/es\/cintas-adhesivas\/ambitos-de-aplicacion\/industria-papelera\/orafix-1305-cinta-adhesiva-siliconada-para-mascotas\/","url":"https:\/\/cardinal-tapes.com\/es\/cintas-adhesivas\/ambitos-de-aplicacion\/industria-papelera\/orafix-1305-cinta-adhesiva-siliconada-para-mascotas\/","name":"Cinta adhesiva PET siliconado ORAFIX\u00ae 1305 | Cardinal TAPES","isPartOf":{"@id":"https:\/\/cardinal-tapes.com\/#website"},"primaryImageOfPage":{"@id":"https:\/\/cardinal-tapes.com\/es\/cintas-adhesivas\/ambitos-de-aplicacion\/industria-papelera\/orafix-1305-cinta-adhesiva-siliconada-para-mascotas\/#primaryimage"},"image":{"@id":"https:\/\/cardinal-tapes.com\/es\/cintas-adhesivas\/ambitos-de-aplicacion\/industria-papelera\/orafix-1305-cinta-adhesiva-siliconada-para-mascotas\/#primaryimage"},"thumbnailUrl":"https:\/\/cardinal-tapes.com\/wp-content\/uploads\/1305a-scaled.jpg","datePublished":"2023-03-27T13:16:40+00:00","dateModified":"2025-07-01T14:20:02+00:00","description":"Orafix 1305 es una cinta de empalme para el empalme inicial del n\u00facleo, as\u00ed como para el cierre de rollos de materiales siliconados como cintas adhesivas.","breadcrumb":{"@id":"https:\/\/cardinal-tapes.com\/es\/cintas-adhesivas\/ambitos-de-aplicacion\/industria-papelera\/orafix-1305-cinta-adhesiva-siliconada-para-mascotas\/#breadcrumb"},"inLanguage":"es","potentialAction":[{"@type":"ReadAction","target":["https:\/\/cardinal-tapes.com\/es\/cintas-adhesivas\/ambitos-de-aplicacion\/industria-papelera\/orafix-1305-cinta-adhesiva-siliconada-para-mascotas\/"]}]},{"@type":"ImageObject","inLanguage":"es","@id":"https:\/\/cardinal-tapes.com\/es\/cintas-adhesivas\/ambitos-de-aplicacion\/industria-papelera\/orafix-1305-cinta-adhesiva-siliconada-para-mascotas\/#primaryimage","url":"https:\/\/cardinal-tapes.com\/wp-content\/uploads\/1305a-scaled.jpg","contentUrl":"https:\/\/cardinal-tapes.com\/wp-content\/uploads\/1305a-scaled.jpg","width":2560,"height":1707},{"@type":"BreadcrumbList","@id":"https:\/\/cardinal-tapes.com\/es\/cintas-adhesivas\/ambitos-de-aplicacion\/industria-papelera\/orafix-1305-cinta-adhesiva-siliconada-para-mascotas\/#breadcrumb","itemListElement":[{"@type":"ListItem","position":1,"name":"Startseite","item":"https:\/\/cardinal-tapes.com\/es\/"},{"@type":"ListItem","position":2,"name":"Cintas adhesivas","item":"https:\/\/cardinal-tapes.com\/es\/cintas-adhesivas-es\/"},{"@type":"ListItem","position":3,"name":"\u00c1mbitos de aplicaci\u00f3n","item":"https:\/\/cardinal-tapes.com\/es\/categora\/ambitos-de-aplicacion\/"},{"@type":"ListItem","position":4,"name":"Industria papelera","item":"https:\/\/cardinal-tapes.com\/es\/categora\/industria-papelera\/"},{"@type":"ListItem","position":5,"name":"Cinta adhesiva de PET siliconado ORAFIX\u00ae 1305"}]},{"@type":"WebSite","@id":"https:\/\/cardinal-tapes.com\/#website","url":"https:\/\/cardinal-tapes.com\/","name":"cardinal TAPES","description":"Klebetechnik aus Wuppertal","potentialAction":[{"@type":"SearchAction","target":{"@type":"EntryPoint","urlTemplate":"https:\/\/cardinal-tapes.com\/?s={search_term_string}"},"query-input":{"@type":"PropertyValueSpecification","valueRequired":true,"valueName":"search_term_string"}}],"inLanguage":"es"}]}},"brands":[{"id":2910,"name":"ORAFOL","slug":"orafol-es"}],"_links":{"self":[{"href":"https:\/\/cardinal-tapes.com\/es\/wp-json\/wp\/v2\/product\/38284","targetHints":{"allow":["GET"]}}],"collection":[{"href":"https:\/\/cardinal-tapes.com\/es\/wp-json\/wp\/v2\/product"}],"about":[{"href":"https:\/\/cardinal-tapes.com\/es\/wp-json\/wp\/v2\/types\/product"}],"wp:featuredmedia":[{"embeddable":true,"href":"https:\/\/cardinal-tapes.com\/es\/wp-json\/wp\/v2\/media\/29275"}],"wp:attachment":[{"href":"https:\/\/cardinal-tapes.com\/es\/wp-json\/wp\/v2\/media?parent=38284"}],"wp:term":[{"taxonomy":"pwb-brand","embeddable":true,"href":"https:\/\/cardinal-tapes.com\/es\/wp-json\/wp\/v2\/pwb-brand?post=38284"},{"taxonomy":"product_brand","embeddable":true,"href":"https:\/\/cardinal-tapes.com\/es\/wp-json\/wp\/v2\/product_brand?post=38284"},{"taxonomy":"product_cat","embeddable":true,"href":"https:\/\/cardinal-tapes.com\/es\/wp-json\/wp\/v2\/product_cat?post=38284"},{"taxonomy":"product_tag","embeddable":true,"href":"https:\/\/cardinal-tapes.com\/es\/wp-json\/wp\/v2\/product_tag?post=38284"}],"curies":[{"name":"wp","href":"https:\/\/api.w.org\/{rel}","templated":true}]}}