{"id":38283,"date":"2023-03-27T14:12:09","date_gmt":"2023-03-27T12:12:09","guid":{"rendered":"https:\/\/cardinal.pixel-tal.de\/klebebaender\/sin%20categor\u00eda\/cinta-de-empalme-orafix-1281\/"},"modified":"2025-07-01T16:20:00","modified_gmt":"2025-07-01T14:20:00","slug":"orafix-1281-cinta-adhesiva-de-empalme","status":"publish","type":"product","link":"https:\/\/cardinal-tapes.com\/es\/cintas-adhesivas\/ambitos-de-aplicacion\/industria-papelera\/orafix-1281-cinta-adhesiva-de-empalme\/","title":{"rendered":"Cinta de empalme ORAFIX\u00ae 1281"},"content":{"rendered":"<p>La cinta adhesiva de doble cara consiste en un papel tis\u00fa dispersable en agua que est\u00e1 recubierto por ambas caras con un adhesivo acr\u00edlico modificado, soluble en agua<br \/>\nsensible a la presi\u00f3n. El adhesivo sensible a la presi\u00f3n se caracteriza por una adherencia muy buena y<br \/>\nuna resistencia t\u00e9rmica muy buena. El adhesivo sensible a la presi\u00f3n RA4 utilizado cumple los requisitos del C\u00f3digo de Reglamentos Federales<br \/>\n, Alimentos y Medicamentos (FDA), 21 CFR Ch.   I, \u00a7 175.105.<\/p>\n<p><strong>\u00c1mbito de aplicaci\u00f3n<\/strong><br \/>\nCinta de empalme hidr\u00f3fuga de alta resistencia t\u00e9rmica para cambios de bobina manuales y volantes en la producci\u00f3n y transformaci\u00f3n de papel<br \/>\n.<\/p>\n","protected":false},"excerpt":{"rendered":"<p>La cinta adhesiva de doble cara consiste en un papel tis\u00fa dispersable en agua que est\u00e1 recubierto por ambas caras con un adhesivo acr\u00edlico modificado, soluble en agua sensible a la presi\u00f3n. El adhesivo sensible a la presi\u00f3n se caracteriza por una adherencia muy buena y una resistencia t\u00e9rmica muy buena. El adhesivo sensible a [&hellip;]<\/p>\n","protected":false},"featured_media":29263,"template":"","meta":{"_acf_changed":false},"pwb-brand":[2910],"product_brand":[],"product_cat":[1795,1804],"product_tag":[],"class_list":{"0":"post-38283","1":"product","2":"type-product","3":"status-publish","4":"has-post-thumbnail","6":"pwb-brand-orafol-es","7":"product_cat-industria-papelera","8":"product_cat-cintas-adhesivas-de-doble-cara","10":"first","11":"instock","12":"taxable","13":"shipping-taxable","14":"purchasable","15":"product-type-variable"},"acf":[],"yoast_head":"<!-- This site is optimized with the Yoast SEO plugin v27.3 - https:\/\/yoast.com\/product\/yoast-seo-wordpress\/ -->\n<title>Cinta de empalme ORAFIX\u00ae 1281 | Cardinal TAPES<\/title>\n<meta name=\"description\" content=\"La cinta adhesiva de doble cara consiste en un papel tis\u00fa dispersable en agua recubierto de un adhesivo acr\u00edlico hidrosoluble sensible a la presi\u00f3n.\" \/>\n<meta name=\"robots\" content=\"index, follow, max-snippet:-1, max-image-preview:large, max-video-preview:-1\" \/>\n<link rel=\"canonical\" href=\"https:\/\/cardinal-tapes.com\/es\/cintas-adhesivas\/ambitos-de-aplicacion\/industria-papelera\/orafix-1281-cinta-adhesiva-de-empalme\/\" \/>\n<meta property=\"og:locale\" content=\"es_ES\" \/>\n<meta property=\"og:type\" content=\"article\" \/>\n<meta property=\"og:title\" content=\"Cinta de empalme ORAFIX\u00ae 1281 | Cardinal TAPES\" \/>\n<meta property=\"og:description\" content=\"La cinta adhesiva de doble cara consiste en un papel tis\u00fa dispersable en agua recubierto de un adhesivo acr\u00edlico hidrosoluble sensible a la presi\u00f3n.\" \/>\n<meta property=\"og:url\" content=\"https:\/\/cardinal-tapes.com\/es\/cintas-adhesivas\/ambitos-de-aplicacion\/industria-papelera\/orafix-1281-cinta-adhesiva-de-empalme\/\" \/>\n<meta property=\"og:site_name\" content=\"cardinal TAPES\" \/>\n<meta property=\"article:modified_time\" content=\"2025-07-01T14:20:00+00:00\" \/>\n<meta property=\"og:image\" content=\"https:\/\/cardinal-tapes.com\/wp-content\/uploads\/1281-1330-25mm-scaled.jpg\" \/>\n\t<meta property=\"og:image:width\" content=\"2560\" \/>\n\t<meta property=\"og:image:height\" content=\"1707\" \/>\n\t<meta property=\"og:image:type\" content=\"image\/jpeg\" \/>\n<meta name=\"twitter:card\" content=\"summary_large_image\" \/>\n<meta name=\"twitter:label1\" content=\"Tiempo de lectura\" \/>\n\t<meta name=\"twitter:data1\" content=\"1 minuto\" \/>\n<script type=\"application\/ld+json\" class=\"yoast-schema-graph\">{\"@context\":\"https:\\\/\\\/schema.org\",\"@graph\":[{\"@type\":\"WebPage\",\"@id\":\"https:\\\/\\\/cardinal-tapes.com\\\/es\\\/cintas-adhesivas\\\/ambitos-de-aplicacion\\\/industria-papelera\\\/orafix-1281-cinta-adhesiva-de-empalme\\\/\",\"url\":\"https:\\\/\\\/cardinal-tapes.com\\\/es\\\/cintas-adhesivas\\\/ambitos-de-aplicacion\\\/industria-papelera\\\/orafix-1281-cinta-adhesiva-de-empalme\\\/\",\"name\":\"Cinta de empalme ORAFIX\u00ae 1281 | Cardinal TAPES\",\"isPartOf\":{\"@id\":\"https:\\\/\\\/cardinal-tapes.com\\\/#website\"},\"primaryImageOfPage\":{\"@id\":\"https:\\\/\\\/cardinal-tapes.com\\\/es\\\/cintas-adhesivas\\\/ambitos-de-aplicacion\\\/industria-papelera\\\/orafix-1281-cinta-adhesiva-de-empalme\\\/#primaryimage\"},\"image\":{\"@id\":\"https:\\\/\\\/cardinal-tapes.com\\\/es\\\/cintas-adhesivas\\\/ambitos-de-aplicacion\\\/industria-papelera\\\/orafix-1281-cinta-adhesiva-de-empalme\\\/#primaryimage\"},\"thumbnailUrl\":\"https:\\\/\\\/cardinal-tapes.com\\\/wp-content\\\/uploads\\\/1281-1330-25mm-scaled.jpg\",\"datePublished\":\"2023-03-27T12:12:09+00:00\",\"dateModified\":\"2025-07-01T14:20:00+00:00\",\"description\":\"La cinta adhesiva de doble cara consiste en un papel tis\u00fa dispersable en agua recubierto de un adhesivo acr\u00edlico hidrosoluble sensible a la presi\u00f3n.\",\"breadcrumb\":{\"@id\":\"https:\\\/\\\/cardinal-tapes.com\\\/es\\\/cintas-adhesivas\\\/ambitos-de-aplicacion\\\/industria-papelera\\\/orafix-1281-cinta-adhesiva-de-empalme\\\/#breadcrumb\"},\"inLanguage\":\"es\",\"potentialAction\":[{\"@type\":\"ReadAction\",\"target\":[\"https:\\\/\\\/cardinal-tapes.com\\\/es\\\/cintas-adhesivas\\\/ambitos-de-aplicacion\\\/industria-papelera\\\/orafix-1281-cinta-adhesiva-de-empalme\\\/\"]}]},{\"@type\":\"ImageObject\",\"inLanguage\":\"es\",\"@id\":\"https:\\\/\\\/cardinal-tapes.com\\\/es\\\/cintas-adhesivas\\\/ambitos-de-aplicacion\\\/industria-papelera\\\/orafix-1281-cinta-adhesiva-de-empalme\\\/#primaryimage\",\"url\":\"https:\\\/\\\/cardinal-tapes.com\\\/wp-content\\\/uploads\\\/1281-1330-25mm-scaled.jpg\",\"contentUrl\":\"https:\\\/\\\/cardinal-tapes.com\\\/wp-content\\\/uploads\\\/1281-1330-25mm-scaled.jpg\",\"width\":2560,\"height\":1707},{\"@type\":\"BreadcrumbList\",\"@id\":\"https:\\\/\\\/cardinal-tapes.com\\\/es\\\/cintas-adhesivas\\\/ambitos-de-aplicacion\\\/industria-papelera\\\/orafix-1281-cinta-adhesiva-de-empalme\\\/#breadcrumb\",\"itemListElement\":[{\"@type\":\"ListItem\",\"position\":1,\"name\":\"Startseite\",\"item\":\"https:\\\/\\\/cardinal-tapes.com\\\/es\\\/\"},{\"@type\":\"ListItem\",\"position\":2,\"name\":\"Cintas adhesivas\",\"item\":\"https:\\\/\\\/cardinal-tapes.com\\\/es\\\/cintas-adhesivas-es\\\/\"},{\"@type\":\"ListItem\",\"position\":3,\"name\":\"\u00c1mbitos de aplicaci\u00f3n\",\"item\":\"https:\\\/\\\/cardinal-tapes.com\\\/es\\\/categora\\\/ambitos-de-aplicacion\\\/\"},{\"@type\":\"ListItem\",\"position\":4,\"name\":\"Industria papelera\",\"item\":\"https:\\\/\\\/cardinal-tapes.com\\\/es\\\/categora\\\/industria-papelera\\\/\"},{\"@type\":\"ListItem\",\"position\":5,\"name\":\"Cinta de empalme ORAFIX\u00ae 1281\"}]},{\"@type\":\"WebSite\",\"@id\":\"https:\\\/\\\/cardinal-tapes.com\\\/#website\",\"url\":\"https:\\\/\\\/cardinal-tapes.com\\\/\",\"name\":\"cardinal TAPES\",\"description\":\"Klebetechnik aus Wuppertal\",\"potentialAction\":[{\"@type\":\"SearchAction\",\"target\":{\"@type\":\"EntryPoint\",\"urlTemplate\":\"https:\\\/\\\/cardinal-tapes.com\\\/?s={search_term_string}\"},\"query-input\":{\"@type\":\"PropertyValueSpecification\",\"valueRequired\":true,\"valueName\":\"search_term_string\"}}],\"inLanguage\":\"es\"}]}<\/script>\n<!-- \/ Yoast SEO plugin. -->","yoast_head_json":{"title":"Cinta de empalme ORAFIX\u00ae 1281 | Cardinal TAPES","description":"La cinta adhesiva de doble cara consiste en un papel tis\u00fa dispersable en agua recubierto de un adhesivo acr\u00edlico hidrosoluble sensible a la presi\u00f3n.","robots":{"index":"index","follow":"follow","max-snippet":"max-snippet:-1","max-image-preview":"max-image-preview:large","max-video-preview":"max-video-preview:-1"},"canonical":"https:\/\/cardinal-tapes.com\/es\/cintas-adhesivas\/ambitos-de-aplicacion\/industria-papelera\/orafix-1281-cinta-adhesiva-de-empalme\/","og_locale":"es_ES","og_type":"article","og_title":"Cinta de empalme ORAFIX\u00ae 1281 | Cardinal TAPES","og_description":"La cinta adhesiva de doble cara consiste en un papel tis\u00fa dispersable en agua recubierto de un adhesivo acr\u00edlico hidrosoluble sensible a la presi\u00f3n.","og_url":"https:\/\/cardinal-tapes.com\/es\/cintas-adhesivas\/ambitos-de-aplicacion\/industria-papelera\/orafix-1281-cinta-adhesiva-de-empalme\/","og_site_name":"cardinal TAPES","article_modified_time":"2025-07-01T14:20:00+00:00","og_image":[{"width":2560,"height":1707,"url":"https:\/\/cardinal-tapes.com\/wp-content\/uploads\/1281-1330-25mm-scaled.jpg","type":"image\/jpeg"}],"twitter_card":"summary_large_image","twitter_misc":{"Tiempo de lectura":"1 minuto"},"schema":{"@context":"https:\/\/schema.org","@graph":[{"@type":"WebPage","@id":"https:\/\/cardinal-tapes.com\/es\/cintas-adhesivas\/ambitos-de-aplicacion\/industria-papelera\/orafix-1281-cinta-adhesiva-de-empalme\/","url":"https:\/\/cardinal-tapes.com\/es\/cintas-adhesivas\/ambitos-de-aplicacion\/industria-papelera\/orafix-1281-cinta-adhesiva-de-empalme\/","name":"Cinta de empalme ORAFIX\u00ae 1281 | Cardinal TAPES","isPartOf":{"@id":"https:\/\/cardinal-tapes.com\/#website"},"primaryImageOfPage":{"@id":"https:\/\/cardinal-tapes.com\/es\/cintas-adhesivas\/ambitos-de-aplicacion\/industria-papelera\/orafix-1281-cinta-adhesiva-de-empalme\/#primaryimage"},"image":{"@id":"https:\/\/cardinal-tapes.com\/es\/cintas-adhesivas\/ambitos-de-aplicacion\/industria-papelera\/orafix-1281-cinta-adhesiva-de-empalme\/#primaryimage"},"thumbnailUrl":"https:\/\/cardinal-tapes.com\/wp-content\/uploads\/1281-1330-25mm-scaled.jpg","datePublished":"2023-03-27T12:12:09+00:00","dateModified":"2025-07-01T14:20:00+00:00","description":"La cinta adhesiva de doble cara consiste en un papel tis\u00fa dispersable en agua recubierto de un adhesivo acr\u00edlico hidrosoluble sensible a la presi\u00f3n.","breadcrumb":{"@id":"https:\/\/cardinal-tapes.com\/es\/cintas-adhesivas\/ambitos-de-aplicacion\/industria-papelera\/orafix-1281-cinta-adhesiva-de-empalme\/#breadcrumb"},"inLanguage":"es","potentialAction":[{"@type":"ReadAction","target":["https:\/\/cardinal-tapes.com\/es\/cintas-adhesivas\/ambitos-de-aplicacion\/industria-papelera\/orafix-1281-cinta-adhesiva-de-empalme\/"]}]},{"@type":"ImageObject","inLanguage":"es","@id":"https:\/\/cardinal-tapes.com\/es\/cintas-adhesivas\/ambitos-de-aplicacion\/industria-papelera\/orafix-1281-cinta-adhesiva-de-empalme\/#primaryimage","url":"https:\/\/cardinal-tapes.com\/wp-content\/uploads\/1281-1330-25mm-scaled.jpg","contentUrl":"https:\/\/cardinal-tapes.com\/wp-content\/uploads\/1281-1330-25mm-scaled.jpg","width":2560,"height":1707},{"@type":"BreadcrumbList","@id":"https:\/\/cardinal-tapes.com\/es\/cintas-adhesivas\/ambitos-de-aplicacion\/industria-papelera\/orafix-1281-cinta-adhesiva-de-empalme\/#breadcrumb","itemListElement":[{"@type":"ListItem","position":1,"name":"Startseite","item":"https:\/\/cardinal-tapes.com\/es\/"},{"@type":"ListItem","position":2,"name":"Cintas adhesivas","item":"https:\/\/cardinal-tapes.com\/es\/cintas-adhesivas-es\/"},{"@type":"ListItem","position":3,"name":"\u00c1mbitos de aplicaci\u00f3n","item":"https:\/\/cardinal-tapes.com\/es\/categora\/ambitos-de-aplicacion\/"},{"@type":"ListItem","position":4,"name":"Industria papelera","item":"https:\/\/cardinal-tapes.com\/es\/categora\/industria-papelera\/"},{"@type":"ListItem","position":5,"name":"Cinta de empalme ORAFIX\u00ae 1281"}]},{"@type":"WebSite","@id":"https:\/\/cardinal-tapes.com\/#website","url":"https:\/\/cardinal-tapes.com\/","name":"cardinal TAPES","description":"Klebetechnik aus Wuppertal","potentialAction":[{"@type":"SearchAction","target":{"@type":"EntryPoint","urlTemplate":"https:\/\/cardinal-tapes.com\/?s={search_term_string}"},"query-input":{"@type":"PropertyValueSpecification","valueRequired":true,"valueName":"search_term_string"}}],"inLanguage":"es"}]}},"brands":[{"id":2910,"name":"ORAFOL","slug":"orafol-es"}],"_links":{"self":[{"href":"https:\/\/cardinal-tapes.com\/es\/wp-json\/wp\/v2\/product\/38283","targetHints":{"allow":["GET"]}}],"collection":[{"href":"https:\/\/cardinal-tapes.com\/es\/wp-json\/wp\/v2\/product"}],"about":[{"href":"https:\/\/cardinal-tapes.com\/es\/wp-json\/wp\/v2\/types\/product"}],"wp:featuredmedia":[{"embeddable":true,"href":"https:\/\/cardinal-tapes.com\/es\/wp-json\/wp\/v2\/media\/29263"}],"wp:attachment":[{"href":"https:\/\/cardinal-tapes.com\/es\/wp-json\/wp\/v2\/media?parent=38283"}],"wp:term":[{"taxonomy":"pwb-brand","embeddable":true,"href":"https:\/\/cardinal-tapes.com\/es\/wp-json\/wp\/v2\/pwb-brand?post=38283"},{"taxonomy":"product_brand","embeddable":true,"href":"https:\/\/cardinal-tapes.com\/es\/wp-json\/wp\/v2\/product_brand?post=38283"},{"taxonomy":"product_cat","embeddable":true,"href":"https:\/\/cardinal-tapes.com\/es\/wp-json\/wp\/v2\/product_cat?post=38283"},{"taxonomy":"product_tag","embeddable":true,"href":"https:\/\/cardinal-tapes.com\/es\/wp-json\/wp\/v2\/product_tag?post=38283"}],"curies":[{"name":"wp","href":"https:\/\/api.w.org\/{rel}","templated":true}]}}