{"id":38281,"date":"2023-03-10T10:55:42","date_gmt":"2023-06-05T14:42:58","guid":{"rendered":"https:\/\/cardinal.pixel-tal.de\/klebebaender\/sin%20categor\u00eda\/h-old-8644-cinta-adhesiva-de-poliester\/"},"modified":"2025-07-01T16:17:25","modified_gmt":"2025-07-01T14:17:25","slug":"h-old-8644-cinta-adhesiva-de-poliester","status":"publish","type":"product","link":"https:\/\/cardinal-tapes.com\/es\/cintas-adhesivas\/cintas-adhesivas-de-una-cara\/cinta-pet\/h-old-8644-cinta-adhesiva-de-poliester\/","title":{"rendered":"h-old\u00ae 8644 Cinta adhesiva de poli\u00e9ster"},"content":{"rendered":"<p><span id=\"[0,2]\" class=\"word\">La h-old\u00ae 8644 es una cinta adhesiva de poli\u00e9ster de doble cara, que<\/span> est\u00e1 equipada por una cara con un adhesivo de silicona de alta calidad<br \/>\ny por la otra con un adhesivo acr\u00edlico. El adhesivo de silicona proporciona una buena pegajosidad inicial<br \/>\ny adhesi\u00f3n a sustratos siliconados, materiales de alta y baja energ\u00eda, etc.<br \/>\nDise\u00f1ada para laminar una amplia gama de materiales de silicona y proporciona una soluci\u00f3n de pegado eficaz. <\/p>\n","protected":false},"excerpt":{"rendered":"<p>La h-old\u00ae 8644 es una cinta adhesiva de poli\u00e9ster de doble cara, que est\u00e1 equipada por una cara con un adhesivo de silicona de alta calidad y por la otra con un adhesivo acr\u00edlico. El adhesivo de silicona proporciona una buena pegajosidad inicial y adhesi\u00f3n a sustratos siliconados, materiales de alta y baja energ\u00eda, etc. [&hellip;]<\/p>\n","protected":false},"featured_media":29227,"template":"","meta":{"_acf_changed":false},"pwb-brand":[2480,2485],"product_brand":[],"product_cat":[1804,1809],"product_tag":[],"class_list":{"0":"post-38281","1":"product","2":"type-product","3":"status-publish","4":"has-post-thumbnail","6":"pwb-brand-h-old-es","7":"pwb-brand-saint-gobain-es","8":"product_cat-cintas-adhesivas-de-doble-cara","9":"product_cat-cinta-pet","11":"first","12":"outofstock","13":"taxable","14":"shipping-taxable","15":"product-type-variable"},"acf":[],"yoast_head":"<!-- This site is optimized with the Yoast SEO plugin v27.3 - https:\/\/yoast.com\/product\/yoast-seo-wordpress\/ -->\n<title>h-old 8644 Cinta adhesiva poli\u00e9ster | Cardinal TAPES<\/title>\n<meta name=\"description\" content=\"La h-old\u00ae 8644 es una cinta adhesiva de poli\u00e9ster de doble cara con un adhesivo de silicona en una cara y un adhesivo acr\u00edlico en la otra.\" \/>\n<meta name=\"robots\" content=\"index, follow, max-snippet:-1, max-image-preview:large, max-video-preview:-1\" \/>\n<link rel=\"canonical\" href=\"https:\/\/cardinal-tapes.com\/es\/cintas-adhesivas\/cintas-adhesivas-de-una-cara\/cinta-pet\/h-old-8644-cinta-adhesiva-de-poliester\/\" \/>\n<meta property=\"og:locale\" content=\"es_ES\" \/>\n<meta property=\"og:type\" content=\"article\" \/>\n<meta property=\"og:title\" content=\"h-old 8644 Cinta adhesiva poli\u00e9ster | Cardinal TAPES\" \/>\n<meta property=\"og:description\" content=\"La h-old\u00ae 8644 es una cinta adhesiva de poli\u00e9ster de doble cara con un adhesivo de silicona en una cara y un adhesivo acr\u00edlico en la otra.\" \/>\n<meta property=\"og:url\" content=\"https:\/\/cardinal-tapes.com\/es\/cintas-adhesivas\/cintas-adhesivas-de-una-cara\/cinta-pet\/h-old-8644-cinta-adhesiva-de-poliester\/\" \/>\n<meta property=\"og:site_name\" content=\"cardinal TAPES\" \/>\n<meta property=\"article:modified_time\" content=\"2025-07-01T14:17:25+00:00\" \/>\n<meta property=\"og:image\" content=\"https:\/\/cardinal-tapes.com\/wp-content\/uploads\/H-old-PET-8100-8102-8621-8644-8167-9180-A_203747.png\" \/>\n\t<meta property=\"og:image:width\" content=\"415\" \/>\n\t<meta property=\"og:image:height\" content=\"415\" \/>\n\t<meta property=\"og:image:type\" content=\"image\/png\" \/>\n<meta name=\"twitter:card\" content=\"summary_large_image\" \/>\n<script type=\"application\/ld+json\" class=\"yoast-schema-graph\">{\"@context\":\"https:\\\/\\\/schema.org\",\"@graph\":[{\"@type\":\"WebPage\",\"@id\":\"https:\\\/\\\/cardinal-tapes.com\\\/es\\\/cintas-adhesivas\\\/cintas-adhesivas-de-una-cara\\\/cinta-pet\\\/h-old-8644-cinta-adhesiva-de-poliester\\\/\",\"url\":\"https:\\\/\\\/cardinal-tapes.com\\\/es\\\/cintas-adhesivas\\\/cintas-adhesivas-de-una-cara\\\/cinta-pet\\\/h-old-8644-cinta-adhesiva-de-poliester\\\/\",\"name\":\"h-old 8644 Cinta adhesiva poli\u00e9ster | Cardinal TAPES\",\"isPartOf\":{\"@id\":\"https:\\\/\\\/cardinal-tapes.com\\\/#website\"},\"primaryImageOfPage\":{\"@id\":\"https:\\\/\\\/cardinal-tapes.com\\\/es\\\/cintas-adhesivas\\\/cintas-adhesivas-de-una-cara\\\/cinta-pet\\\/h-old-8644-cinta-adhesiva-de-poliester\\\/#primaryimage\"},\"image\":{\"@id\":\"https:\\\/\\\/cardinal-tapes.com\\\/es\\\/cintas-adhesivas\\\/cintas-adhesivas-de-una-cara\\\/cinta-pet\\\/h-old-8644-cinta-adhesiva-de-poliester\\\/#primaryimage\"},\"thumbnailUrl\":\"https:\\\/\\\/cardinal-tapes.com\\\/wp-content\\\/uploads\\\/H-old-PET-8100-8102-8621-8644-8167-9180-A_203747.png\",\"datePublished\":\"2023-06-05T14:42:58+00:00\",\"dateModified\":\"2025-07-01T14:17:25+00:00\",\"description\":\"La h-old\u00ae 8644 es una cinta adhesiva de poli\u00e9ster de doble cara con un adhesivo de silicona en una cara y un adhesivo acr\u00edlico en la otra.\",\"breadcrumb\":{\"@id\":\"https:\\\/\\\/cardinal-tapes.com\\\/es\\\/cintas-adhesivas\\\/cintas-adhesivas-de-una-cara\\\/cinta-pet\\\/h-old-8644-cinta-adhesiva-de-poliester\\\/#breadcrumb\"},\"inLanguage\":\"es\",\"potentialAction\":[{\"@type\":\"ReadAction\",\"target\":[\"https:\\\/\\\/cardinal-tapes.com\\\/es\\\/cintas-adhesivas\\\/cintas-adhesivas-de-una-cara\\\/cinta-pet\\\/h-old-8644-cinta-adhesiva-de-poliester\\\/\"]}]},{\"@type\":\"ImageObject\",\"inLanguage\":\"es\",\"@id\":\"https:\\\/\\\/cardinal-tapes.com\\\/es\\\/cintas-adhesivas\\\/cintas-adhesivas-de-una-cara\\\/cinta-pet\\\/h-old-8644-cinta-adhesiva-de-poliester\\\/#primaryimage\",\"url\":\"https:\\\/\\\/cardinal-tapes.com\\\/wp-content\\\/uploads\\\/H-old-PET-8100-8102-8621-8644-8167-9180-A_203747.png\",\"contentUrl\":\"https:\\\/\\\/cardinal-tapes.com\\\/wp-content\\\/uploads\\\/H-old-PET-8100-8102-8621-8644-8167-9180-A_203747.png\",\"width\":415,\"height\":415},{\"@type\":\"BreadcrumbList\",\"@id\":\"https:\\\/\\\/cardinal-tapes.com\\\/es\\\/cintas-adhesivas\\\/cintas-adhesivas-de-una-cara\\\/cinta-pet\\\/h-old-8644-cinta-adhesiva-de-poliester\\\/#breadcrumb\",\"itemListElement\":[{\"@type\":\"ListItem\",\"position\":1,\"name\":\"Startseite\",\"item\":\"https:\\\/\\\/cardinal-tapes.com\\\/es\\\/\"},{\"@type\":\"ListItem\",\"position\":2,\"name\":\"Cintas adhesivas\",\"item\":\"https:\\\/\\\/cardinal-tapes.com\\\/es\\\/cintas-adhesivas-es\\\/\"},{\"@type\":\"ListItem\",\"position\":3,\"name\":\"Cintas adhesivas de una cara\",\"item\":\"https:\\\/\\\/cardinal-tapes.com\\\/es\\\/categora\\\/cintas-adhesivas-de-una-cara\\\/\"},{\"@type\":\"ListItem\",\"position\":4,\"name\":\"Cinta PET\",\"item\":\"https:\\\/\\\/cardinal-tapes.com\\\/es\\\/categora\\\/cinta-pet\\\/\"},{\"@type\":\"ListItem\",\"position\":5,\"name\":\"h-old\u00ae 8644 Cinta adhesiva de poli\u00e9ster\"}]},{\"@type\":\"WebSite\",\"@id\":\"https:\\\/\\\/cardinal-tapes.com\\\/#website\",\"url\":\"https:\\\/\\\/cardinal-tapes.com\\\/\",\"name\":\"cardinal TAPES\",\"description\":\"Klebetechnik aus Wuppertal\",\"potentialAction\":[{\"@type\":\"SearchAction\",\"target\":{\"@type\":\"EntryPoint\",\"urlTemplate\":\"https:\\\/\\\/cardinal-tapes.com\\\/?s={search_term_string}\"},\"query-input\":{\"@type\":\"PropertyValueSpecification\",\"valueRequired\":true,\"valueName\":\"search_term_string\"}}],\"inLanguage\":\"es\"}]}<\/script>\n<!-- \/ Yoast SEO plugin. -->","yoast_head_json":{"title":"h-old 8644 Cinta adhesiva poli\u00e9ster | Cardinal TAPES","description":"La h-old\u00ae 8644 es una cinta adhesiva de poli\u00e9ster de doble cara con un adhesivo de silicona en una cara y un adhesivo acr\u00edlico en la otra.","robots":{"index":"index","follow":"follow","max-snippet":"max-snippet:-1","max-image-preview":"max-image-preview:large","max-video-preview":"max-video-preview:-1"},"canonical":"https:\/\/cardinal-tapes.com\/es\/cintas-adhesivas\/cintas-adhesivas-de-una-cara\/cinta-pet\/h-old-8644-cinta-adhesiva-de-poliester\/","og_locale":"es_ES","og_type":"article","og_title":"h-old 8644 Cinta adhesiva poli\u00e9ster | Cardinal TAPES","og_description":"La h-old\u00ae 8644 es una cinta adhesiva de poli\u00e9ster de doble cara con un adhesivo de silicona en una cara y un adhesivo acr\u00edlico en la otra.","og_url":"https:\/\/cardinal-tapes.com\/es\/cintas-adhesivas\/cintas-adhesivas-de-una-cara\/cinta-pet\/h-old-8644-cinta-adhesiva-de-poliester\/","og_site_name":"cardinal TAPES","article_modified_time":"2025-07-01T14:17:25+00:00","og_image":[{"width":415,"height":415,"url":"https:\/\/cardinal-tapes.com\/wp-content\/uploads\/H-old-PET-8100-8102-8621-8644-8167-9180-A_203747.png","type":"image\/png"}],"twitter_card":"summary_large_image","schema":{"@context":"https:\/\/schema.org","@graph":[{"@type":"WebPage","@id":"https:\/\/cardinal-tapes.com\/es\/cintas-adhesivas\/cintas-adhesivas-de-una-cara\/cinta-pet\/h-old-8644-cinta-adhesiva-de-poliester\/","url":"https:\/\/cardinal-tapes.com\/es\/cintas-adhesivas\/cintas-adhesivas-de-una-cara\/cinta-pet\/h-old-8644-cinta-adhesiva-de-poliester\/","name":"h-old 8644 Cinta adhesiva poli\u00e9ster | Cardinal TAPES","isPartOf":{"@id":"https:\/\/cardinal-tapes.com\/#website"},"primaryImageOfPage":{"@id":"https:\/\/cardinal-tapes.com\/es\/cintas-adhesivas\/cintas-adhesivas-de-una-cara\/cinta-pet\/h-old-8644-cinta-adhesiva-de-poliester\/#primaryimage"},"image":{"@id":"https:\/\/cardinal-tapes.com\/es\/cintas-adhesivas\/cintas-adhesivas-de-una-cara\/cinta-pet\/h-old-8644-cinta-adhesiva-de-poliester\/#primaryimage"},"thumbnailUrl":"https:\/\/cardinal-tapes.com\/wp-content\/uploads\/H-old-PET-8100-8102-8621-8644-8167-9180-A_203747.png","datePublished":"2023-06-05T14:42:58+00:00","dateModified":"2025-07-01T14:17:25+00:00","description":"La h-old\u00ae 8644 es una cinta adhesiva de poli\u00e9ster de doble cara con un adhesivo de silicona en una cara y un adhesivo acr\u00edlico en la otra.","breadcrumb":{"@id":"https:\/\/cardinal-tapes.com\/es\/cintas-adhesivas\/cintas-adhesivas-de-una-cara\/cinta-pet\/h-old-8644-cinta-adhesiva-de-poliester\/#breadcrumb"},"inLanguage":"es","potentialAction":[{"@type":"ReadAction","target":["https:\/\/cardinal-tapes.com\/es\/cintas-adhesivas\/cintas-adhesivas-de-una-cara\/cinta-pet\/h-old-8644-cinta-adhesiva-de-poliester\/"]}]},{"@type":"ImageObject","inLanguage":"es","@id":"https:\/\/cardinal-tapes.com\/es\/cintas-adhesivas\/cintas-adhesivas-de-una-cara\/cinta-pet\/h-old-8644-cinta-adhesiva-de-poliester\/#primaryimage","url":"https:\/\/cardinal-tapes.com\/wp-content\/uploads\/H-old-PET-8100-8102-8621-8644-8167-9180-A_203747.png","contentUrl":"https:\/\/cardinal-tapes.com\/wp-content\/uploads\/H-old-PET-8100-8102-8621-8644-8167-9180-A_203747.png","width":415,"height":415},{"@type":"BreadcrumbList","@id":"https:\/\/cardinal-tapes.com\/es\/cintas-adhesivas\/cintas-adhesivas-de-una-cara\/cinta-pet\/h-old-8644-cinta-adhesiva-de-poliester\/#breadcrumb","itemListElement":[{"@type":"ListItem","position":1,"name":"Startseite","item":"https:\/\/cardinal-tapes.com\/es\/"},{"@type":"ListItem","position":2,"name":"Cintas adhesivas","item":"https:\/\/cardinal-tapes.com\/es\/cintas-adhesivas-es\/"},{"@type":"ListItem","position":3,"name":"Cintas adhesivas de una cara","item":"https:\/\/cardinal-tapes.com\/es\/categora\/cintas-adhesivas-de-una-cara\/"},{"@type":"ListItem","position":4,"name":"Cinta PET","item":"https:\/\/cardinal-tapes.com\/es\/categora\/cinta-pet\/"},{"@type":"ListItem","position":5,"name":"h-old\u00ae 8644 Cinta adhesiva de poli\u00e9ster"}]},{"@type":"WebSite","@id":"https:\/\/cardinal-tapes.com\/#website","url":"https:\/\/cardinal-tapes.com\/","name":"cardinal TAPES","description":"Klebetechnik aus Wuppertal","potentialAction":[{"@type":"SearchAction","target":{"@type":"EntryPoint","urlTemplate":"https:\/\/cardinal-tapes.com\/?s={search_term_string}"},"query-input":{"@type":"PropertyValueSpecification","valueRequired":true,"valueName":"search_term_string"}}],"inLanguage":"es"}]}},"brands":[{"id":2480,"name":"Saint-Gobain h-old","slug":"h-old-es"},{"id":2485,"name":"Saint-Gobain Performance Plastics","slug":"saint-gobain-es"}],"_links":{"self":[{"href":"https:\/\/cardinal-tapes.com\/es\/wp-json\/wp\/v2\/product\/38281","targetHints":{"allow":["GET"]}}],"collection":[{"href":"https:\/\/cardinal-tapes.com\/es\/wp-json\/wp\/v2\/product"}],"about":[{"href":"https:\/\/cardinal-tapes.com\/es\/wp-json\/wp\/v2\/types\/product"}],"wp:featuredmedia":[{"embeddable":true,"href":"https:\/\/cardinal-tapes.com\/es\/wp-json\/wp\/v2\/media\/29227"}],"wp:attachment":[{"href":"https:\/\/cardinal-tapes.com\/es\/wp-json\/wp\/v2\/media?parent=38281"}],"wp:term":[{"taxonomy":"pwb-brand","embeddable":true,"href":"https:\/\/cardinal-tapes.com\/es\/wp-json\/wp\/v2\/pwb-brand?post=38281"},{"taxonomy":"product_brand","embeddable":true,"href":"https:\/\/cardinal-tapes.com\/es\/wp-json\/wp\/v2\/product_brand?post=38281"},{"taxonomy":"product_cat","embeddable":true,"href":"https:\/\/cardinal-tapes.com\/es\/wp-json\/wp\/v2\/product_cat?post=38281"},{"taxonomy":"product_tag","embeddable":true,"href":"https:\/\/cardinal-tapes.com\/es\/wp-json\/wp\/v2\/product_tag?post=38281"}],"curies":[{"name":"wp","href":"https:\/\/api.w.org\/{rel}","templated":true}]}}