{"id":37897,"date":"2021-09-27T10:14:35","date_gmt":"2023-06-05T14:37:50","guid":{"rendered":"https:\/\/cardinal.pixel-tal.de\/klebebaender\/sin categor\u00eda\/h-old-cinta-adhesiva-de-transferencia-8031\/"},"modified":"2023-06-05T16:37:50","modified_gmt":"2023-06-05T14:37:50","slug":"cinta-de-transferencia-h-old-8031","status":"publish","type":"product","link":"https:\/\/cardinal-tapes.com\/es\/cintas-adhesivas\/cintas-adhesivas-de-una-cara\/cinta-de-transferencia-h-old-8031\/","title":{"rendered":"h-old\u00ae cinta adhesiva de transferencia 8031"},"content":{"rendered":"<p>La cinta de transferencia h-old\u00ae 8031 es una cinta adhesiva de 0,050 mm de grosor con adhesivo acr\u00edlico modificado sobre una pel\u00edcula de papel siliconado. Est\u00e1 dise\u00f1ado para el montaje de diversos materiales como tejidos, papeles, pel\u00edculas de pl\u00e1stico, l\u00e1minas, cart\u00f3n, vidrio, etc.<\/p>\n<p><strong>Propiedades<\/strong><br \/>\n&#8211; <span id=\"[0,4]\" class=\"word\">Buena<\/span> <span id=\"[5,20]\" class=\"word\">resistencia al cizallamiento<\/span><span id=\"[22,24]\" class=\"word\">y<\/span> al <span id=\"[25,47]\" class=\"word\">envejecimiento<\/span><\/p>\n<p><strong>Aplicaciones<\/strong><br \/>\n&#8211; Aplicaci\u00f3n en la <span id=\"[12,31]\" class=\"word\">industria<\/span> <span id=\"[0,6]\" class=\"word\">papelera<\/span><span id=\"[9,11]\" class=\"word\">y<\/span> <span id=\"[12,31]\" class=\"word\">del pl\u00e1stico<\/span><\/p>\n","protected":false},"excerpt":{"rendered":"<p>La cinta de transferencia h-old\u00ae 8031 es una cinta adhesiva de 0,050 mm de grosor con adhesivo acr\u00edlico modificado sobre una pel\u00edcula de papel siliconado. Est\u00e1 dise\u00f1ado para el montaje de diversos materiales como tejidos, papeles, pel\u00edculas de pl\u00e1stico, l\u00e1minas, cart\u00f3n, vidrio, etc. Propiedades &#8211; Buena resistencia al cizallamientoy al envejecimiento Aplicaciones &#8211; Aplicaci\u00f3n en [&hellip;]<\/p>\n","protected":false},"featured_media":0,"template":"","meta":{"_acf_changed":false},"pwb-brand":[2480,2485],"product_brand":[],"product_cat":[1806],"product_tag":[],"class_list":{"0":"post-37897","1":"product","2":"type-product","3":"status-publish","5":"pwb-brand-h-old-es","6":"pwb-brand-saint-gobain-es","7":"product_cat-cintas-adhesivas-de-una-cara","9":"first","10":"instock","11":"taxable","12":"shipping-taxable","13":"product-type-simple"},"acf":[],"yoast_head":"<!-- This site is optimized with the Yoast SEO plugin v27.3 - https:\/\/yoast.com\/product\/yoast-seo-wordpress\/ -->\n<title>cinta de transferencia antigua 8031 | cintas cardinales<\/title>\n<meta name=\"description\" content=\"La cinta de transferencia h-old 8031 es una cinta adhesiva de 0,050 mm de grosor con adhesivo acr\u00edlico modificado sobre una pel\u00edcula de papel siliconado.\" \/>\n<meta name=\"robots\" content=\"index, follow, max-snippet:-1, max-image-preview:large, max-video-preview:-1\" \/>\n<link rel=\"canonical\" href=\"https:\/\/cardinal-tapes.com\/es\/cintas-adhesivas\/cintas-adhesivas-de-una-cara\/cinta-de-transferencia-h-old-8031\/\" \/>\n<meta property=\"og:locale\" content=\"es_ES\" \/>\n<meta property=\"og:type\" content=\"article\" \/>\n<meta property=\"og:title\" content=\"cinta de transferencia antigua 8031 | cintas cardinales\" \/>\n<meta property=\"og:description\" content=\"La cinta de transferencia h-old 8031 es una cinta adhesiva de 0,050 mm de grosor con adhesivo acr\u00edlico modificado sobre una pel\u00edcula de papel siliconado.\" \/>\n<meta property=\"og:url\" content=\"https:\/\/cardinal-tapes.com\/es\/cintas-adhesivas\/cintas-adhesivas-de-una-cara\/cinta-de-transferencia-h-old-8031\/\" \/>\n<meta property=\"og:site_name\" content=\"cardinal TAPES\" \/>\n<meta name=\"twitter:card\" content=\"summary_large_image\" \/>\n<script type=\"application\/ld+json\" class=\"yoast-schema-graph\">{\"@context\":\"https:\\\/\\\/schema.org\",\"@graph\":[{\"@type\":\"WebPage\",\"@id\":\"https:\\\/\\\/cardinal-tapes.com\\\/es\\\/cintas-adhesivas\\\/cintas-adhesivas-de-una-cara\\\/cinta-de-transferencia-h-old-8031\\\/\",\"url\":\"https:\\\/\\\/cardinal-tapes.com\\\/es\\\/cintas-adhesivas\\\/cintas-adhesivas-de-una-cara\\\/cinta-de-transferencia-h-old-8031\\\/\",\"name\":\"cinta de transferencia antigua 8031 | cintas cardinales\",\"isPartOf\":{\"@id\":\"https:\\\/\\\/cardinal-tapes.com\\\/#website\"},\"datePublished\":\"2023-06-05T14:37:50+00:00\",\"description\":\"La cinta de transferencia h-old 8031 es una cinta adhesiva de 0,050 mm de grosor con adhesivo acr\u00edlico modificado sobre una pel\u00edcula de papel siliconado.\",\"breadcrumb\":{\"@id\":\"https:\\\/\\\/cardinal-tapes.com\\\/es\\\/cintas-adhesivas\\\/cintas-adhesivas-de-una-cara\\\/cinta-de-transferencia-h-old-8031\\\/#breadcrumb\"},\"inLanguage\":\"es\",\"potentialAction\":[{\"@type\":\"ReadAction\",\"target\":[\"https:\\\/\\\/cardinal-tapes.com\\\/es\\\/cintas-adhesivas\\\/cintas-adhesivas-de-una-cara\\\/cinta-de-transferencia-h-old-8031\\\/\"]}]},{\"@type\":\"BreadcrumbList\",\"@id\":\"https:\\\/\\\/cardinal-tapes.com\\\/es\\\/cintas-adhesivas\\\/cintas-adhesivas-de-una-cara\\\/cinta-de-transferencia-h-old-8031\\\/#breadcrumb\",\"itemListElement\":[{\"@type\":\"ListItem\",\"position\":1,\"name\":\"Startseite\",\"item\":\"https:\\\/\\\/cardinal-tapes.com\\\/es\\\/\"},{\"@type\":\"ListItem\",\"position\":2,\"name\":\"Cintas adhesivas\",\"item\":\"https:\\\/\\\/cardinal-tapes.com\\\/es\\\/cintas-adhesivas-es\\\/\"},{\"@type\":\"ListItem\",\"position\":3,\"name\":\"Cintas adhesivas de una cara\",\"item\":\"https:\\\/\\\/cardinal-tapes.com\\\/es\\\/categora\\\/cintas-adhesivas-de-una-cara\\\/\"},{\"@type\":\"ListItem\",\"position\":4,\"name\":\"h-old\u00ae cinta adhesiva de transferencia 8031\"}]},{\"@type\":\"WebSite\",\"@id\":\"https:\\\/\\\/cardinal-tapes.com\\\/#website\",\"url\":\"https:\\\/\\\/cardinal-tapes.com\\\/\",\"name\":\"cardinal TAPES\",\"description\":\"Klebetechnik aus Wuppertal\",\"potentialAction\":[{\"@type\":\"SearchAction\",\"target\":{\"@type\":\"EntryPoint\",\"urlTemplate\":\"https:\\\/\\\/cardinal-tapes.com\\\/?s={search_term_string}\"},\"query-input\":{\"@type\":\"PropertyValueSpecification\",\"valueRequired\":true,\"valueName\":\"search_term_string\"}}],\"inLanguage\":\"es\"}]}<\/script>\n<!-- \/ Yoast SEO plugin. -->","yoast_head_json":{"title":"cinta de transferencia antigua 8031 | cintas cardinales","description":"La cinta de transferencia h-old 8031 es una cinta adhesiva de 0,050 mm de grosor con adhesivo acr\u00edlico modificado sobre una pel\u00edcula de papel siliconado.","robots":{"index":"index","follow":"follow","max-snippet":"max-snippet:-1","max-image-preview":"max-image-preview:large","max-video-preview":"max-video-preview:-1"},"canonical":"https:\/\/cardinal-tapes.com\/es\/cintas-adhesivas\/cintas-adhesivas-de-una-cara\/cinta-de-transferencia-h-old-8031\/","og_locale":"es_ES","og_type":"article","og_title":"cinta de transferencia antigua 8031 | cintas cardinales","og_description":"La cinta de transferencia h-old 8031 es una cinta adhesiva de 0,050 mm de grosor con adhesivo acr\u00edlico modificado sobre una pel\u00edcula de papel siliconado.","og_url":"https:\/\/cardinal-tapes.com\/es\/cintas-adhesivas\/cintas-adhesivas-de-una-cara\/cinta-de-transferencia-h-old-8031\/","og_site_name":"cardinal TAPES","twitter_card":"summary_large_image","schema":{"@context":"https:\/\/schema.org","@graph":[{"@type":"WebPage","@id":"https:\/\/cardinal-tapes.com\/es\/cintas-adhesivas\/cintas-adhesivas-de-una-cara\/cinta-de-transferencia-h-old-8031\/","url":"https:\/\/cardinal-tapes.com\/es\/cintas-adhesivas\/cintas-adhesivas-de-una-cara\/cinta-de-transferencia-h-old-8031\/","name":"cinta de transferencia antigua 8031 | cintas cardinales","isPartOf":{"@id":"https:\/\/cardinal-tapes.com\/#website"},"datePublished":"2023-06-05T14:37:50+00:00","description":"La cinta de transferencia h-old 8031 es una cinta adhesiva de 0,050 mm de grosor con adhesivo acr\u00edlico modificado sobre una pel\u00edcula de papel siliconado.","breadcrumb":{"@id":"https:\/\/cardinal-tapes.com\/es\/cintas-adhesivas\/cintas-adhesivas-de-una-cara\/cinta-de-transferencia-h-old-8031\/#breadcrumb"},"inLanguage":"es","potentialAction":[{"@type":"ReadAction","target":["https:\/\/cardinal-tapes.com\/es\/cintas-adhesivas\/cintas-adhesivas-de-una-cara\/cinta-de-transferencia-h-old-8031\/"]}]},{"@type":"BreadcrumbList","@id":"https:\/\/cardinal-tapes.com\/es\/cintas-adhesivas\/cintas-adhesivas-de-una-cara\/cinta-de-transferencia-h-old-8031\/#breadcrumb","itemListElement":[{"@type":"ListItem","position":1,"name":"Startseite","item":"https:\/\/cardinal-tapes.com\/es\/"},{"@type":"ListItem","position":2,"name":"Cintas adhesivas","item":"https:\/\/cardinal-tapes.com\/es\/cintas-adhesivas-es\/"},{"@type":"ListItem","position":3,"name":"Cintas adhesivas de una cara","item":"https:\/\/cardinal-tapes.com\/es\/categora\/cintas-adhesivas-de-una-cara\/"},{"@type":"ListItem","position":4,"name":"h-old\u00ae cinta adhesiva de transferencia 8031"}]},{"@type":"WebSite","@id":"https:\/\/cardinal-tapes.com\/#website","url":"https:\/\/cardinal-tapes.com\/","name":"cardinal TAPES","description":"Klebetechnik aus Wuppertal","potentialAction":[{"@type":"SearchAction","target":{"@type":"EntryPoint","urlTemplate":"https:\/\/cardinal-tapes.com\/?s={search_term_string}"},"query-input":{"@type":"PropertyValueSpecification","valueRequired":true,"valueName":"search_term_string"}}],"inLanguage":"es"}]}},"brands":[{"id":2480,"name":"Saint-Gobain h-old","slug":"h-old-es"},{"id":2485,"name":"Saint-Gobain Performance Plastics","slug":"saint-gobain-es"}],"_links":{"self":[{"href":"https:\/\/cardinal-tapes.com\/es\/wp-json\/wp\/v2\/product\/37897","targetHints":{"allow":["GET"]}}],"collection":[{"href":"https:\/\/cardinal-tapes.com\/es\/wp-json\/wp\/v2\/product"}],"about":[{"href":"https:\/\/cardinal-tapes.com\/es\/wp-json\/wp\/v2\/types\/product"}],"wp:attachment":[{"href":"https:\/\/cardinal-tapes.com\/es\/wp-json\/wp\/v2\/media?parent=37897"}],"wp:term":[{"taxonomy":"pwb-brand","embeddable":true,"href":"https:\/\/cardinal-tapes.com\/es\/wp-json\/wp\/v2\/pwb-brand?post=37897"},{"taxonomy":"product_brand","embeddable":true,"href":"https:\/\/cardinal-tapes.com\/es\/wp-json\/wp\/v2\/product_brand?post=37897"},{"taxonomy":"product_cat","embeddable":true,"href":"https:\/\/cardinal-tapes.com\/es\/wp-json\/wp\/v2\/product_cat?post=37897"},{"taxonomy":"product_tag","embeddable":true,"href":"https:\/\/cardinal-tapes.com\/es\/wp-json\/wp\/v2\/product_tag?post=37897"}],"curies":[{"name":"wp","href":"https:\/\/api.w.org\/{rel}","templated":true}]}}