{"id":37813,"date":"2021-09-27T10:02:37","date_gmt":"2023-06-05T14:37:48","guid":{"rendered":"https:\/\/cardinal.pixel-tal.de\/klebebaender\/sin%20categor\u00eda\/h-old-p-40-cinta-adhesiva-de-poliester\/"},"modified":"2025-07-02T12:28:26","modified_gmt":"2025-07-02T10:28:26","slug":"h-poliester-adhesivo-cinta-p-40","status":"publish","type":"product","link":"https:\/\/cardinal-tapes.com\/es\/cintas-adhesivas\/cintas-adhesivas-de-una-cara\/cinta-pet\/h-poliester-adhesivo-cinta-p-40\/","title":{"rendered":"h-old\u00ae P.40 Cinta adhesiva de poli\u00e9ster"},"content":{"rendered":"<p><span id=\"[0,2]\" class=\"word\">La cinta adhesiva de poli\u00e9ster h-old\u00ae P.40 es una cinta adhesiva de 0,06 mm de grosor formada por un soporte de <\/span><span id=\"[10,24]\" class=\"word\">pel\u00edcula de poli\u00e9ster <\/span> <span id=\"[54,67]\" class=\"word\">recubierto de adhesivo de silicona<\/span> <span id=\"[41,53]\" class=\"word\">de alta calidad<\/span>. Est\u00e1 <span id=\"[70,80]\" class=\"word\">dise\u00f1ado<\/span> <span id=\"[81,84]\" class=\"word\">para<\/span> <span id=\"[102,117]\" class=\"word\">trabajos de<\/span> <span id=\"[85,96]\" class=\"word\">enmascaramiento<\/span><span id=\"[99,101]\" class=\"word\">y<\/span> empalme <span id=\"[123,128]\" class=\"word\">en los que<\/span> <span id=\"[194,198]\" class=\"word\">se<\/span> <span id=\"[181,193]\" class=\"word\">requiere<\/span> <span id=\"[134,157]\" class=\"word\">resistencia a<\/span> <span id=\"[129,133]\" class=\"word\">altas<\/span> temperaturas<span id=\"[159,161]\" class=\"word\">y una<\/span> <span id=\"[171,180]\" class=\"word\">eliminaci\u00f3n<\/span> <span id=\"[162,170]\" class=\"word\">limpia<\/span>.  Tambi\u00e9n es especialmente bueno contra  <span id=\"[228,254]\" class=\"word\">Resistente a los disolventes. La cinta adhesiva<span id=\"[0,2]\" class=\"word\"> P.40 est\u00e1 disponible en diferentes colores<\/span>.<\/span><\/p>\n<p><strong>Propiedades<\/strong><br \/>\n&#8211; resistencia a temperaturas muy altas<br \/>\n&#8211; buena resistencia a los disolventes<\/p>\n<p><strong>Aplicaciones<\/strong><br \/>\n&#8211; adecuado para empalmes<\/p>\n","protected":false},"excerpt":{"rendered":"<p>La cinta adhesiva de poli\u00e9ster h-old\u00ae P.40 es una cinta adhesiva de 0,06 mm de grosor formada por un soporte de pel\u00edcula de poli\u00e9ster recubierto de adhesivo de silicona de alta calidad. Est\u00e1 dise\u00f1ado para trabajos de enmascaramientoy empalme en los que se requiere resistencia a altas temperaturasy una eliminaci\u00f3n limpia. Tambi\u00e9n es especialmente bueno [&hellip;]<\/p>\n","protected":false},"featured_media":28883,"template":"","meta":{"_acf_changed":false},"pwb-brand":[2480,2485],"product_brand":[],"product_cat":[1806,1809],"product_tag":[],"class_list":{"0":"post-37813","1":"product","2":"type-product","3":"status-publish","4":"has-post-thumbnail","6":"pwb-brand-h-old-es","7":"pwb-brand-saint-gobain-es","8":"product_cat-cintas-adhesivas-de-una-cara","9":"product_cat-cinta-pet","11":"first","12":"instock","13":"taxable","14":"shipping-taxable","15":"product-type-simple"},"acf":[],"yoast_head":"<!-- This site is optimized with the Yoast SEO plugin v27.3 - https:\/\/yoast.com\/product\/yoast-seo-wordpress\/ -->\n<title>h-old P.40 Cinta adhesiva de poli\u00e9ster | Cardinal TAPES<\/title>\n<meta name=\"description\" content=\"La cinta adhesiva de poli\u00e9ster h-old P.40 es una cinta adhesiva de 0,06 mm de grosor, que consta de un soporte de pel\u00edcula de poli\u00e9ster y est\u00e1 recubierta de adhesivo de silicona de alta calidad.\" \/>\n<meta name=\"robots\" content=\"index, follow, max-snippet:-1, max-image-preview:large, max-video-preview:-1\" \/>\n<link rel=\"canonical\" href=\"https:\/\/cardinal-tapes.com\/es\/cintas-adhesivas\/cintas-adhesivas-de-una-cara\/cinta-pet\/h-poliester-adhesivo-cinta-p-40\/\" \/>\n<meta property=\"og:locale\" content=\"es_ES\" \/>\n<meta property=\"og:type\" content=\"article\" \/>\n<meta property=\"og:title\" content=\"h-old P.40 Cinta adhesiva de poli\u00e9ster | Cardinal TAPES\" \/>\n<meta property=\"og:description\" content=\"La cinta adhesiva de poli\u00e9ster h-old P.40 es una cinta adhesiva de 0,06 mm de grosor, que consta de un soporte de pel\u00edcula de poli\u00e9ster y est\u00e1 recubierta de adhesivo de silicona de alta calidad.\" \/>\n<meta property=\"og:url\" content=\"https:\/\/cardinal-tapes.com\/es\/cintas-adhesivas\/cintas-adhesivas-de-una-cara\/cinta-pet\/h-poliester-adhesivo-cinta-p-40\/\" \/>\n<meta property=\"og:site_name\" content=\"cardinal TAPES\" \/>\n<meta property=\"article:modified_time\" content=\"2025-07-02T10:28:26+00:00\" \/>\n<meta property=\"og:image\" content=\"https:\/\/cardinal-tapes.com\/wp-content\/uploads\/H-old-PET-Silicone-6SL-Green-A_203768.png\" \/>\n\t<meta property=\"og:image:width\" content=\"415\" \/>\n\t<meta property=\"og:image:height\" content=\"415\" \/>\n\t<meta property=\"og:image:type\" content=\"image\/png\" \/>\n<meta name=\"twitter:card\" content=\"summary_large_image\" \/>\n<script type=\"application\/ld+json\" class=\"yoast-schema-graph\">{\"@context\":\"https:\\\/\\\/schema.org\",\"@graph\":[{\"@type\":\"WebPage\",\"@id\":\"https:\\\/\\\/cardinal-tapes.com\\\/es\\\/cintas-adhesivas\\\/cintas-adhesivas-de-una-cara\\\/cinta-pet\\\/h-poliester-adhesivo-cinta-p-40\\\/\",\"url\":\"https:\\\/\\\/cardinal-tapes.com\\\/es\\\/cintas-adhesivas\\\/cintas-adhesivas-de-una-cara\\\/cinta-pet\\\/h-poliester-adhesivo-cinta-p-40\\\/\",\"name\":\"h-old P.40 Cinta adhesiva de poli\u00e9ster | Cardinal TAPES\",\"isPartOf\":{\"@id\":\"https:\\\/\\\/cardinal-tapes.com\\\/#website\"},\"primaryImageOfPage\":{\"@id\":\"https:\\\/\\\/cardinal-tapes.com\\\/es\\\/cintas-adhesivas\\\/cintas-adhesivas-de-una-cara\\\/cinta-pet\\\/h-poliester-adhesivo-cinta-p-40\\\/#primaryimage\"},\"image\":{\"@id\":\"https:\\\/\\\/cardinal-tapes.com\\\/es\\\/cintas-adhesivas\\\/cintas-adhesivas-de-una-cara\\\/cinta-pet\\\/h-poliester-adhesivo-cinta-p-40\\\/#primaryimage\"},\"thumbnailUrl\":\"https:\\\/\\\/cardinal-tapes.com\\\/wp-content\\\/uploads\\\/H-old-PET-Silicone-6SL-Green-A_203768.png\",\"datePublished\":\"2023-06-05T14:37:48+00:00\",\"dateModified\":\"2025-07-02T10:28:26+00:00\",\"description\":\"La cinta adhesiva de poli\u00e9ster h-old P.40 es una cinta adhesiva de 0,06 mm de grosor, que consta de un soporte de pel\u00edcula de poli\u00e9ster y est\u00e1 recubierta de adhesivo de silicona de alta calidad.\",\"breadcrumb\":{\"@id\":\"https:\\\/\\\/cardinal-tapes.com\\\/es\\\/cintas-adhesivas\\\/cintas-adhesivas-de-una-cara\\\/cinta-pet\\\/h-poliester-adhesivo-cinta-p-40\\\/#breadcrumb\"},\"inLanguage\":\"es\",\"potentialAction\":[{\"@type\":\"ReadAction\",\"target\":[\"https:\\\/\\\/cardinal-tapes.com\\\/es\\\/cintas-adhesivas\\\/cintas-adhesivas-de-una-cara\\\/cinta-pet\\\/h-poliester-adhesivo-cinta-p-40\\\/\"]}]},{\"@type\":\"ImageObject\",\"inLanguage\":\"es\",\"@id\":\"https:\\\/\\\/cardinal-tapes.com\\\/es\\\/cintas-adhesivas\\\/cintas-adhesivas-de-una-cara\\\/cinta-pet\\\/h-poliester-adhesivo-cinta-p-40\\\/#primaryimage\",\"url\":\"https:\\\/\\\/cardinal-tapes.com\\\/wp-content\\\/uploads\\\/H-old-PET-Silicone-6SL-Green-A_203768.png\",\"contentUrl\":\"https:\\\/\\\/cardinal-tapes.com\\\/wp-content\\\/uploads\\\/H-old-PET-Silicone-6SL-Green-A_203768.png\",\"width\":415,\"height\":415},{\"@type\":\"BreadcrumbList\",\"@id\":\"https:\\\/\\\/cardinal-tapes.com\\\/es\\\/cintas-adhesivas\\\/cintas-adhesivas-de-una-cara\\\/cinta-pet\\\/h-poliester-adhesivo-cinta-p-40\\\/#breadcrumb\",\"itemListElement\":[{\"@type\":\"ListItem\",\"position\":1,\"name\":\"Startseite\",\"item\":\"https:\\\/\\\/cardinal-tapes.com\\\/es\\\/\"},{\"@type\":\"ListItem\",\"position\":2,\"name\":\"Cintas adhesivas\",\"item\":\"https:\\\/\\\/cardinal-tapes.com\\\/es\\\/cintas-adhesivas-es\\\/\"},{\"@type\":\"ListItem\",\"position\":3,\"name\":\"Cintas adhesivas de una cara\",\"item\":\"https:\\\/\\\/cardinal-tapes.com\\\/es\\\/categora\\\/cintas-adhesivas-de-una-cara\\\/\"},{\"@type\":\"ListItem\",\"position\":4,\"name\":\"Cinta PET\",\"item\":\"https:\\\/\\\/cardinal-tapes.com\\\/es\\\/categora\\\/cinta-pet\\\/\"},{\"@type\":\"ListItem\",\"position\":5,\"name\":\"h-old\u00ae P.40 Cinta adhesiva de poli\u00e9ster\"}]},{\"@type\":\"WebSite\",\"@id\":\"https:\\\/\\\/cardinal-tapes.com\\\/#website\",\"url\":\"https:\\\/\\\/cardinal-tapes.com\\\/\",\"name\":\"cardinal TAPES\",\"description\":\"Klebetechnik aus Wuppertal\",\"potentialAction\":[{\"@type\":\"SearchAction\",\"target\":{\"@type\":\"EntryPoint\",\"urlTemplate\":\"https:\\\/\\\/cardinal-tapes.com\\\/?s={search_term_string}\"},\"query-input\":{\"@type\":\"PropertyValueSpecification\",\"valueRequired\":true,\"valueName\":\"search_term_string\"}}],\"inLanguage\":\"es\"}]}<\/script>\n<!-- \/ Yoast SEO plugin. -->","yoast_head_json":{"title":"h-old P.40 Cinta adhesiva de poli\u00e9ster | Cardinal TAPES","description":"La cinta adhesiva de poli\u00e9ster h-old P.40 es una cinta adhesiva de 0,06 mm de grosor, que consta de un soporte de pel\u00edcula de poli\u00e9ster y est\u00e1 recubierta de adhesivo de silicona de alta calidad.","robots":{"index":"index","follow":"follow","max-snippet":"max-snippet:-1","max-image-preview":"max-image-preview:large","max-video-preview":"max-video-preview:-1"},"canonical":"https:\/\/cardinal-tapes.com\/es\/cintas-adhesivas\/cintas-adhesivas-de-una-cara\/cinta-pet\/h-poliester-adhesivo-cinta-p-40\/","og_locale":"es_ES","og_type":"article","og_title":"h-old P.40 Cinta adhesiva de poli\u00e9ster | Cardinal TAPES","og_description":"La cinta adhesiva de poli\u00e9ster h-old P.40 es una cinta adhesiva de 0,06 mm de grosor, que consta de un soporte de pel\u00edcula de poli\u00e9ster y est\u00e1 recubierta de adhesivo de silicona de alta calidad.","og_url":"https:\/\/cardinal-tapes.com\/es\/cintas-adhesivas\/cintas-adhesivas-de-una-cara\/cinta-pet\/h-poliester-adhesivo-cinta-p-40\/","og_site_name":"cardinal TAPES","article_modified_time":"2025-07-02T10:28:26+00:00","og_image":[{"width":415,"height":415,"url":"https:\/\/cardinal-tapes.com\/wp-content\/uploads\/H-old-PET-Silicone-6SL-Green-A_203768.png","type":"image\/png"}],"twitter_card":"summary_large_image","schema":{"@context":"https:\/\/schema.org","@graph":[{"@type":"WebPage","@id":"https:\/\/cardinal-tapes.com\/es\/cintas-adhesivas\/cintas-adhesivas-de-una-cara\/cinta-pet\/h-poliester-adhesivo-cinta-p-40\/","url":"https:\/\/cardinal-tapes.com\/es\/cintas-adhesivas\/cintas-adhesivas-de-una-cara\/cinta-pet\/h-poliester-adhesivo-cinta-p-40\/","name":"h-old P.40 Cinta adhesiva de poli\u00e9ster | Cardinal TAPES","isPartOf":{"@id":"https:\/\/cardinal-tapes.com\/#website"},"primaryImageOfPage":{"@id":"https:\/\/cardinal-tapes.com\/es\/cintas-adhesivas\/cintas-adhesivas-de-una-cara\/cinta-pet\/h-poliester-adhesivo-cinta-p-40\/#primaryimage"},"image":{"@id":"https:\/\/cardinal-tapes.com\/es\/cintas-adhesivas\/cintas-adhesivas-de-una-cara\/cinta-pet\/h-poliester-adhesivo-cinta-p-40\/#primaryimage"},"thumbnailUrl":"https:\/\/cardinal-tapes.com\/wp-content\/uploads\/H-old-PET-Silicone-6SL-Green-A_203768.png","datePublished":"2023-06-05T14:37:48+00:00","dateModified":"2025-07-02T10:28:26+00:00","description":"La cinta adhesiva de poli\u00e9ster h-old P.40 es una cinta adhesiva de 0,06 mm de grosor, que consta de un soporte de pel\u00edcula de poli\u00e9ster y est\u00e1 recubierta de adhesivo de silicona de alta calidad.","breadcrumb":{"@id":"https:\/\/cardinal-tapes.com\/es\/cintas-adhesivas\/cintas-adhesivas-de-una-cara\/cinta-pet\/h-poliester-adhesivo-cinta-p-40\/#breadcrumb"},"inLanguage":"es","potentialAction":[{"@type":"ReadAction","target":["https:\/\/cardinal-tapes.com\/es\/cintas-adhesivas\/cintas-adhesivas-de-una-cara\/cinta-pet\/h-poliester-adhesivo-cinta-p-40\/"]}]},{"@type":"ImageObject","inLanguage":"es","@id":"https:\/\/cardinal-tapes.com\/es\/cintas-adhesivas\/cintas-adhesivas-de-una-cara\/cinta-pet\/h-poliester-adhesivo-cinta-p-40\/#primaryimage","url":"https:\/\/cardinal-tapes.com\/wp-content\/uploads\/H-old-PET-Silicone-6SL-Green-A_203768.png","contentUrl":"https:\/\/cardinal-tapes.com\/wp-content\/uploads\/H-old-PET-Silicone-6SL-Green-A_203768.png","width":415,"height":415},{"@type":"BreadcrumbList","@id":"https:\/\/cardinal-tapes.com\/es\/cintas-adhesivas\/cintas-adhesivas-de-una-cara\/cinta-pet\/h-poliester-adhesivo-cinta-p-40\/#breadcrumb","itemListElement":[{"@type":"ListItem","position":1,"name":"Startseite","item":"https:\/\/cardinal-tapes.com\/es\/"},{"@type":"ListItem","position":2,"name":"Cintas adhesivas","item":"https:\/\/cardinal-tapes.com\/es\/cintas-adhesivas-es\/"},{"@type":"ListItem","position":3,"name":"Cintas adhesivas de una cara","item":"https:\/\/cardinal-tapes.com\/es\/categora\/cintas-adhesivas-de-una-cara\/"},{"@type":"ListItem","position":4,"name":"Cinta PET","item":"https:\/\/cardinal-tapes.com\/es\/categora\/cinta-pet\/"},{"@type":"ListItem","position":5,"name":"h-old\u00ae P.40 Cinta adhesiva de poli\u00e9ster"}]},{"@type":"WebSite","@id":"https:\/\/cardinal-tapes.com\/#website","url":"https:\/\/cardinal-tapes.com\/","name":"cardinal TAPES","description":"Klebetechnik aus Wuppertal","potentialAction":[{"@type":"SearchAction","target":{"@type":"EntryPoint","urlTemplate":"https:\/\/cardinal-tapes.com\/?s={search_term_string}"},"query-input":{"@type":"PropertyValueSpecification","valueRequired":true,"valueName":"search_term_string"}}],"inLanguage":"es"}]}},"brands":[{"id":2480,"name":"Saint-Gobain h-old","slug":"h-old-es"},{"id":2485,"name":"Saint-Gobain Performance Plastics","slug":"saint-gobain-es"}],"_links":{"self":[{"href":"https:\/\/cardinal-tapes.com\/es\/wp-json\/wp\/v2\/product\/37813","targetHints":{"allow":["GET"]}}],"collection":[{"href":"https:\/\/cardinal-tapes.com\/es\/wp-json\/wp\/v2\/product"}],"about":[{"href":"https:\/\/cardinal-tapes.com\/es\/wp-json\/wp\/v2\/types\/product"}],"wp:featuredmedia":[{"embeddable":true,"href":"https:\/\/cardinal-tapes.com\/es\/wp-json\/wp\/v2\/media\/28883"}],"wp:attachment":[{"href":"https:\/\/cardinal-tapes.com\/es\/wp-json\/wp\/v2\/media?parent=37813"}],"wp:term":[{"taxonomy":"pwb-brand","embeddable":true,"href":"https:\/\/cardinal-tapes.com\/es\/wp-json\/wp\/v2\/pwb-brand?post=37813"},{"taxonomy":"product_brand","embeddable":true,"href":"https:\/\/cardinal-tapes.com\/es\/wp-json\/wp\/v2\/product_brand?post=37813"},{"taxonomy":"product_cat","embeddable":true,"href":"https:\/\/cardinal-tapes.com\/es\/wp-json\/wp\/v2\/product_cat?post=37813"},{"taxonomy":"product_tag","embeddable":true,"href":"https:\/\/cardinal-tapes.com\/es\/wp-json\/wp\/v2\/product_tag?post=37813"}],"curies":[{"name":"wp","href":"https:\/\/api.w.org\/{rel}","templated":true}]}}