{"id":37770,"date":"2021-09-07T14:24:56","date_gmt":"2021-09-07T12:24:56","guid":{"rendered":"https:\/\/cardinal.pixel-tal.de\/klebebaender\/sin categor\u00eda\/at215-cinta-de-tejido-fluorescente-advance-gaffa\/"},"modified":"2023-06-05T16:37:46","modified_gmt":"2023-06-05T14:37:46","slug":"at215-advance-gaffa-cinta-tejido-fluorescente","status":"publish","type":"product","link":"https:\/\/cardinal-tapes.com\/es\/cintas-adhesivas\/ambitos-de-aplicacion\/cinta-de-tela\/at215-advance-gaffa-cinta-tejido-fluorescente\/","title":{"rendered":"AT215 Cinta de tejido fluorescente Advance Gaffa"},"content":{"rendered":"<div class=\"first_para_desc\">\n<div class=\"first_para_desc\">\n<div class=\"first_para_desc\">\n<div class=\"first_para_desc\">\n<p>AT215 es una cinta de tejido fluorescente recubierta con un adhesivo de caucho natural especialmente desarrollado y respetuoso con los cables. Esto permite retirar la cinta de una gran variedad de superficies sin dejar residuos. Es f\u00e1cil de arrancar, se puede etiquetar y los colores brillantes garantizan una buena visibilidad tanto de d\u00eda como de noche. La cinta brilla bajo la luz ultravioleta y es una herramienta indispensable para cualquier evento.<\/p>\n<\/div>\n<p><strong>Aplicaciones<\/strong><\/p>\n<ul>\n<li>Sujeci\u00f3n y agrupaci\u00f3n de cables cuando se requiere un adhesivo que no da\u00f1e los cables<\/li>\n<li>C\u00f3digo de colores en el escenario o entre bastidores<\/li>\n<li>Marcado y etiquetado de equipos como iluminaci\u00f3n o mesas de mezclas<\/li>\n<\/ul>\n<p><strong>Propiedades<\/strong><\/p>\n<ul>\n<li>Equipamiento felpudo<\/li>\n<li>Se retira sin dejar residuos<\/li>\n<li>F\u00e1cil de desenrollar y arrancar<\/li>\n<li>Impermeable<\/li>\n<li>Buena resistencia a la abrasi\u00f3n<\/li>\n<\/ul>\n<\/div>\n<\/div>\n<\/div>\n","protected":false},"excerpt":{"rendered":"<p>AT215 es una cinta de tejido fluorescente recubierta con un adhesivo de caucho natural especialmente desarrollado y respetuoso con los cables. Esto permite retirar la cinta de una gran variedad de superficies sin dejar residuos. Es f\u00e1cil de arrancar, se puede etiquetar y los colores brillantes garantizan una buena visibilidad tanto de d\u00eda como de [&hellip;]<\/p>\n","protected":false},"featured_media":28823,"template":"","meta":{"_acf_changed":false},"pwb-brand":[2502],"product_brand":[],"product_cat":[1705,1806],"product_tag":[],"class_list":{"0":"post-37770","1":"product","2":"type-product","3":"status-publish","4":"has-post-thumbnail","6":"pwb-brand-advance-tapes-es","7":"product_cat-cinta-de-tela","8":"product_cat-cintas-adhesivas-de-una-cara","10":"first","11":"instock","12":"taxable","13":"shipping-taxable","14":"purchasable","15":"product-type-variable"},"acf":[],"yoast_head":"<!-- This site is optimized with the Yoast SEO plugin v27.3 - https:\/\/yoast.com\/product\/yoast-seo-wordpress\/ -->\n<title>AT215 Advance Gaffa\u00ae cinta de tejido fluorescente | Cardinal TAPES<\/title>\n<meta name=\"description\" content=\"AT215 es una cinta de tejido fluorescente recubierta con un adhesivo de caucho natural especialmente desarrollado y respetuoso con los cables.\" \/>\n<meta name=\"robots\" content=\"index, follow, max-snippet:-1, max-image-preview:large, max-video-preview:-1\" \/>\n<link rel=\"canonical\" href=\"https:\/\/cardinal-tapes.com\/es\/cintas-adhesivas\/ambitos-de-aplicacion\/cinta-de-tela\/at215-advance-gaffa-cinta-tejido-fluorescente\/\" \/>\n<meta property=\"og:locale\" content=\"es_ES\" \/>\n<meta property=\"og:type\" content=\"article\" \/>\n<meta property=\"og:title\" content=\"AT215 Advance Gaffa\u00ae cinta de tejido fluorescente | Cardinal TAPES\" \/>\n<meta property=\"og:description\" content=\"AT215 es una cinta de tejido fluorescente recubierta con un adhesivo de caucho natural especialmente desarrollado y respetuoso con los cables.\" \/>\n<meta property=\"og:url\" content=\"https:\/\/cardinal-tapes.com\/es\/cintas-adhesivas\/ambitos-de-aplicacion\/cinta-de-tela\/at215-advance-gaffa-cinta-tejido-fluorescente\/\" \/>\n<meta property=\"og:site_name\" content=\"cardinal TAPES\" \/>\n<meta property=\"article:modified_time\" content=\"2023-06-05T14:37:46+00:00\" \/>\n<meta property=\"og:image\" content=\"https:\/\/cardinal-tapes.com\/wp-content\/uploads\/AT215-Group-with-labels.jpg\" \/>\n\t<meta property=\"og:image:width\" content=\"2250\" \/>\n\t<meta property=\"og:image:height\" content=\"2250\" \/>\n\t<meta property=\"og:image:type\" content=\"image\/jpeg\" \/>\n<meta name=\"twitter:card\" content=\"summary_large_image\" \/>\n<meta name=\"twitter:label1\" content=\"Tiempo de lectura\" \/>\n\t<meta name=\"twitter:data1\" content=\"1 minuto\" \/>\n<script type=\"application\/ld+json\" class=\"yoast-schema-graph\">{\"@context\":\"https:\\\/\\\/schema.org\",\"@graph\":[{\"@type\":\"WebPage\",\"@id\":\"https:\\\/\\\/cardinal-tapes.com\\\/es\\\/cintas-adhesivas\\\/ambitos-de-aplicacion\\\/cinta-de-tela\\\/at215-advance-gaffa-cinta-tejido-fluorescente\\\/\",\"url\":\"https:\\\/\\\/cardinal-tapes.com\\\/es\\\/cintas-adhesivas\\\/ambitos-de-aplicacion\\\/cinta-de-tela\\\/at215-advance-gaffa-cinta-tejido-fluorescente\\\/\",\"name\":\"AT215 Advance Gaffa\u00ae cinta de tejido fluorescente | Cardinal TAPES\",\"isPartOf\":{\"@id\":\"https:\\\/\\\/cardinal-tapes.com\\\/#website\"},\"primaryImageOfPage\":{\"@id\":\"https:\\\/\\\/cardinal-tapes.com\\\/es\\\/cintas-adhesivas\\\/ambitos-de-aplicacion\\\/cinta-de-tela\\\/at215-advance-gaffa-cinta-tejido-fluorescente\\\/#primaryimage\"},\"image\":{\"@id\":\"https:\\\/\\\/cardinal-tapes.com\\\/es\\\/cintas-adhesivas\\\/ambitos-de-aplicacion\\\/cinta-de-tela\\\/at215-advance-gaffa-cinta-tejido-fluorescente\\\/#primaryimage\"},\"thumbnailUrl\":\"https:\\\/\\\/cardinal-tapes.com\\\/wp-content\\\/uploads\\\/AT215-Group-with-labels.jpg\",\"datePublished\":\"2021-09-07T12:24:56+00:00\",\"dateModified\":\"2023-06-05T14:37:46+00:00\",\"description\":\"AT215 es una cinta de tejido fluorescente recubierta con un adhesivo de caucho natural especialmente desarrollado y respetuoso con los cables.\",\"breadcrumb\":{\"@id\":\"https:\\\/\\\/cardinal-tapes.com\\\/es\\\/cintas-adhesivas\\\/ambitos-de-aplicacion\\\/cinta-de-tela\\\/at215-advance-gaffa-cinta-tejido-fluorescente\\\/#breadcrumb\"},\"inLanguage\":\"es\",\"potentialAction\":[{\"@type\":\"ReadAction\",\"target\":[\"https:\\\/\\\/cardinal-tapes.com\\\/es\\\/cintas-adhesivas\\\/ambitos-de-aplicacion\\\/cinta-de-tela\\\/at215-advance-gaffa-cinta-tejido-fluorescente\\\/\"]}]},{\"@type\":\"ImageObject\",\"inLanguage\":\"es\",\"@id\":\"https:\\\/\\\/cardinal-tapes.com\\\/es\\\/cintas-adhesivas\\\/ambitos-de-aplicacion\\\/cinta-de-tela\\\/at215-advance-gaffa-cinta-tejido-fluorescente\\\/#primaryimage\",\"url\":\"https:\\\/\\\/cardinal-tapes.com\\\/wp-content\\\/uploads\\\/AT215-Group-with-labels.jpg\",\"contentUrl\":\"https:\\\/\\\/cardinal-tapes.com\\\/wp-content\\\/uploads\\\/AT215-Group-with-labels.jpg\",\"width\":2250,\"height\":2250},{\"@type\":\"BreadcrumbList\",\"@id\":\"https:\\\/\\\/cardinal-tapes.com\\\/es\\\/cintas-adhesivas\\\/ambitos-de-aplicacion\\\/cinta-de-tela\\\/at215-advance-gaffa-cinta-tejido-fluorescente\\\/#breadcrumb\",\"itemListElement\":[{\"@type\":\"ListItem\",\"position\":1,\"name\":\"Startseite\",\"item\":\"https:\\\/\\\/cardinal-tapes.com\\\/es\\\/\"},{\"@type\":\"ListItem\",\"position\":2,\"name\":\"Cintas adhesivas\",\"item\":\"https:\\\/\\\/cardinal-tapes.com\\\/es\\\/cintas-adhesivas-es\\\/\"},{\"@type\":\"ListItem\",\"position\":3,\"name\":\"Einseitige Klebeb\u00e4nder\",\"item\":\"https:\\\/\\\/cardinal-tapes.com\\\/kategorie\\\/einseitige-klebebaender\\\/\"},{\"@type\":\"ListItem\",\"position\":4,\"name\":\"AT215 Cinta de tejido fluorescente Advance Gaffa\"}]},{\"@type\":\"WebSite\",\"@id\":\"https:\\\/\\\/cardinal-tapes.com\\\/#website\",\"url\":\"https:\\\/\\\/cardinal-tapes.com\\\/\",\"name\":\"cardinal TAPES\",\"description\":\"Klebetechnik aus Wuppertal\",\"potentialAction\":[{\"@type\":\"SearchAction\",\"target\":{\"@type\":\"EntryPoint\",\"urlTemplate\":\"https:\\\/\\\/cardinal-tapes.com\\\/?s={search_term_string}\"},\"query-input\":{\"@type\":\"PropertyValueSpecification\",\"valueRequired\":true,\"valueName\":\"search_term_string\"}}],\"inLanguage\":\"es\"}]}<\/script>\n<!-- \/ Yoast SEO plugin. -->","yoast_head_json":{"title":"AT215 Advance Gaffa\u00ae cinta de tejido fluorescente | Cardinal TAPES","description":"AT215 es una cinta de tejido fluorescente recubierta con un adhesivo de caucho natural especialmente desarrollado y respetuoso con los cables.","robots":{"index":"index","follow":"follow","max-snippet":"max-snippet:-1","max-image-preview":"max-image-preview:large","max-video-preview":"max-video-preview:-1"},"canonical":"https:\/\/cardinal-tapes.com\/es\/cintas-adhesivas\/ambitos-de-aplicacion\/cinta-de-tela\/at215-advance-gaffa-cinta-tejido-fluorescente\/","og_locale":"es_ES","og_type":"article","og_title":"AT215 Advance Gaffa\u00ae cinta de tejido fluorescente | Cardinal TAPES","og_description":"AT215 es una cinta de tejido fluorescente recubierta con un adhesivo de caucho natural especialmente desarrollado y respetuoso con los cables.","og_url":"https:\/\/cardinal-tapes.com\/es\/cintas-adhesivas\/ambitos-de-aplicacion\/cinta-de-tela\/at215-advance-gaffa-cinta-tejido-fluorescente\/","og_site_name":"cardinal TAPES","article_modified_time":"2023-06-05T14:37:46+00:00","og_image":[{"width":2250,"height":2250,"url":"https:\/\/cardinal-tapes.com\/wp-content\/uploads\/AT215-Group-with-labels.jpg","type":"image\/jpeg"}],"twitter_card":"summary_large_image","twitter_misc":{"Tiempo de lectura":"1 minuto"},"schema":{"@context":"https:\/\/schema.org","@graph":[{"@type":"WebPage","@id":"https:\/\/cardinal-tapes.com\/es\/cintas-adhesivas\/ambitos-de-aplicacion\/cinta-de-tela\/at215-advance-gaffa-cinta-tejido-fluorescente\/","url":"https:\/\/cardinal-tapes.com\/es\/cintas-adhesivas\/ambitos-de-aplicacion\/cinta-de-tela\/at215-advance-gaffa-cinta-tejido-fluorescente\/","name":"AT215 Advance Gaffa\u00ae cinta de tejido fluorescente | Cardinal TAPES","isPartOf":{"@id":"https:\/\/cardinal-tapes.com\/#website"},"primaryImageOfPage":{"@id":"https:\/\/cardinal-tapes.com\/es\/cintas-adhesivas\/ambitos-de-aplicacion\/cinta-de-tela\/at215-advance-gaffa-cinta-tejido-fluorescente\/#primaryimage"},"image":{"@id":"https:\/\/cardinal-tapes.com\/es\/cintas-adhesivas\/ambitos-de-aplicacion\/cinta-de-tela\/at215-advance-gaffa-cinta-tejido-fluorescente\/#primaryimage"},"thumbnailUrl":"https:\/\/cardinal-tapes.com\/wp-content\/uploads\/AT215-Group-with-labels.jpg","datePublished":"2021-09-07T12:24:56+00:00","dateModified":"2023-06-05T14:37:46+00:00","description":"AT215 es una cinta de tejido fluorescente recubierta con un adhesivo de caucho natural especialmente desarrollado y respetuoso con los cables.","breadcrumb":{"@id":"https:\/\/cardinal-tapes.com\/es\/cintas-adhesivas\/ambitos-de-aplicacion\/cinta-de-tela\/at215-advance-gaffa-cinta-tejido-fluorescente\/#breadcrumb"},"inLanguage":"es","potentialAction":[{"@type":"ReadAction","target":["https:\/\/cardinal-tapes.com\/es\/cintas-adhesivas\/ambitos-de-aplicacion\/cinta-de-tela\/at215-advance-gaffa-cinta-tejido-fluorescente\/"]}]},{"@type":"ImageObject","inLanguage":"es","@id":"https:\/\/cardinal-tapes.com\/es\/cintas-adhesivas\/ambitos-de-aplicacion\/cinta-de-tela\/at215-advance-gaffa-cinta-tejido-fluorescente\/#primaryimage","url":"https:\/\/cardinal-tapes.com\/wp-content\/uploads\/AT215-Group-with-labels.jpg","contentUrl":"https:\/\/cardinal-tapes.com\/wp-content\/uploads\/AT215-Group-with-labels.jpg","width":2250,"height":2250},{"@type":"BreadcrumbList","@id":"https:\/\/cardinal-tapes.com\/es\/cintas-adhesivas\/ambitos-de-aplicacion\/cinta-de-tela\/at215-advance-gaffa-cinta-tejido-fluorescente\/#breadcrumb","itemListElement":[{"@type":"ListItem","position":1,"name":"Startseite","item":"https:\/\/cardinal-tapes.com\/es\/"},{"@type":"ListItem","position":2,"name":"Cintas adhesivas","item":"https:\/\/cardinal-tapes.com\/es\/cintas-adhesivas-es\/"},{"@type":"ListItem","position":3,"name":"Einseitige Klebeb\u00e4nder","item":"https:\/\/cardinal-tapes.com\/kategorie\/einseitige-klebebaender\/"},{"@type":"ListItem","position":4,"name":"AT215 Cinta de tejido fluorescente Advance Gaffa"}]},{"@type":"WebSite","@id":"https:\/\/cardinal-tapes.com\/#website","url":"https:\/\/cardinal-tapes.com\/","name":"cardinal TAPES","description":"Klebetechnik aus Wuppertal","potentialAction":[{"@type":"SearchAction","target":{"@type":"EntryPoint","urlTemplate":"https:\/\/cardinal-tapes.com\/?s={search_term_string}"},"query-input":{"@type":"PropertyValueSpecification","valueRequired":true,"valueName":"search_term_string"}}],"inLanguage":"es"}]}},"brands":[{"id":2502,"name":"Advance Tapes","slug":"advance-tapes-es"}],"_links":{"self":[{"href":"https:\/\/cardinal-tapes.com\/es\/wp-json\/wp\/v2\/product\/37770","targetHints":{"allow":["GET"]}}],"collection":[{"href":"https:\/\/cardinal-tapes.com\/es\/wp-json\/wp\/v2\/product"}],"about":[{"href":"https:\/\/cardinal-tapes.com\/es\/wp-json\/wp\/v2\/types\/product"}],"wp:featuredmedia":[{"embeddable":true,"href":"https:\/\/cardinal-tapes.com\/es\/wp-json\/wp\/v2\/media\/28823"}],"wp:attachment":[{"href":"https:\/\/cardinal-tapes.com\/es\/wp-json\/wp\/v2\/media?parent=37770"}],"wp:term":[{"taxonomy":"pwb-brand","embeddable":true,"href":"https:\/\/cardinal-tapes.com\/es\/wp-json\/wp\/v2\/pwb-brand?post=37770"},{"taxonomy":"product_brand","embeddable":true,"href":"https:\/\/cardinal-tapes.com\/es\/wp-json\/wp\/v2\/product_brand?post=37770"},{"taxonomy":"product_cat","embeddable":true,"href":"https:\/\/cardinal-tapes.com\/es\/wp-json\/wp\/v2\/product_cat?post=37770"},{"taxonomy":"product_tag","embeddable":true,"href":"https:\/\/cardinal-tapes.com\/es\/wp-json\/wp\/v2\/product_tag?post=37770"}],"curies":[{"name":"wp","href":"https:\/\/api.w.org\/{rel}","templated":true}]}}