{"id":37730,"date":"2021-09-27T09:39:17","date_gmt":"2023-06-05T14:37:46","guid":{"rendered":"https:\/\/cardinal.pixel-tal.de\/klebebaender\/sin%20categor\u00eda\/h-old-cinta-adhesiva-de-aluminio-ap030\/"},"modified":"2025-07-02T12:27:19","modified_gmt":"2025-07-02T10:27:19","slug":"cinta-adhesiva-h-old-aluminio-ap030","status":"publish","type":"product","link":"https:\/\/cardinal-tapes.com\/es\/cintas-adhesivas\/cintas-adhesivas-de-una-cara\/cinta-adhesiva-h-old-aluminio-ap030\/","title":{"rendered":"h-old\u00ae cinta adhesiva de aluminio AP030"},"content":{"rendered":"<p>La cinta adhesiva de aluminio h-old\u00ae AP030 tiene un grosor de 0,055 mm,  b <span id=\"[39,48]\" class=\"word\">unilateral<\/span> <span id=\"[50,60]\" class=\"word\">Cinta adhesiva recubierta<\/span> <span id=\"[61,64]\" class=\"word\">con<\/span> un <span id=\"[65,76]\" class=\"word\">agresivo<\/span> <span id=\"[77,97]\" class=\"word\">sistema adhesivo acr\u00edlico<\/span>. Es k<span id=\"[117,127]\" class=\"word\">dise\u00f1ado<\/span> <span id=\"[128,131]\" class=\"word\">para<\/span> <span id=\"[247,266]\" class=\"word\">el <\/span><span id=\"[268,277]\" class=\"word\">empalme<\/span> <span id=\"[282,288]\" class=\"word\">de l\u00e1minas, <\/span><span id=\"[132,135]\" class=\"word\">la<\/span> <span id=\"[136,147]\" class=\"word\">fijaci\u00f3n<\/span> <span id=\"[148,151]\" class=\"word\">de<\/span> <span id=\"[152,161]\" class=\"word\">aluminio<\/span> y<span id=\"[164,166]\" class=\"word\">y<\/span> <span id=\"[167,179]\" class=\"word\">tubos de cobre<\/span> b<span id=\"[181,183]\" class=\"word\">n<\/span> <span id=\"[184,187]\" class=\"word\">la<\/span> <span id=\"[188,199]\" class=\"word\">producci\u00f3n<\/span> <span id=\"[200,203]\" class=\"word\">de productos<\/span> <span id=\"[204,211]\" class=\"word\">congelados<\/span> y<span id=\"[214,216]\" class=\"word\">nd<\/span> <span id=\"[217,230]\" class=\"word\">Frigor\u00edficos y el <\/span><span id=\"[232,242]\" class=\"word\">Sellado<\/span> <span id=\"[243,246]\" class=\"word\">de<\/span> <span id=\"[247,266]\" class=\"word\">l\u00e1minas de policarbonato.<\/span><\/p>\n","protected":false},"excerpt":{"rendered":"<p>La cinta adhesiva de aluminio h-old\u00ae AP030 tiene un grosor de 0,055 mm, b unilateral Cinta adhesiva recubierta con un agresivo sistema adhesivo acr\u00edlico. Es kdise\u00f1ado para el empalme de l\u00e1minas, la fijaci\u00f3n de aluminio yy tubos de cobre bn la producci\u00f3n de productos congelados ynd Frigor\u00edficos y el Sellado de l\u00e1minas de policarbonato.<\/p>\n","protected":false},"featured_media":29039,"template":"","meta":{"_acf_changed":false},"pwb-brand":[2480,2485],"product_brand":[],"product_cat":[1806],"product_tag":[],"class_list":{"0":"post-37730","1":"product","2":"type-product","3":"status-publish","4":"has-post-thumbnail","6":"pwb-brand-h-old-es","7":"pwb-brand-saint-gobain-es","8":"product_cat-cintas-adhesivas-de-una-cara","10":"first","11":"instock","12":"taxable","13":"shipping-taxable","14":"product-type-simple"},"acf":[],"yoast_head":"<!-- This site is optimized with the Yoast SEO plugin v27.3 - https:\/\/yoast.com\/product\/yoast-seo-wordpress\/ -->\n<title>h-old\u00ae cinta adhesiva de aluminio AP030<\/title>\n<meta name=\"robots\" content=\"index, follow, max-snippet:-1, max-image-preview:large, max-video-preview:-1\" \/>\n<link rel=\"canonical\" href=\"https:\/\/cardinal-tapes.com\/es\/cintas-adhesivas\/cintas-adhesivas-de-una-cara\/cinta-adhesiva-h-old-aluminio-ap030\/\" \/>\n<meta property=\"og:locale\" content=\"es_ES\" \/>\n<meta property=\"og:type\" content=\"article\" \/>\n<meta property=\"og:title\" content=\"h-old\u00ae cinta adhesiva de aluminio AP030\" \/>\n<meta property=\"og:description\" content=\"La cinta adhesiva de aluminio h-old\u00ae AP030 tiene un grosor de 0,055 mm, b unilateral Cinta adhesiva recubierta con un agresivo sistema adhesivo acr\u00edlico. Es kdise\u00f1ado para el empalme de l\u00e1minas, la fijaci\u00f3n de aluminio yy tubos de cobre bn la producci\u00f3n de productos congelados ynd Frigor\u00edficos y el Sellado de l\u00e1minas de policarbonato.\" \/>\n<meta property=\"og:url\" content=\"https:\/\/cardinal-tapes.com\/es\/cintas-adhesivas\/cintas-adhesivas-de-una-cara\/cinta-adhesiva-h-old-aluminio-ap030\/\" \/>\n<meta property=\"og:site_name\" content=\"cardinal TAPES\" \/>\n<meta property=\"article:modified_time\" content=\"2025-07-02T10:27:19+00:00\" \/>\n<meta property=\"og:image\" content=\"https:\/\/cardinal-tapes.com\/wp-content\/uploads\/H-old-AP30-A_51.jpg\" \/>\n\t<meta property=\"og:image:width\" content=\"380\" \/>\n\t<meta property=\"og:image:height\" content=\"380\" \/>\n\t<meta property=\"og:image:type\" content=\"image\/jpeg\" \/>\n<meta name=\"twitter:card\" content=\"summary_large_image\" \/>\n<script type=\"application\/ld+json\" class=\"yoast-schema-graph\">{\"@context\":\"https:\\\/\\\/schema.org\",\"@graph\":[{\"@type\":\"WebPage\",\"@id\":\"https:\\\/\\\/cardinal-tapes.com\\\/es\\\/cintas-adhesivas\\\/cintas-adhesivas-de-una-cara\\\/cinta-adhesiva-h-old-aluminio-ap030\\\/\",\"url\":\"https:\\\/\\\/cardinal-tapes.com\\\/es\\\/cintas-adhesivas\\\/cintas-adhesivas-de-una-cara\\\/cinta-adhesiva-h-old-aluminio-ap030\\\/\",\"name\":\"h-old\u00ae cinta adhesiva de aluminio AP030\",\"isPartOf\":{\"@id\":\"https:\\\/\\\/cardinal-tapes.com\\\/#website\"},\"primaryImageOfPage\":{\"@id\":\"https:\\\/\\\/cardinal-tapes.com\\\/es\\\/cintas-adhesivas\\\/cintas-adhesivas-de-una-cara\\\/cinta-adhesiva-h-old-aluminio-ap030\\\/#primaryimage\"},\"image\":{\"@id\":\"https:\\\/\\\/cardinal-tapes.com\\\/es\\\/cintas-adhesivas\\\/cintas-adhesivas-de-una-cara\\\/cinta-adhesiva-h-old-aluminio-ap030\\\/#primaryimage\"},\"thumbnailUrl\":\"https:\\\/\\\/cardinal-tapes.com\\\/wp-content\\\/uploads\\\/H-old-AP30-A_51.jpg\",\"datePublished\":\"2023-06-05T14:37:46+00:00\",\"dateModified\":\"2025-07-02T10:27:19+00:00\",\"breadcrumb\":{\"@id\":\"https:\\\/\\\/cardinal-tapes.com\\\/es\\\/cintas-adhesivas\\\/cintas-adhesivas-de-una-cara\\\/cinta-adhesiva-h-old-aluminio-ap030\\\/#breadcrumb\"},\"inLanguage\":\"es\",\"potentialAction\":[{\"@type\":\"ReadAction\",\"target\":[\"https:\\\/\\\/cardinal-tapes.com\\\/es\\\/cintas-adhesivas\\\/cintas-adhesivas-de-una-cara\\\/cinta-adhesiva-h-old-aluminio-ap030\\\/\"]}]},{\"@type\":\"ImageObject\",\"inLanguage\":\"es\",\"@id\":\"https:\\\/\\\/cardinal-tapes.com\\\/es\\\/cintas-adhesivas\\\/cintas-adhesivas-de-una-cara\\\/cinta-adhesiva-h-old-aluminio-ap030\\\/#primaryimage\",\"url\":\"https:\\\/\\\/cardinal-tapes.com\\\/wp-content\\\/uploads\\\/H-old-AP30-A_51.jpg\",\"contentUrl\":\"https:\\\/\\\/cardinal-tapes.com\\\/wp-content\\\/uploads\\\/H-old-AP30-A_51.jpg\",\"width\":380,\"height\":380},{\"@type\":\"BreadcrumbList\",\"@id\":\"https:\\\/\\\/cardinal-tapes.com\\\/es\\\/cintas-adhesivas\\\/cintas-adhesivas-de-una-cara\\\/cinta-adhesiva-h-old-aluminio-ap030\\\/#breadcrumb\",\"itemListElement\":[{\"@type\":\"ListItem\",\"position\":1,\"name\":\"Startseite\",\"item\":\"https:\\\/\\\/cardinal-tapes.com\\\/es\\\/\"},{\"@type\":\"ListItem\",\"position\":2,\"name\":\"Cintas adhesivas\",\"item\":\"https:\\\/\\\/cardinal-tapes.com\\\/es\\\/cintas-adhesivas-es\\\/\"},{\"@type\":\"ListItem\",\"position\":3,\"name\":\"Cintas adhesivas de una cara\",\"item\":\"https:\\\/\\\/cardinal-tapes.com\\\/es\\\/categora\\\/cintas-adhesivas-de-una-cara\\\/\"},{\"@type\":\"ListItem\",\"position\":4,\"name\":\"h-old\u00ae cinta adhesiva de aluminio AP030\"}]},{\"@type\":\"WebSite\",\"@id\":\"https:\\\/\\\/cardinal-tapes.com\\\/#website\",\"url\":\"https:\\\/\\\/cardinal-tapes.com\\\/\",\"name\":\"cardinal TAPES\",\"description\":\"Klebetechnik aus Wuppertal\",\"potentialAction\":[{\"@type\":\"SearchAction\",\"target\":{\"@type\":\"EntryPoint\",\"urlTemplate\":\"https:\\\/\\\/cardinal-tapes.com\\\/?s={search_term_string}\"},\"query-input\":{\"@type\":\"PropertyValueSpecification\",\"valueRequired\":true,\"valueName\":\"search_term_string\"}}],\"inLanguage\":\"es\"}]}<\/script>\n<!-- \/ Yoast SEO plugin. -->","yoast_head_json":{"title":"h-old\u00ae cinta adhesiva de aluminio AP030","robots":{"index":"index","follow":"follow","max-snippet":"max-snippet:-1","max-image-preview":"max-image-preview:large","max-video-preview":"max-video-preview:-1"},"canonical":"https:\/\/cardinal-tapes.com\/es\/cintas-adhesivas\/cintas-adhesivas-de-una-cara\/cinta-adhesiva-h-old-aluminio-ap030\/","og_locale":"es_ES","og_type":"article","og_title":"h-old\u00ae cinta adhesiva de aluminio AP030","og_description":"La cinta adhesiva de aluminio h-old\u00ae AP030 tiene un grosor de 0,055 mm, b unilateral Cinta adhesiva recubierta con un agresivo sistema adhesivo acr\u00edlico. Es kdise\u00f1ado para el empalme de l\u00e1minas, la fijaci\u00f3n de aluminio yy tubos de cobre bn la producci\u00f3n de productos congelados ynd Frigor\u00edficos y el Sellado de l\u00e1minas de policarbonato.","og_url":"https:\/\/cardinal-tapes.com\/es\/cintas-adhesivas\/cintas-adhesivas-de-una-cara\/cinta-adhesiva-h-old-aluminio-ap030\/","og_site_name":"cardinal TAPES","article_modified_time":"2025-07-02T10:27:19+00:00","og_image":[{"width":380,"height":380,"url":"https:\/\/cardinal-tapes.com\/wp-content\/uploads\/H-old-AP30-A_51.jpg","type":"image\/jpeg"}],"twitter_card":"summary_large_image","schema":{"@context":"https:\/\/schema.org","@graph":[{"@type":"WebPage","@id":"https:\/\/cardinal-tapes.com\/es\/cintas-adhesivas\/cintas-adhesivas-de-una-cara\/cinta-adhesiva-h-old-aluminio-ap030\/","url":"https:\/\/cardinal-tapes.com\/es\/cintas-adhesivas\/cintas-adhesivas-de-una-cara\/cinta-adhesiva-h-old-aluminio-ap030\/","name":"h-old\u00ae cinta adhesiva de aluminio AP030","isPartOf":{"@id":"https:\/\/cardinal-tapes.com\/#website"},"primaryImageOfPage":{"@id":"https:\/\/cardinal-tapes.com\/es\/cintas-adhesivas\/cintas-adhesivas-de-una-cara\/cinta-adhesiva-h-old-aluminio-ap030\/#primaryimage"},"image":{"@id":"https:\/\/cardinal-tapes.com\/es\/cintas-adhesivas\/cintas-adhesivas-de-una-cara\/cinta-adhesiva-h-old-aluminio-ap030\/#primaryimage"},"thumbnailUrl":"https:\/\/cardinal-tapes.com\/wp-content\/uploads\/H-old-AP30-A_51.jpg","datePublished":"2023-06-05T14:37:46+00:00","dateModified":"2025-07-02T10:27:19+00:00","breadcrumb":{"@id":"https:\/\/cardinal-tapes.com\/es\/cintas-adhesivas\/cintas-adhesivas-de-una-cara\/cinta-adhesiva-h-old-aluminio-ap030\/#breadcrumb"},"inLanguage":"es","potentialAction":[{"@type":"ReadAction","target":["https:\/\/cardinal-tapes.com\/es\/cintas-adhesivas\/cintas-adhesivas-de-una-cara\/cinta-adhesiva-h-old-aluminio-ap030\/"]}]},{"@type":"ImageObject","inLanguage":"es","@id":"https:\/\/cardinal-tapes.com\/es\/cintas-adhesivas\/cintas-adhesivas-de-una-cara\/cinta-adhesiva-h-old-aluminio-ap030\/#primaryimage","url":"https:\/\/cardinal-tapes.com\/wp-content\/uploads\/H-old-AP30-A_51.jpg","contentUrl":"https:\/\/cardinal-tapes.com\/wp-content\/uploads\/H-old-AP30-A_51.jpg","width":380,"height":380},{"@type":"BreadcrumbList","@id":"https:\/\/cardinal-tapes.com\/es\/cintas-adhesivas\/cintas-adhesivas-de-una-cara\/cinta-adhesiva-h-old-aluminio-ap030\/#breadcrumb","itemListElement":[{"@type":"ListItem","position":1,"name":"Startseite","item":"https:\/\/cardinal-tapes.com\/es\/"},{"@type":"ListItem","position":2,"name":"Cintas adhesivas","item":"https:\/\/cardinal-tapes.com\/es\/cintas-adhesivas-es\/"},{"@type":"ListItem","position":3,"name":"Cintas adhesivas de una cara","item":"https:\/\/cardinal-tapes.com\/es\/categora\/cintas-adhesivas-de-una-cara\/"},{"@type":"ListItem","position":4,"name":"h-old\u00ae cinta adhesiva de aluminio AP030"}]},{"@type":"WebSite","@id":"https:\/\/cardinal-tapes.com\/#website","url":"https:\/\/cardinal-tapes.com\/","name":"cardinal TAPES","description":"Klebetechnik aus Wuppertal","potentialAction":[{"@type":"SearchAction","target":{"@type":"EntryPoint","urlTemplate":"https:\/\/cardinal-tapes.com\/?s={search_term_string}"},"query-input":{"@type":"PropertyValueSpecification","valueRequired":true,"valueName":"search_term_string"}}],"inLanguage":"es"}]}},"brands":[{"id":2480,"name":"Saint-Gobain h-old","slug":"h-old-es"},{"id":2485,"name":"Saint-Gobain Performance Plastics","slug":"saint-gobain-es"}],"_links":{"self":[{"href":"https:\/\/cardinal-tapes.com\/es\/wp-json\/wp\/v2\/product\/37730","targetHints":{"allow":["GET"]}}],"collection":[{"href":"https:\/\/cardinal-tapes.com\/es\/wp-json\/wp\/v2\/product"}],"about":[{"href":"https:\/\/cardinal-tapes.com\/es\/wp-json\/wp\/v2\/types\/product"}],"wp:featuredmedia":[{"embeddable":true,"href":"https:\/\/cardinal-tapes.com\/es\/wp-json\/wp\/v2\/media\/29039"}],"wp:attachment":[{"href":"https:\/\/cardinal-tapes.com\/es\/wp-json\/wp\/v2\/media?parent=37730"}],"wp:term":[{"taxonomy":"pwb-brand","embeddable":true,"href":"https:\/\/cardinal-tapes.com\/es\/wp-json\/wp\/v2\/pwb-brand?post=37730"},{"taxonomy":"product_brand","embeddable":true,"href":"https:\/\/cardinal-tapes.com\/es\/wp-json\/wp\/v2\/product_brand?post=37730"},{"taxonomy":"product_cat","embeddable":true,"href":"https:\/\/cardinal-tapes.com\/es\/wp-json\/wp\/v2\/product_cat?post=37730"},{"taxonomy":"product_tag","embeddable":true,"href":"https:\/\/cardinal-tapes.com\/es\/wp-json\/wp\/v2\/product_tag?post=37730"}],"curies":[{"name":"wp","href":"https:\/\/api.w.org\/{rel}","templated":true}]}}