{"id":37728,"date":"2021-09-27T09:16:16","date_gmt":"2023-06-05T14:37:46","guid":{"rendered":"https:\/\/cardinal.pixel-tal.de\/klebebaender\/sin%20categor\u00eda\/cinta-adhesiva-pet-h-old-6sl\/"},"modified":"2025-07-02T12:34:51","modified_gmt":"2025-07-02T10:34:51","slug":"h-old-pet-6sl-a-tape","status":"publish","type":"product","link":"https:\/\/cardinal-tapes.com\/es\/cintas-adhesivas\/cintas-adhesivas-de-una-cara\/cinta-pet\/h-old-pet-6sl-a-tape\/","title":{"rendered":"Cinta adhesiva PET h-old\u00ae 6SL"},"content":{"rendered":"<p><span id=\"[0,2]\" class=\"word\">La cinta adhesiva h-old\u00ae PET 6 SL est\u00e1 formada por una<\/span> <span id=\"[10,24]\" class=\"word\">pel\u00edcula de poli\u00e9ster<\/span>de 0,023 mm de grosor,<span id=\"[77,87]\" class=\"word\">recubierta<\/span> <span id=\"[26,35]\" class=\"word\">por una cara<\/span> <span id=\"[36,39]\" class=\"word\">con<\/span> un <span id=\"[53,75]\" class=\"word\">sistema adhesivo de silicona<\/span> <span id=\"[40,52]\" class=\"word\">de alta calidad<\/span>. La cinta adhesiva est\u00e1<span id=\"[90,100]\" class=\"word\">dise\u00f1ada<\/span> <span id=\"[115,118]\" class=\"word\">para<\/span> <span id=\"[105,114]\" class=\"word\">empalmar<\/span> <span id=\"[135,143]\" class=\"word\">papeles<\/span><span id=\"[145,147]\" class=\"word\">y<\/span> <span id=\"[148,154]\" class=\"word\">pel\u00edculas<\/span> <span id=\"[119,134]\" class=\"word\">siliconados<\/span>, para <span id=\"[156,171]\" class=\"word\">procesos de enmascaramiento o para <\/span><span id=\"[173,192]\" class=\"word\">dispositivos de protecci\u00f3n<\/span><span id=\"[194,196]\" class=\"word\">, etc.<\/span> Tambi\u00e9n se caracteriza por una<span id=\"[199,203]\" class=\"word\">buena<\/span> <span id=\"[204,211]\" class=\"word\">adherencia<\/span> <span id=\"[212,215]\" class=\"word\">a<\/span> <span id=\"[216,231]\" class=\"word\">Materiales LSE y alta resistencia al calor hasta 200\u00b0C durante periodos cortos. 6SL<\/span>  est\u00e1 <span id=\"[262,268]\" class=\"word\">disponible<\/span> en <span id=\"[248,261]\" class=\"word\">diferentes<\/span> colores.<\/p>\n<p><strong>Propiedades<\/strong><br \/>\n&#8211; muy buena resistencia al calor<br \/>\n&#8211; buena resistencia a los productos qu\u00edmicos<\/p>\n<p><strong>Aplicaciones<\/strong><br \/>\n&#8211; para <span id=\"[156,171]\" class=\"word\">enmascarar procesos o para <\/span><span id=\"[173,192]\" class=\"word\">dispositivos de protecci\u00f3n<\/span><\/p>\n","protected":false},"excerpt":{"rendered":"<p>La cinta adhesiva h-old\u00ae PET 6 SL est\u00e1 formada por una pel\u00edcula de poli\u00e9sterde 0,023 mm de grosor,recubierta por una cara con un sistema adhesivo de silicona de alta calidad. La cinta adhesiva est\u00e1dise\u00f1ada para empalmar papelesy pel\u00edculas siliconados, para procesos de enmascaramiento o para dispositivos de protecci\u00f3n, etc. Tambi\u00e9n se caracteriza por unabuena adherencia [&hellip;]<\/p>\n","protected":false},"featured_media":28887,"template":"","meta":{"_acf_changed":false},"pwb-brand":[2480,2485],"product_brand":[],"product_cat":[1806,1809],"product_tag":[],"class_list":{"0":"post-37728","1":"product","2":"type-product","3":"status-publish","4":"has-post-thumbnail","6":"pwb-brand-h-old-es","7":"pwb-brand-saint-gobain-es","8":"product_cat-cintas-adhesivas-de-una-cara","9":"product_cat-cinta-pet","11":"first","12":"instock","13":"taxable","14":"shipping-taxable","15":"product-type-simple"},"acf":[],"yoast_head":"<!-- This site is optimized with the Yoast SEO plugin v27.3 - https:\/\/yoast.com\/product\/yoast-seo-wordpress\/ -->\n<title>h-old PET 6SL Cinta adhesiva PET | Cardinal TAPES<\/title>\n<meta name=\"description\" content=\"La cinta PET h-old consiste en una pel\u00edcula de poli\u00e9ster de 0,023 mm de grosor, dise\u00f1ada para empalmar papeles y pel\u00edculas siliconados.\" \/>\n<meta name=\"robots\" content=\"index, follow, max-snippet:-1, max-image-preview:large, max-video-preview:-1\" \/>\n<link rel=\"canonical\" href=\"https:\/\/cardinal-tapes.com\/es\/cintas-adhesivas\/cintas-adhesivas-de-una-cara\/cinta-pet\/h-old-pet-6sl-a-tape\/\" \/>\n<meta property=\"og:locale\" content=\"es_ES\" \/>\n<meta property=\"og:type\" content=\"article\" \/>\n<meta property=\"og:title\" content=\"h-old PET 6SL Cinta adhesiva PET | Cardinal TAPES\" \/>\n<meta property=\"og:description\" content=\"La cinta PET h-old consiste en una pel\u00edcula de poli\u00e9ster de 0,023 mm de grosor, dise\u00f1ada para empalmar papeles y pel\u00edculas siliconados.\" \/>\n<meta property=\"og:url\" content=\"https:\/\/cardinal-tapes.com\/es\/cintas-adhesivas\/cintas-adhesivas-de-una-cara\/cinta-pet\/h-old-pet-6sl-a-tape\/\" \/>\n<meta property=\"og:site_name\" content=\"cardinal TAPES\" \/>\n<meta property=\"article:modified_time\" content=\"2025-07-02T10:34:51+00:00\" \/>\n<meta property=\"og:image\" content=\"https:\/\/cardinal-tapes.com\/wp-content\/uploads\/H-old-PET-Silicone-P40-Red-A_203772.png\" \/>\n\t<meta property=\"og:image:width\" content=\"415\" \/>\n\t<meta property=\"og:image:height\" content=\"415\" \/>\n\t<meta property=\"og:image:type\" content=\"image\/png\" \/>\n<meta name=\"twitter:card\" content=\"summary_large_image\" \/>\n<meta name=\"twitter:label1\" content=\"Tiempo de lectura\" \/>\n\t<meta name=\"twitter:data1\" content=\"1 minuto\" \/>\n<script type=\"application\/ld+json\" class=\"yoast-schema-graph\">{\"@context\":\"https:\\\/\\\/schema.org\",\"@graph\":[{\"@type\":\"WebPage\",\"@id\":\"https:\\\/\\\/cardinal-tapes.com\\\/es\\\/cintas-adhesivas\\\/cintas-adhesivas-de-una-cara\\\/cinta-pet\\\/h-old-pet-6sl-a-tape\\\/\",\"url\":\"https:\\\/\\\/cardinal-tapes.com\\\/es\\\/cintas-adhesivas\\\/cintas-adhesivas-de-una-cara\\\/cinta-pet\\\/h-old-pet-6sl-a-tape\\\/\",\"name\":\"h-old PET 6SL Cinta adhesiva PET | Cardinal TAPES\",\"isPartOf\":{\"@id\":\"https:\\\/\\\/cardinal-tapes.com\\\/#website\"},\"primaryImageOfPage\":{\"@id\":\"https:\\\/\\\/cardinal-tapes.com\\\/es\\\/cintas-adhesivas\\\/cintas-adhesivas-de-una-cara\\\/cinta-pet\\\/h-old-pet-6sl-a-tape\\\/#primaryimage\"},\"image\":{\"@id\":\"https:\\\/\\\/cardinal-tapes.com\\\/es\\\/cintas-adhesivas\\\/cintas-adhesivas-de-una-cara\\\/cinta-pet\\\/h-old-pet-6sl-a-tape\\\/#primaryimage\"},\"thumbnailUrl\":\"https:\\\/\\\/cardinal-tapes.com\\\/wp-content\\\/uploads\\\/H-old-PET-Silicone-P40-Red-A_203772.png\",\"datePublished\":\"2023-06-05T14:37:46+00:00\",\"dateModified\":\"2025-07-02T10:34:51+00:00\",\"description\":\"La cinta PET h-old consiste en una pel\u00edcula de poli\u00e9ster de 0,023 mm de grosor, dise\u00f1ada para empalmar papeles y pel\u00edculas siliconados.\",\"breadcrumb\":{\"@id\":\"https:\\\/\\\/cardinal-tapes.com\\\/es\\\/cintas-adhesivas\\\/cintas-adhesivas-de-una-cara\\\/cinta-pet\\\/h-old-pet-6sl-a-tape\\\/#breadcrumb\"},\"inLanguage\":\"es\",\"potentialAction\":[{\"@type\":\"ReadAction\",\"target\":[\"https:\\\/\\\/cardinal-tapes.com\\\/es\\\/cintas-adhesivas\\\/cintas-adhesivas-de-una-cara\\\/cinta-pet\\\/h-old-pet-6sl-a-tape\\\/\"]}]},{\"@type\":\"ImageObject\",\"inLanguage\":\"es\",\"@id\":\"https:\\\/\\\/cardinal-tapes.com\\\/es\\\/cintas-adhesivas\\\/cintas-adhesivas-de-una-cara\\\/cinta-pet\\\/h-old-pet-6sl-a-tape\\\/#primaryimage\",\"url\":\"https:\\\/\\\/cardinal-tapes.com\\\/wp-content\\\/uploads\\\/H-old-PET-Silicone-P40-Red-A_203772.png\",\"contentUrl\":\"https:\\\/\\\/cardinal-tapes.com\\\/wp-content\\\/uploads\\\/H-old-PET-Silicone-P40-Red-A_203772.png\",\"width\":415,\"height\":415},{\"@type\":\"BreadcrumbList\",\"@id\":\"https:\\\/\\\/cardinal-tapes.com\\\/es\\\/cintas-adhesivas\\\/cintas-adhesivas-de-una-cara\\\/cinta-pet\\\/h-old-pet-6sl-a-tape\\\/#breadcrumb\",\"itemListElement\":[{\"@type\":\"ListItem\",\"position\":1,\"name\":\"Startseite\",\"item\":\"https:\\\/\\\/cardinal-tapes.com\\\/es\\\/\"},{\"@type\":\"ListItem\",\"position\":2,\"name\":\"Cintas adhesivas\",\"item\":\"https:\\\/\\\/cardinal-tapes.com\\\/es\\\/cintas-adhesivas-es\\\/\"},{\"@type\":\"ListItem\",\"position\":3,\"name\":\"Cintas adhesivas de una cara\",\"item\":\"https:\\\/\\\/cardinal-tapes.com\\\/es\\\/categora\\\/cintas-adhesivas-de-una-cara\\\/\"},{\"@type\":\"ListItem\",\"position\":4,\"name\":\"Cinta PET\",\"item\":\"https:\\\/\\\/cardinal-tapes.com\\\/es\\\/categora\\\/cinta-pet\\\/\"},{\"@type\":\"ListItem\",\"position\":5,\"name\":\"Cinta adhesiva PET h-old\u00ae 6SL\"}]},{\"@type\":\"WebSite\",\"@id\":\"https:\\\/\\\/cardinal-tapes.com\\\/#website\",\"url\":\"https:\\\/\\\/cardinal-tapes.com\\\/\",\"name\":\"cardinal TAPES\",\"description\":\"Klebetechnik aus Wuppertal\",\"potentialAction\":[{\"@type\":\"SearchAction\",\"target\":{\"@type\":\"EntryPoint\",\"urlTemplate\":\"https:\\\/\\\/cardinal-tapes.com\\\/?s={search_term_string}\"},\"query-input\":{\"@type\":\"PropertyValueSpecification\",\"valueRequired\":true,\"valueName\":\"search_term_string\"}}],\"inLanguage\":\"es\"}]}<\/script>\n<!-- \/ Yoast SEO plugin. -->","yoast_head_json":{"title":"h-old PET 6SL Cinta adhesiva PET | Cardinal TAPES","description":"La cinta PET h-old consiste en una pel\u00edcula de poli\u00e9ster de 0,023 mm de grosor, dise\u00f1ada para empalmar papeles y pel\u00edculas siliconados.","robots":{"index":"index","follow":"follow","max-snippet":"max-snippet:-1","max-image-preview":"max-image-preview:large","max-video-preview":"max-video-preview:-1"},"canonical":"https:\/\/cardinal-tapes.com\/es\/cintas-adhesivas\/cintas-adhesivas-de-una-cara\/cinta-pet\/h-old-pet-6sl-a-tape\/","og_locale":"es_ES","og_type":"article","og_title":"h-old PET 6SL Cinta adhesiva PET | Cardinal TAPES","og_description":"La cinta PET h-old consiste en una pel\u00edcula de poli\u00e9ster de 0,023 mm de grosor, dise\u00f1ada para empalmar papeles y pel\u00edculas siliconados.","og_url":"https:\/\/cardinal-tapes.com\/es\/cintas-adhesivas\/cintas-adhesivas-de-una-cara\/cinta-pet\/h-old-pet-6sl-a-tape\/","og_site_name":"cardinal TAPES","article_modified_time":"2025-07-02T10:34:51+00:00","og_image":[{"width":415,"height":415,"url":"https:\/\/cardinal-tapes.com\/wp-content\/uploads\/H-old-PET-Silicone-P40-Red-A_203772.png","type":"image\/png"}],"twitter_card":"summary_large_image","twitter_misc":{"Tiempo de lectura":"1 minuto"},"schema":{"@context":"https:\/\/schema.org","@graph":[{"@type":"WebPage","@id":"https:\/\/cardinal-tapes.com\/es\/cintas-adhesivas\/cintas-adhesivas-de-una-cara\/cinta-pet\/h-old-pet-6sl-a-tape\/","url":"https:\/\/cardinal-tapes.com\/es\/cintas-adhesivas\/cintas-adhesivas-de-una-cara\/cinta-pet\/h-old-pet-6sl-a-tape\/","name":"h-old PET 6SL Cinta adhesiva PET | Cardinal TAPES","isPartOf":{"@id":"https:\/\/cardinal-tapes.com\/#website"},"primaryImageOfPage":{"@id":"https:\/\/cardinal-tapes.com\/es\/cintas-adhesivas\/cintas-adhesivas-de-una-cara\/cinta-pet\/h-old-pet-6sl-a-tape\/#primaryimage"},"image":{"@id":"https:\/\/cardinal-tapes.com\/es\/cintas-adhesivas\/cintas-adhesivas-de-una-cara\/cinta-pet\/h-old-pet-6sl-a-tape\/#primaryimage"},"thumbnailUrl":"https:\/\/cardinal-tapes.com\/wp-content\/uploads\/H-old-PET-Silicone-P40-Red-A_203772.png","datePublished":"2023-06-05T14:37:46+00:00","dateModified":"2025-07-02T10:34:51+00:00","description":"La cinta PET h-old consiste en una pel\u00edcula de poli\u00e9ster de 0,023 mm de grosor, dise\u00f1ada para empalmar papeles y pel\u00edculas siliconados.","breadcrumb":{"@id":"https:\/\/cardinal-tapes.com\/es\/cintas-adhesivas\/cintas-adhesivas-de-una-cara\/cinta-pet\/h-old-pet-6sl-a-tape\/#breadcrumb"},"inLanguage":"es","potentialAction":[{"@type":"ReadAction","target":["https:\/\/cardinal-tapes.com\/es\/cintas-adhesivas\/cintas-adhesivas-de-una-cara\/cinta-pet\/h-old-pet-6sl-a-tape\/"]}]},{"@type":"ImageObject","inLanguage":"es","@id":"https:\/\/cardinal-tapes.com\/es\/cintas-adhesivas\/cintas-adhesivas-de-una-cara\/cinta-pet\/h-old-pet-6sl-a-tape\/#primaryimage","url":"https:\/\/cardinal-tapes.com\/wp-content\/uploads\/H-old-PET-Silicone-P40-Red-A_203772.png","contentUrl":"https:\/\/cardinal-tapes.com\/wp-content\/uploads\/H-old-PET-Silicone-P40-Red-A_203772.png","width":415,"height":415},{"@type":"BreadcrumbList","@id":"https:\/\/cardinal-tapes.com\/es\/cintas-adhesivas\/cintas-adhesivas-de-una-cara\/cinta-pet\/h-old-pet-6sl-a-tape\/#breadcrumb","itemListElement":[{"@type":"ListItem","position":1,"name":"Startseite","item":"https:\/\/cardinal-tapes.com\/es\/"},{"@type":"ListItem","position":2,"name":"Cintas adhesivas","item":"https:\/\/cardinal-tapes.com\/es\/cintas-adhesivas-es\/"},{"@type":"ListItem","position":3,"name":"Cintas adhesivas de una cara","item":"https:\/\/cardinal-tapes.com\/es\/categora\/cintas-adhesivas-de-una-cara\/"},{"@type":"ListItem","position":4,"name":"Cinta PET","item":"https:\/\/cardinal-tapes.com\/es\/categora\/cinta-pet\/"},{"@type":"ListItem","position":5,"name":"Cinta adhesiva PET h-old\u00ae 6SL"}]},{"@type":"WebSite","@id":"https:\/\/cardinal-tapes.com\/#website","url":"https:\/\/cardinal-tapes.com\/","name":"cardinal TAPES","description":"Klebetechnik aus Wuppertal","potentialAction":[{"@type":"SearchAction","target":{"@type":"EntryPoint","urlTemplate":"https:\/\/cardinal-tapes.com\/?s={search_term_string}"},"query-input":{"@type":"PropertyValueSpecification","valueRequired":true,"valueName":"search_term_string"}}],"inLanguage":"es"}]}},"brands":[{"id":2480,"name":"Saint-Gobain h-old","slug":"h-old-es"},{"id":2485,"name":"Saint-Gobain Performance Plastics","slug":"saint-gobain-es"}],"_links":{"self":[{"href":"https:\/\/cardinal-tapes.com\/es\/wp-json\/wp\/v2\/product\/37728","targetHints":{"allow":["GET"]}}],"collection":[{"href":"https:\/\/cardinal-tapes.com\/es\/wp-json\/wp\/v2\/product"}],"about":[{"href":"https:\/\/cardinal-tapes.com\/es\/wp-json\/wp\/v2\/types\/product"}],"wp:featuredmedia":[{"embeddable":true,"href":"https:\/\/cardinal-tapes.com\/es\/wp-json\/wp\/v2\/media\/28887"}],"wp:attachment":[{"href":"https:\/\/cardinal-tapes.com\/es\/wp-json\/wp\/v2\/media?parent=37728"}],"wp:term":[{"taxonomy":"pwb-brand","embeddable":true,"href":"https:\/\/cardinal-tapes.com\/es\/wp-json\/wp\/v2\/pwb-brand?post=37728"},{"taxonomy":"product_brand","embeddable":true,"href":"https:\/\/cardinal-tapes.com\/es\/wp-json\/wp\/v2\/product_brand?post=37728"},{"taxonomy":"product_cat","embeddable":true,"href":"https:\/\/cardinal-tapes.com\/es\/wp-json\/wp\/v2\/product_cat?post=37728"},{"taxonomy":"product_tag","embeddable":true,"href":"https:\/\/cardinal-tapes.com\/es\/wp-json\/wp\/v2\/product_tag?post=37728"}],"curies":[{"name":"wp","href":"https:\/\/api.w.org\/{rel}","templated":true}]}}