{"id":37538,"date":"2018-05-18T10:28:46","date_gmt":"2018-05-18T08:28:46","guid":{"rendered":"https:\/\/cardinal.pixel-tal.de\/klebebaender\/sin%20categor\u00eda\/cinta-adhesiva-de-vellon-de-papel-ca-43\/"},"modified":"2025-07-02T15:19:56","modified_gmt":"2025-07-02T13:19:56","slug":"ca-43-cinta-adhesiva-de-vellon-de-papel","status":"publish","type":"product","link":"https:\/\/cardinal-tapes.com\/es\/cintas-adhesivas\/ambitos-de-aplicacion\/impresion-y-artes-graficas\/ca-43-cinta-adhesiva-de-vellon-de-papel\/","title":{"rendered":"Cinta adhesiva de vell\u00f3n de papel CA-43"},"content":{"rendered":"<p>CA-43 PV1 es una cinta de doble cara de uso general con una excelente adhesi\u00f3n inicial. El caucho sint\u00e9tico tiene una resistencia limitada a la temperatura y a los plastificantes. La adhesi\u00f3n a sustratos no polares, como el polietileno y el polipropileno, est\u00e1 garantizada. La cinta puede utilizarse, por ejemplo, para pegar espuma, fieltro o tela, o para montar accesorios ligeros como expositores, muestras de productos, papel, cart\u00f3n y pl\u00e1stico.<\/p>\n","protected":false},"excerpt":{"rendered":"<p>CA-43 PV1 es una cinta de doble cara de uso general con una excelente adhesi\u00f3n inicial. El caucho sint\u00e9tico tiene una resistencia limitada a la temperatura y a los plastificantes. La adhesi\u00f3n a sustratos no polares, como el polietileno y el polipropileno, est\u00e1 garantizada. La cinta puede utilizarse, por ejemplo, para pegar espuma, fieltro o [&hellip;]<\/p>\n","protected":false},"featured_media":27099,"template":"","meta":{"_acf_changed":false},"pwb-brand":[2175],"product_brand":[],"product_cat":[1702,1795,1800,1804],"product_tag":[],"class_list":{"0":"post-37538","1":"product","2":"type-product","3":"status-publish","4":"has-post-thumbnail","6":"pwb-brand-cardinal-gmbh-es","7":"product_cat-impresion-y-artes-graficas","8":"product_cat-industria-papelera","9":"product_cat-industria-textil","10":"product_cat-cintas-adhesivas-de-doble-cara","12":"first","13":"instock","14":"taxable","15":"shipping-taxable","16":"purchasable","17":"product-type-variable"},"acf":[],"yoast_head":"<!-- This site is optimized with the Yoast SEO plugin v27.3 - https:\/\/yoast.com\/product\/yoast-seo-wordpress\/ -->\n<title>CA-43 Cinta adhesiva de vell\u00f3n de papel | Cardinal TAPES<\/title>\n<meta name=\"description\" content=\"CA-43 es una cinta adhesiva no tejida multiuso, con una excelente adherencia inicial. M\u00e1s informaci\u00f3n sobre la cinta adhesiva de alta calidad aqu\u00ed.\" \/>\n<meta name=\"robots\" content=\"index, follow, max-snippet:-1, max-image-preview:large, max-video-preview:-1\" \/>\n<link rel=\"canonical\" href=\"https:\/\/cardinal-tapes.com\/es\/cintas-adhesivas\/ambitos-de-aplicacion\/impresion-y-artes-graficas\/ca-43-cinta-adhesiva-de-vellon-de-papel\/\" \/>\n<meta property=\"og:locale\" content=\"es_ES\" \/>\n<meta property=\"og:type\" content=\"article\" \/>\n<meta property=\"og:title\" content=\"CA-43 Cinta adhesiva de vell\u00f3n de papel | Cardinal TAPES\" \/>\n<meta property=\"og:description\" content=\"CA-43 es una cinta adhesiva no tejida multiuso, con una excelente adherencia inicial. M\u00e1s informaci\u00f3n sobre la cinta adhesiva de alta calidad aqu\u00ed.\" \/>\n<meta property=\"og:url\" content=\"https:\/\/cardinal-tapes.com\/es\/cintas-adhesivas\/ambitos-de-aplicacion\/impresion-y-artes-graficas\/ca-43-cinta-adhesiva-de-vellon-de-papel\/\" \/>\n<meta property=\"og:site_name\" content=\"cardinal TAPES\" \/>\n<meta property=\"article:modified_time\" content=\"2025-07-02T13:19:56+00:00\" \/>\n<meta property=\"og:image\" content=\"https:\/\/cardinal-tapes.com\/wp-content\/uploads\/CA_43-2_retouched.jpg\" \/>\n\t<meta property=\"og:image:width\" content=\"1348\" \/>\n\t<meta property=\"og:image:height\" content=\"1400\" \/>\n\t<meta property=\"og:image:type\" content=\"image\/jpeg\" \/>\n<meta name=\"twitter:card\" content=\"summary_large_image\" \/>\n<script type=\"application\/ld+json\" class=\"yoast-schema-graph\">{\"@context\":\"https:\\\/\\\/schema.org\",\"@graph\":[{\"@type\":\"WebPage\",\"@id\":\"https:\\\/\\\/cardinal-tapes.com\\\/es\\\/cintas-adhesivas\\\/ambitos-de-aplicacion\\\/impresion-y-artes-graficas\\\/ca-43-cinta-adhesiva-de-vellon-de-papel\\\/\",\"url\":\"https:\\\/\\\/cardinal-tapes.com\\\/es\\\/cintas-adhesivas\\\/ambitos-de-aplicacion\\\/impresion-y-artes-graficas\\\/ca-43-cinta-adhesiva-de-vellon-de-papel\\\/\",\"name\":\"CA-43 Cinta adhesiva de vell\u00f3n de papel | Cardinal TAPES\",\"isPartOf\":{\"@id\":\"https:\\\/\\\/cardinal-tapes.com\\\/#website\"},\"primaryImageOfPage\":{\"@id\":\"https:\\\/\\\/cardinal-tapes.com\\\/es\\\/cintas-adhesivas\\\/ambitos-de-aplicacion\\\/impresion-y-artes-graficas\\\/ca-43-cinta-adhesiva-de-vellon-de-papel\\\/#primaryimage\"},\"image\":{\"@id\":\"https:\\\/\\\/cardinal-tapes.com\\\/es\\\/cintas-adhesivas\\\/ambitos-de-aplicacion\\\/impresion-y-artes-graficas\\\/ca-43-cinta-adhesiva-de-vellon-de-papel\\\/#primaryimage\"},\"thumbnailUrl\":\"https:\\\/\\\/cardinal-tapes.com\\\/wp-content\\\/uploads\\\/CA_43-2_retouched.jpg\",\"datePublished\":\"2018-05-18T08:28:46+00:00\",\"dateModified\":\"2025-07-02T13:19:56+00:00\",\"description\":\"CA-43 es una cinta adhesiva no tejida multiuso, con una excelente adherencia inicial. M\u00e1s informaci\u00f3n sobre la cinta adhesiva de alta calidad aqu\u00ed.\",\"breadcrumb\":{\"@id\":\"https:\\\/\\\/cardinal-tapes.com\\\/es\\\/cintas-adhesivas\\\/ambitos-de-aplicacion\\\/impresion-y-artes-graficas\\\/ca-43-cinta-adhesiva-de-vellon-de-papel\\\/#breadcrumb\"},\"inLanguage\":\"es\",\"potentialAction\":[{\"@type\":\"ReadAction\",\"target\":[\"https:\\\/\\\/cardinal-tapes.com\\\/es\\\/cintas-adhesivas\\\/ambitos-de-aplicacion\\\/impresion-y-artes-graficas\\\/ca-43-cinta-adhesiva-de-vellon-de-papel\\\/\"]}]},{\"@type\":\"ImageObject\",\"inLanguage\":\"es\",\"@id\":\"https:\\\/\\\/cardinal-tapes.com\\\/es\\\/cintas-adhesivas\\\/ambitos-de-aplicacion\\\/impresion-y-artes-graficas\\\/ca-43-cinta-adhesiva-de-vellon-de-papel\\\/#primaryimage\",\"url\":\"https:\\\/\\\/cardinal-tapes.com\\\/wp-content\\\/uploads\\\/CA_43-2_retouched.jpg\",\"contentUrl\":\"https:\\\/\\\/cardinal-tapes.com\\\/wp-content\\\/uploads\\\/CA_43-2_retouched.jpg\",\"width\":1348,\"height\":1400,\"caption\":\"Cinta adhesiva CA 43\"},{\"@type\":\"BreadcrumbList\",\"@id\":\"https:\\\/\\\/cardinal-tapes.com\\\/es\\\/cintas-adhesivas\\\/ambitos-de-aplicacion\\\/impresion-y-artes-graficas\\\/ca-43-cinta-adhesiva-de-vellon-de-papel\\\/#breadcrumb\",\"itemListElement\":[{\"@type\":\"ListItem\",\"position\":1,\"name\":\"Startseite\",\"item\":\"https:\\\/\\\/cardinal-tapes.com\\\/es\\\/\"},{\"@type\":\"ListItem\",\"position\":2,\"name\":\"Cintas adhesivas\",\"item\":\"https:\\\/\\\/cardinal-tapes.com\\\/es\\\/cintas-adhesivas-es\\\/\"},{\"@type\":\"ListItem\",\"position\":3,\"name\":\"Doppelseitige Klebeb\u00e4nder\",\"item\":\"https:\\\/\\\/cardinal-tapes.com\\\/kategorie\\\/doppelseitige-klebebaender\\\/\"},{\"@type\":\"ListItem\",\"position\":4,\"name\":\"Cinta adhesiva de vell\u00f3n de papel CA-43\"}]},{\"@type\":\"WebSite\",\"@id\":\"https:\\\/\\\/cardinal-tapes.com\\\/#website\",\"url\":\"https:\\\/\\\/cardinal-tapes.com\\\/\",\"name\":\"cardinal TAPES\",\"description\":\"Klebetechnik aus Wuppertal\",\"potentialAction\":[{\"@type\":\"SearchAction\",\"target\":{\"@type\":\"EntryPoint\",\"urlTemplate\":\"https:\\\/\\\/cardinal-tapes.com\\\/?s={search_term_string}\"},\"query-input\":{\"@type\":\"PropertyValueSpecification\",\"valueRequired\":true,\"valueName\":\"search_term_string\"}}],\"inLanguage\":\"es\"}]}<\/script>\n<!-- \/ Yoast SEO plugin. -->","yoast_head_json":{"title":"CA-43 Cinta adhesiva de vell\u00f3n de papel | Cardinal TAPES","description":"CA-43 es una cinta adhesiva no tejida multiuso, con una excelente adherencia inicial. M\u00e1s informaci\u00f3n sobre la cinta adhesiva de alta calidad aqu\u00ed.","robots":{"index":"index","follow":"follow","max-snippet":"max-snippet:-1","max-image-preview":"max-image-preview:large","max-video-preview":"max-video-preview:-1"},"canonical":"https:\/\/cardinal-tapes.com\/es\/cintas-adhesivas\/ambitos-de-aplicacion\/impresion-y-artes-graficas\/ca-43-cinta-adhesiva-de-vellon-de-papel\/","og_locale":"es_ES","og_type":"article","og_title":"CA-43 Cinta adhesiva de vell\u00f3n de papel | Cardinal TAPES","og_description":"CA-43 es una cinta adhesiva no tejida multiuso, con una excelente adherencia inicial. M\u00e1s informaci\u00f3n sobre la cinta adhesiva de alta calidad aqu\u00ed.","og_url":"https:\/\/cardinal-tapes.com\/es\/cintas-adhesivas\/ambitos-de-aplicacion\/impresion-y-artes-graficas\/ca-43-cinta-adhesiva-de-vellon-de-papel\/","og_site_name":"cardinal TAPES","article_modified_time":"2025-07-02T13:19:56+00:00","og_image":[{"width":1348,"height":1400,"url":"https:\/\/cardinal-tapes.com\/wp-content\/uploads\/CA_43-2_retouched.jpg","type":"image\/jpeg"}],"twitter_card":"summary_large_image","schema":{"@context":"https:\/\/schema.org","@graph":[{"@type":"WebPage","@id":"https:\/\/cardinal-tapes.com\/es\/cintas-adhesivas\/ambitos-de-aplicacion\/impresion-y-artes-graficas\/ca-43-cinta-adhesiva-de-vellon-de-papel\/","url":"https:\/\/cardinal-tapes.com\/es\/cintas-adhesivas\/ambitos-de-aplicacion\/impresion-y-artes-graficas\/ca-43-cinta-adhesiva-de-vellon-de-papel\/","name":"CA-43 Cinta adhesiva de vell\u00f3n de papel | Cardinal TAPES","isPartOf":{"@id":"https:\/\/cardinal-tapes.com\/#website"},"primaryImageOfPage":{"@id":"https:\/\/cardinal-tapes.com\/es\/cintas-adhesivas\/ambitos-de-aplicacion\/impresion-y-artes-graficas\/ca-43-cinta-adhesiva-de-vellon-de-papel\/#primaryimage"},"image":{"@id":"https:\/\/cardinal-tapes.com\/es\/cintas-adhesivas\/ambitos-de-aplicacion\/impresion-y-artes-graficas\/ca-43-cinta-adhesiva-de-vellon-de-papel\/#primaryimage"},"thumbnailUrl":"https:\/\/cardinal-tapes.com\/wp-content\/uploads\/CA_43-2_retouched.jpg","datePublished":"2018-05-18T08:28:46+00:00","dateModified":"2025-07-02T13:19:56+00:00","description":"CA-43 es una cinta adhesiva no tejida multiuso, con una excelente adherencia inicial. M\u00e1s informaci\u00f3n sobre la cinta adhesiva de alta calidad aqu\u00ed.","breadcrumb":{"@id":"https:\/\/cardinal-tapes.com\/es\/cintas-adhesivas\/ambitos-de-aplicacion\/impresion-y-artes-graficas\/ca-43-cinta-adhesiva-de-vellon-de-papel\/#breadcrumb"},"inLanguage":"es","potentialAction":[{"@type":"ReadAction","target":["https:\/\/cardinal-tapes.com\/es\/cintas-adhesivas\/ambitos-de-aplicacion\/impresion-y-artes-graficas\/ca-43-cinta-adhesiva-de-vellon-de-papel\/"]}]},{"@type":"ImageObject","inLanguage":"es","@id":"https:\/\/cardinal-tapes.com\/es\/cintas-adhesivas\/ambitos-de-aplicacion\/impresion-y-artes-graficas\/ca-43-cinta-adhesiva-de-vellon-de-papel\/#primaryimage","url":"https:\/\/cardinal-tapes.com\/wp-content\/uploads\/CA_43-2_retouched.jpg","contentUrl":"https:\/\/cardinal-tapes.com\/wp-content\/uploads\/CA_43-2_retouched.jpg","width":1348,"height":1400,"caption":"Cinta adhesiva CA 43"},{"@type":"BreadcrumbList","@id":"https:\/\/cardinal-tapes.com\/es\/cintas-adhesivas\/ambitos-de-aplicacion\/impresion-y-artes-graficas\/ca-43-cinta-adhesiva-de-vellon-de-papel\/#breadcrumb","itemListElement":[{"@type":"ListItem","position":1,"name":"Startseite","item":"https:\/\/cardinal-tapes.com\/es\/"},{"@type":"ListItem","position":2,"name":"Cintas adhesivas","item":"https:\/\/cardinal-tapes.com\/es\/cintas-adhesivas-es\/"},{"@type":"ListItem","position":3,"name":"Doppelseitige Klebeb\u00e4nder","item":"https:\/\/cardinal-tapes.com\/kategorie\/doppelseitige-klebebaender\/"},{"@type":"ListItem","position":4,"name":"Cinta adhesiva de vell\u00f3n de papel CA-43"}]},{"@type":"WebSite","@id":"https:\/\/cardinal-tapes.com\/#website","url":"https:\/\/cardinal-tapes.com\/","name":"cardinal TAPES","description":"Klebetechnik aus Wuppertal","potentialAction":[{"@type":"SearchAction","target":{"@type":"EntryPoint","urlTemplate":"https:\/\/cardinal-tapes.com\/?s={search_term_string}"},"query-input":{"@type":"PropertyValueSpecification","valueRequired":true,"valueName":"search_term_string"}}],"inLanguage":"es"}]}},"brands":[{"id":2175,"name":"cardinal GmbH","slug":"cardinal-gmbh-es"}],"_links":{"self":[{"href":"https:\/\/cardinal-tapes.com\/es\/wp-json\/wp\/v2\/product\/37538","targetHints":{"allow":["GET"]}}],"collection":[{"href":"https:\/\/cardinal-tapes.com\/es\/wp-json\/wp\/v2\/product"}],"about":[{"href":"https:\/\/cardinal-tapes.com\/es\/wp-json\/wp\/v2\/types\/product"}],"wp:featuredmedia":[{"embeddable":true,"href":"https:\/\/cardinal-tapes.com\/es\/wp-json\/wp\/v2\/media\/27099"}],"wp:attachment":[{"href":"https:\/\/cardinal-tapes.com\/es\/wp-json\/wp\/v2\/media?parent=37538"}],"wp:term":[{"taxonomy":"pwb-brand","embeddable":true,"href":"https:\/\/cardinal-tapes.com\/es\/wp-json\/wp\/v2\/pwb-brand?post=37538"},{"taxonomy":"product_brand","embeddable":true,"href":"https:\/\/cardinal-tapes.com\/es\/wp-json\/wp\/v2\/product_brand?post=37538"},{"taxonomy":"product_cat","embeddable":true,"href":"https:\/\/cardinal-tapes.com\/es\/wp-json\/wp\/v2\/product_cat?post=37538"},{"taxonomy":"product_tag","embeddable":true,"href":"https:\/\/cardinal-tapes.com\/es\/wp-json\/wp\/v2\/product_tag?post=37538"}],"curies":[{"name":"wp","href":"https:\/\/api.w.org\/{rel}","templated":true}]}}