{"id":75806,"date":"2023-12-07T13:54:08","date_gmt":"2023-12-07T12:54:08","guid":{"rendered":"https:\/\/cardinal-tapes.com\/empresa\/gestion-de-la-calidad\/"},"modified":"2023-12-08T10:01:56","modified_gmt":"2023-12-08T09:01:56","slug":"gestion-de-la-calidad","status":"publish","type":"page","link":"https:\/\/cardinal-tapes.com\/es\/empresa\/gestion-de-la-calidad\/","title":{"rendered":"Gesti\u00f3n de la calidad"},"content":{"rendered":"\t\t\t<div class=\"headerimage-section has-video has-overlay \">\n\t\t\t\t\t\t\t\t\t\t\t\t\t\t\t\t<div class=\"headerimage__bg\">\n\t\t\t\t\t<video preload=\"none\"  autoplay muted loop playsinline width=\"1920px\" height=\"1080px\" class=\"px-lazy-video\">\n\t\t\t\t\t\t<source src=\"https:\/\/cardinal-tapes.com\/wp-content\/uploads\/cardinal_messmaschine_header_NEU.mp4\" type=\"video\/mp4\">\n\t\t\t\t\t<\/video>\n\t\t\t\t<\/div>\n\t\t\t\t\t\t\t\t<div class=\"container\">\n\t\t\t\t\t<div class=\"headerimage__inner\">\n\t\t\t\t\t\t<h1 class=\"headerimage__headline\">Gesti\u00f3n de la calidad<\/h1>\t\t\t\t\t\t<span class=\"headerimage__subheadline\">Sin compromisos, sin peros<\/span>\t\t\t\t\t\t\t\t\t\t\t<\/div>\n\t\t\t\t\t\t\t\t\t<\/div>\n\t\t\t<\/div>\n\t\t\t\n<\/div><\/div><\/div><!-- close content main div --><\/div><\/div><div id='av_section_1'  class='avia-section av-2etn21h-1fc8d1f184b8d2bb0b46fe40a62c5a13 alternate_color avia-section-default avia-no-border-styling  avia-builder-el-1  el_after_pixel_headimage  el_before_av_section  avia-bg-style-scroll container_wrap fullsize'  ><div class='container av-section-cont-open' ><div class='template-page content  av-content-full alpha units'><div class='post-entry post-entry-type-page post-entry-75806'><div class='entry-content-wrapper clearfix'>\n<div  class='flex_column av-24w6efp-a4bea1db549e236c9dc11af299320493 av_one_half  avia-builder-el-2  el_before_av_one_half  avia-builder-el-first  first flex_column_div av-animated-generic left-to-right  '     ><p><div class=\"pxl-headline pxl-hl hl-wrap | hl-sub--bot hl--align-left hl--std-margin    \">\n        <div class=\"hl-inner\">\n            <h2 class=\"hl-main hl-line |  hl_main--default  \">Nuestra norma de calidad<\/h2>\n            <span class=\"hl-sub hl-line |  hl_sub--default  \">La base de su \u00e9xito<\/span>\n    <\/div>\n<\/div>\n<br \/>\n<section  class='av_textblock_section av-lpv7cxaa-1e4bfa86394db620262e5a83c90f137b '   itemscope=\"itemscope\" itemtype=\"https:\/\/schema.org\/CreativeWork\" ><div class='avia_textblock'  itemprop=\"text\" ><p>La base de nuestro \u00e9xito duradero es la satisfacci\u00f3n de nuestros clientes. Por eso, la calidad de nuestros productos y servicios es nuestra m\u00e1xima prioridad.<\/p>\n<p>Sometemos nuestras m\u00e1quinas, productos y procesos a inspecciones peri\u00f3dicas para cumplir incondicionalmente este elevado est\u00e1ndar. Se utilizan los m\u00e9todos y sistemas de medici\u00f3n m\u00e1s avanzados, y expertos especialmente formados se encargan de la aplicaci\u00f3n.<\/p>\n<\/div><\/section><\/p><\/div>\n<style type=\"text\/css\" data-created_by=\"avia_inline_auto\" id=\"style-css-av-1owt3f9-7aac9e62865fa6891365db0404eda8f3\">\n.flex_column.av-1owt3f9-7aac9e62865fa6891365db0404eda8f3{\nborder-radius:0px 0px 0px 0px;\npadding:0px 0px 0px 0px;\n}\n<\/style>\n<div  class='flex_column av-1owt3f9-7aac9e62865fa6891365db0404eda8f3 av_one_half  avia-builder-el-5  el_after_av_one_half  avia-builder-el-last  flex_column_div av-animated-generic right-to-left av-zero-column-padding  '     ><style type=\"text\/css\" data-created_by=\"avia_inline_auto\" id=\"style-css-av-1cuay51-367cadaf1364a9c7023229dace9b3604\">\n.avia-video.av-1cuay51-367cadaf1364a9c7023229dace9b3604{\nbackground-image:url(https:\/\/cardinal-tapes.com\/wp-content\/uploads\/cardinal_video_vermessung_poster.jpg);\n}\n<\/style>\n<div  class='avia-video av-1cuay51-367cadaf1364a9c7023229dace9b3604 avia-video-16-9 av-preview-image avia-video-lightbox av-lazyload-video-embed avia-video-standard-html gradient-box-right'  itemprop=\"video\" itemtype=\"https:\/\/schema.org\/VideoObject\"  data-original_url='https:\/\/cardinal-tapes.com\/wp-content\/uploads\/cardinal_messmaschine_NEU.mp4'><script type='text\/html' class='av-video-tmpl'><a href='https:\/\/cardinal-tapes.com\/wp-content\/uploads\/cardinal_messmaschine_NEU.mp4' rel='lightbox' class='mfp-iframe lightbox-link'><\/a><\/script><div class=\"av-click-to-play-overlay play-lightbox\"><div class=\"avia_playpause_icon\"><\/div><\/div><\/div><\/div>\n\n<\/div><\/div><\/div><!-- close content main div --><\/div><\/div><div id='av_section_2'  class='avia-section av-lpv7fz6e-162bf12fe28c762bcaf5aca7f699dc31 main_color avia-section-default avia-no-border-styling  avia-builder-el-7  el_after_av_section  el_before_av_section  gradient-section avia-bg-style-scroll container_wrap fullsize'  ><div class='container av-section-cont-open' ><div class='template-page content  av-content-full alpha units'><div class='post-entry post-entry-type-page post-entry-75806'><div class='entry-content-wrapper clearfix'>\n<div  class='flex_column av-1x1qd1x-4f0644e3ebfab00072eacb52ce483323 av_two_third  avia-builder-el-8  el_before_av_one_third  avia-builder-el-first  first flex_column_div av-animated-generic left-to-right  '     ><p><div class=\"pxl-headline pxl-hl hl-wrap | hl-sub--bot hl--align-left hl--std-margin    \">\n        <div class=\"hl-inner\">\n            <h2 class=\"hl-main hl-line |  hl_main--default  \">Nuestras certificaciones<\/h2>\n            <span class=\"hl-sub hl-line |  hl_sub--default  \">Por amor a la calidad y al medio ambiente<\/span>\n    <\/div>\n<\/div>\n<br \/>\n<section  class='av_textblock_section av-1hy1bf9-5ad1865eae9b9cf0ebcfb030343f558c '   itemscope=\"itemscope\" itemtype=\"https:\/\/schema.org\/CreativeWork\" ><div class='avia_textblock'  itemprop=\"text\" ><p>Para cumplir sistem\u00e1ticamente estos elevados requisitos, apostamos por m\u00e9todos de fabricaci\u00f3n modernos, procesos probados y fiables y empleados competentes. Ya en 1998 introdujimos la gesti\u00f3n de calidad conforme a la norma ISO 9001. Desde entonces, hemos demostrado regularmente este nivel mediante auditor\u00edas oficiales. En 2023 tambi\u00e9n obtuvimos por primera vez la certificaci\u00f3n conforme a la norma internacional de gesti\u00f3n medioambiental ISO 14001.<\/p>\n<\/div><\/section><br \/>\n<div  class='avia-button-wrap av-1ctcnkl-7581ce8737713ee85c5a2d402a9b991d-wrap avia-button-left  avia-builder-el-11  el_after_av_textblock  avia-builder-el-last '><a href='https:\/\/cardinal-tapes.com\/es\/infotek\/descargas\/'  class='avia-button av-1ctcnkl-7581ce8737713ee85c5a2d402a9b991d avia-icon_select-no avia-size-medium avia-position-left avia-color-theme-color layout-border color-white'  ><span class='avia_iconbox_title' >A los certificados<\/span><\/a><\/div><\/p><\/div><div  class='flex_column av-uvyrth-2894a37bb49fce2d79d5b897eef8f6a4 av_one_third  avia-builder-el-12  el_after_av_two_third  avia-builder-el-last  vertical-align-center flex_column_div  '     ><style type=\"text\/css\" data-created_by=\"avia_inline_auto\" id=\"style-css-av-lpv8kcte-73f13d8c0511b2e0c46640a9d59e2172\">\n.avia-image-container.av-lpv8kcte-73f13d8c0511b2e0c46640a9d59e2172 img.avia_image{\nbox-shadow:none;\n}\n.avia-image-container.av-lpv8kcte-73f13d8c0511b2e0c46640a9d59e2172 .av-image-caption-overlay-center{\ncolor:#ffffff;\n}\n<\/style>\n<div  class='avia-image-container av-lpv8kcte-73f13d8c0511b2e0c46640a9d59e2172 av-styling- avia-align-left  avia-builder-el-13  avia-builder-el-no-sibling '   itemprop=\"image\" itemscope=\"itemscope\" itemtype=\"https:\/\/schema.org\/ImageObject\" ><div class=\"avia-image-container-inner\"><div class=\"avia-image-overlay-wrap\"><img decoding=\"async\" fetchpriority=\"high\" class='wp-image-75766 avia-img-lazy-loading-not-75766 avia_image ' src=\"https:\/\/cardinal-tapes.com\/wp-content\/uploads\/cardinal-content-zertifikate-siegel.png\" alt='' title='cardinal-content-zertifikate-siegel'  height=\"188\" width=\"440\"  itemprop=\"thumbnailUrl\" srcset=\"https:\/\/cardinal-tapes.com\/wp-content\/uploads\/cardinal-content-zertifikate-siegel.png 440w, https:\/\/cardinal-tapes.com\/wp-content\/uploads\/cardinal-content-zertifikate-siegel-200x85.png 200w\" sizes=\"(max-width: 440px) 100vw, 440px\" \/><\/div><\/div><\/div><\/div><\/div><\/div><\/div><!-- close content main div --><\/div><\/div><div id='av_section_3'  class='avia-section av-3j34zf9-90bfc8698a06d49779994c0ce86330da alternate_color avia-section-default avia-no-border-styling  avia-builder-el-14  el_after_av_section  el_before_av_section  avia-bg-style-scroll container_wrap fullsize'  ><div class='container av-section-cont-open' ><div class='template-page content  av-content-full alpha units'><div class='post-entry post-entry-type-page post-entry-75806'><div class='entry-content-wrapper clearfix'>\n<div class='flex_column_table av-30l17th-dbbd631bdddfa861d1620c212836190d sc-av_one_third av-equal-height-column-flextable'><div  class='flex_column av-30l17th-dbbd631bdddfa861d1620c212836190d av_one_third  avia-builder-el-15  el_before_av_two_third  avia-builder-el-first  first flex_column_table_cell av-equal-height-column av-align-middle av-animated-generic left-to-right  '     ><style type=\"text\/css\" data-created_by=\"avia_inline_auto\" id=\"style-css-av-2ea8bpx-5f1e1a8d43eee52a2e5455cf940a4637\">\n.avia-image-container.av-2ea8bpx-5f1e1a8d43eee52a2e5455cf940a4637 img.avia_image{\nbox-shadow:none;\n}\n.avia-image-container.av-2ea8bpx-5f1e1a8d43eee52a2e5455cf940a4637 .av-image-caption-overlay-center{\ncolor:#ffffff;\n}\n<\/style>\n<div  class='avia-image-container av-2ea8bpx-5f1e1a8d43eee52a2e5455cf940a4637 av-styling-gradient-box-left avia-align-center  avia-builder-el-16  avia-builder-el-no-sibling '   itemprop=\"image\" itemscope=\"itemscope\" itemtype=\"https:\/\/schema.org\/ImageObject\" ><div class=\"avia-image-container-inner\"><div class=\"avia-image-overlay-wrap\"><img decoding=\"async\" fetchpriority=\"high\" class='wp-image-75775 avia-img-lazy-loading-not-75775 avia_image ' src=\"https:\/\/cardinal-tapes.com\/wp-content\/uploads\/cardinal-content-leitlinien.jpg\" alt='' title='cardinal-content-leitlinien'  height=\"780\" width=\"780\"  itemprop=\"thumbnailUrl\" srcset=\"https:\/\/cardinal-tapes.com\/wp-content\/uploads\/cardinal-content-leitlinien.jpg 780w, https:\/\/cardinal-tapes.com\/wp-content\/uploads\/cardinal-content-leitlinien-200x200.jpg 200w, https:\/\/cardinal-tapes.com\/wp-content\/uploads\/cardinal-content-leitlinien-564x564.jpg 564w, https:\/\/cardinal-tapes.com\/wp-content\/uploads\/cardinal-content-leitlinien-80x80.jpg 80w, https:\/\/cardinal-tapes.com\/wp-content\/uploads\/cardinal-content-leitlinien-768x768.jpg 768w, https:\/\/cardinal-tapes.com\/wp-content\/uploads\/cardinal-content-leitlinien-36x36.jpg 36w, https:\/\/cardinal-tapes.com\/wp-content\/uploads\/cardinal-content-leitlinien-180x180.jpg 180w, https:\/\/cardinal-tapes.com\/wp-content\/uploads\/cardinal-content-leitlinien-705x705.jpg 705w, https:\/\/cardinal-tapes.com\/wp-content\/uploads\/cardinal-content-leitlinien-120x120.jpg 120w, https:\/\/cardinal-tapes.com\/wp-content\/uploads\/cardinal-content-leitlinien-450x450.jpg 450w, https:\/\/cardinal-tapes.com\/wp-content\/uploads\/cardinal-content-leitlinien-100x100.jpg 100w\" sizes=\"(max-width: 780px) 100vw, 780px\" \/><\/div><\/div><\/div><\/div><div class='av-flex-placeholder'><\/div><div  class='flex_column av-1xm5j3p-fdd7a2f5219d10ee19114cf77ec43a57 av_two_third  avia-builder-el-17  el_after_av_one_third  avia-builder-el-last  flex_column_table_cell av-equal-height-column av-align-middle av-animated-generic right-to-left  '     ><p><div class=\"pxl-headline pxl-hl hl-wrap | hl-sub--bot hl--align-left hl--std-margin    \">\n        <div class=\"hl-inner\">\n            <h2 class=\"hl-main hl-line |  hl_main--default  \">Nuestras directrices<\/h2>\n            <span class=\"hl-sub hl-line |  hl_sub--default  \">No dejamos nada al azar<\/span>\n    <\/div>\n<\/div>\n<br \/>\n<section  class='av_textblock_section av-165njf9-bc2b70b22ba0a2916a6b8962cc40fc56 '   itemscope=\"itemscope\" itemtype=\"https:\/\/schema.org\/CreativeWork\" ><div class='avia_textblock'  itemprop=\"text\" ><p>Garantizar la calidad de nuestros procesos es nuestra m\u00e1xima prioridad. Por ello, sometemos todos los productos, m\u00e1quinas y procesos a un control continuo. Para ello se utilizan diversos procesos y tecnolog\u00edas:<\/p>\n<\/div><\/section><br \/>\n<section  class='av_textblock_section av-lpv7lemu-4d8127f364d7d396afdfc51f542c2e33 '   itemscope=\"itemscope\" itemtype=\"https:\/\/schema.org\/CreativeWork\" ><div class='avia_textblock list-item-checkmark'  itemprop=\"text\" ><ul>\n<li>C\u00e1maras en l\u00ednea para controlar la producci\u00f3n<\/li>\n<li>M\u00e1quinas de medici\u00f3n 2D y ensayo de materiales controladas por CNC<\/li>\n<li>Inspecci\u00f3n precisa de las piezas de acuerdo con las normas especificadas<\/li>\n<li>Pruebas preliminares de idoneidad de los productos<\/li>\n<li>Aplicaci\u00f3n de plantillas de pruebas personalizadas<\/li>\n<\/ul>\n<\/div><\/section><\/p><\/div><\/div><!--close column table wrapper. Autoclose: 1 -->\n<\/p>\n<\/div><\/div><\/div><!-- close content main div --><\/div><\/div><div id='av_section_4'  class='avia-section av-1miw8tx-4506d9e61b8ddfdbbf90fa0bb86d5f97 main_color avia-section-default avia-no-border-styling  avia-builder-el-21  el_after_av_section  avia-builder-el-last  avia-bg-style-scroll container_wrap fullsize'  ><div class='container av-section-cont-open' ><div class='template-page content  av-content-full alpha units'><div class='post-entry post-entry-type-page post-entry-75806'><div class='entry-content-wrapper clearfix'>\n<div  class='flex_column av-1ctrnp1-25bb7f9fcd5c6738e4d3fb63ceb596cf av_two_third  avia-builder-el-22  el_before_av_one_third  avia-builder-el-first  first flex_column_div  '     ><p><div class=\"pxl-headline pxl-hl hl-wrap | hl-sub--bot hl--align-left hl--std-margin    \">\n        <div class=\"hl-inner\">\n            <h2 class=\"hl-main hl-line |  hl_main--default  \">Creaci\u00f3n de prototipos<\/h2>\n            <span class=\"hl-sub hl-line |  hl_sub--default  \">La base de la m\u00e1xima calidad del producto<\/span>\n    <\/div>\n<\/div>\n<br \/>\n<section  class='av_textblock_section av-lpv7pn1g-d1b57b2fef18ca4af61dc4896f0b6085 '   itemscope=\"itemscope\" itemtype=\"https:\/\/schema.org\/CreativeWork\" ><div class='avia_textblock'  itemprop=\"text\" ><p>Nuestro proceso empieza por entender sus requisitos y especificaciones y trabajar con usted para crear un plan. A continuaci\u00f3n, le presentaremos una serie de opciones basadas en sus necesidades y le proporcionaremos muestras.<\/p>\n<p>Nuestras cintas se fabrican con los materiales y tecnolog\u00edas m\u00e1s avanzados para garantizar que soporten grandes cargas y duren mucho tiempo.<\/p>\n<\/div><\/section><br \/>\n<div  class='avia-button-wrap av-lpv7py2y-8a564436e0f87bf7294c6d6d115920ae-wrap avia-button-left  avia-builder-el-25  el_after_av_textblock  avia-builder-el-last '><a href='#contactobloqueo'  class='avia-button av-lpv7py2y-8a564436e0f87bf7294c6d6d115920ae avia-icon_select-no avia-size-medium avia-position-left avia-color-theme-color layout-full color-red'  ><span class='avia_iconbox_title' >P\u00f3ngase en contacto con<\/span><\/a><\/div><\/p><\/div><div  class='flex_column av-uqlvdh-b18132b5c48559295843d632ca612b12 av_one_third  avia-builder-el-26  el_after_av_two_third  avia-builder-el-last  flex_column_div  '     ><style type=\"text\/css\" data-created_by=\"avia_inline_auto\" id=\"style-css-av-lpv7rhr4-5a2a477643d03ef6f6a4a3ff27e57fa6\">\n.avia-image-container.av-lpv7rhr4-5a2a477643d03ef6f6a4a3ff27e57fa6 img.avia_image{\nbox-shadow:none;\n}\n.avia-image-container.av-lpv7rhr4-5a2a477643d03ef6f6a4a3ff27e57fa6 .av-image-caption-overlay-center{\ncolor:#ffffff;\n}\n<\/style>\n<div  class='avia-image-container av-lpv7rhr4-5a2a477643d03ef6f6a4a3ff27e57fa6 av-styling- avia-align-center  avia-builder-el-27  avia-builder-el-no-sibling '   itemprop=\"image\" itemscope=\"itemscope\" itemtype=\"https:\/\/schema.org\/ImageObject\" ><div class=\"avia-image-container-inner\"><div class=\"avia-image-overlay-wrap\"><img decoding=\"async\" fetchpriority=\"high\" class='wp-image-75749 avia-img-lazy-loading-not-75749 avia_image ' src=\"https:\/\/cardinal-tapes.com\/wp-content\/uploads\/cardinal-content-prototyping.jpg\" alt='' title='cardinal-content-prototyping'  height=\"702\" width=\"700\"  itemprop=\"thumbnailUrl\" srcset=\"https:\/\/cardinal-tapes.com\/wp-content\/uploads\/cardinal-content-prototyping.jpg 700w, https:\/\/cardinal-tapes.com\/wp-content\/uploads\/cardinal-content-prototyping-200x200.jpg 200w, https:\/\/cardinal-tapes.com\/wp-content\/uploads\/cardinal-content-prototyping-562x564.jpg 562w, https:\/\/cardinal-tapes.com\/wp-content\/uploads\/cardinal-content-prototyping-80x80.jpg 80w, https:\/\/cardinal-tapes.com\/wp-content\/uploads\/cardinal-content-prototyping-36x36.jpg 36w, https:\/\/cardinal-tapes.com\/wp-content\/uploads\/cardinal-content-prototyping-180x180.jpg 180w, https:\/\/cardinal-tapes.com\/wp-content\/uploads\/cardinal-content-prototyping-120x120.jpg 120w, https:\/\/cardinal-tapes.com\/wp-content\/uploads\/cardinal-content-prototyping-450x451.jpg 450w, https:\/\/cardinal-tapes.com\/wp-content\/uploads\/cardinal-content-prototyping-100x100.jpg 100w\" sizes=\"(max-width: 700px) 100vw, 700px\" \/><\/div><\/div><\/div><\/div>\n\n","protected":false},"excerpt":{"rendered":"","protected":false},"author":1,"featured_media":0,"parent":30087,"menu_order":0,"comment_status":"closed","ping_status":"closed","template":"","meta":{"_acf_changed":false,"footnotes":""},"class_list":["post-75806","page","type-page","status-publish","hentry"],"acf":[],"yoast_head":"<!-- This site is optimized with the Yoast SEO plugin v27.3 - https:\/\/yoast.com\/product\/yoast-seo-wordpress\/ -->\n<title>Gesti\u00f3n de la calidad - cardinal TAPES<\/title>\n<meta name=\"robots\" content=\"index, follow, max-snippet:-1, max-image-preview:large, max-video-preview:-1\" \/>\n<link rel=\"canonical\" href=\"https:\/\/cardinal-tapes.com\/es\/empresa\/gestion-de-la-calidad\/\" \/>\n<meta property=\"og:locale\" content=\"es_ES\" \/>\n<meta property=\"og:type\" content=\"article\" \/>\n<meta property=\"og:title\" content=\"Gesti\u00f3n de la calidad - cardinal TAPES\" \/>\n<meta property=\"og:url\" content=\"https:\/\/cardinal-tapes.com\/es\/empresa\/gestion-de-la-calidad\/\" \/>\n<meta property=\"og:site_name\" content=\"cardinal TAPES\" \/>\n<meta property=\"article:modified_time\" content=\"2023-12-08T09:01:56+00:00\" \/>\n<meta name=\"twitter:card\" content=\"summary_large_image\" \/>\n<meta name=\"twitter:label1\" content=\"Tiempo de lectura\" \/>\n\t<meta name=\"twitter:data1\" content=\"38 minutos\" \/>\n<script type=\"application\/ld+json\" class=\"yoast-schema-graph\">{\"@context\":\"https:\\\/\\\/schema.org\",\"@graph\":[{\"@type\":\"WebPage\",\"@id\":\"https:\\\/\\\/cardinal-tapes.com\\\/es\\\/empresa\\\/gestion-de-la-calidad\\\/\",\"url\":\"https:\\\/\\\/cardinal-tapes.com\\\/es\\\/empresa\\\/gestion-de-la-calidad\\\/\",\"name\":\"Gesti\u00f3n de la calidad - cardinal TAPES\",\"isPartOf\":{\"@id\":\"https:\\\/\\\/cardinal-tapes.com\\\/#website\"},\"datePublished\":\"2023-12-07T12:54:08+00:00\",\"dateModified\":\"2023-12-08T09:01:56+00:00\",\"breadcrumb\":{\"@id\":\"https:\\\/\\\/cardinal-tapes.com\\\/es\\\/empresa\\\/gestion-de-la-calidad\\\/#breadcrumb\"},\"inLanguage\":\"es\",\"potentialAction\":[{\"@type\":\"ReadAction\",\"target\":[\"https:\\\/\\\/cardinal-tapes.com\\\/es\\\/empresa\\\/gestion-de-la-calidad\\\/\"]}]},{\"@type\":\"BreadcrumbList\",\"@id\":\"https:\\\/\\\/cardinal-tapes.com\\\/es\\\/empresa\\\/gestion-de-la-calidad\\\/#breadcrumb\",\"itemListElement\":[{\"@type\":\"ListItem\",\"position\":1,\"name\":\"Startseite\",\"item\":\"https:\\\/\\\/cardinal-tapes.com\\\/es\\\/\"},{\"@type\":\"ListItem\",\"position\":2,\"name\":\"Empresa\",\"item\":\"https:\\\/\\\/cardinal-tapes.com\\\/es\\\/empresa\\\/\"},{\"@type\":\"ListItem\",\"position\":3,\"name\":\"Gesti\u00f3n de la calidad\"}]},{\"@type\":\"WebSite\",\"@id\":\"https:\\\/\\\/cardinal-tapes.com\\\/#website\",\"url\":\"https:\\\/\\\/cardinal-tapes.com\\\/\",\"name\":\"cardinal TAPES\",\"description\":\"Klebetechnik aus Wuppertal\",\"potentialAction\":[{\"@type\":\"SearchAction\",\"target\":{\"@type\":\"EntryPoint\",\"urlTemplate\":\"https:\\\/\\\/cardinal-tapes.com\\\/?s={search_term_string}\"},\"query-input\":{\"@type\":\"PropertyValueSpecification\",\"valueRequired\":true,\"valueName\":\"search_term_string\"}}],\"inLanguage\":\"es\"}]}<\/script>\n<!-- \/ Yoast SEO plugin. -->","yoast_head_json":{"title":"Gesti\u00f3n de la calidad - cardinal TAPES","robots":{"index":"index","follow":"follow","max-snippet":"max-snippet:-1","max-image-preview":"max-image-preview:large","max-video-preview":"max-video-preview:-1"},"canonical":"https:\/\/cardinal-tapes.com\/es\/empresa\/gestion-de-la-calidad\/","og_locale":"es_ES","og_type":"article","og_title":"Gesti\u00f3n de la calidad - cardinal TAPES","og_url":"https:\/\/cardinal-tapes.com\/es\/empresa\/gestion-de-la-calidad\/","og_site_name":"cardinal TAPES","article_modified_time":"2023-12-08T09:01:56+00:00","twitter_card":"summary_large_image","twitter_misc":{"Tiempo de lectura":"38 minutos"},"schema":{"@context":"https:\/\/schema.org","@graph":[{"@type":"WebPage","@id":"https:\/\/cardinal-tapes.com\/es\/empresa\/gestion-de-la-calidad\/","url":"https:\/\/cardinal-tapes.com\/es\/empresa\/gestion-de-la-calidad\/","name":"Gesti\u00f3n de la calidad - cardinal TAPES","isPartOf":{"@id":"https:\/\/cardinal-tapes.com\/#website"},"datePublished":"2023-12-07T12:54:08+00:00","dateModified":"2023-12-08T09:01:56+00:00","breadcrumb":{"@id":"https:\/\/cardinal-tapes.com\/es\/empresa\/gestion-de-la-calidad\/#breadcrumb"},"inLanguage":"es","potentialAction":[{"@type":"ReadAction","target":["https:\/\/cardinal-tapes.com\/es\/empresa\/gestion-de-la-calidad\/"]}]},{"@type":"BreadcrumbList","@id":"https:\/\/cardinal-tapes.com\/es\/empresa\/gestion-de-la-calidad\/#breadcrumb","itemListElement":[{"@type":"ListItem","position":1,"name":"Startseite","item":"https:\/\/cardinal-tapes.com\/es\/"},{"@type":"ListItem","position":2,"name":"Empresa","item":"https:\/\/cardinal-tapes.com\/es\/empresa\/"},{"@type":"ListItem","position":3,"name":"Gesti\u00f3n de la calidad"}]},{"@type":"WebSite","@id":"https:\/\/cardinal-tapes.com\/#website","url":"https:\/\/cardinal-tapes.com\/","name":"cardinal TAPES","description":"Klebetechnik aus Wuppertal","potentialAction":[{"@type":"SearchAction","target":{"@type":"EntryPoint","urlTemplate":"https:\/\/cardinal-tapes.com\/?s={search_term_string}"},"query-input":{"@type":"PropertyValueSpecification","valueRequired":true,"valueName":"search_term_string"}}],"inLanguage":"es"}]}},"_links":{"self":[{"href":"https:\/\/cardinal-tapes.com\/es\/wp-json\/wp\/v2\/pages\/75806","targetHints":{"allow":["GET"]}}],"collection":[{"href":"https:\/\/cardinal-tapes.com\/es\/wp-json\/wp\/v2\/pages"}],"about":[{"href":"https:\/\/cardinal-tapes.com\/es\/wp-json\/wp\/v2\/types\/page"}],"author":[{"embeddable":true,"href":"https:\/\/cardinal-tapes.com\/es\/wp-json\/wp\/v2\/users\/1"}],"replies":[{"embeddable":true,"href":"https:\/\/cardinal-tapes.com\/es\/wp-json\/wp\/v2\/comments?post=75806"}],"version-history":[{"count":0,"href":"https:\/\/cardinal-tapes.com\/es\/wp-json\/wp\/v2\/pages\/75806\/revisions"}],"up":[{"embeddable":true,"href":"https:\/\/cardinal-tapes.com\/es\/wp-json\/wp\/v2\/pages\/30087"}],"wp:attachment":[{"href":"https:\/\/cardinal-tapes.com\/es\/wp-json\/wp\/v2\/media?parent=75806"}],"curies":[{"name":"wp","href":"https:\/\/api.w.org\/{rel}","templated":true}]}}