{"id":32135,"date":"2017-12-07T13:57:21","date_gmt":"2017-12-07T12:57:21","guid":{"rendered":"https:\/\/cardinal.pixel-tal.de\/cintas-adhesivas\/ambitos-de-aplicacion\/industria-electrica\/"},"modified":"2023-06-16T16:12:08","modified_gmt":"2023-06-16T14:12:08","slug":"industria-electrica","status":"publish","type":"page","link":"https:\/\/cardinal-tapes.com\/es\/cintas-adhesivas-es\/ambitos-de-aplicacion\/industria-electrica\/","title":{"rendered":"Industria el\u00e9ctrica"},"content":{"rendered":"\t\t\t<div class=\"headerimage-section has-image  \">\n\t\t\t\t\t\t\t\t\t\t\t\t<div class=\"headerimage__bg overlay\" style=\"background-image: url('https:\/\/cardinal-tapes.com\/wp-content\/uploads\/cardinal_kopfbild_elektroindustrie-scaled.jpg'); background-repeat: no-repeat; background-position: center; background-size: cover;\"><\/div>\n\t\t\t\t\t\t\t\t\t\t\t\t<div class=\"container\">\n\t\t\t\t\t<div class=\"headerimage__inner\">\n\t\t\t\t\t\t<h1 class=\"headerimage__headline\">Cintas adhesivas y sistemas adhesivos<\/h1>\t\t\t\t\t\t<span class=\"headerimage__subheadline\">Resistente al calor, aislante y m\u00e1s<\/span>\t\t\t\t\t\t\t\t\t\t\t<\/div>\n\t\t\t\t\t\t\t\t\t<\/div>\n\t\t\t<\/div>\n\t\t\t\n<\/div><\/div><\/div><!-- close content main div --><\/div><\/div><div id='av_section_1'  class='avia-section av-5k04d-2c20ee598b231959d3d81502994d6a5c alternate_color avia-section-default avia-no-border-styling  avia-builder-el-1  el_after_pixel_headimage  el_before_av_section  avia-bg-style-scroll container_wrap fullsize'  ><div class='container av-section-cont-open' ><div class='template-page content  av-content-full alpha units'><div class='post-entry post-entry-type-page post-entry-32135'><div class='entry-content-wrapper clearfix'>\n<div  class='flex_column av-1cswqd-86c7db489c62dcb09362726605d386b8 av_two_third  avia-builder-el-2  avia-builder-el-no-sibling  max-width-col two-third first flex_column_div av-animated-generic left-to-right  '     ><p><div class=\"pxl-headline pxl-hl hl-wrap | hl-sub--bot hl--align-left hl--std-margin    \">\n        <div class=\"hl-inner\">\n            <h2 class=\"hl-main hl-line |  hl_main--default  \">Cintas adhesivas para la industria el\u00e9ctrica<\/h2>\n            <span class=\"hl-sub hl-line |  hl_sub--default  \">Requisitos exigentes, soluciones a medida <\/span>\n    <\/div>\n<\/div>\n<br \/>\n<section  class='av_textblock_section av-lhov1cpu-a752fec4f7aa693bb6dc6bf8d9ac30d3 '   itemscope=\"itemscope\" itemtype=\"https:\/\/schema.org\/CreativeWork\" ><div class='avia_textblock'  itemprop=\"text\" ><p>Ofrecemos a nuestros clientes aplicaciones sencillas en la industria el\u00e9ctrica. Como somos distribuidores en el sector de las cintas, trabajamos en estrecha colaboraci\u00f3n con los fabricantes. Esto significa que en el futuro tambi\u00e9n podremos ofrecer diversas soluciones para los \u00e1mbitos de aplicaci\u00f3n cada vez m\u00e1s complejos de las <a title=\"Cintas adhesivas t\u00e9cnicas del Bergisches Land\" href=\"\/klebebaender\/\">cintas adhesivas<\/a> y los <a title=\"Cardinal TAPES es su socio comercial profesional para adhesivos l\u00edquidos\" href=\"\/?product_cat=kleb-und-dichtmassen\" target=\"_blank\" rel=\"nofollow\">adhesivos l\u00edquidos<\/a>.<\/p>\n<p>Nuestra amplia gama le permite encontrar la cinta adecuada para sus aplicaciones espec\u00edficas. Si no encuentra entre nuestros productos una soluci\u00f3n adecuada para su requisito especial, p\u00f3ngase en contacto con nosotros personalmente y recibir\u00e1 asesoramiento gratuito sobre el material de base adecuado, as\u00ed como sobre las propiedades adhesivas m\u00e1s importantes. Como distribuidores especializados en cintas adhesivas, podemos comparar diferentes cintas y decidir r\u00e1pidamente qu\u00e9 producto es el mejor para la artesan\u00eda, el hogar o la industria.<\/p>\n<p>En cardinal Tapes, nos esforzamos constantemente por ampliar nuestra gama de productos y mantenerla actualizada con los \u00faltimos avances. Tambi\u00e9n dedicamos tiempo a consultas individuales y colaboramos con nuestros clientes para encontrar soluciones \u00f3ptimas para su empresa. Si adem\u00e1s desea recibir la mejor oferta para cada una de las solicitudes previstas, p\u00f3ngase en contacto con nosotros <a class=\"telelink\" title=\"P\u00f3ngase en contacto con nosotros por tel\u00e9fono para una consulta personal\" href=\"tel:+490202266850\" target=\"_blank\" rel=\"nofollow\"> por tel\u00e9fono<\/a> o utilice nuestro <a title=\"Utilice nuestro formulario de contacto para obtener asesoramiento profesional\" href=\"\/ueber-cardinal\/kontakt\/\">formulario de consulta<\/a>. Estaremos encantados de asesorarle.<\/p>\n<\/div><\/section><\/p><\/div>\n\n<\/div><\/div><\/div><!-- close content main div --><\/div><\/div><div id='av_section_2'  class='avia-section av-rkhfx-cce3ffe3e8e06a3b6baf4709dff754f1 main_color avia-section-default avia-no-border-styling  avia-builder-el-5  el_after_av_section  avia-builder-el-last  gradient-section avia-bg-style-scroll container_wrap fullsize'  ><div class='container av-section-cont-open' ><div class='template-page content  av-content-full alpha units'><div class='post-entry post-entry-type-page post-entry-32135'><div class='entry-content-wrapper clearfix'>\n<div  class='flex_column av-m6fbx-005372e45e57cd22f110f5ff93e42820 av_one_full  avia-builder-el-6  avia-builder-el-no-sibling  first flex_column_div av-animated-generic left-to-right  '     ><p><div class=\"pxl-headline pxl-hl hl-wrap | hl-sub--bot hl--align-left hl--no-margin    \">\n        <div class=\"hl-inner\">\n            <h2 class=\"hl-main hl-line |  hl_main--default  \">Productos destacados<\/h2>\n            <span class=\"hl-sub hl-line |  hl_sub--default  \">Innovador y de alta calidad<\/span>\n    <\/div>\n<\/div>\n<br \/>\n<div   data-autoplay=''  data-interval='5'  data-animation='fade'  data-hoverpause='1'  class='template-shop avia-content-slider avia-content-slider-active avia-product-slider1 avia-content-slider-even  avia-builder-el-8  el_after_pixel_sc_headline  el_before_av_button   shop_columns_4' ><div class='avia-content-slider-inner'><ul class=\"products slide-entry-wrap\"><li class=\"product type-product post-59636 status-publish first instock product_cat-industria-electrica product_cat-ingenieria-mecanica product_cat-cintas-adhesivas-de-una-cara has-post-thumbnail taxable shipping-taxable purchasable product-type-variable\">\n\t<div class='inner_product main_color wrapped_style noLightbox  av-product-class-no_button'><a href=\"https:\/\/cardinal-tapes.com\/es\/cintas-adhesivas\/ambitos-de-aplicacion\/industria-electrica\/tesa-4657-cinta-de-tejido-especial-resistente-a-altas-temperaturas-2\/\" class=\"woocommerce-LoopProduct-link woocommerce-loop-product__link\"><div class=\"thumbnail_container\"><img decoding=\"async\" loading=\"lazy\" width=\"450\" height=\"450\" src=\"https:\/\/cardinal-tapes.com\/wp-content\/uploads\/tesa-04657_2-450x450.jpg\" class=\"wp-image-26091 avia-img-lazy-loading-26091 attachment-shop_catalog size-shop_catalog wp-post-image\" alt=\"tesaband\u00ae 4657 Cinta de tejido especial resistente a altas temperaturas - unilateral, Tejido, Caucho natural - Ilustraci\u00f3n 26091\" srcset=\"https:\/\/cardinal-tapes.com\/wp-content\/uploads\/tesa-04657_2-450x450.jpg 450w, https:\/\/cardinal-tapes.com\/wp-content\/uploads\/tesa-04657_2-120x120.jpg 120w, https:\/\/cardinal-tapes.com\/wp-content\/uploads\/tesa-04657_2-80x80.jpg 80w, https:\/\/cardinal-tapes.com\/wp-content\/uploads\/tesa-04657_2-200x200.jpg 200w, https:\/\/cardinal-tapes.com\/wp-content\/uploads\/tesa-04657_2-36x36.jpg 36w, https:\/\/cardinal-tapes.com\/wp-content\/uploads\/tesa-04657_2-180x180.jpg 180w, https:\/\/cardinal-tapes.com\/wp-content\/uploads\/tesa-04657_2-100x100.jpg 100w, https:\/\/cardinal-tapes.com\/wp-content\/uploads\/tesa-04657_2.jpg 600w\" sizes=\"auto, (max-width: 450px) 100vw, 450px\" \/><\/div><div class='inner_product_header'><div class='avia-arrow'><\/div><div class='inner_product_header_table'><div class='inner_product_header_cell'><span class=\"is-h2 woocommerce-loop-product__title\">tesaband\u00ae 4657 Cinta de tejido especial resistente a altas temperaturas<\/span>\t\t<div class=\"product-infos\">\n\t\t\t\t\t\t\t<span class='product-infos__item'><b>Revestimiento:<\/b> unilateral<\/span>\n\t\t\t\t\t\t\t\t\t\t<span class='product-infos__item'><b>Tipo de material:<\/b> Tejido<\/span>\n\t\t\t\t\t\t\t\t\t\t<span class='product-infos__item'><b>Fabricante:<\/b> tesa<\/span>\n\t\t\t\t\t\t\t\t\t\t<span class='product-infos__item'><b>Precio a la carta<\/b><\/span>\n\t\t\t\t\t<\/div>\n\t<\/div><\/div><\/div><\/a><\/div><\/li>\n<li class=\"product type-product post-48140 status-publish instock product_cat-cintas-adhesivas-de-doble-cara product_cat-industria-electrica product_cat-acero-y-vidrio product_cat-cinta-adhesiva-de-transferencia has-post-thumbnail taxable shipping-taxable purchasable product-type-variable\">\n\t<div class='inner_product main_color wrapped_style noLightbox  av-product-class-no_button'><a href=\"https:\/\/cardinal-tapes.com\/es\/cintas-adhesivas\/ambitos-de-aplicacion\/industria-electrica\/3m-467-mp-transfer-tape\/\" class=\"woocommerce-LoopProduct-link woocommerce-loop-product__link\"><div class=\"thumbnail_container\"><img decoding=\"async\" loading=\"lazy\" width=\"450\" height=\"450\" src=\"https:\/\/cardinal-tapes.com\/wp-content\/uploads\/3m-467mp-klebstoffserie-200mp-450x450.jpg\" class=\"wp-image-26799 avia-img-lazy-loading-26799 attachment-shop_catalog size-shop_catalog wp-post-image\" alt=\"3M\u2122 Cinta de transferencia 467 MP - doble cara, Papel recubierto de PE, Sin tirantes, Transferencia, Acr\u00edlico - Ilustraci\u00f3n 26799\" srcset=\"https:\/\/cardinal-tapes.com\/wp-content\/uploads\/3m-467mp-klebstoffserie-200mp-450x450.jpg 450w, https:\/\/cardinal-tapes.com\/wp-content\/uploads\/3m-467mp-klebstoffserie-200mp-120x120.jpg 120w, https:\/\/cardinal-tapes.com\/wp-content\/uploads\/3m-467mp-klebstoffserie-200mp-80x80.jpg 80w, https:\/\/cardinal-tapes.com\/wp-content\/uploads\/3m-467mp-klebstoffserie-200mp-36x36.jpg 36w, https:\/\/cardinal-tapes.com\/wp-content\/uploads\/3m-467mp-klebstoffserie-200mp-180x180.jpg 180w, https:\/\/cardinal-tapes.com\/wp-content\/uploads\/3m-467mp-klebstoffserie-200mp-100x100.jpg 100w\" sizes=\"auto, (max-width: 450px) 100vw, 450px\" \/><\/div><div class='inner_product_header'><div class='avia-arrow'><\/div><div class='inner_product_header_table'><div class='inner_product_header_cell'><span class=\"is-h2 woocommerce-loop-product__title\">3M\u2122 Cinta de transferencia 467 MP<\/span>\t\t<div class=\"product-infos\">\n\t\t\t\t\t\t\t<span class='product-infos__item'><b>Revestimiento:<\/b> doble cara<\/span>\n\t\t\t\t\t\t\t\t\t\t<span class='product-infos__item'><b>Tipo de material:<\/b> Papel recubierto de PE, Sin tirantes, Transferencia<\/span>\n\t\t\t\t\t\t\t\t\t\t<span class='product-infos__item'><b>Fabricante:<\/b> 3M<\/span>\n\t\t\t\t\t\t\t\t\t\t<span class='product-infos__item'><b>Precio a la carta<\/b><\/span>\n\t\t\t\t\t<\/div>\n\t<\/div><\/div><\/div><\/a><\/div><\/li>\n<li class=\"product type-product post-47004 status-publish instock product_cat-cintas-adhesivas-de-una-cara product_cat-cinta-pet product_cat-produccion-transformacion-del-aluminio product_cat-industria-electrica has-post-thumbnail taxable shipping-taxable purchasable product-type-variable\">\n\t<div class='inner_product main_color wrapped_style noLightbox  av-product-class-no_button'><a href=\"https:\/\/cardinal-tapes.com\/es\/cintas-adhesivas\/cintas-adhesivas-de-una-cara\/cinta-pet\/ca-748-pet-cinta\/\" class=\"woocommerce-LoopProduct-link woocommerce-loop-product__link\"><div class=\"thumbnail_container\"><img decoding=\"async\" loading=\"lazy\" width=\"450\" height=\"450\" src=\"https:\/\/cardinal-tapes.com\/wp-content\/uploads\/CA-748-450x450.jpg\" class=\"wp-image-26955 avia-img-lazy-loading-26955 attachment-shop_catalog size-shop_catalog wp-post-image\" alt=\"CA-748 Cinta adhesiva PET - unilateral, Pel\u00edcula PET, Silicona - Ilustraci\u00f3n 26955\" srcset=\"https:\/\/cardinal-tapes.com\/wp-content\/uploads\/CA-748-450x450.jpg 450w, https:\/\/cardinal-tapes.com\/wp-content\/uploads\/CA-748-120x120.jpg 120w, https:\/\/cardinal-tapes.com\/wp-content\/uploads\/CA-748-80x80.jpg 80w, https:\/\/cardinal-tapes.com\/wp-content\/uploads\/CA-748-200x200.jpg 200w, https:\/\/cardinal-tapes.com\/wp-content\/uploads\/CA-748-768x768.jpg 768w, https:\/\/cardinal-tapes.com\/wp-content\/uploads\/CA-748-1030x1030.jpg 1030w, https:\/\/cardinal-tapes.com\/wp-content\/uploads\/CA-748-36x36.jpg 36w, https:\/\/cardinal-tapes.com\/wp-content\/uploads\/CA-748-180x180.jpg 180w, https:\/\/cardinal-tapes.com\/wp-content\/uploads\/CA-748-705x705.jpg 705w, https:\/\/cardinal-tapes.com\/wp-content\/uploads\/CA-748-100x100.jpg 100w, https:\/\/cardinal-tapes.com\/wp-content\/uploads\/CA-748.jpg 1400w\" sizes=\"auto, (max-width: 450px) 100vw, 450px\" \/><\/div><div class='inner_product_header'><div class='avia-arrow'><\/div><div class='inner_product_header_table'><div class='inner_product_header_cell'><span class=\"is-h2 woocommerce-loop-product__title\">CA-748 Cinta adhesiva PET<\/span>\t\t<div class=\"product-infos\">\n\t\t\t\t\t\t\t<span class='product-infos__item'><b>Revestimiento:<\/b> unilateral<\/span>\n\t\t\t\t\t\t\t\t\t\t<span class='product-infos__item'><b>Tipo de material:<\/b> Pel\u00edcula PET<\/span>\n\t\t\t\t\t\t\t\t\t\t<span class='product-infos__item'><b>Fabricante:<\/b> cardinal GmbH<\/span>\n\t\t\t\t\t\t\t\t\t\t<span class='product-infos__item'><b>Precio a la carta<\/b><\/span>\n\t\t\t\t\t<\/div>\n\t<\/div><\/div><\/div><\/a><\/div><\/li>\n<li class=\"product type-product post-42154 status-publish last instock product_cat-industria-electrica product_cat-cinta-plastificada product_cat-cintas-adhesivas-de-una-cara product_cat-film-de-pvc has-post-thumbnail taxable shipping-taxable purchasable product-type-variable\">\n\t<div class='inner_product main_color wrapped_style noLightbox  av-product-class-no_button'><a href=\"https:\/\/cardinal-tapes.com\/es\/cintas-adhesivas\/cintas-adhesivas-de-una-cara\/film-de-pvc\/cinta-aislante-electrica-de-pvc-at7\/\" class=\"woocommerce-LoopProduct-link woocommerce-loop-product__link\"><div class=\"thumbnail_container\"><img decoding=\"async\" loading=\"lazy\" width=\"450\" height=\"450\" src=\"https:\/\/cardinal-tapes.com\/wp-content\/uploads\/Advance-Tapes_AT0007_Group-450x450.jpg\" class=\"wp-image-28623 avia-img-lazy-loading-28623 attachment-shop_catalog size-shop_catalog wp-post-image\" alt=\"Cinta aislante el\u00e9ctrica de PVC AT7 - unilateral, Pel\u00edcula de PVC, Caucho natural - Ilustraci\u00f3n 28623\" srcset=\"https:\/\/cardinal-tapes.com\/wp-content\/uploads\/Advance-Tapes_AT0007_Group-450x450.jpg 450w, https:\/\/cardinal-tapes.com\/wp-content\/uploads\/Advance-Tapes_AT0007_Group-120x120.jpg 120w, https:\/\/cardinal-tapes.com\/wp-content\/uploads\/Advance-Tapes_AT0007_Group-80x80.jpg 80w, https:\/\/cardinal-tapes.com\/wp-content\/uploads\/Advance-Tapes_AT0007_Group-200x200.jpg 200w, https:\/\/cardinal-tapes.com\/wp-content\/uploads\/Advance-Tapes_AT0007_Group-36x36.jpg 36w, https:\/\/cardinal-tapes.com\/wp-content\/uploads\/Advance-Tapes_AT0007_Group-180x180.jpg 180w, https:\/\/cardinal-tapes.com\/wp-content\/uploads\/Advance-Tapes_AT0007_Group-100x100.jpg 100w, https:\/\/cardinal-tapes.com\/wp-content\/uploads\/Advance-Tapes_AT0007_Group.jpg 600w\" sizes=\"auto, (max-width: 450px) 100vw, 450px\" \/><\/div><div class='inner_product_header'><div class='avia-arrow'><\/div><div class='inner_product_header_table'><div class='inner_product_header_cell'><span class=\"is-h2 woocommerce-loop-product__title\">Cinta aislante el\u00e9ctrica de PVC AT7<\/span>\t\t<div class=\"product-infos\">\n\t\t\t\t\t\t\t<span class='product-infos__item'><b>Revestimiento:<\/b> unilateral<\/span>\n\t\t\t\t\t\t\t\t\t\t<span class='product-infos__item'><b>Tipo de material:<\/b> Pel\u00edcula de PVC<\/span>\n\t\t\t\t\t\t\t\t\t\t<span class='product-infos__item'><b>Fabricante:<\/b> Advance Tapes<\/span>\n\t\t\t\t\t\t\t\t\t\t<span class='product-infos__item'><b>Precio a la carta<\/b><\/span>\n\t\t\t\t\t<\/div>\n\t<\/div><\/div><\/div><\/a><\/div><\/li>\n<\/ul><\/div><\/div><div class=\"clear\"><\/div><br \/>\n<div  class='avia-button-wrap av-14719-8c5b66e5035854c25aee4c68a1001445-wrap avia-button-left '><a href='https:\/\/cardinal-tapes.com\/es\/cintas-adhesivas-es\/'  class='avia-button av-14719-8c5b66e5035854c25aee4c68a1001445 avia-icon_select-no avia-size-medium avia-position-left avia-color-theme-color layout-border color-white'  ><span class='avia_iconbox_title' >Todos los productos<\/span><\/a><\/div><\/p><\/div>\n","protected":false},"excerpt":{"rendered":"","protected":false},"author":1,"featured_media":0,"parent":30847,"menu_order":4,"comment_status":"closed","ping_status":"closed","template":"","meta":{"_acf_changed":false,"footnotes":""},"class_list":["post-32135","page","type-page","status-publish","hentry"],"acf":[],"yoast_head":"<!-- This site is optimized with the Yoast SEO plugin v27.3 - https:\/\/yoast.com\/product\/yoast-seo-wordpress\/ -->\n<title>Cintas adhesivas para la industria el\u00e9ctrica | cardinal Tapes<\/title>\n<meta name=\"description\" content=\"Ofrecemos a nuestros clientes aplicaciones sencillas en la industria el\u00e9ctrica. M\u00e1s informaci\u00f3n sobre las caracter\u00edsticas especiales aqu\u00ed.\" \/>\n<meta name=\"robots\" content=\"index, follow, max-snippet:-1, max-image-preview:large, max-video-preview:-1\" \/>\n<link rel=\"canonical\" href=\"https:\/\/cardinal-tapes.com\/es\/cintas-adhesivas-es\/ambitos-de-aplicacion\/industria-electrica\/\" \/>\n<meta property=\"og:locale\" content=\"es_ES\" \/>\n<meta property=\"og:type\" content=\"article\" \/>\n<meta property=\"og:title\" content=\"Cintas adhesivas para la industria el\u00e9ctrica | cardinal Tapes\" \/>\n<meta property=\"og:description\" content=\"Ofrecemos a nuestros clientes aplicaciones sencillas en la industria el\u00e9ctrica. M\u00e1s informaci\u00f3n sobre las caracter\u00edsticas especiales aqu\u00ed.\" \/>\n<meta property=\"og:url\" content=\"https:\/\/cardinal-tapes.com\/es\/cintas-adhesivas-es\/ambitos-de-aplicacion\/industria-electrica\/\" \/>\n<meta property=\"og:site_name\" content=\"cardinal TAPES\" \/>\n<meta property=\"article:modified_time\" content=\"2023-06-16T14:12:08+00:00\" \/>\n<meta name=\"twitter:card\" content=\"summary_large_image\" \/>\n<meta name=\"twitter:label1\" content=\"Tiempo de lectura\" \/>\n\t<meta name=\"twitter:data1\" content=\"5 minutos\" \/>\n<script type=\"application\/ld+json\" class=\"yoast-schema-graph\">{\"@context\":\"https:\\\/\\\/schema.org\",\"@graph\":[{\"@type\":\"WebPage\",\"@id\":\"https:\\\/\\\/cardinal-tapes.com\\\/es\\\/cintas-adhesivas-es\\\/ambitos-de-aplicacion\\\/industria-electrica\\\/\",\"url\":\"https:\\\/\\\/cardinal-tapes.com\\\/es\\\/cintas-adhesivas-es\\\/ambitos-de-aplicacion\\\/industria-electrica\\\/\",\"name\":\"Cintas adhesivas para la industria el\u00e9ctrica | cardinal Tapes\",\"isPartOf\":{\"@id\":\"https:\\\/\\\/cardinal-tapes.com\\\/#website\"},\"datePublished\":\"2017-12-07T12:57:21+00:00\",\"dateModified\":\"2023-06-16T14:12:08+00:00\",\"description\":\"Ofrecemos a nuestros clientes aplicaciones sencillas en la industria el\u00e9ctrica. M\u00e1s informaci\u00f3n sobre las caracter\u00edsticas especiales aqu\u00ed.\",\"breadcrumb\":{\"@id\":\"https:\\\/\\\/cardinal-tapes.com\\\/es\\\/cintas-adhesivas-es\\\/ambitos-de-aplicacion\\\/industria-electrica\\\/#breadcrumb\"},\"inLanguage\":\"es\",\"potentialAction\":[{\"@type\":\"ReadAction\",\"target\":[\"https:\\\/\\\/cardinal-tapes.com\\\/es\\\/cintas-adhesivas-es\\\/ambitos-de-aplicacion\\\/industria-electrica\\\/\"]}]},{\"@type\":\"BreadcrumbList\",\"@id\":\"https:\\\/\\\/cardinal-tapes.com\\\/es\\\/cintas-adhesivas-es\\\/ambitos-de-aplicacion\\\/industria-electrica\\\/#breadcrumb\",\"itemListElement\":[{\"@type\":\"ListItem\",\"position\":1,\"name\":\"Startseite\",\"item\":\"https:\\\/\\\/cardinal-tapes.com\\\/es\\\/\"},{\"@type\":\"ListItem\",\"position\":2,\"name\":\"Cintas adhesivas\",\"item\":\"https:\\\/\\\/cardinal-tapes.com\\\/es\\\/cintas-adhesivas-es\\\/\"},{\"@type\":\"ListItem\",\"position\":3,\"name\":\"\u00c1mbitos de aplicaci\u00f3n\",\"item\":\"https:\\\/\\\/cardinal-tapes.com\\\/es\\\/cintas-adhesivas-es__trashed\\\/ambitos-de-aplicacion\\\/\"},{\"@type\":\"ListItem\",\"position\":4,\"name\":\"Industria el\u00e9ctrica\"}]},{\"@type\":\"WebSite\",\"@id\":\"https:\\\/\\\/cardinal-tapes.com\\\/#website\",\"url\":\"https:\\\/\\\/cardinal-tapes.com\\\/\",\"name\":\"cardinal TAPES\",\"description\":\"Klebetechnik aus Wuppertal\",\"potentialAction\":[{\"@type\":\"SearchAction\",\"target\":{\"@type\":\"EntryPoint\",\"urlTemplate\":\"https:\\\/\\\/cardinal-tapes.com\\\/?s={search_term_string}\"},\"query-input\":{\"@type\":\"PropertyValueSpecification\",\"valueRequired\":true,\"valueName\":\"search_term_string\"}}],\"inLanguage\":\"es\"}]}<\/script>\n<!-- \/ Yoast SEO plugin. -->","yoast_head_json":{"title":"Cintas adhesivas para la industria el\u00e9ctrica | cardinal Tapes","description":"Ofrecemos a nuestros clientes aplicaciones sencillas en la industria el\u00e9ctrica. M\u00e1s informaci\u00f3n sobre las caracter\u00edsticas especiales aqu\u00ed.","robots":{"index":"index","follow":"follow","max-snippet":"max-snippet:-1","max-image-preview":"max-image-preview:large","max-video-preview":"max-video-preview:-1"},"canonical":"https:\/\/cardinal-tapes.com\/es\/cintas-adhesivas-es\/ambitos-de-aplicacion\/industria-electrica\/","og_locale":"es_ES","og_type":"article","og_title":"Cintas adhesivas para la industria el\u00e9ctrica | cardinal Tapes","og_description":"Ofrecemos a nuestros clientes aplicaciones sencillas en la industria el\u00e9ctrica. M\u00e1s informaci\u00f3n sobre las caracter\u00edsticas especiales aqu\u00ed.","og_url":"https:\/\/cardinal-tapes.com\/es\/cintas-adhesivas-es\/ambitos-de-aplicacion\/industria-electrica\/","og_site_name":"cardinal TAPES","article_modified_time":"2023-06-16T14:12:08+00:00","twitter_card":"summary_large_image","twitter_misc":{"Tiempo de lectura":"5 minutos"},"schema":{"@context":"https:\/\/schema.org","@graph":[{"@type":"WebPage","@id":"https:\/\/cardinal-tapes.com\/es\/cintas-adhesivas-es\/ambitos-de-aplicacion\/industria-electrica\/","url":"https:\/\/cardinal-tapes.com\/es\/cintas-adhesivas-es\/ambitos-de-aplicacion\/industria-electrica\/","name":"Cintas adhesivas para la industria el\u00e9ctrica | cardinal Tapes","isPartOf":{"@id":"https:\/\/cardinal-tapes.com\/#website"},"datePublished":"2017-12-07T12:57:21+00:00","dateModified":"2023-06-16T14:12:08+00:00","description":"Ofrecemos a nuestros clientes aplicaciones sencillas en la industria el\u00e9ctrica. M\u00e1s informaci\u00f3n sobre las caracter\u00edsticas especiales aqu\u00ed.","breadcrumb":{"@id":"https:\/\/cardinal-tapes.com\/es\/cintas-adhesivas-es\/ambitos-de-aplicacion\/industria-electrica\/#breadcrumb"},"inLanguage":"es","potentialAction":[{"@type":"ReadAction","target":["https:\/\/cardinal-tapes.com\/es\/cintas-adhesivas-es\/ambitos-de-aplicacion\/industria-electrica\/"]}]},{"@type":"BreadcrumbList","@id":"https:\/\/cardinal-tapes.com\/es\/cintas-adhesivas-es\/ambitos-de-aplicacion\/industria-electrica\/#breadcrumb","itemListElement":[{"@type":"ListItem","position":1,"name":"Startseite","item":"https:\/\/cardinal-tapes.com\/es\/"},{"@type":"ListItem","position":2,"name":"Cintas adhesivas","item":"https:\/\/cardinal-tapes.com\/es\/cintas-adhesivas-es\/"},{"@type":"ListItem","position":3,"name":"\u00c1mbitos de aplicaci\u00f3n","item":"https:\/\/cardinal-tapes.com\/es\/cintas-adhesivas-es__trashed\/ambitos-de-aplicacion\/"},{"@type":"ListItem","position":4,"name":"Industria el\u00e9ctrica"}]},{"@type":"WebSite","@id":"https:\/\/cardinal-tapes.com\/#website","url":"https:\/\/cardinal-tapes.com\/","name":"cardinal TAPES","description":"Klebetechnik aus Wuppertal","potentialAction":[{"@type":"SearchAction","target":{"@type":"EntryPoint","urlTemplate":"https:\/\/cardinal-tapes.com\/?s={search_term_string}"},"query-input":{"@type":"PropertyValueSpecification","valueRequired":true,"valueName":"search_term_string"}}],"inLanguage":"es"}]}},"_links":{"self":[{"href":"https:\/\/cardinal-tapes.com\/es\/wp-json\/wp\/v2\/pages\/32135","targetHints":{"allow":["GET"]}}],"collection":[{"href":"https:\/\/cardinal-tapes.com\/es\/wp-json\/wp\/v2\/pages"}],"about":[{"href":"https:\/\/cardinal-tapes.com\/es\/wp-json\/wp\/v2\/types\/page"}],"author":[{"embeddable":true,"href":"https:\/\/cardinal-tapes.com\/es\/wp-json\/wp\/v2\/users\/1"}],"replies":[{"embeddable":true,"href":"https:\/\/cardinal-tapes.com\/es\/wp-json\/wp\/v2\/comments?post=32135"}],"version-history":[{"count":0,"href":"https:\/\/cardinal-tapes.com\/es\/wp-json\/wp\/v2\/pages\/32135\/revisions"}],"up":[{"embeddable":true,"href":"https:\/\/cardinal-tapes.com\/es\/wp-json\/wp\/v2\/pages\/30847"}],"wp:attachment":[{"href":"https:\/\/cardinal-tapes.com\/es\/wp-json\/wp\/v2\/media?parent=32135"}],"curies":[{"name":"wp","href":"https:\/\/api.w.org\/{rel}","templated":true}]}}