{"id":32068,"date":"2023-06-02T11:00:25","date_gmt":"2023-06-02T09:00:25","guid":{"rendered":"https:\/\/cardinal.pixel-tal.de\/cintas-adhesivas\/ambitos-de-aplicacion\/produccion-y-transformacion-del-aluminio\/"},"modified":"2023-06-16T15:57:16","modified_gmt":"2023-06-16T13:57:16","slug":"produccion-y-transformacion-del-aluminio","status":"publish","type":"page","link":"https:\/\/cardinal-tapes.com\/es\/cintas-adhesivas-es\/ambitos-de-aplicacion\/produccion-y-transformacion-del-aluminio\/","title":{"rendered":"Producci\u00f3n y transformaci\u00f3n del aluminio"},"content":{"rendered":"\t\t\t<div class=\"headerimage-section has-image  \">\n\t\t\t\t\t\t\t\t\t\t\t\t<div class=\"headerimage__bg overlay\" style=\"background-image: url('https:\/\/cardinal-tapes.com\/wp-content\/uploads\/cardinal_kopfbild-alu-scaled.jpg'); background-repeat: no-repeat; background-position: center; background-size: cover;\"><\/div>\n\t\t\t\t\t\t\t\t\t\t\t\t<div class=\"container\">\n\t\t\t\t\t<div class=\"headerimage__inner\">\n\t\t\t\t\t\t<h1 class=\"headerimage__headline\">Cintas adhesivas y sistemas adhesivos<\/h1>\t\t\t\t\t\t<span class=\"headerimage__subheadline\">Con alta resistencia al desgarro y densidad adhesiva<\/span>\t\t\t\t\t\t\t\t\t\t\t<\/div>\n\t\t\t\t\t\t\t\t\t<\/div>\n\t\t\t<\/div>\n\t\t\t\n<\/div><\/div><\/div><!-- close content main div --><\/div><\/div><div id='av_section_1'  class='avia-section av-11heo2-7cb4a45f0f8b829d22b4f89bd38e21dd alternate_color avia-section-default avia-no-border-styling  avia-builder-el-1  el_after_pixel_headimage  el_before_av_section  avia-bg-style-scroll container_wrap fullsize'  ><div class='container av-section-cont-open' ><div class='template-page content  av-content-full alpha units'><div class='post-entry post-entry-type-page post-entry-32068'><div class='entry-content-wrapper clearfix'>\n<div  class='flex_column av-zfqnu-e19969d193fd19c6fcc98798eb55b0af av_two_third  avia-builder-el-2  avia-builder-el-no-sibling  max-width-col two-third first flex_column_div av-animated-generic left-to-right  '     ><p><div class=\"pxl-headline pxl-hl hl-wrap | hl-sub--bot hl--align-left hl--std-margin    \">\n        <div class=\"hl-inner\">\n            <h2 class=\"hl-main hl-line |  hl_main--default  \">Cintas adhesivas para la producci\u00f3n y transformaci\u00f3n del aluminio<\/h2>\n            <span class=\"hl-sub hl-line |  hl_sub--default  \">Requisitos exigentes, soluciones a medida <\/span>\n    <\/div>\n<\/div>\n<br \/>\n<section  class='av_textblock_section av-lhox1cwb-a3105c8456bfca80641a326baca15860 '   itemscope=\"itemscope\" itemtype=\"https:\/\/schema.org\/CreativeWork\" ><div class='avia_textblock'  itemprop=\"text\" ><p>Como socio comercial de tecnolog\u00eda adhesiva ya preparada, cardinal TAPES apoya la <a title=\"Cintas adhesivas de aluminio y cintas adhesivas met\u00e1licas con adhesivos conductores\" href=\"\/klebebaender\/\">producci\u00f3n y el procesamiento del aluminio<\/a> con sus cintas adhesivas. Especialmente con nuestras cintas adhesivas de aluminio, que tienen una gran resistencia al desgarro y una densidad adhesiva fiable sobre metales, pl\u00e1sticos, hormig\u00f3n y madera. Somos el contacto adecuado para su empresa si necesita la cinta adhesiva adecuada para la producci\u00f3n y transformaci\u00f3n de aluminio.<\/p>\n<p>Pero tambi\u00e9n las cintas crep\u00e9 adhesivas o las cintas de tejido de celulosa, que se utilizan preferentemente para encintar mazos de cables, tienen una gran demanda en esta industria. Si tiene m\u00e1s preguntas, no dude en ponerse en contacto con nosotros. Utilice nuestro <a href=\"\/ueber-cardinal\/kontakt\/\">formulario de consulta<\/a> o p\u00f3ngase en contacto con nosotros por tel\u00e9fono en nuestra extensi\u00f3n <a class=\"telelink\" title=\"P\u00f3ngase en contacto con nosotros\" href=\"tel:+490202266850\" target=\"_blank\" rel=\"nofollow\">+49 202 266 850<\/a>.<\/p>\n<p>Para m\u00e1s informaci\u00f3n, puede descargar nuestro nuevo <a title=\"Cintas adhesivas t\u00e9cnicas Cat\u00e1logo de productos de Cardinal GmbH\" href=\"https:\/\/cardinal-tapes.com\/es\/descargas\/\">cat\u00e1logo de productos<\/a>. Si desea una copia impresa con una muestra, no dude en ponerse en contacto con nosotros.<\/p>\n<\/div><\/section><\/p><\/div>\n\n<\/div><\/div><\/div><!-- close content main div --><\/div><\/div><div id='av_section_2'  class='avia-section av-s48ju-988e2be7f6b4b6c8c0e662ae42b405c9 main_color avia-section-default avia-no-border-styling  avia-builder-el-5  el_after_av_section  avia-builder-el-last  gradient-section avia-bg-style-scroll container_wrap fullsize'  ><div class='container av-section-cont-open' ><div class='template-page content  av-content-full alpha units'><div class='post-entry post-entry-type-page post-entry-32068'><div class='entry-content-wrapper clearfix'>\n<div  class='flex_column av-jqfky-e15e9f2a77e1a46f19b21e13c244a8c2 av_one_full  avia-builder-el-6  avia-builder-el-no-sibling  first flex_column_div av-animated-generic left-to-right  '     ><p><div class=\"pxl-headline pxl-hl hl-wrap | hl-sub--bot hl--align-left hl--no-margin    \">\n        <div class=\"hl-inner\">\n            <h2 class=\"hl-main hl-line |  hl_main--default  \">Productos destacados<\/h2>\n            <span class=\"hl-sub hl-line |  hl_sub--default  \">Innovador y de alta calidad<\/span>\n    <\/div>\n<\/div>\n<br \/>\n<div   data-autoplay=''  data-interval='5'  data-animation='fade'  data-hoverpause='1'  class='template-shop avia-content-slider avia-content-slider-active avia-product-slider1 avia-content-slider-even  avia-builder-el-8  el_after_pixel_sc_headline  el_before_av_button   shop_columns_4' ><div class='avia-content-slider-inner'><ul class=\"products slide-entry-wrap\"><li class=\"product type-product post-55989 status-publish first instock product_cat-produccion-transformacion-del-aluminio product_cat-industria-del-hormigon product_cat-industria-del-plastico product_cat-acero-y-vidrio product_cat-sector-del-transporte product_cat-cintas-adhesivas-de-una-cara has-post-thumbnail taxable shipping-taxable purchasable product-type-variable\">\n\t<div class='inner_product main_color wrapped_style noLightbox  av-product-class-no_button'><a href=\"https:\/\/cardinal-tapes.com\/es\/cintas-adhesivas\/ambitos-de-aplicacion\/produccion-transformacion-del-aluminio\/ca-221-filamento-adhesivo-cinta-larga-transversal-reforzada-2\/\" class=\"woocommerce-LoopProduct-link woocommerce-loop-product__link\"><div class=\"thumbnail_container\"><img decoding=\"async\" loading=\"lazy\" width=\"450\" height=\"450\" src=\"https:\/\/cardinal-tapes.com\/wp-content\/uploads\/CA_221-450x450.jpg\" class=\"wp-image-26891 avia-img-lazy-loading-26891 attachment-shop_catalog size-shop_catalog wp-post-image\" alt=\"CA-221 Cinta de filamentos, reforzada longitudinal y transversalmente - unilateral, Pel\u00edcula BOPP, Caucho sint\u00e9tico - Ilustraci\u00f3n 26891\" srcset=\"https:\/\/cardinal-tapes.com\/wp-content\/uploads\/CA_221-450x450.jpg 450w, https:\/\/cardinal-tapes.com\/wp-content\/uploads\/CA_221-120x120.jpg 120w, https:\/\/cardinal-tapes.com\/wp-content\/uploads\/CA_221-80x80.jpg 80w, https:\/\/cardinal-tapes.com\/wp-content\/uploads\/CA_221-200x200.jpg 200w, https:\/\/cardinal-tapes.com\/wp-content\/uploads\/CA_221-768x768.jpg 768w, https:\/\/cardinal-tapes.com\/wp-content\/uploads\/CA_221-1030x1030.jpg 1030w, https:\/\/cardinal-tapes.com\/wp-content\/uploads\/CA_221-36x36.jpg 36w, https:\/\/cardinal-tapes.com\/wp-content\/uploads\/CA_221-180x180.jpg 180w, https:\/\/cardinal-tapes.com\/wp-content\/uploads\/CA_221-705x705.jpg 705w, https:\/\/cardinal-tapes.com\/wp-content\/uploads\/CA_221-100x100.jpg 100w, https:\/\/cardinal-tapes.com\/wp-content\/uploads\/CA_221.jpg 1400w\" sizes=\"auto, (max-width: 450px) 100vw, 450px\" \/><\/div><div class='inner_product_header'><div class='avia-arrow'><\/div><div class='inner_product_header_table'><div class='inner_product_header_cell'><span class=\"is-h2 woocommerce-loop-product__title\">CA-221 Cinta de filamentos, reforzada longitudinal y transversalmente<\/span>\t\t<div class=\"product-infos\">\n\t\t\t\t\t\t\t<span class='product-infos__item'><b>Revestimiento:<\/b> unilateral<\/span>\n\t\t\t\t\t\t\t\t\t\t<span class='product-infos__item'><b>Tipo de material:<\/b> Pel\u00edcula BOPP<\/span>\n\t\t\t\t\t\t\t\t\t\t<span class='product-infos__item'><b>Fabricante:<\/b> cardinal GmbH<\/span>\n\t\t\t\t\t\t\t\t\t\t<span class='product-infos__item'><b>Precio a la carta<\/b><\/span>\n\t\t\t\t\t<\/div>\n\t<\/div><\/div><\/div><\/a><\/div><\/li>\n<li class=\"product type-product post-54753 status-publish instock product_cat-industria-del-hormigon product_cat-industria-del-plastico product_cat-acero-y-vidrio product_cat-cintas-adhesivas-de-una-cara product_cat-film-pp product_cat-cinta-de-flejado product_cat-produccion-transformacion-del-aluminio product_cat-industria-del-automovil has-post-thumbnail taxable shipping-taxable purchasable product-type-variable\">\n\t<div class='inner_product main_color wrapped_style noLightbox  av-product-class-no_button'><a href=\"https:\/\/cardinal-tapes.com\/es\/cintas-adhesivas\/cintas-adhesivas-de-una-cara\/film-pp\/ca-25-pp-cinta-de-flejado\/\" class=\"woocommerce-LoopProduct-link woocommerce-loop-product__link\"><div class=\"thumbnail_container\"><img decoding=\"async\" loading=\"lazy\" width=\"450\" height=\"450\" src=\"https:\/\/cardinal-tapes.com\/wp-content\/uploads\/CA_25-1-450x450.jpg\" class=\"wp-image-26843 avia-img-lazy-loading-26843 attachment-shop_catalog size-shop_catalog wp-post-image\" alt=\"Cinta adhesiva para flejes de PP CA-25 - unilateral, Pel\u00edcula MOPP, Caucho natural - Ilustraci\u00f3n 26843\" srcset=\"https:\/\/cardinal-tapes.com\/wp-content\/uploads\/CA_25-1-450x450.jpg 450w, https:\/\/cardinal-tapes.com\/wp-content\/uploads\/CA_25-1-120x120.jpg 120w, https:\/\/cardinal-tapes.com\/wp-content\/uploads\/CA_25-1-80x80.jpg 80w, https:\/\/cardinal-tapes.com\/wp-content\/uploads\/CA_25-1-200x200.jpg 200w, https:\/\/cardinal-tapes.com\/wp-content\/uploads\/CA_25-1-768x768.jpg 768w, https:\/\/cardinal-tapes.com\/wp-content\/uploads\/CA_25-1-1030x1030.jpg 1030w, https:\/\/cardinal-tapes.com\/wp-content\/uploads\/CA_25-1-36x36.jpg 36w, https:\/\/cardinal-tapes.com\/wp-content\/uploads\/CA_25-1-180x180.jpg 180w, https:\/\/cardinal-tapes.com\/wp-content\/uploads\/CA_25-1-705x705.jpg 705w, https:\/\/cardinal-tapes.com\/wp-content\/uploads\/CA_25-1-100x100.jpg 100w, https:\/\/cardinal-tapes.com\/wp-content\/uploads\/CA_25-1.jpg 1400w\" sizes=\"auto, (max-width: 450px) 100vw, 450px\" \/><\/div><div class='inner_product_header'><div class='avia-arrow'><\/div><div class='inner_product_header_table'><div class='inner_product_header_cell'><span class=\"is-h2 woocommerce-loop-product__title\">Cinta adhesiva para flejes de PP CA-25<\/span>\t\t<div class=\"product-infos\">\n\t\t\t\t\t\t\t<span class='product-infos__item'><b>Revestimiento:<\/b> unilateral<\/span>\n\t\t\t\t\t\t\t\t\t\t<span class='product-infos__item'><b>Tipo de material:<\/b> Pel\u00edcula MOPP<\/span>\n\t\t\t\t\t\t\t\t\t\t<span class='product-infos__item'><b>Fabricante:<\/b> cardinal GmbH<\/span>\n\t\t\t\t\t\t\t\t\t\t<span class='product-infos__item'><b>Precio a la carta<\/b><\/span>\n\t\t\t\t\t<\/div>\n\t<\/div><\/div><\/div><\/a><\/div><\/li>\n<li class=\"product type-product post-47004 status-publish instock product_cat-industria-electrica product_cat-cintas-adhesivas-de-una-cara product_cat-cinta-pet product_cat-produccion-transformacion-del-aluminio has-post-thumbnail taxable shipping-taxable purchasable product-type-variable\">\n\t<div class='inner_product main_color wrapped_style noLightbox  av-product-class-no_button'><a href=\"https:\/\/cardinal-tapes.com\/es\/cintas-adhesivas\/cintas-adhesivas-de-una-cara\/cinta-pet\/ca-748-pet-cinta\/\" class=\"woocommerce-LoopProduct-link woocommerce-loop-product__link\"><div class=\"thumbnail_container\"><img decoding=\"async\" loading=\"lazy\" width=\"450\" height=\"450\" src=\"https:\/\/cardinal-tapes.com\/wp-content\/uploads\/CA-748-450x450.jpg\" class=\"wp-image-26955 avia-img-lazy-loading-26955 attachment-shop_catalog size-shop_catalog wp-post-image\" alt=\"CA-748 Cinta adhesiva PET - unilateral, Pel\u00edcula PET, Silicona - Ilustraci\u00f3n 26955\" srcset=\"https:\/\/cardinal-tapes.com\/wp-content\/uploads\/CA-748-450x450.jpg 450w, https:\/\/cardinal-tapes.com\/wp-content\/uploads\/CA-748-120x120.jpg 120w, https:\/\/cardinal-tapes.com\/wp-content\/uploads\/CA-748-80x80.jpg 80w, https:\/\/cardinal-tapes.com\/wp-content\/uploads\/CA-748-200x200.jpg 200w, https:\/\/cardinal-tapes.com\/wp-content\/uploads\/CA-748-768x768.jpg 768w, https:\/\/cardinal-tapes.com\/wp-content\/uploads\/CA-748-1030x1030.jpg 1030w, https:\/\/cardinal-tapes.com\/wp-content\/uploads\/CA-748-36x36.jpg 36w, https:\/\/cardinal-tapes.com\/wp-content\/uploads\/CA-748-180x180.jpg 180w, https:\/\/cardinal-tapes.com\/wp-content\/uploads\/CA-748-705x705.jpg 705w, https:\/\/cardinal-tapes.com\/wp-content\/uploads\/CA-748-100x100.jpg 100w, https:\/\/cardinal-tapes.com\/wp-content\/uploads\/CA-748.jpg 1400w\" sizes=\"auto, (max-width: 450px) 100vw, 450px\" \/><\/div><div class='inner_product_header'><div class='avia-arrow'><\/div><div class='inner_product_header_table'><div class='inner_product_header_cell'><span class=\"is-h2 woocommerce-loop-product__title\">CA-748 Cinta adhesiva PET<\/span>\t\t<div class=\"product-infos\">\n\t\t\t\t\t\t\t<span class='product-infos__item'><b>Revestimiento:<\/b> unilateral<\/span>\n\t\t\t\t\t\t\t\t\t\t<span class='product-infos__item'><b>Tipo de material:<\/b> Pel\u00edcula PET<\/span>\n\t\t\t\t\t\t\t\t\t\t<span class='product-infos__item'><b>Fabricante:<\/b> cardinal GmbH<\/span>\n\t\t\t\t\t\t\t\t\t\t<span class='product-infos__item'><b>Precio a la carta<\/b><\/span>\n\t\t\t\t\t<\/div>\n\t<\/div><\/div><\/div><\/a><\/div><\/li>\n<li class=\"product type-product post-47664 status-publish last instock product_cat-industria-del-hormigon product_cat-industria-del-plastico product_cat-acero-y-vidrio product_cat-sector-del-transporte product_cat-cintas-adhesivas-de-una-cara product_cat-produccion-transformacion-del-aluminio product_cat-construccion has-post-thumbnail taxable shipping-taxable purchasable product-type-variable\">\n\t<div class='inner_product main_color wrapped_style noLightbox  av-product-class-no_button'><a href=\"https:\/\/cardinal-tapes.com\/es\/cintas-adhesivas\/ambitos-de-aplicacion\/produccion-transformacion-del-aluminio\/ca-22-filamento-adhesivo-cinta-larga-reforzada\/\" class=\"woocommerce-LoopProduct-link woocommerce-loop-product__link\"><div class=\"thumbnail_container\"><img decoding=\"async\" loading=\"lazy\" width=\"450\" height=\"450\" src=\"https:\/\/cardinal-tapes.com\/wp-content\/uploads\/CA_22_02-450x450.jpg\" class=\"wp-image-26835 avia-img-lazy-loading-26835 attachment-shop_catalog size-shop_catalog wp-post-image\" alt=\"CA-22 Cinta de filamentos, reforzada longitudinalmente - unilateral, Polipropileno, Caucho sint\u00e9tico - Ilustraci\u00f3n 26835\" srcset=\"https:\/\/cardinal-tapes.com\/wp-content\/uploads\/CA_22_02-450x450.jpg 450w, https:\/\/cardinal-tapes.com\/wp-content\/uploads\/CA_22_02-120x120.jpg 120w, https:\/\/cardinal-tapes.com\/wp-content\/uploads\/CA_22_02-80x80.jpg 80w, https:\/\/cardinal-tapes.com\/wp-content\/uploads\/CA_22_02-36x36.jpg 36w, https:\/\/cardinal-tapes.com\/wp-content\/uploads\/CA_22_02-180x180.jpg 180w, https:\/\/cardinal-tapes.com\/wp-content\/uploads\/CA_22_02-100x100.jpg 100w\" sizes=\"auto, (max-width: 450px) 100vw, 450px\" \/><\/div><div class='inner_product_header'><div class='avia-arrow'><\/div><div class='inner_product_header_table'><div class='inner_product_header_cell'><span class=\"is-h2 woocommerce-loop-product__title\">CA-22 Cinta de filamentos, reforzada longitudinalmente<\/span>\t\t<div class=\"product-infos\">\n\t\t\t\t\t\t\t<span class='product-infos__item'><b>Revestimiento:<\/b> unilateral<\/span>\n\t\t\t\t\t\t\t\t\t\t<span class='product-infos__item'><b>Tipo de material:<\/b> Polipropileno<\/span>\n\t\t\t\t\t\t\t\t\t\t<span class='product-infos__item'><b>Fabricante:<\/b> cardinal GmbH<\/span>\n\t\t\t\t\t\t\t\t\t\t<span class='product-infos__item'><b>Precio a la carta<\/b><\/span>\n\t\t\t\t\t<\/div>\n\t<\/div><\/div><\/div><\/a><\/div><\/li>\n<\/ul><\/div><\/div><div class=\"clear\"><\/div><br \/>\n<div  class='avia-button-wrap av-ub0i-04279e4a90220632e220d81c1cb5c5b8-wrap avia-button-left '><a href='https:\/\/cardinal-tapes.com\/es\/cintas-adhesivas-es\/'  class='avia-button av-ub0i-04279e4a90220632e220d81c1cb5c5b8 avia-icon_select-no avia-size-medium avia-position-left avia-color-theme-color layout-border color-white'  ><span class='avia_iconbox_title' >Todos los productos<\/span><\/a><\/div><\/p><\/div>\n","protected":false},"excerpt":{"rendered":"","protected":false},"author":1,"featured_media":0,"parent":30847,"menu_order":13,"comment_status":"closed","ping_status":"closed","template":"","meta":{"_acf_changed":false,"footnotes":""},"class_list":["post-32068","page","type-page","status-publish","hentry"],"acf":[],"yoast_head":"<!-- This site is optimized with the Yoast SEO plugin v27.3 - https:\/\/yoast.com\/product\/yoast-seo-wordpress\/ -->\n<title>Cintas adhesivas para la producci\u00f3n de aluminio | cardinal TAPES<\/title>\n<meta name=\"description\" content=\"Como socio comercial de tecnolog\u00eda adhesiva ya preparada, cardinal TAPES apoya la producci\u00f3n y el procesamiento del aluminio con sus cintas adhesivas. M\u00e1s informaci\u00f3n sobre las caracter\u00edsticas especiales.\" \/>\n<meta name=\"robots\" content=\"index, follow, max-snippet:-1, max-image-preview:large, max-video-preview:-1\" \/>\n<link rel=\"canonical\" href=\"https:\/\/cardinal-tapes.com\/es\/cintas-adhesivas-es\/ambitos-de-aplicacion\/produccion-y-transformacion-del-aluminio\/\" \/>\n<meta property=\"og:locale\" content=\"es_ES\" \/>\n<meta property=\"og:type\" content=\"article\" \/>\n<meta property=\"og:title\" content=\"Cintas adhesivas para la producci\u00f3n de aluminio | cardinal TAPES\" \/>\n<meta property=\"og:description\" content=\"Como socio comercial de tecnolog\u00eda adhesiva ya preparada, cardinal TAPES apoya la producci\u00f3n y el procesamiento del aluminio con sus cintas adhesivas. M\u00e1s informaci\u00f3n sobre las caracter\u00edsticas especiales.\" \/>\n<meta property=\"og:url\" content=\"https:\/\/cardinal-tapes.com\/es\/cintas-adhesivas-es\/ambitos-de-aplicacion\/produccion-y-transformacion-del-aluminio\/\" \/>\n<meta property=\"og:site_name\" content=\"cardinal TAPES\" \/>\n<meta property=\"article:modified_time\" content=\"2023-06-16T13:57:16+00:00\" \/>\n<meta name=\"twitter:card\" content=\"summary_large_image\" \/>\n<meta name=\"twitter:label1\" content=\"Tiempo de lectura\" \/>\n\t<meta name=\"twitter:data1\" content=\"4 minutos\" \/>\n<script type=\"application\/ld+json\" class=\"yoast-schema-graph\">{\"@context\":\"https:\\\/\\\/schema.org\",\"@graph\":[{\"@type\":\"WebPage\",\"@id\":\"https:\\\/\\\/cardinal-tapes.com\\\/es\\\/cintas-adhesivas-es\\\/ambitos-de-aplicacion\\\/produccion-y-transformacion-del-aluminio\\\/\",\"url\":\"https:\\\/\\\/cardinal-tapes.com\\\/es\\\/cintas-adhesivas-es\\\/ambitos-de-aplicacion\\\/produccion-y-transformacion-del-aluminio\\\/\",\"name\":\"Cintas adhesivas para la producci\u00f3n de aluminio | cardinal TAPES\",\"isPartOf\":{\"@id\":\"https:\\\/\\\/cardinal-tapes.com\\\/#website\"},\"datePublished\":\"2023-06-02T09:00:25+00:00\",\"dateModified\":\"2023-06-16T13:57:16+00:00\",\"description\":\"Como socio comercial de tecnolog\u00eda adhesiva ya preparada, cardinal TAPES apoya la producci\u00f3n y el procesamiento del aluminio con sus cintas adhesivas. M\u00e1s informaci\u00f3n sobre las caracter\u00edsticas especiales.\",\"breadcrumb\":{\"@id\":\"https:\\\/\\\/cardinal-tapes.com\\\/es\\\/cintas-adhesivas-es\\\/ambitos-de-aplicacion\\\/produccion-y-transformacion-del-aluminio\\\/#breadcrumb\"},\"inLanguage\":\"es\",\"potentialAction\":[{\"@type\":\"ReadAction\",\"target\":[\"https:\\\/\\\/cardinal-tapes.com\\\/es\\\/cintas-adhesivas-es\\\/ambitos-de-aplicacion\\\/produccion-y-transformacion-del-aluminio\\\/\"]}]},{\"@type\":\"BreadcrumbList\",\"@id\":\"https:\\\/\\\/cardinal-tapes.com\\\/es\\\/cintas-adhesivas-es\\\/ambitos-de-aplicacion\\\/produccion-y-transformacion-del-aluminio\\\/#breadcrumb\",\"itemListElement\":[{\"@type\":\"ListItem\",\"position\":1,\"name\":\"Startseite\",\"item\":\"https:\\\/\\\/cardinal-tapes.com\\\/es\\\/\"},{\"@type\":\"ListItem\",\"position\":2,\"name\":\"Cintas adhesivas\",\"item\":\"https:\\\/\\\/cardinal-tapes.com\\\/es\\\/cintas-adhesivas-es\\\/\"},{\"@type\":\"ListItem\",\"position\":3,\"name\":\"\u00c1mbitos de aplicaci\u00f3n\",\"item\":\"https:\\\/\\\/cardinal-tapes.com\\\/es\\\/cintas-adhesivas-es__trashed\\\/ambitos-de-aplicacion\\\/\"},{\"@type\":\"ListItem\",\"position\":4,\"name\":\"Producci\u00f3n y transformaci\u00f3n del aluminio\"}]},{\"@type\":\"WebSite\",\"@id\":\"https:\\\/\\\/cardinal-tapes.com\\\/#website\",\"url\":\"https:\\\/\\\/cardinal-tapes.com\\\/\",\"name\":\"cardinal TAPES\",\"description\":\"Klebetechnik aus Wuppertal\",\"potentialAction\":[{\"@type\":\"SearchAction\",\"target\":{\"@type\":\"EntryPoint\",\"urlTemplate\":\"https:\\\/\\\/cardinal-tapes.com\\\/?s={search_term_string}\"},\"query-input\":{\"@type\":\"PropertyValueSpecification\",\"valueRequired\":true,\"valueName\":\"search_term_string\"}}],\"inLanguage\":\"es\"}]}<\/script>\n<!-- \/ Yoast SEO plugin. -->","yoast_head_json":{"title":"Cintas adhesivas para la producci\u00f3n de aluminio | cardinal TAPES","description":"Como socio comercial de tecnolog\u00eda adhesiva ya preparada, cardinal TAPES apoya la producci\u00f3n y el procesamiento del aluminio con sus cintas adhesivas. M\u00e1s informaci\u00f3n sobre las caracter\u00edsticas especiales.","robots":{"index":"index","follow":"follow","max-snippet":"max-snippet:-1","max-image-preview":"max-image-preview:large","max-video-preview":"max-video-preview:-1"},"canonical":"https:\/\/cardinal-tapes.com\/es\/cintas-adhesivas-es\/ambitos-de-aplicacion\/produccion-y-transformacion-del-aluminio\/","og_locale":"es_ES","og_type":"article","og_title":"Cintas adhesivas para la producci\u00f3n de aluminio | cardinal TAPES","og_description":"Como socio comercial de tecnolog\u00eda adhesiva ya preparada, cardinal TAPES apoya la producci\u00f3n y el procesamiento del aluminio con sus cintas adhesivas. M\u00e1s informaci\u00f3n sobre las caracter\u00edsticas especiales.","og_url":"https:\/\/cardinal-tapes.com\/es\/cintas-adhesivas-es\/ambitos-de-aplicacion\/produccion-y-transformacion-del-aluminio\/","og_site_name":"cardinal TAPES","article_modified_time":"2023-06-16T13:57:16+00:00","twitter_card":"summary_large_image","twitter_misc":{"Tiempo de lectura":"4 minutos"},"schema":{"@context":"https:\/\/schema.org","@graph":[{"@type":"WebPage","@id":"https:\/\/cardinal-tapes.com\/es\/cintas-adhesivas-es\/ambitos-de-aplicacion\/produccion-y-transformacion-del-aluminio\/","url":"https:\/\/cardinal-tapes.com\/es\/cintas-adhesivas-es\/ambitos-de-aplicacion\/produccion-y-transformacion-del-aluminio\/","name":"Cintas adhesivas para la producci\u00f3n de aluminio | cardinal TAPES","isPartOf":{"@id":"https:\/\/cardinal-tapes.com\/#website"},"datePublished":"2023-06-02T09:00:25+00:00","dateModified":"2023-06-16T13:57:16+00:00","description":"Como socio comercial de tecnolog\u00eda adhesiva ya preparada, cardinal TAPES apoya la producci\u00f3n y el procesamiento del aluminio con sus cintas adhesivas. M\u00e1s informaci\u00f3n sobre las caracter\u00edsticas especiales.","breadcrumb":{"@id":"https:\/\/cardinal-tapes.com\/es\/cintas-adhesivas-es\/ambitos-de-aplicacion\/produccion-y-transformacion-del-aluminio\/#breadcrumb"},"inLanguage":"es","potentialAction":[{"@type":"ReadAction","target":["https:\/\/cardinal-tapes.com\/es\/cintas-adhesivas-es\/ambitos-de-aplicacion\/produccion-y-transformacion-del-aluminio\/"]}]},{"@type":"BreadcrumbList","@id":"https:\/\/cardinal-tapes.com\/es\/cintas-adhesivas-es\/ambitos-de-aplicacion\/produccion-y-transformacion-del-aluminio\/#breadcrumb","itemListElement":[{"@type":"ListItem","position":1,"name":"Startseite","item":"https:\/\/cardinal-tapes.com\/es\/"},{"@type":"ListItem","position":2,"name":"Cintas adhesivas","item":"https:\/\/cardinal-tapes.com\/es\/cintas-adhesivas-es\/"},{"@type":"ListItem","position":3,"name":"\u00c1mbitos de aplicaci\u00f3n","item":"https:\/\/cardinal-tapes.com\/es\/cintas-adhesivas-es__trashed\/ambitos-de-aplicacion\/"},{"@type":"ListItem","position":4,"name":"Producci\u00f3n y transformaci\u00f3n del aluminio"}]},{"@type":"WebSite","@id":"https:\/\/cardinal-tapes.com\/#website","url":"https:\/\/cardinal-tapes.com\/","name":"cardinal TAPES","description":"Klebetechnik aus Wuppertal","potentialAction":[{"@type":"SearchAction","target":{"@type":"EntryPoint","urlTemplate":"https:\/\/cardinal-tapes.com\/?s={search_term_string}"},"query-input":{"@type":"PropertyValueSpecification","valueRequired":true,"valueName":"search_term_string"}}],"inLanguage":"es"}]}},"_links":{"self":[{"href":"https:\/\/cardinal-tapes.com\/es\/wp-json\/wp\/v2\/pages\/32068","targetHints":{"allow":["GET"]}}],"collection":[{"href":"https:\/\/cardinal-tapes.com\/es\/wp-json\/wp\/v2\/pages"}],"about":[{"href":"https:\/\/cardinal-tapes.com\/es\/wp-json\/wp\/v2\/types\/page"}],"author":[{"embeddable":true,"href":"https:\/\/cardinal-tapes.com\/es\/wp-json\/wp\/v2\/users\/1"}],"replies":[{"embeddable":true,"href":"https:\/\/cardinal-tapes.com\/es\/wp-json\/wp\/v2\/comments?post=32068"}],"version-history":[{"count":0,"href":"https:\/\/cardinal-tapes.com\/es\/wp-json\/wp\/v2\/pages\/32068\/revisions"}],"up":[{"embeddable":true,"href":"https:\/\/cardinal-tapes.com\/es\/wp-json\/wp\/v2\/pages\/30847"}],"wp:attachment":[{"href":"https:\/\/cardinal-tapes.com\/es\/wp-json\/wp\/v2\/media?parent=32068"}],"curies":[{"name":"wp","href":"https:\/\/api.w.org\/{rel}","templated":true}]}}