{"id":31988,"date":"2023-06-02T11:00:24","date_gmt":"2023-06-02T09:00:24","guid":{"rendered":"https:\/\/cardinal.pixel-tal.de\/cintas-adhesivas\/cinta-adhesiva-abc\/cintas-de-flejado\/"},"modified":"2023-06-14T10:47:08","modified_gmt":"2023-06-14T08:47:08","slug":"cintas-de-flejado","status":"publish","type":"page","link":"https:\/\/cardinal-tapes.com\/es\/cintas-adhesivas-es\/cinta-adhesiva-abc\/cintas-de-flejado\/","title":{"rendered":"Cintas de flejado"},"content":{"rendered":"<div id='av_section_1'  class='avia-section av-ct4lcy-12f3ba94e0f9e489996bd75f9c300e20 alternate_color avia-section-default avia-no-border-styling  avia-builder-el-0  el_before_av_section  avia-builder-el-first  avia-bg-style-scroll container_wrap fullsize'  ><div class='container av-section-cont-open' ><main  role=\"main\" itemprop=\"mainContentOfPage\"  class='template-page content  av-content-full alpha units'><div class='post-entry post-entry-type-page post-entry-31988'><div class='entry-content-wrapper clearfix'>\n<div  class='flex_column av-b3083m-5eaa927728ed9bd0a9227dfef11fc5be av_one_full  avia-builder-el-1  el_before_av_one_half  avia-builder-el-first  first flex_column_div  '     ><div class=\"pxl-headline pxl-hl hl-wrap | hl-sub--off hl--align-left hl--no-margin    \">\n        <div class=\"hl-inner\">\n            <h2 class=\"hl-main hl-line |  hl_main--default  \">Cintas de flejado<\/h2>\n            \n    <\/div>\n<\/div><\/div><div  class='flex_column av-un4eq-88c75797a2c4e029af1fccc45e4cf15f av_one_half  avia-builder-el-3  el_after_av_one_full  el_before_av_one_half  first flex_column_div  column-top-margin'     ><section  class='av_textblock_section av-afvyoi-fa1a1fc9f59dc53f448082da8e8d75e5 '   itemscope=\"itemscope\" itemtype=\"https:\/\/schema.org\/CreativeWork\" ><div class='avia_textblock'  itemprop=\"text\" ><p>Las cintas de flejado se utilizan principalmente en la<a href=\"https:\/\/cardinal-tapes.com\/es\/cintas-adhesivas-es\/ambitos-de-aplicacion\/produccion-y-procesamiento-de-peliculas\/\"> industria del embalaje<\/a>. Se utilizan sobre todo para agrupar paquetes largos, tubos, varillas y cables. Las cintas de flejado tambi\u00e9n son muy comunes para fijar objetos en pal\u00e9s. Gracias a las siguientes ventajas, nuestras cintas de flejado son especialmente adecuadas para estos requisitos:<\/p>\n<ul>\n<li>Alta resistencia al desgarro<\/li>\n<li>F\u00e1cil de desenrollar<\/li>\n<li>Alta adherencia<\/li>\n<li>Buena resistencia al impacto<\/li>\n<\/ul>\n<\/div><\/section><\/div><div  class='flex_column av-6svyg2-588869e37b1d58271aec799b6c978c73 av_one_half  avia-builder-el-5  el_after_av_one_half  avia-builder-el-last  flex_column_div  column-top-margin'     ><section  class='av_textblock_section av-7txz4y-ef9050f9a508a73679a055fbc7cf6380 '   itemscope=\"itemscope\" itemtype=\"https:\/\/schema.org\/CreativeWork\" ><div class='avia_textblock'  itemprop=\"text\" ><h4>Nuestras cintas de flejado especiales<\/h4>\n<p>Gracias a nuestros muchos a\u00f1os de experiencia, sabemos exactamente qu\u00e9 cintas de flejado son las m\u00e1s adecuadas para usted. Ampliamos constantemente nuestra gama de productos en nuestro sitio web. Si no encuentra el producto adecuado en este momento, no dude en ponerse en contacto con nosotros. Adem\u00e1s, <a href=\"https:\/\/cardinal-tapes.com\/es\/embalaje\/\">confeccionamos<\/a> cintas de flejado para poder satisfacer tambi\u00e9n requisitos especiales.<\/p>\n<\/div><\/section><\/div>\n\n<\/div><\/div><\/main><!-- close content main element --><\/div><\/div><div id='av_section_2'  class='avia-section av-5g5ev6-00f0abb281cd3707f5b2f84accfe54db main_color avia-section-default avia-no-border-styling  avia-builder-el-7  el_after_av_section  avia-builder-el-last  gradient-section avia-bg-style-scroll container_wrap fullsize'  ><div class='container av-section-cont-open' ><div class='template-page content  av-content-full alpha units'><div class='post-entry post-entry-type-page post-entry-31988'><div class='entry-content-wrapper clearfix'>\n<div  class='flex_column av-4p5maq-9ba43533fa9090997df4e092959e9e13 av_one_full  avia-builder-el-8  avia-builder-el-no-sibling  first flex_column_div  '     ><p><div class=\"pxl-headline pxl-hl hl-wrap | hl-sub--off hl--align-left hl--no-margin    \">\n        <div class=\"hl-inner\">\n            <h2 class=\"hl-main hl-line |  hl_main--default  \">Productos interesantes<\/h2>\n            \n    <\/div>\n<\/div>\n<br \/>\n<div   data-autoplay=''  data-interval='5'  data-animation='fade'  data-hoverpause='1'  class='template-shop avia-content-slider avia-content-slider-active avia-product-slider1 avia-content-slider-even  avia-builder-el-10  el_after_pixel_sc_headline  el_before_av_button   shop_columns_4' ><div class='avia-content-slider-inner'><ul class=\"products slide-entry-wrap\"><li class=\"product type-product post-54753 status-publish first instock product_cat-cintas-adhesivas-de-una-cara product_cat-film-pp product_cat-cinta-de-flejado product_cat-produccion-transformacion-del-aluminio product_cat-industria-del-automovil product_cat-industria-del-hormigon product_cat-industria-del-plastico product_cat-acero-y-vidrio has-post-thumbnail taxable shipping-taxable purchasable product-type-variable\">\n\t<div class='inner_product main_color wrapped_style noLightbox  av-product-class-no_button'><a href=\"https:\/\/cardinal-tapes.com\/es\/cintas-adhesivas\/cintas-adhesivas-de-una-cara\/film-pp\/ca-25-pp-cinta-de-flejado\/\" class=\"woocommerce-LoopProduct-link woocommerce-loop-product__link\"><div class=\"thumbnail_container\"><img decoding=\"async\" loading=\"lazy\" width=\"450\" height=\"450\" src=\"https:\/\/cardinal-tapes.com\/wp-content\/uploads\/CA_25-1-450x450.jpg\" class=\"wp-image-26843 avia-img-lazy-loading-26843 attachment-shop_catalog size-shop_catalog wp-post-image\" alt=\"Cinta adhesiva para flejes de PP CA-25 - unilateral, Pel\u00edcula MOPP, Caucho natural - Ilustraci\u00f3n 26843\" srcset=\"https:\/\/cardinal-tapes.com\/wp-content\/uploads\/CA_25-1-450x450.jpg 450w, https:\/\/cardinal-tapes.com\/wp-content\/uploads\/CA_25-1-120x120.jpg 120w, https:\/\/cardinal-tapes.com\/wp-content\/uploads\/CA_25-1-80x80.jpg 80w, https:\/\/cardinal-tapes.com\/wp-content\/uploads\/CA_25-1-200x200.jpg 200w, https:\/\/cardinal-tapes.com\/wp-content\/uploads\/CA_25-1-768x768.jpg 768w, https:\/\/cardinal-tapes.com\/wp-content\/uploads\/CA_25-1-1030x1030.jpg 1030w, https:\/\/cardinal-tapes.com\/wp-content\/uploads\/CA_25-1-36x36.jpg 36w, https:\/\/cardinal-tapes.com\/wp-content\/uploads\/CA_25-1-180x180.jpg 180w, https:\/\/cardinal-tapes.com\/wp-content\/uploads\/CA_25-1-705x705.jpg 705w, https:\/\/cardinal-tapes.com\/wp-content\/uploads\/CA_25-1-100x100.jpg 100w, https:\/\/cardinal-tapes.com\/wp-content\/uploads\/CA_25-1.jpg 1400w\" sizes=\"auto, (max-width: 450px) 100vw, 450px\" \/><\/div><div class='inner_product_header'><div class='avia-arrow'><\/div><div class='inner_product_header_table'><div class='inner_product_header_cell'><span class=\"is-h2 woocommerce-loop-product__title\">Cinta adhesiva para flejes de PP CA-25<\/span>\t\t<div class=\"product-infos\">\n\t\t\t\t\t\t\t<span class='product-infos__item'><b>Revestimiento:<\/b> unilateral<\/span>\n\t\t\t\t\t\t\t\t\t\t<span class='product-infos__item'><b>Tipo de material:<\/b> Pel\u00edcula MOPP<\/span>\n\t\t\t\t\t\t\t\t\t\t<span class='product-infos__item'><b>Fabricante:<\/b> cardinal GmbH<\/span>\n\t\t\t\t\t\t\t\t\t\t<span class='product-infos__item'><b>Precio a la carta<\/b><\/span>\n\t\t\t\t\t<\/div>\n\t<\/div><\/div><\/div><\/a><\/div><\/li>\n<li class=\"product type-product post-54305 status-publish instock product_cat-cinta-de-flejado product_cat-produccion-transformacion-del-aluminio product_cat-industria-del-automovil product_cat-industria-del-hormigon product_cat-industria-del-plastico product_cat-acero-y-vidrio product_cat-cintas-adhesivas-de-una-cara product_cat-film-pp has-post-thumbnail taxable shipping-taxable purchasable product-type-variable\">\n\t<div class='inner_product main_color wrapped_style noLightbox  av-product-class-no_button'><a href=\"https:\/\/cardinal-tapes.com\/es\/cintas-adhesivas\/cintas-adhesivas-de-una-cara\/film-pp\/ca-23-pp-cinta-de-flejado\/\" class=\"woocommerce-LoopProduct-link woocommerce-loop-product__link\"><div class=\"thumbnail_container\"><img decoding=\"async\" loading=\"lazy\" width=\"450\" height=\"450\" src=\"https:\/\/cardinal-tapes.com\/wp-content\/uploads\/CA_23-450x450.jpg\" class=\"wp-image-26839 avia-img-lazy-loading-26839 attachment-shop_catalog size-shop_catalog wp-post-image\" alt=\"Cinta adhesiva para flejes de PP CA-23 - unilateral, Pel\u00edcula MOPP, Acr\u00edlico - Ilustraci\u00f3n 26839\" srcset=\"https:\/\/cardinal-tapes.com\/wp-content\/uploads\/CA_23-450x450.jpg 450w, https:\/\/cardinal-tapes.com\/wp-content\/uploads\/CA_23-120x120.jpg 120w, https:\/\/cardinal-tapes.com\/wp-content\/uploads\/CA_23-80x80.jpg 80w, https:\/\/cardinal-tapes.com\/wp-content\/uploads\/CA_23-200x200.jpg 200w, https:\/\/cardinal-tapes.com\/wp-content\/uploads\/CA_23-768x768.jpg 768w, https:\/\/cardinal-tapes.com\/wp-content\/uploads\/CA_23-1030x1030.jpg 1030w, https:\/\/cardinal-tapes.com\/wp-content\/uploads\/CA_23-36x36.jpg 36w, https:\/\/cardinal-tapes.com\/wp-content\/uploads\/CA_23-180x180.jpg 180w, https:\/\/cardinal-tapes.com\/wp-content\/uploads\/CA_23-705x705.jpg 705w, https:\/\/cardinal-tapes.com\/wp-content\/uploads\/CA_23-100x100.jpg 100w, https:\/\/cardinal-tapes.com\/wp-content\/uploads\/CA_23.jpg 1400w\" sizes=\"auto, (max-width: 450px) 100vw, 450px\" \/><\/div><div class='inner_product_header'><div class='avia-arrow'><\/div><div class='inner_product_header_table'><div class='inner_product_header_cell'><span class=\"is-h2 woocommerce-loop-product__title\">Cinta adhesiva para flejes de PP CA-23<\/span>\t\t<div class=\"product-infos\">\n\t\t\t\t\t\t\t<span class='product-infos__item'><b>Revestimiento:<\/b> unilateral<\/span>\n\t\t\t\t\t\t\t\t\t\t<span class='product-infos__item'><b>Tipo de material:<\/b> Pel\u00edcula MOPP<\/span>\n\t\t\t\t\t\t\t\t\t\t<span class='product-infos__item'><b>Fabricante:<\/b> cardinal GmbH<\/span>\n\t\t\t\t\t\t\t\t\t\t<span class='product-infos__item'><b>Precio a la carta<\/b><\/span>\n\t\t\t\t\t<\/div>\n\t<\/div><\/div><\/div><\/a><\/div><\/li>\n<li class=\"product type-product post-58049 status-publish outofstock product_cat-cinta-de-flejado product_cat-acero-y-vidrio product_cat-cintas-adhesivas-de-una-cara has-post-thumbnail taxable shipping-taxable purchasable product-type-variable\">\n\t<div class='inner_product main_color wrapped_style noLightbox  av-product-class-no_button'><a href=\"https:\/\/cardinal-tapes.com\/es\/cintas-adhesivas\/cintas-adhesivas-de-una-cara\/cinta-de-flejado\/tesa-4289-strapping-tape\/\" class=\"woocommerce-LoopProduct-link woocommerce-loop-product__link\"><div class=\"thumbnail_container\"><img decoding=\"async\" loading=\"lazy\" width=\"450\" height=\"450\" src=\"https:\/\/cardinal-tapes.com\/wp-content\/uploads\/tesa-04289-450x450.jpg\" class=\"wp-image-26459 avia-img-lazy-loading-26459 attachment-shop_catalog size-shop_catalog wp-post-image\" alt=\"cinta de flejado tesa\u00ae 4289 - unilateral, Pel\u00edcula MOPP, Caucho natural - Ilustraci\u00f3n 26459\" srcset=\"https:\/\/cardinal-tapes.com\/wp-content\/uploads\/tesa-04289-450x450.jpg 450w, https:\/\/cardinal-tapes.com\/wp-content\/uploads\/tesa-04289-120x120.jpg 120w, https:\/\/cardinal-tapes.com\/wp-content\/uploads\/tesa-04289-80x80.jpg 80w, https:\/\/cardinal-tapes.com\/wp-content\/uploads\/tesa-04289-200x200.jpg 200w, https:\/\/cardinal-tapes.com\/wp-content\/uploads\/tesa-04289-36x36.jpg 36w, https:\/\/cardinal-tapes.com\/wp-content\/uploads\/tesa-04289-180x180.jpg 180w, https:\/\/cardinal-tapes.com\/wp-content\/uploads\/tesa-04289-100x100.jpg 100w, https:\/\/cardinal-tapes.com\/wp-content\/uploads\/tesa-04289.jpg 600w\" sizes=\"auto, (max-width: 450px) 100vw, 450px\" \/><\/div><div class='inner_product_header'><div class='avia-arrow'><\/div><div class='inner_product_header_table'><div class='inner_product_header_cell'><span class=\"is-h2 woocommerce-loop-product__title\">cinta de flejado tesa\u00ae 4289<\/span>\t\t<div class=\"product-infos\">\n\t\t\t\t\t\t\t<span class='product-infos__item'><b>Revestimiento:<\/b> unilateral<\/span>\n\t\t\t\t\t\t\t\t\t\t<span class='product-infos__item'><b>Tipo de material:<\/b> Pel\u00edcula MOPP<\/span>\n\t\t\t\t\t\t\t\t\t\t<span class='product-infos__item'><b>Fabricante:<\/b> tesa<\/span>\n\t\t\t\t\t\t\t\t\t\t<span class='product-infos__item'><b>Precio a la carta<\/b><\/span>\n\t\t\t\t\t<\/div>\n\t<\/div><\/div><\/div><\/a><\/div><\/li>\n<li class=\"product type-product post-52595 status-publish last instock product_cat-cintas-adhesivas-de-una-cara product_cat-cinta-de-flejado product_cat-sistemas-de-envasado has-post-thumbnail taxable shipping-taxable purchasable product-type-variable\">\n\t<div class='inner_product main_color wrapped_style noLightbox  av-product-class-no_button'><a href=\"https:\/\/cardinal-tapes.com\/es\/cintas-adhesivas\/cintas-adhesivas-de-una-cara\/cinta-de-flejado\/tesa-4590-cinta-adhesiva-de-monofilamento-universal\/\" class=\"woocommerce-LoopProduct-link woocommerce-loop-product__link\"><div class=\"thumbnail_container\"><img decoding=\"async\" loading=\"lazy\" width=\"450\" height=\"450\" src=\"https:\/\/cardinal-tapes.com\/wp-content\/uploads\/tesa-04590-450x450.jpg\" class=\"wp-image-26075 avia-img-lazy-loading-26075 attachment-shop_catalog size-shop_catalog wp-post-image\" alt=\"tesa\u00ae 4590 Cinta adhesiva monofilamento universal - unilateral, Pel\u00edcula PET (reforzada con fibra de vidrio), Caucho sint\u00e9tico - Ilustraci\u00f3n 26075\" srcset=\"https:\/\/cardinal-tapes.com\/wp-content\/uploads\/tesa-04590-450x450.jpg 450w, https:\/\/cardinal-tapes.com\/wp-content\/uploads\/tesa-04590-120x120.jpg 120w, https:\/\/cardinal-tapes.com\/wp-content\/uploads\/tesa-04590-80x80.jpg 80w, https:\/\/cardinal-tapes.com\/wp-content\/uploads\/tesa-04590-200x200.jpg 200w, https:\/\/cardinal-tapes.com\/wp-content\/uploads\/tesa-04590-36x36.jpg 36w, https:\/\/cardinal-tapes.com\/wp-content\/uploads\/tesa-04590-180x180.jpg 180w, https:\/\/cardinal-tapes.com\/wp-content\/uploads\/tesa-04590-100x100.jpg 100w, https:\/\/cardinal-tapes.com\/wp-content\/uploads\/tesa-04590.jpg 600w\" sizes=\"auto, (max-width: 450px) 100vw, 450px\" \/><\/div><div class='inner_product_header'><div class='avia-arrow'><\/div><div class='inner_product_header_table'><div class='inner_product_header_cell'><span class=\"is-h2 woocommerce-loop-product__title\">tesa\u00ae 4590 Cinta adhesiva monofilamento universal<\/span>\t\t<div class=\"product-infos\">\n\t\t\t\t\t\t\t<span class='product-infos__item'><b>Revestimiento:<\/b> unilateral<\/span>\n\t\t\t\t\t\t\t\t\t\t<span class='product-infos__item'><b>Tipo de material:<\/b> Pel\u00edcula PET (reforzada con fibra de vidrio)<\/span>\n\t\t\t\t\t\t\t\t\t\t<span class='product-infos__item'><b>Fabricante:<\/b> tesa<\/span>\n\t\t\t\t\t\t\t\t\t\t<span class='product-infos__item'><b>Precio a la carta<\/b><\/span>\n\t\t\t\t\t<\/div>\n\t<\/div><\/div><\/div><\/a><\/div><\/li>\n<\/ul><\/div><\/div><div class=\"clear\"><\/div><br \/>\n<div  class='avia-button-wrap av-1yeg6q-bfc0664ea1b68aad3decdd30c984f17d-wrap avia-button-left '><a href='https:\/\/cardinal-tapes.com\/klebebaender\/'  class='avia-button av-1yeg6q-bfc0664ea1b68aad3decdd30c984f17d avia-icon_select-no avia-size-medium avia-position-left avia-color-theme-color layout-border color-white'  ><span class='avia_iconbox_title' >Todos los productos<\/span><\/a><\/div><\/p><\/div>\n","protected":false},"excerpt":{"rendered":"","protected":false},"author":1,"featured_media":0,"parent":30710,"menu_order":33,"comment_status":"closed","ping_status":"closed","template":"","meta":{"_acf_changed":false,"footnotes":""},"class_list":["post-31988","page","type-page","status-publish","hentry"],"acf":[],"yoast_head":"<!-- This site is optimized with the Yoast SEO plugin v27.3 - https:\/\/yoast.com\/product\/yoast-seo-wordpress\/ -->\n<title>Cintas de flejado - cardinal TAPES<\/title>\n<meta name=\"description\" content=\"Las cintas de flejado se utilizan principalmente en la industria del embalaje. Se utilizan sobre todo para agrupar paquetes largos, tubos, varillas y cables.\" \/>\n<meta name=\"robots\" content=\"index, follow, max-snippet:-1, max-image-preview:large, max-video-preview:-1\" \/>\n<link rel=\"canonical\" href=\"https:\/\/cardinal-tapes.com\/es\/cintas-adhesivas-es\/cinta-adhesiva-abc\/cintas-de-flejado\/\" \/>\n<meta property=\"og:locale\" content=\"es_ES\" \/>\n<meta property=\"og:type\" content=\"article\" \/>\n<meta property=\"og:title\" content=\"Cintas de flejado - cardinal TAPES\" \/>\n<meta property=\"og:description\" content=\"Las cintas de flejado se utilizan principalmente en la industria del embalaje. Se utilizan sobre todo para agrupar paquetes largos, tubos, varillas y cables.\" \/>\n<meta property=\"og:url\" content=\"https:\/\/cardinal-tapes.com\/es\/cintas-adhesivas-es\/cinta-adhesiva-abc\/cintas-de-flejado\/\" \/>\n<meta property=\"og:site_name\" content=\"cardinal TAPES\" \/>\n<meta property=\"article:modified_time\" content=\"2023-06-14T08:47:08+00:00\" \/>\n<meta name=\"twitter:card\" content=\"summary_large_image\" \/>\n<meta name=\"twitter:label1\" content=\"Tiempo de lectura\" \/>\n\t<meta name=\"twitter:data1\" content=\"14 minutos\" \/>\n<script type=\"application\/ld+json\" class=\"yoast-schema-graph\">{\"@context\":\"https:\\\/\\\/schema.org\",\"@graph\":[{\"@type\":\"WebPage\",\"@id\":\"https:\\\/\\\/cardinal-tapes.com\\\/es\\\/cintas-adhesivas-es\\\/cinta-adhesiva-abc\\\/cintas-de-flejado\\\/\",\"url\":\"https:\\\/\\\/cardinal-tapes.com\\\/es\\\/cintas-adhesivas-es\\\/cinta-adhesiva-abc\\\/cintas-de-flejado\\\/\",\"name\":\"Cintas de flejado - cardinal TAPES\",\"isPartOf\":{\"@id\":\"https:\\\/\\\/cardinal-tapes.com\\\/#website\"},\"datePublished\":\"2023-06-02T09:00:24+00:00\",\"dateModified\":\"2023-06-14T08:47:08+00:00\",\"description\":\"Las cintas de flejado se utilizan principalmente en la industria del embalaje. Se utilizan sobre todo para agrupar paquetes largos, tubos, varillas y cables.\",\"breadcrumb\":{\"@id\":\"https:\\\/\\\/cardinal-tapes.com\\\/es\\\/cintas-adhesivas-es\\\/cinta-adhesiva-abc\\\/cintas-de-flejado\\\/#breadcrumb\"},\"inLanguage\":\"es\",\"potentialAction\":[{\"@type\":\"ReadAction\",\"target\":[\"https:\\\/\\\/cardinal-tapes.com\\\/es\\\/cintas-adhesivas-es\\\/cinta-adhesiva-abc\\\/cintas-de-flejado\\\/\"]}]},{\"@type\":\"BreadcrumbList\",\"@id\":\"https:\\\/\\\/cardinal-tapes.com\\\/es\\\/cintas-adhesivas-es\\\/cinta-adhesiva-abc\\\/cintas-de-flejado\\\/#breadcrumb\",\"itemListElement\":[{\"@type\":\"ListItem\",\"position\":1,\"name\":\"Startseite\",\"item\":\"https:\\\/\\\/cardinal-tapes.com\\\/es\\\/\"},{\"@type\":\"ListItem\",\"position\":2,\"name\":\"Cintas adhesivas\",\"item\":\"https:\\\/\\\/cardinal-tapes.com\\\/es\\\/cintas-adhesivas-es\\\/\"},{\"@type\":\"ListItem\",\"position\":3,\"name\":\"Cinta adhesiva ABC\",\"item\":\"https:\\\/\\\/cardinal-tapes.com\\\/es\\\/cintas-adhesivas-es__trashed\\\/cinta-adhesiva-abc\\\/\"},{\"@type\":\"ListItem\",\"position\":4,\"name\":\"Cintas de flejado\"}]},{\"@type\":\"WebSite\",\"@id\":\"https:\\\/\\\/cardinal-tapes.com\\\/#website\",\"url\":\"https:\\\/\\\/cardinal-tapes.com\\\/\",\"name\":\"cardinal TAPES\",\"description\":\"Klebetechnik aus Wuppertal\",\"potentialAction\":[{\"@type\":\"SearchAction\",\"target\":{\"@type\":\"EntryPoint\",\"urlTemplate\":\"https:\\\/\\\/cardinal-tapes.com\\\/?s={search_term_string}\"},\"query-input\":{\"@type\":\"PropertyValueSpecification\",\"valueRequired\":true,\"valueName\":\"search_term_string\"}}],\"inLanguage\":\"es\"}]}<\/script>\n<!-- \/ Yoast SEO plugin. -->","yoast_head_json":{"title":"Cintas de flejado - cardinal TAPES","description":"Las cintas de flejado se utilizan principalmente en la industria del embalaje. Se utilizan sobre todo para agrupar paquetes largos, tubos, varillas y cables.","robots":{"index":"index","follow":"follow","max-snippet":"max-snippet:-1","max-image-preview":"max-image-preview:large","max-video-preview":"max-video-preview:-1"},"canonical":"https:\/\/cardinal-tapes.com\/es\/cintas-adhesivas-es\/cinta-adhesiva-abc\/cintas-de-flejado\/","og_locale":"es_ES","og_type":"article","og_title":"Cintas de flejado - cardinal TAPES","og_description":"Las cintas de flejado se utilizan principalmente en la industria del embalaje. Se utilizan sobre todo para agrupar paquetes largos, tubos, varillas y cables.","og_url":"https:\/\/cardinal-tapes.com\/es\/cintas-adhesivas-es\/cinta-adhesiva-abc\/cintas-de-flejado\/","og_site_name":"cardinal TAPES","article_modified_time":"2023-06-14T08:47:08+00:00","twitter_card":"summary_large_image","twitter_misc":{"Tiempo de lectura":"14 minutos"},"schema":{"@context":"https:\/\/schema.org","@graph":[{"@type":"WebPage","@id":"https:\/\/cardinal-tapes.com\/es\/cintas-adhesivas-es\/cinta-adhesiva-abc\/cintas-de-flejado\/","url":"https:\/\/cardinal-tapes.com\/es\/cintas-adhesivas-es\/cinta-adhesiva-abc\/cintas-de-flejado\/","name":"Cintas de flejado - cardinal TAPES","isPartOf":{"@id":"https:\/\/cardinal-tapes.com\/#website"},"datePublished":"2023-06-02T09:00:24+00:00","dateModified":"2023-06-14T08:47:08+00:00","description":"Las cintas de flejado se utilizan principalmente en la industria del embalaje. Se utilizan sobre todo para agrupar paquetes largos, tubos, varillas y cables.","breadcrumb":{"@id":"https:\/\/cardinal-tapes.com\/es\/cintas-adhesivas-es\/cinta-adhesiva-abc\/cintas-de-flejado\/#breadcrumb"},"inLanguage":"es","potentialAction":[{"@type":"ReadAction","target":["https:\/\/cardinal-tapes.com\/es\/cintas-adhesivas-es\/cinta-adhesiva-abc\/cintas-de-flejado\/"]}]},{"@type":"BreadcrumbList","@id":"https:\/\/cardinal-tapes.com\/es\/cintas-adhesivas-es\/cinta-adhesiva-abc\/cintas-de-flejado\/#breadcrumb","itemListElement":[{"@type":"ListItem","position":1,"name":"Startseite","item":"https:\/\/cardinal-tapes.com\/es\/"},{"@type":"ListItem","position":2,"name":"Cintas adhesivas","item":"https:\/\/cardinal-tapes.com\/es\/cintas-adhesivas-es\/"},{"@type":"ListItem","position":3,"name":"Cinta adhesiva ABC","item":"https:\/\/cardinal-tapes.com\/es\/cintas-adhesivas-es__trashed\/cinta-adhesiva-abc\/"},{"@type":"ListItem","position":4,"name":"Cintas de flejado"}]},{"@type":"WebSite","@id":"https:\/\/cardinal-tapes.com\/#website","url":"https:\/\/cardinal-tapes.com\/","name":"cardinal TAPES","description":"Klebetechnik aus Wuppertal","potentialAction":[{"@type":"SearchAction","target":{"@type":"EntryPoint","urlTemplate":"https:\/\/cardinal-tapes.com\/?s={search_term_string}"},"query-input":{"@type":"PropertyValueSpecification","valueRequired":true,"valueName":"search_term_string"}}],"inLanguage":"es"}]}},"_links":{"self":[{"href":"https:\/\/cardinal-tapes.com\/es\/wp-json\/wp\/v2\/pages\/31988","targetHints":{"allow":["GET"]}}],"collection":[{"href":"https:\/\/cardinal-tapes.com\/es\/wp-json\/wp\/v2\/pages"}],"about":[{"href":"https:\/\/cardinal-tapes.com\/es\/wp-json\/wp\/v2\/types\/page"}],"author":[{"embeddable":true,"href":"https:\/\/cardinal-tapes.com\/es\/wp-json\/wp\/v2\/users\/1"}],"replies":[{"embeddable":true,"href":"https:\/\/cardinal-tapes.com\/es\/wp-json\/wp\/v2\/comments?post=31988"}],"version-history":[{"count":0,"href":"https:\/\/cardinal-tapes.com\/es\/wp-json\/wp\/v2\/pages\/31988\/revisions"}],"up":[{"embeddable":true,"href":"https:\/\/cardinal-tapes.com\/es\/wp-json\/wp\/v2\/pages\/30710"}],"wp:attachment":[{"href":"https:\/\/cardinal-tapes.com\/es\/wp-json\/wp\/v2\/media?parent=31988"}],"curies":[{"name":"wp","href":"https:\/\/api.w.org\/{rel}","templated":true}]}}