{"id":31954,"date":"2017-12-07T14:36:37","date_gmt":"2017-12-07T13:36:37","guid":{"rendered":"https:\/\/cardinal.pixel-tal.de\/cintas-adhesivas\/ambitos-de-aplicacion\/industria-del-mueble\/"},"modified":"2023-06-16T16:33:00","modified_gmt":"2023-06-16T14:33:00","slug":"industria-del-mueble","status":"publish","type":"page","link":"https:\/\/cardinal-tapes.com\/es\/cintas-adhesivas-es\/ambitos-de-aplicacion\/industria-del-mueble\/","title":{"rendered":"Industria del mueble"},"content":{"rendered":"\t\t\t<div class=\"headerimage-section has-image  \">\n\t\t\t\t\t\t\t\t\t\t\t\t<div class=\"headerimage__bg overlay\" style=\"background-image: url('https:\/\/cardinal-tapes.com\/wp-content\/uploads\/cardinal_kopfbild_moebelindustrie-scaled.jpg'); background-repeat: no-repeat; background-position: center; background-size: cover;\"><\/div>\n\t\t\t\t\t\t\t\t\t\t\t\t<div class=\"container\">\n\t\t\t\t\t<div class=\"headerimage__inner\">\n\t\t\t\t\t\t<h1 class=\"headerimage__headline\">Cintas adhesivas y sistemas adhesivos<\/h1>\t\t\t\t\t\t<span class=\"headerimage__subheadline\">para garantizar un transporte seguro<\/span>\t\t\t\t\t\t\t\t\t\t\t<\/div>\n\t\t\t\t\t\t\t\t\t<\/div>\n\t\t\t<\/div>\n\t\t\t\n<\/div><\/div><\/div><!-- close content main div --><\/div><\/div><div id='av_section_1'  class='avia-section av-141vor-1191c4760a9c62ca71b27067aa2b8cbc alternate_color avia-section-default avia-no-border-styling  avia-builder-el-1  el_after_pixel_headimage  el_before_av_section  avia-bg-style-scroll container_wrap fullsize'  ><div class='container av-section-cont-open' ><div class='template-page content  av-content-full alpha units'><div class='post-entry post-entry-type-page post-entry-31954'><div class='entry-content-wrapper clearfix'>\n<div  class='flex_column av-v4jsb-e8ca46acb719c38af470bc2bcd22b4b2 av_two_third  avia-builder-el-2  avia-builder-el-no-sibling  max-width-col two-third first flex_column_div av-animated-generic left-to-right  '     ><p><div class=\"pxl-headline pxl-hl hl-wrap | hl-sub--bot hl--align-left hl--std-margin    \">\n        <div class=\"hl-inner\">\n            <h2 class=\"hl-main hl-line |  hl_main--default  \">Cintas adhesivas para la industria del mueble<\/h2>\n            <span class=\"hl-sub hl-line |  hl_sub--default  \">Requisitos exigentes, soluciones a medida <\/span>\n    <\/div>\n<\/div>\n<br \/>\n<section  class='av_textblock_section av-lhov47xr-79cf85501edab1173d0b0f74dd62f3c7 '   itemscope=\"itemscope\" itemtype=\"https:\/\/schema.org\/CreativeWork\" ><div class='avia_textblock'  itemprop=\"text\" ><p>En la industria del mueble, las cintas adhesivas duraderas son especialmente demandadas para el transporte. Las cintas adhesivas se utilizan a menudo para proteger los muebles durante el transporte, pero tambi\u00e9n para proteger los marcos de puertas y ventanas de la suciedad y los da\u00f1os.<\/p>\n<p>Las cintas adhesivas adecuadas se reconocen porque se adhieren de forma fiable a superficies impregnadas, pintadas y sin pintar. Especialmente en la industria del mueble, es necesario averiguar qu\u00e9 tareas debe cumplir la cinta adhesiva deseada. \u00bfEl mobiliario que se va a transportar tiene superficies lisas o rugosas? \u00bfEs posible volver a cambiar la posici\u00f3n de la cinta? En este caso, recomendar\u00edamos cintas adhesivas con adhesivos d\u00e9biles para proteger el sustrato del mueble y tambi\u00e9n para facilitar la retirada de las cintas.<\/p>\n<p>Como socio comercial profesional de diversas marcas, consideramos que es nuestro deber conocer muy bien las caracter\u00edsticas de producto de nuestras cintas adhesivas y poder asesorar a nuestros clientes de la forma m\u00e1s satisfactoria posible. El mercado de <a title=\"Cardinal GmbH - Su socio en tecnolog\u00eda de adhesi\u00f3n\" href=\"\/klebebaender\/\">cintas adhesivas<\/a> y <a title=\"Haga clic aqu\u00ed para obtener m\u00e1s informaci\u00f3n sobre adhesivos l\u00edquidos\" href=\"\/?product_cat=kleb-und-dichtmassen\" target=\"_blank\" rel=\"nofollow\">adhesivos<\/a> l\u00edquidos cuenta con una amplia gama de tecnolog\u00edas adhesivas de \u00faltima generaci\u00f3n.<\/p>\n<p>Si tiene alguna duda, estaremos encantados de asesorarle personalmente. P\u00f3ngase en contacto con nosotros por <a class=\"telelink\" title=\"Contacto telef\u00f3nico Cardinal GmbH\" href=\"tel:+490202266850\" target=\"_blank\" rel=\"nofollow\"> tel\u00e9fono<\/a> o utilice nuestro <a title=\"Utilice ahora nuestro formulario de contacto para obtener asesoramiento profesional\" href=\"\/ueber-cardinal\/kontakt\/\">formulario de consulta<\/a>. \u00a1Le esperamos!<\/p>\n<\/div><\/section><\/p><\/div>\n\n<\/div><\/div><\/div><!-- close content main div --><\/div><\/div><div id='av_section_2'  class='avia-section av-s37tv-8a3aebdec115c65fda902e46d67a76b8 main_color avia-section-default avia-no-border-styling  avia-builder-el-5  el_after_av_section  avia-builder-el-last  gradient-section avia-bg-style-scroll container_wrap fullsize'  ><div class='container av-section-cont-open' ><div class='template-page content  av-content-full alpha units'><div class='post-entry post-entry-type-page post-entry-31954'><div class='entry-content-wrapper clearfix'>\n<div  class='flex_column av-2bt97-b7ce5c1029baf2b42a23d49df63aa047 av_one_full  avia-builder-el-6  avia-builder-el-no-sibling  first flex_column_div av-animated-generic left-to-right  '     ><p><div class=\"pxl-headline pxl-hl hl-wrap | hl-sub--bot hl--align-left hl--no-margin    \">\n        <div class=\"hl-inner\">\n            <h2 class=\"hl-main hl-line |  hl_main--default  \">Productos destacados<\/h2>\n            <span class=\"hl-sub hl-line |  hl_sub--default  \">Innovador y de alta calidad<\/span>\n    <\/div>\n<\/div>\n<br \/>\n<div   data-autoplay=''  data-interval='5'  data-animation='fade'  data-hoverpause='1'  class='template-shop avia-content-slider avia-content-slider-active avia-product-slider1 avia-content-slider-even  avia-builder-el-8  el_after_pixel_sc_headline  el_before_av_button   shop_columns_4' ><div class='avia-content-slider-inner'><ul class=\"products slide-entry-wrap\"><li class=\"product type-product post-55998 status-publish first instock product_cat-cintas-adhesivas-de-una-cara product_cat-ambitos-de-aplicacion product_cat-calefaccion-y-aire-acondicionado product_cat-ingenieria-mecanica product_cat-industria-del-mueble product_cat-cinta-de-papel product_cat-acero-y-vidrio has-post-thumbnail taxable shipping-taxable purchasable product-type-variable\">\n\t<div class='inner_product main_color wrapped_style noLightbox  av-product-class-no_button'><a href=\"https:\/\/cardinal-tapes.com\/es\/cintas-adhesivas\/ambitos-de-aplicacion\/calefaccion-y-aire-acondicionado\/cinta-crepe-ca-12\/\" class=\"woocommerce-LoopProduct-link woocommerce-loop-product__link\"><div class=\"thumbnail_container\"><img decoding=\"async\" loading=\"lazy\" width=\"450\" height=\"450\" src=\"https:\/\/cardinal-tapes.com\/wp-content\/uploads\/CA_11-12-450x450.jpg\" class=\"wp-image-26823 avia-img-lazy-loading-26823 attachment-shop_catalog size-shop_catalog wp-post-image\" alt=\"Cinta crep\u00e9 plana CA-12 - unilateral, Papel, Caucho natural - Ilustraci\u00f3n 26823\" srcset=\"https:\/\/cardinal-tapes.com\/wp-content\/uploads\/CA_11-12-450x450.jpg 450w, https:\/\/cardinal-tapes.com\/wp-content\/uploads\/CA_11-12-120x120.jpg 120w, https:\/\/cardinal-tapes.com\/wp-content\/uploads\/CA_11-12-80x80.jpg 80w, https:\/\/cardinal-tapes.com\/wp-content\/uploads\/CA_11-12-200x200.jpg 200w, https:\/\/cardinal-tapes.com\/wp-content\/uploads\/CA_11-12-768x768.jpg 768w, https:\/\/cardinal-tapes.com\/wp-content\/uploads\/CA_11-12-1030x1030.jpg 1030w, https:\/\/cardinal-tapes.com\/wp-content\/uploads\/CA_11-12-36x36.jpg 36w, https:\/\/cardinal-tapes.com\/wp-content\/uploads\/CA_11-12-180x180.jpg 180w, https:\/\/cardinal-tapes.com\/wp-content\/uploads\/CA_11-12-705x705.jpg 705w, https:\/\/cardinal-tapes.com\/wp-content\/uploads\/CA_11-12-100x100.jpg 100w, https:\/\/cardinal-tapes.com\/wp-content\/uploads\/CA_11-12.jpg 1400w\" sizes=\"auto, (max-width: 450px) 100vw, 450px\" \/><\/div><div class='inner_product_header'><div class='avia-arrow'><\/div><div class='inner_product_header_table'><div class='inner_product_header_cell'><span class=\"is-h2 woocommerce-loop-product__title\">Cinta crep\u00e9 plana CA-12<\/span>\t\t<div class=\"product-infos\">\n\t\t\t\t\t\t\t<span class='product-infos__item'><b>Revestimiento:<\/b> unilateral<\/span>\n\t\t\t\t\t\t\t\t\t\t<span class='product-infos__item'><b>Tipo de material:<\/b> Papel<\/span>\n\t\t\t\t\t\t\t\t\t\t<span class='product-infos__item'><b>Fabricante:<\/b> cardinal GmbH<\/span>\n\t\t\t\t\t\t\t\t\t\t<span class='product-infos__item'><b>Precio a la carta<\/b><\/span>\n\t\t\t\t\t<\/div>\n\t<\/div><\/div><\/div><\/a><\/div><\/li>\n<li class=\"product type-product post-59162 status-publish instock product_cat-industria-del-mueble product_cat-noticias_tesa product_cat-industria-textil product_cat-cintas-adhesivas-de-doble-cara product_cat-produccion-transformacion-del-aluminio product_cat-industria-del-automovil product_cat-industria-electrica product_cat-produccion-de-peliculas product_cat-industria-del-plastico product_cat-ingenieria-mecanica has-post-thumbnail taxable shipping-taxable purchasable product-type-variable\">\n\t<div class='inner_product main_color wrapped_style noLightbox  av-product-class-no_button'><a href=\"https:\/\/cardinal-tapes.com\/es\/cintas-adhesivas\/ambitos-de-aplicacion\/produccion-transformacion-del-aluminio\/tesa-4965-cinta-adhesiva-doble-cara\/\" class=\"woocommerce-LoopProduct-link woocommerce-loop-product__link\"><div class=\"thumbnail_container\"><img decoding=\"async\" loading=\"lazy\" width=\"450\" height=\"450\" src=\"https:\/\/cardinal-tapes.com\/wp-content\/uploads\/medium-11168653-450x450.jpg\" class=\"wp-image-76428 avia-img-lazy-loading-76428 attachment-shop_catalog size-shop_catalog wp-post-image\" alt=\"tesafix\u00ae 4965 cinta adhesiva de doble cara Next Gen - doble cara, Pel\u00edcula PET, Acr\u00edlico - Ilustraci\u00f3n 76428\" srcset=\"https:\/\/cardinal-tapes.com\/wp-content\/uploads\/medium-11168653-450x450.jpg 450w, https:\/\/cardinal-tapes.com\/wp-content\/uploads\/medium-11168653-100x100.jpg 100w, https:\/\/cardinal-tapes.com\/wp-content\/uploads\/medium-11168653-200x200.jpg 200w, https:\/\/cardinal-tapes.com\/wp-content\/uploads\/medium-11168653-564x564.jpg 564w, https:\/\/cardinal-tapes.com\/wp-content\/uploads\/medium-11168653-80x80.jpg 80w, https:\/\/cardinal-tapes.com\/wp-content\/uploads\/medium-11168653-768x768.jpg 768w, https:\/\/cardinal-tapes.com\/wp-content\/uploads\/medium-11168653-1536x1536.jpg 1536w, https:\/\/cardinal-tapes.com\/wp-content\/uploads\/medium-11168653-2048x2048.jpg 2048w, https:\/\/cardinal-tapes.com\/wp-content\/uploads\/medium-11168653-36x36.jpg 36w, https:\/\/cardinal-tapes.com\/wp-content\/uploads\/medium-11168653-180x180.jpg 180w, https:\/\/cardinal-tapes.com\/wp-content\/uploads\/medium-11168653-1500x1500.jpg 1500w, https:\/\/cardinal-tapes.com\/wp-content\/uploads\/medium-11168653-705x705.jpg 705w, https:\/\/cardinal-tapes.com\/wp-content\/uploads\/medium-11168653-120x120.jpg 120w\" sizes=\"auto, (max-width: 450px) 100vw, 450px\" \/><\/div><div class='inner_product_header'><div class='avia-arrow'><\/div><div class='inner_product_header_table'><div class='inner_product_header_cell'><span class=\"is-h2 woocommerce-loop-product__title\">tesafix\u00ae 4965 cinta adhesiva de doble cara Next Gen<\/span>\t\t<div class=\"product-infos\">\n\t\t\t\t\t\t\t<span class='product-infos__item'><b>Revestimiento:<\/b> doble cara<\/span>\n\t\t\t\t\t\t\t\t\t\t<span class='product-infos__item'><b>Tipo de material:<\/b> Pel\u00edcula PET<\/span>\n\t\t\t\t\t\t\t\t\t\t<span class='product-infos__item'><b>Fabricante:<\/b> tesa<\/span>\n\t\t\t\t\t\t\t\t\t\t<span class='product-infos__item'><b>Precio a la carta<\/b><\/span>\n\t\t\t\t\t<\/div>\n\t<\/div><\/div><\/div><\/a><\/div><\/li>\n<li class=\"product type-product post-37580 status-publish instock product_cat-industria-del-mueble product_cat-cintas-adhesivas-de-doble-cara has-post-thumbnail taxable shipping-taxable purchasable product-type-variable\">\n\t<div class='inner_product main_color wrapped_style noLightbox  av-product-class-no_button'><a href=\"https:\/\/cardinal-tapes.com\/es\/cintas-adhesivas\/ambitos-de-aplicacion\/industria-del-mueble\/tesa-4976-cinta-adhesiva-de-espuma-de-doble-cara\/\" class=\"woocommerce-LoopProduct-link woocommerce-loop-product__link\"><div class=\"thumbnail_container\"><img decoding=\"async\" loading=\"lazy\" width=\"450\" height=\"450\" src=\"https:\/\/cardinal-tapes.com\/wp-content\/uploads\/tesa-04976-450x450.jpg\" class=\"wp-image-26111 avia-img-lazy-loading-26111 attachment-shop_catalog size-shop_catalog wp-post-image\" alt=\"tesafix\u00ae 4976 Cinta adhesiva doble cara de espuma PUR - doble cara, Espuma PU, Acr\u00edlico - Ilustraci\u00f3n 26111\" srcset=\"https:\/\/cardinal-tapes.com\/wp-content\/uploads\/tesa-04976-450x450.jpg 450w, https:\/\/cardinal-tapes.com\/wp-content\/uploads\/tesa-04976-120x120.jpg 120w, https:\/\/cardinal-tapes.com\/wp-content\/uploads\/tesa-04976-80x80.jpg 80w, https:\/\/cardinal-tapes.com\/wp-content\/uploads\/tesa-04976-200x200.jpg 200w, https:\/\/cardinal-tapes.com\/wp-content\/uploads\/tesa-04976-36x36.jpg 36w, https:\/\/cardinal-tapes.com\/wp-content\/uploads\/tesa-04976-180x180.jpg 180w, https:\/\/cardinal-tapes.com\/wp-content\/uploads\/tesa-04976-100x100.jpg 100w, https:\/\/cardinal-tapes.com\/wp-content\/uploads\/tesa-04976.jpg 600w\" sizes=\"auto, (max-width: 450px) 100vw, 450px\" \/><\/div><div class='inner_product_header'><div class='avia-arrow'><\/div><div class='inner_product_header_table'><div class='inner_product_header_cell'><span class=\"is-h2 woocommerce-loop-product__title\">tesafix\u00ae 4976 Cinta adhesiva doble cara de espuma PUR<\/span>\t\t<div class=\"product-infos\">\n\t\t\t\t\t\t\t<span class='product-infos__item'><b>Revestimiento:<\/b> doble cara<\/span>\n\t\t\t\t\t\t\t\t\t\t<span class='product-infos__item'><b>Tipo de material:<\/b> Espuma PU<\/span>\n\t\t\t\t\t\t\t\t\t\t<span class='product-infos__item'><b>Fabricante:<\/b> tesa<\/span>\n\t\t\t\t\t\t\t\t\t\t<span class='product-infos__item'><b>Precio a la carta<\/b><\/span>\n\t\t\t\t\t<\/div>\n\t<\/div><\/div><\/div><\/a><\/div><\/li>\n<li class=\"product type-product post-53183 status-publish last instock product_cat-industria-del-mueble product_cat-sector-del-transporte product_cat-cintas-adhesivas-de-una-cara product_cat-film-de-pvc product_cat-sistemas-de-envasado has-post-thumbnail taxable shipping-taxable purchasable product-type-variable\">\n\t<div class='inner_product main_color wrapped_style noLightbox  av-product-class-no_button'><a href=\"https:\/\/cardinal-tapes.com\/es\/cintas-adhesivas\/cintas-adhesivas-de-una-cara\/film-de-pvc\/tesa-4104-pvc-klebeband\/\" class=\"woocommerce-LoopProduct-link woocommerce-loop-product__link\"><div class=\"thumbnail_container\"><img decoding=\"async\" loading=\"lazy\" width=\"450\" height=\"450\" src=\"https:\/\/cardinal-tapes.com\/wp-content\/uploads\/tesa-04104-450x450.jpg\" class=\"wp-image-26187 avia-img-lazy-loading-26187 attachment-shop_catalog size-shop_catalog wp-post-image\" alt=\"tesafilm\u00ae 4104 Cinta adhesiva de PVC - unilateral, Pel\u00edcula de PVC, Caucho natural - Ilustraci\u00f3n 26187\" srcset=\"https:\/\/cardinal-tapes.com\/wp-content\/uploads\/tesa-04104-450x450.jpg 450w, https:\/\/cardinal-tapes.com\/wp-content\/uploads\/tesa-04104-120x120.jpg 120w, https:\/\/cardinal-tapes.com\/wp-content\/uploads\/tesa-04104-80x80.jpg 80w, https:\/\/cardinal-tapes.com\/wp-content\/uploads\/tesa-04104-200x200.jpg 200w, https:\/\/cardinal-tapes.com\/wp-content\/uploads\/tesa-04104-36x36.jpg 36w, https:\/\/cardinal-tapes.com\/wp-content\/uploads\/tesa-04104-180x180.jpg 180w, https:\/\/cardinal-tapes.com\/wp-content\/uploads\/tesa-04104-100x100.jpg 100w, https:\/\/cardinal-tapes.com\/wp-content\/uploads\/tesa-04104.jpg 600w\" sizes=\"auto, (max-width: 450px) 100vw, 450px\" \/><\/div><div class='inner_product_header'><div class='avia-arrow'><\/div><div class='inner_product_header_table'><div class='inner_product_header_cell'><span class=\"is-h2 woocommerce-loop-product__title\">tesafilm\u00ae 4104 Cinta adhesiva de PVC<\/span>\t\t<div class=\"product-infos\">\n\t\t\t\t\t\t\t<span class='product-infos__item'><b>Revestimiento:<\/b> unilateral<\/span>\n\t\t\t\t\t\t\t\t\t\t<span class='product-infos__item'><b>Tipo de material:<\/b> Pel\u00edcula de PVC<\/span>\n\t\t\t\t\t\t\t\t\t\t<span class='product-infos__item'><b>Fabricante:<\/b> tesa<\/span>\n\t\t\t\t\t\t\t\t\t\t<span class='product-infos__item'><b>Precio a la carta<\/b><\/span>\n\t\t\t\t\t<\/div>\n\t<\/div><\/div><\/div><\/a><\/div><\/li>\n<\/ul><\/div><\/div><div class=\"clear\"><\/div><br \/>\n<div  class='avia-button-wrap av-809lf-9455b225b90b8c5781ab7afb1709fa16-wrap avia-button-left '><a href='https:\/\/cardinal-tapes.com\/es\/cintas-adhesivas-es\/'  class='avia-button av-809lf-9455b225b90b8c5781ab7afb1709fa16 avia-icon_select-no avia-size-medium avia-position-left avia-color-theme-color layout-border color-white'  ><span class='avia_iconbox_title' >Todos los productos<\/span><\/a><\/div><\/p><\/div>\n","protected":false},"excerpt":{"rendered":"","protected":false},"author":1,"featured_media":0,"parent":30847,"menu_order":5,"comment_status":"closed","ping_status":"closed","template":"","meta":{"_acf_changed":false,"footnotes":""},"class_list":["post-31954","page","type-page","status-publish","hentry"],"acf":[],"yoast_head":"<!-- This site is optimized with the Yoast SEO plugin v27.3 - https:\/\/yoast.com\/product\/yoast-seo-wordpress\/ -->\n<title>Cintas adhesivas para la industria del mueble | cardinal Tapes<\/title>\n<meta name=\"description\" content=\"En la industria del mueble, las cintas adhesivas duraderas son especialmente demandadas para el transporte. M\u00e1s informaci\u00f3n sobre los requisitos especiales.\" \/>\n<meta name=\"robots\" content=\"index, follow, max-snippet:-1, max-image-preview:large, max-video-preview:-1\" \/>\n<link rel=\"canonical\" href=\"https:\/\/cardinal-tapes.com\/es\/cintas-adhesivas-es\/ambitos-de-aplicacion\/industria-del-mueble\/\" \/>\n<meta property=\"og:locale\" content=\"es_ES\" \/>\n<meta property=\"og:type\" content=\"article\" \/>\n<meta property=\"og:title\" content=\"Cintas adhesivas para la industria del mueble | cardinal Tapes\" \/>\n<meta property=\"og:description\" content=\"En la industria del mueble, las cintas adhesivas duraderas son especialmente demandadas para el transporte. M\u00e1s informaci\u00f3n sobre los requisitos especiales.\" \/>\n<meta property=\"og:url\" content=\"https:\/\/cardinal-tapes.com\/es\/cintas-adhesivas-es\/ambitos-de-aplicacion\/industria-del-mueble\/\" \/>\n<meta property=\"og:site_name\" content=\"cardinal TAPES\" \/>\n<meta property=\"article:modified_time\" content=\"2023-06-16T14:33:00+00:00\" \/>\n<meta name=\"twitter:card\" content=\"summary_large_image\" \/>\n<meta name=\"twitter:label1\" content=\"Tiempo de lectura\" \/>\n\t<meta name=\"twitter:data1\" content=\"5 minutos\" \/>\n<script type=\"application\/ld+json\" class=\"yoast-schema-graph\">{\"@context\":\"https:\\\/\\\/schema.org\",\"@graph\":[{\"@type\":\"WebPage\",\"@id\":\"https:\\\/\\\/cardinal-tapes.com\\\/es\\\/cintas-adhesivas-es\\\/ambitos-de-aplicacion\\\/industria-del-mueble\\\/\",\"url\":\"https:\\\/\\\/cardinal-tapes.com\\\/es\\\/cintas-adhesivas-es\\\/ambitos-de-aplicacion\\\/industria-del-mueble\\\/\",\"name\":\"Cintas adhesivas para la industria del mueble | cardinal Tapes\",\"isPartOf\":{\"@id\":\"https:\\\/\\\/cardinal-tapes.com\\\/#website\"},\"datePublished\":\"2017-12-07T13:36:37+00:00\",\"dateModified\":\"2023-06-16T14:33:00+00:00\",\"description\":\"En la industria del mueble, las cintas adhesivas duraderas son especialmente demandadas para el transporte. M\u00e1s informaci\u00f3n sobre los requisitos especiales.\",\"breadcrumb\":{\"@id\":\"https:\\\/\\\/cardinal-tapes.com\\\/es\\\/cintas-adhesivas-es\\\/ambitos-de-aplicacion\\\/industria-del-mueble\\\/#breadcrumb\"},\"inLanguage\":\"es\",\"potentialAction\":[{\"@type\":\"ReadAction\",\"target\":[\"https:\\\/\\\/cardinal-tapes.com\\\/es\\\/cintas-adhesivas-es\\\/ambitos-de-aplicacion\\\/industria-del-mueble\\\/\"]}]},{\"@type\":\"BreadcrumbList\",\"@id\":\"https:\\\/\\\/cardinal-tapes.com\\\/es\\\/cintas-adhesivas-es\\\/ambitos-de-aplicacion\\\/industria-del-mueble\\\/#breadcrumb\",\"itemListElement\":[{\"@type\":\"ListItem\",\"position\":1,\"name\":\"Startseite\",\"item\":\"https:\\\/\\\/cardinal-tapes.com\\\/es\\\/\"},{\"@type\":\"ListItem\",\"position\":2,\"name\":\"Cintas adhesivas\",\"item\":\"https:\\\/\\\/cardinal-tapes.com\\\/es\\\/cintas-adhesivas-es\\\/\"},{\"@type\":\"ListItem\",\"position\":3,\"name\":\"\u00c1mbitos de aplicaci\u00f3n\",\"item\":\"https:\\\/\\\/cardinal-tapes.com\\\/es\\\/cintas-adhesivas-es__trashed\\\/ambitos-de-aplicacion\\\/\"},{\"@type\":\"ListItem\",\"position\":4,\"name\":\"Industria del mueble\"}]},{\"@type\":\"WebSite\",\"@id\":\"https:\\\/\\\/cardinal-tapes.com\\\/#website\",\"url\":\"https:\\\/\\\/cardinal-tapes.com\\\/\",\"name\":\"cardinal TAPES\",\"description\":\"Klebetechnik aus Wuppertal\",\"potentialAction\":[{\"@type\":\"SearchAction\",\"target\":{\"@type\":\"EntryPoint\",\"urlTemplate\":\"https:\\\/\\\/cardinal-tapes.com\\\/?s={search_term_string}\"},\"query-input\":{\"@type\":\"PropertyValueSpecification\",\"valueRequired\":true,\"valueName\":\"search_term_string\"}}],\"inLanguage\":\"es\"}]}<\/script>\n<!-- \/ Yoast SEO plugin. -->","yoast_head_json":{"title":"Cintas adhesivas para la industria del mueble | cardinal Tapes","description":"En la industria del mueble, las cintas adhesivas duraderas son especialmente demandadas para el transporte. M\u00e1s informaci\u00f3n sobre los requisitos especiales.","robots":{"index":"index","follow":"follow","max-snippet":"max-snippet:-1","max-image-preview":"max-image-preview:large","max-video-preview":"max-video-preview:-1"},"canonical":"https:\/\/cardinal-tapes.com\/es\/cintas-adhesivas-es\/ambitos-de-aplicacion\/industria-del-mueble\/","og_locale":"es_ES","og_type":"article","og_title":"Cintas adhesivas para la industria del mueble | cardinal Tapes","og_description":"En la industria del mueble, las cintas adhesivas duraderas son especialmente demandadas para el transporte. M\u00e1s informaci\u00f3n sobre los requisitos especiales.","og_url":"https:\/\/cardinal-tapes.com\/es\/cintas-adhesivas-es\/ambitos-de-aplicacion\/industria-del-mueble\/","og_site_name":"cardinal TAPES","article_modified_time":"2023-06-16T14:33:00+00:00","twitter_card":"summary_large_image","twitter_misc":{"Tiempo de lectura":"5 minutos"},"schema":{"@context":"https:\/\/schema.org","@graph":[{"@type":"WebPage","@id":"https:\/\/cardinal-tapes.com\/es\/cintas-adhesivas-es\/ambitos-de-aplicacion\/industria-del-mueble\/","url":"https:\/\/cardinal-tapes.com\/es\/cintas-adhesivas-es\/ambitos-de-aplicacion\/industria-del-mueble\/","name":"Cintas adhesivas para la industria del mueble | cardinal Tapes","isPartOf":{"@id":"https:\/\/cardinal-tapes.com\/#website"},"datePublished":"2017-12-07T13:36:37+00:00","dateModified":"2023-06-16T14:33:00+00:00","description":"En la industria del mueble, las cintas adhesivas duraderas son especialmente demandadas para el transporte. M\u00e1s informaci\u00f3n sobre los requisitos especiales.","breadcrumb":{"@id":"https:\/\/cardinal-tapes.com\/es\/cintas-adhesivas-es\/ambitos-de-aplicacion\/industria-del-mueble\/#breadcrumb"},"inLanguage":"es","potentialAction":[{"@type":"ReadAction","target":["https:\/\/cardinal-tapes.com\/es\/cintas-adhesivas-es\/ambitos-de-aplicacion\/industria-del-mueble\/"]}]},{"@type":"BreadcrumbList","@id":"https:\/\/cardinal-tapes.com\/es\/cintas-adhesivas-es\/ambitos-de-aplicacion\/industria-del-mueble\/#breadcrumb","itemListElement":[{"@type":"ListItem","position":1,"name":"Startseite","item":"https:\/\/cardinal-tapes.com\/es\/"},{"@type":"ListItem","position":2,"name":"Cintas adhesivas","item":"https:\/\/cardinal-tapes.com\/es\/cintas-adhesivas-es\/"},{"@type":"ListItem","position":3,"name":"\u00c1mbitos de aplicaci\u00f3n","item":"https:\/\/cardinal-tapes.com\/es\/cintas-adhesivas-es__trashed\/ambitos-de-aplicacion\/"},{"@type":"ListItem","position":4,"name":"Industria del mueble"}]},{"@type":"WebSite","@id":"https:\/\/cardinal-tapes.com\/#website","url":"https:\/\/cardinal-tapes.com\/","name":"cardinal TAPES","description":"Klebetechnik aus Wuppertal","potentialAction":[{"@type":"SearchAction","target":{"@type":"EntryPoint","urlTemplate":"https:\/\/cardinal-tapes.com\/?s={search_term_string}"},"query-input":{"@type":"PropertyValueSpecification","valueRequired":true,"valueName":"search_term_string"}}],"inLanguage":"es"}]}},"_links":{"self":[{"href":"https:\/\/cardinal-tapes.com\/es\/wp-json\/wp\/v2\/pages\/31954","targetHints":{"allow":["GET"]}}],"collection":[{"href":"https:\/\/cardinal-tapes.com\/es\/wp-json\/wp\/v2\/pages"}],"about":[{"href":"https:\/\/cardinal-tapes.com\/es\/wp-json\/wp\/v2\/types\/page"}],"author":[{"embeddable":true,"href":"https:\/\/cardinal-tapes.com\/es\/wp-json\/wp\/v2\/users\/1"}],"replies":[{"embeddable":true,"href":"https:\/\/cardinal-tapes.com\/es\/wp-json\/wp\/v2\/comments?post=31954"}],"version-history":[{"count":0,"href":"https:\/\/cardinal-tapes.com\/es\/wp-json\/wp\/v2\/pages\/31954\/revisions"}],"up":[{"embeddable":true,"href":"https:\/\/cardinal-tapes.com\/es\/wp-json\/wp\/v2\/pages\/30847"}],"wp:attachment":[{"href":"https:\/\/cardinal-tapes.com\/es\/wp-json\/wp\/v2\/media?parent=31954"}],"curies":[{"name":"wp","href":"https:\/\/api.w.org\/{rel}","templated":true}]}}