{"id":31934,"date":"2017-12-19T11:59:17","date_gmt":"2017-12-19T10:59:17","guid":{"rendered":"https:\/\/cardinal.pixel-tal.de\/cintas-adhesivas\/ambitos-de-aplicacion\/industria-del-hormigon\/"},"modified":"2023-06-16T15:50:15","modified_gmt":"2023-06-16T13:50:15","slug":"industria-del-hormigon","status":"publish","type":"page","link":"https:\/\/cardinal-tapes.com\/es\/cintas-adhesivas-es\/ambitos-de-aplicacion\/industria-del-hormigon\/","title":{"rendered":"Industria del hormig\u00f3n"},"content":{"rendered":"\t\t\t<div class=\"headerimage-section has-image  \">\n\t\t\t\t\t\t\t\t\t\t\t\t<div class=\"headerimage__bg overlay\" style=\"background-image: url('https:\/\/cardinal-tapes.com\/wp-content\/uploads\/cardinal_kopfbild-betonindustrie-scaled.jpg'); background-repeat: no-repeat; background-position: center; background-size: cover;\"><\/div>\n\t\t\t\t\t\t\t\t\t\t\t\t<div class=\"container\">\n\t\t\t\t\t<div class=\"headerimage__inner\">\n\t\t\t\t\t\t<h1 class=\"headerimage__headline\">Cintas adhesivas y sistemas adhesivos<\/h1>\t\t\t\t\t\t<span class=\"headerimage__subheadline\">con fijaci\u00f3n extra fuerte<\/span>\t\t\t\t\t\t\t\t\t\t\t<\/div>\n\t\t\t\t\t\t\t\t\t<\/div>\n\t\t\t<\/div>\n\t\t\t\n<\/div><\/div><\/div><!-- close content main div --><\/div><\/div><div id='av_section_1'  class='avia-section av-1j62f2-3637eaa89d10eccb9492d98eb178ea27 alternate_color avia-section-default avia-no-border-styling  avia-builder-el-1  el_after_pixel_headimage  el_before_av_section  avia-bg-style-scroll container_wrap fullsize'  ><div class='container av-section-cont-open' ><div class='template-page content  av-content-full alpha units'><div class='post-entry post-entry-type-page post-entry-31934'><div class='entry-content-wrapper clearfix'>\n<div  class='flex_column av-1d2p1i-98990d5ec03afead7beef3dbd15aa46a av_two_third  avia-builder-el-2  avia-builder-el-no-sibling  max-width-col two-third first flex_column_div av-animated-generic left-to-right  '     ><p><div class=\"pxl-headline pxl-hl hl-wrap | hl-sub--bot hl--align-left hl--std-margin    \">\n        <div class=\"hl-inner\">\n            <h2 class=\"hl-main hl-line |  hl_main--default  \">Cintas adhesivas para la industria del hormig\u00f3n<\/h2>\n            <span class=\"hl-sub hl-line |  hl_sub--default  \">Requisitos exigentes, soluciones a medida <\/span>\n    <\/div>\n<\/div>\n<br \/>\n<section  class='av_textblock_section av-lhowtl1g-aef019f35e030d0d51e982c02da65158 '   itemscope=\"itemscope\" itemtype=\"https:\/\/schema.org\/CreativeWork\" ><div class='avia_textblock'  itemprop=\"text\" ><p>En la industria del hormig\u00f3n se utilizan a diario muchas <a title=\"Cintas adhesivas t\u00e9cnicas de cardinal GmbH - \u00a1Inf\u00f3rmese ahora!\" href=\"\/klebebaender\/\">cintas adhesivas<\/a> diferentes. Sobre todo, las cintas adhesivas impermeables y resistentes al desgarro son cruciales en este caso. Muchas cintas adhesivas pueden volver a aplicarse sin dejar residuos. Adem\u00e1s, las cintas adhesivas de cardinal GmbH destacan por su gran resistencia al cizallamiento, por lo que son ideales para superficies irregulares y rugosas.<\/p>\n<p>Las cintas de tejido de celulosa, las cintas recubiertas de PE y las l\u00e1minas de PVC se utilizan mucho en las industrias del hormig\u00f3n. En este campo de aplicaci\u00f3n, la tecnolog\u00eda adhesiva plantea y satisface las m\u00e1ximas exigencias. Estaremos encantados de discutir qu\u00e9 productos son los adecuados para su aplicaci\u00f3n en una consulta personal.<\/p>\n<p>cardinal Tapes siempre tiene la ambici\u00f3n de ampliar su gama de productos y mantenerse al d\u00eda de los \u00faltimos avances. Por lo tanto, no nos supone ning\u00fan problema encontrar la soluci\u00f3n \u00f3ptima incluso para deseos individuales.<\/p>\n<p>Si tiene alguna duda, estaremos encantados de asesorarle personalmente. P\u00f3ngase en contacto con nosotros por tel\u00e9fono o utilice nuestro <a title=\"P\u00f3ngase en contacto con Cardinal GmbH\" href=\"\/ueber-cardinal\/kontakt\/\">formulario de consulta<\/a>. \u00a1Le esperamos!<\/p>\n<\/div><\/section><\/p><\/div>\n\n<\/div><\/div><\/div><!-- close content main div --><\/div><\/div><div id='av_section_2'  class='avia-section av-pf89i-0526860b1860f3fda3e056608fca3b0c main_color avia-section-default avia-no-border-styling  avia-builder-el-5  el_after_av_section  avia-builder-el-last  gradient-section avia-bg-style-scroll container_wrap fullsize'  ><div class='container av-section-cont-open' ><div class='template-page content  av-content-full alpha units'><div class='post-entry post-entry-type-page post-entry-31934'><div class='entry-content-wrapper clearfix'>\n<div  class='flex_column av-ki6t2-51a5f2705efe7e39ffd513a03b5d8a01 av_one_full  avia-builder-el-6  avia-builder-el-no-sibling  first flex_column_div av-animated-generic left-to-right  '     ><p><div class=\"pxl-headline pxl-hl hl-wrap | hl-sub--bot hl--align-left hl--no-margin    \">\n        <div class=\"hl-inner\">\n            <h2 class=\"hl-main hl-line |  hl_main--default  \">Productos destacados<\/h2>\n            <span class=\"hl-sub hl-line |  hl_sub--default  \">Innovador y de alta calidad<\/span>\n    <\/div>\n<\/div>\n<br \/>\n<div   data-autoplay=''  data-interval='5'  data-animation='fade'  data-hoverpause='1'  class='template-shop avia-content-slider avia-content-slider-active avia-product-slider1 avia-content-slider-even  avia-builder-el-8  el_after_pixel_sc_headline  el_before_av_button   shop_columns_4' ><div class='avia-content-slider-inner'><ul class=\"products slide-entry-wrap\"><li class=\"product type-product post-55989 status-publish first instock product_cat-produccion-transformacion-del-aluminio product_cat-industria-del-hormigon product_cat-industria-del-plastico product_cat-acero-y-vidrio product_cat-sector-del-transporte product_cat-cintas-adhesivas-de-una-cara has-post-thumbnail taxable shipping-taxable purchasable product-type-variable\">\n\t<div class='inner_product main_color wrapped_style noLightbox  av-product-class-no_button'><a href=\"https:\/\/cardinal-tapes.com\/es\/cintas-adhesivas\/ambitos-de-aplicacion\/produccion-transformacion-del-aluminio\/ca-221-filamento-adhesivo-cinta-larga-transversal-reforzada-2\/\" class=\"woocommerce-LoopProduct-link woocommerce-loop-product__link\"><div class=\"thumbnail_container\"><img decoding=\"async\" loading=\"lazy\" width=\"450\" height=\"450\" src=\"https:\/\/cardinal-tapes.com\/wp-content\/uploads\/CA_221-450x450.jpg\" class=\"wp-image-26891 avia-img-lazy-loading-26891 attachment-shop_catalog size-shop_catalog wp-post-image\" alt=\"CA-221 Cinta de filamentos, reforzada longitudinal y transversalmente - unilateral, Pel\u00edcula BOPP, Caucho sint\u00e9tico - Ilustraci\u00f3n 26891\" srcset=\"https:\/\/cardinal-tapes.com\/wp-content\/uploads\/CA_221-450x450.jpg 450w, https:\/\/cardinal-tapes.com\/wp-content\/uploads\/CA_221-120x120.jpg 120w, https:\/\/cardinal-tapes.com\/wp-content\/uploads\/CA_221-80x80.jpg 80w, https:\/\/cardinal-tapes.com\/wp-content\/uploads\/CA_221-200x200.jpg 200w, https:\/\/cardinal-tapes.com\/wp-content\/uploads\/CA_221-768x768.jpg 768w, https:\/\/cardinal-tapes.com\/wp-content\/uploads\/CA_221-1030x1030.jpg 1030w, https:\/\/cardinal-tapes.com\/wp-content\/uploads\/CA_221-36x36.jpg 36w, https:\/\/cardinal-tapes.com\/wp-content\/uploads\/CA_221-180x180.jpg 180w, https:\/\/cardinal-tapes.com\/wp-content\/uploads\/CA_221-705x705.jpg 705w, https:\/\/cardinal-tapes.com\/wp-content\/uploads\/CA_221-100x100.jpg 100w, https:\/\/cardinal-tapes.com\/wp-content\/uploads\/CA_221.jpg 1400w\" sizes=\"auto, (max-width: 450px) 100vw, 450px\" \/><\/div><div class='inner_product_header'><div class='avia-arrow'><\/div><div class='inner_product_header_table'><div class='inner_product_header_cell'><span class=\"is-h2 woocommerce-loop-product__title\">CA-221 Cinta de filamentos, reforzada longitudinal y transversalmente<\/span>\t\t<div class=\"product-infos\">\n\t\t\t\t\t\t\t<span class='product-infos__item'><b>Revestimiento:<\/b> unilateral<\/span>\n\t\t\t\t\t\t\t\t\t\t<span class='product-infos__item'><b>Tipo de material:<\/b> Pel\u00edcula BOPP<\/span>\n\t\t\t\t\t\t\t\t\t\t<span class='product-infos__item'><b>Fabricante:<\/b> cardinal GmbH<\/span>\n\t\t\t\t\t\t\t\t\t\t<span class='product-infos__item'><b>Precio a la carta<\/b><\/span>\n\t\t\t\t\t<\/div>\n\t<\/div><\/div><\/div><\/a><\/div><\/li>\n<li class=\"product type-product post-54753 status-publish instock product_cat-produccion-transformacion-del-aluminio product_cat-industria-del-automovil product_cat-industria-del-hormigon product_cat-industria-del-plastico product_cat-acero-y-vidrio product_cat-cintas-adhesivas-de-una-cara product_cat-film-pp product_cat-cinta-de-flejado has-post-thumbnail taxable shipping-taxable purchasable product-type-variable\">\n\t<div class='inner_product main_color wrapped_style noLightbox  av-product-class-no_button'><a href=\"https:\/\/cardinal-tapes.com\/es\/cintas-adhesivas\/cintas-adhesivas-de-una-cara\/film-pp\/ca-25-pp-cinta-de-flejado\/\" class=\"woocommerce-LoopProduct-link woocommerce-loop-product__link\"><div class=\"thumbnail_container\"><img decoding=\"async\" loading=\"lazy\" width=\"450\" height=\"450\" src=\"https:\/\/cardinal-tapes.com\/wp-content\/uploads\/CA_25-1-450x450.jpg\" class=\"wp-image-26843 avia-img-lazy-loading-26843 attachment-shop_catalog size-shop_catalog wp-post-image\" alt=\"Cinta adhesiva para flejes de PP CA-25 - unilateral, Pel\u00edcula MOPP, Caucho natural - Ilustraci\u00f3n 26843\" srcset=\"https:\/\/cardinal-tapes.com\/wp-content\/uploads\/CA_25-1-450x450.jpg 450w, https:\/\/cardinal-tapes.com\/wp-content\/uploads\/CA_25-1-120x120.jpg 120w, https:\/\/cardinal-tapes.com\/wp-content\/uploads\/CA_25-1-80x80.jpg 80w, https:\/\/cardinal-tapes.com\/wp-content\/uploads\/CA_25-1-200x200.jpg 200w, https:\/\/cardinal-tapes.com\/wp-content\/uploads\/CA_25-1-768x768.jpg 768w, https:\/\/cardinal-tapes.com\/wp-content\/uploads\/CA_25-1-1030x1030.jpg 1030w, https:\/\/cardinal-tapes.com\/wp-content\/uploads\/CA_25-1-36x36.jpg 36w, https:\/\/cardinal-tapes.com\/wp-content\/uploads\/CA_25-1-180x180.jpg 180w, https:\/\/cardinal-tapes.com\/wp-content\/uploads\/CA_25-1-705x705.jpg 705w, https:\/\/cardinal-tapes.com\/wp-content\/uploads\/CA_25-1-100x100.jpg 100w, https:\/\/cardinal-tapes.com\/wp-content\/uploads\/CA_25-1.jpg 1400w\" sizes=\"auto, (max-width: 450px) 100vw, 450px\" \/><\/div><div class='inner_product_header'><div class='avia-arrow'><\/div><div class='inner_product_header_table'><div class='inner_product_header_cell'><span class=\"is-h2 woocommerce-loop-product__title\">Cinta adhesiva para flejes de PP CA-25<\/span>\t\t<div class=\"product-infos\">\n\t\t\t\t\t\t\t<span class='product-infos__item'><b>Revestimiento:<\/b> unilateral<\/span>\n\t\t\t\t\t\t\t\t\t\t<span class='product-infos__item'><b>Tipo de material:<\/b> Pel\u00edcula MOPP<\/span>\n\t\t\t\t\t\t\t\t\t\t<span class='product-infos__item'><b>Fabricante:<\/b> cardinal GmbH<\/span>\n\t\t\t\t\t\t\t\t\t\t<span class='product-infos__item'><b>Precio a la carta<\/b><\/span>\n\t\t\t\t\t<\/div>\n\t<\/div><\/div><\/div><\/a><\/div><\/li>\n<li class=\"product type-product post-47664 status-publish instock product_cat-acero-y-vidrio product_cat-sector-del-transporte product_cat-cintas-adhesivas-de-una-cara product_cat-produccion-transformacion-del-aluminio product_cat-construccion product_cat-industria-del-hormigon product_cat-industria-del-plastico has-post-thumbnail taxable shipping-taxable purchasable product-type-variable\">\n\t<div class='inner_product main_color wrapped_style noLightbox  av-product-class-no_button'><a href=\"https:\/\/cardinal-tapes.com\/es\/cintas-adhesivas\/ambitos-de-aplicacion\/produccion-transformacion-del-aluminio\/ca-22-filamento-adhesivo-cinta-larga-reforzada\/\" class=\"woocommerce-LoopProduct-link woocommerce-loop-product__link\"><div class=\"thumbnail_container\"><img decoding=\"async\" loading=\"lazy\" width=\"450\" height=\"450\" src=\"https:\/\/cardinal-tapes.com\/wp-content\/uploads\/CA_22_02-450x450.jpg\" class=\"wp-image-26835 avia-img-lazy-loading-26835 attachment-shop_catalog size-shop_catalog wp-post-image\" alt=\"CA-22 Cinta de filamentos, reforzada longitudinalmente - unilateral, Polipropileno, Caucho sint\u00e9tico - Ilustraci\u00f3n 26835\" srcset=\"https:\/\/cardinal-tapes.com\/wp-content\/uploads\/CA_22_02-450x450.jpg 450w, https:\/\/cardinal-tapes.com\/wp-content\/uploads\/CA_22_02-120x120.jpg 120w, https:\/\/cardinal-tapes.com\/wp-content\/uploads\/CA_22_02-80x80.jpg 80w, https:\/\/cardinal-tapes.com\/wp-content\/uploads\/CA_22_02-36x36.jpg 36w, https:\/\/cardinal-tapes.com\/wp-content\/uploads\/CA_22_02-180x180.jpg 180w, https:\/\/cardinal-tapes.com\/wp-content\/uploads\/CA_22_02-100x100.jpg 100w\" sizes=\"auto, (max-width: 450px) 100vw, 450px\" \/><\/div><div class='inner_product_header'><div class='avia-arrow'><\/div><div class='inner_product_header_table'><div class='inner_product_header_cell'><span class=\"is-h2 woocommerce-loop-product__title\">CA-22 Cinta de filamentos, reforzada longitudinalmente<\/span>\t\t<div class=\"product-infos\">\n\t\t\t\t\t\t\t<span class='product-infos__item'><b>Revestimiento:<\/b> unilateral<\/span>\n\t\t\t\t\t\t\t\t\t\t<span class='product-infos__item'><b>Tipo de material:<\/b> Polipropileno<\/span>\n\t\t\t\t\t\t\t\t\t\t<span class='product-infos__item'><b>Fabricante:<\/b> cardinal GmbH<\/span>\n\t\t\t\t\t\t\t\t\t\t<span class='product-infos__item'><b>Precio a la carta<\/b><\/span>\n\t\t\t\t\t<\/div>\n\t<\/div><\/div><\/div><\/a><\/div><\/li>\n<li class=\"product type-product post-54305 status-publish last instock product_cat-industria-del-plastico product_cat-acero-y-vidrio product_cat-cintas-adhesivas-de-una-cara product_cat-film-pp product_cat-cinta-de-flejado product_cat-produccion-transformacion-del-aluminio product_cat-industria-del-automovil product_cat-industria-del-hormigon has-post-thumbnail taxable shipping-taxable purchasable product-type-variable\">\n\t<div class='inner_product main_color wrapped_style noLightbox  av-product-class-no_button'><a href=\"https:\/\/cardinal-tapes.com\/es\/cintas-adhesivas\/cintas-adhesivas-de-una-cara\/film-pp\/ca-23-pp-cinta-de-flejado\/\" class=\"woocommerce-LoopProduct-link woocommerce-loop-product__link\"><div class=\"thumbnail_container\"><img decoding=\"async\" loading=\"lazy\" width=\"450\" height=\"450\" src=\"https:\/\/cardinal-tapes.com\/wp-content\/uploads\/CA_23-450x450.jpg\" class=\"wp-image-26839 avia-img-lazy-loading-26839 attachment-shop_catalog size-shop_catalog wp-post-image\" alt=\"Cinta adhesiva para flejes de PP CA-23 - unilateral, Pel\u00edcula MOPP, Acr\u00edlico - Ilustraci\u00f3n 26839\" srcset=\"https:\/\/cardinal-tapes.com\/wp-content\/uploads\/CA_23-450x450.jpg 450w, https:\/\/cardinal-tapes.com\/wp-content\/uploads\/CA_23-120x120.jpg 120w, https:\/\/cardinal-tapes.com\/wp-content\/uploads\/CA_23-80x80.jpg 80w, https:\/\/cardinal-tapes.com\/wp-content\/uploads\/CA_23-200x200.jpg 200w, https:\/\/cardinal-tapes.com\/wp-content\/uploads\/CA_23-768x768.jpg 768w, https:\/\/cardinal-tapes.com\/wp-content\/uploads\/CA_23-1030x1030.jpg 1030w, https:\/\/cardinal-tapes.com\/wp-content\/uploads\/CA_23-36x36.jpg 36w, https:\/\/cardinal-tapes.com\/wp-content\/uploads\/CA_23-180x180.jpg 180w, https:\/\/cardinal-tapes.com\/wp-content\/uploads\/CA_23-705x705.jpg 705w, https:\/\/cardinal-tapes.com\/wp-content\/uploads\/CA_23-100x100.jpg 100w, https:\/\/cardinal-tapes.com\/wp-content\/uploads\/CA_23.jpg 1400w\" sizes=\"auto, (max-width: 450px) 100vw, 450px\" \/><\/div><div class='inner_product_header'><div class='avia-arrow'><\/div><div class='inner_product_header_table'><div class='inner_product_header_cell'><span class=\"is-h2 woocommerce-loop-product__title\">Cinta adhesiva para flejes de PP CA-23<\/span>\t\t<div class=\"product-infos\">\n\t\t\t\t\t\t\t<span class='product-infos__item'><b>Revestimiento:<\/b> unilateral<\/span>\n\t\t\t\t\t\t\t\t\t\t<span class='product-infos__item'><b>Tipo de material:<\/b> Pel\u00edcula MOPP<\/span>\n\t\t\t\t\t\t\t\t\t\t<span class='product-infos__item'><b>Fabricante:<\/b> cardinal GmbH<\/span>\n\t\t\t\t\t\t\t\t\t\t<span class='product-infos__item'><b>Precio a la carta<\/b><\/span>\n\t\t\t\t\t<\/div>\n\t<\/div><\/div><\/div><\/a><\/div><\/li>\n<\/ul><\/div><\/div><div class=\"clear\"><\/div><br \/>\n<div  class='avia-button-wrap av-7ou0e-e00593986872d69edb60e9e3e21474a3-wrap avia-button-left '><a href='https:\/\/cardinal-tapes.com\/es\/cintas-adhesivas-es\/'  class='avia-button av-7ou0e-e00593986872d69edb60e9e3e21474a3 avia-icon_select-no avia-size-medium avia-position-left avia-color-theme-color layout-border color-white'  ><span class='avia_iconbox_title' >Todos los productos<\/span><\/a><\/div><\/p><\/div>\n","protected":false},"excerpt":{"rendered":"","protected":false},"author":1,"featured_media":0,"parent":30847,"menu_order":11,"comment_status":"closed","ping_status":"closed","template":"","meta":{"_acf_changed":false,"footnotes":""},"class_list":["post-31934","page","type-page","status-publish","hentry"],"acf":[],"yoast_head":"<!-- This site is optimized with the Yoast SEO plugin v27.3 - https:\/\/yoast.com\/product\/yoast-seo-wordpress\/ -->\n<title>Cintas adhesivas para la industria del hormig\u00f3n | cardinal TAPES<\/title>\n<meta name=\"description\" content=\"En la industria del hormig\u00f3n se utilizan a diario muchas cintas adhesivas diferentes. Le ofrecemos el producto adecuado a sus necesidades individuales.\" \/>\n<meta name=\"robots\" content=\"index, follow, max-snippet:-1, max-image-preview:large, max-video-preview:-1\" \/>\n<link rel=\"canonical\" href=\"https:\/\/cardinal-tapes.com\/es\/cintas-adhesivas-es\/ambitos-de-aplicacion\/industria-del-hormigon\/\" \/>\n<meta property=\"og:locale\" content=\"es_ES\" \/>\n<meta property=\"og:type\" content=\"article\" \/>\n<meta property=\"og:title\" content=\"Cintas adhesivas para la industria del hormig\u00f3n | cardinal TAPES\" \/>\n<meta property=\"og:description\" content=\"En la industria del hormig\u00f3n se utilizan a diario muchas cintas adhesivas diferentes. Le ofrecemos el producto adecuado a sus necesidades individuales.\" \/>\n<meta property=\"og:url\" content=\"https:\/\/cardinal-tapes.com\/es\/cintas-adhesivas-es\/ambitos-de-aplicacion\/industria-del-hormigon\/\" \/>\n<meta property=\"og:site_name\" content=\"cardinal TAPES\" \/>\n<meta property=\"article:modified_time\" content=\"2023-06-16T13:50:15+00:00\" \/>\n<meta name=\"twitter:card\" content=\"summary_large_image\" \/>\n<meta name=\"twitter:label1\" content=\"Tiempo de lectura\" \/>\n\t<meta name=\"twitter:data1\" content=\"5 minutos\" \/>\n<script type=\"application\/ld+json\" class=\"yoast-schema-graph\">{\"@context\":\"https:\\\/\\\/schema.org\",\"@graph\":[{\"@type\":\"WebPage\",\"@id\":\"https:\\\/\\\/cardinal-tapes.com\\\/es\\\/cintas-adhesivas-es\\\/ambitos-de-aplicacion\\\/industria-del-hormigon\\\/\",\"url\":\"https:\\\/\\\/cardinal-tapes.com\\\/es\\\/cintas-adhesivas-es\\\/ambitos-de-aplicacion\\\/industria-del-hormigon\\\/\",\"name\":\"Cintas adhesivas para la industria del hormig\u00f3n | cardinal TAPES\",\"isPartOf\":{\"@id\":\"https:\\\/\\\/cardinal-tapes.com\\\/#website\"},\"datePublished\":\"2017-12-19T10:59:17+00:00\",\"dateModified\":\"2023-06-16T13:50:15+00:00\",\"description\":\"En la industria del hormig\u00f3n se utilizan a diario muchas cintas adhesivas diferentes. Le ofrecemos el producto adecuado a sus necesidades individuales.\",\"breadcrumb\":{\"@id\":\"https:\\\/\\\/cardinal-tapes.com\\\/es\\\/cintas-adhesivas-es\\\/ambitos-de-aplicacion\\\/industria-del-hormigon\\\/#breadcrumb\"},\"inLanguage\":\"es\",\"potentialAction\":[{\"@type\":\"ReadAction\",\"target\":[\"https:\\\/\\\/cardinal-tapes.com\\\/es\\\/cintas-adhesivas-es\\\/ambitos-de-aplicacion\\\/industria-del-hormigon\\\/\"]}]},{\"@type\":\"BreadcrumbList\",\"@id\":\"https:\\\/\\\/cardinal-tapes.com\\\/es\\\/cintas-adhesivas-es\\\/ambitos-de-aplicacion\\\/industria-del-hormigon\\\/#breadcrumb\",\"itemListElement\":[{\"@type\":\"ListItem\",\"position\":1,\"name\":\"Startseite\",\"item\":\"https:\\\/\\\/cardinal-tapes.com\\\/es\\\/\"},{\"@type\":\"ListItem\",\"position\":2,\"name\":\"Cintas adhesivas\",\"item\":\"https:\\\/\\\/cardinal-tapes.com\\\/es\\\/cintas-adhesivas-es\\\/\"},{\"@type\":\"ListItem\",\"position\":3,\"name\":\"\u00c1mbitos de aplicaci\u00f3n\",\"item\":\"https:\\\/\\\/cardinal-tapes.com\\\/es\\\/cintas-adhesivas-es__trashed\\\/ambitos-de-aplicacion\\\/\"},{\"@type\":\"ListItem\",\"position\":4,\"name\":\"Industria del hormig\u00f3n\"}]},{\"@type\":\"WebSite\",\"@id\":\"https:\\\/\\\/cardinal-tapes.com\\\/#website\",\"url\":\"https:\\\/\\\/cardinal-tapes.com\\\/\",\"name\":\"cardinal TAPES\",\"description\":\"Klebetechnik aus Wuppertal\",\"potentialAction\":[{\"@type\":\"SearchAction\",\"target\":{\"@type\":\"EntryPoint\",\"urlTemplate\":\"https:\\\/\\\/cardinal-tapes.com\\\/?s={search_term_string}\"},\"query-input\":{\"@type\":\"PropertyValueSpecification\",\"valueRequired\":true,\"valueName\":\"search_term_string\"}}],\"inLanguage\":\"es\"}]}<\/script>\n<!-- \/ Yoast SEO plugin. -->","yoast_head_json":{"title":"Cintas adhesivas para la industria del hormig\u00f3n | cardinal TAPES","description":"En la industria del hormig\u00f3n se utilizan a diario muchas cintas adhesivas diferentes. Le ofrecemos el producto adecuado a sus necesidades individuales.","robots":{"index":"index","follow":"follow","max-snippet":"max-snippet:-1","max-image-preview":"max-image-preview:large","max-video-preview":"max-video-preview:-1"},"canonical":"https:\/\/cardinal-tapes.com\/es\/cintas-adhesivas-es\/ambitos-de-aplicacion\/industria-del-hormigon\/","og_locale":"es_ES","og_type":"article","og_title":"Cintas adhesivas para la industria del hormig\u00f3n | cardinal TAPES","og_description":"En la industria del hormig\u00f3n se utilizan a diario muchas cintas adhesivas diferentes. Le ofrecemos el producto adecuado a sus necesidades individuales.","og_url":"https:\/\/cardinal-tapes.com\/es\/cintas-adhesivas-es\/ambitos-de-aplicacion\/industria-del-hormigon\/","og_site_name":"cardinal TAPES","article_modified_time":"2023-06-16T13:50:15+00:00","twitter_card":"summary_large_image","twitter_misc":{"Tiempo de lectura":"5 minutos"},"schema":{"@context":"https:\/\/schema.org","@graph":[{"@type":"WebPage","@id":"https:\/\/cardinal-tapes.com\/es\/cintas-adhesivas-es\/ambitos-de-aplicacion\/industria-del-hormigon\/","url":"https:\/\/cardinal-tapes.com\/es\/cintas-adhesivas-es\/ambitos-de-aplicacion\/industria-del-hormigon\/","name":"Cintas adhesivas para la industria del hormig\u00f3n | cardinal TAPES","isPartOf":{"@id":"https:\/\/cardinal-tapes.com\/#website"},"datePublished":"2017-12-19T10:59:17+00:00","dateModified":"2023-06-16T13:50:15+00:00","description":"En la industria del hormig\u00f3n se utilizan a diario muchas cintas adhesivas diferentes. Le ofrecemos el producto adecuado a sus necesidades individuales.","breadcrumb":{"@id":"https:\/\/cardinal-tapes.com\/es\/cintas-adhesivas-es\/ambitos-de-aplicacion\/industria-del-hormigon\/#breadcrumb"},"inLanguage":"es","potentialAction":[{"@type":"ReadAction","target":["https:\/\/cardinal-tapes.com\/es\/cintas-adhesivas-es\/ambitos-de-aplicacion\/industria-del-hormigon\/"]}]},{"@type":"BreadcrumbList","@id":"https:\/\/cardinal-tapes.com\/es\/cintas-adhesivas-es\/ambitos-de-aplicacion\/industria-del-hormigon\/#breadcrumb","itemListElement":[{"@type":"ListItem","position":1,"name":"Startseite","item":"https:\/\/cardinal-tapes.com\/es\/"},{"@type":"ListItem","position":2,"name":"Cintas adhesivas","item":"https:\/\/cardinal-tapes.com\/es\/cintas-adhesivas-es\/"},{"@type":"ListItem","position":3,"name":"\u00c1mbitos de aplicaci\u00f3n","item":"https:\/\/cardinal-tapes.com\/es\/cintas-adhesivas-es__trashed\/ambitos-de-aplicacion\/"},{"@type":"ListItem","position":4,"name":"Industria del hormig\u00f3n"}]},{"@type":"WebSite","@id":"https:\/\/cardinal-tapes.com\/#website","url":"https:\/\/cardinal-tapes.com\/","name":"cardinal TAPES","description":"Klebetechnik aus Wuppertal","potentialAction":[{"@type":"SearchAction","target":{"@type":"EntryPoint","urlTemplate":"https:\/\/cardinal-tapes.com\/?s={search_term_string}"},"query-input":{"@type":"PropertyValueSpecification","valueRequired":true,"valueName":"search_term_string"}}],"inLanguage":"es"}]}},"_links":{"self":[{"href":"https:\/\/cardinal-tapes.com\/es\/wp-json\/wp\/v2\/pages\/31934","targetHints":{"allow":["GET"]}}],"collection":[{"href":"https:\/\/cardinal-tapes.com\/es\/wp-json\/wp\/v2\/pages"}],"about":[{"href":"https:\/\/cardinal-tapes.com\/es\/wp-json\/wp\/v2\/types\/page"}],"author":[{"embeddable":true,"href":"https:\/\/cardinal-tapes.com\/es\/wp-json\/wp\/v2\/users\/1"}],"replies":[{"embeddable":true,"href":"https:\/\/cardinal-tapes.com\/es\/wp-json\/wp\/v2\/comments?post=31934"}],"version-history":[{"count":0,"href":"https:\/\/cardinal-tapes.com\/es\/wp-json\/wp\/v2\/pages\/31934\/revisions"}],"up":[{"embeddable":true,"href":"https:\/\/cardinal-tapes.com\/es\/wp-json\/wp\/v2\/pages\/30847"}],"wp:attachment":[{"href":"https:\/\/cardinal-tapes.com\/es\/wp-json\/wp\/v2\/media?parent=31934"}],"curies":[{"name":"wp","href":"https:\/\/api.w.org\/{rel}","templated":true}]}}