{"id":31933,"date":"2023-06-02T11:00:23","date_gmt":"2023-06-02T09:00:23","guid":{"rendered":"https:\/\/cardinal.pixel-tal.de\/cintas-adhesivas\/cinta-adhesiva-abc\/cintas-de-empalme\/"},"modified":"2023-06-14T10:47:25","modified_gmt":"2023-06-14T08:47:25","slug":"cintas-de-empalme","status":"publish","type":"page","link":"https:\/\/cardinal-tapes.com\/es\/cintas-adhesivas-es\/cinta-adhesiva-abc\/cintas-de-empalme\/","title":{"rendered":"Cintas de empalme"},"content":{"rendered":"<div id='av_section_1'  class='avia-section av-cf11r4-78ea89c911d3b94087a64883c4a07227 alternate_color avia-section-default avia-no-border-styling  avia-builder-el-0  el_before_av_section  avia-builder-el-first  avia-bg-style-scroll container_wrap fullsize'  ><div class='container av-section-cont-open' ><main  role=\"main\" itemprop=\"mainContentOfPage\"  class='template-page content  av-content-full alpha units'><div class='post-entry post-entry-type-page post-entry-31933'><div class='entry-content-wrapper clearfix'>\n<div  class='flex_column av-anbo0w-6e95f4ab7b25a13b1062d61678ead910 av_one_full  avia-builder-el-1  el_before_av_one_half  avia-builder-el-first  first flex_column_div  '     ><div class=\"pxl-headline pxl-hl hl-wrap | hl-sub--off hl--align-left hl--no-margin    \">\n        <div class=\"hl-inner\">\n            <h2 class=\"hl-main hl-line |  hl_main--default  \">Cintas de empalme<\/h2>\n            \n    <\/div>\n<\/div><\/div><div  class='flex_column av-uu71c-11523b1f5b4835471c91f14657f1fd65 av_one_half  avia-builder-el-3  el_after_av_one_full  el_before_av_one_half  first flex_column_div  column-top-margin'     ><section  class='av_textblock_section av-13arjk-2386dc7fe07f812bbbfcddbfb8e735c8 '   itemscope=\"itemscope\" itemtype=\"https:\/\/schema.org\/CreativeWork\" ><div class='avia_textblock'  itemprop=\"text\" ><p>El empalme se utiliza principalmente en la <a href=\"\/klebebaender\/anwendungsgebiete\/papierherstellung\/\">industria papelera<\/a>. En este proceso, las bandas de papel o pel\u00edcula se unen con ayuda de cintas adhesivas. Para ello se utilizan las llamadas cintas de empalme. Este tipo de <a href=\"\/klebebaender\/\">cinta adhesiva<\/a> se caracteriza especialmente por una elevada resistencia al desgarro en sentido longitudinal y transversal, una elevada resistencia al cizallamiento y una buena resistencia al envejecimiento. Las cintas de empalme pueden suministrarse tanto a una como a dos caras.<\/p>\n<\/div><\/section><\/div><div  class='flex_column av-t71eo-3c11e1bf146e597108a89503bd728212 av_one_half  avia-builder-el-5  el_after_av_one_half  avia-builder-el-last  flex_column_div  column-top-margin'     ><section  class='av_textblock_section av-7h7q80-205c07b6560ce53991676da3bc6cfd6c '   itemscope=\"itemscope\" itemtype=\"https:\/\/schema.org\/CreativeWork\" ><div class='avia_textblock'  itemprop=\"text\" ><h4>Nuestras cintas de empalme<\/h4>\n<p>Con nuestros muchos a\u00f1os de experiencia, estaremos encantados de asesorarle sobre nuestras cintas de empalme. Ampliamos constantemente nuestra gama en nuestro sitio web, por lo que podemos ofrecer muchos tipos diferentes de cintas adhesivas. Adem\u00e1s, montamos cintas de empalme para que podamos ser el socio adecuado para usted, incluso para requisitos especiales. No dude en ponerse en contacto con nuestros expertos o preguntarnos directamente a trav\u00e9s de nuestra consulta de productos si la cinta de empalme que necesita no est\u00e1 disponible en nuestro sitio.<\/p>\n<\/div><\/section><\/div>\n\n<\/div><\/div><\/main><!-- close content main element --><\/div><\/div><div id='av_section_2'  class='avia-section av-5u6llc-33e94062c9129357f24adc08fa58c1f9 main_color avia-section-default avia-no-border-styling  avia-builder-el-7  el_after_av_section  avia-builder-el-last  gradient-section avia-bg-style-scroll container_wrap fullsize'  ><div class='container av-section-cont-open' ><div class='template-page content  av-content-full alpha units'><div class='post-entry post-entry-type-page post-entry-31933'><div class='entry-content-wrapper clearfix'>\n<div  class='flex_column av-3xybo0-ddcd01781ae3ad6afc1faeb236282f21 av_one_full  avia-builder-el-8  avia-builder-el-no-sibling  first flex_column_div  '     ><p><div class=\"pxl-headline pxl-hl hl-wrap | hl-sub--off hl--align-left hl--no-margin    \">\n        <div class=\"hl-inner\">\n            <h2 class=\"hl-main hl-line |  hl_main--default  \">Productos interesantes<\/h2>\n            \n    <\/div>\n<\/div>\n<br \/>\n<div   data-autoplay=''  data-interval='5'  data-animation='fade'  data-hoverpause='1'  class='template-shop avia-content-slider avia-content-slider-active avia-product-slider1 avia-content-slider-even  avia-builder-el-10  el_after_pixel_sc_headline  el_before_av_button   shop_columns_4' ><div class='avia-content-slider-inner'><ul class=\"products slide-entry-wrap\"><li class=\"product type-product post-41463 status-publish first instock product_cat-cinta-de-empalme product_cat-industria-textil product_cat-cinta-adhesiva-no-tejida product_cat-cintas-adhesivas-de-doble-cara has-post-thumbnail taxable shipping-taxable purchasable product-type-variable\">\n\t<div class='inner_product main_color wrapped_style noLightbox  av-product-class-no_button'><a href=\"https:\/\/cardinal-tapes.com\/es\/cintas-adhesivas\/ambitos-de-aplicacion\/cinta-de-empalme\/ca-412-pv4-pet-adhesive-tape-strong-open-weak\/\" class=\"woocommerce-LoopProduct-link woocommerce-loop-product__link\"><div class=\"thumbnail_container\"><img decoding=\"async\" loading=\"lazy\" width=\"450\" height=\"450\" src=\"https:\/\/cardinal-tapes.com\/wp-content\/uploads\/CA_438_retouched-450x450.jpg\" class=\"wp-image-27131 avia-img-lazy-loading-27131 attachment-shop_catalog size-shop_catalog wp-post-image\" alt=\"CA-412 PV4 Cinta PET, fuerte (abierta) \/ d\u00e9bil - doble cara, Pel\u00edcula de poli\u00e9ster, Acr\u00edlico - Ilustraci\u00f3n 27131\" srcset=\"https:\/\/cardinal-tapes.com\/wp-content\/uploads\/CA_438_retouched-450x450.jpg 450w, https:\/\/cardinal-tapes.com\/wp-content\/uploads\/CA_438_retouched-120x120.jpg 120w, https:\/\/cardinal-tapes.com\/wp-content\/uploads\/CA_438_retouched-80x80.jpg 80w, https:\/\/cardinal-tapes.com\/wp-content\/uploads\/CA_438_retouched-36x36.jpg 36w, https:\/\/cardinal-tapes.com\/wp-content\/uploads\/CA_438_retouched-180x180.jpg 180w, https:\/\/cardinal-tapes.com\/wp-content\/uploads\/CA_438_retouched-100x100.jpg 100w\" sizes=\"auto, (max-width: 450px) 100vw, 450px\" \/><\/div><div class='inner_product_header'><div class='avia-arrow'><\/div><div class='inner_product_header_table'><div class='inner_product_header_cell'><span class=\"is-h2 woocommerce-loop-product__title\">CA-412 PV4 Cinta PET, fuerte (abierta) \/ d\u00e9bil<\/span>\t\t<div class=\"product-infos\">\n\t\t\t\t\t\t\t<span class='product-infos__item'><b>Revestimiento:<\/b> doble cara<\/span>\n\t\t\t\t\t\t\t\t\t\t<span class='product-infos__item'><b>Tipo de material:<\/b> Pel\u00edcula de poli\u00e9ster<\/span>\n\t\t\t\t\t\t\t\t\t\t<span class='product-infos__item'><b>Fabricante:<\/b> cardinal GmbH<\/span>\n\t\t\t\t\t\t\t\t\t\t<span class='product-infos__item'><b>Precio a la carta<\/b><\/span>\n\t\t\t\t\t<\/div>\n\t<\/div><\/div><\/div><\/a><\/div><\/li>\n<li class=\"product type-product post-46172 status-publish instock product_cat-cinta-de-empalme product_cat-industria-textil product_cat-cinta-adhesiva-no-tejida product_cat-cintas-adhesivas-de-doble-cara product_cat-impresion-y-artes-graficas has-post-thumbnail taxable shipping-taxable purchasable product-type-variable\">\n\t<div class='inner_product main_color wrapped_style noLightbox  av-product-class-no_button'><a href=\"https:\/\/cardinal-tapes.com\/es\/cintas-adhesivas\/ambitos-de-aplicacion\/impresion-y-artes-graficas\/ca-438-cinta-adhesiva-de-vellon-de-papel\/\" class=\"woocommerce-LoopProduct-link woocommerce-loop-product__link\"><div class=\"thumbnail_container\"><img decoding=\"async\" loading=\"lazy\" width=\"450\" height=\"450\" src=\"https:\/\/cardinal-tapes.com\/wp-content\/uploads\/CA_438_retouched-450x450.jpg\" class=\"wp-image-27131 avia-img-lazy-loading-27131 attachment-shop_catalog size-shop_catalog wp-post-image\" alt=\"CA-438 Cinta adhesiva de vell\u00f3n de papel - doble cara, Papel, Acrilato solvente - Ilustraci\u00f3n 27131\" srcset=\"https:\/\/cardinal-tapes.com\/wp-content\/uploads\/CA_438_retouched-450x450.jpg 450w, https:\/\/cardinal-tapes.com\/wp-content\/uploads\/CA_438_retouched-120x120.jpg 120w, https:\/\/cardinal-tapes.com\/wp-content\/uploads\/CA_438_retouched-80x80.jpg 80w, https:\/\/cardinal-tapes.com\/wp-content\/uploads\/CA_438_retouched-36x36.jpg 36w, https:\/\/cardinal-tapes.com\/wp-content\/uploads\/CA_438_retouched-180x180.jpg 180w, https:\/\/cardinal-tapes.com\/wp-content\/uploads\/CA_438_retouched-100x100.jpg 100w\" sizes=\"auto, (max-width: 450px) 100vw, 450px\" \/><\/div><div class='inner_product_header'><div class='avia-arrow'><\/div><div class='inner_product_header_table'><div class='inner_product_header_cell'><span class=\"is-h2 woocommerce-loop-product__title\">CA-438 Cinta adhesiva de vell\u00f3n de papel<\/span>\t\t<div class=\"product-infos\">\n\t\t\t\t\t\t\t<span class='product-infos__item'><b>Revestimiento:<\/b> doble cara<\/span>\n\t\t\t\t\t\t\t\t\t\t<span class='product-infos__item'><b>Tipo de material:<\/b> Papel<\/span>\n\t\t\t\t\t\t\t\t\t\t<span class='product-infos__item'><b>Fabricante:<\/b> cardinal GmbH<\/span>\n\t\t\t\t\t\t\t\t\t\t<span class='product-infos__item'><b>Precio a la carta<\/b><\/span>\n\t\t\t\t\t<\/div>\n\t<\/div><\/div><\/div><\/a><\/div><\/li>\n<li class=\"product type-product post-43705 status-publish instock product_cat-impresion-y-artes-graficas product_cat-industria-papelera product_cat-cinta-de-empalme product_cat-cinta-adhesiva-no-tejida product_cat-cintas-adhesivas-de-doble-cara has-post-thumbnail taxable shipping-taxable purchasable product-type-variable\">\n\t<div class='inner_product main_color wrapped_style noLightbox  av-product-class-no_button'><a href=\"https:\/\/cardinal-tapes.com\/es\/cintas-adhesivas\/ambitos-de-aplicacion\/impresion-y-artes-graficas\/ca-440-cinta-adhesiva-de-vellon-de-papel\/\" class=\"woocommerce-LoopProduct-link woocommerce-loop-product__link\"><div class=\"thumbnail_container\"><img decoding=\"async\" loading=\"lazy\" width=\"450\" height=\"450\" src=\"https:\/\/cardinal-tapes.com\/wp-content\/uploads\/CA-440-450x450.jpg\" class=\"wp-image-28895 avia-img-lazy-loading-28895 attachment-shop_catalog size-shop_catalog wp-post-image\" alt=\"CA-440 Cinta adhesiva de vell\u00f3n de papel - doble cara, Vell\u00f3n de papel, Acrilato solvente - Ilustraci\u00f3n 28895\" srcset=\"https:\/\/cardinal-tapes.com\/wp-content\/uploads\/CA-440-450x450.jpg 450w, https:\/\/cardinal-tapes.com\/wp-content\/uploads\/CA-440-120x120.jpg 120w, https:\/\/cardinal-tapes.com\/wp-content\/uploads\/CA-440-80x80.jpg 80w, https:\/\/cardinal-tapes.com\/wp-content\/uploads\/CA-440-36x36.jpg 36w, https:\/\/cardinal-tapes.com\/wp-content\/uploads\/CA-440-180x180.jpg 180w, https:\/\/cardinal-tapes.com\/wp-content\/uploads\/CA-440-100x100.jpg 100w\" sizes=\"auto, (max-width: 450px) 100vw, 450px\" \/><\/div><div class='inner_product_header'><div class='avia-arrow'><\/div><div class='inner_product_header_table'><div class='inner_product_header_cell'><span class=\"is-h2 woocommerce-loop-product__title\">CA-440 Cinta adhesiva de vell\u00f3n de papel<\/span>\t\t<div class=\"product-infos\">\n\t\t\t\t\t\t\t<span class='product-infos__item'><b>Revestimiento:<\/b> doble cara<\/span>\n\t\t\t\t\t\t\t\t\t\t<span class='product-infos__item'><b>Tipo de material:<\/b> Vell\u00f3n de papel<\/span>\n\t\t\t\t\t\t\t\t\t\t<span class='product-infos__item'><b>Fabricante:<\/b> cardinal GmbH<\/span>\n\t\t\t\t\t\t\t\t\t\t<span class='product-infos__item'><b>Precio a la carta<\/b><\/span>\n\t\t\t\t\t<\/div>\n\t<\/div><\/div><\/div><\/a><\/div><\/li>\n<\/ul><\/div><\/div><div class=\"clear\"><\/div><br \/>\n<div  class='avia-button-wrap av-3412sw-f1ab614d77d325ca67b111c64d8a89db-wrap avia-button-left '><a href='https:\/\/cardinal-tapes.com\/klebebaender\/'  class='avia-button av-3412sw-f1ab614d77d325ca67b111c64d8a89db avia-icon_select-no avia-size-medium avia-position-left avia-color-theme-color layout-border color-white'  ><span class='avia_iconbox_title' >Todos los productos<\/span><\/a><\/div><\/p><\/div>\n","protected":false},"excerpt":{"rendered":"","protected":false},"author":1,"featured_media":0,"parent":30710,"menu_order":32,"comment_status":"closed","ping_status":"closed","template":"","meta":{"_acf_changed":false,"footnotes":""},"class_list":["post-31933","page","type-page","status-publish","hentry"],"acf":[],"yoast_head":"<!-- This site is optimized with the Yoast SEO plugin v27.3 - https:\/\/yoast.com\/product\/yoast-seo-wordpress\/ -->\n<title>Cintas de empalme - cardinal TAPES<\/title>\n<meta name=\"description\" content=\"El empalme se utiliza principalmente en la industria papelera. En este proceso, las bandas de papel o pel\u00edcula se unen con ayuda de cintas adhesivas. Para ello se utilizan las llamadas cintas de empalme.\" \/>\n<meta name=\"robots\" content=\"index, follow, max-snippet:-1, max-image-preview:large, max-video-preview:-1\" \/>\n<link rel=\"canonical\" href=\"https:\/\/cardinal-tapes.com\/es\/cintas-adhesivas-es\/cinta-adhesiva-abc\/cintas-de-empalme\/\" \/>\n<meta property=\"og:locale\" content=\"es_ES\" \/>\n<meta property=\"og:type\" content=\"article\" \/>\n<meta property=\"og:title\" content=\"Cintas de empalme - cardinal TAPES\" \/>\n<meta property=\"og:description\" content=\"El empalme se utiliza principalmente en la industria papelera. En este proceso, las bandas de papel o pel\u00edcula se unen con ayuda de cintas adhesivas. Para ello se utilizan las llamadas cintas de empalme.\" \/>\n<meta property=\"og:url\" content=\"https:\/\/cardinal-tapes.com\/es\/cintas-adhesivas-es\/cinta-adhesiva-abc\/cintas-de-empalme\/\" \/>\n<meta property=\"og:site_name\" content=\"cardinal TAPES\" \/>\n<meta property=\"article:modified_time\" content=\"2023-06-14T08:47:25+00:00\" \/>\n<meta name=\"twitter:card\" content=\"summary_large_image\" \/>\n<meta name=\"twitter:label1\" content=\"Tiempo de lectura\" \/>\n\t<meta name=\"twitter:data1\" content=\"14 minutos\" \/>\n<script type=\"application\/ld+json\" class=\"yoast-schema-graph\">{\"@context\":\"https:\\\/\\\/schema.org\",\"@graph\":[{\"@type\":\"WebPage\",\"@id\":\"https:\\\/\\\/cardinal-tapes.com\\\/es\\\/cintas-adhesivas-es\\\/cinta-adhesiva-abc\\\/cintas-de-empalme\\\/\",\"url\":\"https:\\\/\\\/cardinal-tapes.com\\\/es\\\/cintas-adhesivas-es\\\/cinta-adhesiva-abc\\\/cintas-de-empalme\\\/\",\"name\":\"Cintas de empalme - cardinal TAPES\",\"isPartOf\":{\"@id\":\"https:\\\/\\\/cardinal-tapes.com\\\/#website\"},\"datePublished\":\"2023-06-02T09:00:23+00:00\",\"dateModified\":\"2023-06-14T08:47:25+00:00\",\"description\":\"El empalme se utiliza principalmente en la industria papelera. En este proceso, las bandas de papel o pel\u00edcula se unen con ayuda de cintas adhesivas. Para ello se utilizan las llamadas cintas de empalme.\",\"breadcrumb\":{\"@id\":\"https:\\\/\\\/cardinal-tapes.com\\\/es\\\/cintas-adhesivas-es\\\/cinta-adhesiva-abc\\\/cintas-de-empalme\\\/#breadcrumb\"},\"inLanguage\":\"es\",\"potentialAction\":[{\"@type\":\"ReadAction\",\"target\":[\"https:\\\/\\\/cardinal-tapes.com\\\/es\\\/cintas-adhesivas-es\\\/cinta-adhesiva-abc\\\/cintas-de-empalme\\\/\"]}]},{\"@type\":\"BreadcrumbList\",\"@id\":\"https:\\\/\\\/cardinal-tapes.com\\\/es\\\/cintas-adhesivas-es\\\/cinta-adhesiva-abc\\\/cintas-de-empalme\\\/#breadcrumb\",\"itemListElement\":[{\"@type\":\"ListItem\",\"position\":1,\"name\":\"Startseite\",\"item\":\"https:\\\/\\\/cardinal-tapes.com\\\/es\\\/\"},{\"@type\":\"ListItem\",\"position\":2,\"name\":\"Cintas adhesivas\",\"item\":\"https:\\\/\\\/cardinal-tapes.com\\\/es\\\/cintas-adhesivas-es\\\/\"},{\"@type\":\"ListItem\",\"position\":3,\"name\":\"Cinta adhesiva ABC\",\"item\":\"https:\\\/\\\/cardinal-tapes.com\\\/es\\\/cintas-adhesivas-es__trashed\\\/cinta-adhesiva-abc\\\/\"},{\"@type\":\"ListItem\",\"position\":4,\"name\":\"Cintas de empalme\"}]},{\"@type\":\"WebSite\",\"@id\":\"https:\\\/\\\/cardinal-tapes.com\\\/#website\",\"url\":\"https:\\\/\\\/cardinal-tapes.com\\\/\",\"name\":\"cardinal TAPES\",\"description\":\"Klebetechnik aus Wuppertal\",\"potentialAction\":[{\"@type\":\"SearchAction\",\"target\":{\"@type\":\"EntryPoint\",\"urlTemplate\":\"https:\\\/\\\/cardinal-tapes.com\\\/?s={search_term_string}\"},\"query-input\":{\"@type\":\"PropertyValueSpecification\",\"valueRequired\":true,\"valueName\":\"search_term_string\"}}],\"inLanguage\":\"es\"}]}<\/script>\n<!-- \/ Yoast SEO plugin. -->","yoast_head_json":{"title":"Cintas de empalme - cardinal TAPES","description":"El empalme se utiliza principalmente en la industria papelera. En este proceso, las bandas de papel o pel\u00edcula se unen con ayuda de cintas adhesivas. Para ello se utilizan las llamadas cintas de empalme.","robots":{"index":"index","follow":"follow","max-snippet":"max-snippet:-1","max-image-preview":"max-image-preview:large","max-video-preview":"max-video-preview:-1"},"canonical":"https:\/\/cardinal-tapes.com\/es\/cintas-adhesivas-es\/cinta-adhesiva-abc\/cintas-de-empalme\/","og_locale":"es_ES","og_type":"article","og_title":"Cintas de empalme - cardinal TAPES","og_description":"El empalme se utiliza principalmente en la industria papelera. En este proceso, las bandas de papel o pel\u00edcula se unen con ayuda de cintas adhesivas. Para ello se utilizan las llamadas cintas de empalme.","og_url":"https:\/\/cardinal-tapes.com\/es\/cintas-adhesivas-es\/cinta-adhesiva-abc\/cintas-de-empalme\/","og_site_name":"cardinal TAPES","article_modified_time":"2023-06-14T08:47:25+00:00","twitter_card":"summary_large_image","twitter_misc":{"Tiempo de lectura":"14 minutos"},"schema":{"@context":"https:\/\/schema.org","@graph":[{"@type":"WebPage","@id":"https:\/\/cardinal-tapes.com\/es\/cintas-adhesivas-es\/cinta-adhesiva-abc\/cintas-de-empalme\/","url":"https:\/\/cardinal-tapes.com\/es\/cintas-adhesivas-es\/cinta-adhesiva-abc\/cintas-de-empalme\/","name":"Cintas de empalme - cardinal TAPES","isPartOf":{"@id":"https:\/\/cardinal-tapes.com\/#website"},"datePublished":"2023-06-02T09:00:23+00:00","dateModified":"2023-06-14T08:47:25+00:00","description":"El empalme se utiliza principalmente en la industria papelera. En este proceso, las bandas de papel o pel\u00edcula se unen con ayuda de cintas adhesivas. Para ello se utilizan las llamadas cintas de empalme.","breadcrumb":{"@id":"https:\/\/cardinal-tapes.com\/es\/cintas-adhesivas-es\/cinta-adhesiva-abc\/cintas-de-empalme\/#breadcrumb"},"inLanguage":"es","potentialAction":[{"@type":"ReadAction","target":["https:\/\/cardinal-tapes.com\/es\/cintas-adhesivas-es\/cinta-adhesiva-abc\/cintas-de-empalme\/"]}]},{"@type":"BreadcrumbList","@id":"https:\/\/cardinal-tapes.com\/es\/cintas-adhesivas-es\/cinta-adhesiva-abc\/cintas-de-empalme\/#breadcrumb","itemListElement":[{"@type":"ListItem","position":1,"name":"Startseite","item":"https:\/\/cardinal-tapes.com\/es\/"},{"@type":"ListItem","position":2,"name":"Cintas adhesivas","item":"https:\/\/cardinal-tapes.com\/es\/cintas-adhesivas-es\/"},{"@type":"ListItem","position":3,"name":"Cinta adhesiva ABC","item":"https:\/\/cardinal-tapes.com\/es\/cintas-adhesivas-es__trashed\/cinta-adhesiva-abc\/"},{"@type":"ListItem","position":4,"name":"Cintas de empalme"}]},{"@type":"WebSite","@id":"https:\/\/cardinal-tapes.com\/#website","url":"https:\/\/cardinal-tapes.com\/","name":"cardinal TAPES","description":"Klebetechnik aus Wuppertal","potentialAction":[{"@type":"SearchAction","target":{"@type":"EntryPoint","urlTemplate":"https:\/\/cardinal-tapes.com\/?s={search_term_string}"},"query-input":{"@type":"PropertyValueSpecification","valueRequired":true,"valueName":"search_term_string"}}],"inLanguage":"es"}]}},"_links":{"self":[{"href":"https:\/\/cardinal-tapes.com\/es\/wp-json\/wp\/v2\/pages\/31933","targetHints":{"allow":["GET"]}}],"collection":[{"href":"https:\/\/cardinal-tapes.com\/es\/wp-json\/wp\/v2\/pages"}],"about":[{"href":"https:\/\/cardinal-tapes.com\/es\/wp-json\/wp\/v2\/types\/page"}],"author":[{"embeddable":true,"href":"https:\/\/cardinal-tapes.com\/es\/wp-json\/wp\/v2\/users\/1"}],"replies":[{"embeddable":true,"href":"https:\/\/cardinal-tapes.com\/es\/wp-json\/wp\/v2\/comments?post=31933"}],"version-history":[{"count":0,"href":"https:\/\/cardinal-tapes.com\/es\/wp-json\/wp\/v2\/pages\/31933\/revisions"}],"up":[{"embeddable":true,"href":"https:\/\/cardinal-tapes.com\/es\/wp-json\/wp\/v2\/pages\/30710"}],"wp:attachment":[{"href":"https:\/\/cardinal-tapes.com\/es\/wp-json\/wp\/v2\/media?parent=31933"}],"curies":[{"name":"wp","href":"https:\/\/api.w.org\/{rel}","templated":true}]}}