{"id":31880,"date":"2018-04-23T10:56:51","date_gmt":"2018-04-23T08:56:51","guid":{"rendered":"https:\/\/cardinal.pixel-tal.de\/cintas-adhesivas\/cinta-adhesiva-abc\/cintas-de-montaje-de-placas\/"},"modified":"2023-06-02T11:12:28","modified_gmt":"2023-06-02T09:12:28","slug":"cintas-de-montaje-de-placas","status":"publish","type":"page","link":"https:\/\/cardinal-tapes.com\/es\/cintas-adhesivas-es\/cinta-adhesiva-abc\/cintas-de-montaje-de-placas\/","title":{"rendered":"Cintas de montaje de placas"},"content":{"rendered":"<div id='av_section_1'  class='avia-section av-50eta-4959056e20e58c3603a4f2c694fbb69b alternate_color avia-section-default avia-no-border-styling  avia-builder-el-0  avia-builder-el-no-sibling  avia-bg-style-scroll container_wrap fullsize'  ><div class='container av-section-cont-open' ><main  role=\"main\" itemprop=\"mainContentOfPage\"  class='template-page content  av-content-full alpha units'><div class='post-entry post-entry-type-page post-entry-31880'><div class='entry-content-wrapper clearfix'>\n<div  class='flex_column av-c7rcge-7467d36b7f5ecfc08366afac746daa85 av_one_full  avia-builder-el-1  el_before_av_one_half  avia-builder-el-first  first flex_column_div  '     ><div class=\"pxl-headline pxl-hl hl-wrap | hl-sub--bot hl--align-left hl--no-margin    \">\n        <div class=\"hl-inner\">\n            <h2 class=\"hl-main hl-line |  hl_main--default  \">Cintas de montaje de placas<\/h2>\n            \n    <\/div>\n<\/div><\/div><div  class='flex_column av-aob8vy-24ca10505b0b7b7a81ef26da3054f71d av_one_half  avia-builder-el-3  el_after_av_one_full  el_before_av_one_half  first flex_column_div  column-top-margin'     ><section  class='av_textblock_section av-auil0e-33d3f23e305fbeeb9ac9b8445457e4ae '   itemscope=\"itemscope\" itemtype=\"https:\/\/schema.org\/CreativeWork\" ><div class='avia_textblock'  itemprop=\"text\" ><p>Las cintas de montaje de planchas son cintas adhesivas utilizadas en la <a href=\"https:\/\/cardinal-tapes.com\/klebebaender\/anwendungsgebiete\/druck-und-grafikindustrie\/\">industria gr\u00e1fica<\/a> para el montaje de planchas. El t\u00e9rmino clich\u00e9 hace referencia a una plancha de impresi\u00f3n utilizada en la industria gr\u00e1fica y producida a m\u00e1quina para el proceso de tipograf\u00eda. Los clich\u00e9s tambi\u00e9n se utilizan en el gofrado ciego, el gofrado en relieve y la impresi\u00f3n tipogr\u00e1fica. En este proceso, la cinta de montaje de la placa fija la placa al soporte.<\/p>\n<\/div><\/section><\/div><div  class='flex_column av-9ep0im-952dada90b4c54def5d5f34933ce596a av_one_half  avia-builder-el-5  el_after_av_one_half  avia-builder-el-last  flex_column_div  column-top-margin'     ><section  class='av_textblock_section av-6uuwge-9637ed9112e0c1e26153fc1ac0a15ade '   itemscope=\"itemscope\" itemtype=\"https:\/\/schema.org\/CreativeWork\" ><div class='avia_textblock'  itemprop=\"text\" ><h4>Particularidades y aplicaciones de las cintas de montaje de placas<\/h4>\n<p>Las cintas de montaje de planchas, tal como se han descrito, se utilizan en diversos dise\u00f1os, especialmente en la industria de la impresi\u00f3n. Las propiedades m\u00e1s importantes de las cintas de montaje de placas son, por tanto, su gran fuerza adhesiva por ambas caras. Adem\u00e1s, la cinta de montaje de placas debe ser f\u00e1cil de manipular para que el procesamiento sea r\u00e1pido, sencillo y preciso.<\/p>\n<p>Dado que los requisitos de la industria de la impresi\u00f3n y el estampado son muy variados, en nuestra tienda disponemos de una amplia gama de cintas de montaje de planchas, que estaremos encantados de personalizar para usted. <a href=\"\/ueber-cardinal\/kontakt\/\">Nuestros expertos estar\u00e1n encantados de asesorarle sobre<\/a> las distintas opciones.<\/p>\n<\/div><\/section><\/div>\n","protected":false},"excerpt":{"rendered":"","protected":false},"author":1,"featured_media":0,"parent":30710,"menu_order":17,"comment_status":"closed","ping_status":"closed","template":"","meta":{"_acf_changed":false,"footnotes":""},"class_list":["post-31880","page","type-page","status-publish","hentry"],"acf":[],"yoast_head":"<!-- This site is optimized with the Yoast SEO plugin v27.3 - https:\/\/yoast.com\/product\/yoast-seo-wordpress\/ -->\n<title>Cintas de montaje de placas - cardinal TAPES<\/title>\n<meta name=\"description\" content=\"Las cintas de montaje de planchas son cintas adhesivas utilizadas en la industria gr\u00e1fica para el montaje de planchas. M\u00e1s informaci\u00f3n sobre la cinta aqu\u00ed.\" \/>\n<meta name=\"robots\" content=\"index, follow, max-snippet:-1, max-image-preview:large, max-video-preview:-1\" \/>\n<link rel=\"canonical\" href=\"https:\/\/cardinal-tapes.com\/es\/cintas-adhesivas-es\/cinta-adhesiva-abc\/cintas-de-montaje-de-placas\/\" \/>\n<meta property=\"og:locale\" content=\"es_ES\" \/>\n<meta property=\"og:type\" content=\"article\" \/>\n<meta property=\"og:title\" content=\"Cintas de montaje de placas - cardinal TAPES\" \/>\n<meta property=\"og:description\" content=\"Las cintas de montaje de planchas son cintas adhesivas utilizadas en la industria gr\u00e1fica para el montaje de planchas. M\u00e1s informaci\u00f3n sobre la cinta aqu\u00ed.\" \/>\n<meta property=\"og:url\" content=\"https:\/\/cardinal-tapes.com\/es\/cintas-adhesivas-es\/cinta-adhesiva-abc\/cintas-de-montaje-de-placas\/\" \/>\n<meta property=\"og:site_name\" content=\"cardinal TAPES\" \/>\n<meta property=\"article:modified_time\" content=\"2023-06-02T09:12:28+00:00\" \/>\n<meta name=\"twitter:card\" content=\"summary_large_image\" \/>\n<meta name=\"twitter:label1\" content=\"Tiempo de lectura\" \/>\n\t<meta name=\"twitter:data1\" content=\"9 minutos\" \/>\n<script type=\"application\/ld+json\" class=\"yoast-schema-graph\">{\"@context\":\"https:\\\/\\\/schema.org\",\"@graph\":[{\"@type\":\"WebPage\",\"@id\":\"https:\\\/\\\/cardinal-tapes.com\\\/es\\\/cintas-adhesivas-es\\\/cinta-adhesiva-abc\\\/cintas-de-montaje-de-placas\\\/\",\"url\":\"https:\\\/\\\/cardinal-tapes.com\\\/es\\\/cintas-adhesivas-es\\\/cinta-adhesiva-abc\\\/cintas-de-montaje-de-placas\\\/\",\"name\":\"Cintas de montaje de placas - cardinal TAPES\",\"isPartOf\":{\"@id\":\"https:\\\/\\\/cardinal-tapes.com\\\/#website\"},\"datePublished\":\"2018-04-23T08:56:51+00:00\",\"dateModified\":\"2023-06-02T09:12:28+00:00\",\"description\":\"Las cintas de montaje de planchas son cintas adhesivas utilizadas en la industria gr\u00e1fica para el montaje de planchas. M\u00e1s informaci\u00f3n sobre la cinta aqu\u00ed.\",\"breadcrumb\":{\"@id\":\"https:\\\/\\\/cardinal-tapes.com\\\/es\\\/cintas-adhesivas-es\\\/cinta-adhesiva-abc\\\/cintas-de-montaje-de-placas\\\/#breadcrumb\"},\"inLanguage\":\"es\",\"potentialAction\":[{\"@type\":\"ReadAction\",\"target\":[\"https:\\\/\\\/cardinal-tapes.com\\\/es\\\/cintas-adhesivas-es\\\/cinta-adhesiva-abc\\\/cintas-de-montaje-de-placas\\\/\"]}]},{\"@type\":\"BreadcrumbList\",\"@id\":\"https:\\\/\\\/cardinal-tapes.com\\\/es\\\/cintas-adhesivas-es\\\/cinta-adhesiva-abc\\\/cintas-de-montaje-de-placas\\\/#breadcrumb\",\"itemListElement\":[{\"@type\":\"ListItem\",\"position\":1,\"name\":\"Startseite\",\"item\":\"https:\\\/\\\/cardinal-tapes.com\\\/es\\\/\"},{\"@type\":\"ListItem\",\"position\":2,\"name\":\"Cintas adhesivas\",\"item\":\"https:\\\/\\\/cardinal-tapes.com\\\/es\\\/cintas-adhesivas-es\\\/\"},{\"@type\":\"ListItem\",\"position\":3,\"name\":\"Cinta adhesiva ABC\",\"item\":\"https:\\\/\\\/cardinal-tapes.com\\\/es\\\/cintas-adhesivas-es__trashed\\\/cinta-adhesiva-abc\\\/\"},{\"@type\":\"ListItem\",\"position\":4,\"name\":\"Cintas de montaje de placas\"}]},{\"@type\":\"WebSite\",\"@id\":\"https:\\\/\\\/cardinal-tapes.com\\\/#website\",\"url\":\"https:\\\/\\\/cardinal-tapes.com\\\/\",\"name\":\"cardinal TAPES\",\"description\":\"Klebetechnik aus Wuppertal\",\"potentialAction\":[{\"@type\":\"SearchAction\",\"target\":{\"@type\":\"EntryPoint\",\"urlTemplate\":\"https:\\\/\\\/cardinal-tapes.com\\\/?s={search_term_string}\"},\"query-input\":{\"@type\":\"PropertyValueSpecification\",\"valueRequired\":true,\"valueName\":\"search_term_string\"}}],\"inLanguage\":\"es\"}]}<\/script>\n<!-- \/ Yoast SEO plugin. -->","yoast_head_json":{"title":"Cintas de montaje de placas - cardinal TAPES","description":"Las cintas de montaje de planchas son cintas adhesivas utilizadas en la industria gr\u00e1fica para el montaje de planchas. M\u00e1s informaci\u00f3n sobre la cinta aqu\u00ed.","robots":{"index":"index","follow":"follow","max-snippet":"max-snippet:-1","max-image-preview":"max-image-preview:large","max-video-preview":"max-video-preview:-1"},"canonical":"https:\/\/cardinal-tapes.com\/es\/cintas-adhesivas-es\/cinta-adhesiva-abc\/cintas-de-montaje-de-placas\/","og_locale":"es_ES","og_type":"article","og_title":"Cintas de montaje de placas - cardinal TAPES","og_description":"Las cintas de montaje de planchas son cintas adhesivas utilizadas en la industria gr\u00e1fica para el montaje de planchas. M\u00e1s informaci\u00f3n sobre la cinta aqu\u00ed.","og_url":"https:\/\/cardinal-tapes.com\/es\/cintas-adhesivas-es\/cinta-adhesiva-abc\/cintas-de-montaje-de-placas\/","og_site_name":"cardinal TAPES","article_modified_time":"2023-06-02T09:12:28+00:00","twitter_card":"summary_large_image","twitter_misc":{"Tiempo de lectura":"9 minutos"},"schema":{"@context":"https:\/\/schema.org","@graph":[{"@type":"WebPage","@id":"https:\/\/cardinal-tapes.com\/es\/cintas-adhesivas-es\/cinta-adhesiva-abc\/cintas-de-montaje-de-placas\/","url":"https:\/\/cardinal-tapes.com\/es\/cintas-adhesivas-es\/cinta-adhesiva-abc\/cintas-de-montaje-de-placas\/","name":"Cintas de montaje de placas - cardinal TAPES","isPartOf":{"@id":"https:\/\/cardinal-tapes.com\/#website"},"datePublished":"2018-04-23T08:56:51+00:00","dateModified":"2023-06-02T09:12:28+00:00","description":"Las cintas de montaje de planchas son cintas adhesivas utilizadas en la industria gr\u00e1fica para el montaje de planchas. M\u00e1s informaci\u00f3n sobre la cinta aqu\u00ed.","breadcrumb":{"@id":"https:\/\/cardinal-tapes.com\/es\/cintas-adhesivas-es\/cinta-adhesiva-abc\/cintas-de-montaje-de-placas\/#breadcrumb"},"inLanguage":"es","potentialAction":[{"@type":"ReadAction","target":["https:\/\/cardinal-tapes.com\/es\/cintas-adhesivas-es\/cinta-adhesiva-abc\/cintas-de-montaje-de-placas\/"]}]},{"@type":"BreadcrumbList","@id":"https:\/\/cardinal-tapes.com\/es\/cintas-adhesivas-es\/cinta-adhesiva-abc\/cintas-de-montaje-de-placas\/#breadcrumb","itemListElement":[{"@type":"ListItem","position":1,"name":"Startseite","item":"https:\/\/cardinal-tapes.com\/es\/"},{"@type":"ListItem","position":2,"name":"Cintas adhesivas","item":"https:\/\/cardinal-tapes.com\/es\/cintas-adhesivas-es\/"},{"@type":"ListItem","position":3,"name":"Cinta adhesiva ABC","item":"https:\/\/cardinal-tapes.com\/es\/cintas-adhesivas-es__trashed\/cinta-adhesiva-abc\/"},{"@type":"ListItem","position":4,"name":"Cintas de montaje de placas"}]},{"@type":"WebSite","@id":"https:\/\/cardinal-tapes.com\/#website","url":"https:\/\/cardinal-tapes.com\/","name":"cardinal TAPES","description":"Klebetechnik aus Wuppertal","potentialAction":[{"@type":"SearchAction","target":{"@type":"EntryPoint","urlTemplate":"https:\/\/cardinal-tapes.com\/?s={search_term_string}"},"query-input":{"@type":"PropertyValueSpecification","valueRequired":true,"valueName":"search_term_string"}}],"inLanguage":"es"}]}},"_links":{"self":[{"href":"https:\/\/cardinal-tapes.com\/es\/wp-json\/wp\/v2\/pages\/31880","targetHints":{"allow":["GET"]}}],"collection":[{"href":"https:\/\/cardinal-tapes.com\/es\/wp-json\/wp\/v2\/pages"}],"about":[{"href":"https:\/\/cardinal-tapes.com\/es\/wp-json\/wp\/v2\/types\/page"}],"author":[{"embeddable":true,"href":"https:\/\/cardinal-tapes.com\/es\/wp-json\/wp\/v2\/users\/1"}],"replies":[{"embeddable":true,"href":"https:\/\/cardinal-tapes.com\/es\/wp-json\/wp\/v2\/comments?post=31880"}],"version-history":[{"count":0,"href":"https:\/\/cardinal-tapes.com\/es\/wp-json\/wp\/v2\/pages\/31880\/revisions"}],"up":[{"embeddable":true,"href":"https:\/\/cardinal-tapes.com\/es\/wp-json\/wp\/v2\/pages\/30710"}],"wp:attachment":[{"href":"https:\/\/cardinal-tapes.com\/es\/wp-json\/wp\/v2\/media?parent=31880"}],"curies":[{"name":"wp","href":"https:\/\/api.w.org\/{rel}","templated":true}]}}