{"id":31825,"date":"2023-06-02T10:59:54","date_gmt":"2023-06-02T08:59:54","guid":{"rendered":"https:\/\/cardinal.pixel-tal.de\/cintas-adhesivas\/cinta-adhesiva-abc\/adhesivos-liquidos\/"},"modified":"2023-06-14T10:47:23","modified_gmt":"2023-06-14T08:47:23","slug":"adhesivos-liquidos","status":"publish","type":"page","link":"https:\/\/cardinal-tapes.com\/es\/cintas-adhesivas-es\/cinta-adhesiva-abc\/adhesivos-liquidos\/","title":{"rendered":"Adhesivos l\u00edquidos"},"content":{"rendered":"<div id='av_section_1'  class='avia-section av-cs8d62-27ab67ed7d74aef49f4db39044ffe230 alternate_color avia-section-default avia-no-border-styling  avia-builder-el-0  el_before_av_section  avia-builder-el-first  avia-bg-style-scroll container_wrap fullsize'  ><div class='container av-section-cont-open' ><main  role=\"main\" itemprop=\"mainContentOfPage\"  class='template-page content  av-content-full alpha units'><div class='post-entry post-entry-type-page post-entry-31825'><div class='entry-content-wrapper clearfix'>\n<div  class='flex_column av-116ta2-1b6d7d5e6ce972ebc1d9cd3c6f3fd39d av_one_full  avia-builder-el-1  el_before_av_one_half  avia-builder-el-first  first flex_column_div  '     ><div class=\"pxl-headline pxl-hl hl-wrap | hl-sub--off hl--align-left hl--no-margin    \">\n        <div class=\"hl-inner\">\n            <h2 class=\"hl-main hl-line |  hl_main--default  \">Adhesivos l\u00edquidos<\/h2>\n            \n    <\/div>\n<\/div><\/div><div  class='flex_column av-9ppvuy-1aa34d3dd7061d68f727cd35d7075b1b av_one_half  avia-builder-el-3  el_after_av_one_full  el_before_av_one_half  first flex_column_div  column-top-margin'     ><section  class='av_textblock_section av-bin7dm-d89811aeab65aec347688f3cbfa9e278 '   itemscope=\"itemscope\" itemtype=\"https:\/\/schema.org\/CreativeWork\" ><div class='avia_textblock'  itemprop=\"text\" ><p>Nuestros adhesivos l\u00edquidos se utilizan cuando nuestros clientes desean una adhesi\u00f3n inmediata. El f\u00e1cil manejo y la r\u00e1pida adhesi\u00f3n final son claras ventajas de nuestros adhesivos l\u00edquidos. Como distribuidor especializado en adhesivos l\u00edquidos, cardinal TAPES puede actuar con especial rapidez y flexibilidad para el cliente en el mercado con v\u00edas de decisi\u00f3n cortas.<\/p>\n<\/div><\/section><\/div><div  class='flex_column av-86naei-a77a4f13ed107bade0b0b33e5384a106 av_one_half  avia-builder-el-5  el_after_av_one_half  avia-builder-el-last  flex_column_div  column-top-margin'     ><section  class='av_textblock_section av-875xp6-f83a70122c7db6385b1050efe9582e88 '   itemscope=\"itemscope\" itemtype=\"https:\/\/schema.org\/CreativeWork\" ><div class='avia_textblock'  itemprop=\"text\" ><h4>Nuestros adhesivos l\u00edquidos<\/h4>\n<p>Nuestra gama de productos se ampl\u00eda constantemente y, por tanto, se mantiene al d\u00eda de los \u00faltimos avances. Nuestras resinas de impregnaci\u00f3n, adhesivos de curado UV, adhesivos de cianoacrilato y adhesivos epoxi y PU se utilizan en muchos \u00e1mbitos diferentes. Nuestros adhesivos se utilizan, por ejemplo, para el tratamiento de superficies, el sellado de superficies, el pegado y sellado de cristales, as\u00ed como para la reparaci\u00f3n de ventanas.<\/p>\n<p>La siguiente lista de nuestros adhesivos l\u00edquidos le servir\u00e1 de resumen, encontrar\u00e1 una selecci\u00f3n de cintas adhesivas que se han desarrollado para aplicaciones y clientes espec\u00edficos. Si no encuentra aqu\u00ed una soluci\u00f3n adecuada a sus necesidades especiales, p\u00f3ngase en contacto con nosotros <a href=\"\/ueber-cardinal\/kontakt\/\">personalmente<\/a>.<\/p>\n<\/div><\/section><\/div>\n\n<\/div><\/div><\/main><!-- close content main element --><\/div><\/div><div id='av_section_2'  class='avia-section av-67mhne-0a2b0f556d4df003e2177de9c9a57980 main_color avia-section-default avia-no-border-styling  avia-builder-el-7  el_after_av_section  avia-builder-el-last  gradient-section avia-bg-style-scroll container_wrap fullsize'  ><div class='container av-section-cont-open' ><div class='template-page content  av-content-full alpha units'><div class='post-entry post-entry-type-page post-entry-31825'><div class='entry-content-wrapper clearfix'>\n<div  class='flex_column av-4mu5yy-fc8e44d14c65d37f6b3b83ad9ff85f22 av_one_full  avia-builder-el-8  avia-builder-el-no-sibling  first flex_column_div  '     ><p><div class=\"pxl-headline pxl-hl hl-wrap | hl-sub--off hl--align-left hl--no-margin    \">\n        <div class=\"hl-inner\">\n            <h2 class=\"hl-main hl-line |  hl_main--default  \">Productos interesantes<\/h2>\n            \n    <\/div>\n<\/div>\n<br \/>\n<div   data-autoplay=''  data-interval='5'  data-animation='fade'  data-hoverpause='1'  class='template-shop avia-content-slider avia-content-slider-active avia-product-slider1 avia-content-slider-even  avia-builder-el-10  el_after_pixel_sc_headline  el_before_av_button   shop_columns_4' ><div class='avia-content-slider-inner'><ul class=\"products slide-entry-wrap\"><li class=\"product type-product post-51621 status-publish first instock product_cat-adhesivos-liquidos product_cat-adhesivos has-post-thumbnail taxable shipping-taxable purchasable product-type-simple\">\n\t<div class='inner_product main_color wrapped_style noLightbox  av-product-class-no_button'><a href=\"https:\/\/cardinal-tapes.com\/es\/cintas-adhesivas\/adhesivos-liquidos\/adhesivos\/3m-limpiadora-industrial\/\" class=\"woocommerce-LoopProduct-link woocommerce-loop-product__link\"><div class=\"thumbnail_container\"><img decoding=\"async\" loading=\"lazy\" width=\"180\" height=\"300\" src=\"https:\/\/cardinal-tapes.com\/wp-content\/uploads\/3m-ic-photo-500-ml-fb-180x300.jpg\" class=\"wp-image-27335 avia-img-lazy-loading-27335 attachment-shop_catalog size-shop_catalog wp-post-image\" alt=\"3M\u2122 Limpiador Industrial - , ,  - Ilustraci\u00f3n 27335\" \/><span class=\"cart-loading\"><\/span><\/div><div class='inner_product_header'><div class='avia-arrow'><\/div><div class='inner_product_header_table'><div class='inner_product_header_cell'><span class=\"is-h2 woocommerce-loop-product__title\">3M\u2122 Limpiador Industrial<\/span>\t\t<div class=\"product-infos\">\n\t\t\t\t\t\t\t\t\t\t\t\t\t<span class='product-infos__item'><b>Fabricante:<\/b> 3M<\/span>\n\t\t\t\t\t\t\t\t\t\t<span class='product-infos__item'><b>Precio a la carta<\/b><\/span>\n\t\t\t\t\t<\/div>\n\t<\/div><\/div><\/div><\/a><\/div><\/li>\n<li class=\"product type-product post-60357 status-publish instock product_cat-adhesivos has-post-thumbnail taxable shipping-taxable purchasable product-type-simple\">\n\t<div class='inner_product main_color wrapped_style noLightbox  av-product-class-no_button'><a href=\"https:\/\/cardinal-tapes.com\/es\/cintas-adhesivas\/adhesivos-liquidos\/adhesivos\/3m-76-aerosol-adhesivo-sobre-elastomeros-sinteticos\/\" class=\"woocommerce-LoopProduct-link woocommerce-loop-product__link\"><div class=\"thumbnail_container\"><img decoding=\"async\" loading=\"lazy\" width=\"450\" height=\"450\" src=\"https:\/\/cardinal-tapes.com\/wp-content\/uploads\/3m_aerosol-klebstoff_76-450x450.jpg\" class=\"wp-image-25463 avia-img-lazy-loading-25463 attachment-shop_catalog size-shop_catalog wp-post-image\" alt=\"3M\u2122 76 Adhesivo en aerosol a base de elast\u00f3meros sint\u00e9ticos - , , Elast\u00f3meros - Ilustraci\u00f3n 25463\" srcset=\"https:\/\/cardinal-tapes.com\/wp-content\/uploads\/3m_aerosol-klebstoff_76-450x450.jpg 450w, https:\/\/cardinal-tapes.com\/wp-content\/uploads\/3m_aerosol-klebstoff_76-120x120.jpg 120w, https:\/\/cardinal-tapes.com\/wp-content\/uploads\/3m_aerosol-klebstoff_76-80x80.jpg 80w, https:\/\/cardinal-tapes.com\/wp-content\/uploads\/3m_aerosol-klebstoff_76-200x200.jpg 200w, https:\/\/cardinal-tapes.com\/wp-content\/uploads\/3m_aerosol-klebstoff_76-36x36.jpg 36w, https:\/\/cardinal-tapes.com\/wp-content\/uploads\/3m_aerosol-klebstoff_76-180x180.jpg 180w, https:\/\/cardinal-tapes.com\/wp-content\/uploads\/3m_aerosol-klebstoff_76-100x100.jpg 100w, https:\/\/cardinal-tapes.com\/wp-content\/uploads\/3m_aerosol-klebstoff_76.jpg 600w\" sizes=\"auto, (max-width: 450px) 100vw, 450px\" \/><span class=\"cart-loading\"><\/span><\/div><div class='inner_product_header'><div class='avia-arrow'><\/div><div class='inner_product_header_table'><div class='inner_product_header_cell'><span class=\"is-h2 woocommerce-loop-product__title\">3M\u2122 76 Adhesivo en aerosol a base de elast\u00f3meros sint\u00e9ticos<\/span>\t\t<div class=\"product-infos\">\n\t\t\t\t\t\t\t\t\t\t\t\t\t<span class='product-infos__item'><b>Fabricante:<\/b> 3M<\/span>\n\t\t\t\t\t\t\t\t\t\t<span class='product-infos__item'><b>Precio a la carta<\/b><\/span>\n\t\t\t\t\t<\/div>\n\t<\/div><\/div><\/div><\/a><\/div><\/li>\n<li class=\"product type-product post-60356 status-publish instock product_cat-adhesivos has-post-thumbnail taxable shipping-taxable purchasable product-type-simple\">\n\t<div class='inner_product main_color wrapped_style noLightbox  av-product-class-no_button'><a href=\"https:\/\/cardinal-tapes.com\/es\/cintas-adhesivas\/adhesivos-liquidos\/adhesivos\/3m-80-aerosol-adhesivo-a-base-de-policloropreno\/\" class=\"woocommerce-LoopProduct-link woocommerce-loop-product__link\"><div class=\"thumbnail_container\"><img decoding=\"async\" loading=\"lazy\" width=\"450\" height=\"450\" src=\"https:\/\/cardinal-tapes.com\/wp-content\/uploads\/3m_aerosol-klebstoff_80-450x450.jpg\" class=\"wp-image-25483 avia-img-lazy-loading-25483 attachment-shop_catalog size-shop_catalog wp-post-image\" alt=\"3M\u2122 80 Aaerosol adhesivo a base de policloropreno - , ,  - Ilustraci\u00f3n 25483\" srcset=\"https:\/\/cardinal-tapes.com\/wp-content\/uploads\/3m_aerosol-klebstoff_80-450x450.jpg 450w, https:\/\/cardinal-tapes.com\/wp-content\/uploads\/3m_aerosol-klebstoff_80-120x120.jpg 120w, https:\/\/cardinal-tapes.com\/wp-content\/uploads\/3m_aerosol-klebstoff_80-80x80.jpg 80w, https:\/\/cardinal-tapes.com\/wp-content\/uploads\/3m_aerosol-klebstoff_80-200x200.jpg 200w, https:\/\/cardinal-tapes.com\/wp-content\/uploads\/3m_aerosol-klebstoff_80-36x36.jpg 36w, https:\/\/cardinal-tapes.com\/wp-content\/uploads\/3m_aerosol-klebstoff_80-180x180.jpg 180w, https:\/\/cardinal-tapes.com\/wp-content\/uploads\/3m_aerosol-klebstoff_80-100x100.jpg 100w, https:\/\/cardinal-tapes.com\/wp-content\/uploads\/3m_aerosol-klebstoff_80.jpg 600w\" sizes=\"auto, (max-width: 450px) 100vw, 450px\" \/><span class=\"cart-loading\"><\/span><\/div><div class='inner_product_header'><div class='avia-arrow'><\/div><div class='inner_product_header_table'><div class='inner_product_header_cell'><span class=\"is-h2 woocommerce-loop-product__title\">3M\u2122 80 Aaerosol adhesivo a base de policloropreno<\/span>\t\t<div class=\"product-infos\">\n\t\t\t\t\t\t\t\t\t\t\t\t\t<span class='product-infos__item'><b>Fabricante:<\/b> 3M<\/span>\n\t\t\t\t\t\t\t\t\t\t<span class='product-infos__item'><b>Precio a la carta<\/b><\/span>\n\t\t\t\t\t<\/div>\n\t<\/div><\/div><\/div><\/a><\/div><\/li>\n<li class=\"product type-product post-60360 status-publish last instock product_cat-adhesivos has-post-thumbnail taxable shipping-taxable purchasable product-type-simple\">\n\t<div class='inner_product main_color wrapped_style noLightbox  av-product-class-no_button'><a href=\"https:\/\/cardinal-tapes.com\/es\/cintas-adhesivas\/adhesivos-liquidos\/adhesivos\/3m-75-adhesivo-en-aerosol-a-base-de-elastomeros-sinteticos\/\" class=\"woocommerce-LoopProduct-link woocommerce-loop-product__link\"><div class=\"thumbnail_container\"><img decoding=\"async\" loading=\"lazy\" width=\"450\" height=\"450\" src=\"https:\/\/cardinal-tapes.com\/wp-content\/uploads\/3m_aerosol-klebstoff_75-450x450.jpg\" class=\"wp-image-25487 avia-img-lazy-loading-25487 attachment-shop_catalog size-shop_catalog wp-post-image\" alt=\"3M\u2122 75 Adhesivo en aerosol a base de elast\u00f3meros sint\u00e9ticos. - , , Elast\u00f3meros - Ilustraci\u00f3n 25487\" srcset=\"https:\/\/cardinal-tapes.com\/wp-content\/uploads\/3m_aerosol-klebstoff_75-450x450.jpg 450w, https:\/\/cardinal-tapes.com\/wp-content\/uploads\/3m_aerosol-klebstoff_75-120x120.jpg 120w, https:\/\/cardinal-tapes.com\/wp-content\/uploads\/3m_aerosol-klebstoff_75-80x80.jpg 80w, https:\/\/cardinal-tapes.com\/wp-content\/uploads\/3m_aerosol-klebstoff_75-200x200.jpg 200w, https:\/\/cardinal-tapes.com\/wp-content\/uploads\/3m_aerosol-klebstoff_75-36x36.jpg 36w, https:\/\/cardinal-tapes.com\/wp-content\/uploads\/3m_aerosol-klebstoff_75-180x180.jpg 180w, https:\/\/cardinal-tapes.com\/wp-content\/uploads\/3m_aerosol-klebstoff_75-100x100.jpg 100w, https:\/\/cardinal-tapes.com\/wp-content\/uploads\/3m_aerosol-klebstoff_75.jpg 600w\" sizes=\"auto, (max-width: 450px) 100vw, 450px\" \/><span class=\"cart-loading\"><\/span><\/div><div class='inner_product_header'><div class='avia-arrow'><\/div><div class='inner_product_header_table'><div class='inner_product_header_cell'><span class=\"is-h2 woocommerce-loop-product__title\">3M\u2122 75 Adhesivo en aerosol a base de elast\u00f3meros sint\u00e9ticos.<\/span>\t\t<div class=\"product-infos\">\n\t\t\t\t\t\t\t\t\t\t\t\t\t<span class='product-infos__item'><b>Fabricante:<\/b> 3M<\/span>\n\t\t\t\t\t\t\t\t\t\t<span class='product-infos__item'><b>Precio a la carta<\/b><\/span>\n\t\t\t\t\t<\/div>\n\t<\/div><\/div><\/div><\/a><\/div><\/li>\n<\/ul><\/div><\/div><div class=\"clear\"><\/div><br \/>\n<div  class='avia-button-wrap av-1u0eoa-fc8323ef14ba9f848a55726ef191b4ba-wrap avia-button-left '><a href='https:\/\/cardinal-tapes.com\/klebebaender\/'  class='avia-button av-1u0eoa-fc8323ef14ba9f848a55726ef191b4ba avia-icon_select-no avia-size-medium avia-position-left avia-color-theme-color layout-border color-white'  ><span class='avia_iconbox_title' >Todos los productos<\/span><\/a><\/div><\/p><\/div>\n","protected":false},"excerpt":{"rendered":"","protected":false},"author":1,"featured_media":0,"parent":30710,"menu_order":31,"comment_status":"closed","ping_status":"closed","template":"","meta":{"_acf_changed":false,"footnotes":""},"class_list":["post-31825","page","type-page","status-publish","hentry"],"acf":[],"yoast_head":"<!-- This site is optimized with the Yoast SEO plugin v27.4 - https:\/\/yoast.com\/product\/yoast-seo-wordpress\/ -->\n<title>Adhesivos l\u00edquidos - cardinal TAPES<\/title>\n<meta name=\"description\" content=\"Como distribuidor especializado en adhesivos l\u00edquidos, cardinal TAPES puede actuar con especial rapidez y flexibilidad para el cliente en el mercado con v\u00edas de decisi\u00f3n cortas.\" \/>\n<meta name=\"robots\" content=\"index, follow, max-snippet:-1, max-image-preview:large, max-video-preview:-1\" \/>\n<link rel=\"canonical\" href=\"https:\/\/cardinal-tapes.com\/es\/cintas-adhesivas-es\/cinta-adhesiva-abc\/adhesivos-liquidos\/\" \/>\n<meta property=\"og:locale\" content=\"es_ES\" \/>\n<meta property=\"og:type\" content=\"article\" \/>\n<meta property=\"og:title\" content=\"Adhesivos l\u00edquidos - cardinal TAPES\" \/>\n<meta property=\"og:description\" content=\"Como distribuidor especializado en adhesivos l\u00edquidos, cardinal TAPES puede actuar con especial rapidez y flexibilidad para el cliente en el mercado con v\u00edas de decisi\u00f3n cortas.\" \/>\n<meta property=\"og:url\" content=\"https:\/\/cardinal-tapes.com\/es\/cintas-adhesivas-es\/cinta-adhesiva-abc\/adhesivos-liquidos\/\" \/>\n<meta property=\"og:site_name\" content=\"cardinal TAPES\" \/>\n<meta property=\"article:modified_time\" content=\"2023-06-14T08:47:23+00:00\" \/>\n<meta name=\"twitter:card\" content=\"summary_large_image\" \/>\n<meta name=\"twitter:label1\" content=\"Tiempo de lectura\" \/>\n\t<meta name=\"twitter:data1\" content=\"14 minutos\" \/>\n<script type=\"application\/ld+json\" class=\"yoast-schema-graph\">{\"@context\":\"https:\\\/\\\/schema.org\",\"@graph\":[{\"@type\":\"WebPage\",\"@id\":\"https:\\\/\\\/cardinal-tapes.com\\\/es\\\/cintas-adhesivas-es\\\/cinta-adhesiva-abc\\\/adhesivos-liquidos\\\/\",\"url\":\"https:\\\/\\\/cardinal-tapes.com\\\/es\\\/cintas-adhesivas-es\\\/cinta-adhesiva-abc\\\/adhesivos-liquidos\\\/\",\"name\":\"Adhesivos l\u00edquidos - cardinal TAPES\",\"isPartOf\":{\"@id\":\"https:\\\/\\\/cardinal-tapes.com\\\/#website\"},\"datePublished\":\"2023-06-02T08:59:54+00:00\",\"dateModified\":\"2023-06-14T08:47:23+00:00\",\"description\":\"Como distribuidor especializado en adhesivos l\u00edquidos, cardinal TAPES puede actuar con especial rapidez y flexibilidad para el cliente en el mercado con v\u00edas de decisi\u00f3n cortas.\",\"breadcrumb\":{\"@id\":\"https:\\\/\\\/cardinal-tapes.com\\\/es\\\/cintas-adhesivas-es\\\/cinta-adhesiva-abc\\\/adhesivos-liquidos\\\/#breadcrumb\"},\"inLanguage\":\"es\",\"potentialAction\":[{\"@type\":\"ReadAction\",\"target\":[\"https:\\\/\\\/cardinal-tapes.com\\\/es\\\/cintas-adhesivas-es\\\/cinta-adhesiva-abc\\\/adhesivos-liquidos\\\/\"]}]},{\"@type\":\"BreadcrumbList\",\"@id\":\"https:\\\/\\\/cardinal-tapes.com\\\/es\\\/cintas-adhesivas-es\\\/cinta-adhesiva-abc\\\/adhesivos-liquidos\\\/#breadcrumb\",\"itemListElement\":[{\"@type\":\"ListItem\",\"position\":1,\"name\":\"Startseite\",\"item\":\"https:\\\/\\\/cardinal-tapes.com\\\/es\\\/\"},{\"@type\":\"ListItem\",\"position\":2,\"name\":\"Cintas adhesivas\",\"item\":\"https:\\\/\\\/cardinal-tapes.com\\\/es\\\/cintas-adhesivas-es\\\/\"},{\"@type\":\"ListItem\",\"position\":3,\"name\":\"Cinta adhesiva ABC\",\"item\":\"https:\\\/\\\/cardinal-tapes.com\\\/es\\\/cintas-adhesivas-es__trashed\\\/cinta-adhesiva-abc\\\/\"},{\"@type\":\"ListItem\",\"position\":4,\"name\":\"Adhesivos l\u00edquidos\"}]},{\"@type\":\"WebSite\",\"@id\":\"https:\\\/\\\/cardinal-tapes.com\\\/#website\",\"url\":\"https:\\\/\\\/cardinal-tapes.com\\\/\",\"name\":\"cardinal TAPES\",\"description\":\"Klebetechnik aus Wuppertal\",\"potentialAction\":[{\"@type\":\"SearchAction\",\"target\":{\"@type\":\"EntryPoint\",\"urlTemplate\":\"https:\\\/\\\/cardinal-tapes.com\\\/?s={search_term_string}\"},\"query-input\":{\"@type\":\"PropertyValueSpecification\",\"valueRequired\":true,\"valueName\":\"search_term_string\"}}],\"inLanguage\":\"es\"}]}<\/script>\n<!-- \/ Yoast SEO plugin. -->","yoast_head_json":{"title":"Adhesivos l\u00edquidos - cardinal TAPES","description":"Como distribuidor especializado en adhesivos l\u00edquidos, cardinal TAPES puede actuar con especial rapidez y flexibilidad para el cliente en el mercado con v\u00edas de decisi\u00f3n cortas.","robots":{"index":"index","follow":"follow","max-snippet":"max-snippet:-1","max-image-preview":"max-image-preview:large","max-video-preview":"max-video-preview:-1"},"canonical":"https:\/\/cardinal-tapes.com\/es\/cintas-adhesivas-es\/cinta-adhesiva-abc\/adhesivos-liquidos\/","og_locale":"es_ES","og_type":"article","og_title":"Adhesivos l\u00edquidos - cardinal TAPES","og_description":"Como distribuidor especializado en adhesivos l\u00edquidos, cardinal TAPES puede actuar con especial rapidez y flexibilidad para el cliente en el mercado con v\u00edas de decisi\u00f3n cortas.","og_url":"https:\/\/cardinal-tapes.com\/es\/cintas-adhesivas-es\/cinta-adhesiva-abc\/adhesivos-liquidos\/","og_site_name":"cardinal TAPES","article_modified_time":"2023-06-14T08:47:23+00:00","twitter_card":"summary_large_image","twitter_misc":{"Tiempo de lectura":"14 minutos"},"schema":{"@context":"https:\/\/schema.org","@graph":[{"@type":"WebPage","@id":"https:\/\/cardinal-tapes.com\/es\/cintas-adhesivas-es\/cinta-adhesiva-abc\/adhesivos-liquidos\/","url":"https:\/\/cardinal-tapes.com\/es\/cintas-adhesivas-es\/cinta-adhesiva-abc\/adhesivos-liquidos\/","name":"Adhesivos l\u00edquidos - cardinal TAPES","isPartOf":{"@id":"https:\/\/cardinal-tapes.com\/#website"},"datePublished":"2023-06-02T08:59:54+00:00","dateModified":"2023-06-14T08:47:23+00:00","description":"Como distribuidor especializado en adhesivos l\u00edquidos, cardinal TAPES puede actuar con especial rapidez y flexibilidad para el cliente en el mercado con v\u00edas de decisi\u00f3n cortas.","breadcrumb":{"@id":"https:\/\/cardinal-tapes.com\/es\/cintas-adhesivas-es\/cinta-adhesiva-abc\/adhesivos-liquidos\/#breadcrumb"},"inLanguage":"es","potentialAction":[{"@type":"ReadAction","target":["https:\/\/cardinal-tapes.com\/es\/cintas-adhesivas-es\/cinta-adhesiva-abc\/adhesivos-liquidos\/"]}]},{"@type":"BreadcrumbList","@id":"https:\/\/cardinal-tapes.com\/es\/cintas-adhesivas-es\/cinta-adhesiva-abc\/adhesivos-liquidos\/#breadcrumb","itemListElement":[{"@type":"ListItem","position":1,"name":"Startseite","item":"https:\/\/cardinal-tapes.com\/es\/"},{"@type":"ListItem","position":2,"name":"Cintas adhesivas","item":"https:\/\/cardinal-tapes.com\/es\/cintas-adhesivas-es\/"},{"@type":"ListItem","position":3,"name":"Cinta adhesiva ABC","item":"https:\/\/cardinal-tapes.com\/es\/cintas-adhesivas-es__trashed\/cinta-adhesiva-abc\/"},{"@type":"ListItem","position":4,"name":"Adhesivos l\u00edquidos"}]},{"@type":"WebSite","@id":"https:\/\/cardinal-tapes.com\/#website","url":"https:\/\/cardinal-tapes.com\/","name":"cardinal TAPES","description":"Klebetechnik aus Wuppertal","potentialAction":[{"@type":"SearchAction","target":{"@type":"EntryPoint","urlTemplate":"https:\/\/cardinal-tapes.com\/?s={search_term_string}"},"query-input":{"@type":"PropertyValueSpecification","valueRequired":true,"valueName":"search_term_string"}}],"inLanguage":"es"}]}},"_links":{"self":[{"href":"https:\/\/cardinal-tapes.com\/es\/wp-json\/wp\/v2\/pages\/31825","targetHints":{"allow":["GET"]}}],"collection":[{"href":"https:\/\/cardinal-tapes.com\/es\/wp-json\/wp\/v2\/pages"}],"about":[{"href":"https:\/\/cardinal-tapes.com\/es\/wp-json\/wp\/v2\/types\/page"}],"author":[{"embeddable":true,"href":"https:\/\/cardinal-tapes.com\/es\/wp-json\/wp\/v2\/users\/1"}],"replies":[{"embeddable":true,"href":"https:\/\/cardinal-tapes.com\/es\/wp-json\/wp\/v2\/comments?post=31825"}],"version-history":[{"count":0,"href":"https:\/\/cardinal-tapes.com\/es\/wp-json\/wp\/v2\/pages\/31825\/revisions"}],"up":[{"embeddable":true,"href":"https:\/\/cardinal-tapes.com\/es\/wp-json\/wp\/v2\/pages\/30710"}],"wp:attachment":[{"href":"https:\/\/cardinal-tapes.com\/es\/wp-json\/wp\/v2\/media?parent=31825"}],"curies":[{"name":"wp","href":"https:\/\/api.w.org\/{rel}","templated":true}]}}