{"id":31755,"date":"2023-06-02T10:59:53","date_gmt":"2023-06-02T08:59:53","guid":{"rendered":"https:\/\/cardinal.pixel-tal.de\/cintas-adhesivas\/cinta-adhesiva-abc\/peliculas-y-cintas-de-embalaje\/"},"modified":"2023-06-14T10:47:24","modified_gmt":"2023-06-14T08:47:24","slug":"peliculas-y-cintas-de-embalaje","status":"publish","type":"page","link":"https:\/\/cardinal-tapes.com\/es\/cintas-adhesivas-es\/cinta-adhesiva-abc\/peliculas-y-cintas-de-embalaje\/","title":{"rendered":"Pel\u00edculas y cintas de embalaje"},"content":{"rendered":"<div id='av_section_1'  class='avia-section av-d2w8ly-42c55ecf92f4a6ce29f5d0336b00ef3a alternate_color avia-section-default avia-no-border-styling  avia-builder-el-0  el_before_av_section  avia-builder-el-first  avia-bg-style-scroll container_wrap fullsize'  ><div class='container av-section-cont-open' ><main  role=\"main\" itemprop=\"mainContentOfPage\"  class='template-page content  av-content-full alpha units'><div class='post-entry post-entry-type-page post-entry-31755'><div class='entry-content-wrapper clearfix'>\n<div  class='flex_column av-40yvq-7bcc5640f6e80e101df99dd5f68dd394 av_one_full  avia-builder-el-1  el_before_av_one_half  avia-builder-el-first  first flex_column_div  '     ><div class=\"pxl-headline pxl-hl hl-wrap | hl-sub--off hl--align-left hl--no-margin    \">\n        <div class=\"hl-inner\">\n            <h2 class=\"hl-main hl-line |  hl_main--default  \">Pel\u00edculas y cintas de embalaje<\/h2>\n            \n    <\/div>\n<\/div><\/div><div  class='flex_column av-9vksg6-d6e133d2f34aaf36df1e6bcf3bf75fc4 av_one_half  avia-builder-el-3  el_after_av_one_full  el_before_av_one_half  first flex_column_div  column-top-margin'     ><section  class='av_textblock_section av-bciv9y-dd9d5bc87017b9683563b7405558c237 '   itemscope=\"itemscope\" itemtype=\"https:\/\/schema.org\/CreativeWork\" ><div class='avia_textblock'  itemprop=\"text\" ><p>Las cintas de film y embalaje, tambi\u00e9n conocidas como cintas de embalaje, se utilizan para el sellado ideal de todo tipo de envases, adaptadas individualmente a su demanda. Como socio de ventas de cintas adhesivas t\u00e9cnicas, disponemos de una variada selecci\u00f3n de cintas de embalaje. Nuestras cintas de PVC se utilizan a menudo para envases medianos y grandes. Para envases de cart\u00f3n ligeros, recomendamos cintas adhesivas PP de polipropileno. Concedemos gran importancia a la resistencia al desgarro y a la alta fuerza adhesiva de nuestra gama de productos, porque nuestras cintas de embalaje tienen que adherirse de forma fiable incluso en largas distancias de transporte. Adem\u00e1s, hay que tener en cuenta que las pel\u00edculas y cintas de embalaje garantizan una cierta resistencia al fr\u00edo y al calor para permitir tambi\u00e9n archivar o precintar las mercanc\u00edas almacenadas.<\/p>\n<\/div><\/section><\/div><div  class='flex_column av-7vm4k6-c0ed77bca87564b2ec331f6b55af0f99 av_one_half  avia-builder-el-5  el_after_av_one_half  avia-builder-el-last  flex_column_div  column-top-margin'     ><section  class='av_textblock_section av-7zvdja-614949f327eca278fdc11f56957c9b38 '   itemscope=\"itemscope\" itemtype=\"https:\/\/schema.org\/CreativeWork\" ><div class='avia_textblock'  itemprop=\"text\" ><h4>Nuestras pel\u00edculas y cintas de embalaje<\/h4>\n<p>Nuestras cintas de film y embalaje de alta calidad no dejan casi nada que desear, con nuestras cintas puede precintar, empaquetar e incluso marcar sus productos con un mensaje publicitario directo. Adem\u00e1s, imprimimos cintas adhesivas con el logotipo de su empresa o las letras que desee. Para satisfacer sus necesidades individuales, disponemos de una amplia variedad de cintas de embalaje en diferentes colores, tama\u00f1os y tambi\u00e9n en rollos largos.<\/p>\n<p>La siguiente lista de nuestras pel\u00edculas y cintas de embalaje sirve de resumen. Si no encuentra aqu\u00ed una soluci\u00f3n adecuada a sus necesidades especiales, p\u00f3ngase en contacto con nosotros personalmente. Nuestra gama de productos se ampl\u00eda constantemente y se mantiene al d\u00eda de los \u00faltimos avances. Tambi\u00e9n encontraremos soluciones \u00f3ptimas para sus deseos individuales. P\u00f3ngase en contacto con nosotros y estaremos encantados de ayudarle.<\/p>\n<\/div><\/section><\/div>\n\n<\/div><\/div><\/main><!-- close content main element --><\/div><\/div><div id='av_section_2'  class='avia-section av-5zv7mu-cce98d1f3af584314404c708ee916f05 main_color avia-section-default avia-no-border-styling  avia-builder-el-7  el_after_av_section  avia-builder-el-last  gradient-section avia-bg-style-scroll container_wrap fullsize'  ><div class='container av-section-cont-open' ><div class='template-page content  av-content-full alpha units'><div class='post-entry post-entry-type-page post-entry-31755'><div class='entry-content-wrapper clearfix'>\n<div  class='flex_column av-4udarq-d8173c28cc854c228974094817054b2c av_one_full  avia-builder-el-8  avia-builder-el-no-sibling  first flex_column_div  '     ><p><div class=\"pxl-headline pxl-hl hl-wrap | hl-sub--off hl--align-left hl--no-margin    \">\n        <div class=\"hl-inner\">\n            <h2 class=\"hl-main hl-line |  hl_main--default  \">Productos interesantes<\/h2>\n            \n    <\/div>\n<\/div>\n<br \/>\n<div   data-autoplay=''  data-interval='5'  data-animation='fade'  data-hoverpause='1'  class='template-shop avia-content-slider avia-content-slider-active avia-product-slider1 avia-content-slider-even  avia-builder-el-10  el_after_pixel_sc_headline  el_before_av_button   shop_columns_4' ><div class='avia-content-slider-inner'><ul class=\"products slide-entry-wrap\"><li class=\"product type-product post-37516 status-publish first instock product_cat-cintas-adhesivas-de-una-cara product_cat-film-pp product_cat-sistemas-de-envasado has-post-thumbnail taxable shipping-taxable purchasable product-type-variable\">\n\t<div class='inner_product main_color wrapped_style noLightbox  av-product-class-no_button'><a href=\"https:\/\/cardinal-tapes.com\/es\/cintas-adhesivas\/cintas-adhesivas-de-una-cara\/film-pp\/tesa-pack-4024\/\" class=\"woocommerce-LoopProduct-link woocommerce-loop-product__link\"><div class=\"thumbnail_container\"><img decoding=\"async\" loading=\"lazy\" width=\"450\" height=\"354\" src=\"https:\/\/cardinal-tapes.com\/wp-content\/uploads\/tesa-04024mu84-15-pa-002-fullsize171322_canvas1x1_5-450x354.jpg\" class=\"wp-image-28307 avia-img-lazy-loading-28307 attachment-shop_catalog size-shop_catalog wp-post-image\" alt=\"Cinta de embalaje tesapack\u00ae 4024 PV4 - unilateral, Pel\u00edcula PP, Acr\u00edlico - Ilustraci\u00f3n 28307\" \/><\/div><div class='inner_product_header'><div class='avia-arrow'><\/div><div class='inner_product_header_table'><div class='inner_product_header_cell'><span class=\"is-h2 woocommerce-loop-product__title\">Cinta de embalaje tesapack\u00ae 4024 PV4<\/span>\t\t<div class=\"product-infos\">\n\t\t\t\t\t\t\t<span class='product-infos__item'><b>Revestimiento:<\/b> unilateral<\/span>\n\t\t\t\t\t\t\t\t\t\t<span class='product-infos__item'><b>Tipo de material:<\/b> Pel\u00edcula PP<\/span>\n\t\t\t\t\t\t\t\t\t\t<span class='product-infos__item'><b>Fabricante:<\/b> tesa<\/span>\n\t\t\t\t\t\t\t\t\t\t<span class='product-infos__item'><b>Precio a la carta<\/b><\/span>\n\t\t\t\t\t<\/div>\n\t<\/div><\/div><\/div><\/a><\/div><\/li>\n<li class=\"product type-product post-59685 status-publish instock product_cat-film-pp product_cat-sistemas-de-envasado product_cat-sector-del-transporte product_cat-cintas-adhesivas-de-una-cara has-post-thumbnail taxable shipping-taxable purchasable product-type-variable\">\n\t<div class='inner_product main_color wrapped_style noLightbox  av-product-class-no_button'><a href=\"https:\/\/cardinal-tapes.com\/es\/cintas-adhesivas\/cintas-adhesivas-de-una-cara\/film-pp\/tesa-4089-universal-pp-packaging-tape\/\" class=\"woocommerce-LoopProduct-link woocommerce-loop-product__link\"><div class=\"thumbnail_container\"><img decoding=\"async\" loading=\"lazy\" width=\"450\" height=\"450\" src=\"https:\/\/cardinal-tapes.com\/wp-content\/uploads\/tesa-4089-1-450x450.jpg\" class=\"wp-image-26183 avia-img-lazy-loading-26183 attachment-shop_catalog size-shop_catalog wp-post-image\" alt=\"tesapack\u00ae 4089 Cinta de embalaje universal de PP - unilateral, Polipropileno, Caucho natural - Ilustraci\u00f3n 26183\" srcset=\"https:\/\/cardinal-tapes.com\/wp-content\/uploads\/tesa-4089-1-450x450.jpg 450w, https:\/\/cardinal-tapes.com\/wp-content\/uploads\/tesa-4089-1-120x120.jpg 120w, https:\/\/cardinal-tapes.com\/wp-content\/uploads\/tesa-4089-1-80x80.jpg 80w, https:\/\/cardinal-tapes.com\/wp-content\/uploads\/tesa-4089-1-200x200.jpg 200w, https:\/\/cardinal-tapes.com\/wp-content\/uploads\/tesa-4089-1-36x36.jpg 36w, https:\/\/cardinal-tapes.com\/wp-content\/uploads\/tesa-4089-1-180x180.jpg 180w, https:\/\/cardinal-tapes.com\/wp-content\/uploads\/tesa-4089-1-100x100.jpg 100w, https:\/\/cardinal-tapes.com\/wp-content\/uploads\/tesa-4089-1.jpg 600w\" sizes=\"auto, (max-width: 450px) 100vw, 450px\" \/><\/div><div class='inner_product_header'><div class='avia-arrow'><\/div><div class='inner_product_header_table'><div class='inner_product_header_cell'><span class=\"is-h2 woocommerce-loop-product__title\">tesapack\u00ae 4089 Cinta de embalaje universal de PP<\/span>\t\t<div class=\"product-infos\">\n\t\t\t\t\t\t\t<span class='product-infos__item'><b>Revestimiento:<\/b> unilateral<\/span>\n\t\t\t\t\t\t\t\t\t\t<span class='product-infos__item'><b>Tipo de material:<\/b> Polipropileno<\/span>\n\t\t\t\t\t\t\t\t\t\t<span class='product-infos__item'><b>Fabricante:<\/b> tesa<\/span>\n\t\t\t\t\t\t\t\t\t\t<span class='product-infos__item'><b>Precio a la carta<\/b><\/span>\n\t\t\t\t\t<\/div>\n\t<\/div><\/div><\/div><\/a><\/div><\/li>\n<li class=\"product type-product post-47128 status-publish instock product_cat-sector-del-transporte product_cat-cintas-adhesivas-de-una-cara product_cat-film-de-pvc product_cat-sistemas-de-envasado has-post-thumbnail taxable shipping-taxable purchasable product-type-variable\">\n\t<div class='inner_product main_color wrapped_style noLightbox  av-product-class-no_button'><a href=\"https:\/\/cardinal-tapes.com\/es\/cintas-adhesivas\/cintas-adhesivas-de-una-cara\/film-de-pvc\/ca-53-i-pvc-cinta-adhesiva-cinta-de-embalaje\/\" class=\"woocommerce-LoopProduct-link woocommerce-loop-product__link\"><div class=\"thumbnail_container\"><img decoding=\"async\" loading=\"lazy\" width=\"450\" height=\"450\" src=\"https:\/\/cardinal-tapes.com\/wp-content\/uploads\/CA_Mix_04_retouched-450x450.jpg\" class=\"wp-image-26935 avia-img-lazy-loading-26935 attachment-shop_catalog size-shop_catalog wp-post-image\" alt=\"CA-53\/I Cinta adhesiva de PVC \/ cinta de embalaje - unilateral, Pel\u00edcula de PVC, Caucho natural - Ilustraci\u00f3n 26935\" srcset=\"https:\/\/cardinal-tapes.com\/wp-content\/uploads\/CA_Mix_04_retouched-450x450.jpg 450w, https:\/\/cardinal-tapes.com\/wp-content\/uploads\/CA_Mix_04_retouched-120x120.jpg 120w, https:\/\/cardinal-tapes.com\/wp-content\/uploads\/CA_Mix_04_retouched-80x80.jpg 80w, https:\/\/cardinal-tapes.com\/wp-content\/uploads\/CA_Mix_04_retouched-36x36.jpg 36w, https:\/\/cardinal-tapes.com\/wp-content\/uploads\/CA_Mix_04_retouched-180x180.jpg 180w, https:\/\/cardinal-tapes.com\/wp-content\/uploads\/CA_Mix_04_retouched-100x100.jpg 100w\" sizes=\"auto, (max-width: 450px) 100vw, 450px\" \/><\/div><div class='inner_product_header'><div class='avia-arrow'><\/div><div class='inner_product_header_table'><div class='inner_product_header_cell'><span class=\"is-h2 woocommerce-loop-product__title\">CA-53\/I Cinta adhesiva de PVC \/ cinta de embalaje<\/span>\t\t<div class=\"product-infos\">\n\t\t\t\t\t\t\t<span class='product-infos__item'><b>Revestimiento:<\/b> unilateral<\/span>\n\t\t\t\t\t\t\t\t\t\t<span class='product-infos__item'><b>Tipo de material:<\/b> Pel\u00edcula de PVC<\/span>\n\t\t\t\t\t\t\t\t\t\t<span class='product-infos__item'><b>Fabricante:<\/b> cardinal GmbH<\/span>\n\t\t\t\t\t\t\t\t\t\t<span class='product-infos__item'><b>Precio a la carta<\/b><\/span>\n\t\t\t\t\t<\/div>\n\t<\/div><\/div><\/div><\/a><\/div><\/li>\n<li class=\"product type-product post-55338 status-publish last instock product_cat-sector-del-transporte product_cat-cintas-adhesivas-de-una-cara product_cat-film-de-pvc product_cat-sistemas-de-envasado has-post-thumbnail taxable shipping-taxable purchasable product-type-variable has-default-attributes\">\n\t<div class='inner_product main_color wrapped_style noLightbox  av-product-class-no_button'><a href=\"https:\/\/cardinal-tapes.com\/es\/cintas-adhesivas\/cintas-adhesivas-de-una-cara\/film-de-pvc\/cinta-de-embalaje-ca-51\/\" class=\"woocommerce-LoopProduct-link woocommerce-loop-product__link\"><div class=\"thumbnail_container\"><img decoding=\"async\" loading=\"lazy\" width=\"450\" height=\"450\" src=\"https:\/\/cardinal-tapes.com\/wp-content\/uploads\/Cardinal_Tapes_Shopbild_4-450x450.jpg\" class=\"wp-image-77052 avia-img-lazy-loading-77052 attachment-shop_catalog size-shop_catalog wp-post-image\" alt=\"Cinta de embalaje de PVC CA-51 - unilateral, Film de PVC r\u00edgido, Caucho natural - Ilustraci\u00f3n 77052\" srcset=\"https:\/\/cardinal-tapes.com\/wp-content\/uploads\/Cardinal_Tapes_Shopbild_4-450x450.jpg 450w, https:\/\/cardinal-tapes.com\/wp-content\/uploads\/Cardinal_Tapes_Shopbild_4-100x100.jpg 100w, https:\/\/cardinal-tapes.com\/wp-content\/uploads\/Cardinal_Tapes_Shopbild_4-200x200.jpg 200w, https:\/\/cardinal-tapes.com\/wp-content\/uploads\/Cardinal_Tapes_Shopbild_4-80x80.jpg 80w, https:\/\/cardinal-tapes.com\/wp-content\/uploads\/Cardinal_Tapes_Shopbild_4-36x36.jpg 36w, https:\/\/cardinal-tapes.com\/wp-content\/uploads\/Cardinal_Tapes_Shopbild_4-180x180.jpg 180w, https:\/\/cardinal-tapes.com\/wp-content\/uploads\/Cardinal_Tapes_Shopbild_4-120x120.jpg 120w, https:\/\/cardinal-tapes.com\/wp-content\/uploads\/Cardinal_Tapes_Shopbild_4.jpg 480w\" sizes=\"auto, (max-width: 450px) 100vw, 450px\" \/><\/div><div class='inner_product_header'><div class='avia-arrow'><\/div><div class='inner_product_header_table'><div class='inner_product_header_cell'><span class=\"is-h2 woocommerce-loop-product__title\">Cinta de embalaje de PVC CA-51<\/span>\t\t<div class=\"product-infos\">\n\t\t\t\t\t\t\t<span class='product-infos__item'><b>Revestimiento:<\/b> unilateral<\/span>\n\t\t\t\t\t\t\t\t\t\t<span class='product-infos__item'><b>Tipo de material:<\/b> Film de PVC r\u00edgido<\/span>\n\t\t\t\t\t\t\t\t\t\t<span class='product-infos__item'><b>Fabricante:<\/b> cardinal GmbH<\/span>\n\t\t\t\t\t\t\t\t\t\t<span class='product-infos__item'><b>Precio a la carta<\/b><\/span>\n\t\t\t\t\t<\/div>\n\t<\/div><\/div><\/div><\/a><\/div><\/li>\n<\/ul><\/div><\/div><div class=\"clear\"><\/div><br \/>\n<div  class='avia-button-wrap av-2apeh2-d9f864b3201c481cbb7a9fc7718f9f5f-wrap avia-button-left '><a href='https:\/\/cardinal-tapes.com\/klebebaender\/'  class='avia-button av-2apeh2-d9f864b3201c481cbb7a9fc7718f9f5f avia-icon_select-no avia-size-medium avia-position-left avia-color-theme-color layout-border color-white'  ><span class='avia_iconbox_title' >Todos los productos<\/span><\/a><\/div><\/p><\/div>\n","protected":false},"excerpt":{"rendered":"","protected":false},"author":1,"featured_media":0,"parent":30710,"menu_order":29,"comment_status":"closed","ping_status":"closed","template":"","meta":{"_acf_changed":false,"footnotes":""},"class_list":["post-31755","page","type-page","status-publish","hentry"],"acf":[],"yoast_head":"<!-- This site is optimized with the Yoast SEO plugin v27.4 - https:\/\/yoast.com\/product\/yoast-seo-wordpress\/ -->\n<title>Pel\u00edculas y cintas de embalaje - cardinal TAPES<\/title>\n<meta name=\"description\" content=\"Las cintas de film y embalaje, tambi\u00e9n conocidas como cintas de embalaje, se utilizan para el sellado ideal de todo tipo de envases. M\u00e1s informaci\u00f3n.\" \/>\n<meta name=\"robots\" content=\"index, follow, max-snippet:-1, max-image-preview:large, max-video-preview:-1\" \/>\n<link rel=\"canonical\" href=\"https:\/\/cardinal-tapes.com\/es\/cintas-adhesivas-es\/cinta-adhesiva-abc\/peliculas-y-cintas-de-embalaje\/\" \/>\n<meta property=\"og:locale\" content=\"es_ES\" \/>\n<meta property=\"og:type\" content=\"article\" \/>\n<meta property=\"og:title\" content=\"Pel\u00edculas y cintas de embalaje - cardinal TAPES\" \/>\n<meta property=\"og:description\" content=\"Las cintas de film y embalaje, tambi\u00e9n conocidas como cintas de embalaje, se utilizan para el sellado ideal de todo tipo de envases. M\u00e1s informaci\u00f3n.\" \/>\n<meta property=\"og:url\" content=\"https:\/\/cardinal-tapes.com\/es\/cintas-adhesivas-es\/cinta-adhesiva-abc\/peliculas-y-cintas-de-embalaje\/\" \/>\n<meta property=\"og:site_name\" content=\"cardinal TAPES\" \/>\n<meta property=\"article:modified_time\" content=\"2023-06-14T08:47:24+00:00\" \/>\n<meta name=\"twitter:card\" content=\"summary_large_image\" \/>\n<meta name=\"twitter:label1\" content=\"Tiempo de lectura\" \/>\n\t<meta name=\"twitter:data1\" content=\"15 minutos\" \/>\n<script type=\"application\/ld+json\" class=\"yoast-schema-graph\">{\"@context\":\"https:\\\/\\\/schema.org\",\"@graph\":[{\"@type\":\"WebPage\",\"@id\":\"https:\\\/\\\/cardinal-tapes.com\\\/es\\\/cintas-adhesivas-es\\\/cinta-adhesiva-abc\\\/peliculas-y-cintas-de-embalaje\\\/\",\"url\":\"https:\\\/\\\/cardinal-tapes.com\\\/es\\\/cintas-adhesivas-es\\\/cinta-adhesiva-abc\\\/peliculas-y-cintas-de-embalaje\\\/\",\"name\":\"Pel\u00edculas y cintas de embalaje - cardinal TAPES\",\"isPartOf\":{\"@id\":\"https:\\\/\\\/cardinal-tapes.com\\\/#website\"},\"datePublished\":\"2023-06-02T08:59:53+00:00\",\"dateModified\":\"2023-06-14T08:47:24+00:00\",\"description\":\"Las cintas de film y embalaje, tambi\u00e9n conocidas como cintas de embalaje, se utilizan para el sellado ideal de todo tipo de envases. M\u00e1s informaci\u00f3n.\",\"breadcrumb\":{\"@id\":\"https:\\\/\\\/cardinal-tapes.com\\\/es\\\/cintas-adhesivas-es\\\/cinta-adhesiva-abc\\\/peliculas-y-cintas-de-embalaje\\\/#breadcrumb\"},\"inLanguage\":\"es\",\"potentialAction\":[{\"@type\":\"ReadAction\",\"target\":[\"https:\\\/\\\/cardinal-tapes.com\\\/es\\\/cintas-adhesivas-es\\\/cinta-adhesiva-abc\\\/peliculas-y-cintas-de-embalaje\\\/\"]}]},{\"@type\":\"BreadcrumbList\",\"@id\":\"https:\\\/\\\/cardinal-tapes.com\\\/es\\\/cintas-adhesivas-es\\\/cinta-adhesiva-abc\\\/peliculas-y-cintas-de-embalaje\\\/#breadcrumb\",\"itemListElement\":[{\"@type\":\"ListItem\",\"position\":1,\"name\":\"Startseite\",\"item\":\"https:\\\/\\\/cardinal-tapes.com\\\/es\\\/\"},{\"@type\":\"ListItem\",\"position\":2,\"name\":\"Cintas adhesivas\",\"item\":\"https:\\\/\\\/cardinal-tapes.com\\\/es\\\/cintas-adhesivas-es\\\/\"},{\"@type\":\"ListItem\",\"position\":3,\"name\":\"Cinta adhesiva ABC\",\"item\":\"https:\\\/\\\/cardinal-tapes.com\\\/es\\\/cintas-adhesivas-es__trashed\\\/cinta-adhesiva-abc\\\/\"},{\"@type\":\"ListItem\",\"position\":4,\"name\":\"Pel\u00edculas y cintas de embalaje\"}]},{\"@type\":\"WebSite\",\"@id\":\"https:\\\/\\\/cardinal-tapes.com\\\/#website\",\"url\":\"https:\\\/\\\/cardinal-tapes.com\\\/\",\"name\":\"cardinal TAPES\",\"description\":\"Klebetechnik aus Wuppertal\",\"potentialAction\":[{\"@type\":\"SearchAction\",\"target\":{\"@type\":\"EntryPoint\",\"urlTemplate\":\"https:\\\/\\\/cardinal-tapes.com\\\/?s={search_term_string}\"},\"query-input\":{\"@type\":\"PropertyValueSpecification\",\"valueRequired\":true,\"valueName\":\"search_term_string\"}}],\"inLanguage\":\"es\"}]}<\/script>\n<!-- \/ Yoast SEO plugin. -->","yoast_head_json":{"title":"Pel\u00edculas y cintas de embalaje - cardinal TAPES","description":"Las cintas de film y embalaje, tambi\u00e9n conocidas como cintas de embalaje, se utilizan para el sellado ideal de todo tipo de envases. M\u00e1s informaci\u00f3n.","robots":{"index":"index","follow":"follow","max-snippet":"max-snippet:-1","max-image-preview":"max-image-preview:large","max-video-preview":"max-video-preview:-1"},"canonical":"https:\/\/cardinal-tapes.com\/es\/cintas-adhesivas-es\/cinta-adhesiva-abc\/peliculas-y-cintas-de-embalaje\/","og_locale":"es_ES","og_type":"article","og_title":"Pel\u00edculas y cintas de embalaje - cardinal TAPES","og_description":"Las cintas de film y embalaje, tambi\u00e9n conocidas como cintas de embalaje, se utilizan para el sellado ideal de todo tipo de envases. M\u00e1s informaci\u00f3n.","og_url":"https:\/\/cardinal-tapes.com\/es\/cintas-adhesivas-es\/cinta-adhesiva-abc\/peliculas-y-cintas-de-embalaje\/","og_site_name":"cardinal TAPES","article_modified_time":"2023-06-14T08:47:24+00:00","twitter_card":"summary_large_image","twitter_misc":{"Tiempo de lectura":"15 minutos"},"schema":{"@context":"https:\/\/schema.org","@graph":[{"@type":"WebPage","@id":"https:\/\/cardinal-tapes.com\/es\/cintas-adhesivas-es\/cinta-adhesiva-abc\/peliculas-y-cintas-de-embalaje\/","url":"https:\/\/cardinal-tapes.com\/es\/cintas-adhesivas-es\/cinta-adhesiva-abc\/peliculas-y-cintas-de-embalaje\/","name":"Pel\u00edculas y cintas de embalaje - cardinal TAPES","isPartOf":{"@id":"https:\/\/cardinal-tapes.com\/#website"},"datePublished":"2023-06-02T08:59:53+00:00","dateModified":"2023-06-14T08:47:24+00:00","description":"Las cintas de film y embalaje, tambi\u00e9n conocidas como cintas de embalaje, se utilizan para el sellado ideal de todo tipo de envases. M\u00e1s informaci\u00f3n.","breadcrumb":{"@id":"https:\/\/cardinal-tapes.com\/es\/cintas-adhesivas-es\/cinta-adhesiva-abc\/peliculas-y-cintas-de-embalaje\/#breadcrumb"},"inLanguage":"es","potentialAction":[{"@type":"ReadAction","target":["https:\/\/cardinal-tapes.com\/es\/cintas-adhesivas-es\/cinta-adhesiva-abc\/peliculas-y-cintas-de-embalaje\/"]}]},{"@type":"BreadcrumbList","@id":"https:\/\/cardinal-tapes.com\/es\/cintas-adhesivas-es\/cinta-adhesiva-abc\/peliculas-y-cintas-de-embalaje\/#breadcrumb","itemListElement":[{"@type":"ListItem","position":1,"name":"Startseite","item":"https:\/\/cardinal-tapes.com\/es\/"},{"@type":"ListItem","position":2,"name":"Cintas adhesivas","item":"https:\/\/cardinal-tapes.com\/es\/cintas-adhesivas-es\/"},{"@type":"ListItem","position":3,"name":"Cinta adhesiva ABC","item":"https:\/\/cardinal-tapes.com\/es\/cintas-adhesivas-es__trashed\/cinta-adhesiva-abc\/"},{"@type":"ListItem","position":4,"name":"Pel\u00edculas y cintas de embalaje"}]},{"@type":"WebSite","@id":"https:\/\/cardinal-tapes.com\/#website","url":"https:\/\/cardinal-tapes.com\/","name":"cardinal TAPES","description":"Klebetechnik aus Wuppertal","potentialAction":[{"@type":"SearchAction","target":{"@type":"EntryPoint","urlTemplate":"https:\/\/cardinal-tapes.com\/?s={search_term_string}"},"query-input":{"@type":"PropertyValueSpecification","valueRequired":true,"valueName":"search_term_string"}}],"inLanguage":"es"}]}},"_links":{"self":[{"href":"https:\/\/cardinal-tapes.com\/es\/wp-json\/wp\/v2\/pages\/31755","targetHints":{"allow":["GET"]}}],"collection":[{"href":"https:\/\/cardinal-tapes.com\/es\/wp-json\/wp\/v2\/pages"}],"about":[{"href":"https:\/\/cardinal-tapes.com\/es\/wp-json\/wp\/v2\/types\/page"}],"author":[{"embeddable":true,"href":"https:\/\/cardinal-tapes.com\/es\/wp-json\/wp\/v2\/users\/1"}],"replies":[{"embeddable":true,"href":"https:\/\/cardinal-tapes.com\/es\/wp-json\/wp\/v2\/comments?post=31755"}],"version-history":[{"count":0,"href":"https:\/\/cardinal-tapes.com\/es\/wp-json\/wp\/v2\/pages\/31755\/revisions"}],"up":[{"embeddable":true,"href":"https:\/\/cardinal-tapes.com\/es\/wp-json\/wp\/v2\/pages\/30710"}],"wp:attachment":[{"href":"https:\/\/cardinal-tapes.com\/es\/wp-json\/wp\/v2\/media?parent=31755"}],"curies":[{"name":"wp","href":"https:\/\/api.w.org\/{rel}","templated":true}]}}