{"id":31738,"date":"2017-12-19T12:03:55","date_gmt":"2017-12-19T11:03:55","guid":{"rendered":"https:\/\/cardinal.pixel-tal.de\/cintas-adhesivas\/ambitos-de-aplicacion\/ingenieria-mecanica\/"},"modified":"2023-06-16T16:06:48","modified_gmt":"2023-06-16T14:06:48","slug":"ingenieria-mecanica","status":"publish","type":"page","link":"https:\/\/cardinal-tapes.com\/es\/cintas-adhesivas-es\/ambitos-de-aplicacion\/ingenieria-mecanica\/","title":{"rendered":"Ingenier\u00eda mec\u00e1nica"},"content":{"rendered":"\t\t\t<div class=\"headerimage-section has-image  \">\n\t\t\t\t\t\t\t\t\t\t\t\t<div class=\"headerimage__bg overlay\" style=\"background-image: url('https:\/\/cardinal-tapes.com\/wp-content\/uploads\/cardinal_kopfbild-maschinebau-scaled.jpg'); background-repeat: no-repeat; background-position: center; background-size: cover;\"><\/div>\n\t\t\t\t\t\t\t\t\t\t\t\t<div class=\"container\">\n\t\t\t\t\t<div class=\"headerimage__inner\">\n\t\t\t\t\t\t<h1 class=\"headerimage__headline\">Cintas adhesivas y sistemas adhesivos<\/h1>\t\t\t\t\t\t<span class=\"headerimage__subheadline\">Moderno y vers\u00e1til<\/span>\t\t\t\t\t\t\t\t\t\t\t<\/div>\n\t\t\t\t\t\t\t\t\t<\/div>\n\t\t\t<\/div>\n\t\t\t\n<\/div><\/div><\/div><!-- close content main div --><\/div><\/div><div id='av_section_1'  class='avia-section av-wze42-f56a75137a39443601f8d615c5c8d7ea alternate_color avia-section-default avia-no-border-styling  avia-builder-el-1  el_after_pixel_headimage  el_before_av_section  avia-bg-style-scroll container_wrap fullsize'  ><div class='container av-section-cont-open' ><div class='template-page content  av-content-full alpha units'><div class='post-entry post-entry-type-page post-entry-31738'><div class='entry-content-wrapper clearfix'>\n<div  class='flex_column av-2it9e-60e518595af92eace75bc3f2a3819e59 av_two_third  avia-builder-el-2  avia-builder-el-no-sibling  max-width-col two-third first flex_column_div av-animated-generic left-to-right  '     ><p><div class=\"pxl-headline pxl-hl hl-wrap | hl-sub--bot hl--align-left hl--std-margin    \">\n        <div class=\"hl-inner\">\n            <h2 class=\"hl-main hl-line |  hl_main--default  \">Cintas adhesivas para ingenier\u00eda mec\u00e1nica<\/h2>\n            <span class=\"hl-sub hl-line |  hl_sub--default  \">Requisitos exigentes, soluciones a medida <\/span>\n    <\/div>\n<\/div>\n<br \/>\n<section  class='av_textblock_section av-lhoxe8tl-29562522872e84b3554ecf6f662ea454 '   itemscope=\"itemscope\" itemtype=\"https:\/\/schema.org\/CreativeWork\" ><div class='avia_textblock'  itemprop=\"text\" ><p>La tecnolog\u00eda de uni\u00f3n moderna es muy vers\u00e1til en la industria de la ingenier\u00eda mec\u00e1nica. Las cintas adhesivas con revestimiento de PE convencen por su gran capacidad de ajuste, que se alinea con un adhesivo no corrosivo. De este modo, las posibles vibraciones de la superficie encolada se reducen al m\u00ednimo. <a title=\"M\u00e1s informaci\u00f3n sobre nuestras cintas textiles\" href=\"https:\/\/cardinal-tapes.com\/es\/cintas-adhesivas-es\/cinta-adhesiva-abc\/\">Las cintas de espuma de PE<\/a> tambi\u00e9n son ideales para aplicaciones en la industria de la ingenier\u00eda mec\u00e1nica. Gracias a su adaptabilidad y versatilidad, ofrecen todas las soluciones de conexi\u00f3n, montaje, fijaci\u00f3n y sellado a prueba de corrientes de aire, relleno de huecos, as\u00ed como acolchado y soporte.<\/p>\n<p>Adem\u00e1s de <a href=\"\/klebebaender\/\">las cintas adhesivas<\/a> recubiertas de PE y las cintas de espuma de PE, nuestra gama, adaptada a la ingenier\u00eda mec\u00e1nica, incluye caucho celular, adhesivos anaer\u00f3bicos, agentes de uni\u00f3n, recubrimientos previos de roscas, adhesivos de curado UV y resinas de impregnaci\u00f3n, y muchos m\u00e1s. Nos esforzamos por ampliar continuamente nuestra gama de productos y mantenerla a la vanguardia del desarrollo. Tambi\u00e9n estamos a su disposici\u00f3n para asesorarle en consultas individuales y nos esforzaremos por encontrar la soluci\u00f3n adecuada a sus necesidades concretas.<\/p>\n<p>Para ponerse en contacto con nosotros, utilice nuestro formulario de consulta de productos o ll\u00e1menos al <a class=\"telelink\" href=\"tel:+490202266850\" target=\"_blank\" rel=\"nofollow\"> n\u00famero +49.202.266850<\/a>.<\/p>\n<\/div><\/section><\/p><\/div>\n\n<\/div><\/div><\/div><!-- close content main div --><\/div><\/div><div id='av_section_2'  class='avia-section av-kh50a-ecf3966036bc00122e6f477123f1fc57 main_color avia-section-default avia-no-border-styling  avia-builder-el-5  el_after_av_section  avia-builder-el-last  gradient-section avia-bg-style-scroll container_wrap fullsize'  ><div class='container av-section-cont-open' ><div class='template-page content  av-content-full alpha units'><div class='post-entry post-entry-type-page post-entry-31738'><div class='entry-content-wrapper clearfix'>\n<div  class='flex_column av-1il8y-5ce783438c4e3fe8f6387eb3c682a345 av_one_full  avia-builder-el-6  avia-builder-el-no-sibling  first flex_column_div av-animated-generic left-to-right  '     ><p><div class=\"pxl-headline pxl-hl hl-wrap | hl-sub--bot hl--align-left hl--no-margin    \">\n        <div class=\"hl-inner\">\n            <h2 class=\"hl-main hl-line |  hl_main--default  \">Productos destacados<\/h2>\n            <span class=\"hl-sub hl-line |  hl_sub--default  \">Innovador y de alta calidad<\/span>\n    <\/div>\n<\/div>\n<br \/>\n<div   data-autoplay=''  data-interval='5'  data-animation='fade'  data-hoverpause='1'  class='template-shop avia-content-slider avia-content-slider-active avia-product-slider1 avia-content-slider-even  avia-builder-el-8  el_after_pixel_sc_headline  el_before_av_button   shop_columns_4' ><div class='avia-content-slider-inner'><ul class=\"products slide-entry-wrap\"><li class=\"product type-product post-55998 status-publish first instock product_cat-cintas-adhesivas-de-una-cara product_cat-ambitos-de-aplicacion product_cat-calefaccion-y-aire-acondicionado product_cat-ingenieria-mecanica product_cat-industria-del-mueble product_cat-cinta-de-papel product_cat-acero-y-vidrio has-post-thumbnail taxable shipping-taxable purchasable product-type-variable\">\n\t<div class='inner_product main_color wrapped_style noLightbox  av-product-class-no_button'><a href=\"https:\/\/cardinal-tapes.com\/es\/cintas-adhesivas\/ambitos-de-aplicacion\/calefaccion-y-aire-acondicionado\/cinta-crepe-ca-12\/\" class=\"woocommerce-LoopProduct-link woocommerce-loop-product__link\"><div class=\"thumbnail_container\"><img decoding=\"async\" loading=\"lazy\" width=\"450\" height=\"450\" src=\"https:\/\/cardinal-tapes.com\/wp-content\/uploads\/CA_11-12-450x450.jpg\" class=\"wp-image-26823 avia-img-lazy-loading-26823 attachment-shop_catalog size-shop_catalog wp-post-image\" alt=\"Cinta crep\u00e9 plana CA-12 - unilateral, Papel, Caucho natural - Ilustraci\u00f3n 26823\" srcset=\"https:\/\/cardinal-tapes.com\/wp-content\/uploads\/CA_11-12-450x450.jpg 450w, https:\/\/cardinal-tapes.com\/wp-content\/uploads\/CA_11-12-120x120.jpg 120w, https:\/\/cardinal-tapes.com\/wp-content\/uploads\/CA_11-12-80x80.jpg 80w, https:\/\/cardinal-tapes.com\/wp-content\/uploads\/CA_11-12-200x200.jpg 200w, https:\/\/cardinal-tapes.com\/wp-content\/uploads\/CA_11-12-768x768.jpg 768w, https:\/\/cardinal-tapes.com\/wp-content\/uploads\/CA_11-12-1030x1030.jpg 1030w, https:\/\/cardinal-tapes.com\/wp-content\/uploads\/CA_11-12-36x36.jpg 36w, https:\/\/cardinal-tapes.com\/wp-content\/uploads\/CA_11-12-180x180.jpg 180w, https:\/\/cardinal-tapes.com\/wp-content\/uploads\/CA_11-12-705x705.jpg 705w, https:\/\/cardinal-tapes.com\/wp-content\/uploads\/CA_11-12-100x100.jpg 100w, https:\/\/cardinal-tapes.com\/wp-content\/uploads\/CA_11-12.jpg 1400w\" sizes=\"auto, (max-width: 450px) 100vw, 450px\" \/><\/div><div class='inner_product_header'><div class='avia-arrow'><\/div><div class='inner_product_header_table'><div class='inner_product_header_cell'><span class=\"is-h2 woocommerce-loop-product__title\">Cinta crep\u00e9 plana CA-12<\/span>\t\t<div class=\"product-infos\">\n\t\t\t\t\t\t\t<span class='product-infos__item'><b>Revestimiento:<\/b> unilateral<\/span>\n\t\t\t\t\t\t\t\t\t\t<span class='product-infos__item'><b>Tipo de material:<\/b> Papel<\/span>\n\t\t\t\t\t\t\t\t\t\t<span class='product-infos__item'><b>Fabricante:<\/b> cardinal GmbH<\/span>\n\t\t\t\t\t\t\t\t\t\t<span class='product-infos__item'><b>Precio a la carta<\/b><\/span>\n\t\t\t\t\t<\/div>\n\t<\/div><\/div><\/div><\/a><\/div><\/li>\n<li class=\"product type-product post-59636 status-publish instock product_cat-industria-electrica product_cat-ingenieria-mecanica product_cat-cintas-adhesivas-de-una-cara has-post-thumbnail taxable shipping-taxable purchasable product-type-variable\">\n\t<div class='inner_product main_color wrapped_style noLightbox  av-product-class-no_button'><a href=\"https:\/\/cardinal-tapes.com\/es\/cintas-adhesivas\/ambitos-de-aplicacion\/industria-electrica\/tesa-4657-cinta-de-tejido-especial-resistente-a-altas-temperaturas-2\/\" class=\"woocommerce-LoopProduct-link woocommerce-loop-product__link\"><div class=\"thumbnail_container\"><img decoding=\"async\" loading=\"lazy\" width=\"450\" height=\"450\" src=\"https:\/\/cardinal-tapes.com\/wp-content\/uploads\/tesa-04657_2-450x450.jpg\" class=\"wp-image-26091 avia-img-lazy-loading-26091 attachment-shop_catalog size-shop_catalog wp-post-image\" alt=\"tesaband\u00ae 4657 Cinta de tejido especial resistente a altas temperaturas - unilateral, Tejido, Caucho natural - Ilustraci\u00f3n 26091\" srcset=\"https:\/\/cardinal-tapes.com\/wp-content\/uploads\/tesa-04657_2-450x450.jpg 450w, https:\/\/cardinal-tapes.com\/wp-content\/uploads\/tesa-04657_2-120x120.jpg 120w, https:\/\/cardinal-tapes.com\/wp-content\/uploads\/tesa-04657_2-80x80.jpg 80w, https:\/\/cardinal-tapes.com\/wp-content\/uploads\/tesa-04657_2-200x200.jpg 200w, https:\/\/cardinal-tapes.com\/wp-content\/uploads\/tesa-04657_2-36x36.jpg 36w, https:\/\/cardinal-tapes.com\/wp-content\/uploads\/tesa-04657_2-180x180.jpg 180w, https:\/\/cardinal-tapes.com\/wp-content\/uploads\/tesa-04657_2-100x100.jpg 100w, https:\/\/cardinal-tapes.com\/wp-content\/uploads\/tesa-04657_2.jpg 600w\" sizes=\"auto, (max-width: 450px) 100vw, 450px\" \/><\/div><div class='inner_product_header'><div class='avia-arrow'><\/div><div class='inner_product_header_table'><div class='inner_product_header_cell'><span class=\"is-h2 woocommerce-loop-product__title\">tesaband\u00ae 4657 Cinta de tejido especial resistente a altas temperaturas<\/span>\t\t<div class=\"product-infos\">\n\t\t\t\t\t\t\t<span class='product-infos__item'><b>Revestimiento:<\/b> unilateral<\/span>\n\t\t\t\t\t\t\t\t\t\t<span class='product-infos__item'><b>Tipo de material:<\/b> Tejido<\/span>\n\t\t\t\t\t\t\t\t\t\t<span class='product-infos__item'><b>Fabricante:<\/b> tesa<\/span>\n\t\t\t\t\t\t\t\t\t\t<span class='product-infos__item'><b>Precio a la carta<\/b><\/span>\n\t\t\t\t\t<\/div>\n\t<\/div><\/div><\/div><\/a><\/div><\/li>\n<li class=\"product type-product post-40660 status-publish instock product_cat-ingenieria-mecanica product_cat-cintas-adhesivas-de-una-cara has-post-thumbnail taxable shipping-taxable product-type-variable\">\n\t<div class='inner_product main_color wrapped_style noLightbox  av-product-class-no_button'><a href=\"https:\/\/cardinal-tapes.com\/es\/cintas-adhesivas\/ambitos-de-aplicacion\/ingenieria-mecanica\/norseal-6050-pvc-foam-copy\/\" class=\"woocommerce-LoopProduct-link woocommerce-loop-product__link\"><div class=\"thumbnail_container\"><img decoding=\"async\" loading=\"lazy\" width=\"415\" height=\"415\" src=\"https:\/\/cardinal-tapes.com\/wp-content\/uploads\/Norseal-PVC-Black-A_153127.png\" class=\"wp-image-28683 avia-img-lazy-loading-28683 attachment-shop_catalog size-shop_catalog wp-post-image\" alt=\"Espuma de PVC Norseal\u00ae 6050 - unilateral, Espuma de PVC, Acr\u00edlico - Ilustraci\u00f3n 28683\" srcset=\"https:\/\/cardinal-tapes.com\/wp-content\/uploads\/Norseal-PVC-Black-A_153127.png 415w, https:\/\/cardinal-tapes.com\/wp-content\/uploads\/Norseal-PVC-Black-A_153127-120x120.png 120w, https:\/\/cardinal-tapes.com\/wp-content\/uploads\/Norseal-PVC-Black-A_153127-80x80.png 80w, https:\/\/cardinal-tapes.com\/wp-content\/uploads\/Norseal-PVC-Black-A_153127-200x200.png 200w, https:\/\/cardinal-tapes.com\/wp-content\/uploads\/Norseal-PVC-Black-A_153127-36x36.png 36w, https:\/\/cardinal-tapes.com\/wp-content\/uploads\/Norseal-PVC-Black-A_153127-180x180.png 180w, https:\/\/cardinal-tapes.com\/wp-content\/uploads\/Norseal-PVC-Black-A_153127-100x100.png 100w\" sizes=\"auto, (max-width: 415px) 100vw, 415px\" \/><\/div><div class='inner_product_header'><div class='avia-arrow'><\/div><div class='inner_product_header_table'><div class='inner_product_header_cell'><span class=\"is-h2 woocommerce-loop-product__title\">Espuma de PVC Norseal\u00ae 6050<\/span>\t\t<div class=\"product-infos\">\n\t\t\t\t\t\t\t<span class='product-infos__item'><b>Revestimiento:<\/b> unilateral<\/span>\n\t\t\t\t\t\t\t\t\t\t<span class='product-infos__item'><b>Tipo de material:<\/b> Espuma de PVC<\/span>\n\t\t\t\t\t\t\t\t\t\t<span class='product-infos__item'><b>Fabricante:<\/b> Saint-Gobain Norseal<\/span>\n\t\t\t\t\t\t\t\t\t\t<span class='product-infos__item'><b>Precio a la carta<\/b><\/span>\n\t\t\t\t\t<\/div>\n\t<\/div><\/div><\/div><\/a><\/div><\/li>\n<li class=\"product type-product post-41565 status-publish last instock product_cat-ingenieria-mecanica product_cat-cintas-adhesivas-de-una-cara has-post-thumbnail taxable shipping-taxable product-type-variable\">\n\t<div class='inner_product main_color wrapped_style noLightbox  av-product-class-no_button'><a href=\"https:\/\/cardinal-tapes.com\/es\/cintas-adhesivas\/ambitos-de-aplicacion\/ingenieria-mecanica\/norseal-4031-pvc-schaum\/\" class=\"woocommerce-LoopProduct-link woocommerce-loop-product__link\"><div class=\"thumbnail_container\"><img decoding=\"async\" loading=\"lazy\" width=\"415\" height=\"415\" src=\"https:\/\/cardinal-tapes.com\/wp-content\/uploads\/Norseal-PVC-Black-A_153127.png\" class=\"wp-image-28683 avia-img-lazy-loading-28683 attachment-shop_catalog size-shop_catalog wp-post-image\" alt=\"Norseal\u00ae 4031 Espuma de PVC - unilateral, Espuma de PVC, Acr\u00edlico - Ilustraci\u00f3n 28683\" srcset=\"https:\/\/cardinal-tapes.com\/wp-content\/uploads\/Norseal-PVC-Black-A_153127.png 415w, https:\/\/cardinal-tapes.com\/wp-content\/uploads\/Norseal-PVC-Black-A_153127-120x120.png 120w, https:\/\/cardinal-tapes.com\/wp-content\/uploads\/Norseal-PVC-Black-A_153127-80x80.png 80w, https:\/\/cardinal-tapes.com\/wp-content\/uploads\/Norseal-PVC-Black-A_153127-200x200.png 200w, https:\/\/cardinal-tapes.com\/wp-content\/uploads\/Norseal-PVC-Black-A_153127-36x36.png 36w, https:\/\/cardinal-tapes.com\/wp-content\/uploads\/Norseal-PVC-Black-A_153127-180x180.png 180w, https:\/\/cardinal-tapes.com\/wp-content\/uploads\/Norseal-PVC-Black-A_153127-100x100.png 100w\" sizes=\"auto, (max-width: 415px) 100vw, 415px\" \/><\/div><div class='inner_product_header'><div class='avia-arrow'><\/div><div class='inner_product_header_table'><div class='inner_product_header_cell'><span class=\"is-h2 woocommerce-loop-product__title\">Norseal\u00ae 4031 Espuma de PVC<\/span>\t\t<div class=\"product-infos\">\n\t\t\t\t\t\t\t<span class='product-infos__item'><b>Revestimiento:<\/b> unilateral<\/span>\n\t\t\t\t\t\t\t\t\t\t<span class='product-infos__item'><b>Tipo de material:<\/b> Espuma de PVC<\/span>\n\t\t\t\t\t\t\t\t\t\t<span class='product-infos__item'><b>Fabricante:<\/b> Saint-Gobain Norseal<\/span>\n\t\t\t\t\t\t\t\t\t\t<span class='product-infos__item'><b>Precio a la carta<\/b><\/span>\n\t\t\t\t\t<\/div>\n\t<\/div><\/div><\/div><\/a><\/div><\/li>\n<\/ul><\/div><\/div><div class=\"clear\"><\/div><br \/>\n<div  class='avia-button-wrap av-7mjgi-2553ba2424179dc392ade0b64bbdd66a-wrap avia-button-left '><a href='https:\/\/cardinal-tapes.com\/es\/cintas-adhesivas-es\/'  class='avia-button av-7mjgi-2553ba2424179dc392ade0b64bbdd66a avia-icon_select-no avia-size-medium avia-position-left avia-color-theme-color layout-border color-white'  ><span class='avia_iconbox_title' >Todos los productos<\/span><\/a><\/div><\/p><\/div>\n","protected":false},"excerpt":{"rendered":"","protected":false},"author":1,"featured_media":0,"parent":30847,"menu_order":17,"comment_status":"closed","ping_status":"closed","template":"","meta":{"_acf_changed":false,"footnotes":""},"class_list":["post-31738","page","type-page","status-publish","hentry"],"acf":[],"yoast_head":"<!-- This site is optimized with the Yoast SEO plugin v27.3 - https:\/\/yoast.com\/product\/yoast-seo-wordpress\/ -->\n<title>Cintas adhesivas para ingenier\u00eda mec\u00e1nica | cardinal TAPES<\/title>\n<meta name=\"description\" content=\"La tecnolog\u00eda de uni\u00f3n moderna es muy vers\u00e1til en la industria de la ingenier\u00eda mec\u00e1nica. M\u00e1s informaci\u00f3n sobre las caracter\u00edsticas especiales aqu\u00ed.\" \/>\n<meta name=\"robots\" content=\"index, follow, max-snippet:-1, max-image-preview:large, max-video-preview:-1\" \/>\n<link rel=\"canonical\" href=\"https:\/\/cardinal-tapes.com\/es\/cintas-adhesivas-es\/ambitos-de-aplicacion\/ingenieria-mecanica\/\" \/>\n<meta property=\"og:locale\" content=\"es_ES\" \/>\n<meta property=\"og:type\" content=\"article\" \/>\n<meta property=\"og:title\" content=\"Cintas adhesivas para ingenier\u00eda mec\u00e1nica | cardinal TAPES\" \/>\n<meta property=\"og:description\" content=\"La tecnolog\u00eda de uni\u00f3n moderna es muy vers\u00e1til en la industria de la ingenier\u00eda mec\u00e1nica. M\u00e1s informaci\u00f3n sobre las caracter\u00edsticas especiales aqu\u00ed.\" \/>\n<meta property=\"og:url\" content=\"https:\/\/cardinal-tapes.com\/es\/cintas-adhesivas-es\/ambitos-de-aplicacion\/ingenieria-mecanica\/\" \/>\n<meta property=\"og:site_name\" content=\"cardinal TAPES\" \/>\n<meta property=\"article:modified_time\" content=\"2023-06-16T14:06:48+00:00\" \/>\n<meta name=\"twitter:card\" content=\"summary_large_image\" \/>\n<meta name=\"twitter:label1\" content=\"Tiempo de lectura\" \/>\n\t<meta name=\"twitter:data1\" content=\"5 minutos\" \/>\n<script type=\"application\/ld+json\" class=\"yoast-schema-graph\">{\"@context\":\"https:\\\/\\\/schema.org\",\"@graph\":[{\"@type\":\"WebPage\",\"@id\":\"https:\\\/\\\/cardinal-tapes.com\\\/es\\\/cintas-adhesivas-es\\\/ambitos-de-aplicacion\\\/ingenieria-mecanica\\\/\",\"url\":\"https:\\\/\\\/cardinal-tapes.com\\\/es\\\/cintas-adhesivas-es\\\/ambitos-de-aplicacion\\\/ingenieria-mecanica\\\/\",\"name\":\"Cintas adhesivas para ingenier\u00eda mec\u00e1nica | cardinal TAPES\",\"isPartOf\":{\"@id\":\"https:\\\/\\\/cardinal-tapes.com\\\/#website\"},\"datePublished\":\"2017-12-19T11:03:55+00:00\",\"dateModified\":\"2023-06-16T14:06:48+00:00\",\"description\":\"La tecnolog\u00eda de uni\u00f3n moderna es muy vers\u00e1til en la industria de la ingenier\u00eda mec\u00e1nica. M\u00e1s informaci\u00f3n sobre las caracter\u00edsticas especiales aqu\u00ed.\",\"breadcrumb\":{\"@id\":\"https:\\\/\\\/cardinal-tapes.com\\\/es\\\/cintas-adhesivas-es\\\/ambitos-de-aplicacion\\\/ingenieria-mecanica\\\/#breadcrumb\"},\"inLanguage\":\"es\",\"potentialAction\":[{\"@type\":\"ReadAction\",\"target\":[\"https:\\\/\\\/cardinal-tapes.com\\\/es\\\/cintas-adhesivas-es\\\/ambitos-de-aplicacion\\\/ingenieria-mecanica\\\/\"]}]},{\"@type\":\"BreadcrumbList\",\"@id\":\"https:\\\/\\\/cardinal-tapes.com\\\/es\\\/cintas-adhesivas-es\\\/ambitos-de-aplicacion\\\/ingenieria-mecanica\\\/#breadcrumb\",\"itemListElement\":[{\"@type\":\"ListItem\",\"position\":1,\"name\":\"Startseite\",\"item\":\"https:\\\/\\\/cardinal-tapes.com\\\/es\\\/\"},{\"@type\":\"ListItem\",\"position\":2,\"name\":\"Cintas adhesivas\",\"item\":\"https:\\\/\\\/cardinal-tapes.com\\\/es\\\/cintas-adhesivas-es\\\/\"},{\"@type\":\"ListItem\",\"position\":3,\"name\":\"\u00c1mbitos de aplicaci\u00f3n\",\"item\":\"https:\\\/\\\/cardinal-tapes.com\\\/es\\\/cintas-adhesivas-es__trashed\\\/ambitos-de-aplicacion\\\/\"},{\"@type\":\"ListItem\",\"position\":4,\"name\":\"Ingenier\u00eda mec\u00e1nica\"}]},{\"@type\":\"WebSite\",\"@id\":\"https:\\\/\\\/cardinal-tapes.com\\\/#website\",\"url\":\"https:\\\/\\\/cardinal-tapes.com\\\/\",\"name\":\"cardinal TAPES\",\"description\":\"Klebetechnik aus Wuppertal\",\"potentialAction\":[{\"@type\":\"SearchAction\",\"target\":{\"@type\":\"EntryPoint\",\"urlTemplate\":\"https:\\\/\\\/cardinal-tapes.com\\\/?s={search_term_string}\"},\"query-input\":{\"@type\":\"PropertyValueSpecification\",\"valueRequired\":true,\"valueName\":\"search_term_string\"}}],\"inLanguage\":\"es\"}]}<\/script>\n<!-- \/ Yoast SEO plugin. -->","yoast_head_json":{"title":"Cintas adhesivas para ingenier\u00eda mec\u00e1nica | cardinal TAPES","description":"La tecnolog\u00eda de uni\u00f3n moderna es muy vers\u00e1til en la industria de la ingenier\u00eda mec\u00e1nica. M\u00e1s informaci\u00f3n sobre las caracter\u00edsticas especiales aqu\u00ed.","robots":{"index":"index","follow":"follow","max-snippet":"max-snippet:-1","max-image-preview":"max-image-preview:large","max-video-preview":"max-video-preview:-1"},"canonical":"https:\/\/cardinal-tapes.com\/es\/cintas-adhesivas-es\/ambitos-de-aplicacion\/ingenieria-mecanica\/","og_locale":"es_ES","og_type":"article","og_title":"Cintas adhesivas para ingenier\u00eda mec\u00e1nica | cardinal TAPES","og_description":"La tecnolog\u00eda de uni\u00f3n moderna es muy vers\u00e1til en la industria de la ingenier\u00eda mec\u00e1nica. M\u00e1s informaci\u00f3n sobre las caracter\u00edsticas especiales aqu\u00ed.","og_url":"https:\/\/cardinal-tapes.com\/es\/cintas-adhesivas-es\/ambitos-de-aplicacion\/ingenieria-mecanica\/","og_site_name":"cardinal TAPES","article_modified_time":"2023-06-16T14:06:48+00:00","twitter_card":"summary_large_image","twitter_misc":{"Tiempo de lectura":"5 minutos"},"schema":{"@context":"https:\/\/schema.org","@graph":[{"@type":"WebPage","@id":"https:\/\/cardinal-tapes.com\/es\/cintas-adhesivas-es\/ambitos-de-aplicacion\/ingenieria-mecanica\/","url":"https:\/\/cardinal-tapes.com\/es\/cintas-adhesivas-es\/ambitos-de-aplicacion\/ingenieria-mecanica\/","name":"Cintas adhesivas para ingenier\u00eda mec\u00e1nica | cardinal TAPES","isPartOf":{"@id":"https:\/\/cardinal-tapes.com\/#website"},"datePublished":"2017-12-19T11:03:55+00:00","dateModified":"2023-06-16T14:06:48+00:00","description":"La tecnolog\u00eda de uni\u00f3n moderna es muy vers\u00e1til en la industria de la ingenier\u00eda mec\u00e1nica. M\u00e1s informaci\u00f3n sobre las caracter\u00edsticas especiales aqu\u00ed.","breadcrumb":{"@id":"https:\/\/cardinal-tapes.com\/es\/cintas-adhesivas-es\/ambitos-de-aplicacion\/ingenieria-mecanica\/#breadcrumb"},"inLanguage":"es","potentialAction":[{"@type":"ReadAction","target":["https:\/\/cardinal-tapes.com\/es\/cintas-adhesivas-es\/ambitos-de-aplicacion\/ingenieria-mecanica\/"]}]},{"@type":"BreadcrumbList","@id":"https:\/\/cardinal-tapes.com\/es\/cintas-adhesivas-es\/ambitos-de-aplicacion\/ingenieria-mecanica\/#breadcrumb","itemListElement":[{"@type":"ListItem","position":1,"name":"Startseite","item":"https:\/\/cardinal-tapes.com\/es\/"},{"@type":"ListItem","position":2,"name":"Cintas adhesivas","item":"https:\/\/cardinal-tapes.com\/es\/cintas-adhesivas-es\/"},{"@type":"ListItem","position":3,"name":"\u00c1mbitos de aplicaci\u00f3n","item":"https:\/\/cardinal-tapes.com\/es\/cintas-adhesivas-es__trashed\/ambitos-de-aplicacion\/"},{"@type":"ListItem","position":4,"name":"Ingenier\u00eda mec\u00e1nica"}]},{"@type":"WebSite","@id":"https:\/\/cardinal-tapes.com\/#website","url":"https:\/\/cardinal-tapes.com\/","name":"cardinal TAPES","description":"Klebetechnik aus Wuppertal","potentialAction":[{"@type":"SearchAction","target":{"@type":"EntryPoint","urlTemplate":"https:\/\/cardinal-tapes.com\/?s={search_term_string}"},"query-input":{"@type":"PropertyValueSpecification","valueRequired":true,"valueName":"search_term_string"}}],"inLanguage":"es"}]}},"_links":{"self":[{"href":"https:\/\/cardinal-tapes.com\/es\/wp-json\/wp\/v2\/pages\/31738","targetHints":{"allow":["GET"]}}],"collection":[{"href":"https:\/\/cardinal-tapes.com\/es\/wp-json\/wp\/v2\/pages"}],"about":[{"href":"https:\/\/cardinal-tapes.com\/es\/wp-json\/wp\/v2\/types\/page"}],"author":[{"embeddable":true,"href":"https:\/\/cardinal-tapes.com\/es\/wp-json\/wp\/v2\/users\/1"}],"replies":[{"embeddable":true,"href":"https:\/\/cardinal-tapes.com\/es\/wp-json\/wp\/v2\/comments?post=31738"}],"version-history":[{"count":0,"href":"https:\/\/cardinal-tapes.com\/es\/wp-json\/wp\/v2\/pages\/31738\/revisions"}],"up":[{"embeddable":true,"href":"https:\/\/cardinal-tapes.com\/es\/wp-json\/wp\/v2\/pages\/30847"}],"wp:attachment":[{"href":"https:\/\/cardinal-tapes.com\/es\/wp-json\/wp\/v2\/media?parent=31738"}],"curies":[{"name":"wp","href":"https:\/\/api.w.org\/{rel}","templated":true}]}}