{"id":31685,"date":"2023-06-02T10:59:52","date_gmt":"2023-06-02T08:59:52","guid":{"rendered":"https:\/\/cardinal.pixel-tal.de\/cintas-adhesivas\/ambitos-de-aplicacion\/acabado-metalico\/"},"modified":"2023-06-16T16:04:43","modified_gmt":"2023-06-16T14:04:43","slug":"acabado-metalico","status":"publish","type":"page","link":"https:\/\/cardinal-tapes.com\/es\/cintas-adhesivas-es\/ambitos-de-aplicacion\/acabado-metalico\/","title":{"rendered":"Acabado met\u00e1lico"},"content":{"rendered":"\t\t\t<div class=\"headerimage-section has-image  \">\n\t\t\t\t\t\t\t\t\t\t\t\t<div class=\"headerimage__bg overlay\" style=\"background-image: url('https:\/\/cardinal-tapes.com\/wp-content\/uploads\/cardinal_kopfbild-verarbeitung-scaled.jpg'); background-repeat: no-repeat; background-position: center; background-size: cover;\"><\/div>\n\t\t\t\t\t\t\t\t\t\t\t\t<div class=\"container\">\n\t\t\t\t\t<div class=\"headerimage__inner\">\n\t\t\t\t\t\t<h1 class=\"headerimage__headline\">Cintas adhesivas y sistemas adhesivos<\/h1>\t\t\t\t\t\t<span class=\"headerimage__subheadline\">Resistente al calor, las llamas y los productos qu\u00edmicos<\/span>\t\t\t\t\t\t\t\t\t\t\t<\/div>\n\t\t\t\t\t\t\t\t\t<\/div>\n\t\t\t<\/div>\n\t\t\t\n<\/div><\/div><\/div><!-- close content main div --><\/div><\/div><div id='av_section_1'  class='avia-section av-1dzykw-cdb6d047b8ab0ce81aa0dd93bbd15104 alternate_color avia-section-default avia-no-border-styling  avia-builder-el-1  el_after_pixel_headimage  el_before_av_section  avia-bg-style-scroll container_wrap fullsize'  ><div class='container av-section-cont-open' ><div class='template-page content  av-content-full alpha units'><div class='post-entry post-entry-type-page post-entry-31685'><div class='entry-content-wrapper clearfix'>\n<div  class='flex_column av-1a7ops-052689a75a412cea9f1b41d98ac3d057 av_two_third  avia-builder-el-2  avia-builder-el-no-sibling  max-width-col two-third first flex_column_div av-animated-generic left-to-right  '     ><p><div class=\"pxl-headline pxl-hl hl-wrap | hl-sub--bot hl--align-left hl--std-margin    \">\n        <div class=\"hl-inner\">\n            <h2 class=\"hl-main hl-line |  hl_main--default  \">Cintas adhesivas para el acabado de metales<\/h2>\n            <span class=\"hl-sub hl-line |  hl_sub--default  \">Requisitos exigentes, soluciones a medida <\/span>\n    <\/div>\n<\/div>\n<br \/>\n<section  class='av_textblock_section av-lhoxah3q-6fb0448d550293c728b24e4619f075ff '   itemscope=\"itemscope\" itemtype=\"https:\/\/schema.org\/CreativeWork\" ><div class='avia_textblock'  itemprop=\"text\" ><p>Las cintas adhesivas t\u00e9cnicas se utilizan en muchos \u00e1mbitos de la industria, incluido el acabado de metales. Las <a title=\"Cintas adhesivas met\u00e1licas t\u00e9cnicas\" href=\"\/klebebaender\/\">cintas adhesivas met\u00e1licas<\/a>, muy resistentes a la temperatura, los productos qu\u00edmicos y las llamas, se utilizan varias veces. La cinta adhesiva de aluminio es una de las favoritas en el campo del acabado de metales. Gracias a su elevada capacidad de carga t\u00e9rmica, protege las superficies sensibles y se utiliza para sellar conductos de aire, doble acristalamiento y tambi\u00e9n conecta paneles aislantes. Si desea m\u00e1s informaci\u00f3n sobre la cinta adhesiva de aluminio, utilice nuestro <a title=\"Utilice nuestro formulario de contacto para obtener asesoramiento\" href=\"\/ueber-cardinal\/kontakt\/\">formulario de consulta<\/a> o p\u00f3ngase en contacto con nosotros por tel\u00e9fono llamando al <a class=\"telelink\" href=\"tel:+490202266850\" target=\"_blank\" rel=\"nofollow\">+49.202.266850<\/a>.<\/p>\n<p>Por supuesto, como socio comercial de tecnolog\u00eda adhesiva ya preparada, disponemos de diversas cintas adhesivas en una amplia gama de acabados, ya sean mates o brillantes, en los colores plata, negro o blanco. Dado que nuestro objetivo es encontrar la mejor soluci\u00f3n para cada necesidad, cardinal TAPES ha desarrollado una amplia gama de cintas adhesivas t\u00e9cnicas. Si desea m\u00e1s informaci\u00f3n sobre las cintas adhesivas de la industria metal\u00fargica, ya puede <a title=\"Puede descargar nuestro cat\u00e1logo de cintas adhesivas\" href=\"https:\/\/cardinal-tapes.com\/es\/descargas\/\">descargar<\/a> nuestro nuevo cat\u00e1logo de productos. Si desea una copia impresa con una muestra, no dude en ponerse en contacto con nosotros.<\/p>\n<p>Siempre intentamos encontrar soluciones \u00f3ptimas para sus deseos individuales.<\/p>\n<\/div><\/section><\/p><\/div>\n\n<\/div><\/div><\/div><!-- close content main div --><\/div><\/div><div id='av_section_2'  class='avia-section av-iru7s-a61a3a9919dfb9747a0d59a860f78450 main_color avia-section-default avia-no-border-styling  avia-builder-el-5  el_after_av_section  avia-builder-el-last  gradient-section avia-bg-style-scroll container_wrap fullsize'  ><div class='container av-section-cont-open' ><div class='template-page content  av-content-full alpha units'><div class='post-entry post-entry-type-page post-entry-31685'><div class='entry-content-wrapper clearfix'>\n<div  class='flex_column av-gtn7k-cf1b2dc47b9fb6371ff9f34db4985012 av_one_full  avia-builder-el-6  avia-builder-el-no-sibling  first flex_column_div av-animated-generic left-to-right  '     ><p><div class=\"pxl-headline pxl-hl hl-wrap | hl-sub--bot hl--align-left hl--no-margin    \">\n        <div class=\"hl-inner\">\n            <h2 class=\"hl-main hl-line |  hl_main--default  \">Productos destacados<\/h2>\n            <span class=\"hl-sub hl-line |  hl_sub--default  \">Innovador y de alta calidad<\/span>\n    <\/div>\n<\/div>\n<br \/>\n<div   data-autoplay=''  data-interval='5'  data-animation='fade'  data-hoverpause='1'  class='template-shop avia-content-slider avia-content-slider-active avia-product-slider1 avia-content-slider-even  avia-builder-el-8  el_after_pixel_sc_headline  el_before_av_button   shop_columns_4' ><div class='avia-content-slider-inner'><ul class=\"products slide-entry-wrap\"><li class=\"product type-product post-75142 status-publish first instock product_cat-cintas-adhesivas-de-doble-cara product_cat-produccion-transformacion-del-aluminio product_cat-industria-electrica product_cat-produccion-de-peliculas product_cat-calefaccion-y-aire-acondicionado product_cat-industria-del-plastico product_cat-ingenieria-mecanica product_cat-acabado-de-metales product_cat-industria-textil has-post-thumbnail taxable shipping-taxable purchasable product-type-variable\">\n\t<div class='inner_product main_color wrapped_style noLightbox  av-product-class-no_button'><a href=\"https:\/\/cardinal-tapes.com\/es\/cintas-adhesivas\/ambitos-de-aplicacion\/produccion-transformacion-del-aluminio\/cinta-adhesiva-ca-418-pet-es\/\" class=\"woocommerce-LoopProduct-link woocommerce-loop-product__link\"><div class=\"thumbnail_container\"><img decoding=\"async\" loading=\"lazy\" width=\"380\" height=\"380\" src=\"https:\/\/cardinal-tapes.com\/wp-content\/uploads\/ca_420_19x50mm.jpg\" class=\"wp-image-81358 avia-img-lazy-loading-81358 attachment-shop_catalog size-shop_catalog wp-post-image\" alt=\"CA-420 Cinta adhesiva PET - doble cara, Pel\u00edcula PET, Acrilato solvente - Ilustraci\u00f3n 81358\" srcset=\"https:\/\/cardinal-tapes.com\/wp-content\/uploads\/ca_420_19x50mm.jpg 380w, https:\/\/cardinal-tapes.com\/wp-content\/uploads\/ca_420_19x50mm-200x200.jpg 200w, https:\/\/cardinal-tapes.com\/wp-content\/uploads\/ca_420_19x50mm-80x80.jpg 80w, https:\/\/cardinal-tapes.com\/wp-content\/uploads\/ca_420_19x50mm-36x36.jpg 36w, https:\/\/cardinal-tapes.com\/wp-content\/uploads\/ca_420_19x50mm-180x180.jpg 180w, https:\/\/cardinal-tapes.com\/wp-content\/uploads\/ca_420_19x50mm-120x120.jpg 120w, https:\/\/cardinal-tapes.com\/wp-content\/uploads\/ca_420_19x50mm-100x100.jpg 100w\" sizes=\"auto, (max-width: 380px) 100vw, 380px\" \/><\/div><div class='inner_product_header'><div class='avia-arrow'><\/div><div class='inner_product_header_table'><div class='inner_product_header_cell'><span class=\"is-h2 woocommerce-loop-product__title\">CA-420 Cinta adhesiva PET<\/span>\t\t<div class=\"product-infos\">\n\t\t\t\t\t\t\t<span class='product-infos__item'><b>Revestimiento:<\/b> doble cara<\/span>\n\t\t\t\t\t\t\t\t\t\t<span class='product-infos__item'><b>Tipo de material:<\/b> Pel\u00edcula PET<\/span>\n\t\t\t\t\t\t\t\t\t\t<span class='product-infos__item'><b>Fabricante:<\/b> cardinal GmbH<\/span>\n\t\t\t\t\t\t\t\t\t\t<span class='product-infos__item'><b>Precio a la carta<\/b><\/span>\n\t\t\t\t\t<\/div>\n\t<\/div><\/div><\/div><\/a><\/div><\/li>\n<li class=\"product type-product post-62984 status-publish instock product_cat-cinta-adhesiva-de-aluminio product_cat-industria-electrica product_cat-acabado-de-metales product_cat-cintas-adhesivas-de-una-cara has-post-thumbnail taxable shipping-taxable purchasable product-type-variable\">\n\t<div class='inner_product main_color wrapped_style noLightbox  av-product-class-no_button'><a href=\"https:\/\/cardinal-tapes.com\/es\/cintas-adhesivas\/ambitos-de-aplicacion\/cinta-adhesiva-de-aluminio\/3m-435-436-433-431-427-425-doppelseitige-metallklebebaender\/\" class=\"woocommerce-LoopProduct-link woocommerce-loop-product__link\"><div class=\"thumbnail_container\"><img decoding=\"async\" loading=\"lazy\" width=\"450\" height=\"450\" src=\"https:\/\/cardinal-tapes.com\/wp-content\/uploads\/3m_metallklebeband_425-450x450.jpg\" class=\"wp-image-24359 avia-img-lazy-loading-24359 attachment-shop_catalog size-shop_catalog wp-post-image\" alt=\"3M\u2122 425 427 431 433 435 436 Cintas Met\u00e1licas - unilateral, Metal, Acr\u00edlico - Ilustraci\u00f3n 24359\" srcset=\"https:\/\/cardinal-tapes.com\/wp-content\/uploads\/3m_metallklebeband_425-450x450.jpg 450w, https:\/\/cardinal-tapes.com\/wp-content\/uploads\/3m_metallklebeband_425-120x120.jpg 120w, https:\/\/cardinal-tapes.com\/wp-content\/uploads\/3m_metallklebeband_425-80x80.jpg 80w, https:\/\/cardinal-tapes.com\/wp-content\/uploads\/3m_metallklebeband_425-200x200.jpg 200w, https:\/\/cardinal-tapes.com\/wp-content\/uploads\/3m_metallklebeband_425-36x36.jpg 36w, https:\/\/cardinal-tapes.com\/wp-content\/uploads\/3m_metallklebeband_425-180x180.jpg 180w, https:\/\/cardinal-tapes.com\/wp-content\/uploads\/3m_metallklebeband_425-100x100.jpg 100w, https:\/\/cardinal-tapes.com\/wp-content\/uploads\/3m_metallklebeband_425.jpg 600w\" sizes=\"auto, (max-width: 450px) 100vw, 450px\" \/><\/div><div class='inner_product_header'><div class='avia-arrow'><\/div><div class='inner_product_header_table'><div class='inner_product_header_cell'><span class=\"is-h2 woocommerce-loop-product__title\">3M\u2122 425 427 431 433 435 436 Cintas Met\u00e1licas<\/span>\t\t<div class=\"product-infos\">\n\t\t\t\t\t\t\t<span class='product-infos__item'><b>Revestimiento:<\/b> unilateral<\/span>\n\t\t\t\t\t\t\t\t\t\t<span class='product-infos__item'><b>Tipo de material:<\/b> Metal<\/span>\n\t\t\t\t\t\t\t\t\t\t<span class='product-infos__item'><b>Fabricante:<\/b> 3M<\/span>\n\t\t\t\t\t\t\t\t\t\t<span class='product-infos__item'><b>Precio a la carta<\/b><\/span>\n\t\t\t\t\t<\/div>\n\t<\/div><\/div><\/div><\/a><\/div><\/li>\n<li class=\"product type-product post-55467 status-publish instock product_cat-acabado-de-metales product_cat-acero-y-vidrio product_cat-cintas-adhesivas-de-doble-cara product_cat-industria-del-automovil product_cat-industria-del-hormigon product_cat-industria-electrica product_cat-industria-del-plastico product_cat-ingenieria-mecanica product_cat-presentacion-de-la-contribucion has-post-thumbnail taxable shipping-taxable purchasable product-type-variable\">\n\t<div class='inner_product main_color wrapped_style noLightbox  av-product-class-no_button'><a href=\"https:\/\/cardinal-tapes.com\/es\/cintas-adhesivas\/ambitos-de-aplicacion\/industria-del-automovil\/3m-5925-f-vhb-klebeband\/\" class=\"woocommerce-LoopProduct-link woocommerce-loop-product__link\"><div class=\"thumbnail_container\"><img decoding=\"async\" loading=\"lazy\" width=\"450\" height=\"450\" src=\"https:\/\/cardinal-tapes.com\/wp-content\/uploads\/3m-5952-f-vhb-doppelseitiges-klebeband-450x450.jpg\" class=\"wp-image-26651 avia-img-lazy-loading-26651 attachment-shop_catalog size-shop_catalog wp-post-image\" alt=\"3M\u2122 Cinta VHB\u2122 5925 F - doble cara, Espuma acr\u00edlica, Acr\u00edlico - Ilustraci\u00f3n 26651\" srcset=\"https:\/\/cardinal-tapes.com\/wp-content\/uploads\/3m-5952-f-vhb-doppelseitiges-klebeband-450x450.jpg 450w, https:\/\/cardinal-tapes.com\/wp-content\/uploads\/3m-5952-f-vhb-doppelseitiges-klebeband-120x120.jpg 120w, https:\/\/cardinal-tapes.com\/wp-content\/uploads\/3m-5952-f-vhb-doppelseitiges-klebeband-80x80.jpg 80w, https:\/\/cardinal-tapes.com\/wp-content\/uploads\/3m-5952-f-vhb-doppelseitiges-klebeband-36x36.jpg 36w, https:\/\/cardinal-tapes.com\/wp-content\/uploads\/3m-5952-f-vhb-doppelseitiges-klebeband-180x180.jpg 180w, https:\/\/cardinal-tapes.com\/wp-content\/uploads\/3m-5952-f-vhb-doppelseitiges-klebeband-100x100.jpg 100w\" sizes=\"auto, (max-width: 450px) 100vw, 450px\" \/><\/div><div class='inner_product_header'><div class='avia-arrow'><\/div><div class='inner_product_header_table'><div class='inner_product_header_cell'><span class=\"is-h2 woocommerce-loop-product__title\">3M\u2122 Cinta VHB\u2122 5925 F<\/span>\t\t<div class=\"product-infos\">\n\t\t\t\t\t\t\t<span class='product-infos__item'><b>Revestimiento:<\/b> doble cara<\/span>\n\t\t\t\t\t\t\t\t\t\t<span class='product-infos__item'><b>Tipo de material:<\/b> Espuma acr\u00edlica<\/span>\n\t\t\t\t\t\t\t\t\t\t<span class='product-infos__item'><b>Fabricante:<\/b> 3M<\/span>\n\t\t\t\t\t\t\t\t\t\t<span class='product-infos__item'><b>Precio a la carta<\/b><\/span>\n\t\t\t\t\t<\/div>\n\t<\/div><\/div><\/div><\/a><\/div><\/li>\n<\/ul><\/div><\/div><div class=\"clear\"><\/div><br \/>\n<div  class='avia-button-wrap av-6mvi8-f2b3bf81bf7b6bbaa9ad094a2b24edba-wrap avia-button-left '><a href='https:\/\/cardinal-tapes.com\/es\/cintas-adhesivas-es\/'  class='avia-button av-6mvi8-f2b3bf81bf7b6bbaa9ad094a2b24edba avia-icon_select-no avia-size-medium avia-position-left avia-color-theme-color layout-border color-white'  ><span class='avia_iconbox_title' >Todos los productos<\/span><\/a><\/div><\/p><\/div>\n","protected":false},"excerpt":{"rendered":"","protected":false},"author":1,"featured_media":0,"parent":30847,"menu_order":16,"comment_status":"closed","ping_status":"closed","template":"","meta":{"_acf_changed":false,"footnotes":""},"class_list":["post-31685","page","type-page","status-publish","hentry"],"acf":[],"yoast_head":"<!-- This site is optimized with the Yoast SEO plugin v27.3 - https:\/\/yoast.com\/product\/yoast-seo-wordpress\/ -->\n<title>Cintas adhesivas para el acabado de metales | cardinal TAPES<\/title>\n<meta name=\"description\" content=\"Las cintas adhesivas t\u00e9cnicas se utilizan en muchos \u00e1mbitos de la industria, incluido el acabado de metales. Obtenga m\u00e1s informaci\u00f3n aqu\u00ed.\" \/>\n<meta name=\"robots\" content=\"index, follow, max-snippet:-1, max-image-preview:large, max-video-preview:-1\" \/>\n<link rel=\"canonical\" href=\"https:\/\/cardinal-tapes.com\/es\/cintas-adhesivas-es\/ambitos-de-aplicacion\/acabado-metalico\/\" \/>\n<meta property=\"og:locale\" content=\"es_ES\" \/>\n<meta property=\"og:type\" content=\"article\" \/>\n<meta property=\"og:title\" content=\"Cintas adhesivas para el acabado de metales | cardinal TAPES\" \/>\n<meta property=\"og:description\" content=\"Las cintas adhesivas t\u00e9cnicas se utilizan en muchos \u00e1mbitos de la industria, incluido el acabado de metales. Obtenga m\u00e1s informaci\u00f3n aqu\u00ed.\" \/>\n<meta property=\"og:url\" content=\"https:\/\/cardinal-tapes.com\/es\/cintas-adhesivas-es\/ambitos-de-aplicacion\/acabado-metalico\/\" \/>\n<meta property=\"og:site_name\" content=\"cardinal TAPES\" \/>\n<meta property=\"article:modified_time\" content=\"2023-06-16T14:04:43+00:00\" \/>\n<meta name=\"twitter:card\" content=\"summary_large_image\" \/>\n<meta name=\"twitter:label1\" content=\"Tiempo de lectura\" \/>\n\t<meta name=\"twitter:data1\" content=\"5 minutos\" \/>\n<script type=\"application\/ld+json\" class=\"yoast-schema-graph\">{\"@context\":\"https:\\\/\\\/schema.org\",\"@graph\":[{\"@type\":\"WebPage\",\"@id\":\"https:\\\/\\\/cardinal-tapes.com\\\/es\\\/cintas-adhesivas-es\\\/ambitos-de-aplicacion\\\/acabado-metalico\\\/\",\"url\":\"https:\\\/\\\/cardinal-tapes.com\\\/es\\\/cintas-adhesivas-es\\\/ambitos-de-aplicacion\\\/acabado-metalico\\\/\",\"name\":\"Cintas adhesivas para el acabado de metales | cardinal TAPES\",\"isPartOf\":{\"@id\":\"https:\\\/\\\/cardinal-tapes.com\\\/#website\"},\"datePublished\":\"2023-06-02T08:59:52+00:00\",\"dateModified\":\"2023-06-16T14:04:43+00:00\",\"description\":\"Las cintas adhesivas t\u00e9cnicas se utilizan en muchos \u00e1mbitos de la industria, incluido el acabado de metales. Obtenga m\u00e1s informaci\u00f3n aqu\u00ed.\",\"breadcrumb\":{\"@id\":\"https:\\\/\\\/cardinal-tapes.com\\\/es\\\/cintas-adhesivas-es\\\/ambitos-de-aplicacion\\\/acabado-metalico\\\/#breadcrumb\"},\"inLanguage\":\"es\",\"potentialAction\":[{\"@type\":\"ReadAction\",\"target\":[\"https:\\\/\\\/cardinal-tapes.com\\\/es\\\/cintas-adhesivas-es\\\/ambitos-de-aplicacion\\\/acabado-metalico\\\/\"]}]},{\"@type\":\"BreadcrumbList\",\"@id\":\"https:\\\/\\\/cardinal-tapes.com\\\/es\\\/cintas-adhesivas-es\\\/ambitos-de-aplicacion\\\/acabado-metalico\\\/#breadcrumb\",\"itemListElement\":[{\"@type\":\"ListItem\",\"position\":1,\"name\":\"Startseite\",\"item\":\"https:\\\/\\\/cardinal-tapes.com\\\/es\\\/\"},{\"@type\":\"ListItem\",\"position\":2,\"name\":\"Cintas adhesivas\",\"item\":\"https:\\\/\\\/cardinal-tapes.com\\\/es\\\/cintas-adhesivas-es\\\/\"},{\"@type\":\"ListItem\",\"position\":3,\"name\":\"\u00c1mbitos de aplicaci\u00f3n\",\"item\":\"https:\\\/\\\/cardinal-tapes.com\\\/es\\\/cintas-adhesivas-es__trashed\\\/ambitos-de-aplicacion\\\/\"},{\"@type\":\"ListItem\",\"position\":4,\"name\":\"Acabado met\u00e1lico\"}]},{\"@type\":\"WebSite\",\"@id\":\"https:\\\/\\\/cardinal-tapes.com\\\/#website\",\"url\":\"https:\\\/\\\/cardinal-tapes.com\\\/\",\"name\":\"cardinal TAPES\",\"description\":\"Klebetechnik aus Wuppertal\",\"potentialAction\":[{\"@type\":\"SearchAction\",\"target\":{\"@type\":\"EntryPoint\",\"urlTemplate\":\"https:\\\/\\\/cardinal-tapes.com\\\/?s={search_term_string}\"},\"query-input\":{\"@type\":\"PropertyValueSpecification\",\"valueRequired\":true,\"valueName\":\"search_term_string\"}}],\"inLanguage\":\"es\"}]}<\/script>\n<!-- \/ Yoast SEO plugin. -->","yoast_head_json":{"title":"Cintas adhesivas para el acabado de metales | cardinal TAPES","description":"Las cintas adhesivas t\u00e9cnicas se utilizan en muchos \u00e1mbitos de la industria, incluido el acabado de metales. Obtenga m\u00e1s informaci\u00f3n aqu\u00ed.","robots":{"index":"index","follow":"follow","max-snippet":"max-snippet:-1","max-image-preview":"max-image-preview:large","max-video-preview":"max-video-preview:-1"},"canonical":"https:\/\/cardinal-tapes.com\/es\/cintas-adhesivas-es\/ambitos-de-aplicacion\/acabado-metalico\/","og_locale":"es_ES","og_type":"article","og_title":"Cintas adhesivas para el acabado de metales | cardinal TAPES","og_description":"Las cintas adhesivas t\u00e9cnicas se utilizan en muchos \u00e1mbitos de la industria, incluido el acabado de metales. Obtenga m\u00e1s informaci\u00f3n aqu\u00ed.","og_url":"https:\/\/cardinal-tapes.com\/es\/cintas-adhesivas-es\/ambitos-de-aplicacion\/acabado-metalico\/","og_site_name":"cardinal TAPES","article_modified_time":"2023-06-16T14:04:43+00:00","twitter_card":"summary_large_image","twitter_misc":{"Tiempo de lectura":"5 minutos"},"schema":{"@context":"https:\/\/schema.org","@graph":[{"@type":"WebPage","@id":"https:\/\/cardinal-tapes.com\/es\/cintas-adhesivas-es\/ambitos-de-aplicacion\/acabado-metalico\/","url":"https:\/\/cardinal-tapes.com\/es\/cintas-adhesivas-es\/ambitos-de-aplicacion\/acabado-metalico\/","name":"Cintas adhesivas para el acabado de metales | cardinal TAPES","isPartOf":{"@id":"https:\/\/cardinal-tapes.com\/#website"},"datePublished":"2023-06-02T08:59:52+00:00","dateModified":"2023-06-16T14:04:43+00:00","description":"Las cintas adhesivas t\u00e9cnicas se utilizan en muchos \u00e1mbitos de la industria, incluido el acabado de metales. Obtenga m\u00e1s informaci\u00f3n aqu\u00ed.","breadcrumb":{"@id":"https:\/\/cardinal-tapes.com\/es\/cintas-adhesivas-es\/ambitos-de-aplicacion\/acabado-metalico\/#breadcrumb"},"inLanguage":"es","potentialAction":[{"@type":"ReadAction","target":["https:\/\/cardinal-tapes.com\/es\/cintas-adhesivas-es\/ambitos-de-aplicacion\/acabado-metalico\/"]}]},{"@type":"BreadcrumbList","@id":"https:\/\/cardinal-tapes.com\/es\/cintas-adhesivas-es\/ambitos-de-aplicacion\/acabado-metalico\/#breadcrumb","itemListElement":[{"@type":"ListItem","position":1,"name":"Startseite","item":"https:\/\/cardinal-tapes.com\/es\/"},{"@type":"ListItem","position":2,"name":"Cintas adhesivas","item":"https:\/\/cardinal-tapes.com\/es\/cintas-adhesivas-es\/"},{"@type":"ListItem","position":3,"name":"\u00c1mbitos de aplicaci\u00f3n","item":"https:\/\/cardinal-tapes.com\/es\/cintas-adhesivas-es__trashed\/ambitos-de-aplicacion\/"},{"@type":"ListItem","position":4,"name":"Acabado met\u00e1lico"}]},{"@type":"WebSite","@id":"https:\/\/cardinal-tapes.com\/#website","url":"https:\/\/cardinal-tapes.com\/","name":"cardinal TAPES","description":"Klebetechnik aus Wuppertal","potentialAction":[{"@type":"SearchAction","target":{"@type":"EntryPoint","urlTemplate":"https:\/\/cardinal-tapes.com\/?s={search_term_string}"},"query-input":{"@type":"PropertyValueSpecification","valueRequired":true,"valueName":"search_term_string"}}],"inLanguage":"es"}]}},"_links":{"self":[{"href":"https:\/\/cardinal-tapes.com\/es\/wp-json\/wp\/v2\/pages\/31685","targetHints":{"allow":["GET"]}}],"collection":[{"href":"https:\/\/cardinal-tapes.com\/es\/wp-json\/wp\/v2\/pages"}],"about":[{"href":"https:\/\/cardinal-tapes.com\/es\/wp-json\/wp\/v2\/types\/page"}],"author":[{"embeddable":true,"href":"https:\/\/cardinal-tapes.com\/es\/wp-json\/wp\/v2\/users\/1"}],"replies":[{"embeddable":true,"href":"https:\/\/cardinal-tapes.com\/es\/wp-json\/wp\/v2\/comments?post=31685"}],"version-history":[{"count":0,"href":"https:\/\/cardinal-tapes.com\/es\/wp-json\/wp\/v2\/pages\/31685\/revisions"}],"up":[{"embeddable":true,"href":"https:\/\/cardinal-tapes.com\/es\/wp-json\/wp\/v2\/pages\/30847"}],"wp:attachment":[{"href":"https:\/\/cardinal-tapes.com\/es\/wp-json\/wp\/v2\/media?parent=31685"}],"curies":[{"name":"wp","href":"https:\/\/api.w.org\/{rel}","templated":true}]}}